{"id":38766,"date":"2021-09-02T17:50:09","date_gmt":"2021-09-02T15:50:09","guid":{"rendered":"https:\/\/svetslik.si\/senza-categoria\/arearea-joyousness\/"},"modified":"2026-03-22T21:17:51","modified_gmt":"2026-03-22T20:17:51","slug":"arearea-joyousness","status":"publish","type":"product","link":"https:\/\/svetslik.si\/it\/paul-gauguin\/arearea-joyousness\/","title":{"rendered":"Paul Gauguin &#8211; Arearea (Joyousness) &#8211; The Pastoral of Tahiti"},"content":{"rendered":"<h1>Paul Gauguin &#8211; Arearea (Gioiosit\u00e0) &#8211; <strong>La Pastorale di Tahiti<\/strong><\/h1>\n<p>&nbsp;<\/p>\n<table border=\"0\" width=\"619\" cellspacing=\"0\" cellpadding=\"0\">\n<tr>\n<td id=\"fileinfotpl_art_location\" height=\"21\">Anno di creazione:<\/td>\n<td style=\"width: 439px\">1892<\/td>\n<\/tr>\n<tr>\n<td height=\"21\">Dimensione originale:<\/td>\n<td style=\"width: 439px\">93 cm x 75 cm<\/td>\n<\/tr>\n<tr>\n<td height=\"21\">Stile colore:<\/td>\n<td style=\"width: 439px\">Simbolismo<\/td>\n<\/tr>\n<tr>\n<td height=\"21\">Tecnica originale:<\/td>\n<td style=\"width: 439px\">Olio su tela<\/td>\n<\/tr>\n<tr>\n<td height=\"21\">Situato:<\/td>\n<td style=\"width: 439px\">Orsay, Parigi<\/td>\n<\/tr>\n<\/tbody>\n<colgroup>\n<col \/>\n<col \/> <\/colgroup>\n<\/table>\n<p>&nbsp;<\/p>\n<div>L&#8217;olio su tela <em>Arearea<\/em> \u00e8 tipico dei dipinti di Gauguin, che ha creato durante il suo soggiorno a Tahiti, mentre il mondo dei sogni e la realt\u00e0 si intrecciano.<\/div>\n<div>Nell&#8217;olio su tela <em>Arearea <\/em> sono in primo piano diversi motivi, che senza dubbio provengono dal mondo reale, come appaiono in diversi dipinti di Gauguin di questo periodo. Una scena immaginaria sullo sfondo del dipinto mostra diverse donne che adorano la statua. Gauguin ha ingrandito una statua Maori altrimenti piccola alle dimensioni di Buddha e ha inventato un&#8217;usanza religiosa. Tutti questi elementi nell&#8217;olio su tela formano un mondo magico pieno di armonia e malinconia, in cui l&#8217;uomo, vivendo in un lussuoso ambiente naturale, \u00e8 protetto dalle divinit\u00e0.<\/div>\n<div><\/div>\n<div>Tahiti \u00e8 considerata la casa spirituale di Gauguin e molti dei capolavori classici di Gauguin sono associati o creati a Tahiti. Quest&#8217;opera, &#8220;Pastoral Poem of Tahiti&#8221;, raffigura il paesaggio idilliaco di Tahiti, che \u00e8 onirico e poetico. Due ragazze al lavoro, una sembra appena tornata dal bucato, l&#8217;altra suona la pipa del pastore, gli alberi sono pieni di fiori, il levriero \u00e8 sull&#8217;erba, tutto sembra tranquillo e romantico. Qui Gauguin utilizza una tecnica di resa piatta, il dipinto \u00e8 pieno di esotismo e rivela un&#8217;atmosfera misteriosa, mostrando la semplice bellezza e il fascino decorativo dell&#8217;arte orientale.<\/div>\n<div>\nPaul Gauguin (1848-1903), pittore rappresentativo del post-impressionismo. Gauguin \u00e8 nato a Parigi, figlio di un giornalista e figlia di uno scrittore peruviano. I dipinti di Gauguin sono unici nella storia dell&#8217;arte moderna occidentale per le loro tendenze primitive e simboliche, nonch\u00e9 per il loro stile cosiddetto &#8220;sintesi&#8221;. Gauguin era un marinaio e uomo d&#8217;affari nei suoi primi anni. Nel 1871 venne a Parigi per diventare agente di cambio. Durante questo periodo, sotto l&#8217;influenza del suo amico Schfnack, si interess\u00f2 alla pittura. Nel 1883 Gauguin, che era sempre stato un pittore dilettante, abbandon\u00f2 improvvisamente la sua promettente e invidiabile posizione bancaria e decise di diventare un pittore professionista. All&#8217;epoca aveva 35 anni. All&#8217;inizio era ossessionato dalla pittura impressionista e partecip\u00f2 a diverse mostre di pittura impressionista. Successivamente, spinto dal concetto estetico di simbolismo, lasci\u00f2 l&#8217;impressionismo e si oppose all&#8217;aspirazione artistica impressionista per la ricreazione oggettiva della natura e sostenne la distinzione delle immagini artistiche. L&#8217;immagine oggettiva \u00e8 allo stesso tempo carica di sentimenti soggettivi dell&#8217;artista.<\/div>\n<div><\/div>\n","protected":false},"excerpt":{"rendered":"<p>Paul Gauguin &#8211; Arearea (Gioiosit\u00e0) &#8211; La Pastorale di Tahiti &nbsp; Anno di creazione: 1892 Dimensione originale: 93 cm x 75 cm Stile colore: Simbolismo Tecnica originale: Olio su tela Situato: Orsay, Parigi &nbsp; L&#8217;olio su tela Arearea \u00e8 tipico dei dipinti di Gauguin, che ha creato durante il suo [&hellip;]<\/p>\n","protected":false},"featured_media":34918,"template":"","meta":{"_acf_changed":false},"product_brand":[],"product_cat":[4186],"product_tag":[4219,4246,4245,4253],"class_list":{"0":"post-38766","1":"product","2":"type-product","3":"status-publish","4":"has-post-thumbnail","6":"product_cat-paul-gauguin","7":"product_tag-gaugin-it","8":"product_tag-riproduzione-it","9":"product_tag-riproduzione","10":"product_tag-un-pittore","11":"pa_dimenzija-100-x-80-cm-it","12":"pa_dimenzija-110-x-90-cm-it","13":"pa_dimenzija-120-x-100-cm-it","14":"pa_dimenzija-150-x-120-cm-it","15":"pa_dimenzija-180-x-140-cm-it","16":"pa_dimenzija-70-x-60-cm-it","17":"pa_dimenzija-80-x-70-cm-it","18":"pa_dimenzija-93-x-75-cm-it","19":"pa_oblika-orizzontale","20":"pa_okvir-sensa-cornice","21":"pa_podokvir-no","22":"pa_podokvir-si","24":"first","25":"onbackorder","26":"purchasable","27":"product-type-variable","28":"has-default-attributes"},"acf":[],"yoast_head":"<!-- This site is optimized with the Yoast SEO Premium plugin v26.0 (Yoast SEO v27.2) - https:\/\/yoast.com\/product\/yoast-seo-premium-wordpress\/ -->\n<title>Paul Gauguin - Arearea (Joyousness) - The Pastoral of Tahiti - SVETSLIK.SI - Dipinti a mano al 100%<\/title>\n<meta name=\"description\" content=\"Paul Gauguin - Arearea (Joyousness) - The Pastoral of Tahiti - Riproduzioni di quadri d&#039;arte dipinte a mano al 100% su tela. Cornici per quadri, vendita e produzione di dimensioni su ordinazione.\" \/>\n<meta name=\"robots\" content=\"index, follow, max-snippet:-1, max-image-preview:large, max-video-preview:-1\" \/>\n<link rel=\"canonical\" href=\"https:\/\/svetslik.si\/it\/paul-gauguin\/arearea-joyousness\/\" \/>\n<meta property=\"og:locale\" content=\"it_IT\" \/>\n<meta property=\"og:type\" content=\"article\" \/>\n<meta property=\"og:title\" content=\"Paul Gauguin - Arearea (Joyousness) - The Pastoral of Tahiti\" \/>\n<meta property=\"og:description\" content=\"100% ro\u010dno naslikane slike na platnu, reprodukcije znanih slikarjev in umetni\u0161ke slike po naro\u010dilu.\" \/>\n<meta property=\"og:url\" content=\"https:\/\/svetslik.si\/it\/paul-gauguin\/arearea-joyousness\/\" \/>\n<meta property=\"og:site_name\" content=\"SVETSLIK.SI\" \/>\n<meta property=\"article:publisher\" content=\"https:\/\/www.facebook.com\/svetslik.si\" \/>\n<meta property=\"article:modified_time\" content=\"2026-03-22T20:17:51+00:00\" \/>\n<meta property=\"og:image\" content=\"https:\/\/svetslik.si\/wp-content\/uploads\/2021\/08\/image_Arearea-Joyousness-Paul-Gauguin_680.jpg\" \/>\n\t<meta property=\"og:image:width\" content=\"2024\" \/>\n\t<meta property=\"og:image:height\" content=\"1603\" \/>\n\t<meta property=\"og:image:type\" content=\"image\/jpeg\" \/>\n<meta name=\"twitter:card\" content=\"summary_large_image\" \/>\n<meta name=\"twitter:site\" content=\"@svetslik\" \/>\n<meta name=\"twitter:label1\" content=\"Disponibilit\u00e0\" \/>\n\t<meta name=\"twitter:data1\" content=\"Su ordinazione\" \/>\n<script type=\"application\/ld+json\" class=\"yoast-schema-graph\">{\"@context\":\"https:\/\/schema.org\",\"@graph\":[{\"@type\":[\"WebPage\",\"ItemPage\"],\"@id\":\"https:\/\/svetslik.si\/it\/paul-gauguin\/arearea-joyousness\/\",\"url\":\"https:\/\/svetslik.si\/it\/paul-gauguin\/arearea-joyousness\/\",\"name\":\"Paul Gauguin - Arearea (Joyousness) - The Pastoral of Tahiti - SVETSLIK.SI - Dipinti a mano al 100%\",\"isPartOf\":{\"@id\":\"https:\/\/svetslik.si\/it\/#website\"},\"primaryImageOfPage\":{\"@id\":\"https:\/\/svetslik.si\/it\/paul-gauguin\/arearea-joyousness\/#primaryimage\"},\"image\":{\"@id\":\"https:\/\/svetslik.si\/it\/paul-gauguin\/arearea-joyousness\/#primaryimage\"},\"thumbnailUrl\":\"https:\/\/svetslik.si\/wp-content\/uploads\/2021\/08\/image_Arearea-Joyousness-Paul-Gauguin_680.jpg\",\"datePublished\":\"2021-09-02T15:50:09+00:00\",\"dateModified\":\"2026-03-22T20:17:51+00:00\",\"description\":\"Paul Gauguin - Arearea (Joyousness) - The Pastoral of Tahiti - Riproduzioni di quadri d'arte dipinte a mano al 100% su tela. Cornici per quadri, vendita e produzione di dimensioni su ordinazione.\",\"breadcrumb\":{\"@id\":\"https:\/\/svetslik.si\/it\/paul-gauguin\/arearea-joyousness\/#breadcrumb\"},\"inLanguage\":\"it-IT\",\"potentialAction\":[{\"@type\":\"ReadAction\",\"target\":[\"https:\/\/svetslik.si\/it\/paul-gauguin\/arearea-joyousness\/\"]}]},{\"@type\":\"ImageObject\",\"inLanguage\":\"it-IT\",\"@id\":\"https:\/\/svetslik.si\/it\/paul-gauguin\/arearea-joyousness\/#primaryimage\",\"url\":\"https:\/\/svetslik.si\/wp-content\/uploads\/2021\/08\/image_Arearea-Joyousness-Paul-Gauguin_680.jpg\",\"contentUrl\":\"https:\/\/svetslik.si\/wp-content\/uploads\/2021\/08\/image_Arearea-Joyousness-Paul-Gauguin_680.jpg\",\"width\":2024,\"height\":1603,\"caption\":\"Salvador Dali - Apparato e mano - Riproduzioni di dipinti, quadri dipinti a mano, dipinti murali ad olio su tela, quadri ad olio, quadri d'arte, quadri moderni per pareti, quadri ambientali, quadri astratti, quadri decorativi\"},{\"@type\":\"BreadcrumbList\",\"@id\":\"https:\/\/svetslik.si\/it\/paul-gauguin\/arearea-joyousness\/#breadcrumb\",\"itemListElement\":[{\"@type\":\"ListItem\",\"position\":1,\"name\":\"Fali m\u0171v\u00e9szet \u00e9s festm\u00e9nyek v\u00e1szonra\",\"item\":\"https:\/\/svetslik.si\/it\/\"},{\"@type\":\"ListItem\",\"position\":2,\"name\":\"Vendita di dipinti\",\"item\":\"https:\/\/svetslik.si\/prodaja-slik\/\"},{\"@type\":\"ListItem\",\"position\":3,\"name\":\"Paul Gauguin &#8211; Arearea (Joyousness) &#8211; The Pastoral of Tahiti\"}]},{\"@type\":\"WebSite\",\"@id\":\"https:\/\/svetslik.si\/it\/#website\",\"url\":\"https:\/\/svetslik.si\/it\/\",\"name\":\"SVETSLIK.SI\",\"description\":\"100% riproduzioni dipinte a mano di quadri di pittori famosi e dipinti su tela.\",\"publisher\":{\"@id\":\"https:\/\/svetslik.si\/it\/#organization\"},\"potentialAction\":[{\"@type\":\"SearchAction\",\"target\":{\"@type\":\"EntryPoint\",\"urlTemplate\":\"https:\/\/svetslik.si\/it\/?s={search_term_string}\"},\"query-input\":{\"@type\":\"PropertyValueSpecification\",\"valueRequired\":true,\"valueName\":\"search_term_string\"}}],\"inLanguage\":\"it-IT\"},{\"@type\":\"Organization\",\"@id\":\"https:\/\/svetslik.si\/it\/#organization\",\"name\":\"SvetSlik.si\",\"url\":\"https:\/\/svetslik.si\/it\/\",\"logo\":{\"@type\":\"ImageObject\",\"inLanguage\":\"it-IT\",\"@id\":\"https:\/\/svetslik.si\/it\/#\/schema\/logo\/image\/\",\"url\":\"https:\/\/svetslik.si\/wp-content\/uploads\/2020\/12\/logo-512.png\",\"contentUrl\":\"https:\/\/svetslik.si\/wp-content\/uploads\/2020\/12\/logo-512.png\",\"width\":512,\"height\":512,\"caption\":\"SvetSlik.si\"},\"image\":{\"@id\":\"https:\/\/svetslik.si\/it\/#\/schema\/logo\/image\/\"},\"sameAs\":[\"https:\/\/www.facebook.com\/svetslik.si\",\"https:\/\/x.com\/svetslik\",\"https:\/\/www.instagram.com\/svetslik.si\/\",\"https:\/\/www.linkedin.com\/company\/svetslik-si\"]}]}<\/script>\n<meta property=\"og:availability\" content=\"backorder\" \/>\n<meta property=\"product:availability\" content=\"available for order\" \/>\n<meta property=\"product:retailer_item_id\" content=\"217__\" \/>\n<meta property=\"product:condition\" content=\"new\" \/>\n<!-- \/ Yoast SEO Premium plugin. -->","yoast_head_json":{"title":"Paul Gauguin - Arearea (Joyousness) - The Pastoral of Tahiti - SVETSLIK.SI - Dipinti a mano al 100%","description":"Paul Gauguin - Arearea (Joyousness) - The Pastoral of Tahiti - Riproduzioni di quadri d'arte dipinte a mano al 100% su tela. Cornici per quadri, vendita e produzione di dimensioni su ordinazione.","robots":{"index":"index","follow":"follow","max-snippet":"max-snippet:-1","max-image-preview":"max-image-preview:large","max-video-preview":"max-video-preview:-1"},"canonical":"https:\/\/svetslik.si\/it\/paul-gauguin\/arearea-joyousness\/","og_locale":"it_IT","og_type":"article","og_title":"Paul Gauguin - Arearea (Joyousness) - The Pastoral of Tahiti","og_description":"100% ro\u010dno naslikane slike na platnu, reprodukcije znanih slikarjev in umetni\u0161ke slike po naro\u010dilu.","og_url":"https:\/\/svetslik.si\/it\/paul-gauguin\/arearea-joyousness\/","og_site_name":"SVETSLIK.SI","article_publisher":"https:\/\/www.facebook.com\/svetslik.si","article_modified_time":"2026-03-22T20:17:51+00:00","og_image":[{"width":2024,"height":1603,"url":"https:\/\/svetslik.si\/wp-content\/uploads\/2021\/08\/image_Arearea-Joyousness-Paul-Gauguin_680.jpg","type":"image\/jpeg"}],"twitter_card":"summary_large_image","twitter_site":"@svetslik","twitter_misc":{"Disponibilit\u00e0":"Su ordinazione"},"schema":{"@context":"https:\/\/schema.org","@graph":[{"@type":["WebPage","ItemPage"],"@id":"https:\/\/svetslik.si\/it\/paul-gauguin\/arearea-joyousness\/","url":"https:\/\/svetslik.si\/it\/paul-gauguin\/arearea-joyousness\/","name":"Paul Gauguin - Arearea (Joyousness) - The Pastoral of Tahiti - SVETSLIK.SI - Dipinti a mano al 100%","isPartOf":{"@id":"https:\/\/svetslik.si\/it\/#website"},"primaryImageOfPage":{"@id":"https:\/\/svetslik.si\/it\/paul-gauguin\/arearea-joyousness\/#primaryimage"},"image":{"@id":"https:\/\/svetslik.si\/it\/paul-gauguin\/arearea-joyousness\/#primaryimage"},"thumbnailUrl":"https:\/\/svetslik.si\/wp-content\/uploads\/2021\/08\/image_Arearea-Joyousness-Paul-Gauguin_680.jpg","datePublished":"2021-09-02T15:50:09+00:00","dateModified":"2026-03-22T20:17:51+00:00","description":"Paul Gauguin - Arearea (Joyousness) - The Pastoral of Tahiti - Riproduzioni di quadri d'arte dipinte a mano al 100% su tela. Cornici per quadri, vendita e produzione di dimensioni su ordinazione.","breadcrumb":{"@id":"https:\/\/svetslik.si\/it\/paul-gauguin\/arearea-joyousness\/#breadcrumb"},"inLanguage":"it-IT","potentialAction":[{"@type":"ReadAction","target":["https:\/\/svetslik.si\/it\/paul-gauguin\/arearea-joyousness\/"]}]},{"@type":"ImageObject","inLanguage":"it-IT","@id":"https:\/\/svetslik.si\/it\/paul-gauguin\/arearea-joyousness\/#primaryimage","url":"https:\/\/svetslik.si\/wp-content\/uploads\/2021\/08\/image_Arearea-Joyousness-Paul-Gauguin_680.jpg","contentUrl":"https:\/\/svetslik.si\/wp-content\/uploads\/2021\/08\/image_Arearea-Joyousness-Paul-Gauguin_680.jpg","width":2024,"height":1603,"caption":"Salvador Dali - Apparato e mano - Riproduzioni di dipinti, quadri dipinti a mano, dipinti murali ad olio su tela, quadri ad olio, quadri d'arte, quadri moderni per pareti, quadri ambientali, quadri astratti, quadri decorativi"},{"@type":"BreadcrumbList","@id":"https:\/\/svetslik.si\/it\/paul-gauguin\/arearea-joyousness\/#breadcrumb","itemListElement":[{"@type":"ListItem","position":1,"name":"Fali m\u0171v\u00e9szet \u00e9s festm\u00e9nyek v\u00e1szonra","item":"https:\/\/svetslik.si\/it\/"},{"@type":"ListItem","position":2,"name":"Vendita di dipinti","item":"https:\/\/svetslik.si\/prodaja-slik\/"},{"@type":"ListItem","position":3,"name":"Paul Gauguin &#8211; Arearea (Joyousness) &#8211; The Pastoral of Tahiti"}]},{"@type":"WebSite","@id":"https:\/\/svetslik.si\/it\/#website","url":"https:\/\/svetslik.si\/it\/","name":"SVETSLIK.SI","description":"100% riproduzioni dipinte a mano di quadri di pittori famosi e dipinti su tela.","publisher":{"@id":"https:\/\/svetslik.si\/it\/#organization"},"potentialAction":[{"@type":"SearchAction","target":{"@type":"EntryPoint","urlTemplate":"https:\/\/svetslik.si\/it\/?s={search_term_string}"},"query-input":{"@type":"PropertyValueSpecification","valueRequired":true,"valueName":"search_term_string"}}],"inLanguage":"it-IT"},{"@type":"Organization","@id":"https:\/\/svetslik.si\/it\/#organization","name":"SvetSlik.si","url":"https:\/\/svetslik.si\/it\/","logo":{"@type":"ImageObject","inLanguage":"it-IT","@id":"https:\/\/svetslik.si\/it\/#\/schema\/logo\/image\/","url":"https:\/\/svetslik.si\/wp-content\/uploads\/2020\/12\/logo-512.png","contentUrl":"https:\/\/svetslik.si\/wp-content\/uploads\/2020\/12\/logo-512.png","width":512,"height":512,"caption":"SvetSlik.si"},"image":{"@id":"https:\/\/svetslik.si\/it\/#\/schema\/logo\/image\/"},"sameAs":["https:\/\/www.facebook.com\/svetslik.si","https:\/\/x.com\/svetslik","https:\/\/www.instagram.com\/svetslik.si\/","https:\/\/www.linkedin.com\/company\/svetslik-si"]}]},"og_availability":"backorder","product_availability":"available for order","product_retailer_item_id":"217__","product_condition":"new"},"jetpack_sharing_enabled":true,"_links":{"self":[{"href":"https:\/\/svetslik.si\/it\/wp-json\/wp\/v2\/product\/38766","targetHints":{"allow":["GET"]}}],"collection":[{"href":"https:\/\/svetslik.si\/it\/wp-json\/wp\/v2\/product"}],"about":[{"href":"https:\/\/svetslik.si\/it\/wp-json\/wp\/v2\/types\/product"}],"wp:featuredmedia":[{"embeddable":true,"href":"https:\/\/svetslik.si\/it\/wp-json\/wp\/v2\/media\/34918"}],"wp:attachment":[{"href":"https:\/\/svetslik.si\/it\/wp-json\/wp\/v2\/media?parent=38766"}],"wp:term":[{"taxonomy":"product_brand","embeddable":true,"href":"https:\/\/svetslik.si\/it\/wp-json\/wp\/v2\/product_brand?post=38766"},{"taxonomy":"product_cat","embeddable":true,"href":"https:\/\/svetslik.si\/it\/wp-json\/wp\/v2\/product_cat?post=38766"},{"taxonomy":"product_tag","embeddable":true,"href":"https:\/\/svetslik.si\/it\/wp-json\/wp\/v2\/product_tag?post=38766"}],"curies":[{"name":"wp","href":"https:\/\/api.w.org\/{rel}","templated":true}]}}