{"id":38856,"date":"2021-09-02T17:50:55","date_gmt":"2021-09-02T15:50:55","guid":{"rendered":"https:\/\/svetslik.si\/senza-categoria\/where-do-we-come-from-what-are-we-where-are-we-going\/"},"modified":"2026-03-22T21:19:18","modified_gmt":"2026-03-22T20:19:18","slug":"where-do-we-come-from-what-are-we-where-are-we-going","status":"publish","type":"product","link":"https:\/\/svetslik.si\/it\/paul-gauguin\/where-do-we-come-from-what-are-we-where-are-we-going\/","title":{"rendered":"Paul Gauguin &#8211; Where Do We Come From? What Are We? Where Are We Going?"},"content":{"rendered":"<div class=\"wpb-content-wrapper\">[vc_row css=&#8221;.vc_custom_1640131920483{margin-bottom: 20px !important;}&#8221;][vc_column]\t<div class=\"et-image-235 et-image  full   et_image_link\">\n\t\t<div class=\"et-image-inner \">\n\t\t\t\t\t\t\t<div class=\"et-image-thumb \">\n\t\t\t\t\t<img decoding=\"async\" width=\"2560\" height=\"1537\" src=\"https:\/\/svetslik.si\/wp-content\/uploads\/2021\/09\/20210915_110637-scaled.jpg\" class=\"attachment-full\" alt=\"Paul Gauguin - Da dove veniamo? Chi siamo? Dove andiamo? - Riproduzione su tela a mano di dipinti artistici.\" title=\"Paul Gauguin - Da dove veniamo? Chi siamo? Dove andiamo? - Riproduzione su tela a mano di dipinti artistici.\" srcset=\"https:\/\/svetslik.si\/wp-content\/uploads\/2021\/09\/20210915_110637-scaled.jpg 2560w, https:\/\/svetslik.si\/wp-content\/uploads\/2021\/09\/20210915_110637-600x360.jpg 600w, https:\/\/svetslik.si\/wp-content\/uploads\/2021\/09\/20210915_110637-scaled-1200x720.jpg 1200w, https:\/\/svetslik.si\/wp-content\/uploads\/2021\/09\/20210915_110637-300x180.jpg 300w, https:\/\/svetslik.si\/wp-content\/uploads\/2021\/09\/20210915_110637-1024x615.jpg 1024w, https:\/\/svetslik.si\/wp-content\/uploads\/2021\/09\/20210915_110637-768x461.jpg 768w, https:\/\/svetslik.si\/wp-content\/uploads\/2021\/09\/20210915_110637-1536x922.jpg 1536w, https:\/\/svetslik.si\/wp-content\/uploads\/2021\/09\/20210915_110637-2048x1230.jpg 2048w, https:\/\/svetslik.si\/wp-content\/uploads\/2021\/09\/20210915_110637-150x90.jpg 150w, https:\/\/svetslik.si\/wp-content\/uploads\/2021\/09\/20210915_110637-1320x793.jpg 1320w, https:\/\/svetslik.si\/wp-content\/uploads\/2021\/09\/20210915_110637-900x540.jpg 900w\" sizes=\"(max-width: 2560px) 100vw, 2560px\" \/>\t\t\t\t<\/div>\n\t\t\t\t\t\t\t\t\t\t\t<\/div>\n\t<\/div>\n  [\/vc_column][\/vc_row][vc_row css=&#8221;.vc_custom_1640131920483{margin-bottom: 20px !important;}&#8221;][vc_column]\t<div class=\"et-image-559 et-image  full   et_image_link\">\n\t\t<div class=\"et-image-inner \">\n\t\t\t\t\t\t\t<div class=\"et-image-thumb \">\n\t\t\t\t\t<img decoding=\"async\" width=\"2560\" height=\"1465\" src=\"https:\/\/svetslik.si\/wp-content\/uploads\/2021\/12\/Paul-Gaugin-Where-Do-We-Come-From-What-Are-We-Where-Are-We-Going-slika-na-platnu-scaled.jpg\" class=\"attachment-full\" alt=\"stenska slika na platnu - Paul Gaugin - Where Do We Come From What Are We Where Are We Going\" title=\"stenska slika na platnu - Paul Gaugin - Where Do We Come From What Are We Where Are We Going\" srcset=\"https:\/\/svetslik.si\/wp-content\/uploads\/2021\/12\/Paul-Gaugin-Where-Do-We-Come-From-What-Are-We-Where-Are-We-Going-slika-na-platnu-scaled.jpg 2560w, https:\/\/svetslik.si\/wp-content\/uploads\/2021\/12\/Paul-Gaugin-Where-Do-We-Come-From-What-Are-We-Where-Are-We-Going-slika-na-platnu-600x343.jpg 600w, https:\/\/svetslik.si\/wp-content\/uploads\/2021\/12\/Paul-Gaugin-Where-Do-We-Come-From-What-Are-We-Where-Are-We-Going-slika-na-platnu-scaled-1200x687.jpg 1200w, https:\/\/svetslik.si\/wp-content\/uploads\/2021\/12\/Paul-Gaugin-Where-Do-We-Come-From-What-Are-We-Where-Are-We-Going-slika-na-platnu-300x172.jpg 300w, https:\/\/svetslik.si\/wp-content\/uploads\/2021\/12\/Paul-Gaugin-Where-Do-We-Come-From-What-Are-We-Where-Are-We-Going-slika-na-platnu-1024x586.jpg 1024w, https:\/\/svetslik.si\/wp-content\/uploads\/2021\/12\/Paul-Gaugin-Where-Do-We-Come-From-What-Are-We-Where-Are-We-Going-slika-na-platnu-768x439.jpg 768w, https:\/\/svetslik.si\/wp-content\/uploads\/2021\/12\/Paul-Gaugin-Where-Do-We-Come-From-What-Are-We-Where-Are-We-Going-slika-na-platnu-1536x879.jpg 1536w, https:\/\/svetslik.si\/wp-content\/uploads\/2021\/12\/Paul-Gaugin-Where-Do-We-Come-From-What-Are-We-Where-Are-We-Going-slika-na-platnu-2048x1172.jpg 2048w, https:\/\/svetslik.si\/wp-content\/uploads\/2021\/12\/Paul-Gaugin-Where-Do-We-Come-From-What-Are-We-Where-Are-We-Going-slika-na-platnu-150x86.jpg 150w, https:\/\/svetslik.si\/wp-content\/uploads\/2021\/12\/Paul-Gaugin-Where-Do-We-Come-From-What-Are-We-Where-Are-We-Going-slika-na-platnu-1320x755.jpg 1320w, https:\/\/svetslik.si\/wp-content\/uploads\/2021\/12\/Paul-Gaugin-Where-Do-We-Come-From-What-Are-We-Where-Are-We-Going-slika-na-platnu-900x515.jpg 900w\" sizes=\"(max-width: 2560px) 100vw, 2560px\" \/>\t\t\t\t<\/div>\n\t\t\t\t\t\t\t\t\t\t\t<\/div>\n\t<\/div>\n  [\/vc_column][\/vc_row]\n<h1>Paul Gauguin &#8211; Da dove veniamo? Cosa siamo noi? Dove stiamo andando?<\/h1>\n<p>&nbsp;<\/p>\n<table border=\"0\" width=\"619\" cellspacing=\"0\" cellpadding=\"0\">\n<tbody>\n<tr>\n<td height=\"21\">Anno di creazione:<\/td>\n<td style=\"width: 439px;\">1897<\/td>\n<\/tr>\n<tr>\n<td height=\"21\">Dimensione originale:<\/td>\n<td style=\"width: 439px;\">374,6 cm x 139,1 cm<\/td>\n<\/tr>\n<tr>\n<td height=\"21\">Stile colore:<\/td>\n<td style=\"width: 439px;\">Simbolismo<\/td>\n<\/tr>\n<tr>\n<td height=\"21\">Tecnica originale:<\/td>\n<td style=\"width: 439px;\">Olio su tela<\/td>\n<\/tr>\n<tr>\n<td height=\"21\">Situato:<\/td>\n<td style=\"width: 439px;\">Museo delle Belle Arti, Boston<\/td>\n<\/tr>\n<\/tbody>\n<colgroup>\n<col \/>\n<col \/> <\/colgroup>\n<\/table>\n<p>&nbsp;<\/p>\n<div>\n<p>Olio su tela <em>Da dove veniamo? Cosa siamo noi? Dove stiamo andando?<\/em> \u00e8 uno dei pi\u00f9 importanti dipinti su tela di Gauguin.<\/p>\n<\/div>\n<div>\n<p>Gauguin ha promesso di suicidarsi dopo aver completato questo dipinto, qualcosa che aveva tentato in passato. Secondo l&#8217;autore, l&#8217;olio su tela dovrebbe essere studiato da destra a sinistra, con i tre gruppi principali di figure sulla tela che rappresentano le domande che Gauguin ha aggiunto al dipinto.<\/p>\n<\/div>\n<div>\n<p>Tre donne con un bambino rappresentano l&#8217;inizio della vita; il gruppo al centro simboleggia l&#8217;esistenza degli anni dell&#8217;adolescenza; e nell&#8217;ultimo gruppo sul lato sinistro della tela, l&#8217;artista ha dipinto una donna anziana che sembra rassegnata all&#8217;arrivo imminente della morte ed \u00e8 assorta nei propri pensieri. Ai suoi piedi, uno strano uccello bianco rappresenta l&#8217;insensatezza delle parole. La statuetta blu sullo sfondo rappresenta quello che lo stesso Gauguin defin\u00ec &#8220;l&#8217;altro mondo&#8221;.<\/p>\n<\/div>\n<div>\n<p>Gauguin \u00e8 per l&#8217;olio su tela <strong><em>Da dove veniamo? Cosa siamo noi? Where Are We Going?<\/em><\/strong>ha detto che ha superato tutti i suoi lavori precedenti e che non sarebbe mai stato in grado di dipingere un quadro migliore di questo in futuro.<\/p>\n<\/div>\n<p>\u00c8 un dipinto ad olio di grandi dimensioni pieno di filosofie e, secondo l&#8217;artista stesso, ha completato questo lavoro con il massimo entusiasmo, perch\u00e9 Gauguin era stato precedentemente costretto al suicidio dalla povert\u00e0 e dalla disperazione. Sintetizza in questa composizione le fantasie dei sogni e le sensazioni della vita a Tahiti. La composizione a tre livelli di questo dipinto dispone tre protagonisti da destra a sinistra, un bambino, un giovane che raccoglie frutta e una donna anziana, che alternativamente ci svelano i segreti della nascita, della vita e della morte. \u00c8 un processo che gli esseri umani devono affrontare per tutta la vita, ma \u00e8 anche il riassunto di Gauguin del suo pensiero interiore e la prova che la sua vita non \u00e8 stata sprecata. Il colore del dipinto \u00e8 semplice e pieno di mistero, e la tecnica della trama \u00e8 piena di decorazioni orientali e romanticismo, e l&#8217;interrogazione filosofica del pittore sul significato della vita \u00e8 implicita nelle immagini screziate, belle e sognanti.<\/p>\n<div>\n<p><strong>Paul Gauguin<\/strong> (1848-1903), pittore rappresentativo del post-impressionismo. Gauguin \u00e8 nato a Parigi, figlio di un giornalista e figlia di uno scrittore peruviano. I dipinti di Gauguin sono unici nella storia dell&#8217;arte moderna occidentale per le loro tendenze primitive e simboliche, nonch\u00e9 per il loro stile cosiddetto &#8220;sintesi&#8221;. Gauguin era un marinaio e uomo d&#8217;affari nei suoi primi anni. Nel 1871 venne a Parigi per diventare agente di cambio. Durante questo periodo, sotto l&#8217;influenza del suo amico Schfnack, si interess\u00f2 alla pittura. Nel 1883 Gauguin, che era sempre stato un pittore dilettante, abbandon\u00f2 improvvisamente la sua promettente e invidiabile posizione bancaria e decise di diventare un pittore professionista. All&#8217;epoca aveva 35 anni. All&#8217;inizio era ossessionato dalla pittura impressionista e partecip\u00f2 a diverse mostre di pittura impressionista. Successivamente, quando fu spinto dal concetto estetico di simbolismo, lasci\u00f2 l&#8217;impressionismo e si oppose all&#8217;aspirazione artistica impressionista per la ricreazione oggettiva della natura e sostenne la distinzione delle immagini artistiche. L&#8217;immagine oggettiva \u00e8 allo stesso tempo piena di sentimenti soggettivi dell&#8217;artista.<\/p>\n<\/div>\n<div>\n<p>&nbsp;<\/p>\n<\/div>\n<div><\/div>\n<p>&nbsp;<\/p>\n<\/div>","protected":false},"excerpt":{"rendered":"<p>[vc_row css=&#8221;.vc_custom_1640131920483{margin-bottom: 20px !important;}&#8221;][vc_column][\/vc_column][\/vc_row][vc_row css=&#8221;.vc_custom_1640131920483{margin-bottom: 20px !important;}&#8221;][vc_column][\/vc_column][\/vc_row] Paul Gauguin &#8211; Da dove veniamo? Cosa siamo noi? Dove stiamo andando? &nbsp; Anno di creazione: 1897 Dimensione originale: 374,6 cm x 139,1 cm Stile colore: Simbolismo Tecnica originale: Olio su tela Situato: Museo delle Belle Arti, Boston &nbsp; Olio su tela Da [&hellip;]<\/p>\n","protected":false},"featured_media":35892,"template":"","meta":{"_acf_changed":false},"product_brand":[],"product_cat":[4186],"product_tag":[4219,4246,4245,4253],"class_list":{"0":"post-38856","1":"product","2":"type-product","3":"status-publish","4":"has-post-thumbnail","6":"product_cat-paul-gauguin","7":"product_tag-gaugin-it","8":"product_tag-riproduzione-it","9":"product_tag-riproduzione","10":"product_tag-un-pittore","11":"pa_dimenzija-200-x-75-cm","12":"pa_dimenzija-220-x-80-cm","13":"pa_dimenzija-240-x-90-cm","14":"pa_dimenzija-260-x-100-cm","15":"pa_dimenzija-280-x-105-cm","16":"pa_dimenzija-300-x-110-cm","17":"pa_dimenzija-320-x-120-cm","18":"pa_dimenzija-375-x-139-cm","19":"pa_oblika-orizzontale","20":"pa_okvir-sensa-cornice","21":"pa_podokvir-no","22":"pa_podokvir-si","24":"first","25":"onbackorder","26":"purchasable","27":"product-type-variable","28":"has-default-attributes"},"acf":[],"yoast_head":"<!-- This site is optimized with the Yoast SEO Premium plugin v26.0 (Yoast SEO v27.2) - https:\/\/yoast.com\/product\/yoast-seo-premium-wordpress\/ -->\n<title>Paul Gauguin - Where Do We Come From? What Are We? Where Are We Going? - SVETSLIK.SI - Dipinti a mano al 100%<\/title>\n<meta name=\"description\" content=\"Paul Gauguin - Where Do We Come From? What Are We? Where Are We Going? - Riproduzioni di quadri d&#039;arte dipinte a mano al 100% su tela. Cornici per quadri, vendita e produzione di dimensioni su ordinazione.\" \/>\n<meta name=\"robots\" content=\"index, follow, max-snippet:-1, max-image-preview:large, max-video-preview:-1\" \/>\n<link rel=\"canonical\" href=\"https:\/\/svetslik.si\/it\/paul-gauguin\/where-do-we-come-from-what-are-we-where-are-we-going\/\" \/>\n<meta property=\"og:locale\" content=\"it_IT\" \/>\n<meta property=\"og:type\" content=\"article\" \/>\n<meta property=\"og:title\" content=\"Paul Gauguin - Where Do We Come From? What Are We? Where Are We Going?\" \/>\n<meta property=\"og:description\" content=\"100% ro\u010dno naslikane slike na platnu, reprodukcije znanih slikarjev in umetni\u0161ke slike po naro\u010dilu.\" \/>\n<meta property=\"og:url\" content=\"https:\/\/svetslik.si\/it\/paul-gauguin\/where-do-we-come-from-what-are-we-where-are-we-going\/\" \/>\n<meta property=\"og:site_name\" content=\"SVETSLIK.SI\" \/>\n<meta property=\"article:publisher\" content=\"https:\/\/www.facebook.com\/svetslik.si\" \/>\n<meta property=\"article:modified_time\" content=\"2026-03-22T20:19:18+00:00\" \/>\n<meta property=\"og:image\" content=\"https:\/\/svetslik.si\/wp-content\/uploads\/2021\/08\/image_Where-Do-We-Come-From-What-Are-We-Where-Are-We-Going-Paul-Gauguin_680.jpg\" \/>\n\t<meta property=\"og:image:width\" content=\"2559\" \/>\n\t<meta property=\"og:image:height\" content=\"973\" \/>\n\t<meta property=\"og:image:type\" content=\"image\/jpeg\" \/>\n<meta name=\"twitter:card\" content=\"summary_large_image\" \/>\n<meta name=\"twitter:site\" content=\"@svetslik\" \/>\n<meta name=\"twitter:label1\" content=\"Disponibilit\u00e0\" \/>\n\t<meta name=\"twitter:data1\" content=\"Su ordinazione\" \/>\n<script type=\"application\/ld+json\" class=\"yoast-schema-graph\">{\"@context\":\"https:\/\/schema.org\",\"@graph\":[{\"@type\":[\"WebPage\",\"ItemPage\"],\"@id\":\"https:\/\/svetslik.si\/it\/paul-gauguin\/where-do-we-come-from-what-are-we-where-are-we-going\/\",\"url\":\"https:\/\/svetslik.si\/it\/paul-gauguin\/where-do-we-come-from-what-are-we-where-are-we-going\/\",\"name\":\"Paul Gauguin - Where Do We Come From? What Are We? Where Are We Going? - SVETSLIK.SI - Dipinti a mano al 100%\",\"isPartOf\":{\"@id\":\"https:\/\/svetslik.si\/it\/#website\"},\"primaryImageOfPage\":{\"@id\":\"https:\/\/svetslik.si\/it\/paul-gauguin\/where-do-we-come-from-what-are-we-where-are-we-going\/#primaryimage\"},\"image\":{\"@id\":\"https:\/\/svetslik.si\/it\/paul-gauguin\/where-do-we-come-from-what-are-we-where-are-we-going\/#primaryimage\"},\"thumbnailUrl\":\"https:\/\/svetslik.si\/wp-content\/uploads\/2021\/08\/image_Where-Do-We-Come-From-What-Are-We-Where-Are-We-Going-Paul-Gauguin_680.jpg\",\"datePublished\":\"2021-09-02T15:50:55+00:00\",\"dateModified\":\"2026-03-22T20:19:18+00:00\",\"description\":\"Paul Gauguin - Where Do We Come From? What Are We? Where Are We Going? - Riproduzioni di quadri d'arte dipinte a mano al 100% su tela. Cornici per quadri, vendita e produzione di dimensioni su ordinazione.\",\"breadcrumb\":{\"@id\":\"https:\/\/svetslik.si\/it\/paul-gauguin\/where-do-we-come-from-what-are-we-where-are-we-going\/#breadcrumb\"},\"inLanguage\":\"it-IT\",\"potentialAction\":[{\"@type\":\"ReadAction\",\"target\":[\"https:\/\/svetslik.si\/it\/paul-gauguin\/where-do-we-come-from-what-are-we-where-are-we-going\/\"]}]},{\"@type\":\"ImageObject\",\"inLanguage\":\"it-IT\",\"@id\":\"https:\/\/svetslik.si\/it\/paul-gauguin\/where-do-we-come-from-what-are-we-where-are-we-going\/#primaryimage\",\"url\":\"https:\/\/svetslik.si\/wp-content\/uploads\/2021\/08\/image_Where-Do-We-Come-From-What-Are-We-Where-Are-We-Going-Paul-Gauguin_680.jpg\",\"contentUrl\":\"https:\/\/svetslik.si\/wp-content\/uploads\/2021\/08\/image_Where-Do-We-Come-From-What-Are-We-Where-Are-We-Going-Paul-Gauguin_680.jpg\",\"width\":2559,\"height\":973,\"caption\":\"Paul Gauguin - Da dove veniamo? Chi siamo? Dove andiamo? - Vasilij Kandinski - Croce Bianca Reproduzioni di famosi pittori, quadri moderni, quadri d'arte per parete\"},{\"@type\":\"BreadcrumbList\",\"@id\":\"https:\/\/svetslik.si\/it\/paul-gauguin\/where-do-we-come-from-what-are-we-where-are-we-going\/#breadcrumb\",\"itemListElement\":[{\"@type\":\"ListItem\",\"position\":1,\"name\":\"Fali m\u0171v\u00e9szet \u00e9s festm\u00e9nyek v\u00e1szonra\",\"item\":\"https:\/\/svetslik.si\/it\/\"},{\"@type\":\"ListItem\",\"position\":2,\"name\":\"Vendita di dipinti\",\"item\":\"https:\/\/svetslik.si\/prodaja-slik\/\"},{\"@type\":\"ListItem\",\"position\":3,\"name\":\"Paul Gauguin &#8211; Where Do We Come From? What Are We? Where Are We Going?\"}]},{\"@type\":\"WebSite\",\"@id\":\"https:\/\/svetslik.si\/it\/#website\",\"url\":\"https:\/\/svetslik.si\/it\/\",\"name\":\"SVETSLIK.SI\",\"description\":\"100% riproduzioni dipinte a mano di quadri di pittori famosi e dipinti su tela.\",\"publisher\":{\"@id\":\"https:\/\/svetslik.si\/it\/#organization\"},\"potentialAction\":[{\"@type\":\"SearchAction\",\"target\":{\"@type\":\"EntryPoint\",\"urlTemplate\":\"https:\/\/svetslik.si\/it\/?s={search_term_string}\"},\"query-input\":{\"@type\":\"PropertyValueSpecification\",\"valueRequired\":true,\"valueName\":\"search_term_string\"}}],\"inLanguage\":\"it-IT\"},{\"@type\":\"Organization\",\"@id\":\"https:\/\/svetslik.si\/it\/#organization\",\"name\":\"SvetSlik.si\",\"url\":\"https:\/\/svetslik.si\/it\/\",\"logo\":{\"@type\":\"ImageObject\",\"inLanguage\":\"it-IT\",\"@id\":\"https:\/\/svetslik.si\/it\/#\/schema\/logo\/image\/\",\"url\":\"https:\/\/svetslik.si\/wp-content\/uploads\/2020\/12\/logo-512.png\",\"contentUrl\":\"https:\/\/svetslik.si\/wp-content\/uploads\/2020\/12\/logo-512.png\",\"width\":512,\"height\":512,\"caption\":\"SvetSlik.si\"},\"image\":{\"@id\":\"https:\/\/svetslik.si\/it\/#\/schema\/logo\/image\/\"},\"sameAs\":[\"https:\/\/www.facebook.com\/svetslik.si\",\"https:\/\/x.com\/svetslik\",\"https:\/\/www.instagram.com\/svetslik.si\/\",\"https:\/\/www.linkedin.com\/company\/svetslik-si\"]}]}<\/script>\n<meta property=\"og:availability\" content=\"backorder\" \/>\n<meta property=\"product:availability\" content=\"available for order\" \/>\n<meta property=\"product:retailer_item_id\" content=\"228__\" \/>\n<meta property=\"product:condition\" content=\"new\" \/>\n<!-- \/ Yoast SEO Premium plugin. -->","yoast_head_json":{"title":"Paul Gauguin - Where Do We Come From? What Are We? Where Are We Going? - SVETSLIK.SI - Dipinti a mano al 100%","description":"Paul Gauguin - Where Do We Come From? What Are We? Where Are We Going? - Riproduzioni di quadri d'arte dipinte a mano al 100% su tela. Cornici per quadri, vendita e produzione di dimensioni su ordinazione.","robots":{"index":"index","follow":"follow","max-snippet":"max-snippet:-1","max-image-preview":"max-image-preview:large","max-video-preview":"max-video-preview:-1"},"canonical":"https:\/\/svetslik.si\/it\/paul-gauguin\/where-do-we-come-from-what-are-we-where-are-we-going\/","og_locale":"it_IT","og_type":"article","og_title":"Paul Gauguin - Where Do We Come From? What Are We? Where Are We Going?","og_description":"100% ro\u010dno naslikane slike na platnu, reprodukcije znanih slikarjev in umetni\u0161ke slike po naro\u010dilu.","og_url":"https:\/\/svetslik.si\/it\/paul-gauguin\/where-do-we-come-from-what-are-we-where-are-we-going\/","og_site_name":"SVETSLIK.SI","article_publisher":"https:\/\/www.facebook.com\/svetslik.si","article_modified_time":"2026-03-22T20:19:18+00:00","og_image":[{"width":2559,"height":973,"url":"https:\/\/svetslik.si\/wp-content\/uploads\/2021\/08\/image_Where-Do-We-Come-From-What-Are-We-Where-Are-We-Going-Paul-Gauguin_680.jpg","type":"image\/jpeg"}],"twitter_card":"summary_large_image","twitter_site":"@svetslik","twitter_misc":{"Disponibilit\u00e0":"Su ordinazione"},"schema":{"@context":"https:\/\/schema.org","@graph":[{"@type":["WebPage","ItemPage"],"@id":"https:\/\/svetslik.si\/it\/paul-gauguin\/where-do-we-come-from-what-are-we-where-are-we-going\/","url":"https:\/\/svetslik.si\/it\/paul-gauguin\/where-do-we-come-from-what-are-we-where-are-we-going\/","name":"Paul Gauguin - Where Do We Come From? What Are We? Where Are We Going? - SVETSLIK.SI - Dipinti a mano al 100%","isPartOf":{"@id":"https:\/\/svetslik.si\/it\/#website"},"primaryImageOfPage":{"@id":"https:\/\/svetslik.si\/it\/paul-gauguin\/where-do-we-come-from-what-are-we-where-are-we-going\/#primaryimage"},"image":{"@id":"https:\/\/svetslik.si\/it\/paul-gauguin\/where-do-we-come-from-what-are-we-where-are-we-going\/#primaryimage"},"thumbnailUrl":"https:\/\/svetslik.si\/wp-content\/uploads\/2021\/08\/image_Where-Do-We-Come-From-What-Are-We-Where-Are-We-Going-Paul-Gauguin_680.jpg","datePublished":"2021-09-02T15:50:55+00:00","dateModified":"2026-03-22T20:19:18+00:00","description":"Paul Gauguin - Where Do We Come From? What Are We? Where Are We Going? - Riproduzioni di quadri d'arte dipinte a mano al 100% su tela. Cornici per quadri, vendita e produzione di dimensioni su ordinazione.","breadcrumb":{"@id":"https:\/\/svetslik.si\/it\/paul-gauguin\/where-do-we-come-from-what-are-we-where-are-we-going\/#breadcrumb"},"inLanguage":"it-IT","potentialAction":[{"@type":"ReadAction","target":["https:\/\/svetslik.si\/it\/paul-gauguin\/where-do-we-come-from-what-are-we-where-are-we-going\/"]}]},{"@type":"ImageObject","inLanguage":"it-IT","@id":"https:\/\/svetslik.si\/it\/paul-gauguin\/where-do-we-come-from-what-are-we-where-are-we-going\/#primaryimage","url":"https:\/\/svetslik.si\/wp-content\/uploads\/2021\/08\/image_Where-Do-We-Come-From-What-Are-We-Where-Are-We-Going-Paul-Gauguin_680.jpg","contentUrl":"https:\/\/svetslik.si\/wp-content\/uploads\/2021\/08\/image_Where-Do-We-Come-From-What-Are-We-Where-Are-We-Going-Paul-Gauguin_680.jpg","width":2559,"height":973,"caption":"Paul Gauguin - Da dove veniamo? Chi siamo? Dove andiamo? - Vasilij Kandinski - Croce Bianca Reproduzioni di famosi pittori, quadri moderni, quadri d'arte per parete"},{"@type":"BreadcrumbList","@id":"https:\/\/svetslik.si\/it\/paul-gauguin\/where-do-we-come-from-what-are-we-where-are-we-going\/#breadcrumb","itemListElement":[{"@type":"ListItem","position":1,"name":"Fali m\u0171v\u00e9szet \u00e9s festm\u00e9nyek v\u00e1szonra","item":"https:\/\/svetslik.si\/it\/"},{"@type":"ListItem","position":2,"name":"Vendita di dipinti","item":"https:\/\/svetslik.si\/prodaja-slik\/"},{"@type":"ListItem","position":3,"name":"Paul Gauguin &#8211; Where Do We Come From? What Are We? Where Are We Going?"}]},{"@type":"WebSite","@id":"https:\/\/svetslik.si\/it\/#website","url":"https:\/\/svetslik.si\/it\/","name":"SVETSLIK.SI","description":"100% riproduzioni dipinte a mano di quadri di pittori famosi e dipinti su tela.","publisher":{"@id":"https:\/\/svetslik.si\/it\/#organization"},"potentialAction":[{"@type":"SearchAction","target":{"@type":"EntryPoint","urlTemplate":"https:\/\/svetslik.si\/it\/?s={search_term_string}"},"query-input":{"@type":"PropertyValueSpecification","valueRequired":true,"valueName":"search_term_string"}}],"inLanguage":"it-IT"},{"@type":"Organization","@id":"https:\/\/svetslik.si\/it\/#organization","name":"SvetSlik.si","url":"https:\/\/svetslik.si\/it\/","logo":{"@type":"ImageObject","inLanguage":"it-IT","@id":"https:\/\/svetslik.si\/it\/#\/schema\/logo\/image\/","url":"https:\/\/svetslik.si\/wp-content\/uploads\/2020\/12\/logo-512.png","contentUrl":"https:\/\/svetslik.si\/wp-content\/uploads\/2020\/12\/logo-512.png","width":512,"height":512,"caption":"SvetSlik.si"},"image":{"@id":"https:\/\/svetslik.si\/it\/#\/schema\/logo\/image\/"},"sameAs":["https:\/\/www.facebook.com\/svetslik.si","https:\/\/x.com\/svetslik","https:\/\/www.instagram.com\/svetslik.si\/","https:\/\/www.linkedin.com\/company\/svetslik-si"]}]},"og_availability":"backorder","product_availability":"available for order","product_retailer_item_id":"228__","product_condition":"new"},"jetpack_sharing_enabled":true,"_links":{"self":[{"href":"https:\/\/svetslik.si\/it\/wp-json\/wp\/v2\/product\/38856","targetHints":{"allow":["GET"]}}],"collection":[{"href":"https:\/\/svetslik.si\/it\/wp-json\/wp\/v2\/product"}],"about":[{"href":"https:\/\/svetslik.si\/it\/wp-json\/wp\/v2\/types\/product"}],"wp:featuredmedia":[{"embeddable":true,"href":"https:\/\/svetslik.si\/it\/wp-json\/wp\/v2\/media\/35892"}],"wp:attachment":[{"href":"https:\/\/svetslik.si\/it\/wp-json\/wp\/v2\/media?parent=38856"}],"wp:term":[{"taxonomy":"product_brand","embeddable":true,"href":"https:\/\/svetslik.si\/it\/wp-json\/wp\/v2\/product_brand?post=38856"},{"taxonomy":"product_cat","embeddable":true,"href":"https:\/\/svetslik.si\/it\/wp-json\/wp\/v2\/product_cat?post=38856"},{"taxonomy":"product_tag","embeddable":true,"href":"https:\/\/svetslik.si\/it\/wp-json\/wp\/v2\/product_tag?post=38856"}],"curies":[{"name":"wp","href":"https:\/\/api.w.org\/{rel}","templated":true}]}}