{"id":38892,"date":"2021-09-02T17:51:14","date_gmt":"2021-09-02T15:51:14","guid":{"rendered":"https:\/\/svetslik.si\/senza-categoria\/yellow-christ\/"},"modified":"2026-03-22T21:20:08","modified_gmt":"2026-03-22T20:20:08","slug":"paul-gauguin-cristo-giallo","status":"publish","type":"product","link":"https:\/\/svetslik.si\/it\/quadri-religiose\/paul-gauguin-cristo-giallo\/","title":{"rendered":"Paul Gauguin &#8211; Cristo Giallo"},"content":{"rendered":"<h1>Paul Gauguin &#8211; Cristo giallo<\/h1>\n<p>&nbsp;<\/p>\n<div>\n<table border=\"0\" cellpadding=\"0\" cellspacing=\"0\" style=\"width: 619px\" width=\"619\">\n<tr>\n<td height=\"21\">\n<p>Anno di creazione:<\/td>\n<td style=\"width: 439px\">\n<p>1889<\/td>\n<\/tr>\n<tr>\n<td height=\"21\">\n<p>Dimensioni originali:<\/td>\n<td style=\"width: 439px\">\n<p>73,4 cm x 92,1 cm<\/td>\n<\/tr>\n<tr>\n<td height=\"21\">\n<p>Stile di pittura:<\/td>\n<td style=\"width: 439px\">\n<p>Simbolismo<\/td>\n<\/tr>\n<tr>\n<td height=\"21\">\n<p>Tecnica originale:<\/td>\n<td style=\"width: 439px\">\n<p>Olio su tela<\/td>\n<\/tr>\n<tr>\n<td height=\"21\">\n<p>Situato:<\/td>\n<td style=\"width: 439px\">\n<p>Albright-Knox Art Gallery, Buffalo, USA<\/td>\n<\/tr>\n<\/tbody>\n<colgroup>\n<\/colgroup>\n<\/table>\n<\/div>\n<div>\n<p>&nbsp;<\/p><\/div>\n<div>\n<p>L&#8217;olio su tela <em>Cristo giallo<\/em> fu dipinto da Gauguin nell&#8217;autunno del 1889. Insieme al dipinto <em>Cristo verde<\/em>, rappresenta una delle pi\u00f9 importanti opere di simbolismo nell&#8217;arte della pittura.<\/div>\n<div>\n<p>Si tratta di un&#8217;opera simbolica raffigurante la crocifissione di Cristo nel XIX secolo nel nord della Francia; sotto la croce, le donne bretoni pregano.&nbsp;Per questo olio su tela, Gauguin ha usato tratti forti per rappresentare le figure, usando l&#8217;ombreggiatura solo sulle figure femminili. La tavolozza autunnale di gialli, rossi e verdi del paesaggio corrisponde alle tonalit\u00e0 gialle dominanti utilizzate dal pittore per rappresentare la figura di Cristo. Le linee forti e le forme piatte di questo dipinto sono caratteristiche di uno stile pittorico chiamato <em>cloisonnisme<\/em>.<\/div>\n<div>\n<p>&nbsp;<\/p><\/div>\n","protected":false},"excerpt":{"rendered":"<p>Paul Gauguin &#8211; Cristo giallo &nbsp; Anno di creazione: 1889 Dimensioni originali: 73,4 cm x 92,1 cm Stile di pittura: Simbolismo Tecnica originale: Olio su tela Situato: Albright-Knox Art Gallery, Buffalo, USA &nbsp; L&#8217;olio su tela Cristo giallo fu dipinto da Gauguin nell&#8217;autunno del 1889. Insieme al dipinto Cristo verde, [&hellip;]<\/p>\n","protected":false},"featured_media":35896,"template":"","meta":{"_acf_changed":false},"product_brand":[],"product_cat":[4186,4195],"product_tag":[4219,4245,4246,4253],"class_list":{"0":"post-38892","1":"product","2":"type-product","3":"status-publish","4":"has-post-thumbnail","6":"product_cat-paul-gauguin","7":"product_cat-quadri-religiose","8":"product_tag-gaugin-it","9":"product_tag-riproduzione","10":"product_tag-riproduzione-it","11":"product_tag-un-pittore","12":"pa_dimenzija-100-x-130-cm-it","13":"pa_dimenzija-120-x-150-cm-it","14":"pa_dimenzija-150-x-190-cm-it","15":"pa_dimenzija-50-x-60-cm-it","16":"pa_dimenzija-60-x-75-cm-it","17":"pa_dimenzija-73-x-92-cm-it","18":"pa_dimenzija-80-x-100-cm-it","19":"pa_dimenzija-90-x-110-cm-it","20":"pa_oblika-verticale","21":"pa_okvir-sensa-cornice","22":"pa_podokvir-no","23":"pa_podokvir-si","25":"first","26":"onbackorder","27":"purchasable","28":"product-type-variable","29":"has-default-attributes"},"acf":[],"yoast_head":"<!-- This site is optimized with the Yoast SEO Premium plugin v26.0 (Yoast SEO v27.2) - https:\/\/yoast.com\/product\/yoast-seo-premium-wordpress\/ -->\n<title>Paul Gauguin - Cristo Giallo - SVETSLIK.SI - Dipinti a mano al 100%<\/title>\n<meta name=\"description\" content=\"Paul Gauguin - Cristo Giallo - Riproduzioni di quadri d&#039;arte dipinte a mano al 100% su tela. Cornici per quadri, vendita e produzione di dimensioni su ordinazione.\" \/>\n<meta name=\"robots\" content=\"index, follow, max-snippet:-1, max-image-preview:large, max-video-preview:-1\" \/>\n<link rel=\"canonical\" href=\"https:\/\/svetslik.si\/it\/quadri-religiose\/paul-gauguin-cristo-giallo\/\" \/>\n<meta property=\"og:locale\" content=\"it_IT\" \/>\n<meta property=\"og:type\" content=\"article\" \/>\n<meta property=\"og:title\" content=\"Paul Gauguin - Cristo Giallo\" \/>\n<meta property=\"og:description\" content=\"100% ro\u010dno naslikane slike na platnu, reprodukcije znanih slikarjev in umetni\u0161ke slike po naro\u010dilu.\" \/>\n<meta property=\"og:url\" content=\"https:\/\/svetslik.si\/it\/quadri-religiose\/paul-gauguin-cristo-giallo\/\" \/>\n<meta property=\"og:site_name\" content=\"SVETSLIK.SI\" \/>\n<meta property=\"article:publisher\" content=\"https:\/\/www.facebook.com\/svetslik.si\" \/>\n<meta property=\"article:modified_time\" content=\"2026-03-22T20:20:08+00:00\" \/>\n<meta property=\"og:image\" content=\"https:\/\/svetslik.si\/wp-content\/uploads\/2021\/08\/image_Yellow-Christ-Paul-Gauguin_680.jpg\" \/>\n\t<meta property=\"og:image:width\" content=\"1920\" \/>\n\t<meta property=\"og:image:height\" content=\"2399\" \/>\n\t<meta property=\"og:image:type\" content=\"image\/jpeg\" \/>\n<meta name=\"twitter:card\" content=\"summary_large_image\" \/>\n<meta name=\"twitter:site\" content=\"@svetslik\" \/>\n<meta name=\"twitter:label1\" content=\"Disponibilit\u00e0\" \/>\n\t<meta name=\"twitter:data1\" content=\"Su ordinazione\" \/>\n<script type=\"application\/ld+json\" class=\"yoast-schema-graph\">{\"@context\":\"https:\/\/schema.org\",\"@graph\":[{\"@type\":[\"WebPage\",\"ItemPage\"],\"@id\":\"https:\/\/svetslik.si\/it\/quadri-religiose\/paul-gauguin-cristo-giallo\/\",\"url\":\"https:\/\/svetslik.si\/it\/quadri-religiose\/paul-gauguin-cristo-giallo\/\",\"name\":\"Paul Gauguin - Cristo Giallo - SVETSLIK.SI - Dipinti a mano al 100%\",\"isPartOf\":{\"@id\":\"https:\/\/svetslik.si\/it\/#website\"},\"primaryImageOfPage\":{\"@id\":\"https:\/\/svetslik.si\/it\/quadri-religiose\/paul-gauguin-cristo-giallo\/#primaryimage\"},\"image\":{\"@id\":\"https:\/\/svetslik.si\/it\/quadri-religiose\/paul-gauguin-cristo-giallo\/#primaryimage\"},\"thumbnailUrl\":\"https:\/\/svetslik.si\/wp-content\/uploads\/2021\/08\/image_Yellow-Christ-Paul-Gauguin_680.jpg\",\"datePublished\":\"2021-09-02T15:51:14+00:00\",\"dateModified\":\"2026-03-22T20:20:08+00:00\",\"description\":\"Paul Gauguin - Cristo Giallo - Riproduzioni di quadri d'arte dipinte a mano al 100% su tela. Cornici per quadri, vendita e produzione di dimensioni su ordinazione.\",\"breadcrumb\":{\"@id\":\"https:\/\/svetslik.si\/it\/quadri-religiose\/paul-gauguin-cristo-giallo\/#breadcrumb\"},\"inLanguage\":\"it-IT\",\"potentialAction\":[{\"@type\":\"ReadAction\",\"target\":[\"https:\/\/svetslik.si\/it\/quadri-religiose\/paul-gauguin-cristo-giallo\/\"]}]},{\"@type\":\"ImageObject\",\"inLanguage\":\"it-IT\",\"@id\":\"https:\/\/svetslik.si\/it\/quadri-religiose\/paul-gauguin-cristo-giallo\/#primaryimage\",\"url\":\"https:\/\/svetslik.si\/wp-content\/uploads\/2021\/08\/image_Yellow-Christ-Paul-Gauguin_680.jpg\",\"contentUrl\":\"https:\/\/svetslik.si\/wp-content\/uploads\/2021\/08\/image_Yellow-Christ-Paul-Gauguin_680.jpg\",\"width\":1920,\"height\":2399,\"caption\":\"Yellow-Christ-Paul-Gauguin Riproduzioni di famosi pittori, quadri moderni, quadri d'arte per parete\"},{\"@type\":\"BreadcrumbList\",\"@id\":\"https:\/\/svetslik.si\/it\/quadri-religiose\/paul-gauguin-cristo-giallo\/#breadcrumb\",\"itemListElement\":[{\"@type\":\"ListItem\",\"position\":1,\"name\":\"Fali m\u0171v\u00e9szet \u00e9s festm\u00e9nyek v\u00e1szonra\",\"item\":\"https:\/\/svetslik.si\/it\/\"},{\"@type\":\"ListItem\",\"position\":2,\"name\":\"Vendita di dipinti\",\"item\":\"https:\/\/svetslik.si\/prodaja-slik\/\"},{\"@type\":\"ListItem\",\"position\":3,\"name\":\"Paul Gauguin &#8211; Cristo Giallo\"}]},{\"@type\":\"WebSite\",\"@id\":\"https:\/\/svetslik.si\/it\/#website\",\"url\":\"https:\/\/svetslik.si\/it\/\",\"name\":\"SVETSLIK.SI\",\"description\":\"100% riproduzioni dipinte a mano di quadri di pittori famosi e dipinti su tela.\",\"publisher\":{\"@id\":\"https:\/\/svetslik.si\/it\/#organization\"},\"potentialAction\":[{\"@type\":\"SearchAction\",\"target\":{\"@type\":\"EntryPoint\",\"urlTemplate\":\"https:\/\/svetslik.si\/it\/?s={search_term_string}\"},\"query-input\":{\"@type\":\"PropertyValueSpecification\",\"valueRequired\":true,\"valueName\":\"search_term_string\"}}],\"inLanguage\":\"it-IT\"},{\"@type\":\"Organization\",\"@id\":\"https:\/\/svetslik.si\/it\/#organization\",\"name\":\"SvetSlik.si\",\"url\":\"https:\/\/svetslik.si\/it\/\",\"logo\":{\"@type\":\"ImageObject\",\"inLanguage\":\"it-IT\",\"@id\":\"https:\/\/svetslik.si\/it\/#\/schema\/logo\/image\/\",\"url\":\"https:\/\/svetslik.si\/wp-content\/uploads\/2020\/12\/logo-512.png\",\"contentUrl\":\"https:\/\/svetslik.si\/wp-content\/uploads\/2020\/12\/logo-512.png\",\"width\":512,\"height\":512,\"caption\":\"SvetSlik.si\"},\"image\":{\"@id\":\"https:\/\/svetslik.si\/it\/#\/schema\/logo\/image\/\"},\"sameAs\":[\"https:\/\/www.facebook.com\/svetslik.si\",\"https:\/\/x.com\/svetslik\",\"https:\/\/www.instagram.com\/svetslik.si\/\",\"https:\/\/www.linkedin.com\/company\/svetslik-si\"]}]}<\/script>\n<meta property=\"og:availability\" content=\"backorder\" \/>\n<meta property=\"product:availability\" content=\"available for order\" \/>\n<meta property=\"product:retailer_item_id\" content=\"232__\" \/>\n<meta property=\"product:condition\" content=\"new\" \/>\n<!-- \/ Yoast SEO Premium plugin. -->","yoast_head_json":{"title":"Paul Gauguin - Cristo Giallo - SVETSLIK.SI - Dipinti a mano al 100%","description":"Paul Gauguin - Cristo Giallo - Riproduzioni di quadri d'arte dipinte a mano al 100% su tela. Cornici per quadri, vendita e produzione di dimensioni su ordinazione.","robots":{"index":"index","follow":"follow","max-snippet":"max-snippet:-1","max-image-preview":"max-image-preview:large","max-video-preview":"max-video-preview:-1"},"canonical":"https:\/\/svetslik.si\/it\/quadri-religiose\/paul-gauguin-cristo-giallo\/","og_locale":"it_IT","og_type":"article","og_title":"Paul Gauguin - Cristo Giallo","og_description":"100% ro\u010dno naslikane slike na platnu, reprodukcije znanih slikarjev in umetni\u0161ke slike po naro\u010dilu.","og_url":"https:\/\/svetslik.si\/it\/quadri-religiose\/paul-gauguin-cristo-giallo\/","og_site_name":"SVETSLIK.SI","article_publisher":"https:\/\/www.facebook.com\/svetslik.si","article_modified_time":"2026-03-22T20:20:08+00:00","og_image":[{"width":1920,"height":2399,"url":"https:\/\/svetslik.si\/wp-content\/uploads\/2021\/08\/image_Yellow-Christ-Paul-Gauguin_680.jpg","type":"image\/jpeg"}],"twitter_card":"summary_large_image","twitter_site":"@svetslik","twitter_misc":{"Disponibilit\u00e0":"Su ordinazione"},"schema":{"@context":"https:\/\/schema.org","@graph":[{"@type":["WebPage","ItemPage"],"@id":"https:\/\/svetslik.si\/it\/quadri-religiose\/paul-gauguin-cristo-giallo\/","url":"https:\/\/svetslik.si\/it\/quadri-religiose\/paul-gauguin-cristo-giallo\/","name":"Paul Gauguin - Cristo Giallo - SVETSLIK.SI - Dipinti a mano al 100%","isPartOf":{"@id":"https:\/\/svetslik.si\/it\/#website"},"primaryImageOfPage":{"@id":"https:\/\/svetslik.si\/it\/quadri-religiose\/paul-gauguin-cristo-giallo\/#primaryimage"},"image":{"@id":"https:\/\/svetslik.si\/it\/quadri-religiose\/paul-gauguin-cristo-giallo\/#primaryimage"},"thumbnailUrl":"https:\/\/svetslik.si\/wp-content\/uploads\/2021\/08\/image_Yellow-Christ-Paul-Gauguin_680.jpg","datePublished":"2021-09-02T15:51:14+00:00","dateModified":"2026-03-22T20:20:08+00:00","description":"Paul Gauguin - Cristo Giallo - Riproduzioni di quadri d'arte dipinte a mano al 100% su tela. Cornici per quadri, vendita e produzione di dimensioni su ordinazione.","breadcrumb":{"@id":"https:\/\/svetslik.si\/it\/quadri-religiose\/paul-gauguin-cristo-giallo\/#breadcrumb"},"inLanguage":"it-IT","potentialAction":[{"@type":"ReadAction","target":["https:\/\/svetslik.si\/it\/quadri-religiose\/paul-gauguin-cristo-giallo\/"]}]},{"@type":"ImageObject","inLanguage":"it-IT","@id":"https:\/\/svetslik.si\/it\/quadri-religiose\/paul-gauguin-cristo-giallo\/#primaryimage","url":"https:\/\/svetslik.si\/wp-content\/uploads\/2021\/08\/image_Yellow-Christ-Paul-Gauguin_680.jpg","contentUrl":"https:\/\/svetslik.si\/wp-content\/uploads\/2021\/08\/image_Yellow-Christ-Paul-Gauguin_680.jpg","width":1920,"height":2399,"caption":"Yellow-Christ-Paul-Gauguin Riproduzioni di famosi pittori, quadri moderni, quadri d'arte per parete"},{"@type":"BreadcrumbList","@id":"https:\/\/svetslik.si\/it\/quadri-religiose\/paul-gauguin-cristo-giallo\/#breadcrumb","itemListElement":[{"@type":"ListItem","position":1,"name":"Fali m\u0171v\u00e9szet \u00e9s festm\u00e9nyek v\u00e1szonra","item":"https:\/\/svetslik.si\/it\/"},{"@type":"ListItem","position":2,"name":"Vendita di dipinti","item":"https:\/\/svetslik.si\/prodaja-slik\/"},{"@type":"ListItem","position":3,"name":"Paul Gauguin &#8211; Cristo Giallo"}]},{"@type":"WebSite","@id":"https:\/\/svetslik.si\/it\/#website","url":"https:\/\/svetslik.si\/it\/","name":"SVETSLIK.SI","description":"100% riproduzioni dipinte a mano di quadri di pittori famosi e dipinti su tela.","publisher":{"@id":"https:\/\/svetslik.si\/it\/#organization"},"potentialAction":[{"@type":"SearchAction","target":{"@type":"EntryPoint","urlTemplate":"https:\/\/svetslik.si\/it\/?s={search_term_string}"},"query-input":{"@type":"PropertyValueSpecification","valueRequired":true,"valueName":"search_term_string"}}],"inLanguage":"it-IT"},{"@type":"Organization","@id":"https:\/\/svetslik.si\/it\/#organization","name":"SvetSlik.si","url":"https:\/\/svetslik.si\/it\/","logo":{"@type":"ImageObject","inLanguage":"it-IT","@id":"https:\/\/svetslik.si\/it\/#\/schema\/logo\/image\/","url":"https:\/\/svetslik.si\/wp-content\/uploads\/2020\/12\/logo-512.png","contentUrl":"https:\/\/svetslik.si\/wp-content\/uploads\/2020\/12\/logo-512.png","width":512,"height":512,"caption":"SvetSlik.si"},"image":{"@id":"https:\/\/svetslik.si\/it\/#\/schema\/logo\/image\/"},"sameAs":["https:\/\/www.facebook.com\/svetslik.si","https:\/\/x.com\/svetslik","https:\/\/www.instagram.com\/svetslik.si\/","https:\/\/www.linkedin.com\/company\/svetslik-si"]}]},"og_availability":"backorder","product_availability":"available for order","product_retailer_item_id":"232__","product_condition":"new"},"jetpack_sharing_enabled":true,"_links":{"self":[{"href":"https:\/\/svetslik.si\/it\/wp-json\/wp\/v2\/product\/38892","targetHints":{"allow":["GET"]}}],"collection":[{"href":"https:\/\/svetslik.si\/it\/wp-json\/wp\/v2\/product"}],"about":[{"href":"https:\/\/svetslik.si\/it\/wp-json\/wp\/v2\/types\/product"}],"wp:featuredmedia":[{"embeddable":true,"href":"https:\/\/svetslik.si\/it\/wp-json\/wp\/v2\/media\/35896"}],"wp:attachment":[{"href":"https:\/\/svetslik.si\/it\/wp-json\/wp\/v2\/media?parent=38892"}],"wp:term":[{"taxonomy":"product_brand","embeddable":true,"href":"https:\/\/svetslik.si\/it\/wp-json\/wp\/v2\/product_brand?post=38892"},{"taxonomy":"product_cat","embeddable":true,"href":"https:\/\/svetslik.si\/it\/wp-json\/wp\/v2\/product_cat?post=38892"},{"taxonomy":"product_tag","embeddable":true,"href":"https:\/\/svetslik.si\/it\/wp-json\/wp\/v2\/product_tag?post=38892"}],"curies":[{"name":"wp","href":"https:\/\/api.w.org\/{rel}","templated":true}]}}