{"id":38917,"date":"2021-09-02T17:51:34","date_gmt":"2021-09-02T15:51:34","guid":{"rendered":"https:\/\/svetslik.si\/senza-categoria\/emilie-floge\/"},"modified":"2026-03-22T21:20:49","modified_gmt":"2026-03-22T20:20:49","slug":"emilie-floge","status":"publish","type":"product","link":"https:\/\/svetslik.si\/it\/gustav-klimt\/emilie-floge\/","title":{"rendered":"Gustav Klimt &#8211; Emilie Fl\u00f6ge"},"content":{"rendered":"<h1>Gustav Klimt \u2013 Emilie Fl\u00f6ge<\/h1>\n<p>\u00a0<\/p>\n<table id=\"imageinfo\" border=\"0\" width=\"96%\" cellspacing=\"0\" cellpadding=\"2\">\n<tr>\n<td width=\"120\">Anno di creazione:<\/td>\n<td>1902<\/td>\n<\/tr>\n<tr>\n<td>Dimensione originale:<\/td>\n<td>66,5 x 181 cm<\/td>\n<\/tr>\n<tr>\n<td>Stile di pittura:<\/td>\n<td>Secessione<\/td>\n<\/tr>\n<tr>\n<td>Tecnica originale:<\/td>\n<td>Olio su tela<\/td>\n<\/tr>\n<tr>\n<td>Situato:<\/td>\n<td>Museo di Storia dell\u2019Arte di Vienna<\/td>\n<\/tr>\n<\/tbody>\n<\/table>\n<p>\u00a0<\/p>\n<p>Gustav Klimt era coinvolto con molte donne e la sua migliore amica era Emilia Fl\u00f6ge, la sorella della moglie di suo fratello. Alcuni paragonano la loro relazione al mito di Osiride e Iside, e si discute ancora se fossero anche amanti. Quando Emilia conobbe Klimt, lei aveva 17 anni e il pittore 29. Entrambi amavano i vestiti interessanti; molto probabilmente ha disegnato la famosa veste pittorica di Klimt, molto simile alle tuniche degli antichi egizi, in cui dipingeva nei suoi studi a Vienna; e l\u2019ha ritratta in diversi dipinti in costumi che erano una sua creazione.<\/p>\n<p>Il dipinto di Gustav Klimt \u201cEmilie Fl\u00f6ge\u201d \u00e8 un capolavoro del movimento Art Nouveau e una delle opere pi\u00f9 famose e riconoscibili del pittore austriaco. Il dipinto rappresenta la bellezza delle curve femminili ed Emilie Fl\u00f6ge, una delle muse pi\u00f9 importanti di Klimt.<\/p>\n<p>\u201cEmilie Fl\u00f6ge\u201d \u00e8 un dipinto ad olio su tela che misura circa 100 cm x 100 cm. Mostra un\u2019Emilie Fl\u00f6ge elegantemente vestita e ingioiellata seduta su una sedia con uno sfondo decorativo. Il dipinto \u00e8 caratterizzato da un uso audace del colore e da un senso unico di movimento ed emozione. La donna \u00e8 dipinta nei toni del bianco, dell\u2019oro e dell\u2019argento, e lo sfondo nei toni del blu e del viola, che conferiscono al dipinto un senso di profondit\u00e0 e movimento. Questo dipinto presenta anche l\u2019uso della foglia d\u2019oro, che Klimt ha utilizzato in molte delle sue opere.<\/p>\n<p>Il dipinto rappresenta la bellezza delle curve femminili ed Emilie Fl\u00f6ge, che fu una delle muse pi\u00f9 importanti di Klimt. L\u2019abbigliamento elegante, i gioielli e l\u2019uso della foglia d\u2019oro sono simboli di ricchezza e prosperit\u00e0. La carta da parati, con i suoi intricati motivi geometrici, rappresenta l\u2019armonia e l\u2019ordine nell\u2019universo. Il dipinto evoca sentimenti di bellezza, eleganza e prosperit\u00e0, che sono le caratteristiche dell\u2019arte di Klimt.<\/p>\n<p>Il dipinto di Klimt \u201cEmilie Fl\u00f6ge\u201d \u00e8 un capolavoro del movimento Art Nouveau ed \u00e8 considerato una delle opere pi\u00f9 iconiche dell\u2019artista. \u00c8 una rappresentazione della bellezza delle curve femminili e di Emilie Fl\u00f6ge, una delle muse pi\u00f9 importanti di Klimt. Il dipinto \u00e8 un must per gli amanti dell\u2019arte e una grande aggiunta a qualsiasi collezione d\u2019arte.<\/p>\n<p>Emilie Fl\u00f6ge non era solo la musa ispiratrice di Klimt, ma anche la sua compagna e stilista. Era conosciuta per il suo senso della moda all\u2019avanguardia e la sua influenza pu\u00f2 essere vista negli abiti e nei gioielli eleganti raffigurati nel dipinto. Lei e Klimt hanno avuto uno stretto rapporto per pi\u00f9 di 20 anni ed \u00e8 stata una figura importante nella scena artistica viennese.<\/p>\n<p>Il dipinto di Gustav Klimt \u201cEmilie Fl\u00f6ge\u201d \u00e8 un capolavoro del movimento Art Nouveau, una delle opere pi\u00f9 famose e riconoscibili del pittore austriaco. \u00c8 una rappresentazione della bellezza delle curve femminili e di Emilie Fl\u00f6ge, una delle muse pi\u00f9 importanti di Klimt. Il dipinto evoca sentimenti di bellezza, eleganza e prosperit\u00e0 ed \u00e8 una grande aggiunta a qualsiasi stanza che abbia bisogno di un tocco di lusso. Il dipinto serve anche a ricordare l\u2019importante ruolo svolto dalle muse nella vita degli artisti e l\u2019influenza che hanno avuto sulla loro arte. \u00c8 un ottimo modo per apprezzare la bellezza della forma femminile e l\u2019influenza di Emilie Fl\u00f6ge sull\u2019arte di Klimt.<\/p>\n<p>\u00a0<\/p>\n","protected":false},"excerpt":{"rendered":"<p>Gustav Klimt \u2013 Emilie Fl\u00f6ge \u00a0 Anno di creazione: 1902 Dimensione originale: 66,5 x 181 cm Stile di pittura: Secessione Tecnica originale: Olio su tela Situato: Museo di Storia dell\u2019Arte di Vienna \u00a0 Gustav Klimt era coinvolto con molte donne e la sua migliore amica era Emilia Fl\u00f6ge, la sorella [&hellip;]<\/p>\n","protected":false},"featured_media":35137,"template":"","meta":{"_acf_changed":false},"product_brand":[],"product_cat":[4182],"product_tag":[4220,4224,4245,4246,4253],"class_list":{"0":"post-38917","1":"product","2":"type-product","3":"status-publish","4":"has-post-thumbnail","6":"product_cat-gustav-klimt","7":"product_tag-gustav-klimt-it","8":"product_tag-klimt-it","9":"product_tag-riproduzione","10":"product_tag-riproduzione-it","11":"product_tag-un-pittore","12":"pa_dimenzija-100-x-270-cm","13":"pa_dimenzija-20-x-50-cm","14":"pa_dimenzija-30-x-80-cm","15":"pa_dimenzija-40-x-110-cm","16":"pa_dimenzija-50-x-130-cm","17":"pa_dimenzija-67-x-181-cm","18":"pa_dimenzija-80-x-220-cm","19":"pa_oblika-verticale","20":"pa_okvir-sensa-cornice","21":"pa_podokvir-no","22":"pa_podokvir-si","24":"first","25":"onbackorder","26":"purchasable","27":"product-type-variable","28":"has-default-attributes"},"acf":[],"yoast_head":"<!-- This site is optimized with the Yoast SEO Premium plugin v26.0 (Yoast SEO v27.5) - https:\/\/yoast.com\/product\/yoast-seo-premium-wordpress\/ -->\n<title>Gustav Klimt - Emilie Fl\u00f6ge - SVETSLIK.SI - Dipinti a mano al 100%<\/title>\n<meta name=\"description\" content=\"Gustav Klimt - Emilie Fl\u00f6ge - Riproduzioni di quadri d&#039;arte dipinte a mano al 100% su tela. Cornici per quadri, vendita e produzione di dimensioni su ordinazione.\" \/>\n<meta name=\"robots\" content=\"index, follow, max-snippet:-1, max-image-preview:large, max-video-preview:-1\" \/>\n<link rel=\"canonical\" href=\"https:\/\/svetslik.si\/it\/gustav-klimt\/emilie-floge\/\" \/>\n<meta property=\"og:locale\" content=\"it_IT\" \/>\n<meta property=\"og:type\" content=\"article\" \/>\n<meta property=\"og:title\" content=\"Gustav Klimt - Emilie Fl\u00f6ge\" \/>\n<meta property=\"og:description\" content=\"100% ro\u010dno naslikane slike na platnu, reprodukcije znanih slikarjev in umetni\u0161ke slike po naro\u010dilu.\" \/>\n<meta property=\"og:url\" content=\"https:\/\/svetslik.si\/it\/gustav-klimt\/emilie-floge\/\" \/>\n<meta property=\"og:site_name\" content=\"SVETSLIK.SI\" \/>\n<meta property=\"article:publisher\" content=\"https:\/\/www.facebook.com\/svetslik.si\" \/>\n<meta property=\"article:modified_time\" content=\"2026-03-22T20:20:49+00:00\" \/>\n<meta property=\"og:image\" content=\"https:\/\/svetslik.si\/wp-content\/uploads\/2021\/08\/image_Emilie-Floge-Gustav-Klimt_680.jpg\" \/>\n\t<meta property=\"og:image:width\" content=\"1024\" \/>\n\t<meta property=\"og:image:height\" content=\"2317\" \/>\n\t<meta property=\"og:image:type\" content=\"image\/jpeg\" \/>\n<meta name=\"twitter:card\" content=\"summary_large_image\" \/>\n<meta name=\"twitter:site\" content=\"@svetslik\" \/>\n<meta name=\"twitter:label1\" content=\"Disponibilit\u00e0\" \/>\n\t<meta name=\"twitter:data1\" content=\"Su ordinazione\" \/>\n<script type=\"application\/ld+json\" class=\"yoast-schema-graph\">{\"@context\":\"https:\\\/\\\/schema.org\",\"@graph\":[{\"@type\":[\"WebPage\",\"ItemPage\"],\"@id\":\"https:\\\/\\\/svetslik.si\\\/it\\\/gustav-klimt\\\/emilie-floge\\\/\",\"url\":\"https:\\\/\\\/svetslik.si\\\/it\\\/gustav-klimt\\\/emilie-floge\\\/\",\"name\":\"Gustav Klimt - Emilie Fl\u00f6ge - SVETSLIK.SI - Dipinti a mano al 100%\",\"isPartOf\":{\"@id\":\"https:\\\/\\\/svetslik.si\\\/it\\\/#website\"},\"primaryImageOfPage\":{\"@id\":\"https:\\\/\\\/svetslik.si\\\/it\\\/gustav-klimt\\\/emilie-floge\\\/#primaryimage\"},\"image\":{\"@id\":\"https:\\\/\\\/svetslik.si\\\/it\\\/gustav-klimt\\\/emilie-floge\\\/#primaryimage\"},\"thumbnailUrl\":\"https:\\\/\\\/svetslik.si\\\/wp-content\\\/uploads\\\/2021\\\/08\\\/image_Emilie-Floge-Gustav-Klimt_680.jpg\",\"datePublished\":\"2021-09-02T15:51:34+00:00\",\"dateModified\":\"2026-03-22T20:20:49+00:00\",\"description\":\"Gustav Klimt - Emilie Fl\u00f6ge - Riproduzioni di quadri d'arte dipinte a mano al 100% su tela. Cornici per quadri, vendita e produzione di dimensioni su ordinazione.\",\"breadcrumb\":{\"@id\":\"https:\\\/\\\/svetslik.si\\\/it\\\/gustav-klimt\\\/emilie-floge\\\/#breadcrumb\"},\"inLanguage\":\"it-IT\",\"potentialAction\":[{\"@type\":\"ReadAction\",\"target\":[\"https:\\\/\\\/svetslik.si\\\/it\\\/gustav-klimt\\\/emilie-floge\\\/\"]}]},{\"@type\":\"ImageObject\",\"inLanguage\":\"it-IT\",\"@id\":\"https:\\\/\\\/svetslik.si\\\/it\\\/gustav-klimt\\\/emilie-floge\\\/#primaryimage\",\"url\":\"https:\\\/\\\/svetslik.si\\\/wp-content\\\/uploads\\\/2021\\\/08\\\/image_Emilie-Floge-Gustav-Klimt_680.jpg\",\"contentUrl\":\"https:\\\/\\\/svetslik.si\\\/wp-content\\\/uploads\\\/2021\\\/08\\\/image_Emilie-Floge-Gustav-Klimt_680.jpg\",\"width\":1024,\"height\":2317,\"caption\":\"Quadri riproduzioni Gustav Klimt - Emilie Fl\u00f6ge - Sopra la mano dipinte quadri murali, olio su tela, quadri ad olio, quadri murali moderni, quadri artistici per pareti, ambientali, astratti, quadri murali decorativi\"},{\"@type\":\"BreadcrumbList\",\"@id\":\"https:\\\/\\\/svetslik.si\\\/it\\\/gustav-klimt\\\/emilie-floge\\\/#breadcrumb\",\"itemListElement\":[{\"@type\":\"ListItem\",\"position\":1,\"name\":\"Fali m\u0171v\u00e9szet \u00e9s festm\u00e9nyek v\u00e1szonra\",\"item\":\"https:\\\/\\\/svetslik.si\\\/it\\\/\"},{\"@type\":\"ListItem\",\"position\":2,\"name\":\"Vendita di dipinti\",\"item\":\"https:\\\/\\\/svetslik.si\\\/prodaja-slik\\\/\"},{\"@type\":\"ListItem\",\"position\":3,\"name\":\"Gustav Klimt &#8211; Emilie Fl\u00f6ge\"}]},{\"@type\":\"WebSite\",\"@id\":\"https:\\\/\\\/svetslik.si\\\/it\\\/#website\",\"url\":\"https:\\\/\\\/svetslik.si\\\/it\\\/\",\"name\":\"SVETSLIK.SI\",\"description\":\"100% riproduzioni dipinte a mano di quadri di pittori famosi e dipinti su tela.\",\"publisher\":{\"@id\":\"https:\\\/\\\/svetslik.si\\\/it\\\/#organization\"},\"potentialAction\":[{\"@type\":\"SearchAction\",\"target\":{\"@type\":\"EntryPoint\",\"urlTemplate\":\"https:\\\/\\\/svetslik.si\\\/it\\\/?s={search_term_string}\"},\"query-input\":{\"@type\":\"PropertyValueSpecification\",\"valueRequired\":true,\"valueName\":\"search_term_string\"}}],\"inLanguage\":\"it-IT\"},{\"@type\":\"Organization\",\"@id\":\"https:\\\/\\\/svetslik.si\\\/it\\\/#organization\",\"name\":\"SvetSlik.si\",\"url\":\"https:\\\/\\\/svetslik.si\\\/it\\\/\",\"logo\":{\"@type\":\"ImageObject\",\"inLanguage\":\"it-IT\",\"@id\":\"https:\\\/\\\/svetslik.si\\\/it\\\/#\\\/schema\\\/logo\\\/image\\\/\",\"url\":\"https:\\\/\\\/svetslik.si\\\/wp-content\\\/uploads\\\/2020\\\/12\\\/logo-512.png\",\"contentUrl\":\"https:\\\/\\\/svetslik.si\\\/wp-content\\\/uploads\\\/2020\\\/12\\\/logo-512.png\",\"width\":512,\"height\":512,\"caption\":\"SvetSlik.si\"},\"image\":{\"@id\":\"https:\\\/\\\/svetslik.si\\\/it\\\/#\\\/schema\\\/logo\\\/image\\\/\"},\"sameAs\":[\"https:\\\/\\\/www.facebook.com\\\/svetslik.si\",\"https:\\\/\\\/x.com\\\/svetslik\",\"https:\\\/\\\/www.instagram.com\\\/svetslik.si\\\/\",\"https:\\\/\\\/www.linkedin.com\\\/company\\\/svetslik-si\"]}]}<\/script>\n<meta property=\"og:availability\" content=\"backorder\" \/>\n<meta property=\"product:availability\" content=\"available for order\" \/>\n<meta property=\"product:retailer_item_id\" content=\"236__\" \/>\n<meta property=\"product:condition\" content=\"new\" \/>\n<!-- \/ Yoast SEO Premium plugin. -->","yoast_head_json":{"title":"Gustav Klimt - Emilie Fl\u00f6ge - SVETSLIK.SI - Dipinti a mano al 100%","description":"Gustav Klimt - Emilie Fl\u00f6ge - Riproduzioni di quadri d'arte dipinte a mano al 100% su tela. Cornici per quadri, vendita e produzione di dimensioni su ordinazione.","robots":{"index":"index","follow":"follow","max-snippet":"max-snippet:-1","max-image-preview":"max-image-preview:large","max-video-preview":"max-video-preview:-1"},"canonical":"https:\/\/svetslik.si\/it\/gustav-klimt\/emilie-floge\/","og_locale":"it_IT","og_type":"article","og_title":"Gustav Klimt - Emilie Fl\u00f6ge","og_description":"100% ro\u010dno naslikane slike na platnu, reprodukcije znanih slikarjev in umetni\u0161ke slike po naro\u010dilu.","og_url":"https:\/\/svetslik.si\/it\/gustav-klimt\/emilie-floge\/","og_site_name":"SVETSLIK.SI","article_publisher":"https:\/\/www.facebook.com\/svetslik.si","article_modified_time":"2026-03-22T20:20:49+00:00","og_image":[{"width":1024,"height":2317,"url":"https:\/\/svetslik.si\/wp-content\/uploads\/2021\/08\/image_Emilie-Floge-Gustav-Klimt_680.jpg","type":"image\/jpeg"}],"twitter_card":"summary_large_image","twitter_site":"@svetslik","twitter_misc":{"Disponibilit\u00e0":"Su ordinazione"},"schema":{"@context":"https:\/\/schema.org","@graph":[{"@type":["WebPage","ItemPage"],"@id":"https:\/\/svetslik.si\/it\/gustav-klimt\/emilie-floge\/","url":"https:\/\/svetslik.si\/it\/gustav-klimt\/emilie-floge\/","name":"Gustav Klimt - Emilie Fl\u00f6ge - SVETSLIK.SI - Dipinti a mano al 100%","isPartOf":{"@id":"https:\/\/svetslik.si\/it\/#website"},"primaryImageOfPage":{"@id":"https:\/\/svetslik.si\/it\/gustav-klimt\/emilie-floge\/#primaryimage"},"image":{"@id":"https:\/\/svetslik.si\/it\/gustav-klimt\/emilie-floge\/#primaryimage"},"thumbnailUrl":"https:\/\/svetslik.si\/wp-content\/uploads\/2021\/08\/image_Emilie-Floge-Gustav-Klimt_680.jpg","datePublished":"2021-09-02T15:51:34+00:00","dateModified":"2026-03-22T20:20:49+00:00","description":"Gustav Klimt - Emilie Fl\u00f6ge - Riproduzioni di quadri d'arte dipinte a mano al 100% su tela. Cornici per quadri, vendita e produzione di dimensioni su ordinazione.","breadcrumb":{"@id":"https:\/\/svetslik.si\/it\/gustav-klimt\/emilie-floge\/#breadcrumb"},"inLanguage":"it-IT","potentialAction":[{"@type":"ReadAction","target":["https:\/\/svetslik.si\/it\/gustav-klimt\/emilie-floge\/"]}]},{"@type":"ImageObject","inLanguage":"it-IT","@id":"https:\/\/svetslik.si\/it\/gustav-klimt\/emilie-floge\/#primaryimage","url":"https:\/\/svetslik.si\/wp-content\/uploads\/2021\/08\/image_Emilie-Floge-Gustav-Klimt_680.jpg","contentUrl":"https:\/\/svetslik.si\/wp-content\/uploads\/2021\/08\/image_Emilie-Floge-Gustav-Klimt_680.jpg","width":1024,"height":2317,"caption":"Quadri riproduzioni Gustav Klimt - Emilie Fl\u00f6ge - Sopra la mano dipinte quadri murali, olio su tela, quadri ad olio, quadri murali moderni, quadri artistici per pareti, ambientali, astratti, quadri murali decorativi"},{"@type":"BreadcrumbList","@id":"https:\/\/svetslik.si\/it\/gustav-klimt\/emilie-floge\/#breadcrumb","itemListElement":[{"@type":"ListItem","position":1,"name":"Fali m\u0171v\u00e9szet \u00e9s festm\u00e9nyek v\u00e1szonra","item":"https:\/\/svetslik.si\/it\/"},{"@type":"ListItem","position":2,"name":"Vendita di dipinti","item":"https:\/\/svetslik.si\/prodaja-slik\/"},{"@type":"ListItem","position":3,"name":"Gustav Klimt &#8211; Emilie Fl\u00f6ge"}]},{"@type":"WebSite","@id":"https:\/\/svetslik.si\/it\/#website","url":"https:\/\/svetslik.si\/it\/","name":"SVETSLIK.SI","description":"100% riproduzioni dipinte a mano di quadri di pittori famosi e dipinti su tela.","publisher":{"@id":"https:\/\/svetslik.si\/it\/#organization"},"potentialAction":[{"@type":"SearchAction","target":{"@type":"EntryPoint","urlTemplate":"https:\/\/svetslik.si\/it\/?s={search_term_string}"},"query-input":{"@type":"PropertyValueSpecification","valueRequired":true,"valueName":"search_term_string"}}],"inLanguage":"it-IT"},{"@type":"Organization","@id":"https:\/\/svetslik.si\/it\/#organization","name":"SvetSlik.si","url":"https:\/\/svetslik.si\/it\/","logo":{"@type":"ImageObject","inLanguage":"it-IT","@id":"https:\/\/svetslik.si\/it\/#\/schema\/logo\/image\/","url":"https:\/\/svetslik.si\/wp-content\/uploads\/2020\/12\/logo-512.png","contentUrl":"https:\/\/svetslik.si\/wp-content\/uploads\/2020\/12\/logo-512.png","width":512,"height":512,"caption":"SvetSlik.si"},"image":{"@id":"https:\/\/svetslik.si\/it\/#\/schema\/logo\/image\/"},"sameAs":["https:\/\/www.facebook.com\/svetslik.si","https:\/\/x.com\/svetslik","https:\/\/www.instagram.com\/svetslik.si\/","https:\/\/www.linkedin.com\/company\/svetslik-si"]}]},"og_availability":"backorder","product_availability":"available for order","product_retailer_item_id":"236__","product_condition":"new"},"jetpack_sharing_enabled":true,"_links":{"self":[{"href":"https:\/\/svetslik.si\/it\/wp-json\/wp\/v2\/product\/38917","targetHints":{"allow":["GET"]}}],"collection":[{"href":"https:\/\/svetslik.si\/it\/wp-json\/wp\/v2\/product"}],"about":[{"href":"https:\/\/svetslik.si\/it\/wp-json\/wp\/v2\/types\/product"}],"wp:featuredmedia":[{"embeddable":true,"href":"https:\/\/svetslik.si\/it\/wp-json\/wp\/v2\/media\/35137"}],"wp:attachment":[{"href":"https:\/\/svetslik.si\/it\/wp-json\/wp\/v2\/media?parent=38917"}],"wp:term":[{"taxonomy":"product_brand","embeddable":true,"href":"https:\/\/svetslik.si\/it\/wp-json\/wp\/v2\/product_brand?post=38917"},{"taxonomy":"product_cat","embeddable":true,"href":"https:\/\/svetslik.si\/it\/wp-json\/wp\/v2\/product_cat?post=38917"},{"taxonomy":"product_tag","embeddable":true,"href":"https:\/\/svetslik.si\/it\/wp-json\/wp\/v2\/product_tag?post=38917"}],"curies":[{"name":"wp","href":"https:\/\/api.w.org\/{rel}","templated":true}]}}