{"id":38925,"date":"2021-09-02T17:51:34","date_gmt":"2021-09-02T15:51:34","guid":{"rendered":"https:\/\/svetslik.si\/senza-categoria\/death-and-life\/"},"modified":"2026-03-22T21:20:49","modified_gmt":"2026-03-22T20:20:49","slug":"death-and-life","status":"publish","type":"product","link":"https:\/\/svetslik.si\/it\/gustav-klimt\/death-and-life\/","title":{"rendered":"Gustav Klimt &#8211; Death and Life"},"content":{"rendered":"<h1>Gustav Klimt &#8211; Morte e vita<\/h1>\n<p>&nbsp;<\/p>\n<table id=\"imageinfo\" border=\"0\" width=\"96%\" cellspacing=\"0\" cellpadding=\"2\">\n<tr>\n<td width=\"120\">Anno di creazione:<\/td>\n<td>1916<\/td>\n<\/tr>\n<tr>\n<td>Dimensione originale:<\/td>\n<td>178 cm x 198 cm<\/td>\n<\/tr>\n<tr>\n<td>Stile di pittura:<\/td>\n<td>Secessione<\/td>\n<\/tr>\n<tr>\n<td>Tecnica originale:<\/td>\n<td>Olio su tela<\/td>\n<\/tr>\n<tr>\n<td>Situato:<\/td>\n<td>Collezione privata, Dott. Rodolfo Leopoldo, Vienna<\/td>\n<\/tr>\n<\/tbody>\n<\/table>\n<p>&nbsp;<\/p>\n<div>L&#8217;olio su tela <em>Morte e vita<\/em> \u00e8 chiaramente diviso in due parti. Sul lato sinistro del dipinto \u00e8 raffigurata la Morte con un teschio sorridente, vestita con un mantello scuro ricoperto di simboli. Sul lato destro del dipinto, Klimt ha raffigurato la Vita con diverse giovani donne sdraiate su un letto di fiori. Una figura maschile tiene una delle donne, e al centro del gruppo giace una donna anziana, con un bambino sopra di lei. Anche in questa parte del quadro le figure dipinte sono ricoperte di simboli.<\/div>\n<div><\/div>\n<div>Il dipinto Morte e vita di Gustav Klimt \u00e8 un capolavoro del movimento Art Nouveau e una delle opere pi\u00f9 famose e riconoscibili del pittore austriaco. L&#8217;immagine rappresenta il ciclo della vita e della morte e la dualit\u00e0 dell&#8217;esistenza.<\/div>\n<div>\n<p>&#8220;Morte e vita&#8221; \u00e8 un dipinto ad olio su tela che misura circa 150 cm x 150 cm. Mostra un gruppo di persone, alcune che danzano e si rallegrano, mentre altre sono sdraiate a terra, a rappresentare la morte. Il dipinto \u00e8 caratterizzato da un uso audace del colore e da un senso unico di movimento ed emozione. Le figure sono dipinte nei toni dell&#8217;oro, dell&#8217;argento e del bianco e lo sfondo nei toni del blu e del viola, che conferiscono al dipinto un senso di profondit\u00e0 e movimento. Questo dipinto presenta anche l&#8217;uso della foglia d&#8217;oro, che Klimt ha utilizzato in molte delle sue opere.<\/p>\n<p>Il dipinto rappresenta il ciclo della vita e della morte e la dualit\u00e0 dell&#8217;esistenza. Le figure che danzano e si rallegrano rappresentano la vivacit\u00e0 e la vitalit\u00e0 della vita, mentre le figure sdraiate a terra rappresentano la finalit\u00e0 della morte. Lo sfondo con intricati motivi geometrici rappresenta l&#8217;armonia e l&#8217;ordine nell&#8217;universo. Il dipinto evoca sentimenti sul ciclo della vita e della morte e sulla dualit\u00e0 dell&#8217;esistenza.<\/p>\n<p>Il dipinto di Klimt &#8220;Morte e vita&#8221; \u00e8 un capolavoro del movimento Art Nouveau ed \u00e8 considerato una delle opere pi\u00f9 iconiche dell&#8217;artista. Rappresenta il ciclo della vita e della morte e la dualit\u00e0 dell&#8217;esistenza. Il dipinto \u00e8 un must per gli amanti dell&#8217;arte e una grande aggiunta a qualsiasi collezione d&#8217;arte.<\/p>\n<p>Insomma, il dipinto &#8220;Morte e vita&#8221; di Gustav Klimt \u00e8 un capolavoro del movimento Art Nouveau e una delle opere pi\u00f9 famose e riconoscibili del pittore austriaco. Riguarda il ciclo della vita e della morte e la dualit\u00e0 dell&#8217;esistenza. Il dipinto evoca sentimenti sul ciclo della vita e della morte e sulla dualit\u00e0 dell&#8217;esistenza, rendendolo un&#8217;opera potente e stimolante. L&#8217;uso della foglia d&#8217;oro e gli intricati motivi geometrici sullo sfondo aggiungono un elemento unico e sorprendente all&#8217;immagine, facendo risaltare l&#8217;immagine. \u00c8 un ottimo modo per aggiungere un tocco di significato ed emozione a qualsiasi stanza. Il dipinto rappresenta anche la bellezza, l&#8217;eleganza e la prosperit\u00e0, rendendolo un ottimo pezzo per coloro che desiderano aggiungere un tocco di lusso all&#8217;arredamento della propria casa. Il dipinto ricorda la caducit\u00e0 della vita e l&#8217;inevitabilit\u00e0 della morte, ricordandoci anche di apprezzare e celebrare la vita che abbiamo. \u00c8 un potente promemoria per vivere nel presente, amare ogni momento e sfruttare al massimo il tempo che abbiamo. Il dipinto di Gustav Klimt &#8220;Morte e vita&#8221; \u00e8 generalmente un must per gli amanti dell&#8217;arte e una grande aggiunta a qualsiasi collezione d&#8217;arte. Servir\u00e0 come costante promemoria del ciclo della vita e della morte e della dualit\u00e0 dell&#8217;esistenza, nonch\u00e9 un&#8217;aggiunta bella e sorprendente a qualsiasi arredamento domestico.<\/p>\n<\/div>\n<div><\/div>\n<div><\/div>\n","protected":false},"excerpt":{"rendered":"<p>Gustav Klimt &#8211; Morte e vita &nbsp; Anno di creazione: 1916 Dimensione originale: 178 cm x 198 cm Stile di pittura: Secessione Tecnica originale: Olio su tela Situato: Collezione privata, Dott. Rodolfo Leopoldo, Vienna &nbsp; L&#8217;olio su tela Morte e vita \u00e8 chiaramente diviso in due parti. Sul lato sinistro [&hellip;]<\/p>\n","protected":false},"featured_media":35021,"template":"","meta":{"_acf_changed":false},"product_brand":[],"product_cat":[4182],"product_tag":[4220,4224,4246,4245,4253],"class_list":{"0":"post-38925","1":"product","2":"type-product","3":"status-publish","4":"has-post-thumbnail","6":"product_cat-gustav-klimt","7":"product_tag-gustav-klimt-it","8":"product_tag-klimt-it","9":"product_tag-riproduzione-it","10":"product_tag-riproduzione","11":"product_tag-un-pittore","12":"pa_dimenzija-100-x-90-cm","13":"pa_dimenzija-120-x-110-cm","14":"pa_dimenzija-140-x-130-cm","15":"pa_dimenzija-160-x-140-cm","16":"pa_dimenzija-180-x-160-cm","17":"pa_dimenzija-198-x-178-cm","18":"pa_dimenzija-250-x-225-cm","19":"pa_dimenzija-60-x-55-cm","20":"pa_dimenzija-80-x-70-cm","21":"pa_dimenzija-90-x-80-cm","22":"pa_oblika-orizzontale","23":"pa_okvir-sensa-cornice","24":"pa_podokvir-no","25":"pa_podokvir-si","27":"first","28":"onbackorder","29":"purchasable","30":"product-type-variable","31":"has-default-attributes"},"acf":[],"yoast_head":"<!-- This site is optimized with the Yoast SEO Premium plugin v26.0 (Yoast SEO v27.2) - https:\/\/yoast.com\/product\/yoast-seo-premium-wordpress\/ -->\n<title>Gustav Klimt - Death and Life - SVETSLIK.SI - Dipinti a mano al 100%<\/title>\n<meta name=\"description\" content=\"Gustav Klimt - Death and Life - Riproduzioni di quadri d&#039;arte dipinte a mano al 100% su tela. Cornici per quadri, vendita e produzione di dimensioni su ordinazione.\" \/>\n<meta name=\"robots\" content=\"index, follow, max-snippet:-1, max-image-preview:large, max-video-preview:-1\" \/>\n<link rel=\"canonical\" href=\"https:\/\/svetslik.si\/it\/gustav-klimt\/death-and-life\/\" \/>\n<meta property=\"og:locale\" content=\"it_IT\" \/>\n<meta property=\"og:type\" content=\"article\" \/>\n<meta property=\"og:title\" content=\"Gustav Klimt - Death and Life\" \/>\n<meta property=\"og:description\" content=\"100% ro\u010dno naslikane slike na platnu, reprodukcije znanih slikarjev in umetni\u0161ke slike po naro\u010dilu.\" \/>\n<meta property=\"og:url\" content=\"https:\/\/svetslik.si\/it\/gustav-klimt\/death-and-life\/\" \/>\n<meta property=\"og:site_name\" content=\"SVETSLIK.SI\" \/>\n<meta property=\"article:publisher\" content=\"https:\/\/www.facebook.com\/svetslik.si\" \/>\n<meta property=\"article:modified_time\" content=\"2026-03-22T20:20:49+00:00\" \/>\n<meta property=\"og:image\" content=\"https:\/\/svetslik.si\/wp-content\/uploads\/2021\/08\/image_Death-and-Life-Gustav-Klimt_680.jpg\" \/>\n\t<meta property=\"og:image:width\" content=\"1200\" \/>\n\t<meta property=\"og:image:height\" content=\"848\" \/>\n\t<meta property=\"og:image:type\" content=\"image\/jpeg\" \/>\n<meta name=\"twitter:card\" content=\"summary_large_image\" \/>\n<meta name=\"twitter:site\" content=\"@svetslik\" \/>\n<meta name=\"twitter:label1\" content=\"Disponibilit\u00e0\" \/>\n\t<meta name=\"twitter:data1\" content=\"Su ordinazione\" \/>\n<script type=\"application\/ld+json\" class=\"yoast-schema-graph\">{\"@context\":\"https:\/\/schema.org\",\"@graph\":[{\"@type\":[\"WebPage\",\"ItemPage\"],\"@id\":\"https:\/\/svetslik.si\/it\/gustav-klimt\/death-and-life\/\",\"url\":\"https:\/\/svetslik.si\/it\/gustav-klimt\/death-and-life\/\",\"name\":\"Gustav Klimt - Death and Life - SVETSLIK.SI - Dipinti a mano al 100%\",\"isPartOf\":{\"@id\":\"https:\/\/svetslik.si\/it\/#website\"},\"primaryImageOfPage\":{\"@id\":\"https:\/\/svetslik.si\/it\/gustav-klimt\/death-and-life\/#primaryimage\"},\"image\":{\"@id\":\"https:\/\/svetslik.si\/it\/gustav-klimt\/death-and-life\/#primaryimage\"},\"thumbnailUrl\":\"https:\/\/svetslik.si\/wp-content\/uploads\/2021\/08\/image_Death-and-Life-Gustav-Klimt_680.jpg\",\"datePublished\":\"2021-09-02T15:51:34+00:00\",\"dateModified\":\"2026-03-22T20:20:49+00:00\",\"description\":\"Gustav Klimt - Death and Life - Riproduzioni di quadri d'arte dipinte a mano al 100% su tela. Cornici per quadri, vendita e produzione di dimensioni su ordinazione.\",\"breadcrumb\":{\"@id\":\"https:\/\/svetslik.si\/it\/gustav-klimt\/death-and-life\/#breadcrumb\"},\"inLanguage\":\"it-IT\",\"potentialAction\":[{\"@type\":\"ReadAction\",\"target\":[\"https:\/\/svetslik.si\/it\/gustav-klimt\/death-and-life\/\"]}]},{\"@type\":\"ImageObject\",\"inLanguage\":\"it-IT\",\"@id\":\"https:\/\/svetslik.si\/it\/gustav-klimt\/death-and-life\/#primaryimage\",\"url\":\"https:\/\/svetslik.si\/wp-content\/uploads\/2021\/08\/image_Death-and-Life-Gustav-Klimt_680.jpg\",\"contentUrl\":\"https:\/\/svetslik.si\/wp-content\/uploads\/2021\/08\/image_Death-and-Life-Gustav-Klimt_680.jpg\",\"width\":1200,\"height\":848,\"caption\":\"Gustav Klimt - Morte e Vita - Reproduzione - quadro riprodotto a mano, olio su tela, dipinto ad olio, quadro artistico, quadro moderno da parete, quadro ambientale, quadro astratto, quadro decorativo\"},{\"@type\":\"BreadcrumbList\",\"@id\":\"https:\/\/svetslik.si\/it\/gustav-klimt\/death-and-life\/#breadcrumb\",\"itemListElement\":[{\"@type\":\"ListItem\",\"position\":1,\"name\":\"Fali m\u0171v\u00e9szet \u00e9s festm\u00e9nyek v\u00e1szonra\",\"item\":\"https:\/\/svetslik.si\/it\/\"},{\"@type\":\"ListItem\",\"position\":2,\"name\":\"Vendita di dipinti\",\"item\":\"https:\/\/svetslik.si\/prodaja-slik\/\"},{\"@type\":\"ListItem\",\"position\":3,\"name\":\"Gustav Klimt &#8211; Death and Life\"}]},{\"@type\":\"WebSite\",\"@id\":\"https:\/\/svetslik.si\/it\/#website\",\"url\":\"https:\/\/svetslik.si\/it\/\",\"name\":\"SVETSLIK.SI\",\"description\":\"100% riproduzioni dipinte a mano di quadri di pittori famosi e dipinti su tela.\",\"publisher\":{\"@id\":\"https:\/\/svetslik.si\/it\/#organization\"},\"potentialAction\":[{\"@type\":\"SearchAction\",\"target\":{\"@type\":\"EntryPoint\",\"urlTemplate\":\"https:\/\/svetslik.si\/it\/?s={search_term_string}\"},\"query-input\":{\"@type\":\"PropertyValueSpecification\",\"valueRequired\":true,\"valueName\":\"search_term_string\"}}],\"inLanguage\":\"it-IT\"},{\"@type\":\"Organization\",\"@id\":\"https:\/\/svetslik.si\/it\/#organization\",\"name\":\"SvetSlik.si\",\"url\":\"https:\/\/svetslik.si\/it\/\",\"logo\":{\"@type\":\"ImageObject\",\"inLanguage\":\"it-IT\",\"@id\":\"https:\/\/svetslik.si\/it\/#\/schema\/logo\/image\/\",\"url\":\"https:\/\/svetslik.si\/wp-content\/uploads\/2020\/12\/logo-512.png\",\"contentUrl\":\"https:\/\/svetslik.si\/wp-content\/uploads\/2020\/12\/logo-512.png\",\"width\":512,\"height\":512,\"caption\":\"SvetSlik.si\"},\"image\":{\"@id\":\"https:\/\/svetslik.si\/it\/#\/schema\/logo\/image\/\"},\"sameAs\":[\"https:\/\/www.facebook.com\/svetslik.si\",\"https:\/\/x.com\/svetslik\",\"https:\/\/www.instagram.com\/svetslik.si\/\",\"https:\/\/www.linkedin.com\/company\/svetslik-si\"]}]}<\/script>\n<meta property=\"og:availability\" content=\"backorder\" \/>\n<meta property=\"product:availability\" content=\"available for order\" \/>\n<meta property=\"product:retailer_item_id\" content=\"238__\" \/>\n<meta property=\"product:condition\" content=\"new\" \/>\n<!-- \/ Yoast SEO Premium plugin. -->","yoast_head_json":{"title":"Gustav Klimt - Death and Life - SVETSLIK.SI - Dipinti a mano al 100%","description":"Gustav Klimt - Death and Life - Riproduzioni di quadri d'arte dipinte a mano al 100% su tela. Cornici per quadri, vendita e produzione di dimensioni su ordinazione.","robots":{"index":"index","follow":"follow","max-snippet":"max-snippet:-1","max-image-preview":"max-image-preview:large","max-video-preview":"max-video-preview:-1"},"canonical":"https:\/\/svetslik.si\/it\/gustav-klimt\/death-and-life\/","og_locale":"it_IT","og_type":"article","og_title":"Gustav Klimt - Death and Life","og_description":"100% ro\u010dno naslikane slike na platnu, reprodukcije znanih slikarjev in umetni\u0161ke slike po naro\u010dilu.","og_url":"https:\/\/svetslik.si\/it\/gustav-klimt\/death-and-life\/","og_site_name":"SVETSLIK.SI","article_publisher":"https:\/\/www.facebook.com\/svetslik.si","article_modified_time":"2026-03-22T20:20:49+00:00","og_image":[{"width":1200,"height":848,"url":"https:\/\/svetslik.si\/wp-content\/uploads\/2021\/08\/image_Death-and-Life-Gustav-Klimt_680.jpg","type":"image\/jpeg"}],"twitter_card":"summary_large_image","twitter_site":"@svetslik","twitter_misc":{"Disponibilit\u00e0":"Su ordinazione"},"schema":{"@context":"https:\/\/schema.org","@graph":[{"@type":["WebPage","ItemPage"],"@id":"https:\/\/svetslik.si\/it\/gustav-klimt\/death-and-life\/","url":"https:\/\/svetslik.si\/it\/gustav-klimt\/death-and-life\/","name":"Gustav Klimt - Death and Life - SVETSLIK.SI - Dipinti a mano al 100%","isPartOf":{"@id":"https:\/\/svetslik.si\/it\/#website"},"primaryImageOfPage":{"@id":"https:\/\/svetslik.si\/it\/gustav-klimt\/death-and-life\/#primaryimage"},"image":{"@id":"https:\/\/svetslik.si\/it\/gustav-klimt\/death-and-life\/#primaryimage"},"thumbnailUrl":"https:\/\/svetslik.si\/wp-content\/uploads\/2021\/08\/image_Death-and-Life-Gustav-Klimt_680.jpg","datePublished":"2021-09-02T15:51:34+00:00","dateModified":"2026-03-22T20:20:49+00:00","description":"Gustav Klimt - Death and Life - Riproduzioni di quadri d'arte dipinte a mano al 100% su tela. Cornici per quadri, vendita e produzione di dimensioni su ordinazione.","breadcrumb":{"@id":"https:\/\/svetslik.si\/it\/gustav-klimt\/death-and-life\/#breadcrumb"},"inLanguage":"it-IT","potentialAction":[{"@type":"ReadAction","target":["https:\/\/svetslik.si\/it\/gustav-klimt\/death-and-life\/"]}]},{"@type":"ImageObject","inLanguage":"it-IT","@id":"https:\/\/svetslik.si\/it\/gustav-klimt\/death-and-life\/#primaryimage","url":"https:\/\/svetslik.si\/wp-content\/uploads\/2021\/08\/image_Death-and-Life-Gustav-Klimt_680.jpg","contentUrl":"https:\/\/svetslik.si\/wp-content\/uploads\/2021\/08\/image_Death-and-Life-Gustav-Klimt_680.jpg","width":1200,"height":848,"caption":"Gustav Klimt - Morte e Vita - Reproduzione - quadro riprodotto a mano, olio su tela, dipinto ad olio, quadro artistico, quadro moderno da parete, quadro ambientale, quadro astratto, quadro decorativo"},{"@type":"BreadcrumbList","@id":"https:\/\/svetslik.si\/it\/gustav-klimt\/death-and-life\/#breadcrumb","itemListElement":[{"@type":"ListItem","position":1,"name":"Fali m\u0171v\u00e9szet \u00e9s festm\u00e9nyek v\u00e1szonra","item":"https:\/\/svetslik.si\/it\/"},{"@type":"ListItem","position":2,"name":"Vendita di dipinti","item":"https:\/\/svetslik.si\/prodaja-slik\/"},{"@type":"ListItem","position":3,"name":"Gustav Klimt &#8211; Death and Life"}]},{"@type":"WebSite","@id":"https:\/\/svetslik.si\/it\/#website","url":"https:\/\/svetslik.si\/it\/","name":"SVETSLIK.SI","description":"100% riproduzioni dipinte a mano di quadri di pittori famosi e dipinti su tela.","publisher":{"@id":"https:\/\/svetslik.si\/it\/#organization"},"potentialAction":[{"@type":"SearchAction","target":{"@type":"EntryPoint","urlTemplate":"https:\/\/svetslik.si\/it\/?s={search_term_string}"},"query-input":{"@type":"PropertyValueSpecification","valueRequired":true,"valueName":"search_term_string"}}],"inLanguage":"it-IT"},{"@type":"Organization","@id":"https:\/\/svetslik.si\/it\/#organization","name":"SvetSlik.si","url":"https:\/\/svetslik.si\/it\/","logo":{"@type":"ImageObject","inLanguage":"it-IT","@id":"https:\/\/svetslik.si\/it\/#\/schema\/logo\/image\/","url":"https:\/\/svetslik.si\/wp-content\/uploads\/2020\/12\/logo-512.png","contentUrl":"https:\/\/svetslik.si\/wp-content\/uploads\/2020\/12\/logo-512.png","width":512,"height":512,"caption":"SvetSlik.si"},"image":{"@id":"https:\/\/svetslik.si\/it\/#\/schema\/logo\/image\/"},"sameAs":["https:\/\/www.facebook.com\/svetslik.si","https:\/\/x.com\/svetslik","https:\/\/www.instagram.com\/svetslik.si\/","https:\/\/www.linkedin.com\/company\/svetslik-si"]}]},"og_availability":"backorder","product_availability":"available for order","product_retailer_item_id":"238__","product_condition":"new"},"jetpack_sharing_enabled":true,"_links":{"self":[{"href":"https:\/\/svetslik.si\/it\/wp-json\/wp\/v2\/product\/38925","targetHints":{"allow":["GET"]}}],"collection":[{"href":"https:\/\/svetslik.si\/it\/wp-json\/wp\/v2\/product"}],"about":[{"href":"https:\/\/svetslik.si\/it\/wp-json\/wp\/v2\/types\/product"}],"wp:featuredmedia":[{"embeddable":true,"href":"https:\/\/svetslik.si\/it\/wp-json\/wp\/v2\/media\/35021"}],"wp:attachment":[{"href":"https:\/\/svetslik.si\/it\/wp-json\/wp\/v2\/media?parent=38925"}],"wp:term":[{"taxonomy":"product_brand","embeddable":true,"href":"https:\/\/svetslik.si\/it\/wp-json\/wp\/v2\/product_brand?post=38925"},{"taxonomy":"product_cat","embeddable":true,"href":"https:\/\/svetslik.si\/it\/wp-json\/wp\/v2\/product_cat?post=38925"},{"taxonomy":"product_tag","embeddable":true,"href":"https:\/\/svetslik.si\/it\/wp-json\/wp\/v2\/product_tag?post=38925"}],"curies":[{"name":"wp","href":"https:\/\/api.w.org\/{rel}","templated":true}]}}