{"id":38947,"date":"2021-09-02T17:51:44","date_gmt":"2021-09-02T15:51:44","guid":{"rendered":"https:\/\/svetslik.si\/senza-categoria\/hope-i\/"},"modified":"2026-03-22T21:21:37","modified_gmt":"2026-03-22T20:21:37","slug":"hope-i","status":"publish","type":"product","link":"https:\/\/svetslik.si\/it\/gustav-klimt\/hope-i\/","title":{"rendered":"Gustav Klimt &#8211; Hope I"},"content":{"rendered":"<h1>Gustav Klimt &#8211; Spero io<\/h1>\n<p>&nbsp;<\/p>\n<table id=\"imageinfo\" border=\"0\" width=\"96%\" cellspacing=\"0\" cellpadding=\"2\">\n<tr>\n<td width=\"120\">Anno di creazione:<\/td>\n<td> 1903<\/td>\n<\/tr>\n<tr>\n<td>Dimensione originale:<\/td>\n<td>\u00a067 cm x 189 cm<\/td>\n<\/tr>\n<tr>\n<td>Stile di pittura:<\/td>\n<td>Secessione<\/td>\n<\/tr>\n<tr>\n<td>Tecnica originale:<\/td>\n<td>Olio su tela<\/td>\n<\/tr>\n<tr>\n<td>Situato:<\/td>\n<td>\u00a0Galleria Nazionale di Ottawa, Canada<\/td>\n<\/tr>\n<\/tbody>\n<\/table>\n<p>L&#8217;olio su tela <em>Hope I<\/em> \u00e8 una rappresentazione intensamente lirica di una donna incinta, collocata in un contesto di figure mascherate, teste di morte e mostri allegorici come il peccato, la malattia, la povert\u00e0 e la morte, tutti in girare minacciare la nuova vita in arrivo. Il titolo di questo dipinto e la spudorata raffigurazione del corpo di una donna incinta testimoniano l&#8217;omaggio del pittore alla vita e al corpo.<\/p>\n<p>Il dipinto di Gustav Klimt &#8220;Hope I&#8221; \u00e8 un capolavoro del movimento Art Nouveau e una delle opere pi\u00f9 famose e riconoscibili del pittore austriaco. Il dipinto rappresenta la condizione umana e la speranza che in essa risiede.<\/p>\n<p>&#8220;Hope I&#8221; \u00e8 un dipinto ad olio su tela che misura circa 100 cm x 100 cm. Mostra una donna incinta seduta su una panchina con gli occhi chiusi e con in mano un grande uovo d&#8217;oro. Il dipinto \u00e8 caratterizzato da un uso audace del colore e da un senso unico di movimento ed emozione. La donna \u00e8 dipinta nei toni del bianco, dell&#8217;oro e dell&#8217;argento, mentre lo sfondo \u00e8 nei toni del blu e del viola, conferendo al dipinto un senso di profondit\u00e0 e movimento. Questo dipinto presenta anche l&#8217;uso della foglia d&#8217;oro, che Klimt ha utilizzato in molte delle sue opere.<\/p>\n<p>Il dipinto \u00e8 una rappresentazione della condizione umana e della speranza in essa racchiusa. Una donna incinta simboleggia la possibilit\u00e0 di una nuova vita e la speranza che questa porta. L&#8217;uovo d&#8217;oro che tiene in mano simboleggia la possibilit\u00e0 di nuovi inizi, mentre lo sfondo con intricati motivi geometrici rappresenta l&#8217;armonia e l&#8217;ordine nell&#8217;universo. Il dipinto evoca i sentimenti di speranza e potenzialit\u00e0 che caratterizzano l&#8217;arte di Klimt.<\/p>\n<p>Il dipinto di Klimt &#8220;Hope I&#8221; \u00e8 un capolavoro del movimento Art Nouveau ed \u00e8 considerato una delle opere pi\u00f9 iconiche dell&#8217;artista. Rappresenta la condizione umana e la speranza che in essa risiede. Il dipinto \u00e8 un must per gli amanti dell&#8217;arte e una grande aggiunta a qualsiasi collezione d&#8217;arte.<\/p>\n<p>Insomma, il dipinto &#8220;Speranza I&#8221; di Gustav Klimt \u00e8 un capolavoro del movimento Art Nouveau e una delle opere pi\u00f9 famose e riconoscibili del pittore austriaco. \u00c8 una rappresentazione della condizione umana e della speranza che in essa risiede. Il dipinto evoca sentimenti di speranza, potenzialit\u00e0 e nuovi inizi, rendendolo un&#8217;ottima aggiunta a qualsiasi spazio che necessiti di un tocco di ispirazione. L&#8217;uso della foglia d&#8217;oro e gli intricati motivi geometrici sullo sfondo aggiungono un elemento unico e sorprendente all&#8217;immagine, facendola risaltare davvero. \u00c8 un ottimo modo per aggiungere un tocco di speranza e ispirazione a qualsiasi stanza.<\/p>\n","protected":false},"excerpt":{"rendered":"<p>Gustav Klimt &#8211; Spero io &nbsp; Anno di creazione: 1903 Dimensione originale: \u00a067 cm x 189 cm Stile di pittura: Secessione Tecnica originale: Olio su tela Situato: \u00a0Galleria Nazionale di Ottawa, Canada L&#8217;olio su tela Hope I \u00e8 una rappresentazione intensamente lirica di una donna incinta, collocata in un contesto [&hellip;]<\/p>\n","protected":false},"featured_media":35203,"template":"","meta":{"_acf_changed":false},"product_brand":[],"product_cat":[4182],"product_tag":[4220,4224,4245,4246,4253],"class_list":{"0":"post-38947","1":"product","2":"type-product","3":"status-publish","4":"has-post-thumbnail","6":"product_cat-gustav-klimt","7":"product_tag-gustav-klimt-it","8":"product_tag-klimt-it","9":"product_tag-riproduzione","10":"product_tag-riproduzione-it","11":"product_tag-un-pittore","12":"pa_dimenzija-100-x-280-cm","13":"pa_dimenzija-30-x-80-cm","14":"pa_dimenzija-40-x-110-cm","15":"pa_dimenzija-50-x-140-cm","16":"pa_dimenzija-60-x-170-cm","17":"pa_dimenzija-67-x-189-cm","18":"pa_dimenzija-80-x-220-cm","19":"pa_oblika-verticale","20":"pa_okvir-sensa-cornice","21":"pa_podokvir-no","22":"pa_podokvir-si","24":"first","25":"onbackorder","26":"purchasable","27":"product-type-variable","28":"has-default-attributes"},"acf":[],"yoast_head":"<!-- This site is optimized with the Yoast SEO Premium plugin v26.0 (Yoast SEO v27.2) - https:\/\/yoast.com\/product\/yoast-seo-premium-wordpress\/ -->\n<title>Gustav Klimt - Hope I - SVETSLIK.SI - Dipinti a mano al 100%<\/title>\n<meta name=\"description\" content=\"Gustav Klimt - Hope I - Riproduzioni di quadri d&#039;arte dipinte a mano al 100% su tela. Cornici per quadri, vendita e produzione di dimensioni su ordinazione.\" \/>\n<meta name=\"robots\" content=\"index, follow, max-snippet:-1, max-image-preview:large, max-video-preview:-1\" \/>\n<link rel=\"canonical\" href=\"https:\/\/svetslik.si\/it\/gustav-klimt\/hope-i\/\" \/>\n<meta property=\"og:locale\" content=\"it_IT\" \/>\n<meta property=\"og:type\" content=\"article\" \/>\n<meta property=\"og:title\" content=\"Gustav Klimt - Hope I\" \/>\n<meta property=\"og:description\" content=\"100% ro\u010dno naslikane slike na platnu, reprodukcije znanih slikarjev in umetni\u0161ke slike po naro\u010dilu.\" \/>\n<meta property=\"og:url\" content=\"https:\/\/svetslik.si\/it\/gustav-klimt\/hope-i\/\" \/>\n<meta property=\"og:site_name\" content=\"SVETSLIK.SI\" \/>\n<meta property=\"article:publisher\" content=\"https:\/\/www.facebook.com\/svetslik.si\" \/>\n<meta property=\"article:modified_time\" content=\"2026-03-22T20:21:37+00:00\" \/>\n<meta property=\"og:image\" content=\"https:\/\/svetslik.si\/wp-content\/uploads\/2021\/08\/image_Hope-I-Gustav-Klimt_680.jpg\" \/>\n\t<meta property=\"og:image:width\" content=\"242\" \/>\n\t<meta property=\"og:image:height\" content=\"680\" \/>\n\t<meta property=\"og:image:type\" content=\"image\/jpeg\" \/>\n<meta name=\"twitter:card\" content=\"summary_large_image\" \/>\n<meta name=\"twitter:site\" content=\"@svetslik\" \/>\n<meta name=\"twitter:label1\" content=\"Disponibilit\u00e0\" \/>\n\t<meta name=\"twitter:data1\" content=\"Su ordinazione\" \/>\n<script type=\"application\/ld+json\" class=\"yoast-schema-graph\">{\"@context\":\"https:\/\/schema.org\",\"@graph\":[{\"@type\":[\"WebPage\",\"ItemPage\"],\"@id\":\"https:\/\/svetslik.si\/it\/gustav-klimt\/hope-i\/\",\"url\":\"https:\/\/svetslik.si\/it\/gustav-klimt\/hope-i\/\",\"name\":\"Gustav Klimt - Hope I - SVETSLIK.SI - Dipinti a mano al 100%\",\"isPartOf\":{\"@id\":\"https:\/\/svetslik.si\/it\/#website\"},\"primaryImageOfPage\":{\"@id\":\"https:\/\/svetslik.si\/it\/gustav-klimt\/hope-i\/#primaryimage\"},\"image\":{\"@id\":\"https:\/\/svetslik.si\/it\/gustav-klimt\/hope-i\/#primaryimage\"},\"thumbnailUrl\":\"https:\/\/svetslik.si\/wp-content\/uploads\/2021\/08\/image_Hope-I-Gustav-Klimt_680.jpg\",\"datePublished\":\"2021-09-02T15:51:44+00:00\",\"dateModified\":\"2026-03-22T20:21:37+00:00\",\"description\":\"Gustav Klimt - Hope I - Riproduzioni di quadri d'arte dipinte a mano al 100% su tela. Cornici per quadri, vendita e produzione di dimensioni su ordinazione.\",\"breadcrumb\":{\"@id\":\"https:\/\/svetslik.si\/it\/gustav-klimt\/hope-i\/#breadcrumb\"},\"inLanguage\":\"it-IT\",\"potentialAction\":[{\"@type\":\"ReadAction\",\"target\":[\"https:\/\/svetslik.si\/it\/gustav-klimt\/hope-i\/\"]}]},{\"@type\":\"ImageObject\",\"inLanguage\":\"it-IT\",\"@id\":\"https:\/\/svetslik.si\/it\/gustav-klimt\/hope-i\/#primaryimage\",\"url\":\"https:\/\/svetslik.si\/wp-content\/uploads\/2021\/08\/image_Hope-I-Gustav-Klimt_680.jpg\",\"contentUrl\":\"https:\/\/svetslik.si\/wp-content\/uploads\/2021\/08\/image_Hope-I-Gustav-Klimt_680.jpg\",\"width\":242,\"height\":680,\"caption\":\"Quadri murali su tela - Gustav Klimt - Speranza I - Quadri dipinti a mano, riproduzioni di quadri di pittori famosi, olio su tela, quadri ad olio, quadri murali moderni, arte muraria, arte murale, ambiente, astratto, quadri murali decorativi\"},{\"@type\":\"BreadcrumbList\",\"@id\":\"https:\/\/svetslik.si\/it\/gustav-klimt\/hope-i\/#breadcrumb\",\"itemListElement\":[{\"@type\":\"ListItem\",\"position\":1,\"name\":\"Fali m\u0171v\u00e9szet \u00e9s festm\u00e9nyek v\u00e1szonra\",\"item\":\"https:\/\/svetslik.si\/it\/\"},{\"@type\":\"ListItem\",\"position\":2,\"name\":\"Vendita di dipinti\",\"item\":\"https:\/\/svetslik.si\/prodaja-slik\/\"},{\"@type\":\"ListItem\",\"position\":3,\"name\":\"Gustav Klimt &#8211; Hope I\"}]},{\"@type\":\"WebSite\",\"@id\":\"https:\/\/svetslik.si\/it\/#website\",\"url\":\"https:\/\/svetslik.si\/it\/\",\"name\":\"SVETSLIK.SI\",\"description\":\"100% riproduzioni dipinte a mano di quadri di pittori famosi e dipinti su tela.\",\"publisher\":{\"@id\":\"https:\/\/svetslik.si\/it\/#organization\"},\"potentialAction\":[{\"@type\":\"SearchAction\",\"target\":{\"@type\":\"EntryPoint\",\"urlTemplate\":\"https:\/\/svetslik.si\/it\/?s={search_term_string}\"},\"query-input\":{\"@type\":\"PropertyValueSpecification\",\"valueRequired\":true,\"valueName\":\"search_term_string\"}}],\"inLanguage\":\"it-IT\"},{\"@type\":\"Organization\",\"@id\":\"https:\/\/svetslik.si\/it\/#organization\",\"name\":\"SvetSlik.si\",\"url\":\"https:\/\/svetslik.si\/it\/\",\"logo\":{\"@type\":\"ImageObject\",\"inLanguage\":\"it-IT\",\"@id\":\"https:\/\/svetslik.si\/it\/#\/schema\/logo\/image\/\",\"url\":\"https:\/\/svetslik.si\/wp-content\/uploads\/2020\/12\/logo-512.png\",\"contentUrl\":\"https:\/\/svetslik.si\/wp-content\/uploads\/2020\/12\/logo-512.png\",\"width\":512,\"height\":512,\"caption\":\"SvetSlik.si\"},\"image\":{\"@id\":\"https:\/\/svetslik.si\/it\/#\/schema\/logo\/image\/\"},\"sameAs\":[\"https:\/\/www.facebook.com\/svetslik.si\",\"https:\/\/x.com\/svetslik\",\"https:\/\/www.instagram.com\/svetslik.si\/\",\"https:\/\/www.linkedin.com\/company\/svetslik-si\"]}]}<\/script>\n<meta property=\"og:availability\" content=\"backorder\" \/>\n<meta property=\"product:availability\" content=\"available for order\" \/>\n<meta property=\"product:retailer_item_id\" content=\"240__\" \/>\n<meta property=\"product:condition\" content=\"new\" \/>\n<!-- \/ Yoast SEO Premium plugin. -->","yoast_head_json":{"title":"Gustav Klimt - Hope I - SVETSLIK.SI - Dipinti a mano al 100%","description":"Gustav Klimt - Hope I - Riproduzioni di quadri d'arte dipinte a mano al 100% su tela. Cornici per quadri, vendita e produzione di dimensioni su ordinazione.","robots":{"index":"index","follow":"follow","max-snippet":"max-snippet:-1","max-image-preview":"max-image-preview:large","max-video-preview":"max-video-preview:-1"},"canonical":"https:\/\/svetslik.si\/it\/gustav-klimt\/hope-i\/","og_locale":"it_IT","og_type":"article","og_title":"Gustav Klimt - Hope I","og_description":"100% ro\u010dno naslikane slike na platnu, reprodukcije znanih slikarjev in umetni\u0161ke slike po naro\u010dilu.","og_url":"https:\/\/svetslik.si\/it\/gustav-klimt\/hope-i\/","og_site_name":"SVETSLIK.SI","article_publisher":"https:\/\/www.facebook.com\/svetslik.si","article_modified_time":"2026-03-22T20:21:37+00:00","og_image":[{"width":242,"height":680,"url":"https:\/\/svetslik.si\/wp-content\/uploads\/2021\/08\/image_Hope-I-Gustav-Klimt_680.jpg","type":"image\/jpeg"}],"twitter_card":"summary_large_image","twitter_site":"@svetslik","twitter_misc":{"Disponibilit\u00e0":"Su ordinazione"},"schema":{"@context":"https:\/\/schema.org","@graph":[{"@type":["WebPage","ItemPage"],"@id":"https:\/\/svetslik.si\/it\/gustav-klimt\/hope-i\/","url":"https:\/\/svetslik.si\/it\/gustav-klimt\/hope-i\/","name":"Gustav Klimt - Hope I - SVETSLIK.SI - Dipinti a mano al 100%","isPartOf":{"@id":"https:\/\/svetslik.si\/it\/#website"},"primaryImageOfPage":{"@id":"https:\/\/svetslik.si\/it\/gustav-klimt\/hope-i\/#primaryimage"},"image":{"@id":"https:\/\/svetslik.si\/it\/gustav-klimt\/hope-i\/#primaryimage"},"thumbnailUrl":"https:\/\/svetslik.si\/wp-content\/uploads\/2021\/08\/image_Hope-I-Gustav-Klimt_680.jpg","datePublished":"2021-09-02T15:51:44+00:00","dateModified":"2026-03-22T20:21:37+00:00","description":"Gustav Klimt - Hope I - Riproduzioni di quadri d'arte dipinte a mano al 100% su tela. Cornici per quadri, vendita e produzione di dimensioni su ordinazione.","breadcrumb":{"@id":"https:\/\/svetslik.si\/it\/gustav-klimt\/hope-i\/#breadcrumb"},"inLanguage":"it-IT","potentialAction":[{"@type":"ReadAction","target":["https:\/\/svetslik.si\/it\/gustav-klimt\/hope-i\/"]}]},{"@type":"ImageObject","inLanguage":"it-IT","@id":"https:\/\/svetslik.si\/it\/gustav-klimt\/hope-i\/#primaryimage","url":"https:\/\/svetslik.si\/wp-content\/uploads\/2021\/08\/image_Hope-I-Gustav-Klimt_680.jpg","contentUrl":"https:\/\/svetslik.si\/wp-content\/uploads\/2021\/08\/image_Hope-I-Gustav-Klimt_680.jpg","width":242,"height":680,"caption":"Quadri murali su tela - Gustav Klimt - Speranza I - Quadri dipinti a mano, riproduzioni di quadri di pittori famosi, olio su tela, quadri ad olio, quadri murali moderni, arte muraria, arte murale, ambiente, astratto, quadri murali decorativi"},{"@type":"BreadcrumbList","@id":"https:\/\/svetslik.si\/it\/gustav-klimt\/hope-i\/#breadcrumb","itemListElement":[{"@type":"ListItem","position":1,"name":"Fali m\u0171v\u00e9szet \u00e9s festm\u00e9nyek v\u00e1szonra","item":"https:\/\/svetslik.si\/it\/"},{"@type":"ListItem","position":2,"name":"Vendita di dipinti","item":"https:\/\/svetslik.si\/prodaja-slik\/"},{"@type":"ListItem","position":3,"name":"Gustav Klimt &#8211; Hope I"}]},{"@type":"WebSite","@id":"https:\/\/svetslik.si\/it\/#website","url":"https:\/\/svetslik.si\/it\/","name":"SVETSLIK.SI","description":"100% riproduzioni dipinte a mano di quadri di pittori famosi e dipinti su tela.","publisher":{"@id":"https:\/\/svetslik.si\/it\/#organization"},"potentialAction":[{"@type":"SearchAction","target":{"@type":"EntryPoint","urlTemplate":"https:\/\/svetslik.si\/it\/?s={search_term_string}"},"query-input":{"@type":"PropertyValueSpecification","valueRequired":true,"valueName":"search_term_string"}}],"inLanguage":"it-IT"},{"@type":"Organization","@id":"https:\/\/svetslik.si\/it\/#organization","name":"SvetSlik.si","url":"https:\/\/svetslik.si\/it\/","logo":{"@type":"ImageObject","inLanguage":"it-IT","@id":"https:\/\/svetslik.si\/it\/#\/schema\/logo\/image\/","url":"https:\/\/svetslik.si\/wp-content\/uploads\/2020\/12\/logo-512.png","contentUrl":"https:\/\/svetslik.si\/wp-content\/uploads\/2020\/12\/logo-512.png","width":512,"height":512,"caption":"SvetSlik.si"},"image":{"@id":"https:\/\/svetslik.si\/it\/#\/schema\/logo\/image\/"},"sameAs":["https:\/\/www.facebook.com\/svetslik.si","https:\/\/x.com\/svetslik","https:\/\/www.instagram.com\/svetslik.si\/","https:\/\/www.linkedin.com\/company\/svetslik-si"]}]},"og_availability":"backorder","product_availability":"available for order","product_retailer_item_id":"240__","product_condition":"new"},"jetpack_sharing_enabled":true,"_links":{"self":[{"href":"https:\/\/svetslik.si\/it\/wp-json\/wp\/v2\/product\/38947","targetHints":{"allow":["GET"]}}],"collection":[{"href":"https:\/\/svetslik.si\/it\/wp-json\/wp\/v2\/product"}],"about":[{"href":"https:\/\/svetslik.si\/it\/wp-json\/wp\/v2\/types\/product"}],"wp:featuredmedia":[{"embeddable":true,"href":"https:\/\/svetslik.si\/it\/wp-json\/wp\/v2\/media\/35203"}],"wp:attachment":[{"href":"https:\/\/svetslik.si\/it\/wp-json\/wp\/v2\/media?parent=38947"}],"wp:term":[{"taxonomy":"product_brand","embeddable":true,"href":"https:\/\/svetslik.si\/it\/wp-json\/wp\/v2\/product_brand?post=38947"},{"taxonomy":"product_cat","embeddable":true,"href":"https:\/\/svetslik.si\/it\/wp-json\/wp\/v2\/product_cat?post=38947"},{"taxonomy":"product_tag","embeddable":true,"href":"https:\/\/svetslik.si\/it\/wp-json\/wp\/v2\/product_tag?post=38947"}],"curies":[{"name":"wp","href":"https:\/\/api.w.org\/{rel}","templated":true}]}}