{"id":38955,"date":"2021-09-02T17:51:54","date_gmt":"2021-09-02T15:51:54","guid":{"rendered":"https:\/\/svetslik.si\/senza-categoria\/water-serpents-ii\/"},"modified":"2026-03-22T21:21:37","modified_gmt":"2026-03-22T20:21:37","slug":"water-serpents-ii","status":"publish","type":"product","link":"https:\/\/svetslik.si\/it\/gustav-klimt\/water-serpents-ii\/","title":{"rendered":"Gustav Klimt &#8211; Water serpents II"},"content":{"rendered":"<div class=\"wpb-content-wrapper\">[vc_row][vc_column][vc_column_text]\n<h1>Gustav Klimt &#8211; Serpenti d&#8217;acqua II<\/h1>\n<p>&nbsp;<\/p>\n<table id=\"imageinfo\" border=\"0\" width=\"96%\" cellspacing=\"0\" cellpadding=\"2\">\n<tbody>\n<tr>\n<td width=\"120\">Anno di creazione:<\/td>\n<td>1904-1907<\/td>\n<\/tr>\n<tr>\n<td>Dimensione originale:<\/td>\n<td>80 x 145 cm<\/td>\n<\/tr>\n<tr>\n<td>Stile di pittura:<\/td>\n<td>Secessione<\/td>\n<\/tr>\n<tr>\n<td>Tecnica originale:<\/td>\n<td>Olio su tela<\/td>\n<\/tr>\n<tr>\n<td>Situato:<\/td>\n<td>Galleria Nazionale d&#8217;Arte Moderna (GNOM), Roma<\/td>\n<\/tr>\n<\/tbody>\n<\/table>\n<p>&nbsp;<\/p>\n<p>L&#8217;olio su tela <em>Serpenti d&#8217;acqua II<\/em> fa parte della serie <em>Serpenti d&#8217;acqua<\/em> di Klimt, tipica dell&#8217;opera del pittore. Le parti altamente ornamentali del dipinto sfumano in scintillanti toni dorati, mentre il motivo dell&#8217;opera d&#8217;arte contiene una carica erotica tipica delle raffigurazioni femminili di Klimt.[\/vc_column_text][\/vc_column][\/vc_row][vc_row][vc_column][vc_column_text] &#8220;Serpenti d&#8217;acqua II &#8220;, dipinti dall&#8217;artista austriaco Gustav Klimt negli anni 1904-1907, sono considerati una delle opere pi\u00f9 sorprendenti ed enigmatiche dell&#8217;artista. Il dipinto mostra un gruppo di creature simili a serpenti che nuotano in uno specchio d&#8217;acqua, circondate da una vegetazione lussureggiante e uno sfondo vibrante e vorticoso.<\/p>\n<p>Il dipinto \u00e8 un eccellente esempio dello stile Art Nouveau di Klimt, caratterizzato dall&#8217;uso di motivi elaborati, colori audaci e soggetti sensuali. Le creature simili a serpenti sono rappresentate in modo altamente stilizzato, con corpi allungati e tratti del viso semplificati, conferendo all&#8217;immagine una qualit\u00e0 ultraterrena e onirica.<\/p>\n<p>Una delle caratteristiche pi\u00f9 sorprendenti di &#8220;Water Serpents II&#8221; \u00e8 l&#8217;uso di colori audaci e motivi intricati. Il dipinto \u00e8 un tripudio di colori, con creature simili a serpenti, fogliame e sfondo tutti composti da motivi vorticosi e intrecciati. L&#8217;uso del colore e del motivo crea un senso di movimento e fluidit\u00e0, appropriato dato il tema acquoso del dipinto.<\/p>\n<p>Anche il simbolismo del dipinto \u00e8 ricco. Le creature simili a serpenti sono spesso viste come simboli di rinascita e rinnovamento, mentre il fogliame lussureggiante e gli sfondi vibranti possono simboleggiare l&#8217;abbondanza e la vitalit\u00e0 della natura. Anche le creature simili a serpenti sono raffigurate con corpi allungati, che possono essere intesi come un simbolo della continuit\u00e0 della vita.<\/p>\n<p>&#8220;Water Snakes II&#8221; faceva parte di una serie di dipinti che Klimt cre\u00f2 sul tema dei serpenti d&#8217;acqua. La serie \u00e8 considerata una delle sue opere pi\u00f9 importanti ed \u00e8 nota per l&#8217;uso di colori audaci e motivi intricati. La serie \u00e8 stata fortemente influenzata dal movimento simbolista, che ha cercato di esprimere idee ed emozioni con l&#8217;aiuto di immagini simboliche.<\/p>\n<p>Il dipinto \u00e8 attualmente conservato nel Museo di Belle Arti di Vienna, in Austria. \u00c8 considerato un capolavoro dell&#8217;Art Nouveau e l&#8217;opera di Gustav Klimt.<\/p>\n<p>In breve, &#8220;Water Serpents II&#8221; \u00e8 un dipinto straordinario e misterioso che mostra i motivi riccamente decorati, i colori audaci e il tema sensuale che sono i tratti distintivi dello stile art nouveau di Gustav Klimt. L&#8217;uso del colore e del motivo nell&#8217;immagine crea un senso di movimento e fluidit\u00e0, mentre le creature simili a serpenti possono simboleggiare rinascita e rinnovamento. Il dipinto \u00e8 considerato un capolavoro dell&#8217;Art Nouveau e opera di Gustav Klimt, ed \u00e8 attualmente conservato nel Museo di Belle Arti di Vienna, in Austria.[\/vc_column_text][\/vc_column][\/vc_row][vc_row css=&#8221;.vc_custom_1691304079580{margin-bottom: 10px !important;}&#8221;][vc_column]\t<div class=\"et-image-564 et-image  full   et_image_link\">\n\t\t<div class=\"et-image-inner \">\n\t\t\t\t\t\t\t<div class=\"et-image-thumb \">\n\t\t\t\t\t<img decoding=\"async\" width=\"2560\" height=\"1700\" src=\"https:\/\/svetslik.si\/wp-content\/uploads\/2021\/09\/Gustav-Klimt-\u2013-Water-serpents-II-3-scaled.jpg\" class=\"attachment-full\" alt=\"Gustav Klimt - Serpenti d&#039;acqua II - 3\" title=\"Gustav Klimt - Serpenti d&#039;acqua II - 3\" srcset=\"https:\/\/svetslik.si\/wp-content\/uploads\/2021\/09\/Gustav-Klimt-\u2013-Water-serpents-II-3-scaled.jpg 2560w, https:\/\/svetslik.si\/wp-content\/uploads\/2021\/09\/Gustav-Klimt-\u2013-Water-serpents-II-3-600x398.jpg 600w, https:\/\/svetslik.si\/wp-content\/uploads\/2021\/09\/Gustav-Klimt-\u2013-Water-serpents-II-3-scaled-1200x797.jpg 1200w, https:\/\/svetslik.si\/wp-content\/uploads\/2021\/09\/Gustav-Klimt-\u2013-Water-serpents-II-3-300x199.jpg 300w, https:\/\/svetslik.si\/wp-content\/uploads\/2021\/09\/Gustav-Klimt-\u2013-Water-serpents-II-3-1024x680.jpg 1024w, https:\/\/svetslik.si\/wp-content\/uploads\/2021\/09\/Gustav-Klimt-\u2013-Water-serpents-II-3-768x510.jpg 768w, https:\/\/svetslik.si\/wp-content\/uploads\/2021\/09\/Gustav-Klimt-\u2013-Water-serpents-II-3-1536x1020.jpg 1536w, https:\/\/svetslik.si\/wp-content\/uploads\/2021\/09\/Gustav-Klimt-\u2013-Water-serpents-II-3-2048x1360.jpg 2048w, https:\/\/svetslik.si\/wp-content\/uploads\/2021\/09\/Gustav-Klimt-\u2013-Water-serpents-II-3-18x12.jpg 18w, https:\/\/svetslik.si\/wp-content\/uploads\/2021\/09\/Gustav-Klimt-\u2013-Water-serpents-II-3-150x100.jpg 150w, https:\/\/svetslik.si\/wp-content\/uploads\/2021\/09\/Gustav-Klimt-\u2013-Water-serpents-II-3-1320x876.jpg 1320w, https:\/\/svetslik.si\/wp-content\/uploads\/2021\/09\/Gustav-Klimt-\u2013-Water-serpents-II-3-900x598.jpg 900w\" sizes=\"(max-width: 2560px) 100vw, 2560px\" \/>\t\t\t\t<\/div>\n\t\t\t\t\t\t\t\t\t\t\t<\/div>\n\t<\/div>\n  [\/vc_column][\/vc_row][vc_row css=&#8221;.vc_custom_1691304079580{margin-bottom: 10px !important;}&#8221;][vc_column]\t<div class=\"et-image-68 et-image  full   et_image_link\">\n\t\t<div class=\"et-image-inner \">\n\t\t\t\t\t\t\t<div class=\"et-image-thumb \">\n\t\t\t\t\t<img decoding=\"async\" width=\"2312\" height=\"2252\" src=\"https:\/\/svetslik.si\/wp-content\/uploads\/2021\/09\/Gustav-Klimt-\u2013-Water-serpents-II-2.jpg\" class=\"attachment-full\" alt=\"Gustav Klimt - Serpenti d&#039;acqua II - 2\" title=\"Gustav Klimt - Serpenti d&#039;acqua II - 2\" srcset=\"https:\/\/svetslik.si\/wp-content\/uploads\/2021\/09\/Gustav-Klimt-\u2013-Water-serpents-II-2.jpg 2312w, https:\/\/svetslik.si\/wp-content\/uploads\/2021\/09\/Gustav-Klimt-\u2013-Water-serpents-II-2-600x584.jpg 600w, https:\/\/svetslik.si\/wp-content\/uploads\/2021\/09\/Gustav-Klimt-\u2013-Water-serpents-II-2-1200x1169.jpg 1200w, https:\/\/svetslik.si\/wp-content\/uploads\/2021\/09\/Gustav-Klimt-\u2013-Water-serpents-II-2-300x292.jpg 300w, https:\/\/svetslik.si\/wp-content\/uploads\/2021\/09\/Gustav-Klimt-\u2013-Water-serpents-II-2-1024x997.jpg 1024w, https:\/\/svetslik.si\/wp-content\/uploads\/2021\/09\/Gustav-Klimt-\u2013-Water-serpents-II-2-768x748.jpg 768w, https:\/\/svetslik.si\/wp-content\/uploads\/2021\/09\/Gustav-Klimt-\u2013-Water-serpents-II-2-1536x1496.jpg 1536w, https:\/\/svetslik.si\/wp-content\/uploads\/2021\/09\/Gustav-Klimt-\u2013-Water-serpents-II-2-2048x1995.jpg 2048w, https:\/\/svetslik.si\/wp-content\/uploads\/2021\/09\/Gustav-Klimt-\u2013-Water-serpents-II-2-12x12.jpg 12w, https:\/\/svetslik.si\/wp-content\/uploads\/2021\/09\/Gustav-Klimt-\u2013-Water-serpents-II-2-150x146.jpg 150w, https:\/\/svetslik.si\/wp-content\/uploads\/2021\/09\/Gustav-Klimt-\u2013-Water-serpents-II-2-1320x1286.jpg 1320w, https:\/\/svetslik.si\/wp-content\/uploads\/2021\/09\/Gustav-Klimt-\u2013-Water-serpents-II-2-900x877.jpg 900w\" sizes=\"(max-width: 2312px) 100vw, 2312px\" \/>\t\t\t\t<\/div>\n\t\t\t\t\t\t\t\t\t\t\t<\/div>\n\t<\/div>\n  [\/vc_column][\/vc_row][vc_row css=&#8221;.vc_custom_1691304079580{margin-bottom: 10px !important;}&#8221;][vc_column]\t<div class=\"et-image-245 et-image  full   et_image_link\">\n\t\t<div class=\"et-image-inner \">\n\t\t\t\t\t\t\t<div class=\"et-image-thumb \">\n\t\t\t\t\t<img decoding=\"async\" width=\"2560\" height=\"2211\" src=\"https:\/\/svetslik.si\/wp-content\/uploads\/2021\/09\/Gustav-Klimt-\u2013-Water-serpents-II-1-scaled.jpg\" class=\"attachment-full\" alt=\"Gustav Klimt - Serpenti d&#039;acqua II - 1\" title=\"Gustav Klimt - Serpenti d&#039;acqua II - 1\" srcset=\"https:\/\/svetslik.si\/wp-content\/uploads\/2021\/09\/Gustav-Klimt-\u2013-Water-serpents-II-1-scaled.jpg 2560w, https:\/\/svetslik.si\/wp-content\/uploads\/2021\/09\/Gustav-Klimt-\u2013-Water-serpents-II-1-600x518.jpg 600w, https:\/\/svetslik.si\/wp-content\/uploads\/2021\/09\/Gustav-Klimt-\u2013-Water-serpents-II-1-scaled-1200x1036.jpg 1200w, https:\/\/svetslik.si\/wp-content\/uploads\/2021\/09\/Gustav-Klimt-\u2013-Water-serpents-II-1-300x259.jpg 300w, https:\/\/svetslik.si\/wp-content\/uploads\/2021\/09\/Gustav-Klimt-\u2013-Water-serpents-II-1-1024x884.jpg 1024w, https:\/\/svetslik.si\/wp-content\/uploads\/2021\/09\/Gustav-Klimt-\u2013-Water-serpents-II-1-768x663.jpg 768w, https:\/\/svetslik.si\/wp-content\/uploads\/2021\/09\/Gustav-Klimt-\u2013-Water-serpents-II-1-1536x1326.jpg 1536w, https:\/\/svetslik.si\/wp-content\/uploads\/2021\/09\/Gustav-Klimt-\u2013-Water-serpents-II-1-2048x1768.jpg 2048w, https:\/\/svetslik.si\/wp-content\/uploads\/2021\/09\/Gustav-Klimt-\u2013-Water-serpents-II-1-14x12.jpg 14w, https:\/\/svetslik.si\/wp-content\/uploads\/2021\/09\/Gustav-Klimt-\u2013-Water-serpents-II-1-150x130.jpg 150w, https:\/\/svetslik.si\/wp-content\/uploads\/2021\/09\/Gustav-Klimt-\u2013-Water-serpents-II-1-1320x1140.jpg 1320w, https:\/\/svetslik.si\/wp-content\/uploads\/2021\/09\/Gustav-Klimt-\u2013-Water-serpents-II-1-900x777.jpg 900w\" sizes=\"(max-width: 2560px) 100vw, 2560px\" \/>\t\t\t\t<\/div>\n\t\t\t\t\t\t\t\t\t\t\t<\/div>\n\t<\/div>\n  [\/vc_column][\/vc_row]\n<\/div>","protected":false},"excerpt":{"rendered":"<p>[vc_row][vc_column][vc_column_text] Gustav Klimt &#8211; Serpenti d&#8217;acqua II &nbsp; Anno di creazione: 1904-1907 Dimensione originale: 80 x 145 cm Stile di pittura: Secessione Tecnica originale: Olio su tela Situato: Galleria Nazionale d&#8217;Arte Moderna (GNOM), Roma &nbsp; L&#8217;olio su tela Serpenti d&#8217;acqua II fa parte della serie Serpenti d&#8217;acqua di Klimt, tipica [&hellip;]<\/p>\n","protected":false},"featured_media":35887,"template":"","meta":{"_acf_changed":false},"product_brand":[],"product_cat":[4182],"product_tag":[4220,4224,4245,4246,4253],"class_list":{"0":"post-38955","1":"product","2":"type-product","3":"status-publish","4":"has-post-thumbnail","6":"product_cat-gustav-klimt","7":"product_tag-gustav-klimt-it","8":"product_tag-klimt-it","9":"product_tag-riproduzione","10":"product_tag-riproduzione-it","11":"product_tag-un-pittore","12":"pa_dimenzija-100-x-55-cm","13":"pa_dimenzija-120-x-65-cm","14":"pa_dimenzija-145-x-80-cm","15":"pa_dimenzija-160-x-90-cm","16":"pa_dimenzija-180-x-100-cm","17":"pa_dimenzija-60-x-35-cm","18":"pa_dimenzija-70-x-40-cm","19":"pa_dimenzija-80-x-45-cm","20":"pa_dimenzija-90-x-50-cm","21":"pa_oblika-orizzontale","22":"pa_okvir-sensa-cornice","23":"pa_podokvir-no","24":"pa_podokvir-si","26":"first","27":"onbackorder","28":"purchasable","29":"product-type-variable","30":"has-default-attributes"},"acf":[],"yoast_head":"<!-- This site is optimized with the Yoast SEO Premium plugin v26.0 (Yoast SEO v27.2) - https:\/\/yoast.com\/product\/yoast-seo-premium-wordpress\/ -->\n<title>Gustav Klimt - Water serpents II - SVETSLIK.SI - Dipinti a mano al 100%<\/title>\n<meta name=\"description\" content=\"Gustav Klimt - Water serpents II - Riproduzioni di quadri d&#039;arte dipinte a mano al 100% su tela. Cornici per quadri, vendita e produzione di dimensioni su ordinazione.\" \/>\n<meta name=\"robots\" content=\"index, follow, max-snippet:-1, max-image-preview:large, max-video-preview:-1\" \/>\n<link rel=\"canonical\" href=\"https:\/\/svetslik.si\/it\/gustav-klimt\/water-serpents-ii\/\" \/>\n<meta property=\"og:locale\" content=\"it_IT\" \/>\n<meta property=\"og:type\" content=\"article\" \/>\n<meta property=\"og:title\" content=\"Gustav Klimt - Water serpents II\" \/>\n<meta property=\"og:description\" content=\"100% ro\u010dno naslikane slike na platnu, reprodukcije znanih slikarjev in umetni\u0161ke slike po naro\u010dilu.\" \/>\n<meta property=\"og:url\" content=\"https:\/\/svetslik.si\/it\/gustav-klimt\/water-serpents-ii\/\" \/>\n<meta property=\"og:site_name\" content=\"SVETSLIK.SI\" \/>\n<meta property=\"article:publisher\" content=\"https:\/\/www.facebook.com\/svetslik.si\" \/>\n<meta property=\"article:modified_time\" content=\"2026-03-22T20:21:37+00:00\" \/>\n<meta property=\"og:image\" content=\"https:\/\/svetslik.si\/wp-content\/uploads\/2021\/08\/image_Water-serpents-II-Gustav-Klimt_680.jpg\" \/>\n\t<meta property=\"og:image:width\" content=\"1920\" \/>\n\t<meta property=\"og:image:height\" content=\"1109\" \/>\n\t<meta property=\"og:image:type\" content=\"image\/jpeg\" \/>\n<meta name=\"twitter:card\" content=\"summary_large_image\" \/>\n<meta name=\"twitter:site\" content=\"@svetslik\" \/>\n<meta name=\"twitter:label1\" content=\"Disponibilit\u00e0\" \/>\n\t<meta name=\"twitter:data1\" content=\"Su ordinazione\" \/>\n<script type=\"application\/ld+json\" class=\"yoast-schema-graph\">{\"@context\":\"https:\/\/schema.org\",\"@graph\":[{\"@type\":[\"WebPage\",\"ItemPage\"],\"@id\":\"https:\/\/svetslik.si\/it\/gustav-klimt\/water-serpents-ii\/\",\"url\":\"https:\/\/svetslik.si\/it\/gustav-klimt\/water-serpents-ii\/\",\"name\":\"Gustav Klimt - Water serpents II - SVETSLIK.SI - Dipinti a mano al 100%\",\"isPartOf\":{\"@id\":\"https:\/\/svetslik.si\/it\/#website\"},\"primaryImageOfPage\":{\"@id\":\"https:\/\/svetslik.si\/it\/gustav-klimt\/water-serpents-ii\/#primaryimage\"},\"image\":{\"@id\":\"https:\/\/svetslik.si\/it\/gustav-klimt\/water-serpents-ii\/#primaryimage\"},\"thumbnailUrl\":\"https:\/\/svetslik.si\/wp-content\/uploads\/2021\/08\/image_Water-serpents-II-Gustav-Klimt_680.jpg\",\"datePublished\":\"2021-09-02T15:51:54+00:00\",\"dateModified\":\"2026-03-22T20:21:37+00:00\",\"description\":\"Gustav Klimt - Water serpents II - Riproduzioni di quadri d'arte dipinte a mano al 100% su tela. Cornici per quadri, vendita e produzione di dimensioni su ordinazione.\",\"breadcrumb\":{\"@id\":\"https:\/\/svetslik.si\/it\/gustav-klimt\/water-serpents-ii\/#breadcrumb\"},\"inLanguage\":\"it-IT\",\"potentialAction\":[{\"@type\":\"ReadAction\",\"target\":[\"https:\/\/svetslik.si\/it\/gustav-klimt\/water-serpents-ii\/\"]}]},{\"@type\":\"ImageObject\",\"inLanguage\":\"it-IT\",\"@id\":\"https:\/\/svetslik.si\/it\/gustav-klimt\/water-serpents-ii\/#primaryimage\",\"url\":\"https:\/\/svetslik.si\/wp-content\/uploads\/2021\/08\/image_Water-serpents-II-Gustav-Klimt_680.jpg\",\"contentUrl\":\"https:\/\/svetslik.si\/wp-content\/uploads\/2021\/08\/image_Water-serpents-II-Gustav-Klimt_680.jpg\",\"width\":1920,\"height\":1109,\"caption\":\"Serpenti d'acqua II - Gustav Klimt Riproduzioni di famosi pittori, quadri moderni, quadri d'arte per parete\"},{\"@type\":\"BreadcrumbList\",\"@id\":\"https:\/\/svetslik.si\/it\/gustav-klimt\/water-serpents-ii\/#breadcrumb\",\"itemListElement\":[{\"@type\":\"ListItem\",\"position\":1,\"name\":\"Fali m\u0171v\u00e9szet \u00e9s festm\u00e9nyek v\u00e1szonra\",\"item\":\"https:\/\/svetslik.si\/it\/\"},{\"@type\":\"ListItem\",\"position\":2,\"name\":\"Vendita di dipinti\",\"item\":\"https:\/\/svetslik.si\/prodaja-slik\/\"},{\"@type\":\"ListItem\",\"position\":3,\"name\":\"Gustav Klimt &#8211; Water serpents II\"}]},{\"@type\":\"WebSite\",\"@id\":\"https:\/\/svetslik.si\/it\/#website\",\"url\":\"https:\/\/svetslik.si\/it\/\",\"name\":\"SVETSLIK.SI\",\"description\":\"100% riproduzioni dipinte a mano di quadri di pittori famosi e dipinti su tela.\",\"publisher\":{\"@id\":\"https:\/\/svetslik.si\/it\/#organization\"},\"potentialAction\":[{\"@type\":\"SearchAction\",\"target\":{\"@type\":\"EntryPoint\",\"urlTemplate\":\"https:\/\/svetslik.si\/it\/?s={search_term_string}\"},\"query-input\":{\"@type\":\"PropertyValueSpecification\",\"valueRequired\":true,\"valueName\":\"search_term_string\"}}],\"inLanguage\":\"it-IT\"},{\"@type\":\"Organization\",\"@id\":\"https:\/\/svetslik.si\/it\/#organization\",\"name\":\"SvetSlik.si\",\"url\":\"https:\/\/svetslik.si\/it\/\",\"logo\":{\"@type\":\"ImageObject\",\"inLanguage\":\"it-IT\",\"@id\":\"https:\/\/svetslik.si\/it\/#\/schema\/logo\/image\/\",\"url\":\"https:\/\/svetslik.si\/wp-content\/uploads\/2020\/12\/logo-512.png\",\"contentUrl\":\"https:\/\/svetslik.si\/wp-content\/uploads\/2020\/12\/logo-512.png\",\"width\":512,\"height\":512,\"caption\":\"SvetSlik.si\"},\"image\":{\"@id\":\"https:\/\/svetslik.si\/it\/#\/schema\/logo\/image\/\"},\"sameAs\":[\"https:\/\/www.facebook.com\/svetslik.si\",\"https:\/\/x.com\/svetslik\",\"https:\/\/www.instagram.com\/svetslik.si\/\",\"https:\/\/www.linkedin.com\/company\/svetslik-si\"]}]}<\/script>\n<meta property=\"og:availability\" content=\"backorder\" \/>\n<meta property=\"product:availability\" content=\"available for order\" \/>\n<meta property=\"product:retailer_item_id\" content=\"241__\" \/>\n<meta property=\"product:condition\" content=\"new\" \/>\n<!-- \/ Yoast SEO Premium plugin. -->","yoast_head_json":{"title":"Gustav Klimt - Water serpents II - SVETSLIK.SI - Dipinti a mano al 100%","description":"Gustav Klimt - Water serpents II - Riproduzioni di quadri d'arte dipinte a mano al 100% su tela. Cornici per quadri, vendita e produzione di dimensioni su ordinazione.","robots":{"index":"index","follow":"follow","max-snippet":"max-snippet:-1","max-image-preview":"max-image-preview:large","max-video-preview":"max-video-preview:-1"},"canonical":"https:\/\/svetslik.si\/it\/gustav-klimt\/water-serpents-ii\/","og_locale":"it_IT","og_type":"article","og_title":"Gustav Klimt - Water serpents II","og_description":"100% ro\u010dno naslikane slike na platnu, reprodukcije znanih slikarjev in umetni\u0161ke slike po naro\u010dilu.","og_url":"https:\/\/svetslik.si\/it\/gustav-klimt\/water-serpents-ii\/","og_site_name":"SVETSLIK.SI","article_publisher":"https:\/\/www.facebook.com\/svetslik.si","article_modified_time":"2026-03-22T20:21:37+00:00","og_image":[{"width":1920,"height":1109,"url":"https:\/\/svetslik.si\/wp-content\/uploads\/2021\/08\/image_Water-serpents-II-Gustav-Klimt_680.jpg","type":"image\/jpeg"}],"twitter_card":"summary_large_image","twitter_site":"@svetslik","twitter_misc":{"Disponibilit\u00e0":"Su ordinazione"},"schema":{"@context":"https:\/\/schema.org","@graph":[{"@type":["WebPage","ItemPage"],"@id":"https:\/\/svetslik.si\/it\/gustav-klimt\/water-serpents-ii\/","url":"https:\/\/svetslik.si\/it\/gustav-klimt\/water-serpents-ii\/","name":"Gustav Klimt - Water serpents II - SVETSLIK.SI - Dipinti a mano al 100%","isPartOf":{"@id":"https:\/\/svetslik.si\/it\/#website"},"primaryImageOfPage":{"@id":"https:\/\/svetslik.si\/it\/gustav-klimt\/water-serpents-ii\/#primaryimage"},"image":{"@id":"https:\/\/svetslik.si\/it\/gustav-klimt\/water-serpents-ii\/#primaryimage"},"thumbnailUrl":"https:\/\/svetslik.si\/wp-content\/uploads\/2021\/08\/image_Water-serpents-II-Gustav-Klimt_680.jpg","datePublished":"2021-09-02T15:51:54+00:00","dateModified":"2026-03-22T20:21:37+00:00","description":"Gustav Klimt - Water serpents II - Riproduzioni di quadri d'arte dipinte a mano al 100% su tela. Cornici per quadri, vendita e produzione di dimensioni su ordinazione.","breadcrumb":{"@id":"https:\/\/svetslik.si\/it\/gustav-klimt\/water-serpents-ii\/#breadcrumb"},"inLanguage":"it-IT","potentialAction":[{"@type":"ReadAction","target":["https:\/\/svetslik.si\/it\/gustav-klimt\/water-serpents-ii\/"]}]},{"@type":"ImageObject","inLanguage":"it-IT","@id":"https:\/\/svetslik.si\/it\/gustav-klimt\/water-serpents-ii\/#primaryimage","url":"https:\/\/svetslik.si\/wp-content\/uploads\/2021\/08\/image_Water-serpents-II-Gustav-Klimt_680.jpg","contentUrl":"https:\/\/svetslik.si\/wp-content\/uploads\/2021\/08\/image_Water-serpents-II-Gustav-Klimt_680.jpg","width":1920,"height":1109,"caption":"Serpenti d'acqua II - Gustav Klimt Riproduzioni di famosi pittori, quadri moderni, quadri d'arte per parete"},{"@type":"BreadcrumbList","@id":"https:\/\/svetslik.si\/it\/gustav-klimt\/water-serpents-ii\/#breadcrumb","itemListElement":[{"@type":"ListItem","position":1,"name":"Fali m\u0171v\u00e9szet \u00e9s festm\u00e9nyek v\u00e1szonra","item":"https:\/\/svetslik.si\/it\/"},{"@type":"ListItem","position":2,"name":"Vendita di dipinti","item":"https:\/\/svetslik.si\/prodaja-slik\/"},{"@type":"ListItem","position":3,"name":"Gustav Klimt &#8211; Water serpents II"}]},{"@type":"WebSite","@id":"https:\/\/svetslik.si\/it\/#website","url":"https:\/\/svetslik.si\/it\/","name":"SVETSLIK.SI","description":"100% riproduzioni dipinte a mano di quadri di pittori famosi e dipinti su tela.","publisher":{"@id":"https:\/\/svetslik.si\/it\/#organization"},"potentialAction":[{"@type":"SearchAction","target":{"@type":"EntryPoint","urlTemplate":"https:\/\/svetslik.si\/it\/?s={search_term_string}"},"query-input":{"@type":"PropertyValueSpecification","valueRequired":true,"valueName":"search_term_string"}}],"inLanguage":"it-IT"},{"@type":"Organization","@id":"https:\/\/svetslik.si\/it\/#organization","name":"SvetSlik.si","url":"https:\/\/svetslik.si\/it\/","logo":{"@type":"ImageObject","inLanguage":"it-IT","@id":"https:\/\/svetslik.si\/it\/#\/schema\/logo\/image\/","url":"https:\/\/svetslik.si\/wp-content\/uploads\/2020\/12\/logo-512.png","contentUrl":"https:\/\/svetslik.si\/wp-content\/uploads\/2020\/12\/logo-512.png","width":512,"height":512,"caption":"SvetSlik.si"},"image":{"@id":"https:\/\/svetslik.si\/it\/#\/schema\/logo\/image\/"},"sameAs":["https:\/\/www.facebook.com\/svetslik.si","https:\/\/x.com\/svetslik","https:\/\/www.instagram.com\/svetslik.si\/","https:\/\/www.linkedin.com\/company\/svetslik-si"]}]},"og_availability":"backorder","product_availability":"available for order","product_retailer_item_id":"241__","product_condition":"new"},"jetpack_sharing_enabled":true,"_links":{"self":[{"href":"https:\/\/svetslik.si\/it\/wp-json\/wp\/v2\/product\/38955","targetHints":{"allow":["GET"]}}],"collection":[{"href":"https:\/\/svetslik.si\/it\/wp-json\/wp\/v2\/product"}],"about":[{"href":"https:\/\/svetslik.si\/it\/wp-json\/wp\/v2\/types\/product"}],"wp:featuredmedia":[{"embeddable":true,"href":"https:\/\/svetslik.si\/it\/wp-json\/wp\/v2\/media\/35887"}],"wp:attachment":[{"href":"https:\/\/svetslik.si\/it\/wp-json\/wp\/v2\/media?parent=38955"}],"wp:term":[{"taxonomy":"product_brand","embeddable":true,"href":"https:\/\/svetslik.si\/it\/wp-json\/wp\/v2\/product_brand?post=38955"},{"taxonomy":"product_cat","embeddable":true,"href":"https:\/\/svetslik.si\/it\/wp-json\/wp\/v2\/product_cat?post=38955"},{"taxonomy":"product_tag","embeddable":true,"href":"https:\/\/svetslik.si\/it\/wp-json\/wp\/v2\/product_tag?post=38955"}],"curies":[{"name":"wp","href":"https:\/\/api.w.org\/{rel}","templated":true}]}}