{"id":38965,"date":"2021-09-02T17:51:54","date_gmt":"2021-09-02T15:51:54","guid":{"rendered":"https:\/\/svetslik.si\/senza-categoria\/a-self-portrait-with-a-bandaged-ear\/"},"modified":"2026-03-22T21:21:37","modified_gmt":"2026-03-22T20:21:37","slug":"a-self-portrait-with-a-bandaged-ear","status":"publish","type":"product","link":"https:\/\/svetslik.si\/it\/vincent-van-gogh\/a-self-portrait-with-a-bandaged-ear\/","title":{"rendered":"Vincent van Gogh &#8211; A self-portrait with a bandaged ear"},"content":{"rendered":"<h1>Vincent Van Gogh &#8211; Un autoritratto con l&#8217;orecchio bendato<\/h1>\n<p>\n&nbsp;<\/p>\n<table border=\"0\" cellpadding=\"2\" cellspacing=\"0\" id=\"imageinfo\" width=\"96%\">\n<tr>\n<td width=\"120\">\nAnno di creazione:<\/td>\n<td>\n1888<\/td>\n<\/tr>\n<tr>\n<td>\nDimensioni originali:<\/td>\n<td>\n49&nbsp;x&nbsp;60 cm<\/td>\n<\/tr>\n<tr>\n<td>\nStile di pittura:<\/td>\n<td>\nPost-impressionismo<\/td>\n<\/tr>\n<tr>\n<td>\nTecnica originale:<\/td>\n<td>\nOlio su tela<\/td>\n<\/tr>\n<tr>\n<td>\nSituato:<\/td>\n<td>\n<div>\nGallerie del Courtauld Institute of Art, Londra<\/div>\n<\/td>\n<\/tr>\n<\/tbody>\n<\/table>\n<p>\n&nbsp;<\/p>\n<div>\nNel dicembre 1889, Van Gogh minacci\u00f2 il pittore ospite Gauguin con una lama, poi gli tagli\u00f2 la parte inferiore dell&#8217;orecchio sinistro, lo avvolse in un giornale e lo diede a una prostituta di nome Rachel in un bordello locale, chiedendole di custodire l&#8217;oggetto con cura. Gauguin lasci\u00f2 immediatamente Arles e non fece pi\u00f9 ritorno.<\/div>\n<div>\nVan Gogh ha dipinto due autoritratti dopo questo incidente. \u00c8 interessante notare che l&#8217;espressione sul volto del pittore \u00e8 pi\u00f9 calma e pacifica rispetto agli altri autoritratti &#8211; forse il pittore ha trovato la salvezza nel suo ritratto. Interessante anche il timbro giapponese sull&#8217;autoritratto. In una lettera a suo fratello Theo, Van Gogh scrisse di invidiare i pittori giapponesi per il loro stile, che sembrava semplice come respirare.<\/div>\n<div>\n&nbsp;<\/div>\n","protected":false},"excerpt":{"rendered":"<p>Vincent Van Gogh &#8211; Un autoritratto con l&#8217;orecchio bendato &nbsp; Anno di creazione: 1888 Dimensioni originali: 49&nbsp;x&nbsp;60 cm Stile di pittura: Post-impressionismo Tecnica originale: Olio su tela Situato: Gallerie del Courtauld Institute of Art, Londra &nbsp; Nel dicembre 1889, Van Gogh minacci\u00f2 il pittore ospite Gauguin con una lama, poi [&hellip;]<\/p>\n","protected":false},"featured_media":35874,"template":"","meta":{"_acf_changed":false},"product_brand":[],"product_cat":[4189],"product_tag":[4245,4246,4253,4265],"class_list":{"0":"post-38965","1":"product","2":"type-product","3":"status-publish","4":"has-post-thumbnail","6":"product_cat-vincent-van-gogh","7":"product_tag-riproduzione","8":"product_tag-riproduzione-it","9":"product_tag-un-pittore","10":"product_tag-van-gogh-it","11":"pa_dimenzija-100-x-120-cm-it","12":"pa_dimenzija-120-x-150-cm-it","13":"pa_dimenzija-40-x-50-cm-it","14":"pa_dimenzija-49-x-60-cm-it","15":"pa_dimenzija-60-x-70-cm-it","16":"pa_dimenzija-70-x-90-cm-it","17":"pa_dimenzija-80-x-100-cm-it","18":"pa_dimenzija-90-x-110-cm-it","19":"pa_oblika-verticale","20":"pa_okvir-sensa-cornice","21":"pa_podokvir-no","22":"pa_podokvir-si","24":"first","25":"onbackorder","26":"purchasable","27":"product-type-variable","28":"has-default-attributes"},"acf":[],"yoast_head":"<!-- This site is optimized with the Yoast SEO Premium plugin v26.0 (Yoast SEO v27.2) - https:\/\/yoast.com\/product\/yoast-seo-premium-wordpress\/ -->\n<title>Vincent van Gogh - A self-portrait with a bandaged ear - SVETSLIK.SI - Dipinti a mano al 100%<\/title>\n<meta name=\"description\" content=\"Vincent van Gogh - A self-portrait with a bandaged ear - Riproduzioni di quadri d&#039;arte dipinte a mano al 100% su tela. Cornici per quadri, vendita e produzione di dimensioni su ordinazione.\" \/>\n<meta name=\"robots\" content=\"index, follow, max-snippet:-1, max-image-preview:large, max-video-preview:-1\" \/>\n<link rel=\"canonical\" href=\"https:\/\/svetslik.si\/it\/vincent-van-gogh\/a-self-portrait-with-a-bandaged-ear\/\" \/>\n<meta property=\"og:locale\" content=\"it_IT\" \/>\n<meta property=\"og:type\" content=\"article\" \/>\n<meta property=\"og:title\" content=\"Vincent van Gogh - A self-portrait with a bandaged ear\" \/>\n<meta property=\"og:description\" content=\"100% ro\u010dno naslikane slike na platnu, reprodukcije znanih slikarjev in umetni\u0161ke slike po naro\u010dilu.\" \/>\n<meta property=\"og:url\" content=\"https:\/\/svetslik.si\/it\/vincent-van-gogh\/a-self-portrait-with-a-bandaged-ear\/\" \/>\n<meta property=\"og:site_name\" content=\"SVETSLIK.SI\" \/>\n<meta property=\"article:publisher\" content=\"https:\/\/www.facebook.com\/svetslik.si\" \/>\n<meta property=\"article:modified_time\" content=\"2026-03-22T20:21:37+00:00\" \/>\n<meta property=\"og:image\" content=\"https:\/\/svetslik.si\/wp-content\/uploads\/2021\/08\/image_Vincent-Van-Gogh-reprodukcija-slike-A-self-portrait-with-a-bandaged-ear_680.jpg\" \/>\n\t<meta property=\"og:image:width\" content=\"800\" \/>\n\t<meta property=\"og:image:height\" content=\"973\" \/>\n\t<meta property=\"og:image:type\" content=\"image\/jpeg\" \/>\n<meta name=\"twitter:card\" content=\"summary_large_image\" \/>\n<meta name=\"twitter:site\" content=\"@svetslik\" \/>\n<meta name=\"twitter:label1\" content=\"Disponibilit\u00e0\" \/>\n\t<meta name=\"twitter:data1\" content=\"Su ordinazione\" \/>\n<script type=\"application\/ld+json\" class=\"yoast-schema-graph\">{\"@context\":\"https:\/\/schema.org\",\"@graph\":[{\"@type\":[\"WebPage\",\"ItemPage\"],\"@id\":\"https:\/\/svetslik.si\/it\/vincent-van-gogh\/a-self-portrait-with-a-bandaged-ear\/\",\"url\":\"https:\/\/svetslik.si\/it\/vincent-van-gogh\/a-self-portrait-with-a-bandaged-ear\/\",\"name\":\"Vincent van Gogh - A self-portrait with a bandaged ear - SVETSLIK.SI - Dipinti a mano al 100%\",\"isPartOf\":{\"@id\":\"https:\/\/svetslik.si\/it\/#website\"},\"primaryImageOfPage\":{\"@id\":\"https:\/\/svetslik.si\/it\/vincent-van-gogh\/a-self-portrait-with-a-bandaged-ear\/#primaryimage\"},\"image\":{\"@id\":\"https:\/\/svetslik.si\/it\/vincent-van-gogh\/a-self-portrait-with-a-bandaged-ear\/#primaryimage\"},\"thumbnailUrl\":\"https:\/\/svetslik.si\/wp-content\/uploads\/2021\/08\/image_Vincent-Van-Gogh-reprodukcija-slike-A-self-portrait-with-a-bandaged-ear_680.jpg\",\"datePublished\":\"2021-09-02T15:51:54+00:00\",\"dateModified\":\"2026-03-22T20:21:37+00:00\",\"description\":\"Vincent van Gogh - A self-portrait with a bandaged ear - Riproduzioni di quadri d'arte dipinte a mano al 100% su tela. Cornici per quadri, vendita e produzione di dimensioni su ordinazione.\",\"breadcrumb\":{\"@id\":\"https:\/\/svetslik.si\/it\/vincent-van-gogh\/a-self-portrait-with-a-bandaged-ear\/#breadcrumb\"},\"inLanguage\":\"it-IT\",\"potentialAction\":[{\"@type\":\"ReadAction\",\"target\":[\"https:\/\/svetslik.si\/it\/vincent-van-gogh\/a-self-portrait-with-a-bandaged-ear\/\"]}]},{\"@type\":\"ImageObject\",\"inLanguage\":\"it-IT\",\"@id\":\"https:\/\/svetslik.si\/it\/vincent-van-gogh\/a-self-portrait-with-a-bandaged-ear\/#primaryimage\",\"url\":\"https:\/\/svetslik.si\/wp-content\/uploads\/2021\/08\/image_Vincent-Van-Gogh-reprodukcija-slike-A-self-portrait-with-a-bandaged-ear_680.jpg\",\"contentUrl\":\"https:\/\/svetslik.si\/wp-content\/uploads\/2021\/08\/image_Vincent-Van-Gogh-reprodukcija-slike-A-self-portrait-with-a-bandaged-ear_680.jpg\",\"width\":800,\"height\":973,\"caption\":\"Paul C\u00e9zanne Strada di Villaggio, Auvers - Riproduzioni dipinte a mano di famosi pittori, quadri moderni, quadri artistici per pareti\"},{\"@type\":\"BreadcrumbList\",\"@id\":\"https:\/\/svetslik.si\/it\/vincent-van-gogh\/a-self-portrait-with-a-bandaged-ear\/#breadcrumb\",\"itemListElement\":[{\"@type\":\"ListItem\",\"position\":1,\"name\":\"Fali m\u0171v\u00e9szet \u00e9s festm\u00e9nyek v\u00e1szonra\",\"item\":\"https:\/\/svetslik.si\/it\/\"},{\"@type\":\"ListItem\",\"position\":2,\"name\":\"Vendita di dipinti\",\"item\":\"https:\/\/svetslik.si\/prodaja-slik\/\"},{\"@type\":\"ListItem\",\"position\":3,\"name\":\"Vincent van Gogh &#8211; A self-portrait with a bandaged ear\"}]},{\"@type\":\"WebSite\",\"@id\":\"https:\/\/svetslik.si\/it\/#website\",\"url\":\"https:\/\/svetslik.si\/it\/\",\"name\":\"SVETSLIK.SI\",\"description\":\"100% riproduzioni dipinte a mano di quadri di pittori famosi e dipinti su tela.\",\"publisher\":{\"@id\":\"https:\/\/svetslik.si\/it\/#organization\"},\"potentialAction\":[{\"@type\":\"SearchAction\",\"target\":{\"@type\":\"EntryPoint\",\"urlTemplate\":\"https:\/\/svetslik.si\/it\/?s={search_term_string}\"},\"query-input\":{\"@type\":\"PropertyValueSpecification\",\"valueRequired\":true,\"valueName\":\"search_term_string\"}}],\"inLanguage\":\"it-IT\"},{\"@type\":\"Organization\",\"@id\":\"https:\/\/svetslik.si\/it\/#organization\",\"name\":\"SvetSlik.si\",\"url\":\"https:\/\/svetslik.si\/it\/\",\"logo\":{\"@type\":\"ImageObject\",\"inLanguage\":\"it-IT\",\"@id\":\"https:\/\/svetslik.si\/it\/#\/schema\/logo\/image\/\",\"url\":\"https:\/\/svetslik.si\/wp-content\/uploads\/2020\/12\/logo-512.png\",\"contentUrl\":\"https:\/\/svetslik.si\/wp-content\/uploads\/2020\/12\/logo-512.png\",\"width\":512,\"height\":512,\"caption\":\"SvetSlik.si\"},\"image\":{\"@id\":\"https:\/\/svetslik.si\/it\/#\/schema\/logo\/image\/\"},\"sameAs\":[\"https:\/\/www.facebook.com\/svetslik.si\",\"https:\/\/x.com\/svetslik\",\"https:\/\/www.instagram.com\/svetslik.si\/\",\"https:\/\/www.linkedin.com\/company\/svetslik-si\"]}]}<\/script>\n<meta property=\"og:availability\" content=\"backorder\" \/>\n<meta property=\"product:availability\" content=\"available for order\" \/>\n<meta property=\"product:retailer_item_id\" content=\"242__\" \/>\n<meta property=\"product:condition\" content=\"new\" \/>\n<!-- \/ Yoast SEO Premium plugin. -->","yoast_head_json":{"title":"Vincent van Gogh - A self-portrait with a bandaged ear - SVETSLIK.SI - Dipinti a mano al 100%","description":"Vincent van Gogh - A self-portrait with a bandaged ear - Riproduzioni di quadri d'arte dipinte a mano al 100% su tela. Cornici per quadri, vendita e produzione di dimensioni su ordinazione.","robots":{"index":"index","follow":"follow","max-snippet":"max-snippet:-1","max-image-preview":"max-image-preview:large","max-video-preview":"max-video-preview:-1"},"canonical":"https:\/\/svetslik.si\/it\/vincent-van-gogh\/a-self-portrait-with-a-bandaged-ear\/","og_locale":"it_IT","og_type":"article","og_title":"Vincent van Gogh - A self-portrait with a bandaged ear","og_description":"100% ro\u010dno naslikane slike na platnu, reprodukcije znanih slikarjev in umetni\u0161ke slike po naro\u010dilu.","og_url":"https:\/\/svetslik.si\/it\/vincent-van-gogh\/a-self-portrait-with-a-bandaged-ear\/","og_site_name":"SVETSLIK.SI","article_publisher":"https:\/\/www.facebook.com\/svetslik.si","article_modified_time":"2026-03-22T20:21:37+00:00","og_image":[{"width":800,"height":973,"url":"https:\/\/svetslik.si\/wp-content\/uploads\/2021\/08\/image_Vincent-Van-Gogh-reprodukcija-slike-A-self-portrait-with-a-bandaged-ear_680.jpg","type":"image\/jpeg"}],"twitter_card":"summary_large_image","twitter_site":"@svetslik","twitter_misc":{"Disponibilit\u00e0":"Su ordinazione"},"schema":{"@context":"https:\/\/schema.org","@graph":[{"@type":["WebPage","ItemPage"],"@id":"https:\/\/svetslik.si\/it\/vincent-van-gogh\/a-self-portrait-with-a-bandaged-ear\/","url":"https:\/\/svetslik.si\/it\/vincent-van-gogh\/a-self-portrait-with-a-bandaged-ear\/","name":"Vincent van Gogh - A self-portrait with a bandaged ear - SVETSLIK.SI - Dipinti a mano al 100%","isPartOf":{"@id":"https:\/\/svetslik.si\/it\/#website"},"primaryImageOfPage":{"@id":"https:\/\/svetslik.si\/it\/vincent-van-gogh\/a-self-portrait-with-a-bandaged-ear\/#primaryimage"},"image":{"@id":"https:\/\/svetslik.si\/it\/vincent-van-gogh\/a-self-portrait-with-a-bandaged-ear\/#primaryimage"},"thumbnailUrl":"https:\/\/svetslik.si\/wp-content\/uploads\/2021\/08\/image_Vincent-Van-Gogh-reprodukcija-slike-A-self-portrait-with-a-bandaged-ear_680.jpg","datePublished":"2021-09-02T15:51:54+00:00","dateModified":"2026-03-22T20:21:37+00:00","description":"Vincent van Gogh - A self-portrait with a bandaged ear - Riproduzioni di quadri d'arte dipinte a mano al 100% su tela. Cornici per quadri, vendita e produzione di dimensioni su ordinazione.","breadcrumb":{"@id":"https:\/\/svetslik.si\/it\/vincent-van-gogh\/a-self-portrait-with-a-bandaged-ear\/#breadcrumb"},"inLanguage":"it-IT","potentialAction":[{"@type":"ReadAction","target":["https:\/\/svetslik.si\/it\/vincent-van-gogh\/a-self-portrait-with-a-bandaged-ear\/"]}]},{"@type":"ImageObject","inLanguage":"it-IT","@id":"https:\/\/svetslik.si\/it\/vincent-van-gogh\/a-self-portrait-with-a-bandaged-ear\/#primaryimage","url":"https:\/\/svetslik.si\/wp-content\/uploads\/2021\/08\/image_Vincent-Van-Gogh-reprodukcija-slike-A-self-portrait-with-a-bandaged-ear_680.jpg","contentUrl":"https:\/\/svetslik.si\/wp-content\/uploads\/2021\/08\/image_Vincent-Van-Gogh-reprodukcija-slike-A-self-portrait-with-a-bandaged-ear_680.jpg","width":800,"height":973,"caption":"Paul C\u00e9zanne Strada di Villaggio, Auvers - Riproduzioni dipinte a mano di famosi pittori, quadri moderni, quadri artistici per pareti"},{"@type":"BreadcrumbList","@id":"https:\/\/svetslik.si\/it\/vincent-van-gogh\/a-self-portrait-with-a-bandaged-ear\/#breadcrumb","itemListElement":[{"@type":"ListItem","position":1,"name":"Fali m\u0171v\u00e9szet \u00e9s festm\u00e9nyek v\u00e1szonra","item":"https:\/\/svetslik.si\/it\/"},{"@type":"ListItem","position":2,"name":"Vendita di dipinti","item":"https:\/\/svetslik.si\/prodaja-slik\/"},{"@type":"ListItem","position":3,"name":"Vincent van Gogh &#8211; A self-portrait with a bandaged ear"}]},{"@type":"WebSite","@id":"https:\/\/svetslik.si\/it\/#website","url":"https:\/\/svetslik.si\/it\/","name":"SVETSLIK.SI","description":"100% riproduzioni dipinte a mano di quadri di pittori famosi e dipinti su tela.","publisher":{"@id":"https:\/\/svetslik.si\/it\/#organization"},"potentialAction":[{"@type":"SearchAction","target":{"@type":"EntryPoint","urlTemplate":"https:\/\/svetslik.si\/it\/?s={search_term_string}"},"query-input":{"@type":"PropertyValueSpecification","valueRequired":true,"valueName":"search_term_string"}}],"inLanguage":"it-IT"},{"@type":"Organization","@id":"https:\/\/svetslik.si\/it\/#organization","name":"SvetSlik.si","url":"https:\/\/svetslik.si\/it\/","logo":{"@type":"ImageObject","inLanguage":"it-IT","@id":"https:\/\/svetslik.si\/it\/#\/schema\/logo\/image\/","url":"https:\/\/svetslik.si\/wp-content\/uploads\/2020\/12\/logo-512.png","contentUrl":"https:\/\/svetslik.si\/wp-content\/uploads\/2020\/12\/logo-512.png","width":512,"height":512,"caption":"SvetSlik.si"},"image":{"@id":"https:\/\/svetslik.si\/it\/#\/schema\/logo\/image\/"},"sameAs":["https:\/\/www.facebook.com\/svetslik.si","https:\/\/x.com\/svetslik","https:\/\/www.instagram.com\/svetslik.si\/","https:\/\/www.linkedin.com\/company\/svetslik-si"]}]},"og_availability":"backorder","product_availability":"available for order","product_retailer_item_id":"242__","product_condition":"new"},"jetpack_sharing_enabled":true,"_links":{"self":[{"href":"https:\/\/svetslik.si\/it\/wp-json\/wp\/v2\/product\/38965","targetHints":{"allow":["GET"]}}],"collection":[{"href":"https:\/\/svetslik.si\/it\/wp-json\/wp\/v2\/product"}],"about":[{"href":"https:\/\/svetslik.si\/it\/wp-json\/wp\/v2\/types\/product"}],"wp:featuredmedia":[{"embeddable":true,"href":"https:\/\/svetslik.si\/it\/wp-json\/wp\/v2\/media\/35874"}],"wp:attachment":[{"href":"https:\/\/svetslik.si\/it\/wp-json\/wp\/v2\/media?parent=38965"}],"wp:term":[{"taxonomy":"product_brand","embeddable":true,"href":"https:\/\/svetslik.si\/it\/wp-json\/wp\/v2\/product_brand?post=38965"},{"taxonomy":"product_cat","embeddable":true,"href":"https:\/\/svetslik.si\/it\/wp-json\/wp\/v2\/product_cat?post=38965"},{"taxonomy":"product_tag","embeddable":true,"href":"https:\/\/svetslik.si\/it\/wp-json\/wp\/v2\/product_tag?post=38965"}],"curies":[{"name":"wp","href":"https:\/\/api.w.org\/{rel}","templated":true}]}}