{"id":38974,"date":"2021-09-02T17:52:05","date_gmt":"2021-09-02T15:52:05","guid":{"rendered":"https:\/\/svetslik.si\/senza-categoria\/painter-on-his-way-to-work\/"},"modified":"2026-03-22T21:22:31","modified_gmt":"2026-03-22T20:22:31","slug":"painter-on-his-way-to-work","status":"publish","type":"product","link":"https:\/\/svetslik.si\/it\/vincent-van-gogh\/painter-on-his-way-to-work\/","title":{"rendered":"Vincent van Gogh &#8211; Painter on His Way to Work"},"content":{"rendered":"<h1>Vincent Van Gogh &#8211; Pittore in viaggio verso il lavoro<\/h1>\n<p>&nbsp;<\/p>\n<table id=\"imageinfo\" border=\"0\" width=\"96%\" cellspacing=\"0\" cellpadding=\"2\">\n<tr>\n<td width=\"120\">Anno di creazione:<\/td>\n<td>1888<\/td>\n<\/tr>\n<tr>\n<td>Dimensione originale:<\/td>\n<td>40 x 44 cm<\/td>\n<\/tr>\n<tr>\n<td>Stile di pittura:<\/td>\n<td>Post-impressionismo<\/td>\n<\/tr>\n<tr>\n<td>Tecnica originale:<\/td>\n<td>Olio su tela<\/td>\n<\/tr>\n<tr>\n<td>Situato:<\/td>\n<td>L&#8217;originale \u00e8 stato distrutto durante la seconda guerra mondiale<\/td>\n<\/tr>\n<\/tbody>\n<\/table>\n<p>L&#8217;olio su tela <em>Pittore mentre si reca al lavoro<\/em> esprime l&#8217;ottimismo di Van Gogh all&#8217;inizio del suo soggiorno ad Arles e l&#8217;opinione idilliaca del pittore sull&#8217;ambiente circostante in quel momento. Questi sentimenti sono molto evidenti e fortemente espressi nella quadro. Inoltre, \u00e8 chiaro da questo dipinto che Van Gogh \u00e8 stato un maestro dei colori e un coraggioso pioniere del loro diverso uso.<\/p>\n<p>&#8220;Pittore sulla strada per il lavoro&#8221; \u00e8 un dipinto dell&#8217;artista olandese Vincent van Gogh del 1888. Il dipinto \u00e8 considerato un&#8217;opera rara e unica che mostra l&#8217;abilit\u00e0 di Van Gogh nel giustapporre la vita quotidiana delle persone e il suo autoritratto. Il dipinto raffigura un uomo, che si crede sia lo stesso Van Gogh, che trasporta materiale per dipingere mentre si reca al lavoro. Il dipinto \u00e8 ampiamente riconosciuto per le sue pennellate audaci, l&#8217;emotivit\u00e0 e il forte simbolismo.<\/p>\n<p>La composizione del dipinto \u00e8 semplice ma efficace, in quanto la figura del pittore occupa gran parte dello spazio sulla tela. Anche l&#8217;uso del colore nel dipinto \u00e8 degno di nota, poich\u00e9 Van Gogh utilizza colori audaci e contrastanti che creano un senso di movimento ed energia. La figura del pittore \u00e8 raffigurata in sfumature arancioni, che creano una sensazione di calore ed energia. Lo sfondo \u00e8 ricoperto da sfumature blu e verdi che creano un senso di calma e serenit\u00e0. Le pennellate nel dipinto sono dense e visibili, conferendo al dipinto un senso di movimento ed energia.<\/p>\n<p>Anche il simbolismo nel dipinto \u00e8 ricco, la figura del pittore rappresenta l&#8217;idea di duro lavoro e dedizione e l&#8217;idea dell&#8217;artista come persona comune. Si dice che il dipinto rappresenti lo stato emotivo di Van Gogh in quel momento. Creato mentre Van Gogh viveva a Parigi, in Francia, si ritiene che il dipinto rifletta i sentimenti di empatia e compassione dell&#8217;artista per la difficile situazione di coloro che lo circondano.<\/p>\n<p>Il dipinto &#8220;Pittore sulla strada per il lavoro&#8221; \u00e8 considerato una delle opere pi\u00f9 rare e uniche di Van Gogh. Si trova nel Mus\u00e9e d&#8217;Orsay di Parigi, in Francia. \u00c8 un&#8217;importante opera di post-impressionismo che \u00e8 ancora ammirata e studiata sia da dilettanti che da esperti. Le potenti immagini, l&#8217;emotivit\u00e0 e il ricco simbolismo rendono il dipinto un must per qualsiasi amante dell&#8217;arte o chiunque sia interessato al lavoro di Vincent van Gogh.<\/p>\n","protected":false},"excerpt":{"rendered":"<p>Vincent Van Gogh &#8211; Pittore in viaggio verso il lavoro &nbsp; Anno di creazione: 1888 Dimensione originale: 40 x 44 cm Stile di pittura: Post-impressionismo Tecnica originale: Olio su tela Situato: L&#8217;originale \u00e8 stato distrutto durante la seconda guerra mondiale L&#8217;olio su tela Pittore mentre si reca al lavoro esprime [&hellip;]<\/p>\n","protected":false},"featured_media":35447,"template":"","meta":{"_acf_changed":false},"product_brand":[],"product_cat":[4189],"product_tag":[4245,4246,4253,4265],"class_list":{"0":"post-38974","1":"product","2":"type-product","3":"status-publish","4":"has-post-thumbnail","6":"product_cat-vincent-van-gogh","7":"product_tag-riproduzione","8":"product_tag-riproduzione-it","9":"product_tag-un-pittore","10":"product_tag-van-gogh-it","11":"pa_dimenzija-100-x-110-cm-it","12":"pa_dimenzija-40-x-44-cm-it","13":"pa_dimenzija-50-x-55-cm-it","14":"pa_dimenzija-60-x-70-cm-it","15":"pa_dimenzija-70-x-80-cm-it","16":"pa_dimenzija-80-x-90-cm-it","17":"pa_dimenzija-90-x-100-cm-it","18":"pa_oblika-verticale","19":"pa_okvir-sensa-cornice","20":"pa_podokvir-no","21":"pa_podokvir-si","23":"first","24":"onbackorder","25":"purchasable","26":"product-type-variable","27":"has-default-attributes"},"acf":[],"yoast_head":"<!-- This site is optimized with the Yoast SEO Premium plugin v26.0 (Yoast SEO v27.2) - https:\/\/yoast.com\/product\/yoast-seo-premium-wordpress\/ -->\n<title>Vincent van Gogh - Painter on His Way to Work - SVETSLIK.SI - Dipinti a mano al 100%<\/title>\n<meta name=\"description\" content=\"Vincent van Gogh - Painter on His Way to Work - Riproduzioni di quadri d&#039;arte dipinte a mano al 100% su tela. Cornici per quadri, vendita e produzione di dimensioni su ordinazione.\" \/>\n<meta name=\"robots\" content=\"index, follow, max-snippet:-1, max-image-preview:large, max-video-preview:-1\" \/>\n<link rel=\"canonical\" href=\"https:\/\/svetslik.si\/it\/vincent-van-gogh\/painter-on-his-way-to-work\/\" \/>\n<meta property=\"og:locale\" content=\"it_IT\" \/>\n<meta property=\"og:type\" content=\"article\" \/>\n<meta property=\"og:title\" content=\"Vincent van Gogh - Painter on His Way to Work\" \/>\n<meta property=\"og:description\" content=\"100% ro\u010dno naslikane slike na platnu, reprodukcije znanih slikarjev in umetni\u0161ke slike po naro\u010dilu.\" \/>\n<meta property=\"og:url\" content=\"https:\/\/svetslik.si\/it\/vincent-van-gogh\/painter-on-his-way-to-work\/\" \/>\n<meta property=\"og:site_name\" content=\"SVETSLIK.SI\" \/>\n<meta property=\"article:publisher\" content=\"https:\/\/www.facebook.com\/svetslik.si\" \/>\n<meta property=\"article:modified_time\" content=\"2026-03-22T20:22:31+00:00\" \/>\n<meta property=\"og:image\" content=\"https:\/\/svetslik.si\/wp-content\/uploads\/2021\/08\/image_Painter-on-His-Way-to-Work-Van-Gogh_680-scaled.jpg\" \/>\n\t<meta property=\"og:image:width\" content=\"2246\" \/>\n\t<meta property=\"og:image:height\" content=\"2560\" \/>\n\t<meta property=\"og:image:type\" content=\"image\/jpeg\" \/>\n<meta name=\"twitter:card\" content=\"summary_large_image\" \/>\n<meta name=\"twitter:site\" content=\"@svetslik\" \/>\n<meta name=\"twitter:label1\" content=\"Disponibilit\u00e0\" \/>\n\t<meta name=\"twitter:data1\" content=\"Su ordinazione\" \/>\n<script type=\"application\/ld+json\" class=\"yoast-schema-graph\">{\"@context\":\"https:\/\/schema.org\",\"@graph\":[{\"@type\":[\"WebPage\",\"ItemPage\"],\"@id\":\"https:\/\/svetslik.si\/it\/vincent-van-gogh\/painter-on-his-way-to-work\/\",\"url\":\"https:\/\/svetslik.si\/it\/vincent-van-gogh\/painter-on-his-way-to-work\/\",\"name\":\"Vincent van Gogh - Painter on His Way to Work - SVETSLIK.SI - Dipinti a mano al 100%\",\"isPartOf\":{\"@id\":\"https:\/\/svetslik.si\/it\/#website\"},\"primaryImageOfPage\":{\"@id\":\"https:\/\/svetslik.si\/it\/vincent-van-gogh\/painter-on-his-way-to-work\/#primaryimage\"},\"image\":{\"@id\":\"https:\/\/svetslik.si\/it\/vincent-van-gogh\/painter-on-his-way-to-work\/#primaryimage\"},\"thumbnailUrl\":\"https:\/\/svetslik.si\/wp-content\/uploads\/2021\/08\/image_Painter-on-His-Way-to-Work-Van-Gogh_680-scaled.jpg\",\"datePublished\":\"2021-09-02T15:52:05+00:00\",\"dateModified\":\"2026-03-22T20:22:31+00:00\",\"description\":\"Vincent van Gogh - Painter on His Way to Work - Riproduzioni di quadri d'arte dipinte a mano al 100% su tela. Cornici per quadri, vendita e produzione di dimensioni su ordinazione.\",\"breadcrumb\":{\"@id\":\"https:\/\/svetslik.si\/it\/vincent-van-gogh\/painter-on-his-way-to-work\/#breadcrumb\"},\"inLanguage\":\"it-IT\",\"potentialAction\":[{\"@type\":\"ReadAction\",\"target\":[\"https:\/\/svetslik.si\/it\/vincent-van-gogh\/painter-on-his-way-to-work\/\"]}]},{\"@type\":\"ImageObject\",\"inLanguage\":\"it-IT\",\"@id\":\"https:\/\/svetslik.si\/it\/vincent-van-gogh\/painter-on-his-way-to-work\/#primaryimage\",\"url\":\"https:\/\/svetslik.si\/wp-content\/uploads\/2021\/08\/image_Painter-on-His-Way-to-Work-Van-Gogh_680-scaled.jpg\",\"contentUrl\":\"https:\/\/svetslik.si\/wp-content\/uploads\/2021\/08\/image_Painter-on-His-Way-to-Work-Van-Gogh_680-scaled.jpg\",\"width\":2246,\"height\":2560,\"caption\":\"Vincent Van Gogh - Painter on His Way to Work - Riproduzioni dipinte a mano di pittori famosi, arte moderna da parete, arte da parete\"},{\"@type\":\"BreadcrumbList\",\"@id\":\"https:\/\/svetslik.si\/it\/vincent-van-gogh\/painter-on-his-way-to-work\/#breadcrumb\",\"itemListElement\":[{\"@type\":\"ListItem\",\"position\":1,\"name\":\"Fali m\u0171v\u00e9szet \u00e9s festm\u00e9nyek v\u00e1szonra\",\"item\":\"https:\/\/svetslik.si\/it\/\"},{\"@type\":\"ListItem\",\"position\":2,\"name\":\"Vendita di dipinti\",\"item\":\"https:\/\/svetslik.si\/prodaja-slik\/\"},{\"@type\":\"ListItem\",\"position\":3,\"name\":\"Vincent van Gogh &#8211; Painter on His Way to Work\"}]},{\"@type\":\"WebSite\",\"@id\":\"https:\/\/svetslik.si\/it\/#website\",\"url\":\"https:\/\/svetslik.si\/it\/\",\"name\":\"SVETSLIK.SI\",\"description\":\"100% riproduzioni dipinte a mano di quadri di pittori famosi e dipinti su tela.\",\"publisher\":{\"@id\":\"https:\/\/svetslik.si\/it\/#organization\"},\"potentialAction\":[{\"@type\":\"SearchAction\",\"target\":{\"@type\":\"EntryPoint\",\"urlTemplate\":\"https:\/\/svetslik.si\/it\/?s={search_term_string}\"},\"query-input\":{\"@type\":\"PropertyValueSpecification\",\"valueRequired\":true,\"valueName\":\"search_term_string\"}}],\"inLanguage\":\"it-IT\"},{\"@type\":\"Organization\",\"@id\":\"https:\/\/svetslik.si\/it\/#organization\",\"name\":\"SvetSlik.si\",\"url\":\"https:\/\/svetslik.si\/it\/\",\"logo\":{\"@type\":\"ImageObject\",\"inLanguage\":\"it-IT\",\"@id\":\"https:\/\/svetslik.si\/it\/#\/schema\/logo\/image\/\",\"url\":\"https:\/\/svetslik.si\/wp-content\/uploads\/2020\/12\/logo-512.png\",\"contentUrl\":\"https:\/\/svetslik.si\/wp-content\/uploads\/2020\/12\/logo-512.png\",\"width\":512,\"height\":512,\"caption\":\"SvetSlik.si\"},\"image\":{\"@id\":\"https:\/\/svetslik.si\/it\/#\/schema\/logo\/image\/\"},\"sameAs\":[\"https:\/\/www.facebook.com\/svetslik.si\",\"https:\/\/x.com\/svetslik\",\"https:\/\/www.instagram.com\/svetslik.si\/\",\"https:\/\/www.linkedin.com\/company\/svetslik-si\"]}]}<\/script>\n<meta property=\"og:availability\" content=\"backorder\" \/>\n<meta property=\"product:availability\" content=\"available for order\" \/>\n<meta property=\"product:retailer_item_id\" content=\"243__\" \/>\n<meta property=\"product:condition\" content=\"new\" \/>\n<!-- \/ Yoast SEO Premium plugin. -->","yoast_head_json":{"title":"Vincent van Gogh - Painter on His Way to Work - SVETSLIK.SI - Dipinti a mano al 100%","description":"Vincent van Gogh - Painter on His Way to Work - Riproduzioni di quadri d'arte dipinte a mano al 100% su tela. Cornici per quadri, vendita e produzione di dimensioni su ordinazione.","robots":{"index":"index","follow":"follow","max-snippet":"max-snippet:-1","max-image-preview":"max-image-preview:large","max-video-preview":"max-video-preview:-1"},"canonical":"https:\/\/svetslik.si\/it\/vincent-van-gogh\/painter-on-his-way-to-work\/","og_locale":"it_IT","og_type":"article","og_title":"Vincent van Gogh - Painter on His Way to Work","og_description":"100% ro\u010dno naslikane slike na platnu, reprodukcije znanih slikarjev in umetni\u0161ke slike po naro\u010dilu.","og_url":"https:\/\/svetslik.si\/it\/vincent-van-gogh\/painter-on-his-way-to-work\/","og_site_name":"SVETSLIK.SI","article_publisher":"https:\/\/www.facebook.com\/svetslik.si","article_modified_time":"2026-03-22T20:22:31+00:00","og_image":[{"width":2246,"height":2560,"url":"https:\/\/svetslik.si\/wp-content\/uploads\/2021\/08\/image_Painter-on-His-Way-to-Work-Van-Gogh_680-scaled.jpg","type":"image\/jpeg"}],"twitter_card":"summary_large_image","twitter_site":"@svetslik","twitter_misc":{"Disponibilit\u00e0":"Su ordinazione"},"schema":{"@context":"https:\/\/schema.org","@graph":[{"@type":["WebPage","ItemPage"],"@id":"https:\/\/svetslik.si\/it\/vincent-van-gogh\/painter-on-his-way-to-work\/","url":"https:\/\/svetslik.si\/it\/vincent-van-gogh\/painter-on-his-way-to-work\/","name":"Vincent van Gogh - Painter on His Way to Work - SVETSLIK.SI - Dipinti a mano al 100%","isPartOf":{"@id":"https:\/\/svetslik.si\/it\/#website"},"primaryImageOfPage":{"@id":"https:\/\/svetslik.si\/it\/vincent-van-gogh\/painter-on-his-way-to-work\/#primaryimage"},"image":{"@id":"https:\/\/svetslik.si\/it\/vincent-van-gogh\/painter-on-his-way-to-work\/#primaryimage"},"thumbnailUrl":"https:\/\/svetslik.si\/wp-content\/uploads\/2021\/08\/image_Painter-on-His-Way-to-Work-Van-Gogh_680-scaled.jpg","datePublished":"2021-09-02T15:52:05+00:00","dateModified":"2026-03-22T20:22:31+00:00","description":"Vincent van Gogh - Painter on His Way to Work - Riproduzioni di quadri d'arte dipinte a mano al 100% su tela. Cornici per quadri, vendita e produzione di dimensioni su ordinazione.","breadcrumb":{"@id":"https:\/\/svetslik.si\/it\/vincent-van-gogh\/painter-on-his-way-to-work\/#breadcrumb"},"inLanguage":"it-IT","potentialAction":[{"@type":"ReadAction","target":["https:\/\/svetslik.si\/it\/vincent-van-gogh\/painter-on-his-way-to-work\/"]}]},{"@type":"ImageObject","inLanguage":"it-IT","@id":"https:\/\/svetslik.si\/it\/vincent-van-gogh\/painter-on-his-way-to-work\/#primaryimage","url":"https:\/\/svetslik.si\/wp-content\/uploads\/2021\/08\/image_Painter-on-His-Way-to-Work-Van-Gogh_680-scaled.jpg","contentUrl":"https:\/\/svetslik.si\/wp-content\/uploads\/2021\/08\/image_Painter-on-His-Way-to-Work-Van-Gogh_680-scaled.jpg","width":2246,"height":2560,"caption":"Vincent Van Gogh - Painter on His Way to Work - Riproduzioni dipinte a mano di pittori famosi, arte moderna da parete, arte da parete"},{"@type":"BreadcrumbList","@id":"https:\/\/svetslik.si\/it\/vincent-van-gogh\/painter-on-his-way-to-work\/#breadcrumb","itemListElement":[{"@type":"ListItem","position":1,"name":"Fali m\u0171v\u00e9szet \u00e9s festm\u00e9nyek v\u00e1szonra","item":"https:\/\/svetslik.si\/it\/"},{"@type":"ListItem","position":2,"name":"Vendita di dipinti","item":"https:\/\/svetslik.si\/prodaja-slik\/"},{"@type":"ListItem","position":3,"name":"Vincent van Gogh &#8211; Painter on His Way to Work"}]},{"@type":"WebSite","@id":"https:\/\/svetslik.si\/it\/#website","url":"https:\/\/svetslik.si\/it\/","name":"SVETSLIK.SI","description":"100% riproduzioni dipinte a mano di quadri di pittori famosi e dipinti su tela.","publisher":{"@id":"https:\/\/svetslik.si\/it\/#organization"},"potentialAction":[{"@type":"SearchAction","target":{"@type":"EntryPoint","urlTemplate":"https:\/\/svetslik.si\/it\/?s={search_term_string}"},"query-input":{"@type":"PropertyValueSpecification","valueRequired":true,"valueName":"search_term_string"}}],"inLanguage":"it-IT"},{"@type":"Organization","@id":"https:\/\/svetslik.si\/it\/#organization","name":"SvetSlik.si","url":"https:\/\/svetslik.si\/it\/","logo":{"@type":"ImageObject","inLanguage":"it-IT","@id":"https:\/\/svetslik.si\/it\/#\/schema\/logo\/image\/","url":"https:\/\/svetslik.si\/wp-content\/uploads\/2020\/12\/logo-512.png","contentUrl":"https:\/\/svetslik.si\/wp-content\/uploads\/2020\/12\/logo-512.png","width":512,"height":512,"caption":"SvetSlik.si"},"image":{"@id":"https:\/\/svetslik.si\/it\/#\/schema\/logo\/image\/"},"sameAs":["https:\/\/www.facebook.com\/svetslik.si","https:\/\/x.com\/svetslik","https:\/\/www.instagram.com\/svetslik.si\/","https:\/\/www.linkedin.com\/company\/svetslik-si"]}]},"og_availability":"backorder","product_availability":"available for order","product_retailer_item_id":"243__","product_condition":"new"},"jetpack_sharing_enabled":true,"_links":{"self":[{"href":"https:\/\/svetslik.si\/it\/wp-json\/wp\/v2\/product\/38974","targetHints":{"allow":["GET"]}}],"collection":[{"href":"https:\/\/svetslik.si\/it\/wp-json\/wp\/v2\/product"}],"about":[{"href":"https:\/\/svetslik.si\/it\/wp-json\/wp\/v2\/types\/product"}],"wp:featuredmedia":[{"embeddable":true,"href":"https:\/\/svetslik.si\/it\/wp-json\/wp\/v2\/media\/35447"}],"wp:attachment":[{"href":"https:\/\/svetslik.si\/it\/wp-json\/wp\/v2\/media?parent=38974"}],"wp:term":[{"taxonomy":"product_brand","embeddable":true,"href":"https:\/\/svetslik.si\/it\/wp-json\/wp\/v2\/product_brand?post=38974"},{"taxonomy":"product_cat","embeddable":true,"href":"https:\/\/svetslik.si\/it\/wp-json\/wp\/v2\/product_cat?post=38974"},{"taxonomy":"product_tag","embeddable":true,"href":"https:\/\/svetslik.si\/it\/wp-json\/wp\/v2\/product_tag?post=38974"}],"curies":[{"name":"wp","href":"https:\/\/api.w.org\/{rel}","templated":true}]}}