{"id":38991,"date":"2021-09-02T17:52:15","date_gmt":"2021-09-02T15:52:15","guid":{"rendered":"https:\/\/svetslik.si\/senza-categoria\/wheat-field-with-crows\/"},"modified":"2026-03-22T21:22:31","modified_gmt":"2026-03-22T20:22:31","slug":"wheat-field-with-crows","status":"publish","type":"product","link":"https:\/\/svetslik.si\/it\/vincent-van-gogh\/wheat-field-with-crows\/","title":{"rendered":"Vincent van Gogh &#8211; Wheat Field with Crows"},"content":{"rendered":"<h1>Vincent Van Gogh &#8211; Campo di grano con corvi<\/h1>\n<table id=\"imageinfo\" border=\"0\" width=\"96%\" cellspacing=\"0\" cellpadding=\"2\">\n<tr>\n<td width=\"120\">Anno di creazione:<\/td>\n<td>1890<\/td>\n<\/tr>\n<tr>\n<td>Dimensione originale:<\/td>\n<td>51 x 103 cm<\/td>\n<\/tr>\n<tr>\n<td>Stile di pittura:<\/td>\n<td>Post-impressionismo<\/td>\n<\/tr>\n<tr>\n<td>Tecnica originale:<\/td>\n<td>Olio su tela<\/td>\n<\/tr>\n<tr>\n<td>Situato:<\/td>\n<td>Museo Van Gogh, Paesi Bassi<\/td>\n<\/tr>\n<\/tbody>\n<\/table>\n<p>L&#8217;olio su tela <em>Campo di grano con corvi<\/em> \u00e8 una delle ultime opere di Van Gogh. Il cielo scuro e minaccioso nel dipinto mostra lo stato mentale di Van Gogh in quel momento; tre sentieri che portano in direzioni diverse e corvi neri sopra il campo rappresentano la sfortuna o addirittura la morte.<\/p>\n<p>Van Gogh ha scritto che ad Auvers ha dipinto tre oli su tela con il tema di un campo di grano sotto un cielo tempestoso.<\/p>\n<p>Il dipinto &#8220;Campo di grano con corvi&#8221;, dipinto nel 1890 dall&#8217;artista olandese Vincent van Gogh, \u00e8 un&#8217;immagine potente e commovente che mostra la passione dell&#8217;artista per la natura e la condizione umana. Il dipinto mostra un campo di grano con corvi scuri seduti su covoni di grano e che volano in alto contro un vivido cielo blu. Il dipinto \u00e8 ampiamente riconosciuto per le sue pennellate audaci, l&#8217;emotivit\u00e0 e il forte simbolismo.<\/p>\n<p>Campo di grano con corvi \u00e8 un eccellente esempio dello stile post-impressionista di Van Gogh, caratterizzato da pennellate dense e visibili, colori vivaci e contrasti audaci. Pennellate audaci e colori vivaci nel dipinto creano un senso di movimento ed energia, mentre il cielo blu crea un senso di pace e tranquillit\u00e0. I corvi scuri, raffigurati in nero, si stagliano dal cielo vibrante e dal grano dorato, creando un contrasto sorprendente.<\/p>\n<p>Una delle caratteristiche pi\u00f9 sorprendenti del dipinto &#8220;Campo di grano con corvi&#8221; \u00e8 l&#8217;uso del colore. L&#8217;uso di Van Gogh di colori audaci e contrastanti crea un senso di movimento ed energia nel dipinto, e il cielo blu \u00e8 raffigurato in una moltitudine di blu, creando un senso di profondit\u00e0 e dimensione. Il grano dorato crea un contrasto caldo e invitante con i corvi scuri. Notevoli anche le pennellate, con tratti spessi e visibili che danno al dipinto un senso di movimento ed energia.<\/p>\n<p>Anche il simbolismo del dipinto \u00e8 ricco. I corvi sono spesso considerati simboli di morte e transitoriet\u00e0 della vita. Il campo di grano potrebbe simboleggiare il ciclo della vita e la possibilit\u00e0 di crescita e rinnovamento. Si dice che il dipinto rappresenti lo stato emotivo di Van Gogh in quel momento. Si ritiene che il dipinto sia stato creato in un momento in cui Van Gogh era molto irrequieto ed emotivamente disturbato, e si dice che il dipinto sia un riflesso del suo tumulto interiore. Corvi scuri appollaiati su covoni di grano e che volano in alto creano un senso di presentimento e presentimento che contrasta con la serenit\u00e0 del cielo azzurro e del campo di grano dorato. Si ritiene che Van Gogh usasse i corvi come metafora dei pensieri e dei sentimenti negativi con cui aveva a che fare in quel momento.<\/p>\n<p>&#8220;Campo di grano con corvi \u00e8 considerata una delle opere pi\u00f9 iconiche e potenti di Van Gogh, situata nel Van Gogh Museum di Amsterdam, Paesi Bassi. \u00c8 un&#8217;importante opera post-impressionista che \u00e8 ancora ammirata e studiata sia da dilettanti che da esperti. A causa di le sue immagini potenti, emotive e ricche di simbolismo, il dipinto \u00e8 un must per ogni amante dell&#8217;arte o chiunque sia interessato al lavoro di Vincent van Gogh.<\/p>\n<p>Campo di grano con corvi \u00e8 un dipinto potente e sorprendente che mostra le pennellate audaci, l&#8217;emotivit\u00e0 e il forte simbolismo che caratterizzano lo stile post-impressionista di Vincent van Gogh. L&#8217;uso di colori e pennellate nel dipinto crea un senso di movimento ed energia, e i corvi scuri simboleggiano la morte e la caducit\u00e0 della vita. Il dipinto \u00e8 considerato una delle opere pi\u00f9 iconiche e potenti di Van Gogh. Si trova nel Van Gogh Museum di Amsterdam, nei Paesi Bassi. \u00c8 ancora ammirato e studiato da dilettanti ed esperti. Le potenti immagini, l&#8217;emotivit\u00e0 e il ricco simbolismo rendono il dipinto un must per qualsiasi amante dell&#8217;arte o chiunque sia interessato al lavoro di Vincent van Gogh.<\/p>\n","protected":false},"excerpt":{"rendered":"<p>Vincent Van Gogh &#8211; Campo di grano con corvi Anno di creazione: 1890 Dimensione originale: 51 x 103 cm Stile di pittura: Post-impressionismo Tecnica originale: Olio su tela Situato: Museo Van Gogh, Paesi Bassi L&#8217;olio su tela Campo di grano con corvi \u00e8 una delle ultime opere di Van Gogh. [&hellip;]<\/p>\n","protected":false},"featured_media":35890,"template":"","meta":{"_acf_changed":false},"product_brand":[],"product_cat":[4189],"product_tag":[4245,4246,4253,4265],"class_list":{"0":"post-38991","1":"product","2":"type-product","3":"status-publish","4":"has-post-thumbnail","6":"product_cat-vincent-van-gogh","7":"product_tag-riproduzione","8":"product_tag-riproduzione-it","9":"product_tag-un-pittore","10":"product_tag-van-gogh-it","11":"pa_dimenzija-103-x-50-cm","12":"pa_dimenzija-120-x-60-cm","13":"pa_dimenzija-150-x-70-cm","14":"pa_dimenzija-180-x-90-cm","15":"pa_dimenzija-80-x-40-cm","16":"pa_dimenzija-90-x-45-cm","17":"pa_oblika-orizzontale","18":"pa_okvir-sensa-cornice","19":"pa_podokvir-no","20":"pa_podokvir-si","22":"first","23":"onbackorder","24":"purchasable","25":"product-type-variable","26":"has-default-attributes"},"acf":[],"yoast_head":"<!-- This site is optimized with the Yoast SEO Premium plugin v26.0 (Yoast SEO v27.2) - https:\/\/yoast.com\/product\/yoast-seo-premium-wordpress\/ -->\n<title>Vincent van Gogh - Wheat Field with Crows - SVETSLIK.SI - Dipinti a mano al 100%<\/title>\n<meta name=\"description\" content=\"Vincent van Gogh - Wheat Field with Crows - Riproduzioni di quadri d&#039;arte dipinte a mano al 100% su tela. Cornici per quadri, vendita e produzione di dimensioni su ordinazione.\" \/>\n<meta name=\"robots\" content=\"index, follow, max-snippet:-1, max-image-preview:large, max-video-preview:-1\" \/>\n<link rel=\"canonical\" href=\"https:\/\/svetslik.si\/it\/vincent-van-gogh\/wheat-field-with-crows\/\" \/>\n<meta property=\"og:locale\" content=\"it_IT\" \/>\n<meta property=\"og:type\" content=\"article\" \/>\n<meta property=\"og:title\" content=\"Vincent van Gogh - Wheat Field with Crows\" \/>\n<meta property=\"og:description\" content=\"100% ro\u010dno naslikane slike na platnu, reprodukcije znanih slikarjev in umetni\u0161ke slike po naro\u010dilu.\" \/>\n<meta property=\"og:url\" content=\"https:\/\/svetslik.si\/it\/vincent-van-gogh\/wheat-field-with-crows\/\" \/>\n<meta property=\"og:site_name\" content=\"SVETSLIK.SI\" \/>\n<meta property=\"article:publisher\" content=\"https:\/\/www.facebook.com\/svetslik.si\" \/>\n<meta property=\"article:modified_time\" content=\"2026-03-22T20:22:31+00:00\" \/>\n<meta property=\"og:image\" content=\"https:\/\/svetslik.si\/wp-content\/uploads\/2021\/08\/image_Wheat-Field-with-Crows-Van-Gogh_680-scaled.jpg\" \/>\n\t<meta property=\"og:image:width\" content=\"2560\" \/>\n\t<meta property=\"og:image:height\" content=\"1198\" \/>\n\t<meta property=\"og:image:type\" content=\"image\/jpeg\" \/>\n<meta name=\"twitter:card\" content=\"summary_large_image\" \/>\n<meta name=\"twitter:site\" content=\"@svetslik\" \/>\n<meta name=\"twitter:label1\" content=\"Disponibilit\u00e0\" \/>\n\t<meta name=\"twitter:data1\" content=\"Su ordinazione\" \/>\n<script type=\"application\/ld+json\" class=\"yoast-schema-graph\">{\"@context\":\"https:\/\/schema.org\",\"@graph\":[{\"@type\":[\"WebPage\",\"ItemPage\"],\"@id\":\"https:\/\/svetslik.si\/it\/vincent-van-gogh\/wheat-field-with-crows\/\",\"url\":\"https:\/\/svetslik.si\/it\/vincent-van-gogh\/wheat-field-with-crows\/\",\"name\":\"Vincent van Gogh - Wheat Field with Crows - SVETSLIK.SI - Dipinti a mano al 100%\",\"isPartOf\":{\"@id\":\"https:\/\/svetslik.si\/it\/#website\"},\"primaryImageOfPage\":{\"@id\":\"https:\/\/svetslik.si\/it\/vincent-van-gogh\/wheat-field-with-crows\/#primaryimage\"},\"image\":{\"@id\":\"https:\/\/svetslik.si\/it\/vincent-van-gogh\/wheat-field-with-crows\/#primaryimage\"},\"thumbnailUrl\":\"https:\/\/svetslik.si\/wp-content\/uploads\/2021\/08\/image_Wheat-Field-with-Crows-Van-Gogh_680-scaled.jpg\",\"datePublished\":\"2021-09-02T15:52:15+00:00\",\"dateModified\":\"2026-03-22T20:22:31+00:00\",\"description\":\"Vincent van Gogh - Wheat Field with Crows - Riproduzioni di quadri d'arte dipinte a mano al 100% su tela. Cornici per quadri, vendita e produzione di dimensioni su ordinazione.\",\"breadcrumb\":{\"@id\":\"https:\/\/svetslik.si\/it\/vincent-van-gogh\/wheat-field-with-crows\/#breadcrumb\"},\"inLanguage\":\"it-IT\",\"potentialAction\":[{\"@type\":\"ReadAction\",\"target\":[\"https:\/\/svetslik.si\/it\/vincent-van-gogh\/wheat-field-with-crows\/\"]}]},{\"@type\":\"ImageObject\",\"inLanguage\":\"it-IT\",\"@id\":\"https:\/\/svetslik.si\/it\/vincent-van-gogh\/wheat-field-with-crows\/#primaryimage\",\"url\":\"https:\/\/svetslik.si\/wp-content\/uploads\/2021\/08\/image_Wheat-Field-with-Crows-Van-Gogh_680-scaled.jpg\",\"contentUrl\":\"https:\/\/svetslik.si\/wp-content\/uploads\/2021\/08\/image_Wheat-Field-with-Crows-Van-Gogh_680-scaled.jpg\",\"width\":2560,\"height\":1198,\"caption\":\"Van Gogh - Campo di grano con corvi - Van Gogh Riproduzioni di famosi pittori, quadri moderni, quadri d'arte per parete\"},{\"@type\":\"BreadcrumbList\",\"@id\":\"https:\/\/svetslik.si\/it\/vincent-van-gogh\/wheat-field-with-crows\/#breadcrumb\",\"itemListElement\":[{\"@type\":\"ListItem\",\"position\":1,\"name\":\"Fali m\u0171v\u00e9szet \u00e9s festm\u00e9nyek v\u00e1szonra\",\"item\":\"https:\/\/svetslik.si\/it\/\"},{\"@type\":\"ListItem\",\"position\":2,\"name\":\"Vendita di dipinti\",\"item\":\"https:\/\/svetslik.si\/prodaja-slik\/\"},{\"@type\":\"ListItem\",\"position\":3,\"name\":\"Vincent van Gogh &#8211; Wheat Field with Crows\"}]},{\"@type\":\"WebSite\",\"@id\":\"https:\/\/svetslik.si\/it\/#website\",\"url\":\"https:\/\/svetslik.si\/it\/\",\"name\":\"SVETSLIK.SI\",\"description\":\"100% riproduzioni dipinte a mano di quadri di pittori famosi e dipinti su tela.\",\"publisher\":{\"@id\":\"https:\/\/svetslik.si\/it\/#organization\"},\"potentialAction\":[{\"@type\":\"SearchAction\",\"target\":{\"@type\":\"EntryPoint\",\"urlTemplate\":\"https:\/\/svetslik.si\/it\/?s={search_term_string}\"},\"query-input\":{\"@type\":\"PropertyValueSpecification\",\"valueRequired\":true,\"valueName\":\"search_term_string\"}}],\"inLanguage\":\"it-IT\"},{\"@type\":\"Organization\",\"@id\":\"https:\/\/svetslik.si\/it\/#organization\",\"name\":\"SvetSlik.si\",\"url\":\"https:\/\/svetslik.si\/it\/\",\"logo\":{\"@type\":\"ImageObject\",\"inLanguage\":\"it-IT\",\"@id\":\"https:\/\/svetslik.si\/it\/#\/schema\/logo\/image\/\",\"url\":\"https:\/\/svetslik.si\/wp-content\/uploads\/2020\/12\/logo-512.png\",\"contentUrl\":\"https:\/\/svetslik.si\/wp-content\/uploads\/2020\/12\/logo-512.png\",\"width\":512,\"height\":512,\"caption\":\"SvetSlik.si\"},\"image\":{\"@id\":\"https:\/\/svetslik.si\/it\/#\/schema\/logo\/image\/\"},\"sameAs\":[\"https:\/\/www.facebook.com\/svetslik.si\",\"https:\/\/x.com\/svetslik\",\"https:\/\/www.instagram.com\/svetslik.si\/\",\"https:\/\/www.linkedin.com\/company\/svetslik-si\"]}]}<\/script>\n<meta property=\"og:availability\" content=\"backorder\" \/>\n<meta property=\"product:availability\" content=\"available for order\" \/>\n<meta property=\"product:retailer_item_id\" content=\"245__\" \/>\n<meta property=\"product:condition\" content=\"new\" \/>\n<!-- \/ Yoast SEO Premium plugin. -->","yoast_head_json":{"title":"Vincent van Gogh - Wheat Field with Crows - SVETSLIK.SI - Dipinti a mano al 100%","description":"Vincent van Gogh - Wheat Field with Crows - Riproduzioni di quadri d'arte dipinte a mano al 100% su tela. Cornici per quadri, vendita e produzione di dimensioni su ordinazione.","robots":{"index":"index","follow":"follow","max-snippet":"max-snippet:-1","max-image-preview":"max-image-preview:large","max-video-preview":"max-video-preview:-1"},"canonical":"https:\/\/svetslik.si\/it\/vincent-van-gogh\/wheat-field-with-crows\/","og_locale":"it_IT","og_type":"article","og_title":"Vincent van Gogh - Wheat Field with Crows","og_description":"100% ro\u010dno naslikane slike na platnu, reprodukcije znanih slikarjev in umetni\u0161ke slike po naro\u010dilu.","og_url":"https:\/\/svetslik.si\/it\/vincent-van-gogh\/wheat-field-with-crows\/","og_site_name":"SVETSLIK.SI","article_publisher":"https:\/\/www.facebook.com\/svetslik.si","article_modified_time":"2026-03-22T20:22:31+00:00","og_image":[{"width":2560,"height":1198,"url":"https:\/\/svetslik.si\/wp-content\/uploads\/2021\/08\/image_Wheat-Field-with-Crows-Van-Gogh_680-scaled.jpg","type":"image\/jpeg"}],"twitter_card":"summary_large_image","twitter_site":"@svetslik","twitter_misc":{"Disponibilit\u00e0":"Su ordinazione"},"schema":{"@context":"https:\/\/schema.org","@graph":[{"@type":["WebPage","ItemPage"],"@id":"https:\/\/svetslik.si\/it\/vincent-van-gogh\/wheat-field-with-crows\/","url":"https:\/\/svetslik.si\/it\/vincent-van-gogh\/wheat-field-with-crows\/","name":"Vincent van Gogh - Wheat Field with Crows - SVETSLIK.SI - Dipinti a mano al 100%","isPartOf":{"@id":"https:\/\/svetslik.si\/it\/#website"},"primaryImageOfPage":{"@id":"https:\/\/svetslik.si\/it\/vincent-van-gogh\/wheat-field-with-crows\/#primaryimage"},"image":{"@id":"https:\/\/svetslik.si\/it\/vincent-van-gogh\/wheat-field-with-crows\/#primaryimage"},"thumbnailUrl":"https:\/\/svetslik.si\/wp-content\/uploads\/2021\/08\/image_Wheat-Field-with-Crows-Van-Gogh_680-scaled.jpg","datePublished":"2021-09-02T15:52:15+00:00","dateModified":"2026-03-22T20:22:31+00:00","description":"Vincent van Gogh - Wheat Field with Crows - Riproduzioni di quadri d'arte dipinte a mano al 100% su tela. Cornici per quadri, vendita e produzione di dimensioni su ordinazione.","breadcrumb":{"@id":"https:\/\/svetslik.si\/it\/vincent-van-gogh\/wheat-field-with-crows\/#breadcrumb"},"inLanguage":"it-IT","potentialAction":[{"@type":"ReadAction","target":["https:\/\/svetslik.si\/it\/vincent-van-gogh\/wheat-field-with-crows\/"]}]},{"@type":"ImageObject","inLanguage":"it-IT","@id":"https:\/\/svetslik.si\/it\/vincent-van-gogh\/wheat-field-with-crows\/#primaryimage","url":"https:\/\/svetslik.si\/wp-content\/uploads\/2021\/08\/image_Wheat-Field-with-Crows-Van-Gogh_680-scaled.jpg","contentUrl":"https:\/\/svetslik.si\/wp-content\/uploads\/2021\/08\/image_Wheat-Field-with-Crows-Van-Gogh_680-scaled.jpg","width":2560,"height":1198,"caption":"Van Gogh - Campo di grano con corvi - Van Gogh Riproduzioni di famosi pittori, quadri moderni, quadri d'arte per parete"},{"@type":"BreadcrumbList","@id":"https:\/\/svetslik.si\/it\/vincent-van-gogh\/wheat-field-with-crows\/#breadcrumb","itemListElement":[{"@type":"ListItem","position":1,"name":"Fali m\u0171v\u00e9szet \u00e9s festm\u00e9nyek v\u00e1szonra","item":"https:\/\/svetslik.si\/it\/"},{"@type":"ListItem","position":2,"name":"Vendita di dipinti","item":"https:\/\/svetslik.si\/prodaja-slik\/"},{"@type":"ListItem","position":3,"name":"Vincent van Gogh &#8211; Wheat Field with Crows"}]},{"@type":"WebSite","@id":"https:\/\/svetslik.si\/it\/#website","url":"https:\/\/svetslik.si\/it\/","name":"SVETSLIK.SI","description":"100% riproduzioni dipinte a mano di quadri di pittori famosi e dipinti su tela.","publisher":{"@id":"https:\/\/svetslik.si\/it\/#organization"},"potentialAction":[{"@type":"SearchAction","target":{"@type":"EntryPoint","urlTemplate":"https:\/\/svetslik.si\/it\/?s={search_term_string}"},"query-input":{"@type":"PropertyValueSpecification","valueRequired":true,"valueName":"search_term_string"}}],"inLanguage":"it-IT"},{"@type":"Organization","@id":"https:\/\/svetslik.si\/it\/#organization","name":"SvetSlik.si","url":"https:\/\/svetslik.si\/it\/","logo":{"@type":"ImageObject","inLanguage":"it-IT","@id":"https:\/\/svetslik.si\/it\/#\/schema\/logo\/image\/","url":"https:\/\/svetslik.si\/wp-content\/uploads\/2020\/12\/logo-512.png","contentUrl":"https:\/\/svetslik.si\/wp-content\/uploads\/2020\/12\/logo-512.png","width":512,"height":512,"caption":"SvetSlik.si"},"image":{"@id":"https:\/\/svetslik.si\/it\/#\/schema\/logo\/image\/"},"sameAs":["https:\/\/www.facebook.com\/svetslik.si","https:\/\/x.com\/svetslik","https:\/\/www.instagram.com\/svetslik.si\/","https:\/\/www.linkedin.com\/company\/svetslik-si"]}]},"og_availability":"backorder","product_availability":"available for order","product_retailer_item_id":"245__","product_condition":"new"},"jetpack_sharing_enabled":true,"_links":{"self":[{"href":"https:\/\/svetslik.si\/it\/wp-json\/wp\/v2\/product\/38991","targetHints":{"allow":["GET"]}}],"collection":[{"href":"https:\/\/svetslik.si\/it\/wp-json\/wp\/v2\/product"}],"about":[{"href":"https:\/\/svetslik.si\/it\/wp-json\/wp\/v2\/types\/product"}],"wp:featuredmedia":[{"embeddable":true,"href":"https:\/\/svetslik.si\/it\/wp-json\/wp\/v2\/media\/35890"}],"wp:attachment":[{"href":"https:\/\/svetslik.si\/it\/wp-json\/wp\/v2\/media?parent=38991"}],"wp:term":[{"taxonomy":"product_brand","embeddable":true,"href":"https:\/\/svetslik.si\/it\/wp-json\/wp\/v2\/product_brand?post=38991"},{"taxonomy":"product_cat","embeddable":true,"href":"https:\/\/svetslik.si\/it\/wp-json\/wp\/v2\/product_cat?post=38991"},{"taxonomy":"product_tag","embeddable":true,"href":"https:\/\/svetslik.si\/it\/wp-json\/wp\/v2\/product_tag?post=38991"}],"curies":[{"name":"wp","href":"https:\/\/api.w.org\/{rel}","templated":true}]}}