{"id":38998,"date":"2021-09-02T17:52:15","date_gmt":"2021-09-02T15:52:15","guid":{"rendered":"https:\/\/svetslik.si\/senza-categoria\/the-church-at-auvers-sur-oise\/"},"modified":"2026-03-22T21:22:31","modified_gmt":"2026-03-22T20:22:31","slug":"the-church-at-auvers-sur-oise","status":"publish","type":"product","link":"https:\/\/svetslik.si\/it\/vincent-van-gogh\/the-church-at-auvers-sur-oise\/","title":{"rendered":"Vincent van Gogh &#8211; The Church at Auvers-sur-Oise"},"content":{"rendered":"<h1>Vincent Van Gogh \u2013 La chiesa di Auvers-sur-Oise<\/h1>\n<p>\u00a0<\/p>\n<table border=\"0\" width=\"593\" cellspacing=\"0\" cellpadding=\"0\">\n<tr>\n<td height=\"21\">Anno di creazione:<\/td>\n<td style=\"width: 439px\">1890<\/td>\n<\/tr>\n<tr>\n<td height=\"21\">Dimensione originale:<\/td>\n<td style=\"width: 439px\">94 cm x 74 cm<\/td>\n<\/tr>\n<tr>\n<td height=\"21\">Stile colore:<\/td>\n<td style=\"width: 439px\">Post impressionismo<\/td>\n<\/tr>\n<tr>\n<td height=\"21\">Tecnica originale:<\/td>\n<td style=\"width: 439px\">Olio su tela<\/td>\n<\/tr>\n<tr>\n<td height=\"21\">Situato:<\/td>\n<td style=\"width: 439px\">Mus\u00e9e d\u2019Orsay, Parigi<\/td>\n<\/tr>\n<\/tbody>\n<\/table>\n<div><\/div>\n<div>L\u2019olio su tela <em>La chiesa di Auvers-sur-Oise<\/em> e anche alcune altre opere di Van Gogh con motivi di edifici ricordano scene dei paesaggi del nord della Francia, dove l\u2019autore trascorse la sua infanzia .<\/div>\n<div>Il primo piano di questa immagine \u00e8 illuminato dalla luce del sole, mentre la chiesa riposa nella sua stessa ombra. Il motivo dei percorsi divergenti compare anche nell\u2019olio su tela <em>Campo di grano con corvi<\/em> di Van Gogh.<\/div>\n<div>\n<p>\u201cLa chiesa di Auvers-sur-Oise\u201d \u00e8 un dipinto dell\u2019artista olandese Vincent van Gogh del 1890. Questo dipinto \u00e8 considerato una delle opere pi\u00f9 iconiche e potenti di Van Gogh, mostrando la sua abilit\u00e0 nel catturare l\u2019essenza della natura e la tranquillit\u00e0 del campagna. Il dipinto mostra una chiesa ad Auvers-sur-Oise, un piccolo villaggio nel nord della Francia dove Van Gogh visse e cre\u00f2 negli ultimi mesi della sua vita. Il dipinto \u00e8 ampiamente riconosciuto per le sue pennellate audaci, l\u2019emotivit\u00e0 e il forte simbolismo.<\/p>\n<p>La composizione del dipinto \u00e8 semplice ma efficace, in quanto la chiesa occupa la maggior parte dello spazio sulla tela. Anche l\u2019uso del colore nel dipinto \u00e8 degno di nota, poich\u00e9 Van Gogh utilizza colori audaci e contrastanti che creano un senso di movimento ed energia. La chiesa \u00e8 raffigurata nei toni del blu e del bianco, che creano un senso di calma e serenit\u00e0. Il cielo \u00e8 raffigurato in sfumature gialle e arancioni che creano una sensazione di calore ed energia. Le pennellate nel dipinto sono dense e visibili, conferendo al dipinto un senso di movimento ed energia.<\/p>\n<p>Anche il simbolismo nel dipinto \u00e8 ricco, poich\u00e9 la chiesa rappresenta l\u2019idea di spiritualit\u00e0, fede e connessione con un potere superiore, mentre il paesaggio circostante simboleggia l\u2019idea di natura, pace e bellezza del mondo. Si dice che il dipinto rappresenti lo stato emotivo di Van Gogh in quel momento. Il dipinto \u00e8 stato creato mentre Van Gogh viveva ad Auvers-sur-Oise, in Francia, e si ritiene che rifletta i sentimenti di nostalgia dell\u2019artista per il mondo naturale e il collegamento con la natura come forma di guarigione.<\/p>\n<p>\u201cLa Chiesa di Auvers-sur-Oise\u201d \u00e8 considerata una delle opere pi\u00f9 iconiche e potenti di Van Gogh, situata al Mus\u00e9e d\u2019Orsay di Parigi, in Francia. \u00c8 un\u2019importante opera di post-impressionismo che \u00e8 ancora ammirata e studiata sia da dilettanti che da esperti. Le potenti immagini, l\u2019emotivit\u00e0 e il ricco simbolismo rendono il dipinto un must per qualsiasi amante dell\u2019arte o chiunque sia interessato al lavoro di Vincent van Gogh.<\/p>\n<\/div>\n<div><\/div>\n","protected":false},"excerpt":{"rendered":"<p>Vincent Van Gogh \u2013 La chiesa di Auvers-sur-Oise \u00a0 Anno di creazione: 1890 Dimensione originale: 94 cm x 74 cm Stile colore: Post impressionismo Tecnica originale: Olio su tela Situato: Mus\u00e9e d\u2019Orsay, Parigi L\u2019olio su tela La chiesa di Auvers-sur-Oise e anche alcune altre opere di Van Gogh con motivi [&hellip;]<\/p>\n","protected":false},"featured_media":35696,"template":"","meta":{"_acf_changed":false},"product_brand":[],"product_cat":[4189],"product_tag":[4245,4246,4253,4265],"class_list":{"0":"post-38998","1":"product","2":"type-product","3":"status-publish","4":"has-post-thumbnail","6":"product_cat-vincent-van-gogh","7":"product_tag-riproduzione","8":"product_tag-riproduzione-it","9":"product_tag-un-pittore","10":"product_tag-van-gogh-it","11":"pa_dimenzija-100-x-130-cm","12":"pa_dimenzija-40-x-50-cm","13":"pa_dimenzija-50-x-65-cm","14":"pa_dimenzija-60-x-80-cm","15":"pa_dimenzija-74-x-94-cm","16":"pa_dimenzija-80-x-100-cm","17":"pa_dimenzija-90-x-115-cm","18":"pa_oblika-verticale","19":"pa_okvir-sensa-cornice","20":"pa_podokvir-no","21":"pa_podokvir-si","23":"first","24":"onbackorder","25":"purchasable","26":"product-type-variable","27":"has-default-attributes"},"acf":[],"yoast_head":"<!-- This site is optimized with the Yoast SEO Premium plugin v26.0 (Yoast SEO v27.5) - https:\/\/yoast.com\/product\/yoast-seo-premium-wordpress\/ -->\n<title>Vincent van Gogh - The Church at Auvers-sur-Oise - SVETSLIK.SI - Dipinti a mano al 100%<\/title>\n<meta name=\"description\" content=\"Vincent van Gogh - The Church at Auvers-sur-Oise - Riproduzioni di quadri d&#039;arte dipinte a mano al 100% su tela. Cornici per quadri, vendita e produzione di dimensioni su ordinazione.\" \/>\n<meta name=\"robots\" content=\"index, follow, max-snippet:-1, max-image-preview:large, max-video-preview:-1\" \/>\n<link rel=\"canonical\" href=\"https:\/\/svetslik.si\/it\/vincent-van-gogh\/the-church-at-auvers-sur-oise\/\" \/>\n<meta property=\"og:locale\" content=\"it_IT\" \/>\n<meta property=\"og:type\" content=\"article\" \/>\n<meta property=\"og:title\" content=\"Vincent van Gogh - The Church at Auvers-sur-Oise\" \/>\n<meta property=\"og:description\" content=\"100% ro\u010dno naslikane slike na platnu, reprodukcije znanih slikarjev in umetni\u0161ke slike po naro\u010dilu.\" \/>\n<meta property=\"og:url\" content=\"https:\/\/svetslik.si\/it\/vincent-van-gogh\/the-church-at-auvers-sur-oise\/\" \/>\n<meta property=\"og:site_name\" content=\"SVETSLIK.SI\" \/>\n<meta property=\"article:publisher\" content=\"https:\/\/www.facebook.com\/svetslik.si\" \/>\n<meta property=\"article:modified_time\" content=\"2026-03-22T20:22:31+00:00\" \/>\n<meta property=\"og:image\" content=\"https:\/\/svetslik.si\/wp-content\/uploads\/2021\/08\/image_The-Church-at-Auvers-sur-Oise_680.jpg\" \/>\n\t<meta property=\"og:image:width\" content=\"1551\" \/>\n\t<meta property=\"og:image:height\" content=\"2048\" \/>\n\t<meta property=\"og:image:type\" content=\"image\/jpeg\" \/>\n<meta name=\"twitter:card\" content=\"summary_large_image\" \/>\n<meta name=\"twitter:site\" content=\"@svetslik\" \/>\n<meta name=\"twitter:label1\" content=\"Disponibilit\u00e0\" \/>\n\t<meta name=\"twitter:data1\" content=\"Su ordinazione\" \/>\n<script type=\"application\/ld+json\" class=\"yoast-schema-graph\">{\"@context\":\"https:\\\/\\\/schema.org\",\"@graph\":[{\"@type\":[\"WebPage\",\"ItemPage\"],\"@id\":\"https:\\\/\\\/svetslik.si\\\/it\\\/vincent-van-gogh\\\/the-church-at-auvers-sur-oise\\\/\",\"url\":\"https:\\\/\\\/svetslik.si\\\/it\\\/vincent-van-gogh\\\/the-church-at-auvers-sur-oise\\\/\",\"name\":\"Vincent van Gogh - The Church at Auvers-sur-Oise - SVETSLIK.SI - Dipinti a mano al 100%\",\"isPartOf\":{\"@id\":\"https:\\\/\\\/svetslik.si\\\/it\\\/#website\"},\"primaryImageOfPage\":{\"@id\":\"https:\\\/\\\/svetslik.si\\\/it\\\/vincent-van-gogh\\\/the-church-at-auvers-sur-oise\\\/#primaryimage\"},\"image\":{\"@id\":\"https:\\\/\\\/svetslik.si\\\/it\\\/vincent-van-gogh\\\/the-church-at-auvers-sur-oise\\\/#primaryimage\"},\"thumbnailUrl\":\"https:\\\/\\\/svetslik.si\\\/wp-content\\\/uploads\\\/2021\\\/08\\\/image_The-Church-at-Auvers-sur-Oise_680.jpg\",\"datePublished\":\"2021-09-02T15:52:15+00:00\",\"dateModified\":\"2026-03-22T20:22:31+00:00\",\"description\":\"Vincent van Gogh - The Church at Auvers-sur-Oise - Riproduzioni di quadri d'arte dipinte a mano al 100% su tela. Cornici per quadri, vendita e produzione di dimensioni su ordinazione.\",\"breadcrumb\":{\"@id\":\"https:\\\/\\\/svetslik.si\\\/it\\\/vincent-van-gogh\\\/the-church-at-auvers-sur-oise\\\/#breadcrumb\"},\"inLanguage\":\"it-IT\",\"potentialAction\":[{\"@type\":\"ReadAction\",\"target\":[\"https:\\\/\\\/svetslik.si\\\/it\\\/vincent-van-gogh\\\/the-church-at-auvers-sur-oise\\\/\"]}]},{\"@type\":\"ImageObject\",\"inLanguage\":\"it-IT\",\"@id\":\"https:\\\/\\\/svetslik.si\\\/it\\\/vincent-van-gogh\\\/the-church-at-auvers-sur-oise\\\/#primaryimage\",\"url\":\"https:\\\/\\\/svetslik.si\\\/wp-content\\\/uploads\\\/2021\\\/08\\\/image_The-Church-at-Auvers-sur-Oise_680.jpg\",\"contentUrl\":\"https:\\\/\\\/svetslik.si\\\/wp-content\\\/uploads\\\/2021\\\/08\\\/image_The-Church-at-Auvers-sur-Oise_680.jpg\",\"width\":1551,\"height\":2048,\"caption\":\"Vincent Van Gogh - La Chiesa ad Auvers-sur-Oise - Riproduzioni dipinte a mano di famosi pittori, quadri moderni, quadri d'arte per parete\"},{\"@type\":\"BreadcrumbList\",\"@id\":\"https:\\\/\\\/svetslik.si\\\/it\\\/vincent-van-gogh\\\/the-church-at-auvers-sur-oise\\\/#breadcrumb\",\"itemListElement\":[{\"@type\":\"ListItem\",\"position\":1,\"name\":\"Fali m\u0171v\u00e9szet \u00e9s festm\u00e9nyek v\u00e1szonra\",\"item\":\"https:\\\/\\\/svetslik.si\\\/it\\\/\"},{\"@type\":\"ListItem\",\"position\":2,\"name\":\"Vendita di dipinti\",\"item\":\"https:\\\/\\\/svetslik.si\\\/prodaja-slik\\\/\"},{\"@type\":\"ListItem\",\"position\":3,\"name\":\"Vincent van Gogh &#8211; The Church at Auvers-sur-Oise\"}]},{\"@type\":\"WebSite\",\"@id\":\"https:\\\/\\\/svetslik.si\\\/it\\\/#website\",\"url\":\"https:\\\/\\\/svetslik.si\\\/it\\\/\",\"name\":\"SVETSLIK.SI\",\"description\":\"100% riproduzioni dipinte a mano di quadri di pittori famosi e dipinti su tela.\",\"publisher\":{\"@id\":\"https:\\\/\\\/svetslik.si\\\/it\\\/#organization\"},\"potentialAction\":[{\"@type\":\"SearchAction\",\"target\":{\"@type\":\"EntryPoint\",\"urlTemplate\":\"https:\\\/\\\/svetslik.si\\\/it\\\/?s={search_term_string}\"},\"query-input\":{\"@type\":\"PropertyValueSpecification\",\"valueRequired\":true,\"valueName\":\"search_term_string\"}}],\"inLanguage\":\"it-IT\"},{\"@type\":\"Organization\",\"@id\":\"https:\\\/\\\/svetslik.si\\\/it\\\/#organization\",\"name\":\"SvetSlik.si\",\"url\":\"https:\\\/\\\/svetslik.si\\\/it\\\/\",\"logo\":{\"@type\":\"ImageObject\",\"inLanguage\":\"it-IT\",\"@id\":\"https:\\\/\\\/svetslik.si\\\/it\\\/#\\\/schema\\\/logo\\\/image\\\/\",\"url\":\"https:\\\/\\\/svetslik.si\\\/wp-content\\\/uploads\\\/2020\\\/12\\\/logo-512.png\",\"contentUrl\":\"https:\\\/\\\/svetslik.si\\\/wp-content\\\/uploads\\\/2020\\\/12\\\/logo-512.png\",\"width\":512,\"height\":512,\"caption\":\"SvetSlik.si\"},\"image\":{\"@id\":\"https:\\\/\\\/svetslik.si\\\/it\\\/#\\\/schema\\\/logo\\\/image\\\/\"},\"sameAs\":[\"https:\\\/\\\/www.facebook.com\\\/svetslik.si\",\"https:\\\/\\\/x.com\\\/svetslik\",\"https:\\\/\\\/www.instagram.com\\\/svetslik.si\\\/\",\"https:\\\/\\\/www.linkedin.com\\\/company\\\/svetslik-si\"]}]}<\/script>\n<meta property=\"og:availability\" content=\"backorder\" \/>\n<meta property=\"product:availability\" content=\"available for order\" \/>\n<meta property=\"product:retailer_item_id\" content=\"246__\" \/>\n<meta property=\"product:condition\" content=\"new\" \/>\n<!-- \/ Yoast SEO Premium plugin. -->","yoast_head_json":{"title":"Vincent van Gogh - The Church at Auvers-sur-Oise - SVETSLIK.SI - Dipinti a mano al 100%","description":"Vincent van Gogh - The Church at Auvers-sur-Oise - Riproduzioni di quadri d'arte dipinte a mano al 100% su tela. Cornici per quadri, vendita e produzione di dimensioni su ordinazione.","robots":{"index":"index","follow":"follow","max-snippet":"max-snippet:-1","max-image-preview":"max-image-preview:large","max-video-preview":"max-video-preview:-1"},"canonical":"https:\/\/svetslik.si\/it\/vincent-van-gogh\/the-church-at-auvers-sur-oise\/","og_locale":"it_IT","og_type":"article","og_title":"Vincent van Gogh - The Church at Auvers-sur-Oise","og_description":"100% ro\u010dno naslikane slike na platnu, reprodukcije znanih slikarjev in umetni\u0161ke slike po naro\u010dilu.","og_url":"https:\/\/svetslik.si\/it\/vincent-van-gogh\/the-church-at-auvers-sur-oise\/","og_site_name":"SVETSLIK.SI","article_publisher":"https:\/\/www.facebook.com\/svetslik.si","article_modified_time":"2026-03-22T20:22:31+00:00","og_image":[{"width":1551,"height":2048,"url":"https:\/\/svetslik.si\/wp-content\/uploads\/2021\/08\/image_The-Church-at-Auvers-sur-Oise_680.jpg","type":"image\/jpeg"}],"twitter_card":"summary_large_image","twitter_site":"@svetslik","twitter_misc":{"Disponibilit\u00e0":"Su ordinazione"},"schema":{"@context":"https:\/\/schema.org","@graph":[{"@type":["WebPage","ItemPage"],"@id":"https:\/\/svetslik.si\/it\/vincent-van-gogh\/the-church-at-auvers-sur-oise\/","url":"https:\/\/svetslik.si\/it\/vincent-van-gogh\/the-church-at-auvers-sur-oise\/","name":"Vincent van Gogh - The Church at Auvers-sur-Oise - SVETSLIK.SI - Dipinti a mano al 100%","isPartOf":{"@id":"https:\/\/svetslik.si\/it\/#website"},"primaryImageOfPage":{"@id":"https:\/\/svetslik.si\/it\/vincent-van-gogh\/the-church-at-auvers-sur-oise\/#primaryimage"},"image":{"@id":"https:\/\/svetslik.si\/it\/vincent-van-gogh\/the-church-at-auvers-sur-oise\/#primaryimage"},"thumbnailUrl":"https:\/\/svetslik.si\/wp-content\/uploads\/2021\/08\/image_The-Church-at-Auvers-sur-Oise_680.jpg","datePublished":"2021-09-02T15:52:15+00:00","dateModified":"2026-03-22T20:22:31+00:00","description":"Vincent van Gogh - The Church at Auvers-sur-Oise - Riproduzioni di quadri d'arte dipinte a mano al 100% su tela. Cornici per quadri, vendita e produzione di dimensioni su ordinazione.","breadcrumb":{"@id":"https:\/\/svetslik.si\/it\/vincent-van-gogh\/the-church-at-auvers-sur-oise\/#breadcrumb"},"inLanguage":"it-IT","potentialAction":[{"@type":"ReadAction","target":["https:\/\/svetslik.si\/it\/vincent-van-gogh\/the-church-at-auvers-sur-oise\/"]}]},{"@type":"ImageObject","inLanguage":"it-IT","@id":"https:\/\/svetslik.si\/it\/vincent-van-gogh\/the-church-at-auvers-sur-oise\/#primaryimage","url":"https:\/\/svetslik.si\/wp-content\/uploads\/2021\/08\/image_The-Church-at-Auvers-sur-Oise_680.jpg","contentUrl":"https:\/\/svetslik.si\/wp-content\/uploads\/2021\/08\/image_The-Church-at-Auvers-sur-Oise_680.jpg","width":1551,"height":2048,"caption":"Vincent Van Gogh - La Chiesa ad Auvers-sur-Oise - Riproduzioni dipinte a mano di famosi pittori, quadri moderni, quadri d'arte per parete"},{"@type":"BreadcrumbList","@id":"https:\/\/svetslik.si\/it\/vincent-van-gogh\/the-church-at-auvers-sur-oise\/#breadcrumb","itemListElement":[{"@type":"ListItem","position":1,"name":"Fali m\u0171v\u00e9szet \u00e9s festm\u00e9nyek v\u00e1szonra","item":"https:\/\/svetslik.si\/it\/"},{"@type":"ListItem","position":2,"name":"Vendita di dipinti","item":"https:\/\/svetslik.si\/prodaja-slik\/"},{"@type":"ListItem","position":3,"name":"Vincent van Gogh &#8211; The Church at Auvers-sur-Oise"}]},{"@type":"WebSite","@id":"https:\/\/svetslik.si\/it\/#website","url":"https:\/\/svetslik.si\/it\/","name":"SVETSLIK.SI","description":"100% riproduzioni dipinte a mano di quadri di pittori famosi e dipinti su tela.","publisher":{"@id":"https:\/\/svetslik.si\/it\/#organization"},"potentialAction":[{"@type":"SearchAction","target":{"@type":"EntryPoint","urlTemplate":"https:\/\/svetslik.si\/it\/?s={search_term_string}"},"query-input":{"@type":"PropertyValueSpecification","valueRequired":true,"valueName":"search_term_string"}}],"inLanguage":"it-IT"},{"@type":"Organization","@id":"https:\/\/svetslik.si\/it\/#organization","name":"SvetSlik.si","url":"https:\/\/svetslik.si\/it\/","logo":{"@type":"ImageObject","inLanguage":"it-IT","@id":"https:\/\/svetslik.si\/it\/#\/schema\/logo\/image\/","url":"https:\/\/svetslik.si\/wp-content\/uploads\/2020\/12\/logo-512.png","contentUrl":"https:\/\/svetslik.si\/wp-content\/uploads\/2020\/12\/logo-512.png","width":512,"height":512,"caption":"SvetSlik.si"},"image":{"@id":"https:\/\/svetslik.si\/it\/#\/schema\/logo\/image\/"},"sameAs":["https:\/\/www.facebook.com\/svetslik.si","https:\/\/x.com\/svetslik","https:\/\/www.instagram.com\/svetslik.si\/","https:\/\/www.linkedin.com\/company\/svetslik-si"]}]},"og_availability":"backorder","product_availability":"available for order","product_retailer_item_id":"246__","product_condition":"new"},"jetpack_sharing_enabled":true,"_links":{"self":[{"href":"https:\/\/svetslik.si\/it\/wp-json\/wp\/v2\/product\/38998","targetHints":{"allow":["GET"]}}],"collection":[{"href":"https:\/\/svetslik.si\/it\/wp-json\/wp\/v2\/product"}],"about":[{"href":"https:\/\/svetslik.si\/it\/wp-json\/wp\/v2\/types\/product"}],"wp:featuredmedia":[{"embeddable":true,"href":"https:\/\/svetslik.si\/it\/wp-json\/wp\/v2\/media\/35696"}],"wp:attachment":[{"href":"https:\/\/svetslik.si\/it\/wp-json\/wp\/v2\/media?parent=38998"}],"wp:term":[{"taxonomy":"product_brand","embeddable":true,"href":"https:\/\/svetslik.si\/it\/wp-json\/wp\/v2\/product_brand?post=38998"},{"taxonomy":"product_cat","embeddable":true,"href":"https:\/\/svetslik.si\/it\/wp-json\/wp\/v2\/product_cat?post=38998"},{"taxonomy":"product_tag","embeddable":true,"href":"https:\/\/svetslik.si\/it\/wp-json\/wp\/v2\/product_tag?post=38998"}],"curies":[{"name":"wp","href":"https:\/\/api.w.org\/{rel}","templated":true}]}}