{"id":39129,"date":"2021-09-02T17:53:16","date_gmt":"2021-09-02T15:53:16","guid":{"rendered":"https:\/\/svetslik.si\/senza-categoria\/fugue\/"},"modified":"2026-03-22T21:26:06","modified_gmt":"2026-03-22T20:26:06","slug":"fugue","status":"publish","type":"product","link":"https:\/\/svetslik.si\/it\/vasilij-kandinski\/fugue\/","title":{"rendered":"Vasilij Kandinski &#8211; Fugue"},"content":{"rendered":"<h1>Vasily Kandinsky &#8211; Fuga<\/h1>\n<table border=\"0\" width=\"673\" cellspacing=\"0\" cellpadding=\"0\">\n<colgroup>\n<col style=\"width: 135pt\" width=\"180\" \/>\n<col style=\"width: 370pt\" width=\"493\" \/> <\/colgroup>\n<tr>\n<td class=\"xl24\" width=\"180\" height=\"21\">Anno di creazione:<\/td>\n<td class=\"xl25\" width=\"493\">1914<\/td>\n<\/tr>\n<tr>\n<td class=\"xl24\" width=\"180\" height=\"21\">Dimensione originale:<\/td>\n<td class=\"xl24\" width=\"493\">129,5 cm x 129,5 cm<\/td>\n<\/tr>\n<tr>\n<td class=\"xl24\" width=\"180\" height=\"21\">Stile pittura:<\/td>\n<td class=\"xl24\" width=\"493\">Arte astratta<\/td>\n<\/tr>\n<tr>\n<td class=\"xl24\" width=\"180\" height=\"21\">Tecnica originale:<\/td>\n<td>Olio su tela<\/td>\n<\/tr>\n<tr>\n<td class=\"xl24\" width=\"180\" height=\"21\">Situato:<\/td>\n<td>Collezione privata<\/td>\n<\/tr>\n<\/tbody>\n<\/table>\n<p>&#8220;Fuga&#8221; di Asylum Kandinsky \u00e8 un dipinto sorprendente e potente che mette in mostra lo stile unico dell&#8217;artista e l&#8217;approccio all&#8217;astrazione. Creato nel 1914, il dipinto \u00e8 considerato una delle opere pi\u00f9 importanti di Kandinsky ed \u00e8 ampiamente riconosciuto come un capolavoro dell&#8217;inizio del XX secolo.<\/p>\n<p>Uno degli elementi pi\u00f9 sorprendenti del dipinto &#8220;Fuga&#8221; \u00e8 l&#8217;uso del colore. Usando tonalit\u00e0 vibranti e contrastanti, Kandinsky crea un senso di movimento ed energia nel dipinto. Si nota anche l&#8217;uso del colore da parte dell&#8217;artista, poich\u00e9 le pennellate audaci e la consistenza dell&#8217;impasto creano un senso di profondit\u00e0 e movimento.<\/p>\n<p>Il titolo del dipinto &#8220;Fuga&#8221; si riferisce a una forma musicale caratterizzata da uno schema ripetuto. Allo stesso modo, la composizione di un dipinto si basa su uno schema ripetuto di forme e colori. Questa ripetizione crea un senso di armonia ed equilibrio nel dipinto e attira l&#8217;attenzione dello spettatore attraverso la composizione.<\/p>\n<p>Il lavoro di Kandinsky \u00e8 considerato un&#8217;influenza significativa sullo sviluppo dell&#8217;arte astratta e &#8220;Fuge&#8221; \u00e8 un ottimo esempio del suo stile pionieristico. Il dipinto \u00e8 attualmente nella Galleria Statale Tretyakov di Mosca.<\/p>\n<p>Se vuoi vedere altre opere di Kandinsky, il Centre Georges Pompidou di Parigi e il Guggenheim Museum di New York hanno vaste collezioni dei suoi dipinti. Molti dei dipinti di Kandinsky, tra cui &#8220;Fuga&#8221;, possono essere visualizzati anche sui siti Web di questi musei. Nel complesso, &#8220;Fuga&#8221; \u00e8 una tappa obbligata per chiunque sia interessato alla storia dell&#8217;arte astratta e all&#8217;opera di uno dei suoi pi\u00f9 importanti pionieri, Wassily Kandinsky.<\/p>\n","protected":false},"excerpt":{"rendered":"<p>Vasily Kandinsky &#8211; Fuga Anno di creazione: 1914 Dimensione originale: 129,5 cm x 129,5 cm Stile pittura: Arte astratta Tecnica originale: Olio su tela Situato: Collezione privata &#8220;Fuga&#8221; di Asylum Kandinsky \u00e8 un dipinto sorprendente e potente che mette in mostra lo stile unico dell&#8217;artista e l&#8217;approccio all&#8217;astrazione. Creato nel [&hellip;]<\/p>\n","protected":false},"featured_media":35172,"template":"","meta":{"_acf_changed":false},"product_brand":[],"product_cat":[4188],"product_tag":[4222,4223,4245,4246,4253],"class_list":{"0":"post-39129","1":"product","2":"type-product","3":"status-publish","4":"has-post-thumbnail","6":"product_cat-vasilij-kandinski","7":"product_tag-kandinski-it","8":"product_tag-kandinsky-it","9":"product_tag-riproduzione","10":"product_tag-riproduzione-it","11":"product_tag-un-pittore","12":"pa_dimenzija-100-x-100-cm-it","13":"pa_dimenzija-110-x-110-cm-it","14":"pa_dimenzija-130-x-130-cm-it","15":"pa_dimenzija-150-x-150-cm-it","16":"pa_dimenzija-180-x-180-cm-it","17":"pa_dimenzija-60-x-60-cm-it","18":"pa_dimenzija-70-x-70-cm-it","19":"pa_dimenzija-90-x-90-cm-it","20":"pa_oblika-quadrata","21":"pa_okvir-sensa-cornice","22":"pa_podokvir-no","23":"pa_podokvir-si","25":"first","26":"onbackorder","27":"purchasable","28":"product-type-variable","29":"has-default-attributes"},"acf":[],"yoast_head":"<!-- This site is optimized with the Yoast SEO Premium plugin v26.0 (Yoast SEO v27.2) - https:\/\/yoast.com\/product\/yoast-seo-premium-wordpress\/ -->\n<title>Vasilij Kandinski - Fugue - SVETSLIK.SI - Dipinti a mano al 100%<\/title>\n<meta name=\"description\" content=\"Vasilij Kandinski - Fugue - Riproduzioni di quadri d&#039;arte dipinte a mano al 100% su tela. Cornici per quadri, vendita e produzione di dimensioni su ordinazione.\" \/>\n<meta name=\"robots\" content=\"index, follow, max-snippet:-1, max-image-preview:large, max-video-preview:-1\" \/>\n<link rel=\"canonical\" href=\"https:\/\/svetslik.si\/it\/vasilij-kandinski\/fugue\/\" \/>\n<meta property=\"og:locale\" content=\"it_IT\" \/>\n<meta property=\"og:type\" content=\"article\" \/>\n<meta property=\"og:title\" content=\"Vasilij Kandinski - Fugue\" \/>\n<meta property=\"og:description\" content=\"100% ro\u010dno naslikane slike na platnu, reprodukcije znanih slikarjev in umetni\u0161ke slike po naro\u010dilu.\" \/>\n<meta property=\"og:url\" content=\"https:\/\/svetslik.si\/it\/vasilij-kandinski\/fugue\/\" \/>\n<meta property=\"og:site_name\" content=\"SVETSLIK.SI\" \/>\n<meta property=\"article:publisher\" content=\"https:\/\/www.facebook.com\/svetslik.si\" \/>\n<meta property=\"article:modified_time\" content=\"2026-03-22T20:26:06+00:00\" \/>\n<meta property=\"og:image\" content=\"https:\/\/svetslik.si\/wp-content\/uploads\/2021\/08\/image_Fugue_680.jpg\" \/>\n\t<meta property=\"og:image:width\" content=\"1920\" \/>\n\t<meta property=\"og:image:height\" content=\"1907\" \/>\n\t<meta property=\"og:image:type\" content=\"image\/jpeg\" \/>\n<meta name=\"twitter:card\" content=\"summary_large_image\" \/>\n<meta name=\"twitter:site\" content=\"@svetslik\" \/>\n<meta name=\"twitter:label1\" content=\"Disponibilit\u00e0\" \/>\n\t<meta name=\"twitter:data1\" content=\"Su ordinazione\" \/>\n<script type=\"application\/ld+json\" class=\"yoast-schema-graph\">{\"@context\":\"https:\/\/schema.org\",\"@graph\":[{\"@type\":[\"WebPage\",\"ItemPage\"],\"@id\":\"https:\/\/svetslik.si\/it\/vasilij-kandinski\/fugue\/\",\"url\":\"https:\/\/svetslik.si\/it\/vasilij-kandinski\/fugue\/\",\"name\":\"Vasilij Kandinski - Fugue - SVETSLIK.SI - Dipinti a mano al 100%\",\"isPartOf\":{\"@id\":\"https:\/\/svetslik.si\/it\/#website\"},\"primaryImageOfPage\":{\"@id\":\"https:\/\/svetslik.si\/it\/vasilij-kandinski\/fugue\/#primaryimage\"},\"image\":{\"@id\":\"https:\/\/svetslik.si\/it\/vasilij-kandinski\/fugue\/#primaryimage\"},\"thumbnailUrl\":\"https:\/\/svetslik.si\/wp-content\/uploads\/2021\/08\/image_Fugue_680.jpg\",\"datePublished\":\"2021-09-02T15:53:16+00:00\",\"dateModified\":\"2026-03-22T20:26:06+00:00\",\"description\":\"Vasilij Kandinski - Fugue - Riproduzioni di quadri d'arte dipinte a mano al 100% su tela. Cornici per quadri, vendita e produzione di dimensioni su ordinazione.\",\"breadcrumb\":{\"@id\":\"https:\/\/svetslik.si\/it\/vasilij-kandinski\/fugue\/#breadcrumb\"},\"inLanguage\":\"it-IT\",\"potentialAction\":[{\"@type\":\"ReadAction\",\"target\":[\"https:\/\/svetslik.si\/it\/vasilij-kandinski\/fugue\/\"]}]},{\"@type\":\"ImageObject\",\"inLanguage\":\"it-IT\",\"@id\":\"https:\/\/svetslik.si\/it\/vasilij-kandinski\/fugue\/#primaryimage\",\"url\":\"https:\/\/svetslik.si\/wp-content\/uploads\/2021\/08\/image_Fugue_680.jpg\",\"contentUrl\":\"https:\/\/svetslik.si\/wp-content\/uploads\/2021\/08\/image_Fugue_680.jpg\",\"width\":1920,\"height\":1907,\"caption\":\"Riproduzioni di dipinti - Vasilij Kandinski - Fuga - Dipinti a mano per pareti, olio su tela, dipinti ad olio, quadri moderni, quadri d'arte per pareti, ambientali, astratti, quadri decorativi per pareti\"},{\"@type\":\"BreadcrumbList\",\"@id\":\"https:\/\/svetslik.si\/it\/vasilij-kandinski\/fugue\/#breadcrumb\",\"itemListElement\":[{\"@type\":\"ListItem\",\"position\":1,\"name\":\"Fali m\u0171v\u00e9szet \u00e9s festm\u00e9nyek v\u00e1szonra\",\"item\":\"https:\/\/svetslik.si\/it\/\"},{\"@type\":\"ListItem\",\"position\":2,\"name\":\"Vendita di dipinti\",\"item\":\"https:\/\/svetslik.si\/prodaja-slik\/\"},{\"@type\":\"ListItem\",\"position\":3,\"name\":\"Vasilij Kandinski &#8211; Fugue\"}]},{\"@type\":\"WebSite\",\"@id\":\"https:\/\/svetslik.si\/it\/#website\",\"url\":\"https:\/\/svetslik.si\/it\/\",\"name\":\"SVETSLIK.SI\",\"description\":\"100% riproduzioni dipinte a mano di quadri di pittori famosi e dipinti su tela.\",\"publisher\":{\"@id\":\"https:\/\/svetslik.si\/it\/#organization\"},\"potentialAction\":[{\"@type\":\"SearchAction\",\"target\":{\"@type\":\"EntryPoint\",\"urlTemplate\":\"https:\/\/svetslik.si\/it\/?s={search_term_string}\"},\"query-input\":{\"@type\":\"PropertyValueSpecification\",\"valueRequired\":true,\"valueName\":\"search_term_string\"}}],\"inLanguage\":\"it-IT\"},{\"@type\":\"Organization\",\"@id\":\"https:\/\/svetslik.si\/it\/#organization\",\"name\":\"SvetSlik.si\",\"url\":\"https:\/\/svetslik.si\/it\/\",\"logo\":{\"@type\":\"ImageObject\",\"inLanguage\":\"it-IT\",\"@id\":\"https:\/\/svetslik.si\/it\/#\/schema\/logo\/image\/\",\"url\":\"https:\/\/svetslik.si\/wp-content\/uploads\/2020\/12\/logo-512.png\",\"contentUrl\":\"https:\/\/svetslik.si\/wp-content\/uploads\/2020\/12\/logo-512.png\",\"width\":512,\"height\":512,\"caption\":\"SvetSlik.si\"},\"image\":{\"@id\":\"https:\/\/svetslik.si\/it\/#\/schema\/logo\/image\/\"},\"sameAs\":[\"https:\/\/www.facebook.com\/svetslik.si\",\"https:\/\/x.com\/svetslik\",\"https:\/\/www.instagram.com\/svetslik.si\/\",\"https:\/\/www.linkedin.com\/company\/svetslik-si\"]}]}<\/script>\n<meta property=\"og:availability\" content=\"backorder\" \/>\n<meta property=\"product:availability\" content=\"available for order\" \/>\n<meta property=\"product:retailer_item_id\" content=\"262__\" \/>\n<meta property=\"product:condition\" content=\"new\" \/>\n<!-- \/ Yoast SEO Premium plugin. -->","yoast_head_json":{"title":"Vasilij Kandinski - Fugue - SVETSLIK.SI - Dipinti a mano al 100%","description":"Vasilij Kandinski - Fugue - Riproduzioni di quadri d'arte dipinte a mano al 100% su tela. Cornici per quadri, vendita e produzione di dimensioni su ordinazione.","robots":{"index":"index","follow":"follow","max-snippet":"max-snippet:-1","max-image-preview":"max-image-preview:large","max-video-preview":"max-video-preview:-1"},"canonical":"https:\/\/svetslik.si\/it\/vasilij-kandinski\/fugue\/","og_locale":"it_IT","og_type":"article","og_title":"Vasilij Kandinski - Fugue","og_description":"100% ro\u010dno naslikane slike na platnu, reprodukcije znanih slikarjev in umetni\u0161ke slike po naro\u010dilu.","og_url":"https:\/\/svetslik.si\/it\/vasilij-kandinski\/fugue\/","og_site_name":"SVETSLIK.SI","article_publisher":"https:\/\/www.facebook.com\/svetslik.si","article_modified_time":"2026-03-22T20:26:06+00:00","og_image":[{"width":1920,"height":1907,"url":"https:\/\/svetslik.si\/wp-content\/uploads\/2021\/08\/image_Fugue_680.jpg","type":"image\/jpeg"}],"twitter_card":"summary_large_image","twitter_site":"@svetslik","twitter_misc":{"Disponibilit\u00e0":"Su ordinazione"},"schema":{"@context":"https:\/\/schema.org","@graph":[{"@type":["WebPage","ItemPage"],"@id":"https:\/\/svetslik.si\/it\/vasilij-kandinski\/fugue\/","url":"https:\/\/svetslik.si\/it\/vasilij-kandinski\/fugue\/","name":"Vasilij Kandinski - Fugue - SVETSLIK.SI - Dipinti a mano al 100%","isPartOf":{"@id":"https:\/\/svetslik.si\/it\/#website"},"primaryImageOfPage":{"@id":"https:\/\/svetslik.si\/it\/vasilij-kandinski\/fugue\/#primaryimage"},"image":{"@id":"https:\/\/svetslik.si\/it\/vasilij-kandinski\/fugue\/#primaryimage"},"thumbnailUrl":"https:\/\/svetslik.si\/wp-content\/uploads\/2021\/08\/image_Fugue_680.jpg","datePublished":"2021-09-02T15:53:16+00:00","dateModified":"2026-03-22T20:26:06+00:00","description":"Vasilij Kandinski - Fugue - Riproduzioni di quadri d'arte dipinte a mano al 100% su tela. Cornici per quadri, vendita e produzione di dimensioni su ordinazione.","breadcrumb":{"@id":"https:\/\/svetslik.si\/it\/vasilij-kandinski\/fugue\/#breadcrumb"},"inLanguage":"it-IT","potentialAction":[{"@type":"ReadAction","target":["https:\/\/svetslik.si\/it\/vasilij-kandinski\/fugue\/"]}]},{"@type":"ImageObject","inLanguage":"it-IT","@id":"https:\/\/svetslik.si\/it\/vasilij-kandinski\/fugue\/#primaryimage","url":"https:\/\/svetslik.si\/wp-content\/uploads\/2021\/08\/image_Fugue_680.jpg","contentUrl":"https:\/\/svetslik.si\/wp-content\/uploads\/2021\/08\/image_Fugue_680.jpg","width":1920,"height":1907,"caption":"Riproduzioni di dipinti - Vasilij Kandinski - Fuga - Dipinti a mano per pareti, olio su tela, dipinti ad olio, quadri moderni, quadri d'arte per pareti, ambientali, astratti, quadri decorativi per pareti"},{"@type":"BreadcrumbList","@id":"https:\/\/svetslik.si\/it\/vasilij-kandinski\/fugue\/#breadcrumb","itemListElement":[{"@type":"ListItem","position":1,"name":"Fali m\u0171v\u00e9szet \u00e9s festm\u00e9nyek v\u00e1szonra","item":"https:\/\/svetslik.si\/it\/"},{"@type":"ListItem","position":2,"name":"Vendita di dipinti","item":"https:\/\/svetslik.si\/prodaja-slik\/"},{"@type":"ListItem","position":3,"name":"Vasilij Kandinski &#8211; Fugue"}]},{"@type":"WebSite","@id":"https:\/\/svetslik.si\/it\/#website","url":"https:\/\/svetslik.si\/it\/","name":"SVETSLIK.SI","description":"100% riproduzioni dipinte a mano di quadri di pittori famosi e dipinti su tela.","publisher":{"@id":"https:\/\/svetslik.si\/it\/#organization"},"potentialAction":[{"@type":"SearchAction","target":{"@type":"EntryPoint","urlTemplate":"https:\/\/svetslik.si\/it\/?s={search_term_string}"},"query-input":{"@type":"PropertyValueSpecification","valueRequired":true,"valueName":"search_term_string"}}],"inLanguage":"it-IT"},{"@type":"Organization","@id":"https:\/\/svetslik.si\/it\/#organization","name":"SvetSlik.si","url":"https:\/\/svetslik.si\/it\/","logo":{"@type":"ImageObject","inLanguage":"it-IT","@id":"https:\/\/svetslik.si\/it\/#\/schema\/logo\/image\/","url":"https:\/\/svetslik.si\/wp-content\/uploads\/2020\/12\/logo-512.png","contentUrl":"https:\/\/svetslik.si\/wp-content\/uploads\/2020\/12\/logo-512.png","width":512,"height":512,"caption":"SvetSlik.si"},"image":{"@id":"https:\/\/svetslik.si\/it\/#\/schema\/logo\/image\/"},"sameAs":["https:\/\/www.facebook.com\/svetslik.si","https:\/\/x.com\/svetslik","https:\/\/www.instagram.com\/svetslik.si\/","https:\/\/www.linkedin.com\/company\/svetslik-si"]}]},"og_availability":"backorder","product_availability":"available for order","product_retailer_item_id":"262__","product_condition":"new"},"jetpack_sharing_enabled":true,"_links":{"self":[{"href":"https:\/\/svetslik.si\/it\/wp-json\/wp\/v2\/product\/39129","targetHints":{"allow":["GET"]}}],"collection":[{"href":"https:\/\/svetslik.si\/it\/wp-json\/wp\/v2\/product"}],"about":[{"href":"https:\/\/svetslik.si\/it\/wp-json\/wp\/v2\/types\/product"}],"wp:featuredmedia":[{"embeddable":true,"href":"https:\/\/svetslik.si\/it\/wp-json\/wp\/v2\/media\/35172"}],"wp:attachment":[{"href":"https:\/\/svetslik.si\/it\/wp-json\/wp\/v2\/media?parent=39129"}],"wp:term":[{"taxonomy":"product_brand","embeddable":true,"href":"https:\/\/svetslik.si\/it\/wp-json\/wp\/v2\/product_brand?post=39129"},{"taxonomy":"product_cat","embeddable":true,"href":"https:\/\/svetslik.si\/it\/wp-json\/wp\/v2\/product_cat?post=39129"},{"taxonomy":"product_tag","embeddable":true,"href":"https:\/\/svetslik.si\/it\/wp-json\/wp\/v2\/product_tag?post=39129"}],"curies":[{"name":"wp","href":"https:\/\/api.w.org\/{rel}","templated":true}]}}