{"id":39138,"date":"2021-09-02T17:53:26","date_gmt":"2021-09-02T15:53:26","guid":{"rendered":"https:\/\/svetslik.si\/senza-categoria\/moscow-i\/"},"modified":"2026-03-22T21:26:06","modified_gmt":"2026-03-22T20:26:06","slug":"moscow-i","status":"publish","type":"product","link":"https:\/\/svetslik.si\/it\/vasilij-kandinski\/moscow-i\/","title":{"rendered":"Vasilij Kandinski &#8211; Moscow I"},"content":{"rendered":"<div class=\"wpb-content-wrapper\">[vc_row][vc_column][vc_column_text]\n<h1>Vasily Kandinsky &#8211; Mosca I<\/h1>\n<table border=\"0\" width=\"673\" cellspacing=\"0\" cellpadding=\"0\">\n<colgroup>\n<col style=\"width: 135pt\" width=\"180\" \/>\n<col style=\"width: 370pt\" width=\"493\" \/> <\/colgroup>\n<tr>\n<td class=\"xl24\" width=\"180\" height=\"21\">Anno di creazione:<\/td>\n<td class=\"xl25\" width=\"493\">1916<\/td>\n<\/tr>\n<tr>\n<td class=\"xl24\" width=\"180\" height=\"21\">Dimensione originale:<\/td>\n<td class=\"xl24\" width=\"493\">49,5 cm x 51,5 cm<\/td>\n<\/tr>\n<tr>\n<td class=\"xl24\" width=\"180\" height=\"21\">Stile pittura:<\/td>\n<td class=\"xl24\" width=\"493\">Arte astratta<\/td>\n<\/tr>\n<tr>\n<td class=\"xl24\" width=\"180\" height=\"21\">Tecnica originale:<\/td>\n<td>Olio su tela<\/td>\n<\/tr>\n<tr>\n<td class=\"xl24\" width=\"180\" height=\"21\">Situato:<\/td>\n<td>Galleria Tretyakov, Mosca<\/td>\n<\/tr>\n<\/tbody>\n<\/table>\n[\/vc_column_text][\/vc_column][\/vc_row][vc_row css=&#8221;.vc_custom_1640128826126{margin-bottom: 20px !important;}&#8221;][vc_column]\t<div class=\"et-image-433 et-image  full   et_image_link\">\n\t\t<div class=\"et-image-inner \">\n\t\t\t\t\t\t\t<div class=\"et-image-thumb \">\n\t\t\t\t\t<img decoding=\"async\" width=\"2560\" height=\"2046\" src=\"https:\/\/svetslik.si\/wp-content\/uploads\/2021\/12\/Vasiliy-Kandinsky-slika-na-platnu-scaled.jpg\" class=\"attachment-full\" alt=\"Vasiliy Kandinsky - Composizione VI - quadro su tela - riproduzione dipinta a mano - quadri moderni su tela\" title=\"Vasiliy Kandinsky - Composizione VI - quadro su tela - riproduzione dipinta a mano - quadri moderni su tela\" srcset=\"https:\/\/svetslik.si\/wp-content\/uploads\/2021\/12\/Vasiliy-Kandinsky-slika-na-platnu-scaled.jpg 2560w, https:\/\/svetslik.si\/wp-content\/uploads\/2021\/12\/Vasiliy-Kandinsky-slika-na-platnu-600x479.jpg 600w, https:\/\/svetslik.si\/wp-content\/uploads\/2021\/12\/Vasiliy-Kandinsky-slika-na-platnu-scaled-1200x959.jpg 1200w, https:\/\/svetslik.si\/wp-content\/uploads\/2021\/12\/Vasiliy-Kandinsky-slika-na-platnu-300x240.jpg 300w, https:\/\/svetslik.si\/wp-content\/uploads\/2021\/12\/Vasiliy-Kandinsky-slika-na-platnu-1024x818.jpg 1024w, https:\/\/svetslik.si\/wp-content\/uploads\/2021\/12\/Vasiliy-Kandinsky-slika-na-platnu-768x614.jpg 768w, https:\/\/svetslik.si\/wp-content\/uploads\/2021\/12\/Vasiliy-Kandinsky-slika-na-platnu-1536x1227.jpg 1536w, https:\/\/svetslik.si\/wp-content\/uploads\/2021\/12\/Vasiliy-Kandinsky-slika-na-platnu-2048x1637.jpg 2048w, https:\/\/svetslik.si\/wp-content\/uploads\/2021\/12\/Vasiliy-Kandinsky-slika-na-platnu-150x120.jpg 150w, https:\/\/svetslik.si\/wp-content\/uploads\/2021\/12\/Vasiliy-Kandinsky-slika-na-platnu-1320x1055.jpg 1320w, https:\/\/svetslik.si\/wp-content\/uploads\/2021\/12\/Vasiliy-Kandinsky-slika-na-platnu-900x719.jpg 900w\" sizes=\"(max-width: 2560px) 100vw, 2560px\" \/>\t\t\t\t<\/div>\n\t\t\t\t\t\t\t\t\t\t\t<\/div>\n\t<\/div>\n  [\/vc_column][\/vc_row][vc_row css=&#8221;.vc_custom_1640128826126{margin-bottom: 20px !important;}&#8221;][vc_column]\t<div class=\"et-image-939 et-image  full   et_image_link\">\n\t\t<div class=\"et-image-inner \">\n\t\t\t\t\t\t\t<div class=\"et-image-thumb \">\n\t\t\t\t\t<img decoding=\"async\" width=\"1155\" height=\"1050\" src=\"https:\/\/svetslik.si\/wp-content\/uploads\/2021\/09\/IMAG0223-1.jpg\" class=\"attachment-full\" alt=\"Vasiliy Kandinsky - quadro su tela - riproduzione a mano di una riproduzione di quadri\" title=\"Vasiliy Kandinsky - quadro su tela - riproduzione a mano di una riproduzione di quadri\" srcset=\"https:\/\/svetslik.si\/wp-content\/uploads\/2021\/09\/IMAG0223-1.jpg 1155w, https:\/\/svetslik.si\/wp-content\/uploads\/2021\/09\/IMAG0223-1-600x545.jpg 600w, https:\/\/svetslik.si\/wp-content\/uploads\/2021\/09\/IMAG0223-1-300x273.jpg 300w, https:\/\/svetslik.si\/wp-content\/uploads\/2021\/09\/IMAG0223-1-1024x931.jpg 1024w, https:\/\/svetslik.si\/wp-content\/uploads\/2021\/09\/IMAG0223-1-768x698.jpg 768w, https:\/\/svetslik.si\/wp-content\/uploads\/2021\/09\/IMAG0223-1-150x136.jpg 150w, https:\/\/svetslik.si\/wp-content\/uploads\/2021\/09\/IMAG0223-1-900x818.jpg 900w\" sizes=\"(max-width: 1155px) 100vw, 1155px\" \/>\t\t\t\t<\/div>\n\t\t\t\t\t\t\t\t\t\t\t<\/div>\n\t<\/div>\n  [\/vc_column][\/vc_row][vc_row][vc_column][vc_column_text]Mosca I di Wassily Kandinsky \u00e8 un&#8217;opera d&#8217;arte molto ricercata nota per la sua composizione sorprendente e l&#8217;uso audace del colore. Fu dipinto nel 1911 ed \u00e8 considerato una delle opere pi\u00f9 importanti dell&#8217;artista del suo primo periodo.<\/p>\n<p>Uno degli elementi pi\u00f9 sorprendenti del dipinto di Mosca I \u00e8 l&#8217;uso del colore. Kandinsky \u00e8 stato fortemente influenzato dall&#8217;idea di usare il colore per evocare emozioni, e questo lavoro \u00e8 un ottimo esempio di questo principio. Il colore blu dominante nell&#8217;immagine crea un senso di calma e serenit\u00e0, mentre le forme contrastanti rosse e gialle aggiungono un senso di movimento ed energia.<\/p>\n<p>Da segnalare anche la composizione del dipinto &#8220;Mosca I&#8221;. L&#8217;immagine \u00e8 divisa in due parti principali: un grande segmento blu a sinistra e una serie di forme astratte pi\u00f9 piccole a destra. Questa divisione crea un senso di equilibrio e armonia nell&#8217;opera, con la grande forma blu che funge da base per gli elementi pi\u00f9 dinamici sulla destra.<\/p>\n<p>Un altro aspetto di &#8220;Mosca I&#8221; che lo distingue \u00e8 il suo legame con l&#8217;interesse di Kandinsky per la spiritualit\u00e0. L&#8217;artista credeva che l&#8217;arte dovesse essere un percorso verso l&#8217;illuminazione spirituale e si diceva che molte delle sue opere, tra cui &#8220;Mosca I&#8221;, fossero meditazioni visive su questa idea. Si dice che le forme astratte nel dipinto rappresentino i pensieri e i sentimenti interiori dell&#8217;artista, mentre si dice che il segmento blu sia un simbolo del regno spirituale.<\/p>\n<p>Nel complesso, &#8220;Mosca I&#8221; \u00e8 un dipinto potente ed evocativo che mette in mostra i talenti di Kandinsky come colorista e compositore. \u00c8 considerato un capolavoro del primo periodo dell&#8217;artista ed \u00e8 una tappa obbligata per chiunque sia interessato allo sviluppo dell&#8217;arte astratta. Per vedere di pi\u00f9 sul lavoro di Kandinsky, molti dei suoi dipinti si possono trovare al Guggenheim Museum di New York e al Centre Georges Pompidou di Parigi.[\/vc_column_text][\/vc_column][\/vc_row]\n<\/div>","protected":false},"excerpt":{"rendered":"<p>[vc_row][vc_column][vc_column_text] Vasily Kandinsky &#8211; Mosca I Anno di creazione: 1916 Dimensione originale: 49,5 cm x 51,5 cm Stile pittura: Arte astratta Tecnica originale: Olio su tela Situato: Galleria Tretyakov, Mosca [\/vc_column_text][\/vc_column][\/vc_row][vc_row css=&#8221;.vc_custom_1640128826126{margin-bottom: 20px !important;}&#8221;][vc_column][\/vc_column][\/vc_row][vc_row css=&#8221;.vc_custom_1640128826126{margin-bottom: 20px !important;}&#8221;][vc_column][\/vc_column][\/vc_row][vc_row][vc_column][vc_column_text]Mosca I di Wassily Kandinsky \u00e8 un&#8217;opera d&#8217;arte molto ricercata nota per la sua [&hellip;]<\/p>\n","protected":false},"featured_media":35384,"template":"","meta":{"_acf_changed":false},"product_brand":[],"product_cat":[4188],"product_tag":[4222,4223,4245,4246,4253],"class_list":{"0":"post-39138","1":"product","2":"type-product","3":"status-publish","4":"has-post-thumbnail","6":"product_cat-vasilij-kandinski","7":"product_tag-kandinski-it","8":"product_tag-kandinsky-it","9":"product_tag-riproduzione","10":"product_tag-riproduzione-it","11":"product_tag-un-pittore","12":"pa_dimenzija-110-x-110-cm","13":"pa_dimenzija-150-x-150-cm","14":"pa_dimenzija-40-x-40-cm","15":"pa_dimenzija-50-x-52-cm","16":"pa_dimenzija-60-x-60-cm","17":"pa_dimenzija-70-x-70-cm","18":"pa_dimenzija-80-x-80-cm","19":"pa_dimenzija-90-x-90-cm","20":"pa_oblika-quadrata","21":"pa_okvir-sensa-cornice","22":"pa_podokvir-no","23":"pa_podokvir-si","25":"first","26":"onbackorder","27":"purchasable","28":"product-type-variable","29":"has-default-attributes"},"acf":[],"yoast_head":"<!-- This site is optimized with the Yoast SEO Premium plugin v26.0 (Yoast SEO v27.2) - https:\/\/yoast.com\/product\/yoast-seo-premium-wordpress\/ -->\n<title>Vasilij Kandinski - Moscow I - SVETSLIK.SI - Dipinti a mano al 100%<\/title>\n<meta name=\"description\" content=\"Vasilij Kandinski - Moscow I - Riproduzioni di quadri d&#039;arte dipinte a mano al 100% su tela. Cornici per quadri, vendita e produzione di dimensioni su ordinazione.\" \/>\n<meta name=\"robots\" content=\"index, follow, max-snippet:-1, max-image-preview:large, max-video-preview:-1\" \/>\n<link rel=\"canonical\" href=\"https:\/\/svetslik.si\/it\/vasilij-kandinski\/moscow-i\/\" \/>\n<meta property=\"og:locale\" content=\"it_IT\" \/>\n<meta property=\"og:type\" content=\"article\" \/>\n<meta property=\"og:title\" content=\"Vasilij Kandinski - Moscow I\" \/>\n<meta property=\"og:description\" content=\"100% ro\u010dno naslikane slike na platnu, reprodukcije znanih slikarjev in umetni\u0161ke slike po naro\u010dilu.\" \/>\n<meta property=\"og:url\" content=\"https:\/\/svetslik.si\/it\/vasilij-kandinski\/moscow-i\/\" \/>\n<meta property=\"og:site_name\" content=\"SVETSLIK.SI\" \/>\n<meta property=\"article:publisher\" content=\"https:\/\/www.facebook.com\/svetslik.si\" \/>\n<meta property=\"article:modified_time\" content=\"2026-03-22T20:26:06+00:00\" \/>\n<meta property=\"og:image\" content=\"https:\/\/svetslik.si\/wp-content\/uploads\/2021\/08\/image_Moscow-I_680.jpg\" \/>\n\t<meta property=\"og:image:width\" content=\"2230\" \/>\n\t<meta property=\"og:image:height\" content=\"2337\" \/>\n\t<meta property=\"og:image:type\" content=\"image\/jpeg\" \/>\n<meta name=\"twitter:card\" content=\"summary_large_image\" \/>\n<meta name=\"twitter:site\" content=\"@svetslik\" \/>\n<meta name=\"twitter:label1\" content=\"Disponibilit\u00e0\" \/>\n\t<meta name=\"twitter:data1\" content=\"Su ordinazione\" \/>\n<script type=\"application\/ld+json\" class=\"yoast-schema-graph\">{\"@context\":\"https:\/\/schema.org\",\"@graph\":[{\"@type\":[\"WebPage\",\"ItemPage\"],\"@id\":\"https:\/\/svetslik.si\/it\/vasilij-kandinski\/moscow-i\/\",\"url\":\"https:\/\/svetslik.si\/it\/vasilij-kandinski\/moscow-i\/\",\"name\":\"Vasilij Kandinski - Moscow I - SVETSLIK.SI - Dipinti a mano al 100%\",\"isPartOf\":{\"@id\":\"https:\/\/svetslik.si\/it\/#website\"},\"primaryImageOfPage\":{\"@id\":\"https:\/\/svetslik.si\/it\/vasilij-kandinski\/moscow-i\/#primaryimage\"},\"image\":{\"@id\":\"https:\/\/svetslik.si\/it\/vasilij-kandinski\/moscow-i\/#primaryimage\"},\"thumbnailUrl\":\"https:\/\/svetslik.si\/wp-content\/uploads\/2021\/08\/image_Moscow-I_680.jpg\",\"datePublished\":\"2021-09-02T15:53:26+00:00\",\"dateModified\":\"2026-03-22T20:26:06+00:00\",\"description\":\"Vasilij Kandinski - Moscow I - Riproduzioni di quadri d'arte dipinte a mano al 100% su tela. Cornici per quadri, vendita e produzione di dimensioni su ordinazione.\",\"breadcrumb\":{\"@id\":\"https:\/\/svetslik.si\/it\/vasilij-kandinski\/moscow-i\/#breadcrumb\"},\"inLanguage\":\"it-IT\",\"potentialAction\":[{\"@type\":\"ReadAction\",\"target\":[\"https:\/\/svetslik.si\/it\/vasilij-kandinski\/moscow-i\/\"]}]},{\"@type\":\"ImageObject\",\"inLanguage\":\"it-IT\",\"@id\":\"https:\/\/svetslik.si\/it\/vasilij-kandinski\/moscow-i\/#primaryimage\",\"url\":\"https:\/\/svetslik.si\/wp-content\/uploads\/2021\/08\/image_Moscow-I_680.jpg\",\"contentUrl\":\"https:\/\/svetslik.si\/wp-content\/uploads\/2021\/08\/image_Moscow-I_680.jpg\",\"width\":2230,\"height\":2337,\"caption\":\"Quadri su tela - Wassily Kandinsky - Mosca I - Quadri dipinti a mano, riproduzioni di quadri di pittori famosi, olio su tela, dipinti ad olio, pitture murali moderne, pitture murali, pitture murali ambient, astratte, decorative\"},{\"@type\":\"BreadcrumbList\",\"@id\":\"https:\/\/svetslik.si\/it\/vasilij-kandinski\/moscow-i\/#breadcrumb\",\"itemListElement\":[{\"@type\":\"ListItem\",\"position\":1,\"name\":\"Fali m\u0171v\u00e9szet \u00e9s festm\u00e9nyek v\u00e1szonra\",\"item\":\"https:\/\/svetslik.si\/it\/\"},{\"@type\":\"ListItem\",\"position\":2,\"name\":\"Vendita di dipinti\",\"item\":\"https:\/\/svetslik.si\/prodaja-slik\/\"},{\"@type\":\"ListItem\",\"position\":3,\"name\":\"Vasilij Kandinski &#8211; Moscow I\"}]},{\"@type\":\"WebSite\",\"@id\":\"https:\/\/svetslik.si\/it\/#website\",\"url\":\"https:\/\/svetslik.si\/it\/\",\"name\":\"SVETSLIK.SI\",\"description\":\"100% riproduzioni dipinte a mano di quadri di pittori famosi e dipinti su tela.\",\"publisher\":{\"@id\":\"https:\/\/svetslik.si\/it\/#organization\"},\"potentialAction\":[{\"@type\":\"SearchAction\",\"target\":{\"@type\":\"EntryPoint\",\"urlTemplate\":\"https:\/\/svetslik.si\/it\/?s={search_term_string}\"},\"query-input\":{\"@type\":\"PropertyValueSpecification\",\"valueRequired\":true,\"valueName\":\"search_term_string\"}}],\"inLanguage\":\"it-IT\"},{\"@type\":\"Organization\",\"@id\":\"https:\/\/svetslik.si\/it\/#organization\",\"name\":\"SvetSlik.si\",\"url\":\"https:\/\/svetslik.si\/it\/\",\"logo\":{\"@type\":\"ImageObject\",\"inLanguage\":\"it-IT\",\"@id\":\"https:\/\/svetslik.si\/it\/#\/schema\/logo\/image\/\",\"url\":\"https:\/\/svetslik.si\/wp-content\/uploads\/2020\/12\/logo-512.png\",\"contentUrl\":\"https:\/\/svetslik.si\/wp-content\/uploads\/2020\/12\/logo-512.png\",\"width\":512,\"height\":512,\"caption\":\"SvetSlik.si\"},\"image\":{\"@id\":\"https:\/\/svetslik.si\/it\/#\/schema\/logo\/image\/\"},\"sameAs\":[\"https:\/\/www.facebook.com\/svetslik.si\",\"https:\/\/x.com\/svetslik\",\"https:\/\/www.instagram.com\/svetslik.si\/\",\"https:\/\/www.linkedin.com\/company\/svetslik-si\"]}]}<\/script>\n<meta property=\"og:availability\" content=\"backorder\" \/>\n<meta property=\"product:availability\" content=\"available for order\" \/>\n<meta property=\"product:retailer_item_id\" content=\"263__\" \/>\n<meta property=\"product:condition\" content=\"new\" \/>\n<!-- \/ Yoast SEO Premium plugin. -->","yoast_head_json":{"title":"Vasilij Kandinski - Moscow I - SVETSLIK.SI - Dipinti a mano al 100%","description":"Vasilij Kandinski - Moscow I - Riproduzioni di quadri d'arte dipinte a mano al 100% su tela. Cornici per quadri, vendita e produzione di dimensioni su ordinazione.","robots":{"index":"index","follow":"follow","max-snippet":"max-snippet:-1","max-image-preview":"max-image-preview:large","max-video-preview":"max-video-preview:-1"},"canonical":"https:\/\/svetslik.si\/it\/vasilij-kandinski\/moscow-i\/","og_locale":"it_IT","og_type":"article","og_title":"Vasilij Kandinski - Moscow I","og_description":"100% ro\u010dno naslikane slike na platnu, reprodukcije znanih slikarjev in umetni\u0161ke slike po naro\u010dilu.","og_url":"https:\/\/svetslik.si\/it\/vasilij-kandinski\/moscow-i\/","og_site_name":"SVETSLIK.SI","article_publisher":"https:\/\/www.facebook.com\/svetslik.si","article_modified_time":"2026-03-22T20:26:06+00:00","og_image":[{"width":2230,"height":2337,"url":"https:\/\/svetslik.si\/wp-content\/uploads\/2021\/08\/image_Moscow-I_680.jpg","type":"image\/jpeg"}],"twitter_card":"summary_large_image","twitter_site":"@svetslik","twitter_misc":{"Disponibilit\u00e0":"Su ordinazione"},"schema":{"@context":"https:\/\/schema.org","@graph":[{"@type":["WebPage","ItemPage"],"@id":"https:\/\/svetslik.si\/it\/vasilij-kandinski\/moscow-i\/","url":"https:\/\/svetslik.si\/it\/vasilij-kandinski\/moscow-i\/","name":"Vasilij Kandinski - Moscow I - SVETSLIK.SI - Dipinti a mano al 100%","isPartOf":{"@id":"https:\/\/svetslik.si\/it\/#website"},"primaryImageOfPage":{"@id":"https:\/\/svetslik.si\/it\/vasilij-kandinski\/moscow-i\/#primaryimage"},"image":{"@id":"https:\/\/svetslik.si\/it\/vasilij-kandinski\/moscow-i\/#primaryimage"},"thumbnailUrl":"https:\/\/svetslik.si\/wp-content\/uploads\/2021\/08\/image_Moscow-I_680.jpg","datePublished":"2021-09-02T15:53:26+00:00","dateModified":"2026-03-22T20:26:06+00:00","description":"Vasilij Kandinski - Moscow I - Riproduzioni di quadri d'arte dipinte a mano al 100% su tela. Cornici per quadri, vendita e produzione di dimensioni su ordinazione.","breadcrumb":{"@id":"https:\/\/svetslik.si\/it\/vasilij-kandinski\/moscow-i\/#breadcrumb"},"inLanguage":"it-IT","potentialAction":[{"@type":"ReadAction","target":["https:\/\/svetslik.si\/it\/vasilij-kandinski\/moscow-i\/"]}]},{"@type":"ImageObject","inLanguage":"it-IT","@id":"https:\/\/svetslik.si\/it\/vasilij-kandinski\/moscow-i\/#primaryimage","url":"https:\/\/svetslik.si\/wp-content\/uploads\/2021\/08\/image_Moscow-I_680.jpg","contentUrl":"https:\/\/svetslik.si\/wp-content\/uploads\/2021\/08\/image_Moscow-I_680.jpg","width":2230,"height":2337,"caption":"Quadri su tela - Wassily Kandinsky - Mosca I - Quadri dipinti a mano, riproduzioni di quadri di pittori famosi, olio su tela, dipinti ad olio, pitture murali moderne, pitture murali, pitture murali ambient, astratte, decorative"},{"@type":"BreadcrumbList","@id":"https:\/\/svetslik.si\/it\/vasilij-kandinski\/moscow-i\/#breadcrumb","itemListElement":[{"@type":"ListItem","position":1,"name":"Fali m\u0171v\u00e9szet \u00e9s festm\u00e9nyek v\u00e1szonra","item":"https:\/\/svetslik.si\/it\/"},{"@type":"ListItem","position":2,"name":"Vendita di dipinti","item":"https:\/\/svetslik.si\/prodaja-slik\/"},{"@type":"ListItem","position":3,"name":"Vasilij Kandinski &#8211; Moscow I"}]},{"@type":"WebSite","@id":"https:\/\/svetslik.si\/it\/#website","url":"https:\/\/svetslik.si\/it\/","name":"SVETSLIK.SI","description":"100% riproduzioni dipinte a mano di quadri di pittori famosi e dipinti su tela.","publisher":{"@id":"https:\/\/svetslik.si\/it\/#organization"},"potentialAction":[{"@type":"SearchAction","target":{"@type":"EntryPoint","urlTemplate":"https:\/\/svetslik.si\/it\/?s={search_term_string}"},"query-input":{"@type":"PropertyValueSpecification","valueRequired":true,"valueName":"search_term_string"}}],"inLanguage":"it-IT"},{"@type":"Organization","@id":"https:\/\/svetslik.si\/it\/#organization","name":"SvetSlik.si","url":"https:\/\/svetslik.si\/it\/","logo":{"@type":"ImageObject","inLanguage":"it-IT","@id":"https:\/\/svetslik.si\/it\/#\/schema\/logo\/image\/","url":"https:\/\/svetslik.si\/wp-content\/uploads\/2020\/12\/logo-512.png","contentUrl":"https:\/\/svetslik.si\/wp-content\/uploads\/2020\/12\/logo-512.png","width":512,"height":512,"caption":"SvetSlik.si"},"image":{"@id":"https:\/\/svetslik.si\/it\/#\/schema\/logo\/image\/"},"sameAs":["https:\/\/www.facebook.com\/svetslik.si","https:\/\/x.com\/svetslik","https:\/\/www.instagram.com\/svetslik.si\/","https:\/\/www.linkedin.com\/company\/svetslik-si"]}]},"og_availability":"backorder","product_availability":"available for order","product_retailer_item_id":"263__","product_condition":"new"},"jetpack_sharing_enabled":true,"_links":{"self":[{"href":"https:\/\/svetslik.si\/it\/wp-json\/wp\/v2\/product\/39138","targetHints":{"allow":["GET"]}}],"collection":[{"href":"https:\/\/svetslik.si\/it\/wp-json\/wp\/v2\/product"}],"about":[{"href":"https:\/\/svetslik.si\/it\/wp-json\/wp\/v2\/types\/product"}],"wp:featuredmedia":[{"embeddable":true,"href":"https:\/\/svetslik.si\/it\/wp-json\/wp\/v2\/media\/35384"}],"wp:attachment":[{"href":"https:\/\/svetslik.si\/it\/wp-json\/wp\/v2\/media?parent=39138"}],"wp:term":[{"taxonomy":"product_brand","embeddable":true,"href":"https:\/\/svetslik.si\/it\/wp-json\/wp\/v2\/product_brand?post=39138"},{"taxonomy":"product_cat","embeddable":true,"href":"https:\/\/svetslik.si\/it\/wp-json\/wp\/v2\/product_cat?post=39138"},{"taxonomy":"product_tag","embeddable":true,"href":"https:\/\/svetslik.si\/it\/wp-json\/wp\/v2\/product_tag?post=39138"}],"curies":[{"name":"wp","href":"https:\/\/api.w.org\/{rel}","templated":true}]}}