{"id":39228,"date":"2021-09-02T17:55:43","date_gmt":"2021-09-02T15:55:43","guid":{"rendered":"https:\/\/svetslik.si\/senza-categoria\/dominant-curve-courbe-dominante\/"},"modified":"2026-03-22T21:28:58","modified_gmt":"2026-03-22T20:28:58","slug":"dominant-curve-courbe-dominante","status":"publish","type":"product","link":"https:\/\/svetslik.si\/it\/vasilij-kandinski\/dominant-curve-courbe-dominante\/","title":{"rendered":"Vasilij Kandinski &#8211; Dominant Curve (Courbe dominante)"},"content":{"rendered":"<h1>Vasily Kandinsky &#8211; Curva dominante (Courbe dominante)<\/h1>\n<table border=\"0\" width=\"673\" cellspacing=\"0\" cellpadding=\"0\">\n<colgroup>\n<col style=\"width: 135pt\" width=\"180\" \/>\n<col style=\"width: 370pt\" width=\"493\" \/> <\/colgroup>\n<tr>\n<td class=\"xl24\" width=\"180\" height=\"21\">Anno di creazione:<\/td>\n<td class=\"xl25\" width=\"493\">1936<\/td>\n<\/tr>\n<tr>\n<td class=\"xl24\" width=\"180\" height=\"21\">Dimensione originale:<\/td>\n<td class=\"xl24\" width=\"493\">194,3 cm x 129,3 cm<\/td>\n<\/tr>\n<tr>\n<td class=\"xl24\" width=\"180\" height=\"21\">Stile pittura:<\/td>\n<td class=\"xl24\" width=\"493\">Arte astratta<\/td>\n<\/tr>\n<tr>\n<td class=\"xl24\" width=\"180\" height=\"21\">Tecnica originale:<\/td>\n<td>Olio su tela<\/td>\n<\/tr>\n<tr>\n<td class=\"xl24\" width=\"180\" height=\"21\">Situato:<\/td>\n<td>Museo Guggenheim di New York<\/td>\n<\/tr>\n<\/tbody>\n<\/table>\n<p>Wassily Kandinsky era un pittore e teorico dell&#8217;arte russo considerato uno dei pionieri dell&#8217;arte astratta. Una delle sue opere pi\u00f9 famose \u00e8 il dipinto Curva dominante (Courbe dominante).<\/p>\n<p>Questo dipinto \u00e8 un eccellente esempio dell&#8217;uso di Kandinsky di linee dinamiche e fluide e colori audaci per creare un senso di movimento ed energia. Il dipinto ha una curva ampia e tentacolare che sembra dominare la tela, dando il nome al pezzo. La curva \u00e8 resa in un blu intenso e intenso e si trova su uno sfondo di vivaci gialli e arancioni.<\/p>\n<p>Kandinsky credeva che l&#8217;arte dovesse evocare emozioni e sentimenti nello spettatore, e &#8220;The Dominant Curve&#8221; ne \u00e8 un ottimo esempio. Linee dinamiche e colori audaci creano un senso di movimento ed energia che attira lo spettatore e lo incoraggia a interagire con il lavoro.<\/p>\n<p>Uno dei motivi per cui questo dipinto \u00e8 cos\u00ec popolare \u00e8 che \u00e8 un eccellente esempio dell&#8217;uso di forme e forme astratte da parte di Kandinsky per creare un senso di movimento ed energia. La grande curva allungata al centro dell&#8217;immagine \u00e8 un forte elemento visivo che attira l&#8217;attenzione dello spettatore e crea un senso di movimento e dinamismo.<\/p>\n<p>Questo dipinto \u00e8 anche un ottimo esempio dell&#8217;uso del colore da parte di Kandinsky. Il colore blu scuro della curva si trova su uno sfondo di vivaci gialli e arancioni, creando un contrasto sorprendente che esalta il senso di movimento e di energia nell&#8217;immagine.<\/p>\n<p>In sintesi, &#8220;Courbe dominante&#8221; \u00e8 un dipinto potente e di grande impatto visivo che esemplifica lo stile e le tecniche di Wassily Kandinsky. L&#8217;uso di linee dinamiche, colori audaci e forme astratte crea un senso di movimento ed energia che attira lo spettatore e lo incoraggia a interagire con il lavoro. Questo dipinto \u00e8 un ottimo esempio della capacit\u00e0 di Kandinsky di evocare emozioni e sentimenti nello spettatore, rendendolo un&#8217;opera d&#8217;arte popolare e duratura.<\/p>\n","protected":false},"excerpt":{"rendered":"<p>Vasily Kandinsky &#8211; Curva dominante (Courbe dominante) Anno di creazione: 1936 Dimensione originale: 194,3 cm x 129,3 cm Stile pittura: Arte astratta Tecnica originale: Olio su tela Situato: Museo Guggenheim di New York Wassily Kandinsky era un pittore e teorico dell&#8217;arte russo considerato uno dei pionieri dell&#8217;arte astratta. Una delle [&hellip;]<\/p>\n","protected":false},"featured_media":35121,"template":"","meta":{"_acf_changed":false},"product_brand":[],"product_cat":[4188],"product_tag":[4222,4223,4245,4246,4253],"class_list":{"0":"post-39228","1":"product","2":"type-product","3":"status-publish","4":"has-post-thumbnail","6":"product_cat-vasilij-kandinski","7":"product_tag-kandinski-it","8":"product_tag-kandinsky-it","9":"product_tag-riproduzione","10":"product_tag-riproduzione-it","11":"product_tag-un-pittore","12":"pa_dimenzija-100-x-70-cm","13":"pa_dimenzija-120-x-80-cm","14":"pa_dimenzija-150-x-100-cm","15":"pa_dimenzija-170-x-110-cm","16":"pa_dimenzija-194-x-129-cm","17":"pa_dimenzija-210-x-140-cm","18":"pa_dimenzija-70-x-50-cm","19":"pa_dimenzija-90-x-60-cm","20":"pa_oblika-orizzontale","21":"pa_okvir-sensa-cornice","22":"pa_podokvir-no","23":"pa_podokvir-si","25":"first","26":"onbackorder","27":"purchasable","28":"product-type-variable","29":"has-default-attributes"},"acf":[],"yoast_head":"<!-- This site is optimized with the Yoast SEO Premium plugin v27.5 (Yoast SEO v27.6) - https:\/\/yoast.com\/product\/yoast-seo-premium-wordpress\/ -->\n<title>Vasilij Kandinski - Dominant Curve (Courbe dominante) - SVETSLIK.SI - Dipinti a mano al 100%<\/title>\n<meta name=\"description\" content=\"Vasilij Kandinski - Dominant Curve (Courbe dominante) - Riproduzioni di quadri d&#039;arte dipinte a mano al 100% su tela. Cornici per quadri, vendita e produzione di dimensioni su ordinazione.\" \/>\n<meta name=\"robots\" content=\"index, follow, max-snippet:-1, max-image-preview:large, max-video-preview:-1\" \/>\n<link rel=\"canonical\" href=\"https:\/\/svetslik.si\/it\/vasilij-kandinski\/dominant-curve-courbe-dominante\/\" \/>\n<meta property=\"og:locale\" content=\"it_IT\" \/>\n<meta property=\"og:type\" content=\"article\" \/>\n<meta property=\"og:title\" content=\"Vasilij Kandinski - Dominant Curve (Courbe dominante)\" \/>\n<meta property=\"og:description\" content=\"100% ro\u010dno naslikane slike na platnu, reprodukcije znanih slikarjev in umetni\u0161ke slike po naro\u010dilu.\" \/>\n<meta property=\"og:url\" content=\"https:\/\/svetslik.si\/it\/vasilij-kandinski\/dominant-curve-courbe-dominante\/\" \/>\n<meta property=\"og:site_name\" content=\"SVETSLIK.SI\" \/>\n<meta property=\"article:publisher\" content=\"https:\/\/www.facebook.com\/svetslik.si\" \/>\n<meta property=\"article:modified_time\" content=\"2026-03-22T20:28:58+00:00\" \/>\n<meta property=\"og:image\" content=\"https:\/\/svetslik.si\/wp-content\/uploads\/2021\/08\/image_Dominant-Curve-Courbe-dominante_680.jpg\" \/>\n\t<meta property=\"og:image:width\" content=\"2000\" \/>\n\t<meta property=\"og:image:height\" content=\"1336\" \/>\n\t<meta property=\"og:image:type\" content=\"image\/jpeg\" \/>\n<meta name=\"twitter:card\" content=\"summary_large_image\" \/>\n<meta name=\"twitter:site\" content=\"@svetslik\" \/>\n<meta name=\"twitter:label1\" content=\"Disponibilit\u00e0\" \/>\n\t<meta name=\"twitter:data1\" content=\"Su ordinazione\" \/>\n<script type=\"application\/ld+json\" class=\"yoast-schema-graph\">{\"@context\":\"https:\\\/\\\/schema.org\",\"@graph\":[{\"@type\":[\"WebPage\",\"ItemPage\"],\"@id\":\"https:\\\/\\\/svetslik.si\\\/it\\\/vasilij-kandinski\\\/dominant-curve-courbe-dominante\\\/\",\"url\":\"https:\\\/\\\/svetslik.si\\\/it\\\/vasilij-kandinski\\\/dominant-curve-courbe-dominante\\\/\",\"name\":\"Vasilij Kandinski - Dominant Curve (Courbe dominante) - SVETSLIK.SI - Dipinti a mano al 100%\",\"isPartOf\":{\"@id\":\"https:\\\/\\\/svetslik.si\\\/it\\\/#website\"},\"primaryImageOfPage\":{\"@id\":\"https:\\\/\\\/svetslik.si\\\/it\\\/vasilij-kandinski\\\/dominant-curve-courbe-dominante\\\/#primaryimage\"},\"image\":{\"@id\":\"https:\\\/\\\/svetslik.si\\\/it\\\/vasilij-kandinski\\\/dominant-curve-courbe-dominante\\\/#primaryimage\"},\"thumbnailUrl\":\"https:\\\/\\\/svetslik.si\\\/wp-content\\\/uploads\\\/2021\\\/08\\\/image_Dominant-Curve-Courbe-dominante_680.jpg\",\"datePublished\":\"2021-09-02T15:55:43+00:00\",\"dateModified\":\"2026-03-22T20:28:58+00:00\",\"description\":\"Vasilij Kandinski - Dominant Curve (Courbe dominante) - Riproduzioni di quadri d'arte dipinte a mano al 100% su tela. Cornici per quadri, vendita e produzione di dimensioni su ordinazione.\",\"breadcrumb\":{\"@id\":\"https:\\\/\\\/svetslik.si\\\/it\\\/vasilij-kandinski\\\/dominant-curve-courbe-dominante\\\/#breadcrumb\"},\"inLanguage\":\"it-IT\",\"potentialAction\":[{\"@type\":\"ReadAction\",\"target\":[\"https:\\\/\\\/svetslik.si\\\/it\\\/vasilij-kandinski\\\/dominant-curve-courbe-dominante\\\/\"]}]},{\"@type\":\"ImageObject\",\"inLanguage\":\"it-IT\",\"@id\":\"https:\\\/\\\/svetslik.si\\\/it\\\/vasilij-kandinski\\\/dominant-curve-courbe-dominante\\\/#primaryimage\",\"url\":\"https:\\\/\\\/svetslik.si\\\/wp-content\\\/uploads\\\/2021\\\/08\\\/image_Dominant-Curve-Courbe-dominante_680.jpg\",\"contentUrl\":\"https:\\\/\\\/svetslik.si\\\/wp-content\\\/uploads\\\/2021\\\/08\\\/image_Dominant-Curve-Courbe-dominante_680.jpg\",\"width\":2000,\"height\":1336,\"caption\":\"Vasily Kandinsky - Curva dominante (Courbe dominante) - Riproduzioni - quadri murali dipinti a mano, olio su tela, quadri ad olio, quadri murali moderni, arte murale, quadri per parete, ambient, astratti, quadri murali decorativi\"},{\"@type\":\"BreadcrumbList\",\"@id\":\"https:\\\/\\\/svetslik.si\\\/it\\\/vasilij-kandinski\\\/dominant-curve-courbe-dominante\\\/#breadcrumb\",\"itemListElement\":[{\"@type\":\"ListItem\",\"position\":1,\"name\":\"Fali m\u0171v\u00e9szet \u00e9s festm\u00e9nyek v\u00e1szonra\",\"item\":\"https:\\\/\\\/svetslik.si\\\/it\\\/\"},{\"@type\":\"ListItem\",\"position\":2,\"name\":\"Vendita di dipinti\",\"item\":\"https:\\\/\\\/svetslik.si\\\/prodaja-slik\\\/\"},{\"@type\":\"ListItem\",\"position\":3,\"name\":\"Vasilij Kandinski &#8211; Dominant Curve (Courbe dominante)\"}]},{\"@type\":\"WebSite\",\"@id\":\"https:\\\/\\\/svetslik.si\\\/it\\\/#website\",\"url\":\"https:\\\/\\\/svetslik.si\\\/it\\\/\",\"name\":\"SVETSLIK.SI\",\"description\":\"100% riproduzioni dipinte a mano di quadri di pittori famosi e dipinti su tela.\",\"publisher\":{\"@id\":\"https:\\\/\\\/svetslik.si\\\/it\\\/#organization\"},\"potentialAction\":[{\"@type\":\"SearchAction\",\"target\":{\"@type\":\"EntryPoint\",\"urlTemplate\":\"https:\\\/\\\/svetslik.si\\\/it\\\/?s={search_term_string}\"},\"query-input\":{\"@type\":\"PropertyValueSpecification\",\"valueRequired\":true,\"valueName\":\"search_term_string\"}}],\"inLanguage\":\"it-IT\"},{\"@type\":\"Organization\",\"@id\":\"https:\\\/\\\/svetslik.si\\\/it\\\/#organization\",\"name\":\"SvetSlik.si\",\"url\":\"https:\\\/\\\/svetslik.si\\\/it\\\/\",\"logo\":{\"@type\":\"ImageObject\",\"inLanguage\":\"it-IT\",\"@id\":\"https:\\\/\\\/svetslik.si\\\/it\\\/#\\\/schema\\\/logo\\\/image\\\/\",\"url\":\"https:\\\/\\\/svetslik.si\\\/wp-content\\\/uploads\\\/2020\\\/12\\\/logo-512.png\",\"contentUrl\":\"https:\\\/\\\/svetslik.si\\\/wp-content\\\/uploads\\\/2020\\\/12\\\/logo-512.png\",\"width\":512,\"height\":512,\"caption\":\"SvetSlik.si\"},\"image\":{\"@id\":\"https:\\\/\\\/svetslik.si\\\/it\\\/#\\\/schema\\\/logo\\\/image\\\/\"},\"sameAs\":[\"https:\\\/\\\/www.facebook.com\\\/svetslik.si\",\"https:\\\/\\\/x.com\\\/svetslik\",\"https:\\\/\\\/www.instagram.com\\\/svetslik.si\\\/\",\"https:\\\/\\\/www.linkedin.com\\\/company\\\/svetslik-si\"]}]}<\/script>\n<meta property=\"og:availability\" content=\"backorder\" \/>\n<meta property=\"product:availability\" content=\"available for order\" \/>\n<meta property=\"product:retailer_item_id\" content=\"301__\" \/>\n<meta property=\"product:condition\" content=\"new\" \/>\n<!-- \/ Yoast SEO Premium plugin. -->","yoast_head_json":{"title":"Vasilij Kandinski - Dominant Curve (Courbe dominante) - SVETSLIK.SI - Dipinti a mano al 100%","description":"Vasilij Kandinski - Dominant Curve (Courbe dominante) - Riproduzioni di quadri d'arte dipinte a mano al 100% su tela. Cornici per quadri, vendita e produzione di dimensioni su ordinazione.","robots":{"index":"index","follow":"follow","max-snippet":"max-snippet:-1","max-image-preview":"max-image-preview:large","max-video-preview":"max-video-preview:-1"},"canonical":"https:\/\/svetslik.si\/it\/vasilij-kandinski\/dominant-curve-courbe-dominante\/","og_locale":"it_IT","og_type":"article","og_title":"Vasilij Kandinski - Dominant Curve (Courbe dominante)","og_description":"100% ro\u010dno naslikane slike na platnu, reprodukcije znanih slikarjev in umetni\u0161ke slike po naro\u010dilu.","og_url":"https:\/\/svetslik.si\/it\/vasilij-kandinski\/dominant-curve-courbe-dominante\/","og_site_name":"SVETSLIK.SI","article_publisher":"https:\/\/www.facebook.com\/svetslik.si","article_modified_time":"2026-03-22T20:28:58+00:00","og_image":[{"width":2000,"height":1336,"url":"https:\/\/svetslik.si\/wp-content\/uploads\/2021\/08\/image_Dominant-Curve-Courbe-dominante_680.jpg","type":"image\/jpeg"}],"twitter_card":"summary_large_image","twitter_site":"@svetslik","twitter_misc":{"Disponibilit\u00e0":"Su ordinazione"},"schema":{"@context":"https:\/\/schema.org","@graph":[{"@type":["WebPage","ItemPage"],"@id":"https:\/\/svetslik.si\/it\/vasilij-kandinski\/dominant-curve-courbe-dominante\/","url":"https:\/\/svetslik.si\/it\/vasilij-kandinski\/dominant-curve-courbe-dominante\/","name":"Vasilij Kandinski - Dominant Curve (Courbe dominante) - SVETSLIK.SI - Dipinti a mano al 100%","isPartOf":{"@id":"https:\/\/svetslik.si\/it\/#website"},"primaryImageOfPage":{"@id":"https:\/\/svetslik.si\/it\/vasilij-kandinski\/dominant-curve-courbe-dominante\/#primaryimage"},"image":{"@id":"https:\/\/svetslik.si\/it\/vasilij-kandinski\/dominant-curve-courbe-dominante\/#primaryimage"},"thumbnailUrl":"https:\/\/svetslik.si\/wp-content\/uploads\/2021\/08\/image_Dominant-Curve-Courbe-dominante_680.jpg","datePublished":"2021-09-02T15:55:43+00:00","dateModified":"2026-03-22T20:28:58+00:00","description":"Vasilij Kandinski - Dominant Curve (Courbe dominante) - Riproduzioni di quadri d'arte dipinte a mano al 100% su tela. Cornici per quadri, vendita e produzione di dimensioni su ordinazione.","breadcrumb":{"@id":"https:\/\/svetslik.si\/it\/vasilij-kandinski\/dominant-curve-courbe-dominante\/#breadcrumb"},"inLanguage":"it-IT","potentialAction":[{"@type":"ReadAction","target":["https:\/\/svetslik.si\/it\/vasilij-kandinski\/dominant-curve-courbe-dominante\/"]}]},{"@type":"ImageObject","inLanguage":"it-IT","@id":"https:\/\/svetslik.si\/it\/vasilij-kandinski\/dominant-curve-courbe-dominante\/#primaryimage","url":"https:\/\/svetslik.si\/wp-content\/uploads\/2021\/08\/image_Dominant-Curve-Courbe-dominante_680.jpg","contentUrl":"https:\/\/svetslik.si\/wp-content\/uploads\/2021\/08\/image_Dominant-Curve-Courbe-dominante_680.jpg","width":2000,"height":1336,"caption":"Vasily Kandinsky - Curva dominante (Courbe dominante) - Riproduzioni - quadri murali dipinti a mano, olio su tela, quadri ad olio, quadri murali moderni, arte murale, quadri per parete, ambient, astratti, quadri murali decorativi"},{"@type":"BreadcrumbList","@id":"https:\/\/svetslik.si\/it\/vasilij-kandinski\/dominant-curve-courbe-dominante\/#breadcrumb","itemListElement":[{"@type":"ListItem","position":1,"name":"Fali m\u0171v\u00e9szet \u00e9s festm\u00e9nyek v\u00e1szonra","item":"https:\/\/svetslik.si\/it\/"},{"@type":"ListItem","position":2,"name":"Vendita di dipinti","item":"https:\/\/svetslik.si\/prodaja-slik\/"},{"@type":"ListItem","position":3,"name":"Vasilij Kandinski &#8211; Dominant Curve (Courbe dominante)"}]},{"@type":"WebSite","@id":"https:\/\/svetslik.si\/it\/#website","url":"https:\/\/svetslik.si\/it\/","name":"SVETSLIK.SI","description":"100% riproduzioni dipinte a mano di quadri di pittori famosi e dipinti su tela.","publisher":{"@id":"https:\/\/svetslik.si\/it\/#organization"},"potentialAction":[{"@type":"SearchAction","target":{"@type":"EntryPoint","urlTemplate":"https:\/\/svetslik.si\/it\/?s={search_term_string}"},"query-input":{"@type":"PropertyValueSpecification","valueRequired":true,"valueName":"search_term_string"}}],"inLanguage":"it-IT"},{"@type":"Organization","@id":"https:\/\/svetslik.si\/it\/#organization","name":"SvetSlik.si","url":"https:\/\/svetslik.si\/it\/","logo":{"@type":"ImageObject","inLanguage":"it-IT","@id":"https:\/\/svetslik.si\/it\/#\/schema\/logo\/image\/","url":"https:\/\/svetslik.si\/wp-content\/uploads\/2020\/12\/logo-512.png","contentUrl":"https:\/\/svetslik.si\/wp-content\/uploads\/2020\/12\/logo-512.png","width":512,"height":512,"caption":"SvetSlik.si"},"image":{"@id":"https:\/\/svetslik.si\/it\/#\/schema\/logo\/image\/"},"sameAs":["https:\/\/www.facebook.com\/svetslik.si","https:\/\/x.com\/svetslik","https:\/\/www.instagram.com\/svetslik.si\/","https:\/\/www.linkedin.com\/company\/svetslik-si"]}]},"og_availability":"backorder","product_availability":"available for order","product_retailer_item_id":"301__","product_condition":"new"},"jetpack_sharing_enabled":true,"_links":{"self":[{"href":"https:\/\/svetslik.si\/it\/wp-json\/wp\/v2\/product\/39228","targetHints":{"allow":["GET"]}}],"collection":[{"href":"https:\/\/svetslik.si\/it\/wp-json\/wp\/v2\/product"}],"about":[{"href":"https:\/\/svetslik.si\/it\/wp-json\/wp\/v2\/types\/product"}],"wp:featuredmedia":[{"embeddable":true,"href":"https:\/\/svetslik.si\/it\/wp-json\/wp\/v2\/media\/35121"}],"wp:attachment":[{"href":"https:\/\/svetslik.si\/it\/wp-json\/wp\/v2\/media?parent=39228"}],"wp:term":[{"taxonomy":"product_brand","embeddable":true,"href":"https:\/\/svetslik.si\/it\/wp-json\/wp\/v2\/product_brand?post=39228"},{"taxonomy":"product_cat","embeddable":true,"href":"https:\/\/svetslik.si\/it\/wp-json\/wp\/v2\/product_cat?post=39228"},{"taxonomy":"product_tag","embeddable":true,"href":"https:\/\/svetslik.si\/it\/wp-json\/wp\/v2\/product_tag?post=39228"}],"curies":[{"name":"wp","href":"https:\/\/api.w.org\/{rel}","templated":true}]}}