{"id":39291,"date":"2021-09-02T17:56:19","date_gmt":"2021-09-02T15:56:19","guid":{"rendered":"https:\/\/svetslik.si\/senza-categoria\/the-blue-mountain-der-blaue-berg\/"},"modified":"2026-03-22T21:30:20","modified_gmt":"2026-03-22T20:30:20","slug":"the-blue-mountain-der-blaue-berg","status":"publish","type":"product","link":"https:\/\/svetslik.si\/it\/vasilij-kandinski\/the-blue-mountain-der-blaue-berg\/","title":{"rendered":"Vasilij Kandinski &#8211; The Blue Mountain (Der blaue Berg)"},"content":{"rendered":"<h1>Wassily Kandinsky &#8211; La montagna azzurra (Der blaue Berg)<\/h1>\n<table border=\"0\" width=\"673\" cellspacing=\"0\" cellpadding=\"0\">\n<colgroup>\n<col style=\"width: 135pt\" width=\"180\" \/>\n<col style=\"width: 370pt\" width=\"493\" \/> <\/colgroup>\n<tr>\n<td class=\"xl24\" width=\"180\" height=\"21\">Anno di creazione:<\/td>\n<td class=\"xl25\" width=\"493\">1908-1909<\/td>\n<\/tr>\n<tr>\n<td class=\"xl24\" width=\"180\" height=\"21\">Dimensione originale:<\/td>\n<td class=\"xl24\" width=\"493\">96,5 cm x 106 cm<\/td>\n<\/tr>\n<tr>\n<td class=\"xl24\" width=\"180\" height=\"21\">Stile pittura:<\/td>\n<td class=\"xl24\" width=\"493\">Espressionismo<\/td>\n<\/tr>\n<tr>\n<td class=\"xl24\" width=\"180\" height=\"21\">Tecnica originale:<\/td>\n<td>Olio su tela<\/td>\n<\/tr>\n<tr>\n<td class=\"xl24\" width=\"180\" height=\"21\">Situato:<\/td>\n<td>Museo Guggenheim di New York<\/td>\n<\/tr>\n<\/tbody>\n<\/table>\n<p>&nbsp;<\/p>\n<p>Wassily Kandinsky \u00e8 considerato una delle figure pi\u00f9 importanti nello sviluppo dell&#8217;arte astratta. Una delle sue opere pi\u00f9 famose \u00e8 il dipinto La montagna azzurra (Der blaue Berg). Creato nel 1908, il dipinto \u00e8 una straordinaria dimostrazione della capacit\u00e0 di Kandinsky di esprimere emozioni e movimento attraverso il colore e la forma.<\/p>\n<p>In questo dipinto, Kandinsky utilizza una tavolozza di colori audace e sorprendente di blu, viola e bianco, creando un senso di profondit\u00e0 e movimento. La montagna blu al centro del dipinto \u00e8 un punto focale sorprendente e le linee e le forme vorticose che la circondano danno l&#8217;impressione di un paesaggio dinamico e in continua evoluzione. Questo dipinto \u00e8 un eccellente esempio dell&#8217;uso del colore da parte di Kandinsky per creare un senso di movimento ed emozione, un segno distintivo del suo lavoro.<\/p>\n<p>La particolarit\u00e0 di questo dipinto \u00e8 che \u00e8 stato creato in un&#8217;epoca in cui Kandinsky creava ancora in uno stile rappresentativo. Questo dipinto \u00e8 uno dei suoi primi tentativi di rappresentare qualcosa di astratto. Blue Mountain \u00e8 un eccellente esempio dello sviluppo dello stile pittorico di Kandinsky, poich\u00e9 rappresentava la transizione tra arte rappresentativa e astratta.<\/p>\n<p>Blue Mountain di Kandinsky \u00e8 un vero capolavoro che chiunque sia interessato alla storia dell&#8217;arte astratta deve vedere. Attualmente \u00e8 in mostra alla St\u00e4dtische Galerie im Lenbachhaus di Monaco, in Germania. Se non puoi vederlo di persona, ci sono anche molte immagini ad alta risoluzione disponibili online per apprezzare la bellezza e la complessit\u00e0 di questa straordinaria opera d&#8217;arte.<\/p>\n<p>Quando cerchi La montagna blu di Wassily Kandinsky, \u00e8 importante includere il nome dell&#8217;artista e il titolo del dipinto nella query di ricerca per ottenere risultati pertinenti su Google. Inoltre, cercando &#8220;St\u00e4dtische Galerie im Lenbachhaus&#8221; o &#8220;Mostra di Wassily Kandinsky&#8221; puoi anche ottenere informazioni rilevanti sul dipinto e dove \u00e8 attualmente esposto.<\/p>\n","protected":false},"excerpt":{"rendered":"<p>Wassily Kandinsky &#8211; La montagna azzurra (Der blaue Berg) Anno di creazione: 1908-1909 Dimensione originale: 96,5 cm x 106 cm Stile pittura: Espressionismo Tecnica originale: Olio su tela Situato: Museo Guggenheim di New York &nbsp; Wassily Kandinsky \u00e8 considerato una delle figure pi\u00f9 importanti nello sviluppo dell&#8217;arte astratta. Una delle [&hellip;]<\/p>\n","protected":false},"featured_media":35687,"template":"","meta":{"_acf_changed":false},"product_brand":[],"product_cat":[4188],"product_tag":[4222,4223,4245,4246,4253],"class_list":{"0":"post-39291","1":"product","2":"type-product","3":"status-publish","4":"has-post-thumbnail","6":"product_cat-vasilij-kandinski","7":"product_tag-kandinski-it","8":"product_tag-kandinsky-it","9":"product_tag-riproduzione","10":"product_tag-riproduzione-it","11":"product_tag-un-pittore","12":"pa_dimenzija-110-x-120-cm","13":"pa_dimenzija-130-x-140-cm","14":"pa_dimenzija-150-x-170-cm","15":"pa_dimenzija-50-x-55-cm","16":"pa_dimenzija-60-x-70-cm","17":"pa_dimenzija-70-x-80-cm","18":"pa_dimenzija-80-x-90-cm","19":"pa_dimenzija-97-x-106-cm","20":"pa_oblika-verticale","21":"pa_okvir-sensa-cornice","22":"pa_podokvir-no","23":"pa_podokvir-si","25":"first","26":"onbackorder","27":"purchasable","28":"product-type-variable","29":"has-default-attributes"},"acf":[],"yoast_head":"<!-- This site is optimized with the Yoast SEO Premium plugin v26.0 (Yoast SEO v27.2) - https:\/\/yoast.com\/product\/yoast-seo-premium-wordpress\/ -->\n<title>Vasilij Kandinski - The Blue Mountain (Der blaue Berg) - SVETSLIK.SI - Dipinti a mano al 100%<\/title>\n<meta name=\"description\" content=\"Vasilij Kandinski - The Blue Mountain (Der blaue Berg) - Riproduzioni di quadri d&#039;arte dipinte a mano al 100% su tela. Cornici per quadri, vendita e produzione di dimensioni su ordinazione.\" \/>\n<meta name=\"robots\" content=\"index, follow, max-snippet:-1, max-image-preview:large, max-video-preview:-1\" \/>\n<link rel=\"canonical\" href=\"https:\/\/svetslik.si\/it\/vasilij-kandinski\/the-blue-mountain-der-blaue-berg\/\" \/>\n<meta property=\"og:locale\" content=\"it_IT\" \/>\n<meta property=\"og:type\" content=\"article\" \/>\n<meta property=\"og:title\" content=\"Vasilij Kandinski - The Blue Mountain (Der blaue Berg)\" \/>\n<meta property=\"og:description\" content=\"100% ro\u010dno naslikane slike na platnu, reprodukcije znanih slikarjev in umetni\u0161ke slike po naro\u010dilu.\" \/>\n<meta property=\"og:url\" content=\"https:\/\/svetslik.si\/it\/vasilij-kandinski\/the-blue-mountain-der-blaue-berg\/\" \/>\n<meta property=\"og:site_name\" content=\"SVETSLIK.SI\" \/>\n<meta property=\"article:publisher\" content=\"https:\/\/www.facebook.com\/svetslik.si\" \/>\n<meta property=\"article:modified_time\" content=\"2026-03-22T20:30:20+00:00\" \/>\n<meta property=\"og:image\" content=\"https:\/\/svetslik.si\/wp-content\/uploads\/2021\/08\/image_The-Blue-Mountain-Der-blaue-Berg_680.jpg\" \/>\n\t<meta property=\"og:image:width\" content=\"1673\" \/>\n\t<meta property=\"og:image:height\" content=\"1848\" \/>\n\t<meta property=\"og:image:type\" content=\"image\/jpeg\" \/>\n<meta name=\"twitter:card\" content=\"summary_large_image\" \/>\n<meta name=\"twitter:site\" content=\"@svetslik\" \/>\n<meta name=\"twitter:label1\" content=\"Disponibilit\u00e0\" \/>\n\t<meta name=\"twitter:data1\" content=\"Su ordinazione\" \/>\n<script type=\"application\/ld+json\" class=\"yoast-schema-graph\">{\"@context\":\"https:\/\/schema.org\",\"@graph\":[{\"@type\":[\"WebPage\",\"ItemPage\"],\"@id\":\"https:\/\/svetslik.si\/it\/vasilij-kandinski\/the-blue-mountain-der-blaue-berg\/\",\"url\":\"https:\/\/svetslik.si\/it\/vasilij-kandinski\/the-blue-mountain-der-blaue-berg\/\",\"name\":\"Vasilij Kandinski - The Blue Mountain (Der blaue Berg) - SVETSLIK.SI - Dipinti a mano al 100%\",\"isPartOf\":{\"@id\":\"https:\/\/svetslik.si\/it\/#website\"},\"primaryImageOfPage\":{\"@id\":\"https:\/\/svetslik.si\/it\/vasilij-kandinski\/the-blue-mountain-der-blaue-berg\/#primaryimage\"},\"image\":{\"@id\":\"https:\/\/svetslik.si\/it\/vasilij-kandinski\/the-blue-mountain-der-blaue-berg\/#primaryimage\"},\"thumbnailUrl\":\"https:\/\/svetslik.si\/wp-content\/uploads\/2021\/08\/image_The-Blue-Mountain-Der-blaue-Berg_680.jpg\",\"datePublished\":\"2021-09-02T15:56:19+00:00\",\"dateModified\":\"2026-03-22T20:30:20+00:00\",\"description\":\"Vasilij Kandinski - The Blue Mountain (Der blaue Berg) - Riproduzioni di quadri d'arte dipinte a mano al 100% su tela. Cornici per quadri, vendita e produzione di dimensioni su ordinazione.\",\"breadcrumb\":{\"@id\":\"https:\/\/svetslik.si\/it\/vasilij-kandinski\/the-blue-mountain-der-blaue-berg\/#breadcrumb\"},\"inLanguage\":\"it-IT\",\"potentialAction\":[{\"@type\":\"ReadAction\",\"target\":[\"https:\/\/svetslik.si\/it\/vasilij-kandinski\/the-blue-mountain-der-blaue-berg\/\"]}]},{\"@type\":\"ImageObject\",\"inLanguage\":\"it-IT\",\"@id\":\"https:\/\/svetslik.si\/it\/vasilij-kandinski\/the-blue-mountain-der-blaue-berg\/#primaryimage\",\"url\":\"https:\/\/svetslik.si\/wp-content\/uploads\/2021\/08\/image_The-Blue-Mountain-Der-blaue-Berg_680.jpg\",\"contentUrl\":\"https:\/\/svetslik.si\/wp-content\/uploads\/2021\/08\/image_The-Blue-Mountain-Der-blaue-Berg_680.jpg\",\"width\":1673,\"height\":1848,\"caption\":\"Vasilij Kandinski - La Montagna Blu (Der blaue Berg) - Riproduzioni dipinte a mano di famosi pittori, quadri moderni, quadri d'arte per parete\"},{\"@type\":\"BreadcrumbList\",\"@id\":\"https:\/\/svetslik.si\/it\/vasilij-kandinski\/the-blue-mountain-der-blaue-berg\/#breadcrumb\",\"itemListElement\":[{\"@type\":\"ListItem\",\"position\":1,\"name\":\"Fali m\u0171v\u00e9szet \u00e9s festm\u00e9nyek v\u00e1szonra\",\"item\":\"https:\/\/svetslik.si\/it\/\"},{\"@type\":\"ListItem\",\"position\":2,\"name\":\"Vendita di dipinti\",\"item\":\"https:\/\/svetslik.si\/prodaja-slik\/\"},{\"@type\":\"ListItem\",\"position\":3,\"name\":\"Vasilij Kandinski &#8211; The Blue Mountain (Der blaue Berg)\"}]},{\"@type\":\"WebSite\",\"@id\":\"https:\/\/svetslik.si\/it\/#website\",\"url\":\"https:\/\/svetslik.si\/it\/\",\"name\":\"SVETSLIK.SI\",\"description\":\"100% riproduzioni dipinte a mano di quadri di pittori famosi e dipinti su tela.\",\"publisher\":{\"@id\":\"https:\/\/svetslik.si\/it\/#organization\"},\"potentialAction\":[{\"@type\":\"SearchAction\",\"target\":{\"@type\":\"EntryPoint\",\"urlTemplate\":\"https:\/\/svetslik.si\/it\/?s={search_term_string}\"},\"query-input\":{\"@type\":\"PropertyValueSpecification\",\"valueRequired\":true,\"valueName\":\"search_term_string\"}}],\"inLanguage\":\"it-IT\"},{\"@type\":\"Organization\",\"@id\":\"https:\/\/svetslik.si\/it\/#organization\",\"name\":\"SvetSlik.si\",\"url\":\"https:\/\/svetslik.si\/it\/\",\"logo\":{\"@type\":\"ImageObject\",\"inLanguage\":\"it-IT\",\"@id\":\"https:\/\/svetslik.si\/it\/#\/schema\/logo\/image\/\",\"url\":\"https:\/\/svetslik.si\/wp-content\/uploads\/2020\/12\/logo-512.png\",\"contentUrl\":\"https:\/\/svetslik.si\/wp-content\/uploads\/2020\/12\/logo-512.png\",\"width\":512,\"height\":512,\"caption\":\"SvetSlik.si\"},\"image\":{\"@id\":\"https:\/\/svetslik.si\/it\/#\/schema\/logo\/image\/\"},\"sameAs\":[\"https:\/\/www.facebook.com\/svetslik.si\",\"https:\/\/x.com\/svetslik\",\"https:\/\/www.instagram.com\/svetslik.si\/\",\"https:\/\/www.linkedin.com\/company\/svetslik-si\"]}]}<\/script>\n<meta property=\"og:availability\" content=\"backorder\" \/>\n<meta property=\"product:availability\" content=\"available for order\" \/>\n<meta property=\"product:retailer_item_id\" content=\"308__\" \/>\n<meta property=\"product:condition\" content=\"new\" \/>\n<!-- \/ Yoast SEO Premium plugin. -->","yoast_head_json":{"title":"Vasilij Kandinski - The Blue Mountain (Der blaue Berg) - SVETSLIK.SI - Dipinti a mano al 100%","description":"Vasilij Kandinski - The Blue Mountain (Der blaue Berg) - Riproduzioni di quadri d'arte dipinte a mano al 100% su tela. Cornici per quadri, vendita e produzione di dimensioni su ordinazione.","robots":{"index":"index","follow":"follow","max-snippet":"max-snippet:-1","max-image-preview":"max-image-preview:large","max-video-preview":"max-video-preview:-1"},"canonical":"https:\/\/svetslik.si\/it\/vasilij-kandinski\/the-blue-mountain-der-blaue-berg\/","og_locale":"it_IT","og_type":"article","og_title":"Vasilij Kandinski - The Blue Mountain (Der blaue Berg)","og_description":"100% ro\u010dno naslikane slike na platnu, reprodukcije znanih slikarjev in umetni\u0161ke slike po naro\u010dilu.","og_url":"https:\/\/svetslik.si\/it\/vasilij-kandinski\/the-blue-mountain-der-blaue-berg\/","og_site_name":"SVETSLIK.SI","article_publisher":"https:\/\/www.facebook.com\/svetslik.si","article_modified_time":"2026-03-22T20:30:20+00:00","og_image":[{"width":1673,"height":1848,"url":"https:\/\/svetslik.si\/wp-content\/uploads\/2021\/08\/image_The-Blue-Mountain-Der-blaue-Berg_680.jpg","type":"image\/jpeg"}],"twitter_card":"summary_large_image","twitter_site":"@svetslik","twitter_misc":{"Disponibilit\u00e0":"Su ordinazione"},"schema":{"@context":"https:\/\/schema.org","@graph":[{"@type":["WebPage","ItemPage"],"@id":"https:\/\/svetslik.si\/it\/vasilij-kandinski\/the-blue-mountain-der-blaue-berg\/","url":"https:\/\/svetslik.si\/it\/vasilij-kandinski\/the-blue-mountain-der-blaue-berg\/","name":"Vasilij Kandinski - The Blue Mountain (Der blaue Berg) - SVETSLIK.SI - Dipinti a mano al 100%","isPartOf":{"@id":"https:\/\/svetslik.si\/it\/#website"},"primaryImageOfPage":{"@id":"https:\/\/svetslik.si\/it\/vasilij-kandinski\/the-blue-mountain-der-blaue-berg\/#primaryimage"},"image":{"@id":"https:\/\/svetslik.si\/it\/vasilij-kandinski\/the-blue-mountain-der-blaue-berg\/#primaryimage"},"thumbnailUrl":"https:\/\/svetslik.si\/wp-content\/uploads\/2021\/08\/image_The-Blue-Mountain-Der-blaue-Berg_680.jpg","datePublished":"2021-09-02T15:56:19+00:00","dateModified":"2026-03-22T20:30:20+00:00","description":"Vasilij Kandinski - The Blue Mountain (Der blaue Berg) - Riproduzioni di quadri d'arte dipinte a mano al 100% su tela. Cornici per quadri, vendita e produzione di dimensioni su ordinazione.","breadcrumb":{"@id":"https:\/\/svetslik.si\/it\/vasilij-kandinski\/the-blue-mountain-der-blaue-berg\/#breadcrumb"},"inLanguage":"it-IT","potentialAction":[{"@type":"ReadAction","target":["https:\/\/svetslik.si\/it\/vasilij-kandinski\/the-blue-mountain-der-blaue-berg\/"]}]},{"@type":"ImageObject","inLanguage":"it-IT","@id":"https:\/\/svetslik.si\/it\/vasilij-kandinski\/the-blue-mountain-der-blaue-berg\/#primaryimage","url":"https:\/\/svetslik.si\/wp-content\/uploads\/2021\/08\/image_The-Blue-Mountain-Der-blaue-Berg_680.jpg","contentUrl":"https:\/\/svetslik.si\/wp-content\/uploads\/2021\/08\/image_The-Blue-Mountain-Der-blaue-Berg_680.jpg","width":1673,"height":1848,"caption":"Vasilij Kandinski - La Montagna Blu (Der blaue Berg) - Riproduzioni dipinte a mano di famosi pittori, quadri moderni, quadri d'arte per parete"},{"@type":"BreadcrumbList","@id":"https:\/\/svetslik.si\/it\/vasilij-kandinski\/the-blue-mountain-der-blaue-berg\/#breadcrumb","itemListElement":[{"@type":"ListItem","position":1,"name":"Fali m\u0171v\u00e9szet \u00e9s festm\u00e9nyek v\u00e1szonra","item":"https:\/\/svetslik.si\/it\/"},{"@type":"ListItem","position":2,"name":"Vendita di dipinti","item":"https:\/\/svetslik.si\/prodaja-slik\/"},{"@type":"ListItem","position":3,"name":"Vasilij Kandinski &#8211; The Blue Mountain (Der blaue Berg)"}]},{"@type":"WebSite","@id":"https:\/\/svetslik.si\/it\/#website","url":"https:\/\/svetslik.si\/it\/","name":"SVETSLIK.SI","description":"100% riproduzioni dipinte a mano di quadri di pittori famosi e dipinti su tela.","publisher":{"@id":"https:\/\/svetslik.si\/it\/#organization"},"potentialAction":[{"@type":"SearchAction","target":{"@type":"EntryPoint","urlTemplate":"https:\/\/svetslik.si\/it\/?s={search_term_string}"},"query-input":{"@type":"PropertyValueSpecification","valueRequired":true,"valueName":"search_term_string"}}],"inLanguage":"it-IT"},{"@type":"Organization","@id":"https:\/\/svetslik.si\/it\/#organization","name":"SvetSlik.si","url":"https:\/\/svetslik.si\/it\/","logo":{"@type":"ImageObject","inLanguage":"it-IT","@id":"https:\/\/svetslik.si\/it\/#\/schema\/logo\/image\/","url":"https:\/\/svetslik.si\/wp-content\/uploads\/2020\/12\/logo-512.png","contentUrl":"https:\/\/svetslik.si\/wp-content\/uploads\/2020\/12\/logo-512.png","width":512,"height":512,"caption":"SvetSlik.si"},"image":{"@id":"https:\/\/svetslik.si\/it\/#\/schema\/logo\/image\/"},"sameAs":["https:\/\/www.facebook.com\/svetslik.si","https:\/\/x.com\/svetslik","https:\/\/www.instagram.com\/svetslik.si\/","https:\/\/www.linkedin.com\/company\/svetslik-si"]}]},"og_availability":"backorder","product_availability":"available for order","product_retailer_item_id":"308__","product_condition":"new"},"jetpack_sharing_enabled":true,"_links":{"self":[{"href":"https:\/\/svetslik.si\/it\/wp-json\/wp\/v2\/product\/39291","targetHints":{"allow":["GET"]}}],"collection":[{"href":"https:\/\/svetslik.si\/it\/wp-json\/wp\/v2\/product"}],"about":[{"href":"https:\/\/svetslik.si\/it\/wp-json\/wp\/v2\/types\/product"}],"wp:featuredmedia":[{"embeddable":true,"href":"https:\/\/svetslik.si\/it\/wp-json\/wp\/v2\/media\/35687"}],"wp:attachment":[{"href":"https:\/\/svetslik.si\/it\/wp-json\/wp\/v2\/media?parent=39291"}],"wp:term":[{"taxonomy":"product_brand","embeddable":true,"href":"https:\/\/svetslik.si\/it\/wp-json\/wp\/v2\/product_brand?post=39291"},{"taxonomy":"product_cat","embeddable":true,"href":"https:\/\/svetslik.si\/it\/wp-json\/wp\/v2\/product_cat?post=39291"},{"taxonomy":"product_tag","embeddable":true,"href":"https:\/\/svetslik.si\/it\/wp-json\/wp\/v2\/product_tag?post=39291"}],"curies":[{"name":"wp","href":"https:\/\/api.w.org\/{rel}","templated":true}]}}