{"id":39354,"date":"2021-09-02T17:57:09","date_gmt":"2021-09-02T15:57:09","guid":{"rendered":"https:\/\/svetslik.si\/senza-categoria\/picture-with-a-circle-bild-mit-kreis\/"},"modified":"2026-03-22T21:31:01","modified_gmt":"2026-03-22T20:31:01","slug":"picture-with-a-circle-bild-mit-kreis","status":"publish","type":"product","link":"https:\/\/svetslik.si\/it\/vasilij-kandinski\/picture-with-a-circle-bild-mit-kreis\/","title":{"rendered":"Vasilij Kandinski &#8211; Picture with a Circle (Bild mit Kreis)"},"content":{"rendered":"<h1>Wassily Kandinsky &#8211; Quadro con cerchio (Bild mit Kreis)<\/h1>\n<table border=\"0\" width=\"673\" cellspacing=\"0\" cellpadding=\"0\">\n<colgroup>\n<col style=\"width: 135pt\" width=\"180\" \/>\n<col style=\"width: 370pt\" width=\"493\" \/> <\/colgroup>\n<tr>\n<td class=\"xl24\" width=\"180\" height=\"21\">Anno di creazione:<\/td>\n<td class=\"xl25\" width=\"493\">1911<\/td>\n<\/tr>\n<tr>\n<td class=\"xl24\" width=\"180\" height=\"21\">Dimensione originale:<\/td>\n<td class=\"xl24\" width=\"493\">111 cm x 139 cm<\/td>\n<\/tr>\n<tr>\n<td class=\"xl24\" width=\"180\" height=\"21\">Stile pittura:<\/td>\n<td class=\"xl24\" width=\"493\">Arte astratta<\/td>\n<\/tr>\n<tr>\n<td class=\"xl24\" width=\"180\" height=\"21\">Tecnica originale:<\/td>\n<td>Olio su tela<\/td>\n<\/tr>\n<tr>\n<td class=\"xl24\" width=\"180\" height=\"21\">Situato:<\/td>\n<td>Museo Nazionale Georgiano, Tbilisi<\/td>\n<\/tr>\n<\/tbody>\n<\/table>\n<p>La pittura circolare di Wassily Kandinsky \u00e8 un dipinto potente e sorprendente che mette in mostra lo stile unico dell&#8217;artista e l&#8217;approccio all&#8217;astrazione. L&#8217;immagine mostra un grande cerchio centrale, raffigurato con linee nere in grassetto. Il cerchio circonda un campo di colori vibranti che sembrano diffondersi verso l&#8217;esterno, dando all&#8217;immagine un senso di movimento ed energia.<\/p>\n<p>In questo dipinto Kandinsky utilizza colori particolarmente evidenti. Era noto per l&#8217;uso di colori audaci e contrastanti, che riteneva potessero innescare forti risposte emotive nello spettatore. Nel dipinto &#8220;Circle Painting&#8221; ha usato una combinazione di colori caldi e freddi per creare un senso di tensione e movimento. I caldi colori arancione e giallo dello sfondo contrastano con i freddi blu e verde del cerchio centrale, conferendo all&#8217;immagine un effetto visivo dinamico e accattivante.<\/p>\n<p>Una delle cose pi\u00f9 interessanti di questo dipinto \u00e8 il modo in cui Kandinsky usa il cerchio come simbolo. Nel corso della sua carriera \u00e8 stato affascinato dal cerchio come simbolo dell&#8217;universo e dell&#8217;infinito. Nel dipinto &#8220;Quadro con cerchio&#8221;, il cerchio centrale rappresenta l&#8217;idea di unit\u00e0 e perfezione. \u00c8 circondato da un campo di colore caotico e apparentemente infinito, suggerendo che il cerchio \u00e8 un simbolo di ordine e armonia nel caos dell&#8217;universo.<\/p>\n<p>La pittura circolare di Kandinsky \u00e8 un&#8217;opera d&#8217;arte potente e stimolante che ancora oggi affascina e ispira gli spettatori. \u00c8 un eccellente esempio dello stile unico dell&#8217;artista e dell&#8217;approccio all&#8217;astrazione ed \u00e8 sicuramente il fulcro di qualsiasi collezione in cui risiede.<\/p>\n","protected":false},"excerpt":{"rendered":"<p>Wassily Kandinsky &#8211; Quadro con cerchio (Bild mit Kreis) Anno di creazione: 1911 Dimensione originale: 111 cm x 139 cm Stile pittura: Arte astratta Tecnica originale: Olio su tela Situato: Museo Nazionale Georgiano, Tbilisi La pittura circolare di Wassily Kandinsky \u00e8 un dipinto potente e sorprendente che mette in mostra [&hellip;]<\/p>\n","protected":false},"featured_media":35468,"template":"","meta":{"_acf_changed":false},"product_brand":[],"product_cat":[4188],"product_tag":[4222,4223,4245,4246,4253],"class_list":{"0":"post-39354","1":"product","2":"type-product","3":"status-publish","4":"has-post-thumbnail","6":"product_cat-vasilij-kandinski","7":"product_tag-kandinski-it","8":"product_tag-kandinsky-it","9":"product_tag-riproduzione","10":"product_tag-riproduzione-it","11":"product_tag-un-pittore","12":"pa_dimenzija-111-x-139-cm-it","13":"pa_dimenzija-130-x-160-cm-it","14":"pa_dimenzija-150-x-190-cm-it","15":"pa_dimenzija-180-x-220-cm-it","16":"pa_dimenzija-50-x-60-cm-it","17":"pa_dimenzija-60-x-70-cm-it","18":"pa_dimenzija-70-x-90-cm-it","19":"pa_dimenzija-90-x-110-cm-it","20":"pa_oblika-verticale","21":"pa_okvir-sensa-cornice","22":"pa_podokvir-no","23":"pa_podokvir-si","25":"first","26":"onbackorder","27":"purchasable","28":"product-type-variable","29":"has-default-attributes"},"acf":[],"yoast_head":"<!-- This site is optimized with the Yoast SEO Premium plugin v26.0 (Yoast SEO v27.2) - https:\/\/yoast.com\/product\/yoast-seo-premium-wordpress\/ -->\n<title>Vasilij Kandinski - Picture with a Circle (Bild mit Kreis) - SVETSLIK.SI - Dipinti a mano al 100%<\/title>\n<meta name=\"description\" content=\"Vasilij Kandinski - Picture with a Circle (Bild mit Kreis) - Riproduzioni di quadri d&#039;arte dipinte a mano al 100% su tela. Cornici per quadri, vendita e produzione di dimensioni su ordinazione.\" \/>\n<meta name=\"robots\" content=\"index, follow, max-snippet:-1, max-image-preview:large, max-video-preview:-1\" \/>\n<link rel=\"canonical\" href=\"https:\/\/svetslik.si\/it\/vasilij-kandinski\/picture-with-a-circle-bild-mit-kreis\/\" \/>\n<meta property=\"og:locale\" content=\"it_IT\" \/>\n<meta property=\"og:type\" content=\"article\" \/>\n<meta property=\"og:title\" content=\"Vasilij Kandinski - Picture with a Circle (Bild mit Kreis)\" \/>\n<meta property=\"og:description\" content=\"100% ro\u010dno naslikane slike na platnu, reprodukcije znanih slikarjev in umetni\u0161ke slike po naro\u010dilu.\" \/>\n<meta property=\"og:url\" content=\"https:\/\/svetslik.si\/it\/vasilij-kandinski\/picture-with-a-circle-bild-mit-kreis\/\" \/>\n<meta property=\"og:site_name\" content=\"SVETSLIK.SI\" \/>\n<meta property=\"article:publisher\" content=\"https:\/\/www.facebook.com\/svetslik.si\" \/>\n<meta property=\"article:modified_time\" content=\"2026-03-22T20:31:01+00:00\" \/>\n<meta property=\"og:image\" content=\"https:\/\/svetslik.si\/wp-content\/uploads\/2021\/08\/image_Picture-with-a-Circle-Bild-mit-Kreis_680.jpg\" \/>\n\t<meta property=\"og:image:width\" content=\"1560\" \/>\n\t<meta property=\"og:image:height\" content=\"1800\" \/>\n\t<meta property=\"og:image:type\" content=\"image\/jpeg\" \/>\n<meta name=\"twitter:card\" content=\"summary_large_image\" \/>\n<meta name=\"twitter:site\" content=\"@svetslik\" \/>\n<meta name=\"twitter:label1\" content=\"Disponibilit\u00e0\" \/>\n\t<meta name=\"twitter:data1\" content=\"Su ordinazione\" \/>\n<script type=\"application\/ld+json\" class=\"yoast-schema-graph\">{\"@context\":\"https:\/\/schema.org\",\"@graph\":[{\"@type\":[\"WebPage\",\"ItemPage\"],\"@id\":\"https:\/\/svetslik.si\/it\/vasilij-kandinski\/picture-with-a-circle-bild-mit-kreis\/\",\"url\":\"https:\/\/svetslik.si\/it\/vasilij-kandinski\/picture-with-a-circle-bild-mit-kreis\/\",\"name\":\"Vasilij Kandinski - Picture with a Circle (Bild mit Kreis) - SVETSLIK.SI - Dipinti a mano al 100%\",\"isPartOf\":{\"@id\":\"https:\/\/svetslik.si\/it\/#website\"},\"primaryImageOfPage\":{\"@id\":\"https:\/\/svetslik.si\/it\/vasilij-kandinski\/picture-with-a-circle-bild-mit-kreis\/#primaryimage\"},\"image\":{\"@id\":\"https:\/\/svetslik.si\/it\/vasilij-kandinski\/picture-with-a-circle-bild-mit-kreis\/#primaryimage\"},\"thumbnailUrl\":\"https:\/\/svetslik.si\/wp-content\/uploads\/2021\/08\/image_Picture-with-a-Circle-Bild-mit-Kreis_680.jpg\",\"datePublished\":\"2021-09-02T15:57:09+00:00\",\"dateModified\":\"2026-03-22T20:31:01+00:00\",\"description\":\"Vasilij Kandinski - Picture with a Circle (Bild mit Kreis) - Riproduzioni di quadri d'arte dipinte a mano al 100% su tela. Cornici per quadri, vendita e produzione di dimensioni su ordinazione.\",\"breadcrumb\":{\"@id\":\"https:\/\/svetslik.si\/it\/vasilij-kandinski\/picture-with-a-circle-bild-mit-kreis\/#breadcrumb\"},\"inLanguage\":\"it-IT\",\"potentialAction\":[{\"@type\":\"ReadAction\",\"target\":[\"https:\/\/svetslik.si\/it\/vasilij-kandinski\/picture-with-a-circle-bild-mit-kreis\/\"]}]},{\"@type\":\"ImageObject\",\"inLanguage\":\"it-IT\",\"@id\":\"https:\/\/svetslik.si\/it\/vasilij-kandinski\/picture-with-a-circle-bild-mit-kreis\/#primaryimage\",\"url\":\"https:\/\/svetslik.si\/wp-content\/uploads\/2021\/08\/image_Picture-with-a-Circle-Bild-mit-Kreis_680.jpg\",\"contentUrl\":\"https:\/\/svetslik.si\/wp-content\/uploads\/2021\/08\/image_Picture-with-a-Circle-Bild-mit-Kreis_680.jpg\",\"width\":1560,\"height\":1800,\"caption\":\"Wassily Kandinsky - Picture with a Circle (Bild mit Kreis) - Riproduzioni dipinte a mano di pittori famosi, pitture murali moderne, quadri di arte murale\"},{\"@type\":\"BreadcrumbList\",\"@id\":\"https:\/\/svetslik.si\/it\/vasilij-kandinski\/picture-with-a-circle-bild-mit-kreis\/#breadcrumb\",\"itemListElement\":[{\"@type\":\"ListItem\",\"position\":1,\"name\":\"Fali m\u0171v\u00e9szet \u00e9s festm\u00e9nyek v\u00e1szonra\",\"item\":\"https:\/\/svetslik.si\/it\/\"},{\"@type\":\"ListItem\",\"position\":2,\"name\":\"Vendita di dipinti\",\"item\":\"https:\/\/svetslik.si\/prodaja-slik\/\"},{\"@type\":\"ListItem\",\"position\":3,\"name\":\"Vasilij Kandinski &#8211; Picture with a Circle (Bild mit Kreis)\"}]},{\"@type\":\"WebSite\",\"@id\":\"https:\/\/svetslik.si\/it\/#website\",\"url\":\"https:\/\/svetslik.si\/it\/\",\"name\":\"SVETSLIK.SI\",\"description\":\"100% riproduzioni dipinte a mano di quadri di pittori famosi e dipinti su tela.\",\"publisher\":{\"@id\":\"https:\/\/svetslik.si\/it\/#organization\"},\"potentialAction\":[{\"@type\":\"SearchAction\",\"target\":{\"@type\":\"EntryPoint\",\"urlTemplate\":\"https:\/\/svetslik.si\/it\/?s={search_term_string}\"},\"query-input\":{\"@type\":\"PropertyValueSpecification\",\"valueRequired\":true,\"valueName\":\"search_term_string\"}}],\"inLanguage\":\"it-IT\"},{\"@type\":\"Organization\",\"@id\":\"https:\/\/svetslik.si\/it\/#organization\",\"name\":\"SvetSlik.si\",\"url\":\"https:\/\/svetslik.si\/it\/\",\"logo\":{\"@type\":\"ImageObject\",\"inLanguage\":\"it-IT\",\"@id\":\"https:\/\/svetslik.si\/it\/#\/schema\/logo\/image\/\",\"url\":\"https:\/\/svetslik.si\/wp-content\/uploads\/2020\/12\/logo-512.png\",\"contentUrl\":\"https:\/\/svetslik.si\/wp-content\/uploads\/2020\/12\/logo-512.png\",\"width\":512,\"height\":512,\"caption\":\"SvetSlik.si\"},\"image\":{\"@id\":\"https:\/\/svetslik.si\/it\/#\/schema\/logo\/image\/\"},\"sameAs\":[\"https:\/\/www.facebook.com\/svetslik.si\",\"https:\/\/x.com\/svetslik\",\"https:\/\/www.instagram.com\/svetslik.si\/\",\"https:\/\/www.linkedin.com\/company\/svetslik-si\"]}]}<\/script>\n<meta property=\"og:availability\" content=\"backorder\" \/>\n<meta property=\"product:availability\" content=\"available for order\" \/>\n<meta property=\"product:retailer_item_id\" content=\"315__\" \/>\n<meta property=\"product:condition\" content=\"new\" \/>\n<!-- \/ Yoast SEO Premium plugin. -->","yoast_head_json":{"title":"Vasilij Kandinski - Picture with a Circle (Bild mit Kreis) - SVETSLIK.SI - Dipinti a mano al 100%","description":"Vasilij Kandinski - Picture with a Circle (Bild mit Kreis) - Riproduzioni di quadri d'arte dipinte a mano al 100% su tela. Cornici per quadri, vendita e produzione di dimensioni su ordinazione.","robots":{"index":"index","follow":"follow","max-snippet":"max-snippet:-1","max-image-preview":"max-image-preview:large","max-video-preview":"max-video-preview:-1"},"canonical":"https:\/\/svetslik.si\/it\/vasilij-kandinski\/picture-with-a-circle-bild-mit-kreis\/","og_locale":"it_IT","og_type":"article","og_title":"Vasilij Kandinski - Picture with a Circle (Bild mit Kreis)","og_description":"100% ro\u010dno naslikane slike na platnu, reprodukcije znanih slikarjev in umetni\u0161ke slike po naro\u010dilu.","og_url":"https:\/\/svetslik.si\/it\/vasilij-kandinski\/picture-with-a-circle-bild-mit-kreis\/","og_site_name":"SVETSLIK.SI","article_publisher":"https:\/\/www.facebook.com\/svetslik.si","article_modified_time":"2026-03-22T20:31:01+00:00","og_image":[{"width":1560,"height":1800,"url":"https:\/\/svetslik.si\/wp-content\/uploads\/2021\/08\/image_Picture-with-a-Circle-Bild-mit-Kreis_680.jpg","type":"image\/jpeg"}],"twitter_card":"summary_large_image","twitter_site":"@svetslik","twitter_misc":{"Disponibilit\u00e0":"Su ordinazione"},"schema":{"@context":"https:\/\/schema.org","@graph":[{"@type":["WebPage","ItemPage"],"@id":"https:\/\/svetslik.si\/it\/vasilij-kandinski\/picture-with-a-circle-bild-mit-kreis\/","url":"https:\/\/svetslik.si\/it\/vasilij-kandinski\/picture-with-a-circle-bild-mit-kreis\/","name":"Vasilij Kandinski - Picture with a Circle (Bild mit Kreis) - SVETSLIK.SI - Dipinti a mano al 100%","isPartOf":{"@id":"https:\/\/svetslik.si\/it\/#website"},"primaryImageOfPage":{"@id":"https:\/\/svetslik.si\/it\/vasilij-kandinski\/picture-with-a-circle-bild-mit-kreis\/#primaryimage"},"image":{"@id":"https:\/\/svetslik.si\/it\/vasilij-kandinski\/picture-with-a-circle-bild-mit-kreis\/#primaryimage"},"thumbnailUrl":"https:\/\/svetslik.si\/wp-content\/uploads\/2021\/08\/image_Picture-with-a-Circle-Bild-mit-Kreis_680.jpg","datePublished":"2021-09-02T15:57:09+00:00","dateModified":"2026-03-22T20:31:01+00:00","description":"Vasilij Kandinski - Picture with a Circle (Bild mit Kreis) - Riproduzioni di quadri d'arte dipinte a mano al 100% su tela. Cornici per quadri, vendita e produzione di dimensioni su ordinazione.","breadcrumb":{"@id":"https:\/\/svetslik.si\/it\/vasilij-kandinski\/picture-with-a-circle-bild-mit-kreis\/#breadcrumb"},"inLanguage":"it-IT","potentialAction":[{"@type":"ReadAction","target":["https:\/\/svetslik.si\/it\/vasilij-kandinski\/picture-with-a-circle-bild-mit-kreis\/"]}]},{"@type":"ImageObject","inLanguage":"it-IT","@id":"https:\/\/svetslik.si\/it\/vasilij-kandinski\/picture-with-a-circle-bild-mit-kreis\/#primaryimage","url":"https:\/\/svetslik.si\/wp-content\/uploads\/2021\/08\/image_Picture-with-a-Circle-Bild-mit-Kreis_680.jpg","contentUrl":"https:\/\/svetslik.si\/wp-content\/uploads\/2021\/08\/image_Picture-with-a-Circle-Bild-mit-Kreis_680.jpg","width":1560,"height":1800,"caption":"Wassily Kandinsky - Picture with a Circle (Bild mit Kreis) - Riproduzioni dipinte a mano di pittori famosi, pitture murali moderne, quadri di arte murale"},{"@type":"BreadcrumbList","@id":"https:\/\/svetslik.si\/it\/vasilij-kandinski\/picture-with-a-circle-bild-mit-kreis\/#breadcrumb","itemListElement":[{"@type":"ListItem","position":1,"name":"Fali m\u0171v\u00e9szet \u00e9s festm\u00e9nyek v\u00e1szonra","item":"https:\/\/svetslik.si\/it\/"},{"@type":"ListItem","position":2,"name":"Vendita di dipinti","item":"https:\/\/svetslik.si\/prodaja-slik\/"},{"@type":"ListItem","position":3,"name":"Vasilij Kandinski &#8211; Picture with a Circle (Bild mit Kreis)"}]},{"@type":"WebSite","@id":"https:\/\/svetslik.si\/it\/#website","url":"https:\/\/svetslik.si\/it\/","name":"SVETSLIK.SI","description":"100% riproduzioni dipinte a mano di quadri di pittori famosi e dipinti su tela.","publisher":{"@id":"https:\/\/svetslik.si\/it\/#organization"},"potentialAction":[{"@type":"SearchAction","target":{"@type":"EntryPoint","urlTemplate":"https:\/\/svetslik.si\/it\/?s={search_term_string}"},"query-input":{"@type":"PropertyValueSpecification","valueRequired":true,"valueName":"search_term_string"}}],"inLanguage":"it-IT"},{"@type":"Organization","@id":"https:\/\/svetslik.si\/it\/#organization","name":"SvetSlik.si","url":"https:\/\/svetslik.si\/it\/","logo":{"@type":"ImageObject","inLanguage":"it-IT","@id":"https:\/\/svetslik.si\/it\/#\/schema\/logo\/image\/","url":"https:\/\/svetslik.si\/wp-content\/uploads\/2020\/12\/logo-512.png","contentUrl":"https:\/\/svetslik.si\/wp-content\/uploads\/2020\/12\/logo-512.png","width":512,"height":512,"caption":"SvetSlik.si"},"image":{"@id":"https:\/\/svetslik.si\/it\/#\/schema\/logo\/image\/"},"sameAs":["https:\/\/www.facebook.com\/svetslik.si","https:\/\/x.com\/svetslik","https:\/\/www.instagram.com\/svetslik.si\/","https:\/\/www.linkedin.com\/company\/svetslik-si"]}]},"og_availability":"backorder","product_availability":"available for order","product_retailer_item_id":"315__","product_condition":"new"},"jetpack_sharing_enabled":true,"_links":{"self":[{"href":"https:\/\/svetslik.si\/it\/wp-json\/wp\/v2\/product\/39354","targetHints":{"allow":["GET"]}}],"collection":[{"href":"https:\/\/svetslik.si\/it\/wp-json\/wp\/v2\/product"}],"about":[{"href":"https:\/\/svetslik.si\/it\/wp-json\/wp\/v2\/types\/product"}],"wp:featuredmedia":[{"embeddable":true,"href":"https:\/\/svetslik.si\/it\/wp-json\/wp\/v2\/media\/35468"}],"wp:attachment":[{"href":"https:\/\/svetslik.si\/it\/wp-json\/wp\/v2\/media?parent=39354"}],"wp:term":[{"taxonomy":"product_brand","embeddable":true,"href":"https:\/\/svetslik.si\/it\/wp-json\/wp\/v2\/product_brand?post=39354"},{"taxonomy":"product_cat","embeddable":true,"href":"https:\/\/svetslik.si\/it\/wp-json\/wp\/v2\/product_cat?post=39354"},{"taxonomy":"product_tag","embeddable":true,"href":"https:\/\/svetslik.si\/it\/wp-json\/wp\/v2\/product_tag?post=39354"}],"curies":[{"name":"wp","href":"https:\/\/api.w.org\/{rel}","templated":true}]}}