{"id":39363,"date":"2021-09-02T17:57:09","date_gmt":"2021-09-02T15:57:09","guid":{"rendered":"https:\/\/svetslik.si\/senza-categoria\/improvisation-28-second-version-improvisation-28-zweite-fassung\/"},"modified":"2026-03-22T21:31:43","modified_gmt":"2026-03-22T20:31:43","slug":"improvisation-28-second-version-improvisation-28-zweite-fassung","status":"publish","type":"product","link":"https:\/\/svetslik.si\/it\/vasilij-kandinski\/improvisation-28-second-version-improvisation-28-zweite-fassung\/","title":{"rendered":"Vasilij Kandinski &#8211; Improvisation 28 (second version) (Improvisation 28 [zweite Fassung])"},"content":{"rendered":"<h1>Wassily Kandinsky &#8211; Improvisation 28 (second version) (Improvisation 28 [zweite Fassung])<\/h1>\n<table border=\"0\" width=\"673\" cellspacing=\"0\" cellpadding=\"0\">\n<colgroup>\n<col style=\"width: 135pt\" width=\"180\" \/>\n<col style=\"width: 370pt\" width=\"493\" \/> <\/colgroup>\n<tr>\n<td class=\"xl24\" width=\"180\" height=\"21\">Anno di creazione:<\/td>\n<td class=\"xl25\" width=\"493\">1912<\/td>\n<\/tr>\n<tr>\n<td class=\"xl24\" width=\"180\" height=\"21\">Dimensione originale:<\/td>\n<td class=\"xl24\" width=\"493\">162,1 cm x 111,4 cm<\/td>\n<\/tr>\n<tr>\n<td class=\"xl24\" width=\"180\" height=\"21\">Stile pittura:<\/td>\n<td class=\"xl24\" width=\"493\">Espressionismo astratto<\/td>\n<\/tr>\n<tr>\n<td class=\"xl24\" width=\"180\" height=\"21\">Tecnica originale:<\/td>\n<td>Olio su tela<\/td>\n<\/tr>\n<tr>\n<td class=\"xl24\" width=\"180\" height=\"21\">Situato:<\/td>\n<td>Museo Guggenheim di New York<\/td>\n<\/tr>\n<\/tbody>\n<\/table>\n<p>&nbsp;<\/p>\n<p>Improvisation 28 (Second Version) di Wassily Kandinsky \u00e8 un dipinto dinamico e sbalorditivo che mette in mostra lo stile unico dell&#8217;artista e l&#8217;approccio all&#8217;astrazione. Quest&#8217;opera, dipinta nel 1912, \u00e8 considerata una delle opere pi\u00f9 importanti di Kandinsky del suo primo periodo di astrazione.<\/p>\n<p>Il dipinto \u00e8 olio su tela ed \u00e8 caratterizzato da una composizione audace e dinamica con un sorprendente uso del colore. L&#8217;immagine \u00e8 dominata da un grande arco nero che sembra essere l&#8217;asse centrale delle linee, delle forme e dei colori vorticosi visibili nell&#8217;immagine. Il fiocco nero \u00e8 circondato da una moltitudine di colori che sembrano essere in movimento, creando un senso di movimento ed energia. I colori sono applicati con pennellate spesse e impastate, creando un senso di profondit\u00e0 e movimento.<\/p>\n<p>Il titolo &#8220;Improvisation 28&#8221; sottolinea la natura spontanea e intuitiva del processo creativo di Kandinsky. Credeva che l&#8217;arte dovesse essere un&#8217;espressione dei sentimenti e delle emozioni pi\u00f9 profonde dell&#8217;artista, non una rappresentazione del mondo esterno. Questo dipinto \u00e8 un perfetto esempio di questa filosofia in quanto \u00e8 una rappresentazione visiva delle emozioni e dei sentimenti pi\u00f9 profondi dell&#8217;artista.<\/p>\n<p>Il dipinto \u00e8 un&#8217;opera importante nella storia dell&#8217;arte astratta ed \u00e8 considerato un capolavoro del primo periodo dell&#8217;astrazione. \u00c8 un&#8217;opera d&#8217;arte importante non solo per il suo valore estetico, ma anche per il suo significato storico. \u00c8 un ottimo esempio di come un artista sia stato in grado di staccarsi dall&#8217;arte rappresentativa tradizionale e creare una nuova forma d&#8217;arte pi\u00f9 espressiva ed emotiva.<\/p>\n<p>In conclusione, lasciatemi dire che &#8220;Improvisation 28 (Second Version)&#8221; \u00e8 un dipinto potente e visivamente sbalorditivo che dimostra lo stile e l&#8217;approccio unici dell&#8217;artista all&#8217;astrazione. Il dipinto \u00e8 un&#8217;opera importante nella storia dell&#8217;arte ed \u00e8 considerato un capolavoro del primo periodo dell&#8217;astrazione. Se stai cercando un&#8217;opera d&#8217;arte visivamente sbalorditiva e storicamente significativa, questo dipinto \u00e8 un&#8217;ottima scelta.<\/p>\n<p>&nbsp;<\/p>\n","protected":false},"excerpt":{"rendered":"<p>Wassily Kandinsky &#8211; Improvisation 28 (second version) (Improvisation 28 [zweite Fassung]) Anno di creazione: 1912 Dimensione originale: 162,1 cm x 111,4 cm Stile pittura: Espressionismo astratto Tecnica originale: Olio su tela Situato: Museo Guggenheim di New York &nbsp; Improvisation 28 (Second Version) di Wassily Kandinsky \u00e8 un dipinto dinamico e [&hellip;]<\/p>\n","protected":false},"featured_media":35220,"template":"","meta":{"_acf_changed":false},"product_brand":[],"product_cat":[4188],"product_tag":[4222,4223,4245,4246,4253],"class_list":{"0":"post-39363","1":"product","2":"type-product","3":"status-publish","4":"has-post-thumbnail","6":"product_cat-vasilij-kandinski","7":"product_tag-kandinski-it","8":"product_tag-kandinsky-it","9":"product_tag-riproduzione","10":"product_tag-riproduzione-it","11":"product_tag-un-pittore","12":"pa_dimenzija-100-x-70-cm-it","13":"pa_dimenzija-120-x-80-cm-it","14":"pa_dimenzija-140-x-100-cm-it","15":"pa_dimenzija-162-x-111-cm-it","16":"pa_dimenzija-200-x-140-cm-it","17":"pa_dimenzija-60-x-40-cm-it","18":"pa_dimenzija-70-x-50-cm-it","19":"pa_dimenzija-90-x-60-cm-it","20":"pa_oblika-orizzontale","21":"pa_okvir-sensa-cornice","22":"pa_podokvir-no","23":"pa_podokvir-si","25":"first","26":"onbackorder","27":"purchasable","28":"product-type-variable","29":"has-default-attributes"},"acf":[],"yoast_head":"<!-- This site is optimized with the Yoast SEO Premium plugin v26.0 (Yoast SEO v27.2) - https:\/\/yoast.com\/product\/yoast-seo-premium-wordpress\/ -->\n<title>Vasilij Kandinski - Improvisation 28 (second version) (Improvisation 28 [zweite Fassung]) - SVETSLIK.SI - Dipinti a mano al 100%<\/title>\n<meta name=\"description\" content=\"Vasilij Kandinski - Improvisation 28 (second version) (Improvisation 28 [zweite Fassung]) - Riproduzioni di quadri d&#039;arte dipinte a mano al 100% su tela. Cornici per quadri, vendita e produzione di dimensioni su ordinazione.\" \/>\n<meta name=\"robots\" content=\"index, follow, max-snippet:-1, max-image-preview:large, max-video-preview:-1\" \/>\n<link rel=\"canonical\" href=\"https:\/\/svetslik.si\/it\/vasilij-kandinski\/improvisation-28-second-version-improvisation-28-zweite-fassung\/\" \/>\n<meta property=\"og:locale\" content=\"it_IT\" \/>\n<meta property=\"og:type\" content=\"article\" \/>\n<meta property=\"og:title\" content=\"Vasilij Kandinski - Improvisation 28 (second version) (Improvisation 28 [zweite Fassung])\" \/>\n<meta property=\"og:description\" content=\"100% ro\u010dno naslikane slike na platnu, reprodukcije znanih slikarjev in umetni\u0161ke slike po naro\u010dilu.\" \/>\n<meta property=\"og:url\" content=\"https:\/\/svetslik.si\/it\/vasilij-kandinski\/improvisation-28-second-version-improvisation-28-zweite-fassung\/\" \/>\n<meta property=\"og:site_name\" content=\"SVETSLIK.SI\" \/>\n<meta property=\"article:publisher\" content=\"https:\/\/www.facebook.com\/svetslik.si\" \/>\n<meta property=\"article:modified_time\" content=\"2026-03-22T20:31:43+00:00\" \/>\n<meta property=\"og:image\" content=\"https:\/\/svetslik.si\/wp-content\/uploads\/2021\/08\/image_Improvisation-28-second-version-Improvisation-28-zweite-Fassung_680-scaled.jpg\" \/>\n\t<meta property=\"og:image:width\" content=\"2560\" \/>\n\t<meta property=\"og:image:height\" content=\"1733\" \/>\n\t<meta property=\"og:image:type\" content=\"image\/jpeg\" \/>\n<meta name=\"twitter:card\" content=\"summary_large_image\" \/>\n<meta name=\"twitter:site\" content=\"@svetslik\" \/>\n<meta name=\"twitter:label1\" content=\"Disponibilit\u00e0\" \/>\n\t<meta name=\"twitter:data1\" content=\"Su ordinazione\" \/>\n<script type=\"application\/ld+json\" class=\"yoast-schema-graph\">{\"@context\":\"https:\/\/schema.org\",\"@graph\":[{\"@type\":[\"WebPage\",\"ItemPage\"],\"@id\":\"https:\/\/svetslik.si\/it\/vasilij-kandinski\/improvisation-28-second-version-improvisation-28-zweite-fassung\/\",\"url\":\"https:\/\/svetslik.si\/it\/vasilij-kandinski\/improvisation-28-second-version-improvisation-28-zweite-fassung\/\",\"name\":\"Vasilij Kandinski - Improvisation 28 (second version) (Improvisation 28 [zweite Fassung]) - SVETSLIK.SI - Dipinti a mano al 100%\",\"isPartOf\":{\"@id\":\"https:\/\/svetslik.si\/it\/#website\"},\"primaryImageOfPage\":{\"@id\":\"https:\/\/svetslik.si\/it\/vasilij-kandinski\/improvisation-28-second-version-improvisation-28-zweite-fassung\/#primaryimage\"},\"image\":{\"@id\":\"https:\/\/svetslik.si\/it\/vasilij-kandinski\/improvisation-28-second-version-improvisation-28-zweite-fassung\/#primaryimage\"},\"thumbnailUrl\":\"https:\/\/svetslik.si\/wp-content\/uploads\/2021\/08\/image_Improvisation-28-second-version-Improvisation-28-zweite-Fassung_680-scaled.jpg\",\"datePublished\":\"2021-09-02T15:57:09+00:00\",\"dateModified\":\"2026-03-22T20:31:43+00:00\",\"description\":\"Vasilij Kandinski - Improvisation 28 (second version) (Improvisation 28 [zweite Fassung]) - Riproduzioni di quadri d'arte dipinte a mano al 100% su tela. Cornici per quadri, vendita e produzione di dimensioni su ordinazione.\",\"breadcrumb\":{\"@id\":\"https:\/\/svetslik.si\/it\/vasilij-kandinski\/improvisation-28-second-version-improvisation-28-zweite-fassung\/#breadcrumb\"},\"inLanguage\":\"it-IT\",\"potentialAction\":[{\"@type\":\"ReadAction\",\"target\":[\"https:\/\/svetslik.si\/it\/vasilij-kandinski\/improvisation-28-second-version-improvisation-28-zweite-fassung\/\"]}]},{\"@type\":\"ImageObject\",\"inLanguage\":\"it-IT\",\"@id\":\"https:\/\/svetslik.si\/it\/vasilij-kandinski\/improvisation-28-second-version-improvisation-28-zweite-fassung\/#primaryimage\",\"url\":\"https:\/\/svetslik.si\/wp-content\/uploads\/2021\/08\/image_Improvisation-28-second-version-Improvisation-28-zweite-Fassung_680-scaled.jpg\",\"contentUrl\":\"https:\/\/svetslik.si\/wp-content\/uploads\/2021\/08\/image_Improvisation-28-second-version-Improvisation-28-zweite-Fassung_680-scaled.jpg\",\"width\":2560,\"height\":1733,\"caption\":\"Quadri riproduzioni su tela - Vasilij Kandinski - Improvvisazione 28 (seconda versione) (Improvisation 28 [zweite Fassung]) - Dipinti realizzati a mano, riproduzioni di famosi pittori, olio su tela, quadri ad olio, quadri moderni, quadri artistici da appendere alle pareti, ambientali, astratti, decorativi quadri murali\"},{\"@type\":\"BreadcrumbList\",\"@id\":\"https:\/\/svetslik.si\/it\/vasilij-kandinski\/improvisation-28-second-version-improvisation-28-zweite-fassung\/#breadcrumb\",\"itemListElement\":[{\"@type\":\"ListItem\",\"position\":1,\"name\":\"Fali m\u0171v\u00e9szet \u00e9s festm\u00e9nyek v\u00e1szonra\",\"item\":\"https:\/\/svetslik.si\/it\/\"},{\"@type\":\"ListItem\",\"position\":2,\"name\":\"Vendita di dipinti\",\"item\":\"https:\/\/svetslik.si\/prodaja-slik\/\"},{\"@type\":\"ListItem\",\"position\":3,\"name\":\"Vasilij Kandinski &#8211; Improvisation 28 (second version) (Improvisation 28 [zweite Fassung])\"}]},{\"@type\":\"WebSite\",\"@id\":\"https:\/\/svetslik.si\/it\/#website\",\"url\":\"https:\/\/svetslik.si\/it\/\",\"name\":\"SVETSLIK.SI\",\"description\":\"100% riproduzioni dipinte a mano di quadri di pittori famosi e dipinti su tela.\",\"publisher\":{\"@id\":\"https:\/\/svetslik.si\/it\/#organization\"},\"potentialAction\":[{\"@type\":\"SearchAction\",\"target\":{\"@type\":\"EntryPoint\",\"urlTemplate\":\"https:\/\/svetslik.si\/it\/?s={search_term_string}\"},\"query-input\":{\"@type\":\"PropertyValueSpecification\",\"valueRequired\":true,\"valueName\":\"search_term_string\"}}],\"inLanguage\":\"it-IT\"},{\"@type\":\"Organization\",\"@id\":\"https:\/\/svetslik.si\/it\/#organization\",\"name\":\"SvetSlik.si\",\"url\":\"https:\/\/svetslik.si\/it\/\",\"logo\":{\"@type\":\"ImageObject\",\"inLanguage\":\"it-IT\",\"@id\":\"https:\/\/svetslik.si\/it\/#\/schema\/logo\/image\/\",\"url\":\"https:\/\/svetslik.si\/wp-content\/uploads\/2020\/12\/logo-512.png\",\"contentUrl\":\"https:\/\/svetslik.si\/wp-content\/uploads\/2020\/12\/logo-512.png\",\"width\":512,\"height\":512,\"caption\":\"SvetSlik.si\"},\"image\":{\"@id\":\"https:\/\/svetslik.si\/it\/#\/schema\/logo\/image\/\"},\"sameAs\":[\"https:\/\/www.facebook.com\/svetslik.si\",\"https:\/\/x.com\/svetslik\",\"https:\/\/www.instagram.com\/svetslik.si\/\",\"https:\/\/www.linkedin.com\/company\/svetslik-si\"]}]}<\/script>\n<meta property=\"og:availability\" content=\"backorder\" \/>\n<meta property=\"product:availability\" content=\"available for order\" \/>\n<meta property=\"product:retailer_item_id\" content=\"316__\" \/>\n<meta property=\"product:condition\" content=\"new\" \/>\n<!-- \/ Yoast SEO Premium plugin. -->","yoast_head_json":{"title":"Vasilij Kandinski - Improvisation 28 (second version) (Improvisation 28 [zweite Fassung]) - SVETSLIK.SI - Dipinti a mano al 100%","description":"Vasilij Kandinski - Improvisation 28 (second version) (Improvisation 28 [zweite Fassung]) - Riproduzioni di quadri d'arte dipinte a mano al 100% su tela. Cornici per quadri, vendita e produzione di dimensioni su ordinazione.","robots":{"index":"index","follow":"follow","max-snippet":"max-snippet:-1","max-image-preview":"max-image-preview:large","max-video-preview":"max-video-preview:-1"},"canonical":"https:\/\/svetslik.si\/it\/vasilij-kandinski\/improvisation-28-second-version-improvisation-28-zweite-fassung\/","og_locale":"it_IT","og_type":"article","og_title":"Vasilij Kandinski - Improvisation 28 (second version) (Improvisation 28 [zweite Fassung])","og_description":"100% ro\u010dno naslikane slike na platnu, reprodukcije znanih slikarjev in umetni\u0161ke slike po naro\u010dilu.","og_url":"https:\/\/svetslik.si\/it\/vasilij-kandinski\/improvisation-28-second-version-improvisation-28-zweite-fassung\/","og_site_name":"SVETSLIK.SI","article_publisher":"https:\/\/www.facebook.com\/svetslik.si","article_modified_time":"2026-03-22T20:31:43+00:00","og_image":[{"width":2560,"height":1733,"url":"https:\/\/svetslik.si\/wp-content\/uploads\/2021\/08\/image_Improvisation-28-second-version-Improvisation-28-zweite-Fassung_680-scaled.jpg","type":"image\/jpeg"}],"twitter_card":"summary_large_image","twitter_site":"@svetslik","twitter_misc":{"Disponibilit\u00e0":"Su ordinazione"},"schema":{"@context":"https:\/\/schema.org","@graph":[{"@type":["WebPage","ItemPage"],"@id":"https:\/\/svetslik.si\/it\/vasilij-kandinski\/improvisation-28-second-version-improvisation-28-zweite-fassung\/","url":"https:\/\/svetslik.si\/it\/vasilij-kandinski\/improvisation-28-second-version-improvisation-28-zweite-fassung\/","name":"Vasilij Kandinski - Improvisation 28 (second version) (Improvisation 28 [zweite Fassung]) - SVETSLIK.SI - Dipinti a mano al 100%","isPartOf":{"@id":"https:\/\/svetslik.si\/it\/#website"},"primaryImageOfPage":{"@id":"https:\/\/svetslik.si\/it\/vasilij-kandinski\/improvisation-28-second-version-improvisation-28-zweite-fassung\/#primaryimage"},"image":{"@id":"https:\/\/svetslik.si\/it\/vasilij-kandinski\/improvisation-28-second-version-improvisation-28-zweite-fassung\/#primaryimage"},"thumbnailUrl":"https:\/\/svetslik.si\/wp-content\/uploads\/2021\/08\/image_Improvisation-28-second-version-Improvisation-28-zweite-Fassung_680-scaled.jpg","datePublished":"2021-09-02T15:57:09+00:00","dateModified":"2026-03-22T20:31:43+00:00","description":"Vasilij Kandinski - Improvisation 28 (second version) (Improvisation 28 [zweite Fassung]) - Riproduzioni di quadri d'arte dipinte a mano al 100% su tela. Cornici per quadri, vendita e produzione di dimensioni su ordinazione.","breadcrumb":{"@id":"https:\/\/svetslik.si\/it\/vasilij-kandinski\/improvisation-28-second-version-improvisation-28-zweite-fassung\/#breadcrumb"},"inLanguage":"it-IT","potentialAction":[{"@type":"ReadAction","target":["https:\/\/svetslik.si\/it\/vasilij-kandinski\/improvisation-28-second-version-improvisation-28-zweite-fassung\/"]}]},{"@type":"ImageObject","inLanguage":"it-IT","@id":"https:\/\/svetslik.si\/it\/vasilij-kandinski\/improvisation-28-second-version-improvisation-28-zweite-fassung\/#primaryimage","url":"https:\/\/svetslik.si\/wp-content\/uploads\/2021\/08\/image_Improvisation-28-second-version-Improvisation-28-zweite-Fassung_680-scaled.jpg","contentUrl":"https:\/\/svetslik.si\/wp-content\/uploads\/2021\/08\/image_Improvisation-28-second-version-Improvisation-28-zweite-Fassung_680-scaled.jpg","width":2560,"height":1733,"caption":"Quadri riproduzioni su tela - Vasilij Kandinski - Improvvisazione 28 (seconda versione) (Improvisation 28 [zweite Fassung]) - Dipinti realizzati a mano, riproduzioni di famosi pittori, olio su tela, quadri ad olio, quadri moderni, quadri artistici da appendere alle pareti, ambientali, astratti, decorativi quadri murali"},{"@type":"BreadcrumbList","@id":"https:\/\/svetslik.si\/it\/vasilij-kandinski\/improvisation-28-second-version-improvisation-28-zweite-fassung\/#breadcrumb","itemListElement":[{"@type":"ListItem","position":1,"name":"Fali m\u0171v\u00e9szet \u00e9s festm\u00e9nyek v\u00e1szonra","item":"https:\/\/svetslik.si\/it\/"},{"@type":"ListItem","position":2,"name":"Vendita di dipinti","item":"https:\/\/svetslik.si\/prodaja-slik\/"},{"@type":"ListItem","position":3,"name":"Vasilij Kandinski &#8211; Improvisation 28 (second version) (Improvisation 28 [zweite Fassung])"}]},{"@type":"WebSite","@id":"https:\/\/svetslik.si\/it\/#website","url":"https:\/\/svetslik.si\/it\/","name":"SVETSLIK.SI","description":"100% riproduzioni dipinte a mano di quadri di pittori famosi e dipinti su tela.","publisher":{"@id":"https:\/\/svetslik.si\/it\/#organization"},"potentialAction":[{"@type":"SearchAction","target":{"@type":"EntryPoint","urlTemplate":"https:\/\/svetslik.si\/it\/?s={search_term_string}"},"query-input":{"@type":"PropertyValueSpecification","valueRequired":true,"valueName":"search_term_string"}}],"inLanguage":"it-IT"},{"@type":"Organization","@id":"https:\/\/svetslik.si\/it\/#organization","name":"SvetSlik.si","url":"https:\/\/svetslik.si\/it\/","logo":{"@type":"ImageObject","inLanguage":"it-IT","@id":"https:\/\/svetslik.si\/it\/#\/schema\/logo\/image\/","url":"https:\/\/svetslik.si\/wp-content\/uploads\/2020\/12\/logo-512.png","contentUrl":"https:\/\/svetslik.si\/wp-content\/uploads\/2020\/12\/logo-512.png","width":512,"height":512,"caption":"SvetSlik.si"},"image":{"@id":"https:\/\/svetslik.si\/it\/#\/schema\/logo\/image\/"},"sameAs":["https:\/\/www.facebook.com\/svetslik.si","https:\/\/x.com\/svetslik","https:\/\/www.instagram.com\/svetslik.si\/","https:\/\/www.linkedin.com\/company\/svetslik-si"]}]},"og_availability":"backorder","product_availability":"available for order","product_retailer_item_id":"316__","product_condition":"new"},"jetpack_sharing_enabled":true,"_links":{"self":[{"href":"https:\/\/svetslik.si\/it\/wp-json\/wp\/v2\/product\/39363","targetHints":{"allow":["GET"]}}],"collection":[{"href":"https:\/\/svetslik.si\/it\/wp-json\/wp\/v2\/product"}],"about":[{"href":"https:\/\/svetslik.si\/it\/wp-json\/wp\/v2\/types\/product"}],"wp:featuredmedia":[{"embeddable":true,"href":"https:\/\/svetslik.si\/it\/wp-json\/wp\/v2\/media\/35220"}],"wp:attachment":[{"href":"https:\/\/svetslik.si\/it\/wp-json\/wp\/v2\/media?parent=39363"}],"wp:term":[{"taxonomy":"product_brand","embeddable":true,"href":"https:\/\/svetslik.si\/it\/wp-json\/wp\/v2\/product_brand?post=39363"},{"taxonomy":"product_cat","embeddable":true,"href":"https:\/\/svetslik.si\/it\/wp-json\/wp\/v2\/product_cat?post=39363"},{"taxonomy":"product_tag","embeddable":true,"href":"https:\/\/svetslik.si\/it\/wp-json\/wp\/v2\/product_tag?post=39363"}],"curies":[{"name":"wp","href":"https:\/\/api.w.org\/{rel}","templated":true}]}}