{"id":39372,"date":"2021-09-02T17:57:09","date_gmt":"2021-09-02T15:57:09","guid":{"rendered":"https:\/\/svetslik.si\/senza-categoria\/with-the-black-arch-mit-dem-schwarzen-bogen\/"},"modified":"2026-03-22T21:31:43","modified_gmt":"2026-03-22T20:31:43","slug":"with-the-black-arch-mit-dem-schwarzen-bogen","status":"publish","type":"product","link":"https:\/\/svetslik.si\/it\/vasilij-kandinski\/with-the-black-arch-mit-dem-schwarzen-bogen\/","title":{"rendered":"Vasilij Kandinski &#8211; With the Black Arch (Mit dem Schwarzen Bogen)"},"content":{"rendered":"<div class=\"wpb-content-wrapper\">[vc_row css=&#8221;.vc_custom_1742246511722{margin-bottom: 10px !important;}&#8221;][vc_column]\t<div class=\"et-image-105 et-image     et_image_link\">\n\t\t<div class=\"et-image-inner \">\n\t\t\t\t\t\t\t<div class=\"et-image-thumb \">\n\t\t\t\t\t<img decoding=\"async\" width=\"1500\" height=\"1500\" src=\"https:\/\/svetslik.si\/wp-content\/uploads\/2021\/09\/Vasilij-Kandinski-\u2013-With-the-Black-Arch-Mit-dem-Schwarzen-Bogen-slike-na-platnu-2.jpg\" class=\"attachment-full\" alt=\"Vasilij Kandinski - With the Black Arch (Mit dem Schwarzen Bogen)\" title=\"Vasilij Kandinski - With the Black Arch (Mit dem Schwarzen Bogen)\" srcset=\"https:\/\/svetslik.si\/wp-content\/uploads\/2021\/09\/Vasilij-Kandinski-\u2013-With-the-Black-Arch-Mit-dem-Schwarzen-Bogen-slike-na-platnu-2.jpg 1500w, https:\/\/svetslik.si\/wp-content\/uploads\/2021\/09\/Vasilij-Kandinski-\u2013-With-the-Black-Arch-Mit-dem-Schwarzen-Bogen-slike-na-platnu-2-600x600.jpg 600w, https:\/\/svetslik.si\/wp-content\/uploads\/2021\/09\/Vasilij-Kandinski-\u2013-With-the-Black-Arch-Mit-dem-Schwarzen-Bogen-slike-na-platnu-2-100x100.jpg 100w, https:\/\/svetslik.si\/wp-content\/uploads\/2021\/09\/Vasilij-Kandinski-\u2013-With-the-Black-Arch-Mit-dem-Schwarzen-Bogen-slike-na-platnu-2-1200x1200.jpg 1200w, https:\/\/svetslik.si\/wp-content\/uploads\/2021\/09\/Vasilij-Kandinski-\u2013-With-the-Black-Arch-Mit-dem-Schwarzen-Bogen-slike-na-platnu-2-300x300.jpg 300w, https:\/\/svetslik.si\/wp-content\/uploads\/2021\/09\/Vasilij-Kandinski-\u2013-With-the-Black-Arch-Mit-dem-Schwarzen-Bogen-slike-na-platnu-2-1024x1024.jpg 1024w, https:\/\/svetslik.si\/wp-content\/uploads\/2021\/09\/Vasilij-Kandinski-\u2013-With-the-Black-Arch-Mit-dem-Schwarzen-Bogen-slike-na-platnu-2-150x150.jpg 150w, https:\/\/svetslik.si\/wp-content\/uploads\/2021\/09\/Vasilij-Kandinski-\u2013-With-the-Black-Arch-Mit-dem-Schwarzen-Bogen-slike-na-platnu-2-768x768.jpg 768w\" sizes=\"(max-width: 1500px) 100vw, 1500px\" \/>\t\t\t\t<\/div>\n\t\t\t\t\t\t\t\t\t\t\t<\/div>\n\t<\/div>\n  [\/vc_column][\/vc_row][vc_row css=&#8221;.vc_custom_1742246511722{margin-bottom: 10px !important;}&#8221;][vc_column]\t<div class=\"et-image-408 et-image     et_image_link\">\n\t\t<div class=\"et-image-inner \">\n\t\t\t\t\t\t\t<div class=\"et-image-thumb \">\n\t\t\t\t\t<img decoding=\"async\" width=\"1500\" height=\"2379\" src=\"https:\/\/svetslik.si\/wp-content\/uploads\/2021\/09\/Vasilij-Kandinski-\u2013-With-the-Black-Arch-Mit-dem-Schwarzen-Bogen-slike-na-platnu-4.jpg\" class=\"attachment-full\" alt=\"Vasilij Kandinski - With the Black Arch (Mit dem Schwarzen Bogen)\" title=\"Vasilij Kandinski - With the Black Arch (Mit dem Schwarzen Bogen)\" srcset=\"https:\/\/svetslik.si\/wp-content\/uploads\/2021\/09\/Vasilij-Kandinski-\u2013-With-the-Black-Arch-Mit-dem-Schwarzen-Bogen-slike-na-platnu-4.jpg 1500w, https:\/\/svetslik.si\/wp-content\/uploads\/2021\/09\/Vasilij-Kandinski-\u2013-With-the-Black-Arch-Mit-dem-Schwarzen-Bogen-slike-na-platnu-4-600x952.jpg 600w, https:\/\/svetslik.si\/wp-content\/uploads\/2021\/09\/Vasilij-Kandinski-\u2013-With-the-Black-Arch-Mit-dem-Schwarzen-Bogen-slike-na-platnu-4-1200x1903.jpg 1200w, https:\/\/svetslik.si\/wp-content\/uploads\/2021\/09\/Vasilij-Kandinski-\u2013-With-the-Black-Arch-Mit-dem-Schwarzen-Bogen-slike-na-platnu-4-189x300.jpg 189w, https:\/\/svetslik.si\/wp-content\/uploads\/2021\/09\/Vasilij-Kandinski-\u2013-With-the-Black-Arch-Mit-dem-Schwarzen-Bogen-slike-na-platnu-4-646x1024.jpg 646w, https:\/\/svetslik.si\/wp-content\/uploads\/2021\/09\/Vasilij-Kandinski-\u2013-With-the-Black-Arch-Mit-dem-Schwarzen-Bogen-slike-na-platnu-4-768x1218.jpg 768w, https:\/\/svetslik.si\/wp-content\/uploads\/2021\/09\/Vasilij-Kandinski-\u2013-With-the-Black-Arch-Mit-dem-Schwarzen-Bogen-slike-na-platnu-4-968x1536.jpg 968w, https:\/\/svetslik.si\/wp-content\/uploads\/2021\/09\/Vasilij-Kandinski-\u2013-With-the-Black-Arch-Mit-dem-Schwarzen-Bogen-slike-na-platnu-4-1291x2048.jpg 1291w, https:\/\/svetslik.si\/wp-content\/uploads\/2021\/09\/Vasilij-Kandinski-\u2013-With-the-Black-Arch-Mit-dem-Schwarzen-Bogen-slike-na-platnu-4-95x150.jpg 95w\" sizes=\"(max-width: 1500px) 100vw, 1500px\" \/>\t\t\t\t<\/div>\n\t\t\t\t\t\t\t\t\t\t\t<\/div>\n\t<\/div>\n  [\/vc_column][\/vc_row][vc_row css=&#8221;.vc_custom_1742246511722{margin-bottom: 10px !important;}&#8221;][vc_column]\t<div class=\"et-image-603 et-image     et_image_link\">\n\t\t<div class=\"et-image-inner \">\n\t\t\t\t\t\t\t<div class=\"et-image-thumb \">\n\t\t\t\t\t<img decoding=\"async\" width=\"1500\" height=\"2035\" src=\"https:\/\/svetslik.si\/wp-content\/uploads\/2021\/09\/Vasilij-Kandinski-\u2013-With-the-Black-Arch-Mit-dem-Schwarzen-Bogen-slike-na-platnu-3.jpg\" class=\"attachment-full\" alt=\"Vasilij Kandinski - With the Black Arch (Mit dem Schwarzen Bogen)\" title=\"Vasilij Kandinski - With the Black Arch (Mit dem Schwarzen Bogen)\" srcset=\"https:\/\/svetslik.si\/wp-content\/uploads\/2021\/09\/Vasilij-Kandinski-\u2013-With-the-Black-Arch-Mit-dem-Schwarzen-Bogen-slike-na-platnu-3.jpg 1500w, https:\/\/svetslik.si\/wp-content\/uploads\/2021\/09\/Vasilij-Kandinski-\u2013-With-the-Black-Arch-Mit-dem-Schwarzen-Bogen-slike-na-platnu-3-600x814.jpg 600w, https:\/\/svetslik.si\/wp-content\/uploads\/2021\/09\/Vasilij-Kandinski-\u2013-With-the-Black-Arch-Mit-dem-Schwarzen-Bogen-slike-na-platnu-3-1200x1628.jpg 1200w, https:\/\/svetslik.si\/wp-content\/uploads\/2021\/09\/Vasilij-Kandinski-\u2013-With-the-Black-Arch-Mit-dem-Schwarzen-Bogen-slike-na-platnu-3-221x300.jpg 221w, https:\/\/svetslik.si\/wp-content\/uploads\/2021\/09\/Vasilij-Kandinski-\u2013-With-the-Black-Arch-Mit-dem-Schwarzen-Bogen-slike-na-platnu-3-755x1024.jpg 755w, https:\/\/svetslik.si\/wp-content\/uploads\/2021\/09\/Vasilij-Kandinski-\u2013-With-the-Black-Arch-Mit-dem-Schwarzen-Bogen-slike-na-platnu-3-768x1042.jpg 768w, https:\/\/svetslik.si\/wp-content\/uploads\/2021\/09\/Vasilij-Kandinski-\u2013-With-the-Black-Arch-Mit-dem-Schwarzen-Bogen-slike-na-platnu-3-1132x1536.jpg 1132w, https:\/\/svetslik.si\/wp-content\/uploads\/2021\/09\/Vasilij-Kandinski-\u2013-With-the-Black-Arch-Mit-dem-Schwarzen-Bogen-slike-na-platnu-3-111x150.jpg 111w\" sizes=\"(max-width: 1500px) 100vw, 1500px\" \/>\t\t\t\t<\/div>\n\t\t\t\t\t\t\t\t\t\t\t<\/div>\n\t<\/div>\n  [\/vc_column][\/vc_row][vc_row css=&#8221;.vc_custom_1742246511722{margin-bottom: 10px !important;}&#8221;][vc_column]\t<div class=\"et-image-796 et-image     et_image_link\">\n\t\t<div class=\"et-image-inner \">\n\t\t\t\t\t\t\t<div class=\"et-image-thumb \">\n\t\t\t\t\t<img decoding=\"async\" width=\"1500\" height=\"1125\" src=\"https:\/\/svetslik.si\/wp-content\/uploads\/2021\/09\/Vasilij-Kandinski-\u2013-With-the-Black-Arch-Mit-dem-Schwarzen-Bogen-slike-na-platnu.jpg\" class=\"attachment-full\" alt=\"Vasilij Kandinski - With the Black Arch (Mit dem Schwarzen Bogen)\" title=\"Vasilij Kandinski - With the Black Arch (Mit dem Schwarzen Bogen)\" srcset=\"https:\/\/svetslik.si\/wp-content\/uploads\/2021\/09\/Vasilij-Kandinski-\u2013-With-the-Black-Arch-Mit-dem-Schwarzen-Bogen-slike-na-platnu.jpg 1500w, https:\/\/svetslik.si\/wp-content\/uploads\/2021\/09\/Vasilij-Kandinski-\u2013-With-the-Black-Arch-Mit-dem-Schwarzen-Bogen-slike-na-platnu-600x450.jpg 600w, https:\/\/svetslik.si\/wp-content\/uploads\/2021\/09\/Vasilij-Kandinski-\u2013-With-the-Black-Arch-Mit-dem-Schwarzen-Bogen-slike-na-platnu-1200x900.jpg 1200w, https:\/\/svetslik.si\/wp-content\/uploads\/2021\/09\/Vasilij-Kandinski-\u2013-With-the-Black-Arch-Mit-dem-Schwarzen-Bogen-slike-na-platnu-300x225.jpg 300w, https:\/\/svetslik.si\/wp-content\/uploads\/2021\/09\/Vasilij-Kandinski-\u2013-With-the-Black-Arch-Mit-dem-Schwarzen-Bogen-slike-na-platnu-1024x768.jpg 1024w, https:\/\/svetslik.si\/wp-content\/uploads\/2021\/09\/Vasilij-Kandinski-\u2013-With-the-Black-Arch-Mit-dem-Schwarzen-Bogen-slike-na-platnu-768x576.jpg 768w, https:\/\/svetslik.si\/wp-content\/uploads\/2021\/09\/Vasilij-Kandinski-\u2013-With-the-Black-Arch-Mit-dem-Schwarzen-Bogen-slike-na-platnu-150x113.jpg 150w\" sizes=\"(max-width: 1500px) 100vw, 1500px\" \/>\t\t\t\t<\/div>\n\t\t\t\t\t\t\t\t\t\t\t<\/div>\n\t<\/div>\n  [\/vc_column][\/vc_row][vc_row][vc_column][vc_column_text]\n<h1>Wassily Kandinsky &#8211; Con l&#8217;arco nero (Mit dem Schwarzen Bogen)<\/h1>\n<p>&nbsp;<\/p>\n<table border=\"0\" width=\"673\" cellspacing=\"0\" cellpadding=\"0\">\n<tbody>\n<tr>\n<td height=\"21\">Anno di creazione:<\/td>\n<td style=\"width: 493px;\">1912<\/td>\n<\/tr>\n<tr>\n<td height=\"21\">Dimensione originale:<\/td>\n<td style=\"width: 493px;\">196 cm x 188 cm<\/td>\n<\/tr>\n<tr>\n<td height=\"21\">Stile colore:<\/td>\n<td style=\"width: 493px;\">Arte astratta<\/td>\n<\/tr>\n<tr>\n<td height=\"21\">Tecnica originale:<\/td>\n<td>Olio su tela<\/td>\n<\/tr>\n<tr>\n<td height=\"21\">Situato:<\/td>\n<td>Museo Nazionale d&#8217;Arte Moderna di Parigi<\/td>\n<\/tr>\n<\/tbody>\n<colgroup>\n<col \/>\n<col \/> <\/colgroup>\n<\/table>\n<p>&nbsp;<\/p>\n<p>Wassily Kandinsky \u00e8 stato uno degli artisti pi\u00f9 influenti del XX secolo, noto per il suo lavoro pionieristico nel campo dell&#8217;arte astratta. Uno dei suoi dipinti pi\u00f9 famosi \u00e8 &#8220;With the Black Bow&#8221; (Mit dem Schwarzen Bogen), creato nel 1913. Questo dipinto \u00e8 un eccellente esempio dell&#8217;esplorazione di forma, colore e movimento di Kandinsky nella sua arte.<\/p>\n<p>Il dipinto \u00e8 costituito da linee audaci e tese e forme dinamiche che sembrano danzare sulla tela. L&#8217;arco nero al centro dell&#8217;immagine \u00e8 un forte punto focale che solidifica la composizione. L&#8217;arco \u00e8 circondato da vorticose forme astratte che creano un senso di movimento ed energia.<\/p>\n<p>L&#8217;uso dei colori da parte di Kandinsky \u00e8 evidente anche in questo dipinto. Il fiocco nero \u00e8 in netto contrasto con i colori vivaci e audaci che lo circondano. Le tonalit\u00e0 di arancione, giallo e blu utilizzate nell&#8217;immagine migliorano ulteriormente il senso di movimento e di energia.<\/p>\n<p>Questo dipinto \u00e8 considerato una delle opere pi\u00f9 importanti di Kandinsky ed \u00e8 considerato un capolavoro dell&#8217;arte astratta. Attualmente \u00e8 in mostra alla St\u00e4dtische Galerie im Lenbachhaus di Monaco, in Germania.<\/p>\n<p>Quando stai cercando un&#8217;immagine da aggiungere alla tua collezione, &#8220;With a Black Bow&#8221; \u00e8 un&#8217;ottima scelta. \u00c8 un dipinto visivamente sorprendente e potente che porter\u00e0 un senso di movimento ed energia in ogni stanza. Inoltre, si tratta di un&#8217;opera che sar\u00e0 apprezzata e studiata negli anni a venire, rendendola una preziosa aggiunta a qualsiasi collezione d&#8217;arte.<\/p>\n<p>Nel complesso, il dipinto &#8220;Con l&#8217;arco nero&#8221; \u00e8 un must per chiunque sia interessato all&#8217;opera di Vasilij Kandinskij o alla storia dell&#8217;arte astratta. \u00c8 un&#8217;immagine potente e visivamente sbalorditiva che continua a ispirare ed entusiasmare il pubblico oggi.<\/p>\n<\/div>","protected":false},"excerpt":{"rendered":"<p>[vc_row css=&#8221;.vc_custom_1742246511722{margin-bottom: 10px !important;}&#8221;][vc_column][\/vc_column][\/vc_row][vc_row css=&#8221;.vc_custom_1742246511722{margin-bottom: 10px !important;}&#8221;][vc_column][\/vc_column][\/vc_row][vc_row css=&#8221;.vc_custom_1742246511722{margin-bottom: 10px !important;}&#8221;][vc_column][\/vc_column][\/vc_row][vc_row css=&#8221;.vc_custom_1742246511722{margin-bottom: 10px !important;}&#8221;][vc_column][\/vc_column][\/vc_row][vc_row][vc_column][vc_column_text] Wassily Kandinsky &#8211; Con l&#8217;arco nero (Mit dem Schwarzen Bogen) &nbsp; Anno di creazione: 1912 Dimensione originale: 196 cm x 188 cm Stile colore: Arte astratta Tecnica originale: Olio su tela Situato: Museo Nazionale d&#8217;Arte Moderna di [&hellip;]<\/p>\n","protected":false},"featured_media":34821,"template":"","meta":{"_acf_changed":false},"product_brand":[],"product_cat":[4188],"product_tag":[4222,4223,4245,4246,4253],"class_list":{"0":"post-39372","1":"product","2":"type-product","3":"status-publish","4":"has-post-thumbnail","6":"product_cat-vasilij-kandinski","7":"product_tag-kandinski-it","8":"product_tag-kandinsky-it","9":"product_tag-riproduzione","10":"product_tag-riproduzione-it","11":"product_tag-un-pittore","12":"pa_dimenzija-100-x-100-cm","13":"pa_dimenzija-120-x-120-cm","14":"pa_dimenzija-140-x-130-cm","15":"pa_dimenzija-160-x-150-cm","16":"pa_dimenzija-180-x-170-cm","17":"pa_dimenzija-196-x-188-cm","18":"pa_dimenzija-60-x-60-cm","19":"pa_dimenzija-80-x-80-cm","20":"pa_oblika-quadrata","21":"pa_okvir-sensa-cornice","22":"pa_podokvir-no","23":"pa_podokvir-si","25":"first","26":"onbackorder","27":"purchasable","28":"product-type-variable","29":"has-default-attributes"},"acf":[],"yoast_head":"<!-- This site is optimized with the Yoast SEO Premium plugin v26.0 (Yoast SEO v27.2) - https:\/\/yoast.com\/product\/yoast-seo-premium-wordpress\/ -->\n<title>Vasilij Kandinski - With the Black Arch (Mit dem Schwarzen Bogen) - SVETSLIK.SI - Dipinti a mano al 100%<\/title>\n<meta name=\"description\" content=\"Vasilij Kandinski - With the Black Arch (Mit dem Schwarzen Bogen) - Riproduzioni di quadri d&#039;arte dipinte a mano al 100% su tela. Cornici per quadri, vendita e produzione di dimensioni su ordinazione.\" \/>\n<meta name=\"robots\" content=\"index, follow, max-snippet:-1, max-image-preview:large, max-video-preview:-1\" \/>\n<link rel=\"canonical\" href=\"https:\/\/svetslik.si\/it\/vasilij-kandinski\/with-the-black-arch-mit-dem-schwarzen-bogen\/\" \/>\n<meta property=\"og:locale\" content=\"it_IT\" \/>\n<meta property=\"og:type\" content=\"article\" \/>\n<meta property=\"og:title\" content=\"Vasilij Kandinski - With the Black Arch (Mit dem Schwarzen Bogen)\" \/>\n<meta property=\"og:description\" content=\"100% ro\u010dno naslikane slike na platnu, reprodukcije znanih slikarjev in umetni\u0161ke slike po naro\u010dilu.\" \/>\n<meta property=\"og:url\" content=\"https:\/\/svetslik.si\/it\/vasilij-kandinski\/with-the-black-arch-mit-dem-schwarzen-bogen\/\" \/>\n<meta property=\"og:site_name\" content=\"SVETSLIK.SI\" \/>\n<meta property=\"article:publisher\" content=\"https:\/\/www.facebook.com\/svetslik.si\" \/>\n<meta property=\"article:modified_time\" content=\"2026-03-22T20:31:43+00:00\" \/>\n<meta property=\"og:image\" content=\"https:\/\/svetslik.si\/wp-content\/uploads\/2021\/08\/image_With-the-Black-Arch-Mit-dem-Schwarzen-Bogen_680.jpg\" \/>\n\t<meta property=\"og:image:width\" content=\"1072\" \/>\n\t<meta property=\"og:image:height\" content=\"1024\" \/>\n\t<meta property=\"og:image:type\" content=\"image\/jpeg\" \/>\n<meta name=\"twitter:card\" content=\"summary_large_image\" \/>\n<meta name=\"twitter:site\" content=\"@svetslik\" \/>\n<meta name=\"twitter:label1\" content=\"Disponibilit\u00e0\" \/>\n\t<meta name=\"twitter:data1\" content=\"Su ordinazione\" \/>\n<script type=\"application\/ld+json\" class=\"yoast-schema-graph\">{\"@context\":\"https:\/\/schema.org\",\"@graph\":[{\"@type\":[\"WebPage\",\"ItemPage\"],\"@id\":\"https:\/\/svetslik.si\/it\/vasilij-kandinski\/with-the-black-arch-mit-dem-schwarzen-bogen\/\",\"url\":\"https:\/\/svetslik.si\/it\/vasilij-kandinski\/with-the-black-arch-mit-dem-schwarzen-bogen\/\",\"name\":\"Vasilij Kandinski - With the Black Arch (Mit dem Schwarzen Bogen) - SVETSLIK.SI - Dipinti a mano al 100%\",\"isPartOf\":{\"@id\":\"https:\/\/svetslik.si\/it\/#website\"},\"primaryImageOfPage\":{\"@id\":\"https:\/\/svetslik.si\/it\/vasilij-kandinski\/with-the-black-arch-mit-dem-schwarzen-bogen\/#primaryimage\"},\"image\":{\"@id\":\"https:\/\/svetslik.si\/it\/vasilij-kandinski\/with-the-black-arch-mit-dem-schwarzen-bogen\/#primaryimage\"},\"thumbnailUrl\":\"https:\/\/svetslik.si\/wp-content\/uploads\/2021\/08\/image_With-the-Black-Arch-Mit-dem-Schwarzen-Bogen_680.jpg\",\"datePublished\":\"2021-09-02T15:57:09+00:00\",\"dateModified\":\"2026-03-22T20:31:43+00:00\",\"description\":\"Vasilij Kandinski - With the Black Arch (Mit dem Schwarzen Bogen) - Riproduzioni di quadri d'arte dipinte a mano al 100% su tela. Cornici per quadri, vendita e produzione di dimensioni su ordinazione.\",\"breadcrumb\":{\"@id\":\"https:\/\/svetslik.si\/it\/vasilij-kandinski\/with-the-black-arch-mit-dem-schwarzen-bogen\/#breadcrumb\"},\"inLanguage\":\"it-IT\",\"potentialAction\":[{\"@type\":\"ReadAction\",\"target\":[\"https:\/\/svetslik.si\/it\/vasilij-kandinski\/with-the-black-arch-mit-dem-schwarzen-bogen\/\"]}]},{\"@type\":\"ImageObject\",\"inLanguage\":\"it-IT\",\"@id\":\"https:\/\/svetslik.si\/it\/vasilij-kandinski\/with-the-black-arch-mit-dem-schwarzen-bogen\/#primaryimage\",\"url\":\"https:\/\/svetslik.si\/wp-content\/uploads\/2021\/08\/image_With-the-Black-Arch-Mit-dem-Schwarzen-Bogen_680.jpg\",\"contentUrl\":\"https:\/\/svetslik.si\/wp-content\/uploads\/2021\/08\/image_With-the-Black-Arch-Mit-dem-Schwarzen-Bogen_680.jpg\",\"width\":1072,\"height\":1024,\"caption\":\"Vasilij Kandinskij - Con l'arco nero (Mit dem Schwarzen Bogen) - Quadri riproduzioni, dipinti murali dipinti a mano, olio su tela, quadri ad olio, quadri d'arte, quadri moderni per parete, quadri ambientali, quadri astratti, quadri decorativi\"},{\"@type\":\"BreadcrumbList\",\"@id\":\"https:\/\/svetslik.si\/it\/vasilij-kandinski\/with-the-black-arch-mit-dem-schwarzen-bogen\/#breadcrumb\",\"itemListElement\":[{\"@type\":\"ListItem\",\"position\":1,\"name\":\"Fali m\u0171v\u00e9szet \u00e9s festm\u00e9nyek v\u00e1szonra\",\"item\":\"https:\/\/svetslik.si\/it\/\"},{\"@type\":\"ListItem\",\"position\":2,\"name\":\"Vendita di dipinti\",\"item\":\"https:\/\/svetslik.si\/prodaja-slik\/\"},{\"@type\":\"ListItem\",\"position\":3,\"name\":\"Vasilij Kandinski &#8211; With the Black Arch (Mit dem Schwarzen Bogen)\"}]},{\"@type\":\"WebSite\",\"@id\":\"https:\/\/svetslik.si\/it\/#website\",\"url\":\"https:\/\/svetslik.si\/it\/\",\"name\":\"SVETSLIK.SI\",\"description\":\"100% riproduzioni dipinte a mano di quadri di pittori famosi e dipinti su tela.\",\"publisher\":{\"@id\":\"https:\/\/svetslik.si\/it\/#organization\"},\"potentialAction\":[{\"@type\":\"SearchAction\",\"target\":{\"@type\":\"EntryPoint\",\"urlTemplate\":\"https:\/\/svetslik.si\/it\/?s={search_term_string}\"},\"query-input\":{\"@type\":\"PropertyValueSpecification\",\"valueRequired\":true,\"valueName\":\"search_term_string\"}}],\"inLanguage\":\"it-IT\"},{\"@type\":\"Organization\",\"@id\":\"https:\/\/svetslik.si\/it\/#organization\",\"name\":\"SvetSlik.si\",\"url\":\"https:\/\/svetslik.si\/it\/\",\"logo\":{\"@type\":\"ImageObject\",\"inLanguage\":\"it-IT\",\"@id\":\"https:\/\/svetslik.si\/it\/#\/schema\/logo\/image\/\",\"url\":\"https:\/\/svetslik.si\/wp-content\/uploads\/2020\/12\/logo-512.png\",\"contentUrl\":\"https:\/\/svetslik.si\/wp-content\/uploads\/2020\/12\/logo-512.png\",\"width\":512,\"height\":512,\"caption\":\"SvetSlik.si\"},\"image\":{\"@id\":\"https:\/\/svetslik.si\/it\/#\/schema\/logo\/image\/\"},\"sameAs\":[\"https:\/\/www.facebook.com\/svetslik.si\",\"https:\/\/x.com\/svetslik\",\"https:\/\/www.instagram.com\/svetslik.si\/\",\"https:\/\/www.linkedin.com\/company\/svetslik-si\"]}]}<\/script>\n<meta property=\"og:availability\" content=\"backorder\" \/>\n<meta property=\"product:availability\" content=\"available for order\" \/>\n<meta property=\"product:retailer_item_id\" content=\"317__\" \/>\n<meta property=\"product:condition\" content=\"new\" \/>\n<!-- \/ Yoast SEO Premium plugin. -->","yoast_head_json":{"title":"Vasilij Kandinski - With the Black Arch (Mit dem Schwarzen Bogen) - SVETSLIK.SI - Dipinti a mano al 100%","description":"Vasilij Kandinski - With the Black Arch (Mit dem Schwarzen Bogen) - Riproduzioni di quadri d'arte dipinte a mano al 100% su tela. Cornici per quadri, vendita e produzione di dimensioni su ordinazione.","robots":{"index":"index","follow":"follow","max-snippet":"max-snippet:-1","max-image-preview":"max-image-preview:large","max-video-preview":"max-video-preview:-1"},"canonical":"https:\/\/svetslik.si\/it\/vasilij-kandinski\/with-the-black-arch-mit-dem-schwarzen-bogen\/","og_locale":"it_IT","og_type":"article","og_title":"Vasilij Kandinski - With the Black Arch (Mit dem Schwarzen Bogen)","og_description":"100% ro\u010dno naslikane slike na platnu, reprodukcije znanih slikarjev in umetni\u0161ke slike po naro\u010dilu.","og_url":"https:\/\/svetslik.si\/it\/vasilij-kandinski\/with-the-black-arch-mit-dem-schwarzen-bogen\/","og_site_name":"SVETSLIK.SI","article_publisher":"https:\/\/www.facebook.com\/svetslik.si","article_modified_time":"2026-03-22T20:31:43+00:00","og_image":[{"width":1072,"height":1024,"url":"https:\/\/svetslik.si\/wp-content\/uploads\/2021\/08\/image_With-the-Black-Arch-Mit-dem-Schwarzen-Bogen_680.jpg","type":"image\/jpeg"}],"twitter_card":"summary_large_image","twitter_site":"@svetslik","twitter_misc":{"Disponibilit\u00e0":"Su ordinazione"},"schema":{"@context":"https:\/\/schema.org","@graph":[{"@type":["WebPage","ItemPage"],"@id":"https:\/\/svetslik.si\/it\/vasilij-kandinski\/with-the-black-arch-mit-dem-schwarzen-bogen\/","url":"https:\/\/svetslik.si\/it\/vasilij-kandinski\/with-the-black-arch-mit-dem-schwarzen-bogen\/","name":"Vasilij Kandinski - With the Black Arch (Mit dem Schwarzen Bogen) - SVETSLIK.SI - Dipinti a mano al 100%","isPartOf":{"@id":"https:\/\/svetslik.si\/it\/#website"},"primaryImageOfPage":{"@id":"https:\/\/svetslik.si\/it\/vasilij-kandinski\/with-the-black-arch-mit-dem-schwarzen-bogen\/#primaryimage"},"image":{"@id":"https:\/\/svetslik.si\/it\/vasilij-kandinski\/with-the-black-arch-mit-dem-schwarzen-bogen\/#primaryimage"},"thumbnailUrl":"https:\/\/svetslik.si\/wp-content\/uploads\/2021\/08\/image_With-the-Black-Arch-Mit-dem-Schwarzen-Bogen_680.jpg","datePublished":"2021-09-02T15:57:09+00:00","dateModified":"2026-03-22T20:31:43+00:00","description":"Vasilij Kandinski - With the Black Arch (Mit dem Schwarzen Bogen) - Riproduzioni di quadri d'arte dipinte a mano al 100% su tela. Cornici per quadri, vendita e produzione di dimensioni su ordinazione.","breadcrumb":{"@id":"https:\/\/svetslik.si\/it\/vasilij-kandinski\/with-the-black-arch-mit-dem-schwarzen-bogen\/#breadcrumb"},"inLanguage":"it-IT","potentialAction":[{"@type":"ReadAction","target":["https:\/\/svetslik.si\/it\/vasilij-kandinski\/with-the-black-arch-mit-dem-schwarzen-bogen\/"]}]},{"@type":"ImageObject","inLanguage":"it-IT","@id":"https:\/\/svetslik.si\/it\/vasilij-kandinski\/with-the-black-arch-mit-dem-schwarzen-bogen\/#primaryimage","url":"https:\/\/svetslik.si\/wp-content\/uploads\/2021\/08\/image_With-the-Black-Arch-Mit-dem-Schwarzen-Bogen_680.jpg","contentUrl":"https:\/\/svetslik.si\/wp-content\/uploads\/2021\/08\/image_With-the-Black-Arch-Mit-dem-Schwarzen-Bogen_680.jpg","width":1072,"height":1024,"caption":"Vasilij Kandinskij - Con l'arco nero (Mit dem Schwarzen Bogen) - Quadri riproduzioni, dipinti murali dipinti a mano, olio su tela, quadri ad olio, quadri d'arte, quadri moderni per parete, quadri ambientali, quadri astratti, quadri decorativi"},{"@type":"BreadcrumbList","@id":"https:\/\/svetslik.si\/it\/vasilij-kandinski\/with-the-black-arch-mit-dem-schwarzen-bogen\/#breadcrumb","itemListElement":[{"@type":"ListItem","position":1,"name":"Fali m\u0171v\u00e9szet \u00e9s festm\u00e9nyek v\u00e1szonra","item":"https:\/\/svetslik.si\/it\/"},{"@type":"ListItem","position":2,"name":"Vendita di dipinti","item":"https:\/\/svetslik.si\/prodaja-slik\/"},{"@type":"ListItem","position":3,"name":"Vasilij Kandinski &#8211; With the Black Arch (Mit dem Schwarzen Bogen)"}]},{"@type":"WebSite","@id":"https:\/\/svetslik.si\/it\/#website","url":"https:\/\/svetslik.si\/it\/","name":"SVETSLIK.SI","description":"100% riproduzioni dipinte a mano di quadri di pittori famosi e dipinti su tela.","publisher":{"@id":"https:\/\/svetslik.si\/it\/#organization"},"potentialAction":[{"@type":"SearchAction","target":{"@type":"EntryPoint","urlTemplate":"https:\/\/svetslik.si\/it\/?s={search_term_string}"},"query-input":{"@type":"PropertyValueSpecification","valueRequired":true,"valueName":"search_term_string"}}],"inLanguage":"it-IT"},{"@type":"Organization","@id":"https:\/\/svetslik.si\/it\/#organization","name":"SvetSlik.si","url":"https:\/\/svetslik.si\/it\/","logo":{"@type":"ImageObject","inLanguage":"it-IT","@id":"https:\/\/svetslik.si\/it\/#\/schema\/logo\/image\/","url":"https:\/\/svetslik.si\/wp-content\/uploads\/2020\/12\/logo-512.png","contentUrl":"https:\/\/svetslik.si\/wp-content\/uploads\/2020\/12\/logo-512.png","width":512,"height":512,"caption":"SvetSlik.si"},"image":{"@id":"https:\/\/svetslik.si\/it\/#\/schema\/logo\/image\/"},"sameAs":["https:\/\/www.facebook.com\/svetslik.si","https:\/\/x.com\/svetslik","https:\/\/www.instagram.com\/svetslik.si\/","https:\/\/www.linkedin.com\/company\/svetslik-si"]}]},"og_availability":"backorder","product_availability":"available for order","product_retailer_item_id":"317__","product_condition":"new"},"jetpack_sharing_enabled":true,"_links":{"self":[{"href":"https:\/\/svetslik.si\/it\/wp-json\/wp\/v2\/product\/39372","targetHints":{"allow":["GET"]}}],"collection":[{"href":"https:\/\/svetslik.si\/it\/wp-json\/wp\/v2\/product"}],"about":[{"href":"https:\/\/svetslik.si\/it\/wp-json\/wp\/v2\/types\/product"}],"wp:featuredmedia":[{"embeddable":true,"href":"https:\/\/svetslik.si\/it\/wp-json\/wp\/v2\/media\/34821"}],"wp:attachment":[{"href":"https:\/\/svetslik.si\/it\/wp-json\/wp\/v2\/media?parent=39372"}],"wp:term":[{"taxonomy":"product_brand","embeddable":true,"href":"https:\/\/svetslik.si\/it\/wp-json\/wp\/v2\/product_brand?post=39372"},{"taxonomy":"product_cat","embeddable":true,"href":"https:\/\/svetslik.si\/it\/wp-json\/wp\/v2\/product_cat?post=39372"},{"taxonomy":"product_tag","embeddable":true,"href":"https:\/\/svetslik.si\/it\/wp-json\/wp\/v2\/product_tag?post=39372"}],"curies":[{"name":"wp","href":"https:\/\/api.w.org\/{rel}","templated":true}]}}