{"id":39381,"date":"2021-09-02T17:57:21","date_gmt":"2021-09-02T15:57:21","guid":{"rendered":"https:\/\/svetslik.si\/senza-categoria\/painting-with-white-border-moscow-bild-mit-weisem-rand-moskau\/"},"modified":"2026-03-22T21:31:43","modified_gmt":"2026-03-22T20:31:43","slug":"painting-with-white-border-moscow-bild-mit-weisem-rand-moskau","status":"publish","type":"product","link":"https:\/\/svetslik.si\/it\/vasilij-kandinski\/painting-with-white-border-moscow-bild-mit-weisem-rand-moskau\/","title":{"rendered":"Vasilij Kandinski &#8211; Painting with White Border (Moscow) (Bild mit wei\u00dfem Rand [Moskau])"},"content":{"rendered":"<h1>Vasily Kandinsky &#8211; Dipinto con bordo bianco (Mosca) (Bild mit whitem Rand [Moskau])<\/h1>\n<p>&nbsp;<\/p>\n<table border=\"0\" width=\"673\" cellspacing=\"0\" cellpadding=\"0\">\n<tr>\n<td height=\"21\">Anno di creazione:<\/td>\n<td style=\"width: 493px\">1913<\/td>\n<\/tr>\n<tr>\n<td height=\"21\">Dimensione originale:<\/td>\n<td style=\"width: 493px\">200,3 cm x 140,3 cm<\/td>\n<\/tr>\n<tr>\n<td height=\"21\">Stile colore:<\/td>\n<td style=\"width: 493px\">Arte astratta<\/td>\n<\/tr>\n<tr>\n<td height=\"21\">Tecnica originale:<\/td>\n<td>Olio su tela<\/td>\n<\/tr>\n<tr>\n<td height=\"21\">Situato:<\/td>\n<td>Museo Guggenheim, New York<\/td>\n<\/tr>\n<\/tbody>\n<colgroup>\n<col \/>\n<col \/> <\/colgroup>\n<\/table>\n<p>&nbsp;<\/p>\n<p>Wassily Kandinsky \u00e8 considerato una delle figure pi\u00f9 importanti nello sviluppo dell&#8217;arte astratta. Una delle sue opere pi\u00f9 importanti \u00e8 &#8220;Picture with a White Edge (Mosca) (Bild mit weiwei Rand [Moskau])&#8221;, che \u00e8 attualmente nella collezione della Galleria Statale Tretyakov di Mosca.<\/p>\n<p>Questo dipinto \u00e8 un eccellente esempio dello stile maturo di astrazione di Kandinsky, caratterizzato da composizioni audaci e dinamiche. Il dipinto \u00e8 composto prevalentemente da sfumature bianche, grigie e nere, con un sorprendente bordo bianco che incornicia l&#8217;opera. L&#8217;uso del bianco in questo dipinto \u00e8 particolarmente sorprendente, in quanto contrasta ed enfatizza gli altri colori.<\/p>\n<p>L&#8217;uso dei colori da parte di Kandinsky \u00e8 evidente anche in questo dipinto. Credeva che il colore avesse il potere di evocare emozioni e sentimenti nello spettatore, e in questo dipinto l&#8217;uso di sfumature scure e chiare crea un senso di movimento e tensione. Ci\u00f2 \u00e8 ulteriormente enfatizzato dall&#8217;uso di forme e forme geometriche che conferiscono all&#8217;opera un senso di energia dinamica.<\/p>\n<p>Questo dipinto \u00e8 un potente esempio della capacit\u00e0 di Kandinsky di creare composizioni astratte che evocano un senso di movimento ed emozione. Il dipinto \u00e8 un must per chiunque sia interessato allo sviluppo dell&#8217;arte astratta e al lavoro di questo artista pionieristico. Questo \u00e8 il pezzo perfetto per ogni amante dell&#8217;arte che cerca un dipinto astratto per la propria collezione, cos\u00ec come per coloro che vogliono rendere il proprio soggiorno pi\u00f9 interessante e moderno.<\/p>\n<p>Tutto sommato, &#8220;The Picture with a White Edge (Mosca) (Bild mit wieim Rand [Moskau])&#8221; \u00e8 un&#8217;importante opera d&#8217;arte che continua ad affascinare il pubblico oggi con la sua composizione audace e il forte uso del colore. \u00c8 un&#8217;ottima scelta per chiunque desideri aggiungere un&#8217;opera d&#8217;arte astratta sorprendente e stimolante alla propria casa.<\/p>\n","protected":false},"excerpt":{"rendered":"<p>Vasily Kandinsky &#8211; Dipinto con bordo bianco (Mosca) (Bild mit whitem Rand [Moskau]) &nbsp; Anno di creazione: 1913 Dimensione originale: 200,3 cm x 140,3 cm Stile colore: Arte astratta Tecnica originale: Olio su tela Situato: Museo Guggenheim, New York &nbsp; Wassily Kandinsky \u00e8 considerato una delle figure pi\u00f9 importanti nello [&hellip;]<\/p>\n","protected":false},"featured_media":35450,"template":"","meta":{"_acf_changed":false},"product_brand":[],"product_cat":[4188],"product_tag":[4222,4223,4246,4245,4253],"class_list":{"0":"post-39381","1":"product","2":"type-product","3":"status-publish","4":"has-post-thumbnail","6":"product_cat-vasilij-kandinski","7":"product_tag-kandinski-it","8":"product_tag-kandinsky-it","9":"product_tag-riproduzione-it","10":"product_tag-riproduzione","11":"product_tag-un-pittore","12":"pa_dimenzija-100-x-70-cm-it","13":"pa_dimenzija-120-x-80-cm-it","14":"pa_dimenzija-140-x-100-cm-it","15":"pa_dimenzija-160-x-110-cm-it","16":"pa_dimenzija-180-x-130-cm-it","17":"pa_dimenzija-200-x-140-cm-it","18":"pa_dimenzija-70-x-50-cm-it","19":"pa_dimenzija-90-x-60-cm-it","20":"pa_oblika-orizzontale","21":"pa_okvir-sensa-cornice","22":"pa_podokvir-no","23":"pa_podokvir-si","25":"first","26":"onbackorder","27":"purchasable","28":"product-type-variable","29":"has-default-attributes"},"acf":[],"yoast_head":"<!-- This site is optimized with the Yoast SEO Premium plugin v26.0 (Yoast SEO v27.2) - https:\/\/yoast.com\/product\/yoast-seo-premium-wordpress\/ -->\n<title>Vasilij Kandinski - Painting with White Border (Moscow) (Bild mit wei\u00dfem Rand [Moskau]) - SVETSLIK.SI - Dipinti a mano al 100%<\/title>\n<meta name=\"description\" content=\"Vasilij Kandinski - Painting with White Border (Moscow) (Bild mit wei\u00dfem Rand [Moskau]) - Riproduzioni di quadri d&#039;arte dipinte a mano al 100% su tela. Cornici per quadri, vendita e produzione di dimensioni su ordinazione.\" \/>\n<meta name=\"robots\" content=\"index, follow, max-snippet:-1, max-image-preview:large, max-video-preview:-1\" \/>\n<link rel=\"canonical\" href=\"https:\/\/svetslik.si\/it\/vasilij-kandinski\/painting-with-white-border-moscow-bild-mit-weisem-rand-moskau\/\" \/>\n<meta property=\"og:locale\" content=\"it_IT\" \/>\n<meta property=\"og:type\" content=\"article\" \/>\n<meta property=\"og:title\" content=\"Vasilij Kandinski - Painting with White Border (Moscow) (Bild mit wei\u00dfem Rand [Moskau])\" \/>\n<meta property=\"og:description\" content=\"100% ro\u010dno naslikane slike na platnu, reprodukcije znanih slikarjev in umetni\u0161ke slike po naro\u010dilu.\" \/>\n<meta property=\"og:url\" content=\"https:\/\/svetslik.si\/it\/vasilij-kandinski\/painting-with-white-border-moscow-bild-mit-weisem-rand-moskau\/\" \/>\n<meta property=\"og:site_name\" content=\"SVETSLIK.SI\" \/>\n<meta property=\"article:publisher\" content=\"https:\/\/www.facebook.com\/svetslik.si\" \/>\n<meta property=\"article:modified_time\" content=\"2026-03-22T20:31:43+00:00\" \/>\n<meta property=\"og:image\" content=\"https:\/\/svetslik.si\/wp-content\/uploads\/2021\/08\/image_Painting-with-White-Border-Moscow-Bild-mit-weiem-Rand-Moskau_680.jpg\" \/>\n\t<meta property=\"og:image:width\" content=\"1800\" \/>\n\t<meta property=\"og:image:height\" content=\"1265\" \/>\n\t<meta property=\"og:image:type\" content=\"image\/jpeg\" \/>\n<meta name=\"twitter:card\" content=\"summary_large_image\" \/>\n<meta name=\"twitter:site\" content=\"@svetslik\" \/>\n<meta name=\"twitter:label1\" content=\"Disponibilit\u00e0\" \/>\n\t<meta name=\"twitter:data1\" content=\"Su ordinazione\" \/>\n<script type=\"application\/ld+json\" class=\"yoast-schema-graph\">{\"@context\":\"https:\/\/schema.org\",\"@graph\":[{\"@type\":[\"WebPage\",\"ItemPage\"],\"@id\":\"https:\/\/svetslik.si\/it\/vasilij-kandinski\/painting-with-white-border-moscow-bild-mit-weisem-rand-moskau\/\",\"url\":\"https:\/\/svetslik.si\/it\/vasilij-kandinski\/painting-with-white-border-moscow-bild-mit-weisem-rand-moskau\/\",\"name\":\"Vasilij Kandinski - Painting with White Border (Moscow) (Bild mit wei\u00dfem Rand [Moskau]) - SVETSLIK.SI - Dipinti a mano al 100%\",\"isPartOf\":{\"@id\":\"https:\/\/svetslik.si\/it\/#website\"},\"primaryImageOfPage\":{\"@id\":\"https:\/\/svetslik.si\/it\/vasilij-kandinski\/painting-with-white-border-moscow-bild-mit-weisem-rand-moskau\/#primaryimage\"},\"image\":{\"@id\":\"https:\/\/svetslik.si\/it\/vasilij-kandinski\/painting-with-white-border-moscow-bild-mit-weisem-rand-moskau\/#primaryimage\"},\"thumbnailUrl\":\"https:\/\/svetslik.si\/wp-content\/uploads\/2021\/08\/image_Painting-with-White-Border-Moscow-Bild-mit-weiem-Rand-Moskau_680.jpg\",\"datePublished\":\"2021-09-02T15:57:21+00:00\",\"dateModified\":\"2026-03-22T20:31:43+00:00\",\"description\":\"Vasilij Kandinski - Painting with White Border (Moscow) (Bild mit wei\u00dfem Rand [Moskau]) - Riproduzioni di quadri d'arte dipinte a mano al 100% su tela. Cornici per quadri, vendita e produzione di dimensioni su ordinazione.\",\"breadcrumb\":{\"@id\":\"https:\/\/svetslik.si\/it\/vasilij-kandinski\/painting-with-white-border-moscow-bild-mit-weisem-rand-moskau\/#breadcrumb\"},\"inLanguage\":\"it-IT\",\"potentialAction\":[{\"@type\":\"ReadAction\",\"target\":[\"https:\/\/svetslik.si\/it\/vasilij-kandinski\/painting-with-white-border-moscow-bild-mit-weisem-rand-moskau\/\"]}]},{\"@type\":\"ImageObject\",\"inLanguage\":\"it-IT\",\"@id\":\"https:\/\/svetslik.si\/it\/vasilij-kandinski\/painting-with-white-border-moscow-bild-mit-weisem-rand-moskau\/#primaryimage\",\"url\":\"https:\/\/svetslik.si\/wp-content\/uploads\/2021\/08\/image_Painting-with-White-Border-Moscow-Bild-mit-weiem-Rand-Moskau_680.jpg\",\"contentUrl\":\"https:\/\/svetslik.si\/wp-content\/uploads\/2021\/08\/image_Painting-with-White-Border-Moscow-Bild-mit-weiem-Rand-Moskau_680.jpg\",\"width\":1800,\"height\":1265,\"caption\":\"Wassily Kandinsky - Quadro con bordo bianco (Mosca) (Bild mit white Border [Moskau]) Riproduzioni dipinte a mano di pittori famosi, pitture murali moderne, quadri di arte murale\"},{\"@type\":\"BreadcrumbList\",\"@id\":\"https:\/\/svetslik.si\/it\/vasilij-kandinski\/painting-with-white-border-moscow-bild-mit-weisem-rand-moskau\/#breadcrumb\",\"itemListElement\":[{\"@type\":\"ListItem\",\"position\":1,\"name\":\"Fali m\u0171v\u00e9szet \u00e9s festm\u00e9nyek v\u00e1szonra\",\"item\":\"https:\/\/svetslik.si\/it\/\"},{\"@type\":\"ListItem\",\"position\":2,\"name\":\"Vendita di dipinti\",\"item\":\"https:\/\/svetslik.si\/prodaja-slik\/\"},{\"@type\":\"ListItem\",\"position\":3,\"name\":\"Vasilij Kandinski &#8211; Painting with White Border (Moscow) (Bild mit wei\u00dfem Rand [Moskau])\"}]},{\"@type\":\"WebSite\",\"@id\":\"https:\/\/svetslik.si\/it\/#website\",\"url\":\"https:\/\/svetslik.si\/it\/\",\"name\":\"SVETSLIK.SI\",\"description\":\"100% riproduzioni dipinte a mano di quadri di pittori famosi e dipinti su tela.\",\"publisher\":{\"@id\":\"https:\/\/svetslik.si\/it\/#organization\"},\"potentialAction\":[{\"@type\":\"SearchAction\",\"target\":{\"@type\":\"EntryPoint\",\"urlTemplate\":\"https:\/\/svetslik.si\/it\/?s={search_term_string}\"},\"query-input\":{\"@type\":\"PropertyValueSpecification\",\"valueRequired\":true,\"valueName\":\"search_term_string\"}}],\"inLanguage\":\"it-IT\"},{\"@type\":\"Organization\",\"@id\":\"https:\/\/svetslik.si\/it\/#organization\",\"name\":\"SvetSlik.si\",\"url\":\"https:\/\/svetslik.si\/it\/\",\"logo\":{\"@type\":\"ImageObject\",\"inLanguage\":\"it-IT\",\"@id\":\"https:\/\/svetslik.si\/it\/#\/schema\/logo\/image\/\",\"url\":\"https:\/\/svetslik.si\/wp-content\/uploads\/2020\/12\/logo-512.png\",\"contentUrl\":\"https:\/\/svetslik.si\/wp-content\/uploads\/2020\/12\/logo-512.png\",\"width\":512,\"height\":512,\"caption\":\"SvetSlik.si\"},\"image\":{\"@id\":\"https:\/\/svetslik.si\/it\/#\/schema\/logo\/image\/\"},\"sameAs\":[\"https:\/\/www.facebook.com\/svetslik.si\",\"https:\/\/x.com\/svetslik\",\"https:\/\/www.instagram.com\/svetslik.si\/\",\"https:\/\/www.linkedin.com\/company\/svetslik-si\"]}]}<\/script>\n<meta property=\"og:availability\" content=\"backorder\" \/>\n<meta property=\"product:availability\" content=\"available for order\" \/>\n<meta property=\"product:retailer_item_id\" content=\"318__\" \/>\n<meta property=\"product:condition\" content=\"new\" \/>\n<!-- \/ Yoast SEO Premium plugin. -->","yoast_head_json":{"title":"Vasilij Kandinski - Painting with White Border (Moscow) (Bild mit wei\u00dfem Rand [Moskau]) - SVETSLIK.SI - Dipinti a mano al 100%","description":"Vasilij Kandinski - Painting with White Border (Moscow) (Bild mit wei\u00dfem Rand [Moskau]) - Riproduzioni di quadri d'arte dipinte a mano al 100% su tela. Cornici per quadri, vendita e produzione di dimensioni su ordinazione.","robots":{"index":"index","follow":"follow","max-snippet":"max-snippet:-1","max-image-preview":"max-image-preview:large","max-video-preview":"max-video-preview:-1"},"canonical":"https:\/\/svetslik.si\/it\/vasilij-kandinski\/painting-with-white-border-moscow-bild-mit-weisem-rand-moskau\/","og_locale":"it_IT","og_type":"article","og_title":"Vasilij Kandinski - Painting with White Border (Moscow) (Bild mit wei\u00dfem Rand [Moskau])","og_description":"100% ro\u010dno naslikane slike na platnu, reprodukcije znanih slikarjev in umetni\u0161ke slike po naro\u010dilu.","og_url":"https:\/\/svetslik.si\/it\/vasilij-kandinski\/painting-with-white-border-moscow-bild-mit-weisem-rand-moskau\/","og_site_name":"SVETSLIK.SI","article_publisher":"https:\/\/www.facebook.com\/svetslik.si","article_modified_time":"2026-03-22T20:31:43+00:00","og_image":[{"width":1800,"height":1265,"url":"https:\/\/svetslik.si\/wp-content\/uploads\/2021\/08\/image_Painting-with-White-Border-Moscow-Bild-mit-weiem-Rand-Moskau_680.jpg","type":"image\/jpeg"}],"twitter_card":"summary_large_image","twitter_site":"@svetslik","twitter_misc":{"Disponibilit\u00e0":"Su ordinazione"},"schema":{"@context":"https:\/\/schema.org","@graph":[{"@type":["WebPage","ItemPage"],"@id":"https:\/\/svetslik.si\/it\/vasilij-kandinski\/painting-with-white-border-moscow-bild-mit-weisem-rand-moskau\/","url":"https:\/\/svetslik.si\/it\/vasilij-kandinski\/painting-with-white-border-moscow-bild-mit-weisem-rand-moskau\/","name":"Vasilij Kandinski - Painting with White Border (Moscow) (Bild mit wei\u00dfem Rand [Moskau]) - SVETSLIK.SI - Dipinti a mano al 100%","isPartOf":{"@id":"https:\/\/svetslik.si\/it\/#website"},"primaryImageOfPage":{"@id":"https:\/\/svetslik.si\/it\/vasilij-kandinski\/painting-with-white-border-moscow-bild-mit-weisem-rand-moskau\/#primaryimage"},"image":{"@id":"https:\/\/svetslik.si\/it\/vasilij-kandinski\/painting-with-white-border-moscow-bild-mit-weisem-rand-moskau\/#primaryimage"},"thumbnailUrl":"https:\/\/svetslik.si\/wp-content\/uploads\/2021\/08\/image_Painting-with-White-Border-Moscow-Bild-mit-weiem-Rand-Moskau_680.jpg","datePublished":"2021-09-02T15:57:21+00:00","dateModified":"2026-03-22T20:31:43+00:00","description":"Vasilij Kandinski - Painting with White Border (Moscow) (Bild mit wei\u00dfem Rand [Moskau]) - Riproduzioni di quadri d'arte dipinte a mano al 100% su tela. Cornici per quadri, vendita e produzione di dimensioni su ordinazione.","breadcrumb":{"@id":"https:\/\/svetslik.si\/it\/vasilij-kandinski\/painting-with-white-border-moscow-bild-mit-weisem-rand-moskau\/#breadcrumb"},"inLanguage":"it-IT","potentialAction":[{"@type":"ReadAction","target":["https:\/\/svetslik.si\/it\/vasilij-kandinski\/painting-with-white-border-moscow-bild-mit-weisem-rand-moskau\/"]}]},{"@type":"ImageObject","inLanguage":"it-IT","@id":"https:\/\/svetslik.si\/it\/vasilij-kandinski\/painting-with-white-border-moscow-bild-mit-weisem-rand-moskau\/#primaryimage","url":"https:\/\/svetslik.si\/wp-content\/uploads\/2021\/08\/image_Painting-with-White-Border-Moscow-Bild-mit-weiem-Rand-Moskau_680.jpg","contentUrl":"https:\/\/svetslik.si\/wp-content\/uploads\/2021\/08\/image_Painting-with-White-Border-Moscow-Bild-mit-weiem-Rand-Moskau_680.jpg","width":1800,"height":1265,"caption":"Wassily Kandinsky - Quadro con bordo bianco (Mosca) (Bild mit white Border [Moskau]) Riproduzioni dipinte a mano di pittori famosi, pitture murali moderne, quadri di arte murale"},{"@type":"BreadcrumbList","@id":"https:\/\/svetslik.si\/it\/vasilij-kandinski\/painting-with-white-border-moscow-bild-mit-weisem-rand-moskau\/#breadcrumb","itemListElement":[{"@type":"ListItem","position":1,"name":"Fali m\u0171v\u00e9szet \u00e9s festm\u00e9nyek v\u00e1szonra","item":"https:\/\/svetslik.si\/it\/"},{"@type":"ListItem","position":2,"name":"Vendita di dipinti","item":"https:\/\/svetslik.si\/prodaja-slik\/"},{"@type":"ListItem","position":3,"name":"Vasilij Kandinski &#8211; Painting with White Border (Moscow) (Bild mit wei\u00dfem Rand [Moskau])"}]},{"@type":"WebSite","@id":"https:\/\/svetslik.si\/it\/#website","url":"https:\/\/svetslik.si\/it\/","name":"SVETSLIK.SI","description":"100% riproduzioni dipinte a mano di quadri di pittori famosi e dipinti su tela.","publisher":{"@id":"https:\/\/svetslik.si\/it\/#organization"},"potentialAction":[{"@type":"SearchAction","target":{"@type":"EntryPoint","urlTemplate":"https:\/\/svetslik.si\/it\/?s={search_term_string}"},"query-input":{"@type":"PropertyValueSpecification","valueRequired":true,"valueName":"search_term_string"}}],"inLanguage":"it-IT"},{"@type":"Organization","@id":"https:\/\/svetslik.si\/it\/#organization","name":"SvetSlik.si","url":"https:\/\/svetslik.si\/it\/","logo":{"@type":"ImageObject","inLanguage":"it-IT","@id":"https:\/\/svetslik.si\/it\/#\/schema\/logo\/image\/","url":"https:\/\/svetslik.si\/wp-content\/uploads\/2020\/12\/logo-512.png","contentUrl":"https:\/\/svetslik.si\/wp-content\/uploads\/2020\/12\/logo-512.png","width":512,"height":512,"caption":"SvetSlik.si"},"image":{"@id":"https:\/\/svetslik.si\/it\/#\/schema\/logo\/image\/"},"sameAs":["https:\/\/www.facebook.com\/svetslik.si","https:\/\/x.com\/svetslik","https:\/\/www.instagram.com\/svetslik.si\/","https:\/\/www.linkedin.com\/company\/svetslik-si"]}]},"og_availability":"backorder","product_availability":"available for order","product_retailer_item_id":"318__","product_condition":"new"},"jetpack_sharing_enabled":true,"_links":{"self":[{"href":"https:\/\/svetslik.si\/it\/wp-json\/wp\/v2\/product\/39381","targetHints":{"allow":["GET"]}}],"collection":[{"href":"https:\/\/svetslik.si\/it\/wp-json\/wp\/v2\/product"}],"about":[{"href":"https:\/\/svetslik.si\/it\/wp-json\/wp\/v2\/types\/product"}],"wp:featuredmedia":[{"embeddable":true,"href":"https:\/\/svetslik.si\/it\/wp-json\/wp\/v2\/media\/35450"}],"wp:attachment":[{"href":"https:\/\/svetslik.si\/it\/wp-json\/wp\/v2\/media?parent=39381"}],"wp:term":[{"taxonomy":"product_brand","embeddable":true,"href":"https:\/\/svetslik.si\/it\/wp-json\/wp\/v2\/product_brand?post=39381"},{"taxonomy":"product_cat","embeddable":true,"href":"https:\/\/svetslik.si\/it\/wp-json\/wp\/v2\/product_cat?post=39381"},{"taxonomy":"product_tag","embeddable":true,"href":"https:\/\/svetslik.si\/it\/wp-json\/wp\/v2\/product_tag?post=39381"}],"curies":[{"name":"wp","href":"https:\/\/api.w.org\/{rel}","templated":true}]}}