{"id":39417,"date":"2021-09-02T17:57:47","date_gmt":"2021-09-02T15:57:47","guid":{"rendered":"https:\/\/svetslik.si\/senza-categoria\/jean-monet-on-his-hobby-horse\/"},"modified":"2026-03-22T21:32:26","modified_gmt":"2026-03-22T20:32:26","slug":"jean-monet-on-his-hobby-horse","status":"publish","type":"product","link":"https:\/\/svetslik.si\/it\/claude-monet\/jean-monet-on-his-hobby-horse\/","title":{"rendered":"Claude Monet &#8211; Jean Monet on His Hobby Horse"},"content":{"rendered":"<h1>Claude Monet &#8211; Jean Monet sul suo cavallo da passeggio<\/h1>\n<p>\n&nbsp;<\/p>\n<p>\n&nbsp;<\/p>\n<table border=\"0\" cellpadding=\"0\" cellspacing=\"0\" style=\"width: 632px\" width=\"632\">\n<tr>\n<td height=\"21\">\nAnno di creazione:<\/td>\n<td style=\"width: 452px\">\n1872<\/td>\n<\/tr>\n<tr>\n<td height=\"21\">\nDimensioni originali:<\/td>\n<td style=\"width: 452px\">\n74,3 cm x 60,6 cm<\/td>\n<\/tr>\n<tr>\n<td height=\"21\">\nStile di pittura:<\/td>\n<td style=\"width: 452px\">\nImpressionismo<\/td>\n<\/tr>\n<tr>\n<td height=\"21\">\nTecnica originale:<\/td>\n<td>\nOlio su tela<\/td>\n<\/tr>\n<tr>\n<td height=\"21\">\nSituato:<\/td>\n<td style=\"width: 452px\">\nIl Metropolitan Museum of Art, New York<\/td>\n<\/tr>\n<\/tbody>\n<colgroup>\n<\/colgroup>\n<\/table>\n<p>\n&nbsp;&nbsp;<\/p>\n<div>\nPrimogenito di Monet e di sua moglie Camille, Jean (1867-1913). Il ragazzo appare in molti dei dipinti ad olio di Monet, realizzati durante la residenza della famiglia ad Argenteuil. In questo dipinto, Monet ha raffigurato suo figlio che gioca con il suo giocattolo preferito nel giardino di famiglia. L&#8217;olio su tela non \u00e8 affatto un ritratto ufficiale, ma piuttosto uno spaccato dell&#8217;infanzia di Jean.<\/div>\n<div>\n&nbsp;<\/div>\n","protected":false},"excerpt":{"rendered":"<p>Claude Monet &#8211; Jean Monet sul suo cavallo da passeggio &nbsp; &nbsp; Anno di creazione: 1872 Dimensioni originali: 74,3 cm x 60,6 cm Stile di pittura: Impressionismo Tecnica originale: Olio su tela Situato: Il Metropolitan Museum of Art, New York &nbsp;&nbsp; Primogenito di Monet e di sua moglie Camille, Jean [&hellip;]<\/p>\n","protected":false},"featured_media":35234,"template":"","meta":{"_acf_changed":false},"product_brand":[],"product_cat":[4176],"product_tag":[4232,4245,4246,4253],"class_list":{"0":"post-39417","1":"product","2":"type-product","3":"status-publish","4":"has-post-thumbnail","6":"product_cat-claude-monet","7":"product_tag-monet-it","8":"product_tag-riproduzione","9":"product_tag-riproduzione-it","10":"product_tag-un-pittore","11":"pa_dimenzija-100-x-80-cm-it","12":"pa_dimenzija-110-x-90-cm-it","13":"pa_dimenzija-130-x-110-cm-it","14":"pa_dimenzija-150-x-120-cm-it","15":"pa_dimenzija-60-x-50-cm-it","16":"pa_dimenzija-74-x-61-cm-it","17":"pa_dimenzija-80-x-65-cm-it","18":"pa_dimenzija-90-x-70-cm-it","19":"pa_oblika-orizzontale","20":"pa_okvir-sensa-cornice","21":"pa_podokvir-no","22":"pa_podokvir-si","24":"first","25":"onbackorder","26":"purchasable","27":"product-type-variable","28":"has-default-attributes"},"acf":[],"yoast_head":"<!-- This site is optimized with the Yoast SEO Premium plugin v26.0 (Yoast SEO v27.2) - https:\/\/yoast.com\/product\/yoast-seo-premium-wordpress\/ -->\n<title>Claude Monet - Jean Monet on His Hobby Horse - SVETSLIK.SI - Dipinti a mano al 100%<\/title>\n<meta name=\"description\" content=\"Claude Monet - Jean Monet on His Hobby Horse - Riproduzioni di quadri d&#039;arte dipinte a mano al 100% su tela. Cornici per quadri, vendita e produzione di dimensioni su ordinazione.\" \/>\n<meta name=\"robots\" content=\"index, follow, max-snippet:-1, max-image-preview:large, max-video-preview:-1\" \/>\n<link rel=\"canonical\" href=\"https:\/\/svetslik.si\/it\/claude-monet\/jean-monet-on-his-hobby-horse\/\" \/>\n<meta property=\"og:locale\" content=\"it_IT\" \/>\n<meta property=\"og:type\" content=\"article\" \/>\n<meta property=\"og:title\" content=\"Claude Monet - Jean Monet on His Hobby Horse\" \/>\n<meta property=\"og:description\" content=\"100% ro\u010dno naslikane slike na platnu, reprodukcije znanih slikarjev in umetni\u0161ke slike po naro\u010dilu.\" \/>\n<meta property=\"og:url\" content=\"https:\/\/svetslik.si\/it\/claude-monet\/jean-monet-on-his-hobby-horse\/\" \/>\n<meta property=\"og:site_name\" content=\"SVETSLIK.SI\" \/>\n<meta property=\"article:publisher\" content=\"https:\/\/www.facebook.com\/svetslik.si\" \/>\n<meta property=\"article:modified_time\" content=\"2026-03-22T20:32:26+00:00\" \/>\n<meta property=\"og:image\" content=\"https:\/\/svetslik.si\/wp-content\/uploads\/2021\/08\/image_Jean-Monet-on-His-Hobby-Horse-Claude-Monet_680.jpg\" \/>\n\t<meta property=\"og:image:width\" content=\"1024\" \/>\n\t<meta property=\"og:image:height\" content=\"840\" \/>\n\t<meta property=\"og:image:type\" content=\"image\/jpeg\" \/>\n<meta name=\"twitter:card\" content=\"summary_large_image\" \/>\n<meta name=\"twitter:site\" content=\"@svetslik\" \/>\n<meta name=\"twitter:label1\" content=\"Disponibilit\u00e0\" \/>\n\t<meta name=\"twitter:data1\" content=\"Su ordinazione\" \/>\n<script type=\"application\/ld+json\" class=\"yoast-schema-graph\">{\"@context\":\"https:\/\/schema.org\",\"@graph\":[{\"@type\":[\"WebPage\",\"ItemPage\"],\"@id\":\"https:\/\/svetslik.si\/it\/claude-monet\/jean-monet-on-his-hobby-horse\/\",\"url\":\"https:\/\/svetslik.si\/it\/claude-monet\/jean-monet-on-his-hobby-horse\/\",\"name\":\"Claude Monet - Jean Monet on His Hobby Horse - SVETSLIK.SI - Dipinti a mano al 100%\",\"isPartOf\":{\"@id\":\"https:\/\/svetslik.si\/it\/#website\"},\"primaryImageOfPage\":{\"@id\":\"https:\/\/svetslik.si\/it\/claude-monet\/jean-monet-on-his-hobby-horse\/#primaryimage\"},\"image\":{\"@id\":\"https:\/\/svetslik.si\/it\/claude-monet\/jean-monet-on-his-hobby-horse\/#primaryimage\"},\"thumbnailUrl\":\"https:\/\/svetslik.si\/wp-content\/uploads\/2021\/08\/image_Jean-Monet-on-His-Hobby-Horse-Claude-Monet_680.jpg\",\"datePublished\":\"2021-09-02T15:57:47+00:00\",\"dateModified\":\"2026-03-22T20:32:26+00:00\",\"description\":\"Claude Monet - Jean Monet on His Hobby Horse - Riproduzioni di quadri d'arte dipinte a mano al 100% su tela. Cornici per quadri, vendita e produzione di dimensioni su ordinazione.\",\"breadcrumb\":{\"@id\":\"https:\/\/svetslik.si\/it\/claude-monet\/jean-monet-on-his-hobby-horse\/#breadcrumb\"},\"inLanguage\":\"it-IT\",\"potentialAction\":[{\"@type\":\"ReadAction\",\"target\":[\"https:\/\/svetslik.si\/it\/claude-monet\/jean-monet-on-his-hobby-horse\/\"]}]},{\"@type\":\"ImageObject\",\"inLanguage\":\"it-IT\",\"@id\":\"https:\/\/svetslik.si\/it\/claude-monet\/jean-monet-on-his-hobby-horse\/#primaryimage\",\"url\":\"https:\/\/svetslik.si\/wp-content\/uploads\/2021\/08\/image_Jean-Monet-on-His-Hobby-Horse-Claude-Monet_680.jpg\",\"contentUrl\":\"https:\/\/svetslik.si\/wp-content\/uploads\/2021\/08\/image_Jean-Monet-on-His-Hobby-Horse-Claude-Monet_680.jpg\",\"width\":1024,\"height\":840,\"caption\":\"Quadri riproduzioni - Pierre A. Renoir - La Grenouill\u00e8re - Sponde dipinte a mano, riproduzioni di dipinti di artisti famosi, olio su tela, quadri ad olio, quadri moderni, quadri d'arte per pareti, ambientali, astratti, decorativi quadri per pareti.\"},{\"@type\":\"BreadcrumbList\",\"@id\":\"https:\/\/svetslik.si\/it\/claude-monet\/jean-monet-on-his-hobby-horse\/#breadcrumb\",\"itemListElement\":[{\"@type\":\"ListItem\",\"position\":1,\"name\":\"Fali m\u0171v\u00e9szet \u00e9s festm\u00e9nyek v\u00e1szonra\",\"item\":\"https:\/\/svetslik.si\/it\/\"},{\"@type\":\"ListItem\",\"position\":2,\"name\":\"Vendita di dipinti\",\"item\":\"https:\/\/svetslik.si\/prodaja-slik\/\"},{\"@type\":\"ListItem\",\"position\":3,\"name\":\"Claude Monet &#8211; Jean Monet on His Hobby Horse\"}]},{\"@type\":\"WebSite\",\"@id\":\"https:\/\/svetslik.si\/it\/#website\",\"url\":\"https:\/\/svetslik.si\/it\/\",\"name\":\"SVETSLIK.SI\",\"description\":\"100% riproduzioni dipinte a mano di quadri di pittori famosi e dipinti su tela.\",\"publisher\":{\"@id\":\"https:\/\/svetslik.si\/it\/#organization\"},\"potentialAction\":[{\"@type\":\"SearchAction\",\"target\":{\"@type\":\"EntryPoint\",\"urlTemplate\":\"https:\/\/svetslik.si\/it\/?s={search_term_string}\"},\"query-input\":{\"@type\":\"PropertyValueSpecification\",\"valueRequired\":true,\"valueName\":\"search_term_string\"}}],\"inLanguage\":\"it-IT\"},{\"@type\":\"Organization\",\"@id\":\"https:\/\/svetslik.si\/it\/#organization\",\"name\":\"SvetSlik.si\",\"url\":\"https:\/\/svetslik.si\/it\/\",\"logo\":{\"@type\":\"ImageObject\",\"inLanguage\":\"it-IT\",\"@id\":\"https:\/\/svetslik.si\/it\/#\/schema\/logo\/image\/\",\"url\":\"https:\/\/svetslik.si\/wp-content\/uploads\/2020\/12\/logo-512.png\",\"contentUrl\":\"https:\/\/svetslik.si\/wp-content\/uploads\/2020\/12\/logo-512.png\",\"width\":512,\"height\":512,\"caption\":\"SvetSlik.si\"},\"image\":{\"@id\":\"https:\/\/svetslik.si\/it\/#\/schema\/logo\/image\/\"},\"sameAs\":[\"https:\/\/www.facebook.com\/svetslik.si\",\"https:\/\/x.com\/svetslik\",\"https:\/\/www.instagram.com\/svetslik.si\/\",\"https:\/\/www.linkedin.com\/company\/svetslik-si\"]}]}<\/script>\n<meta property=\"og:availability\" content=\"backorder\" \/>\n<meta property=\"product:availability\" content=\"available for order\" \/>\n<meta property=\"product:retailer_item_id\" content=\"322__\" \/>\n<meta property=\"product:condition\" content=\"new\" \/>\n<!-- \/ Yoast SEO Premium plugin. -->","yoast_head_json":{"title":"Claude Monet - Jean Monet on His Hobby Horse - SVETSLIK.SI - Dipinti a mano al 100%","description":"Claude Monet - Jean Monet on His Hobby Horse - Riproduzioni di quadri d'arte dipinte a mano al 100% su tela. Cornici per quadri, vendita e produzione di dimensioni su ordinazione.","robots":{"index":"index","follow":"follow","max-snippet":"max-snippet:-1","max-image-preview":"max-image-preview:large","max-video-preview":"max-video-preview:-1"},"canonical":"https:\/\/svetslik.si\/it\/claude-monet\/jean-monet-on-his-hobby-horse\/","og_locale":"it_IT","og_type":"article","og_title":"Claude Monet - Jean Monet on His Hobby Horse","og_description":"100% ro\u010dno naslikane slike na platnu, reprodukcije znanih slikarjev in umetni\u0161ke slike po naro\u010dilu.","og_url":"https:\/\/svetslik.si\/it\/claude-monet\/jean-monet-on-his-hobby-horse\/","og_site_name":"SVETSLIK.SI","article_publisher":"https:\/\/www.facebook.com\/svetslik.si","article_modified_time":"2026-03-22T20:32:26+00:00","og_image":[{"width":1024,"height":840,"url":"https:\/\/svetslik.si\/wp-content\/uploads\/2021\/08\/image_Jean-Monet-on-His-Hobby-Horse-Claude-Monet_680.jpg","type":"image\/jpeg"}],"twitter_card":"summary_large_image","twitter_site":"@svetslik","twitter_misc":{"Disponibilit\u00e0":"Su ordinazione"},"schema":{"@context":"https:\/\/schema.org","@graph":[{"@type":["WebPage","ItemPage"],"@id":"https:\/\/svetslik.si\/it\/claude-monet\/jean-monet-on-his-hobby-horse\/","url":"https:\/\/svetslik.si\/it\/claude-monet\/jean-monet-on-his-hobby-horse\/","name":"Claude Monet - Jean Monet on His Hobby Horse - SVETSLIK.SI - Dipinti a mano al 100%","isPartOf":{"@id":"https:\/\/svetslik.si\/it\/#website"},"primaryImageOfPage":{"@id":"https:\/\/svetslik.si\/it\/claude-monet\/jean-monet-on-his-hobby-horse\/#primaryimage"},"image":{"@id":"https:\/\/svetslik.si\/it\/claude-monet\/jean-monet-on-his-hobby-horse\/#primaryimage"},"thumbnailUrl":"https:\/\/svetslik.si\/wp-content\/uploads\/2021\/08\/image_Jean-Monet-on-His-Hobby-Horse-Claude-Monet_680.jpg","datePublished":"2021-09-02T15:57:47+00:00","dateModified":"2026-03-22T20:32:26+00:00","description":"Claude Monet - Jean Monet on His Hobby Horse - Riproduzioni di quadri d'arte dipinte a mano al 100% su tela. Cornici per quadri, vendita e produzione di dimensioni su ordinazione.","breadcrumb":{"@id":"https:\/\/svetslik.si\/it\/claude-monet\/jean-monet-on-his-hobby-horse\/#breadcrumb"},"inLanguage":"it-IT","potentialAction":[{"@type":"ReadAction","target":["https:\/\/svetslik.si\/it\/claude-monet\/jean-monet-on-his-hobby-horse\/"]}]},{"@type":"ImageObject","inLanguage":"it-IT","@id":"https:\/\/svetslik.si\/it\/claude-monet\/jean-monet-on-his-hobby-horse\/#primaryimage","url":"https:\/\/svetslik.si\/wp-content\/uploads\/2021\/08\/image_Jean-Monet-on-His-Hobby-Horse-Claude-Monet_680.jpg","contentUrl":"https:\/\/svetslik.si\/wp-content\/uploads\/2021\/08\/image_Jean-Monet-on-His-Hobby-Horse-Claude-Monet_680.jpg","width":1024,"height":840,"caption":"Quadri riproduzioni - Pierre A. Renoir - La Grenouill\u00e8re - Sponde dipinte a mano, riproduzioni di dipinti di artisti famosi, olio su tela, quadri ad olio, quadri moderni, quadri d'arte per pareti, ambientali, astratti, decorativi quadri per pareti."},{"@type":"BreadcrumbList","@id":"https:\/\/svetslik.si\/it\/claude-monet\/jean-monet-on-his-hobby-horse\/#breadcrumb","itemListElement":[{"@type":"ListItem","position":1,"name":"Fali m\u0171v\u00e9szet \u00e9s festm\u00e9nyek v\u00e1szonra","item":"https:\/\/svetslik.si\/it\/"},{"@type":"ListItem","position":2,"name":"Vendita di dipinti","item":"https:\/\/svetslik.si\/prodaja-slik\/"},{"@type":"ListItem","position":3,"name":"Claude Monet &#8211; Jean Monet on His Hobby Horse"}]},{"@type":"WebSite","@id":"https:\/\/svetslik.si\/it\/#website","url":"https:\/\/svetslik.si\/it\/","name":"SVETSLIK.SI","description":"100% riproduzioni dipinte a mano di quadri di pittori famosi e dipinti su tela.","publisher":{"@id":"https:\/\/svetslik.si\/it\/#organization"},"potentialAction":[{"@type":"SearchAction","target":{"@type":"EntryPoint","urlTemplate":"https:\/\/svetslik.si\/it\/?s={search_term_string}"},"query-input":{"@type":"PropertyValueSpecification","valueRequired":true,"valueName":"search_term_string"}}],"inLanguage":"it-IT"},{"@type":"Organization","@id":"https:\/\/svetslik.si\/it\/#organization","name":"SvetSlik.si","url":"https:\/\/svetslik.si\/it\/","logo":{"@type":"ImageObject","inLanguage":"it-IT","@id":"https:\/\/svetslik.si\/it\/#\/schema\/logo\/image\/","url":"https:\/\/svetslik.si\/wp-content\/uploads\/2020\/12\/logo-512.png","contentUrl":"https:\/\/svetslik.si\/wp-content\/uploads\/2020\/12\/logo-512.png","width":512,"height":512,"caption":"SvetSlik.si"},"image":{"@id":"https:\/\/svetslik.si\/it\/#\/schema\/logo\/image\/"},"sameAs":["https:\/\/www.facebook.com\/svetslik.si","https:\/\/x.com\/svetslik","https:\/\/www.instagram.com\/svetslik.si\/","https:\/\/www.linkedin.com\/company\/svetslik-si"]}]},"og_availability":"backorder","product_availability":"available for order","product_retailer_item_id":"322__","product_condition":"new"},"jetpack_sharing_enabled":true,"_links":{"self":[{"href":"https:\/\/svetslik.si\/it\/wp-json\/wp\/v2\/product\/39417","targetHints":{"allow":["GET"]}}],"collection":[{"href":"https:\/\/svetslik.si\/it\/wp-json\/wp\/v2\/product"}],"about":[{"href":"https:\/\/svetslik.si\/it\/wp-json\/wp\/v2\/types\/product"}],"wp:featuredmedia":[{"embeddable":true,"href":"https:\/\/svetslik.si\/it\/wp-json\/wp\/v2\/media\/35234"}],"wp:attachment":[{"href":"https:\/\/svetslik.si\/it\/wp-json\/wp\/v2\/media?parent=39417"}],"wp:term":[{"taxonomy":"product_brand","embeddable":true,"href":"https:\/\/svetslik.si\/it\/wp-json\/wp\/v2\/product_brand?post=39417"},{"taxonomy":"product_cat","embeddable":true,"href":"https:\/\/svetslik.si\/it\/wp-json\/wp\/v2\/product_cat?post=39417"},{"taxonomy":"product_tag","embeddable":true,"href":"https:\/\/svetslik.si\/it\/wp-json\/wp\/v2\/product_tag?post=39417"}],"curies":[{"name":"wp","href":"https:\/\/api.w.org\/{rel}","templated":true}]}}