{"id":39426,"date":"2021-09-02T17:57:47","date_gmt":"2021-09-02T15:57:47","guid":{"rendered":"https:\/\/svetslik.si\/senza-categoria\/still-life-with-peaches\/"},"modified":"2026-03-22T21:32:26","modified_gmt":"2026-03-22T20:32:26","slug":"still-life-with-peaches","status":"publish","type":"product","link":"https:\/\/svetslik.si\/it\/pierre-a-renoir\/still-life-with-peaches\/","title":{"rendered":"Pierre A. Renoir &#8211; Still Life with Peaches"},"content":{"rendered":"<div class=\"wpb-content-wrapper\">[vc_row css=&#8221;.vc_custom_1670947865203{margin-bottom: 10px !important;}&#8221;][vc_column]\t<div class=\"et-image-768 et-image     et_image_link\">\n\t\t<div class=\"et-image-inner \">\n\t\t\t\t\t\t\t<div class=\"et-image-thumb \">\n\t\t\t\t\t<img decoding=\"async\" width=\"2560\" height=\"2024\" src=\"https:\/\/svetslik.si\/wp-content\/uploads\/2021\/09\/Pierre-A.-Renoir-\u2013-Still-Life-with-Peaches-scaled.jpg\" class=\"attachment-full\" alt=\"Pierre-Auguste Renoir - Still Life with Peaches - Pierre-Auguste Renoir - Natura morta con pesche\" title=\"Pierre-Auguste Renoir - Still Life with Peaches - Pierre-Auguste Renoir - Natura morta con pesche\" srcset=\"https:\/\/svetslik.si\/wp-content\/uploads\/2021\/09\/Pierre-A.-Renoir-\u2013-Still-Life-with-Peaches-scaled.jpg 2560w, https:\/\/svetslik.si\/wp-content\/uploads\/2021\/09\/Pierre-A.-Renoir-\u2013-Still-Life-with-Peaches-scaled-600x474.jpg 600w, https:\/\/svetslik.si\/wp-content\/uploads\/2021\/09\/Pierre-A.-Renoir-\u2013-Still-Life-with-Peaches-scaled-1200x949.jpg 1200w, https:\/\/svetslik.si\/wp-content\/uploads\/2021\/09\/Pierre-A.-Renoir-\u2013-Still-Life-with-Peaches-300x237.jpg 300w, https:\/\/svetslik.si\/wp-content\/uploads\/2021\/09\/Pierre-A.-Renoir-\u2013-Still-Life-with-Peaches-1024x810.jpg 1024w, https:\/\/svetslik.si\/wp-content\/uploads\/2021\/09\/Pierre-A.-Renoir-\u2013-Still-Life-with-Peaches-768x607.jpg 768w, https:\/\/svetslik.si\/wp-content\/uploads\/2021\/09\/Pierre-A.-Renoir-\u2013-Still-Life-with-Peaches-1536x1215.jpg 1536w, https:\/\/svetslik.si\/wp-content\/uploads\/2021\/09\/Pierre-A.-Renoir-\u2013-Still-Life-with-Peaches-2048x1619.jpg 2048w, https:\/\/svetslik.si\/wp-content\/uploads\/2021\/09\/Pierre-A.-Renoir-\u2013-Still-Life-with-Peaches-15x12.jpg 15w, https:\/\/svetslik.si\/wp-content\/uploads\/2021\/09\/Pierre-A.-Renoir-\u2013-Still-Life-with-Peaches-150x119.jpg 150w, https:\/\/svetslik.si\/wp-content\/uploads\/2021\/09\/Pierre-A.-Renoir-\u2013-Still-Life-with-Peaches-1320x1044.jpg 1320w\" sizes=\"(max-width: 2560px) 100vw, 2560px\" \/>\t\t\t\t<\/div>\n\t\t\t\t\t\t\t\t\t\t\t<\/div>\n\t<\/div>\n  [\/vc_column][\/vc_row][vc_row css =&#8221;.vc_custom_1670947865203{margin-bottom: 10px !important;}&#8221;][vc_column]\t<div class=\"et-image-223 et-image     et_image_link\">\n\t\t<div class=\"et-image-inner \">\n\t\t\t\t\t\t\t<div class=\"et-image-thumb \">\n\t\t\t\t\t<img decoding=\"async\" width=\"2252\" height=\"2524\" src=\"https:\/\/svetslik.si\/wp-content\/uploads\/2021\/09\/Pierre-A.-Renoir-\u2013-Still-Life-with-Peaches-1.jpg\" class=\"attachment-full\" alt=\"Pierre-Auguste Renoir - Still Life with Peaches - Pierre-Auguste Renoir - Natura morta con pesche\" title=\"Pierre-Auguste Renoir - Still Life with Peaches - Pierre-Auguste Renoir - Natura morta con pesche\" srcset=\"https:\/\/svetslik.si\/wp-content\/uploads\/2021\/09\/Pierre-A.-Renoir-\u2013-Still-Life-with-Peaches-1.jpg 2252w, https:\/\/svetslik.si\/wp-content\/uploads\/2021\/09\/Pierre-A.-Renoir-\u2013-Still-Life-with-Peaches-1-600x672.jpg 600w, https:\/\/svetslik.si\/wp-content\/uploads\/2021\/09\/Pierre-A.-Renoir-\u2013-Still-Life-with-Peaches-1-1200x1345.jpg 1200w, https:\/\/svetslik.si\/wp-content\/uploads\/2021\/09\/Pierre-A.-Renoir-\u2013-Still-Life-with-Peaches-1-268x300.jpg 268w, https:\/\/svetslik.si\/wp-content\/uploads\/2021\/09\/Pierre-A.-Renoir-\u2013-Still-Life-with-Peaches-1-914x1024.jpg 914w, https:\/\/svetslik.si\/wp-content\/uploads\/2021\/09\/Pierre-A.-Renoir-\u2013-Still-Life-with-Peaches-1-768x861.jpg 768w, https:\/\/svetslik.si\/wp-content\/uploads\/2021\/09\/Pierre-A.-Renoir-\u2013-Still-Life-with-Peaches-1-1370x1536.jpg 1370w, https:\/\/svetslik.si\/wp-content\/uploads\/2021\/09\/Pierre-A.-Renoir-\u2013-Still-Life-with-Peaches-1-1827x2048.jpg 1827w, https:\/\/svetslik.si\/wp-content\/uploads\/2021\/09\/Pierre-A.-Renoir-\u2013-Still-Life-with-Peaches-1-11x12.jpg 11w, https:\/\/svetslik.si\/wp-content\/uploads\/2021\/09\/Pierre-A.-Renoir-\u2013-Still-Life-with-Peaches-1-134x150.jpg 134w, https:\/\/svetslik.si\/wp-content\/uploads\/2021\/09\/Pierre-A.-Renoir-\u2013-Still-Life-with-Peaches-1-1320x1479.jpg 1320w\" sizes=\"(max-width: 2252px) 100vw, 2252px\" \/>\t\t\t\t<\/div>\n\t\t\t\t\t\t\t\t\t\t\t<\/div>\n\t<\/div>\n  [\/vc_column][\/vc_row][vc_row css=&#8221;. vc_custom_1670947865203{margin-bottom: 10px !important;}&#8221;][vc_column]\t<div class=\"et-image-90 et-image     et_image_link\">\n\t\t<div class=\"et-image-inner \">\n\t\t\t\t\t\t\t<div class=\"et-image-thumb \">\n\t\t\t\t\t<img decoding=\"async\" width=\"2560\" height=\"1441\" src=\"https:\/\/svetslik.si\/wp-content\/uploads\/2021\/09\/Pierre-A.-Renoir-\u2013-Still-Life-with-Peaches-2-scaled.jpg\" class=\"attachment-full\" alt=\"Pierre-Auguste Renoir - Still Life with Peaches - Pierre-Auguste Renoir - Natura morta con pesche\" title=\"Pierre-Auguste Renoir - Still Life with Peaches - Pierre-Auguste Renoir - Natura morta con pesche\" srcset=\"https:\/\/svetslik.si\/wp-content\/uploads\/2021\/09\/Pierre-A.-Renoir-\u2013-Still-Life-with-Peaches-2-scaled.jpg 2560w, https:\/\/svetslik.si\/wp-content\/uploads\/2021\/09\/Pierre-A.-Renoir-\u2013-Still-Life-with-Peaches-2-scaled-600x338.jpg 600w, https:\/\/svetslik.si\/wp-content\/uploads\/2021\/09\/Pierre-A.-Renoir-\u2013-Still-Life-with-Peaches-2-scaled-1200x675.jpg 1200w, https:\/\/svetslik.si\/wp-content\/uploads\/2021\/09\/Pierre-A.-Renoir-\u2013-Still-Life-with-Peaches-2-300x169.jpg 300w, https:\/\/svetslik.si\/wp-content\/uploads\/2021\/09\/Pierre-A.-Renoir-\u2013-Still-Life-with-Peaches-2-1024x577.jpg 1024w, https:\/\/svetslik.si\/wp-content\/uploads\/2021\/09\/Pierre-A.-Renoir-\u2013-Still-Life-with-Peaches-2-768x432.jpg 768w, https:\/\/svetslik.si\/wp-content\/uploads\/2021\/09\/Pierre-A.-Renoir-\u2013-Still-Life-with-Peaches-2-1536x865.jpg 1536w, https:\/\/svetslik.si\/wp-content\/uploads\/2021\/09\/Pierre-A.-Renoir-\u2013-Still-Life-with-Peaches-2-2048x1153.jpg 2048w, https:\/\/svetslik.si\/wp-content\/uploads\/2021\/09\/Pierre-A.-Renoir-\u2013-Still-Life-with-Peaches-2-18x10.jpg 18w, https:\/\/svetslik.si\/wp-content\/uploads\/2021\/09\/Pierre-A.-Renoir-\u2013-Still-Life-with-Peaches-2-150x84.jpg 150w, https:\/\/svetslik.si\/wp-content\/uploads\/2021\/09\/Pierre-A.-Renoir-\u2013-Still-Life-with-Peaches-2-1320x743.jpg 1320w\" sizes=\"(max-width: 2560px) 100vw, 2560px\" \/>\t\t\t\t<\/div>\n\t\t\t\t\t\t\t\t\t\t\t<\/div>\n\t<\/div>\n  [\/vc_column][\/vc_row][vc_row][vc_row css=&#8221;.vc_custom_1670947865203{margine -bottom: 10px !important;}&#8221;][vc_column]\t<div class=\"et-image-579 et-image     et_image_link\">\n\t\t<div class=\"et-image-inner \">\n\t\t\t\t\t\t\t<div class=\"et-image-thumb \">\n\t\t\t\t\t<img decoding=\"async\" width=\"2560\" height=\"1441\" src=\"https:\/\/svetslik.si\/wp-content\/uploads\/2021\/09\/Pierre-A.-Renoir-\u2013-Still-Life-with-Peaches-3-scaled.jpg\" class=\"attachment-full\" alt=\"Pierre-Auguste Renoir - Still Life with Peaches - Pierre-Auguste Renoir - Natura morta con pesche\" title=\"Pierre-Auguste Renoir - Still Life with Peaches - Pierre-Auguste Renoir - Natura morta con pesche\" srcset=\"https:\/\/svetslik.si\/wp-content\/uploads\/2021\/09\/Pierre-A.-Renoir-\u2013-Still-Life-with-Peaches-3-scaled.jpg 2560w, https:\/\/svetslik.si\/wp-content\/uploads\/2021\/09\/Pierre-A.-Renoir-\u2013-Still-Life-with-Peaches-3-scaled-600x338.jpg 600w, https:\/\/svetslik.si\/wp-content\/uploads\/2021\/09\/Pierre-A.-Renoir-\u2013-Still-Life-with-Peaches-3-scaled-1200x675.jpg 1200w, https:\/\/svetslik.si\/wp-content\/uploads\/2021\/09\/Pierre-A.-Renoir-\u2013-Still-Life-with-Peaches-3-300x169.jpg 300w, https:\/\/svetslik.si\/wp-content\/uploads\/2021\/09\/Pierre-A.-Renoir-\u2013-Still-Life-with-Peaches-3-1024x577.jpg 1024w, https:\/\/svetslik.si\/wp-content\/uploads\/2021\/09\/Pierre-A.-Renoir-\u2013-Still-Life-with-Peaches-3-768x432.jpg 768w, https:\/\/svetslik.si\/wp-content\/uploads\/2021\/09\/Pierre-A.-Renoir-\u2013-Still-Life-with-Peaches-3-1536x865.jpg 1536w, https:\/\/svetslik.si\/wp-content\/uploads\/2021\/09\/Pierre-A.-Renoir-\u2013-Still-Life-with-Peaches-3-2048x1153.jpg 2048w, https:\/\/svetslik.si\/wp-content\/uploads\/2021\/09\/Pierre-A.-Renoir-\u2013-Still-Life-with-Peaches-3-18x10.jpg 18w, https:\/\/svetslik.si\/wp-content\/uploads\/2021\/09\/Pierre-A.-Renoir-\u2013-Still-Life-with-Peaches-3-150x84.jpg 150w, https:\/\/svetslik.si\/wp-content\/uploads\/2021\/09\/Pierre-A.-Renoir-\u2013-Still-Life-with-Peaches-3-1320x743.jpg 1320w\" sizes=\"(max-width: 2560px) 100vw, 2560px\" \/>\t\t\t\t<\/div>\n\t\t\t\t\t\t\t\t\t\t\t<\/div>\n\t<\/div>\n  [\/vc_column][\/vc_row][vc_row][vc_column][vc_column_text]\n<h1>Pierre A. Renoir &#8211; Natura morta con pesche<\/h1>\n<p>&nbsp;<\/p>\n<table border=\"0\" width=\"632\" cellspacing=\"0\" cellpadding=\"0\">\n<tr>\n<td height=\"21\">Anno di creazione:<\/td>\n<td style=\"width: 452px\">1881<\/td>\n<\/tr>\n<tr>\n<td height=\"21\">Dimensione originale:<\/td>\n<td style=\"width: 452px\">64,8 cm x 53,3 cm<\/td>\n<\/tr>\n<tr>\n<td height=\"21\">Stile colore:<\/td>\n<td style=\"width: 452px\">Impressionismo<\/td>\n<\/tr>\n<tr>\n<td height=\"21\">Tecnica originale:<\/td>\n<td>Olio su tela<\/td>\n<\/tr>\n<tr>\n<td height=\"21\">Situato:<\/td>\n<td style=\"width: 452px\">Metropolitan Museum of Art, New York<\/td>\n<\/tr>\n<\/tbody>\n<colgroup>\n<col \/>\n<col \/> <\/colgroup>\n<\/table>\n<p>All&#8217;inizio degli anni &#8217;80 del XIX secolo, Renoir si dedic\u00f2 alla ricerca artistica. Durante questo periodo si guadagnava da vivere dipingendo ritratti e nature morte, trovando possibilit\u00e0 di sperimentazione anche nella pittura di nature morte. Renoir in seguito dichiar\u00f2 di essere molto rilassato quando dipingeva nature morte, poich\u00e9 era libero di sperimentare tecniche diverse senza preoccuparsi dell&#8217;aspetto finale del dipinto.[\/vc_column_text][\/vc_column][\/vc_row]\n<\/div>","protected":false},"excerpt":{"rendered":"<p>[vc_row css=&#8221;.vc_custom_1670947865203{margin-bottom: 10px !important;}&#8221;][vc_column][\/vc_column][\/vc_row][vc_row css =&#8221;.vc_custom_1670947865203{margin-bottom: 10px !important;}&#8221;][vc_column][\/vc_column][\/vc_row][vc_row css=&#8221;. vc_custom_1670947865203{margin-bottom: 10px !important;}&#8221;][vc_column][\/vc_column][\/vc_row][vc_row][vc_row css=&#8221;.vc_custom_1670947865203{margine -bottom: 10px !important;}&#8221;][vc_column][\/vc_column][\/vc_row][vc_row][vc_column][vc_column_text] Pierre A. Renoir &#8211; Natura morta con pesche &nbsp; Anno di creazione: 1881 Dimensione originale: 64,8 cm x 53,3 cm Stile colore: Impressionismo Tecnica originale: Olio su tela Situato: Metropolitan Museum of Art, New [&hellip;]<\/p>\n","protected":false},"featured_media":35629,"template":"","meta":{"_acf_changed":false},"product_brand":[],"product_cat":[4187],"product_tag":[4244,4246,4245,4253],"class_list":{"0":"post-39426","1":"product","2":"type-product","3":"status-publish","4":"has-post-thumbnail","6":"product_cat-pierre-a-renoir","7":"product_tag-renoir-it","8":"product_tag-riproduzione-it","9":"product_tag-riproduzione","10":"product_tag-un-pittore","11":"pa_dimenzija-120-x-100-cm-it","12":"pa_dimenzija-180-x-80-cm-it","13":"pa_dimenzija-40-x-30-cm-it","14":"pa_dimenzija-50-x-40-cm-it","15":"pa_dimenzija-60-x-50-cm-it","16":"pa_dimenzija-65-x-53-cm-it","17":"pa_dimenzija-70-x-60-cm-it","18":"pa_dimenzija-80-x-65-cm-it","19":"pa_oblika-orizzontale","20":"pa_okvir-sensa-cornice","21":"pa_podokvir-no","22":"pa_podokvir-si","24":"first","25":"onbackorder","26":"purchasable","27":"product-type-variable","28":"has-default-attributes"},"acf":[],"yoast_head":"<!-- This site is optimized with the Yoast SEO Premium plugin v26.0 (Yoast SEO v27.2) - https:\/\/yoast.com\/product\/yoast-seo-premium-wordpress\/ -->\n<title>Pierre A. Renoir - Still Life with Peaches - SVETSLIK.SI - Dipinti a mano al 100%<\/title>\n<meta name=\"description\" content=\"Pierre A. Renoir - Still Life with Peaches - Riproduzioni di quadri d&#039;arte dipinte a mano al 100% su tela. Cornici per quadri, vendita e produzione di dimensioni su ordinazione.\" \/>\n<meta name=\"robots\" content=\"index, follow, max-snippet:-1, max-image-preview:large, max-video-preview:-1\" \/>\n<link rel=\"canonical\" href=\"https:\/\/svetslik.si\/it\/pierre-a-renoir\/still-life-with-peaches\/\" \/>\n<meta property=\"og:locale\" content=\"it_IT\" \/>\n<meta property=\"og:type\" content=\"article\" \/>\n<meta property=\"og:title\" content=\"Pierre A. Renoir - Still Life with Peaches\" \/>\n<meta property=\"og:description\" content=\"100% ro\u010dno naslikane slike na platnu, reprodukcije znanih slikarjev in umetni\u0161ke slike po naro\u010dilu.\" \/>\n<meta property=\"og:url\" content=\"https:\/\/svetslik.si\/it\/pierre-a-renoir\/still-life-with-peaches\/\" \/>\n<meta property=\"og:site_name\" content=\"SVETSLIK.SI\" \/>\n<meta property=\"article:publisher\" content=\"https:\/\/www.facebook.com\/svetslik.si\" \/>\n<meta property=\"article:modified_time\" content=\"2026-03-22T20:32:26+00:00\" \/>\n<meta property=\"og:image\" content=\"https:\/\/svetslik.si\/wp-content\/uploads\/2021\/08\/image_Still-Life-with-Peaches-Renoir_680.jpg\" \/>\n\t<meta property=\"og:image:width\" content=\"680\" \/>\n\t<meta property=\"og:image:height\" content=\"562\" \/>\n\t<meta property=\"og:image:type\" content=\"image\/jpeg\" \/>\n<meta name=\"twitter:card\" content=\"summary_large_image\" \/>\n<meta name=\"twitter:site\" content=\"@svetslik\" \/>\n<meta name=\"twitter:label1\" content=\"Disponibilit\u00e0\" \/>\n\t<meta name=\"twitter:data1\" content=\"Su ordinazione\" \/>\n<script type=\"application\/ld+json\" class=\"yoast-schema-graph\">{\"@context\":\"https:\/\/schema.org\",\"@graph\":[{\"@type\":[\"WebPage\",\"ItemPage\"],\"@id\":\"https:\/\/svetslik.si\/it\/pierre-a-renoir\/still-life-with-peaches\/\",\"url\":\"https:\/\/svetslik.si\/it\/pierre-a-renoir\/still-life-with-peaches\/\",\"name\":\"Pierre A. Renoir - Still Life with Peaches - SVETSLIK.SI - Dipinti a mano al 100%\",\"isPartOf\":{\"@id\":\"https:\/\/svetslik.si\/it\/#website\"},\"primaryImageOfPage\":{\"@id\":\"https:\/\/svetslik.si\/it\/pierre-a-renoir\/still-life-with-peaches\/#primaryimage\"},\"image\":{\"@id\":\"https:\/\/svetslik.si\/it\/pierre-a-renoir\/still-life-with-peaches\/#primaryimage\"},\"thumbnailUrl\":\"https:\/\/svetslik.si\/wp-content\/uploads\/2021\/08\/image_Still-Life-with-Peaches-Renoir_680.jpg\",\"datePublished\":\"2021-09-02T15:57:47+00:00\",\"dateModified\":\"2026-03-22T20:32:26+00:00\",\"description\":\"Pierre A. Renoir - Still Life with Peaches - Riproduzioni di quadri d'arte dipinte a mano al 100% su tela. Cornici per quadri, vendita e produzione di dimensioni su ordinazione.\",\"breadcrumb\":{\"@id\":\"https:\/\/svetslik.si\/it\/pierre-a-renoir\/still-life-with-peaches\/#breadcrumb\"},\"inLanguage\":\"it-IT\",\"potentialAction\":[{\"@type\":\"ReadAction\",\"target\":[\"https:\/\/svetslik.si\/it\/pierre-a-renoir\/still-life-with-peaches\/\"]}]},{\"@type\":\"ImageObject\",\"inLanguage\":\"it-IT\",\"@id\":\"https:\/\/svetslik.si\/it\/pierre-a-renoir\/still-life-with-peaches\/#primaryimage\",\"url\":\"https:\/\/svetslik.si\/wp-content\/uploads\/2021\/08\/image_Still-Life-with-Peaches-Renoir_680.jpg\",\"contentUrl\":\"https:\/\/svetslik.si\/wp-content\/uploads\/2021\/08\/image_Still-Life-with-Peaches-Renoir_680.jpg\",\"width\":680,\"height\":562,\"caption\":\"Joan Miro - Still Life with Old Shoe - Riproduzioni dipinte a mano di famosi pittori, quadri moderni, quadri d'arte per la parete\"},{\"@type\":\"BreadcrumbList\",\"@id\":\"https:\/\/svetslik.si\/it\/pierre-a-renoir\/still-life-with-peaches\/#breadcrumb\",\"itemListElement\":[{\"@type\":\"ListItem\",\"position\":1,\"name\":\"Fali m\u0171v\u00e9szet \u00e9s festm\u00e9nyek v\u00e1szonra\",\"item\":\"https:\/\/svetslik.si\/it\/\"},{\"@type\":\"ListItem\",\"position\":2,\"name\":\"Vendita di dipinti\",\"item\":\"https:\/\/svetslik.si\/prodaja-slik\/\"},{\"@type\":\"ListItem\",\"position\":3,\"name\":\"Pierre A. Renoir &#8211; Still Life with Peaches\"}]},{\"@type\":\"WebSite\",\"@id\":\"https:\/\/svetslik.si\/it\/#website\",\"url\":\"https:\/\/svetslik.si\/it\/\",\"name\":\"SVETSLIK.SI\",\"description\":\"100% riproduzioni dipinte a mano di quadri di pittori famosi e dipinti su tela.\",\"publisher\":{\"@id\":\"https:\/\/svetslik.si\/it\/#organization\"},\"potentialAction\":[{\"@type\":\"SearchAction\",\"target\":{\"@type\":\"EntryPoint\",\"urlTemplate\":\"https:\/\/svetslik.si\/it\/?s={search_term_string}\"},\"query-input\":{\"@type\":\"PropertyValueSpecification\",\"valueRequired\":true,\"valueName\":\"search_term_string\"}}],\"inLanguage\":\"it-IT\"},{\"@type\":\"Organization\",\"@id\":\"https:\/\/svetslik.si\/it\/#organization\",\"name\":\"SvetSlik.si\",\"url\":\"https:\/\/svetslik.si\/it\/\",\"logo\":{\"@type\":\"ImageObject\",\"inLanguage\":\"it-IT\",\"@id\":\"https:\/\/svetslik.si\/it\/#\/schema\/logo\/image\/\",\"url\":\"https:\/\/svetslik.si\/wp-content\/uploads\/2020\/12\/logo-512.png\",\"contentUrl\":\"https:\/\/svetslik.si\/wp-content\/uploads\/2020\/12\/logo-512.png\",\"width\":512,\"height\":512,\"caption\":\"SvetSlik.si\"},\"image\":{\"@id\":\"https:\/\/svetslik.si\/it\/#\/schema\/logo\/image\/\"},\"sameAs\":[\"https:\/\/www.facebook.com\/svetslik.si\",\"https:\/\/x.com\/svetslik\",\"https:\/\/www.instagram.com\/svetslik.si\/\",\"https:\/\/www.linkedin.com\/company\/svetslik-si\"]}]}<\/script>\n<meta property=\"og:availability\" content=\"backorder\" \/>\n<meta property=\"product:availability\" content=\"available for order\" \/>\n<meta property=\"product:retailer_item_id\" content=\"323__\" \/>\n<meta property=\"product:condition\" content=\"new\" \/>\n<!-- \/ Yoast SEO Premium plugin. -->","yoast_head_json":{"title":"Pierre A. Renoir - Still Life with Peaches - SVETSLIK.SI - Dipinti a mano al 100%","description":"Pierre A. Renoir - Still Life with Peaches - Riproduzioni di quadri d'arte dipinte a mano al 100% su tela. Cornici per quadri, vendita e produzione di dimensioni su ordinazione.","robots":{"index":"index","follow":"follow","max-snippet":"max-snippet:-1","max-image-preview":"max-image-preview:large","max-video-preview":"max-video-preview:-1"},"canonical":"https:\/\/svetslik.si\/it\/pierre-a-renoir\/still-life-with-peaches\/","og_locale":"it_IT","og_type":"article","og_title":"Pierre A. Renoir - Still Life with Peaches","og_description":"100% ro\u010dno naslikane slike na platnu, reprodukcije znanih slikarjev in umetni\u0161ke slike po naro\u010dilu.","og_url":"https:\/\/svetslik.si\/it\/pierre-a-renoir\/still-life-with-peaches\/","og_site_name":"SVETSLIK.SI","article_publisher":"https:\/\/www.facebook.com\/svetslik.si","article_modified_time":"2026-03-22T20:32:26+00:00","og_image":[{"width":680,"height":562,"url":"https:\/\/svetslik.si\/wp-content\/uploads\/2021\/08\/image_Still-Life-with-Peaches-Renoir_680.jpg","type":"image\/jpeg"}],"twitter_card":"summary_large_image","twitter_site":"@svetslik","twitter_misc":{"Disponibilit\u00e0":"Su ordinazione"},"schema":{"@context":"https:\/\/schema.org","@graph":[{"@type":["WebPage","ItemPage"],"@id":"https:\/\/svetslik.si\/it\/pierre-a-renoir\/still-life-with-peaches\/","url":"https:\/\/svetslik.si\/it\/pierre-a-renoir\/still-life-with-peaches\/","name":"Pierre A. Renoir - Still Life with Peaches - SVETSLIK.SI - Dipinti a mano al 100%","isPartOf":{"@id":"https:\/\/svetslik.si\/it\/#website"},"primaryImageOfPage":{"@id":"https:\/\/svetslik.si\/it\/pierre-a-renoir\/still-life-with-peaches\/#primaryimage"},"image":{"@id":"https:\/\/svetslik.si\/it\/pierre-a-renoir\/still-life-with-peaches\/#primaryimage"},"thumbnailUrl":"https:\/\/svetslik.si\/wp-content\/uploads\/2021\/08\/image_Still-Life-with-Peaches-Renoir_680.jpg","datePublished":"2021-09-02T15:57:47+00:00","dateModified":"2026-03-22T20:32:26+00:00","description":"Pierre A. Renoir - Still Life with Peaches - Riproduzioni di quadri d'arte dipinte a mano al 100% su tela. Cornici per quadri, vendita e produzione di dimensioni su ordinazione.","breadcrumb":{"@id":"https:\/\/svetslik.si\/it\/pierre-a-renoir\/still-life-with-peaches\/#breadcrumb"},"inLanguage":"it-IT","potentialAction":[{"@type":"ReadAction","target":["https:\/\/svetslik.si\/it\/pierre-a-renoir\/still-life-with-peaches\/"]}]},{"@type":"ImageObject","inLanguage":"it-IT","@id":"https:\/\/svetslik.si\/it\/pierre-a-renoir\/still-life-with-peaches\/#primaryimage","url":"https:\/\/svetslik.si\/wp-content\/uploads\/2021\/08\/image_Still-Life-with-Peaches-Renoir_680.jpg","contentUrl":"https:\/\/svetslik.si\/wp-content\/uploads\/2021\/08\/image_Still-Life-with-Peaches-Renoir_680.jpg","width":680,"height":562,"caption":"Joan Miro - Still Life with Old Shoe - Riproduzioni dipinte a mano di famosi pittori, quadri moderni, quadri d'arte per la parete"},{"@type":"BreadcrumbList","@id":"https:\/\/svetslik.si\/it\/pierre-a-renoir\/still-life-with-peaches\/#breadcrumb","itemListElement":[{"@type":"ListItem","position":1,"name":"Fali m\u0171v\u00e9szet \u00e9s festm\u00e9nyek v\u00e1szonra","item":"https:\/\/svetslik.si\/it\/"},{"@type":"ListItem","position":2,"name":"Vendita di dipinti","item":"https:\/\/svetslik.si\/prodaja-slik\/"},{"@type":"ListItem","position":3,"name":"Pierre A. Renoir &#8211; Still Life with Peaches"}]},{"@type":"WebSite","@id":"https:\/\/svetslik.si\/it\/#website","url":"https:\/\/svetslik.si\/it\/","name":"SVETSLIK.SI","description":"100% riproduzioni dipinte a mano di quadri di pittori famosi e dipinti su tela.","publisher":{"@id":"https:\/\/svetslik.si\/it\/#organization"},"potentialAction":[{"@type":"SearchAction","target":{"@type":"EntryPoint","urlTemplate":"https:\/\/svetslik.si\/it\/?s={search_term_string}"},"query-input":{"@type":"PropertyValueSpecification","valueRequired":true,"valueName":"search_term_string"}}],"inLanguage":"it-IT"},{"@type":"Organization","@id":"https:\/\/svetslik.si\/it\/#organization","name":"SvetSlik.si","url":"https:\/\/svetslik.si\/it\/","logo":{"@type":"ImageObject","inLanguage":"it-IT","@id":"https:\/\/svetslik.si\/it\/#\/schema\/logo\/image\/","url":"https:\/\/svetslik.si\/wp-content\/uploads\/2020\/12\/logo-512.png","contentUrl":"https:\/\/svetslik.si\/wp-content\/uploads\/2020\/12\/logo-512.png","width":512,"height":512,"caption":"SvetSlik.si"},"image":{"@id":"https:\/\/svetslik.si\/it\/#\/schema\/logo\/image\/"},"sameAs":["https:\/\/www.facebook.com\/svetslik.si","https:\/\/x.com\/svetslik","https:\/\/www.instagram.com\/svetslik.si\/","https:\/\/www.linkedin.com\/company\/svetslik-si"]}]},"og_availability":"backorder","product_availability":"available for order","product_retailer_item_id":"323__","product_condition":"new"},"jetpack_sharing_enabled":true,"_links":{"self":[{"href":"https:\/\/svetslik.si\/it\/wp-json\/wp\/v2\/product\/39426","targetHints":{"allow":["GET"]}}],"collection":[{"href":"https:\/\/svetslik.si\/it\/wp-json\/wp\/v2\/product"}],"about":[{"href":"https:\/\/svetslik.si\/it\/wp-json\/wp\/v2\/types\/product"}],"wp:featuredmedia":[{"embeddable":true,"href":"https:\/\/svetslik.si\/it\/wp-json\/wp\/v2\/media\/35629"}],"wp:attachment":[{"href":"https:\/\/svetslik.si\/it\/wp-json\/wp\/v2\/media?parent=39426"}],"wp:term":[{"taxonomy":"product_brand","embeddable":true,"href":"https:\/\/svetslik.si\/it\/wp-json\/wp\/v2\/product_brand?post=39426"},{"taxonomy":"product_cat","embeddable":true,"href":"https:\/\/svetslik.si\/it\/wp-json\/wp\/v2\/product_cat?post=39426"},{"taxonomy":"product_tag","embeddable":true,"href":"https:\/\/svetslik.si\/it\/wp-json\/wp\/v2\/product_tag?post=39426"}],"curies":[{"name":"wp","href":"https:\/\/api.w.org\/{rel}","templated":true}]}}