{"id":39435,"date":"2021-09-02T17:58:00","date_gmt":"2021-09-02T15:58:00","guid":{"rendered":"https:\/\/svetslik.si\/senza-categoria\/cypresses\/"},"modified":"2026-03-22T21:33:07","modified_gmt":"2026-03-22T20:33:07","slug":"cypresses","status":"publish","type":"product","link":"https:\/\/svetslik.si\/it\/vincent-van-gogh\/cypresses\/","title":{"rendered":"Vincent van Gogh &#8211; Cypresses"},"content":{"rendered":"<h1>Vincent Van Gogh &#8211; Cipressi<\/h1>\n<p>&nbsp;<\/p>\n<table border=\"0\" width=\"593\" cellspacing=\"0\" cellpadding=\"0\">\n<tr>\n<td height=\"21\">Anno di creazione:<\/td>\n<td style=\"width: 439px\">1889<\/td>\n<\/tr>\n<tr>\n<td height=\"21\">Dimensione originale:<\/td>\n<td style=\"width: 439px\">73 cm x 92 cm<\/td>\n<\/tr>\n<tr>\n<td height=\"21\">Stile colore:<\/td>\n<td style=\"width: 439px\">Post impressionismo<\/td>\n<\/tr>\n<tr>\n<td height=\"21\">Tecnica originale:<\/td>\n<td style=\"width: 439px\">Olio su tela<\/td>\n<\/tr>\n<tr>\n<td height=\"21\">Situato:<\/td>\n<td style=\"width: 439px\">\n<div>Metropolitan Museum of Art, New York<\/div>\n<\/td>\n<\/tr>\n<\/tbody>\n<\/table>\n<p>&nbsp;<\/p>\n<div>Olio su tela <em>Cipressi<\/em> \u00e8 stato dipinto dall&#8217;artista poco dopo l&#8217;inizio del suo soggiorno nel sanatorio di Saint R\u00e9my. Il fascino di Van Gogh per i cipressi ha dato vita a tre dipinti: in due, i cipressi sono mostrati da vicino come enormi alberi rigogliosi su tele verticali (anche questo dipinto); sulla terza, che poi ripet\u00e9 in due versioni, dipinse un campo di cipressi su tela orizzontale.<\/div>\n<div>Il pittore ha detto dei cipressi che &#8220;sono come una macchia nera su un paesaggio altrimenti assolato, ma questa macchia \u00e8 una delle pi\u00f9 interessanti, perch\u00e9 \u00e8 la pi\u00f9 difficile da rappresentare esattamente ci\u00f2 che immagino&#8221;.<\/div>\n<div><\/div>\n<div>&#8220;Cypresses&#8221; \u00e8 una serie di dipinti dell&#8217;artista olandese Vincent van Gogh creata nel 1889 e nel 1890. Questa serie di dipinti \u00e8 considerata una delle opere pi\u00f9 belle e iconiche di Van Gogh, mostrando la sua abilit\u00e0 nel catturare l&#8217;essenza della natura e il serenit\u00e0 della campagna. I dipinti raffigurano cipressi, alberi alti, di colore verde scuro e conici che spesso vengono associati a cimiteri e cimiteri. I dipinti sono ampiamente riconosciuti per le loro pennellate audaci, l&#8217;emotivit\u00e0 e il forte simbolismo.<\/div>\n<div>\n<p>La composizione dei dipinti \u00e8 semplice ma efficace, in quanto i cipressi occupano la maggior parte dello spazio sulla tela. Anche l&#8217;uso del colore nei dipinti \u00e8 degno di nota, poich\u00e9 Van Gogh utilizza colori audaci e contrastanti che creano un senso di movimento ed energia. I cipressi sono raffigurati nei toni del verde e del blu, creando un senso di terrosit\u00e0 e pace. Le pennellate nei dipinti sono dense e visibili, conferendo ai dipinti un senso di movimento ed energia.<\/p>\n<p>Anche il simbolismo nei dipinti \u00e8 ricco, poich\u00e9 i cipressi rappresentano l&#8217;idea di morte, immortalit\u00e0 ed eternit\u00e0. Si dice anche che i dipinti rappresentino lo stato emotivo di Van Gogh in quel momento. Creati mentre Van Gogh viveva nel Santuario di Saint-Paul-de-Mausole a Saint-R\u00e9my-de-Provence, in Francia, si ritiene che i dipinti riflettano i sentimenti di nostalgia dell&#8217;artista per il mondo naturale e il collegamento con la natura come forma di guarigione.<\/p>\n<p>La serie &#8220;Cipro&#8221; \u00e8 considerata una delle opere pi\u00f9 iconiche e potenti di Van Gogh. Si trovano in vari musei in tutto il mondo, come il Metropolitan Museum di New York, la National Gallery di Washington e il Van Gogh Museum di Amsterdam, Paesi Bassi. \u00c8 un&#8217;importante opera post-impressionista che \u00e8 ancora ammirata e studiata da appassionati ed esperti d&#8217;arte. Le potenti immagini, l&#8217;emotivit\u00e0 e il ricco simbolismo rendono i dipinti un must per ogni amante dell&#8217;arte e chiunque sia interessato al lavoro di Vincent van Gogh.<\/p>\n<\/div>\n<div><\/div>\n","protected":false},"excerpt":{"rendered":"<p>Vincent Van Gogh &#8211; Cipressi &nbsp; Anno di creazione: 1889 Dimensione originale: 73 cm x 92 cm Stile colore: Post impressionismo Tecnica originale: Olio su tela Situato: Metropolitan Museum of Art, New York &nbsp; Olio su tela Cipressi \u00e8 stato dipinto dall&#8217;artista poco dopo l&#8217;inizio del suo soggiorno nel sanatorio [&hellip;]<\/p>\n","protected":false},"featured_media":35012,"template":"","meta":{"_acf_changed":false},"product_brand":[],"product_cat":[4189],"product_tag":[4245,4246,4253,4265],"class_list":{"0":"post-39435","1":"product","2":"type-product","3":"status-publish","4":"has-post-thumbnail","6":"product_cat-vincent-van-gogh","7":"product_tag-riproduzione","8":"product_tag-riproduzione-it","9":"product_tag-un-pittore","10":"product_tag-van-gogh-it","11":"pa_dimenzija-100-x-130-cm-it","12":"pa_dimenzija-120-x-150-cm-it","13":"pa_dimenzija-40-x-50-cm-it","14":"pa_dimenzija-50-x-60-cm-it","15":"pa_dimenzija-60-x-80-cm-it","16":"pa_dimenzija-73-x-92-cm-it","17":"pa_dimenzija-80-x-100-cm-it","18":"pa_oblika-verticale","19":"pa_okvir-sensa-cornice","20":"pa_podokvir-no","21":"pa_podokvir-si","23":"first","24":"onbackorder","25":"purchasable","26":"product-type-variable","27":"has-default-attributes"},"acf":[],"yoast_head":"<!-- This site is optimized with the Yoast SEO Premium plugin v26.0 (Yoast SEO v27.2) - https:\/\/yoast.com\/product\/yoast-seo-premium-wordpress\/ -->\n<title>Vincent van Gogh - Cypresses - SVETSLIK.SI - Dipinti a mano al 100%<\/title>\n<meta name=\"description\" content=\"Vincent van Gogh - Cypresses - Riproduzioni di quadri d&#039;arte dipinte a mano al 100% su tela. Cornici per quadri, vendita e produzione di dimensioni su ordinazione.\" \/>\n<meta name=\"robots\" content=\"index, follow, max-snippet:-1, max-image-preview:large, max-video-preview:-1\" \/>\n<link rel=\"canonical\" href=\"https:\/\/svetslik.si\/it\/vincent-van-gogh\/cypresses\/\" \/>\n<meta property=\"og:locale\" content=\"it_IT\" \/>\n<meta property=\"og:type\" content=\"article\" \/>\n<meta property=\"og:title\" content=\"Vincent van Gogh - Cypresses\" \/>\n<meta property=\"og:description\" content=\"100% ro\u010dno naslikane slike na platnu, reprodukcije znanih slikarjev in umetni\u0161ke slike po naro\u010dilu.\" \/>\n<meta property=\"og:url\" content=\"https:\/\/svetslik.si\/it\/vincent-van-gogh\/cypresses\/\" \/>\n<meta property=\"og:site_name\" content=\"SVETSLIK.SI\" \/>\n<meta property=\"article:publisher\" content=\"https:\/\/www.facebook.com\/svetslik.si\" \/>\n<meta property=\"article:modified_time\" content=\"2026-03-22T20:33:07+00:00\" \/>\n<meta property=\"og:image\" content=\"https:\/\/svetslik.si\/wp-content\/uploads\/2021\/08\/image_Cypresses_680-scaled.jpg\" \/>\n\t<meta property=\"og:image:width\" content=\"1994\" \/>\n\t<meta property=\"og:image:height\" content=\"2560\" \/>\n\t<meta property=\"og:image:type\" content=\"image\/jpeg\" \/>\n<meta name=\"twitter:card\" content=\"summary_large_image\" \/>\n<meta name=\"twitter:site\" content=\"@svetslik\" \/>\n<meta name=\"twitter:label1\" content=\"Disponibilit\u00e0\" \/>\n\t<meta name=\"twitter:data1\" content=\"Su ordinazione\" \/>\n<script type=\"application\/ld+json\" class=\"yoast-schema-graph\">{\"@context\":\"https:\/\/schema.org\",\"@graph\":[{\"@type\":[\"WebPage\",\"ItemPage\"],\"@id\":\"https:\/\/svetslik.si\/it\/vincent-van-gogh\/cypresses\/\",\"url\":\"https:\/\/svetslik.si\/it\/vincent-van-gogh\/cypresses\/\",\"name\":\"Vincent van Gogh - Cypresses - SVETSLIK.SI - Dipinti a mano al 100%\",\"isPartOf\":{\"@id\":\"https:\/\/svetslik.si\/it\/#website\"},\"primaryImageOfPage\":{\"@id\":\"https:\/\/svetslik.si\/it\/vincent-van-gogh\/cypresses\/#primaryimage\"},\"image\":{\"@id\":\"https:\/\/svetslik.si\/it\/vincent-van-gogh\/cypresses\/#primaryimage\"},\"thumbnailUrl\":\"https:\/\/svetslik.si\/wp-content\/uploads\/2021\/08\/image_Cypresses_680-scaled.jpg\",\"datePublished\":\"2021-09-02T15:58:00+00:00\",\"dateModified\":\"2026-03-22T20:33:07+00:00\",\"description\":\"Vincent van Gogh - Cypresses - Riproduzioni di quadri d'arte dipinte a mano al 100% su tela. Cornici per quadri, vendita e produzione di dimensioni su ordinazione.\",\"breadcrumb\":{\"@id\":\"https:\/\/svetslik.si\/it\/vincent-van-gogh\/cypresses\/#breadcrumb\"},\"inLanguage\":\"it-IT\",\"potentialAction\":[{\"@type\":\"ReadAction\",\"target\":[\"https:\/\/svetslik.si\/it\/vincent-van-gogh\/cypresses\/\"]}]},{\"@type\":\"ImageObject\",\"inLanguage\":\"it-IT\",\"@id\":\"https:\/\/svetslik.si\/it\/vincent-van-gogh\/cypresses\/#primaryimage\",\"url\":\"https:\/\/svetslik.si\/wp-content\/uploads\/2021\/08\/image_Cypresses_680-scaled.jpg\",\"contentUrl\":\"https:\/\/svetslik.si\/wp-content\/uploads\/2021\/08\/image_Cypresses_680-scaled.jpg\",\"width\":1994,\"height\":2560,\"caption\":\"Vincent Van Gogh - Cipressi - Reproduzione - quadro riprodotto a mano, olio su tela, dipinto ad olio, quadro artistico, quadro moderno da parete, quadro ambientale, quadro astratto, quadro decorativo\"},{\"@type\":\"BreadcrumbList\",\"@id\":\"https:\/\/svetslik.si\/it\/vincent-van-gogh\/cypresses\/#breadcrumb\",\"itemListElement\":[{\"@type\":\"ListItem\",\"position\":1,\"name\":\"Fali m\u0171v\u00e9szet \u00e9s festm\u00e9nyek v\u00e1szonra\",\"item\":\"https:\/\/svetslik.si\/it\/\"},{\"@type\":\"ListItem\",\"position\":2,\"name\":\"Vendita di dipinti\",\"item\":\"https:\/\/svetslik.si\/prodaja-slik\/\"},{\"@type\":\"ListItem\",\"position\":3,\"name\":\"Vincent van Gogh &#8211; Cypresses\"}]},{\"@type\":\"WebSite\",\"@id\":\"https:\/\/svetslik.si\/it\/#website\",\"url\":\"https:\/\/svetslik.si\/it\/\",\"name\":\"SVETSLIK.SI\",\"description\":\"100% riproduzioni dipinte a mano di quadri di pittori famosi e dipinti su tela.\",\"publisher\":{\"@id\":\"https:\/\/svetslik.si\/it\/#organization\"},\"potentialAction\":[{\"@type\":\"SearchAction\",\"target\":{\"@type\":\"EntryPoint\",\"urlTemplate\":\"https:\/\/svetslik.si\/it\/?s={search_term_string}\"},\"query-input\":{\"@type\":\"PropertyValueSpecification\",\"valueRequired\":true,\"valueName\":\"search_term_string\"}}],\"inLanguage\":\"it-IT\"},{\"@type\":\"Organization\",\"@id\":\"https:\/\/svetslik.si\/it\/#organization\",\"name\":\"SvetSlik.si\",\"url\":\"https:\/\/svetslik.si\/it\/\",\"logo\":{\"@type\":\"ImageObject\",\"inLanguage\":\"it-IT\",\"@id\":\"https:\/\/svetslik.si\/it\/#\/schema\/logo\/image\/\",\"url\":\"https:\/\/svetslik.si\/wp-content\/uploads\/2020\/12\/logo-512.png\",\"contentUrl\":\"https:\/\/svetslik.si\/wp-content\/uploads\/2020\/12\/logo-512.png\",\"width\":512,\"height\":512,\"caption\":\"SvetSlik.si\"},\"image\":{\"@id\":\"https:\/\/svetslik.si\/it\/#\/schema\/logo\/image\/\"},\"sameAs\":[\"https:\/\/www.facebook.com\/svetslik.si\",\"https:\/\/x.com\/svetslik\",\"https:\/\/www.instagram.com\/svetslik.si\/\",\"https:\/\/www.linkedin.com\/company\/svetslik-si\"]}]}<\/script>\n<meta property=\"og:availability\" content=\"backorder\" \/>\n<meta property=\"product:availability\" content=\"available for order\" \/>\n<meta property=\"product:retailer_item_id\" content=\"324__\" \/>\n<meta property=\"product:condition\" content=\"new\" \/>\n<!-- \/ Yoast SEO Premium plugin. -->","yoast_head_json":{"title":"Vincent van Gogh - Cypresses - SVETSLIK.SI - Dipinti a mano al 100%","description":"Vincent van Gogh - Cypresses - Riproduzioni di quadri d'arte dipinte a mano al 100% su tela. Cornici per quadri, vendita e produzione di dimensioni su ordinazione.","robots":{"index":"index","follow":"follow","max-snippet":"max-snippet:-1","max-image-preview":"max-image-preview:large","max-video-preview":"max-video-preview:-1"},"canonical":"https:\/\/svetslik.si\/it\/vincent-van-gogh\/cypresses\/","og_locale":"it_IT","og_type":"article","og_title":"Vincent van Gogh - Cypresses","og_description":"100% ro\u010dno naslikane slike na platnu, reprodukcije znanih slikarjev in umetni\u0161ke slike po naro\u010dilu.","og_url":"https:\/\/svetslik.si\/it\/vincent-van-gogh\/cypresses\/","og_site_name":"SVETSLIK.SI","article_publisher":"https:\/\/www.facebook.com\/svetslik.si","article_modified_time":"2026-03-22T20:33:07+00:00","og_image":[{"width":1994,"height":2560,"url":"https:\/\/svetslik.si\/wp-content\/uploads\/2021\/08\/image_Cypresses_680-scaled.jpg","type":"image\/jpeg"}],"twitter_card":"summary_large_image","twitter_site":"@svetslik","twitter_misc":{"Disponibilit\u00e0":"Su ordinazione"},"schema":{"@context":"https:\/\/schema.org","@graph":[{"@type":["WebPage","ItemPage"],"@id":"https:\/\/svetslik.si\/it\/vincent-van-gogh\/cypresses\/","url":"https:\/\/svetslik.si\/it\/vincent-van-gogh\/cypresses\/","name":"Vincent van Gogh - Cypresses - SVETSLIK.SI - Dipinti a mano al 100%","isPartOf":{"@id":"https:\/\/svetslik.si\/it\/#website"},"primaryImageOfPage":{"@id":"https:\/\/svetslik.si\/it\/vincent-van-gogh\/cypresses\/#primaryimage"},"image":{"@id":"https:\/\/svetslik.si\/it\/vincent-van-gogh\/cypresses\/#primaryimage"},"thumbnailUrl":"https:\/\/svetslik.si\/wp-content\/uploads\/2021\/08\/image_Cypresses_680-scaled.jpg","datePublished":"2021-09-02T15:58:00+00:00","dateModified":"2026-03-22T20:33:07+00:00","description":"Vincent van Gogh - Cypresses - Riproduzioni di quadri d'arte dipinte a mano al 100% su tela. Cornici per quadri, vendita e produzione di dimensioni su ordinazione.","breadcrumb":{"@id":"https:\/\/svetslik.si\/it\/vincent-van-gogh\/cypresses\/#breadcrumb"},"inLanguage":"it-IT","potentialAction":[{"@type":"ReadAction","target":["https:\/\/svetslik.si\/it\/vincent-van-gogh\/cypresses\/"]}]},{"@type":"ImageObject","inLanguage":"it-IT","@id":"https:\/\/svetslik.si\/it\/vincent-van-gogh\/cypresses\/#primaryimage","url":"https:\/\/svetslik.si\/wp-content\/uploads\/2021\/08\/image_Cypresses_680-scaled.jpg","contentUrl":"https:\/\/svetslik.si\/wp-content\/uploads\/2021\/08\/image_Cypresses_680-scaled.jpg","width":1994,"height":2560,"caption":"Vincent Van Gogh - Cipressi - Reproduzione - quadro riprodotto a mano, olio su tela, dipinto ad olio, quadro artistico, quadro moderno da parete, quadro ambientale, quadro astratto, quadro decorativo"},{"@type":"BreadcrumbList","@id":"https:\/\/svetslik.si\/it\/vincent-van-gogh\/cypresses\/#breadcrumb","itemListElement":[{"@type":"ListItem","position":1,"name":"Fali m\u0171v\u00e9szet \u00e9s festm\u00e9nyek v\u00e1szonra","item":"https:\/\/svetslik.si\/it\/"},{"@type":"ListItem","position":2,"name":"Vendita di dipinti","item":"https:\/\/svetslik.si\/prodaja-slik\/"},{"@type":"ListItem","position":3,"name":"Vincent van Gogh &#8211; Cypresses"}]},{"@type":"WebSite","@id":"https:\/\/svetslik.si\/it\/#website","url":"https:\/\/svetslik.si\/it\/","name":"SVETSLIK.SI","description":"100% riproduzioni dipinte a mano di quadri di pittori famosi e dipinti su tela.","publisher":{"@id":"https:\/\/svetslik.si\/it\/#organization"},"potentialAction":[{"@type":"SearchAction","target":{"@type":"EntryPoint","urlTemplate":"https:\/\/svetslik.si\/it\/?s={search_term_string}"},"query-input":{"@type":"PropertyValueSpecification","valueRequired":true,"valueName":"search_term_string"}}],"inLanguage":"it-IT"},{"@type":"Organization","@id":"https:\/\/svetslik.si\/it\/#organization","name":"SvetSlik.si","url":"https:\/\/svetslik.si\/it\/","logo":{"@type":"ImageObject","inLanguage":"it-IT","@id":"https:\/\/svetslik.si\/it\/#\/schema\/logo\/image\/","url":"https:\/\/svetslik.si\/wp-content\/uploads\/2020\/12\/logo-512.png","contentUrl":"https:\/\/svetslik.si\/wp-content\/uploads\/2020\/12\/logo-512.png","width":512,"height":512,"caption":"SvetSlik.si"},"image":{"@id":"https:\/\/svetslik.si\/it\/#\/schema\/logo\/image\/"},"sameAs":["https:\/\/www.facebook.com\/svetslik.si","https:\/\/x.com\/svetslik","https:\/\/www.instagram.com\/svetslik.si\/","https:\/\/www.linkedin.com\/company\/svetslik-si"]}]},"og_availability":"backorder","product_availability":"available for order","product_retailer_item_id":"324__","product_condition":"new"},"jetpack_sharing_enabled":true,"_links":{"self":[{"href":"https:\/\/svetslik.si\/it\/wp-json\/wp\/v2\/product\/39435","targetHints":{"allow":["GET"]}}],"collection":[{"href":"https:\/\/svetslik.si\/it\/wp-json\/wp\/v2\/product"}],"about":[{"href":"https:\/\/svetslik.si\/it\/wp-json\/wp\/v2\/types\/product"}],"wp:featuredmedia":[{"embeddable":true,"href":"https:\/\/svetslik.si\/it\/wp-json\/wp\/v2\/media\/35012"}],"wp:attachment":[{"href":"https:\/\/svetslik.si\/it\/wp-json\/wp\/v2\/media?parent=39435"}],"wp:term":[{"taxonomy":"product_brand","embeddable":true,"href":"https:\/\/svetslik.si\/it\/wp-json\/wp\/v2\/product_brand?post=39435"},{"taxonomy":"product_cat","embeddable":true,"href":"https:\/\/svetslik.si\/it\/wp-json\/wp\/v2\/product_cat?post=39435"},{"taxonomy":"product_tag","embeddable":true,"href":"https:\/\/svetslik.si\/it\/wp-json\/wp\/v2\/product_tag?post=39435"}],"curies":[{"name":"wp","href":"https:\/\/api.w.org\/{rel}","templated":true}]}}