{"id":39443,"date":"2021-09-02T17:58:00","date_gmt":"2021-09-02T15:58:00","guid":{"rendered":"https:\/\/svetslik.si\/senza-categoria\/woman-in-a-garden\/"},"modified":"2026-03-22T21:33:07","modified_gmt":"2026-03-22T20:33:07","slug":"woman-in-a-garden","status":"publish","type":"product","link":"https:\/\/svetslik.si\/it\/vincent-van-gogh\/woman-in-a-garden\/","title":{"rendered":"Vincent van Gogh &#8211; Woman in a Garden"},"content":{"rendered":"<div class=\"wpb-content-wrapper\">[vc_row css=&#8221;.vc_custom_1751110853732{margin-bottom: 5px !important;}&#8221;][vc_column]\t<div class=\"et-image-155 et-image     et_image_link\">\n\t\t<div class=\"et-image-inner \">\n\t\t\t\t\t\t\t<div class=\"et-image-thumb \">\n\t\t\t\t\t<img decoding=\"async\" width=\"1500\" height=\"1406\" src=\"https:\/\/svetslik.si\/wp-content\/uploads\/2021\/09\/Vincent-Van-Gogh-\u2013-Woman-in-a-Garden-reprodukcija-slike-na-platnu-4.jpg\" class=\"attachment-full\" alt=\"Vincent van Gogh - Woman in a Garden\" title=\"Vincent van Gogh - Woman in a Garden\" srcset=\"https:\/\/svetslik.si\/wp-content\/uploads\/2021\/09\/Vincent-Van-Gogh-\u2013-Woman-in-a-Garden-reprodukcija-slike-na-platnu-4.jpg 1500w, https:\/\/svetslik.si\/wp-content\/uploads\/2021\/09\/Vincent-Van-Gogh-\u2013-Woman-in-a-Garden-reprodukcija-slike-na-platnu-4-600x562.jpg 600w, https:\/\/svetslik.si\/wp-content\/uploads\/2021\/09\/Vincent-Van-Gogh-\u2013-Woman-in-a-Garden-reprodukcija-slike-na-platnu-4-1200x1125.jpg 1200w, https:\/\/svetslik.si\/wp-content\/uploads\/2021\/09\/Vincent-Van-Gogh-\u2013-Woman-in-a-Garden-reprodukcija-slike-na-platnu-4-300x281.jpg 300w, https:\/\/svetslik.si\/wp-content\/uploads\/2021\/09\/Vincent-Van-Gogh-\u2013-Woman-in-a-Garden-reprodukcija-slike-na-platnu-4-1024x960.jpg 1024w, https:\/\/svetslik.si\/wp-content\/uploads\/2021\/09\/Vincent-Van-Gogh-\u2013-Woman-in-a-Garden-reprodukcija-slike-na-platnu-4-768x720.jpg 768w, https:\/\/svetslik.si\/wp-content\/uploads\/2021\/09\/Vincent-Van-Gogh-\u2013-Woman-in-a-Garden-reprodukcija-slike-na-platnu-4-150x141.jpg 150w\" sizes=\"(max-width: 1500px) 100vw, 1500px\" \/>\t\t\t\t<\/div>\n\t\t\t\t\t\t\t\t\t\t\t<\/div>\n\t<\/div>\n  [\/vc_column][\/vc_row][vc_row css=&#8221;.vc_custom_1751110853732{margin-bottom: 5px !important;}&#8221;][vc_column]\t<div class=\"et-image-446 et-image     et_image_link\">\n\t\t<div class=\"et-image-inner \">\n\t\t\t\t\t\t\t<div class=\"et-image-thumb \">\n\t\t\t\t\t<img decoding=\"async\" width=\"1500\" height=\"1125\" src=\"https:\/\/svetslik.si\/wp-content\/uploads\/2021\/09\/Vincent-Van-Gogh-\u2013-Woman-in-a-Garden-reprodukcija-slike-na-platnu-1.jpg\" class=\"attachment-full\" alt=\"Vincent van Gogh - Woman in a Garden\" title=\"Vincent van Gogh - Woman in a Garden\" srcset=\"https:\/\/svetslik.si\/wp-content\/uploads\/2021\/09\/Vincent-Van-Gogh-\u2013-Woman-in-a-Garden-reprodukcija-slike-na-platnu-1.jpg 1500w, https:\/\/svetslik.si\/wp-content\/uploads\/2021\/09\/Vincent-Van-Gogh-\u2013-Woman-in-a-Garden-reprodukcija-slike-na-platnu-1-600x450.jpg 600w, https:\/\/svetslik.si\/wp-content\/uploads\/2021\/09\/Vincent-Van-Gogh-\u2013-Woman-in-a-Garden-reprodukcija-slike-na-platnu-1-1200x900.jpg 1200w, https:\/\/svetslik.si\/wp-content\/uploads\/2021\/09\/Vincent-Van-Gogh-\u2013-Woman-in-a-Garden-reprodukcija-slike-na-platnu-1-300x225.jpg 300w, https:\/\/svetslik.si\/wp-content\/uploads\/2021\/09\/Vincent-Van-Gogh-\u2013-Woman-in-a-Garden-reprodukcija-slike-na-platnu-1-1024x768.jpg 1024w, https:\/\/svetslik.si\/wp-content\/uploads\/2021\/09\/Vincent-Van-Gogh-\u2013-Woman-in-a-Garden-reprodukcija-slike-na-platnu-1-768x576.jpg 768w, https:\/\/svetslik.si\/wp-content\/uploads\/2021\/09\/Vincent-Van-Gogh-\u2013-Woman-in-a-Garden-reprodukcija-slike-na-platnu-1-150x113.jpg 150w\" sizes=\"(max-width: 1500px) 100vw, 1500px\" \/>\t\t\t\t<\/div>\n\t\t\t\t\t\t\t\t\t\t\t<\/div>\n\t<\/div>\n  [\/vc_column][\/vc_row][vc_row css=&#8221;.vc_custom_1751110853732{margin-bottom: 5px !important;}&#8221;][vc_column]\t<div class=\"et-image-501 et-image     et_image_link\">\n\t\t<div class=\"et-image-inner \">\n\t\t\t\t\t\t\t<div class=\"et-image-thumb \">\n\t\t\t\t\t<img decoding=\"async\" width=\"1500\" height=\"1125\" src=\"https:\/\/svetslik.si\/wp-content\/uploads\/2021\/09\/Vincent-Van-Gogh-\u2013-Woman-in-a-Garden-reprodukcija-slike-na-platnu-3.jpg\" class=\"attachment-full\" alt=\"Vincent van Gogh - Woman in a Garden\" title=\"Vincent van Gogh - Woman in a Garden\" srcset=\"https:\/\/svetslik.si\/wp-content\/uploads\/2021\/09\/Vincent-Van-Gogh-\u2013-Woman-in-a-Garden-reprodukcija-slike-na-platnu-3.jpg 1500w, https:\/\/svetslik.si\/wp-content\/uploads\/2021\/09\/Vincent-Van-Gogh-\u2013-Woman-in-a-Garden-reprodukcija-slike-na-platnu-3-600x450.jpg 600w, https:\/\/svetslik.si\/wp-content\/uploads\/2021\/09\/Vincent-Van-Gogh-\u2013-Woman-in-a-Garden-reprodukcija-slike-na-platnu-3-1200x900.jpg 1200w, https:\/\/svetslik.si\/wp-content\/uploads\/2021\/09\/Vincent-Van-Gogh-\u2013-Woman-in-a-Garden-reprodukcija-slike-na-platnu-3-300x225.jpg 300w, https:\/\/svetslik.si\/wp-content\/uploads\/2021\/09\/Vincent-Van-Gogh-\u2013-Woman-in-a-Garden-reprodukcija-slike-na-platnu-3-1024x768.jpg 1024w, https:\/\/svetslik.si\/wp-content\/uploads\/2021\/09\/Vincent-Van-Gogh-\u2013-Woman-in-a-Garden-reprodukcija-slike-na-platnu-3-768x576.jpg 768w, https:\/\/svetslik.si\/wp-content\/uploads\/2021\/09\/Vincent-Van-Gogh-\u2013-Woman-in-a-Garden-reprodukcija-slike-na-platnu-3-150x113.jpg 150w\" sizes=\"(max-width: 1500px) 100vw, 1500px\" \/>\t\t\t\t<\/div>\n\t\t\t\t\t\t\t\t\t\t\t<\/div>\n\t<\/div>\n  [\/vc_column][\/vc_row][vc_row][vc_column][vc_column_text]\n<h1>Vincent Van Gogh &#8211; Donna in un giardino<\/h1>\n<p>&nbsp;<\/p>\n<table border=\"0\" width=\"593\" cellspacing=\"0\" cellpadding=\"0\">\n<tbody>\n<tr>\n<td height=\"21\">Anno di creazione:<\/td>\n<td style=\"width: 439px;\">1887<\/td>\n<\/tr>\n<tr>\n<td height=\"21\">Dimensione originale:<\/td>\n<td style=\"width: 439px;\">62,5 cm x 51 cm<\/td>\n<\/tr>\n<tr>\n<td height=\"21\">Stile colore:<\/td>\n<td style=\"width: 439px;\">Post impressionismo<\/td>\n<\/tr>\n<tr>\n<td height=\"21\">Tecnica originale:<\/td>\n<td style=\"width: 439px;\">Olio su tela<\/td>\n<\/tr>\n<tr>\n<td height=\"21\">Situato:<\/td>\n<td style=\"width: 439px;\">\n<div>Collezione privata<\/div>\n<\/td>\n<\/tr>\n<\/tbody>\n<\/table>\n<p>Al momento della creazione dell&#8217;olio su tela <em>Donna in giardino<\/em>, il pittore fu fortemente influenzato dal neoimpressionista Paul Signac. Per questo dipinto, Van Gogh ha utilizzato la tecnica pittorica del puntinismo, in cui sulla tela vengono applicati piccoli punti che, osservando la tela da lontano, ottengono una sovrapposizione ottica di sfumature. L&#8217;artista ha applicato la tecnica all&#8217;intero olio su tela e con essa ha ottenuto i colori e gli effetti desiderati.<\/p>\n<p>&#8220;Donna in giardino&#8221; \u00e8 un dipinto dell&#8217;artista olandese Vincent van Gogh del 1887. Il dipinto \u00e8 considerato una delle opere pi\u00f9 belle di Van Gogh, che mostra la sua abilit\u00e0 nel coniugare l&#8217;essenza della natura con la serenit\u00e0 della campagna. Il dipinto mostra una donna in un giardino circondato da una vegetazione lussureggiante, con una casa sullo sfondo. Il dipinto \u00e8 ampiamente riconosciuto per le sue pennellate audaci, l&#8217;emotivit\u00e0 e il forte simbolismo.<\/p>\n<p>La composizione del dipinto \u00e8 semplice ma efficace, in quanto la donna e il giardino occupano la maggior parte dello spazio sulla tela. Anche l&#8217;uso del colore nel dipinto \u00e8 degno di nota, poich\u00e9 Van Gogh utilizza colori audaci e contrastanti che creano un senso di movimento ed energia. La donna \u00e8 raffigurata nei toni del blu, che crea una sensazione di calma e serenit\u00e0. Il giardino \u00e8 raffigurato nei toni del verde, che creano un senso di radicamento e stabilit\u00e0. Le pennellate nel dipinto sono dense e visibili, conferendo al dipinto un senso di movimento ed energia.<\/p>\n<p>Anche il simbolismo nella quadro \u00e8 ricco, in quanto la donna nel giardino rappresenta l&#8217;idea di natura e connessione con la terra. Si dice che il dipinto rappresenti lo stato emotivo di Van Gogh in quel momento. Il dipinto \u00e8 stato creato mentre Van Gogh viveva a Parigi, in Francia, e si ritiene che rifletta i sentimenti di nostalgia dell&#8217;artista per il mondo naturale e la connessione con la natura.<\/p>\n<p>&#8220;Woman in the Garden \u00e8 considerata una delle opere pi\u00f9 iconiche e potenti di Van Gogh. Il dipinto \u00e8 ospitato nel Van Gogh Museum di Amsterdam, Paesi Bassi. \u00c8 un&#8217;importante opera di post-impressionismo che \u00e8 ancora ammirata e studiata dagli amanti dell&#8217;arte e esperti allo stesso modo.A causa delle sue potenti immagini, emotivit\u00e0 e ricco simbolismo, il dipinto \u00e8 un must per qualsiasi amante dell&#8217;arte o chiunque sia interessato al lavoro di Vincent van Gogh.<\/p>\n<\/div>","protected":false},"excerpt":{"rendered":"<p>[vc_row css=&#8221;.vc_custom_1751110853732{margin-bottom: 5px !important;}&#8221;][vc_column][\/vc_column][\/vc_row][vc_row css=&#8221;.vc_custom_1751110853732{margin-bottom: 5px !important;}&#8221;][vc_column][\/vc_column][\/vc_row][vc_row css=&#8221;.vc_custom_1751110853732{margin-bottom: 5px !important;}&#8221;][vc_column][\/vc_column][\/vc_row][vc_row][vc_column][vc_column_text] Vincent Van Gogh &#8211; Donna in un giardino &nbsp; Anno di creazione: 1887 Dimensione originale: 62,5 cm x 51 cm Stile colore: Post impressionismo Tecnica originale: Olio su tela Situato: Collezione privata Al momento della creazione dell&#8217;olio su tela Donna [&hellip;]<\/p>\n","protected":false},"featured_media":34828,"template":"","meta":{"_acf_changed":false},"product_brand":[],"product_cat":[4189],"product_tag":[4245,4246,4253,4265],"class_list":{"0":"post-39443","1":"product","2":"type-product","3":"status-publish","4":"has-post-thumbnail","6":"product_cat-vincent-van-gogh","7":"product_tag-riproduzione","8":"product_tag-riproduzione-it","9":"product_tag-un-pittore","10":"product_tag-van-gogh-it","11":"pa_dimenzija-100-x-80-cm","12":"pa_dimenzija-120-x-100-cm","13":"pa_dimenzija-40-x-30-cm","14":"pa_dimenzija-50-x-40-cm","15":"pa_dimenzija-63-x-51-cm","16":"pa_dimenzija-70-x-60-cm","17":"pa_dimenzija-80-x-65-cm","18":"pa_oblika-orizzontale","19":"pa_okvir-sensa-cornice","20":"pa_podokvir-no","21":"pa_podokvir-si","23":"first","24":"onbackorder","25":"purchasable","26":"product-type-variable","27":"has-default-attributes"},"acf":[],"yoast_head":"<!-- This site is optimized with the Yoast SEO Premium plugin v26.0 (Yoast SEO v27.2) - https:\/\/yoast.com\/product\/yoast-seo-premium-wordpress\/ -->\n<title>Vincent van Gogh - Woman in a Garden - SVETSLIK.SI - Dipinti a mano al 100%<\/title>\n<meta name=\"description\" content=\"Vincent van Gogh - Woman in a Garden - Riproduzioni di quadri d&#039;arte dipinte a mano al 100% su tela. Cornici per quadri, vendita e produzione di dimensioni su ordinazione.\" \/>\n<meta name=\"robots\" content=\"index, follow, max-snippet:-1, max-image-preview:large, max-video-preview:-1\" \/>\n<link rel=\"canonical\" href=\"https:\/\/svetslik.si\/it\/vincent-van-gogh\/woman-in-a-garden\/\" \/>\n<meta property=\"og:locale\" content=\"it_IT\" \/>\n<meta property=\"og:type\" content=\"article\" \/>\n<meta property=\"og:title\" content=\"Vincent van Gogh - Woman in a Garden\" \/>\n<meta property=\"og:description\" content=\"100% ro\u010dno naslikane slike na platnu, reprodukcije znanih slikarjev in umetni\u0161ke slike po naro\u010dilu.\" \/>\n<meta property=\"og:url\" content=\"https:\/\/svetslik.si\/it\/vincent-van-gogh\/woman-in-a-garden\/\" \/>\n<meta property=\"og:site_name\" content=\"SVETSLIK.SI\" \/>\n<meta property=\"article:publisher\" content=\"https:\/\/www.facebook.com\/svetslik.si\" \/>\n<meta property=\"article:modified_time\" content=\"2026-03-22T20:33:07+00:00\" \/>\n<meta property=\"og:image\" content=\"https:\/\/svetslik.si\/wp-content\/uploads\/2021\/08\/image_Woman-in-a-GardenGrndungsjahr1887-Originalgre625-cm-x-51-cm-Stilrichtung-in-der-MalereiPostimpressionismus-Originalfassungl-auf-Leinwand-Befindet-sichPrivate-sammlung_680.jpg\" \/>\n\t<meta property=\"og:image:width\" content=\"1280\" \/>\n\t<meta property=\"og:image:height\" content=\"1010\" \/>\n\t<meta property=\"og:image:type\" content=\"image\/jpeg\" \/>\n<meta name=\"twitter:card\" content=\"summary_large_image\" \/>\n<meta name=\"twitter:site\" content=\"@svetslik\" \/>\n<meta name=\"twitter:label1\" content=\"Disponibilit\u00e0\" \/>\n\t<meta name=\"twitter:data1\" content=\"Su ordinazione\" \/>\n<script type=\"application\/ld+json\" class=\"yoast-schema-graph\">{\"@context\":\"https:\/\/schema.org\",\"@graph\":[{\"@type\":[\"WebPage\",\"ItemPage\"],\"@id\":\"https:\/\/svetslik.si\/it\/vincent-van-gogh\/woman-in-a-garden\/\",\"url\":\"https:\/\/svetslik.si\/it\/vincent-van-gogh\/woman-in-a-garden\/\",\"name\":\"Vincent van Gogh - Woman in a Garden - SVETSLIK.SI - Dipinti a mano al 100%\",\"isPartOf\":{\"@id\":\"https:\/\/svetslik.si\/it\/#website\"},\"primaryImageOfPage\":{\"@id\":\"https:\/\/svetslik.si\/it\/vincent-van-gogh\/woman-in-a-garden\/#primaryimage\"},\"image\":{\"@id\":\"https:\/\/svetslik.si\/it\/vincent-van-gogh\/woman-in-a-garden\/#primaryimage\"},\"thumbnailUrl\":\"https:\/\/svetslik.si\/wp-content\/uploads\/2021\/08\/image_Woman-in-a-GardenGrndungsjahr1887-Originalgre625-cm-x-51-cm-Stilrichtung-in-der-MalereiPostimpressionismus-Originalfassungl-auf-Leinwand-Befindet-sichPrivate-sammlung_680.jpg\",\"datePublished\":\"2021-09-02T15:58:00+00:00\",\"dateModified\":\"2026-03-22T20:33:07+00:00\",\"description\":\"Vincent van Gogh - Woman in a Garden - Riproduzioni di quadri d'arte dipinte a mano al 100% su tela. Cornici per quadri, vendita e produzione di dimensioni su ordinazione.\",\"breadcrumb\":{\"@id\":\"https:\/\/svetslik.si\/it\/vincent-van-gogh\/woman-in-a-garden\/#breadcrumb\"},\"inLanguage\":\"it-IT\",\"potentialAction\":[{\"@type\":\"ReadAction\",\"target\":[\"https:\/\/svetslik.si\/it\/vincent-van-gogh\/woman-in-a-garden\/\"]}]},{\"@type\":\"ImageObject\",\"inLanguage\":\"it-IT\",\"@id\":\"https:\/\/svetslik.si\/it\/vincent-van-gogh\/woman-in-a-garden\/#primaryimage\",\"url\":\"https:\/\/svetslik.si\/wp-content\/uploads\/2021\/08\/image_Woman-in-a-GardenGrndungsjahr1887-Originalgre625-cm-x-51-cm-Stilrichtung-in-der-MalereiPostimpressionismus-Originalfassungl-auf-Leinwand-Befindet-sichPrivate-sammlung_680.jpg\",\"contentUrl\":\"https:\/\/svetslik.si\/wp-content\/uploads\/2021\/08\/image_Woman-in-a-GardenGrndungsjahr1887-Originalgre625-cm-x-51-cm-Stilrichtung-in-der-MalereiPostimpressionismus-Originalfassungl-auf-Leinwand-Befindet-sichPrivate-sammlung_680.jpg\",\"width\":1280,\"height\":1010,\"caption\":\"Vincent van Gogh - Donna in un giardino - Quadri riproduzioni, dipinti murali dipinti a mano, olio su tela, quadri ad olio, quadri d'arte, quadri moderni per parete, quadri ambientali, quadri astratti, quadri decorativi\"},{\"@type\":\"BreadcrumbList\",\"@id\":\"https:\/\/svetslik.si\/it\/vincent-van-gogh\/woman-in-a-garden\/#breadcrumb\",\"itemListElement\":[{\"@type\":\"ListItem\",\"position\":1,\"name\":\"Fali m\u0171v\u00e9szet \u00e9s festm\u00e9nyek v\u00e1szonra\",\"item\":\"https:\/\/svetslik.si\/it\/\"},{\"@type\":\"ListItem\",\"position\":2,\"name\":\"Vendita di dipinti\",\"item\":\"https:\/\/svetslik.si\/prodaja-slik\/\"},{\"@type\":\"ListItem\",\"position\":3,\"name\":\"Vincent van Gogh &#8211; Woman in a Garden\"}]},{\"@type\":\"WebSite\",\"@id\":\"https:\/\/svetslik.si\/it\/#website\",\"url\":\"https:\/\/svetslik.si\/it\/\",\"name\":\"SVETSLIK.SI\",\"description\":\"100% riproduzioni dipinte a mano di quadri di pittori famosi e dipinti su tela.\",\"publisher\":{\"@id\":\"https:\/\/svetslik.si\/it\/#organization\"},\"potentialAction\":[{\"@type\":\"SearchAction\",\"target\":{\"@type\":\"EntryPoint\",\"urlTemplate\":\"https:\/\/svetslik.si\/it\/?s={search_term_string}\"},\"query-input\":{\"@type\":\"PropertyValueSpecification\",\"valueRequired\":true,\"valueName\":\"search_term_string\"}}],\"inLanguage\":\"it-IT\"},{\"@type\":\"Organization\",\"@id\":\"https:\/\/svetslik.si\/it\/#organization\",\"name\":\"SvetSlik.si\",\"url\":\"https:\/\/svetslik.si\/it\/\",\"logo\":{\"@type\":\"ImageObject\",\"inLanguage\":\"it-IT\",\"@id\":\"https:\/\/svetslik.si\/it\/#\/schema\/logo\/image\/\",\"url\":\"https:\/\/svetslik.si\/wp-content\/uploads\/2020\/12\/logo-512.png\",\"contentUrl\":\"https:\/\/svetslik.si\/wp-content\/uploads\/2020\/12\/logo-512.png\",\"width\":512,\"height\":512,\"caption\":\"SvetSlik.si\"},\"image\":{\"@id\":\"https:\/\/svetslik.si\/it\/#\/schema\/logo\/image\/\"},\"sameAs\":[\"https:\/\/www.facebook.com\/svetslik.si\",\"https:\/\/x.com\/svetslik\",\"https:\/\/www.instagram.com\/svetslik.si\/\",\"https:\/\/www.linkedin.com\/company\/svetslik-si\"]}]}<\/script>\n<meta property=\"og:availability\" content=\"backorder\" \/>\n<meta property=\"product:availability\" content=\"available for order\" \/>\n<meta property=\"product:retailer_item_id\" content=\"327__\" \/>\n<meta property=\"product:condition\" content=\"new\" \/>\n<!-- \/ Yoast SEO Premium plugin. -->","yoast_head_json":{"title":"Vincent van Gogh - Woman in a Garden - SVETSLIK.SI - Dipinti a mano al 100%","description":"Vincent van Gogh - Woman in a Garden - Riproduzioni di quadri d'arte dipinte a mano al 100% su tela. Cornici per quadri, vendita e produzione di dimensioni su ordinazione.","robots":{"index":"index","follow":"follow","max-snippet":"max-snippet:-1","max-image-preview":"max-image-preview:large","max-video-preview":"max-video-preview:-1"},"canonical":"https:\/\/svetslik.si\/it\/vincent-van-gogh\/woman-in-a-garden\/","og_locale":"it_IT","og_type":"article","og_title":"Vincent van Gogh - Woman in a Garden","og_description":"100% ro\u010dno naslikane slike na platnu, reprodukcije znanih slikarjev in umetni\u0161ke slike po naro\u010dilu.","og_url":"https:\/\/svetslik.si\/it\/vincent-van-gogh\/woman-in-a-garden\/","og_site_name":"SVETSLIK.SI","article_publisher":"https:\/\/www.facebook.com\/svetslik.si","article_modified_time":"2026-03-22T20:33:07+00:00","og_image":[{"width":1280,"height":1010,"url":"https:\/\/svetslik.si\/wp-content\/uploads\/2021\/08\/image_Woman-in-a-GardenGrndungsjahr1887-Originalgre625-cm-x-51-cm-Stilrichtung-in-der-MalereiPostimpressionismus-Originalfassungl-auf-Leinwand-Befindet-sichPrivate-sammlung_680.jpg","type":"image\/jpeg"}],"twitter_card":"summary_large_image","twitter_site":"@svetslik","twitter_misc":{"Disponibilit\u00e0":"Su ordinazione"},"schema":{"@context":"https:\/\/schema.org","@graph":[{"@type":["WebPage","ItemPage"],"@id":"https:\/\/svetslik.si\/it\/vincent-van-gogh\/woman-in-a-garden\/","url":"https:\/\/svetslik.si\/it\/vincent-van-gogh\/woman-in-a-garden\/","name":"Vincent van Gogh - Woman in a Garden - SVETSLIK.SI - Dipinti a mano al 100%","isPartOf":{"@id":"https:\/\/svetslik.si\/it\/#website"},"primaryImageOfPage":{"@id":"https:\/\/svetslik.si\/it\/vincent-van-gogh\/woman-in-a-garden\/#primaryimage"},"image":{"@id":"https:\/\/svetslik.si\/it\/vincent-van-gogh\/woman-in-a-garden\/#primaryimage"},"thumbnailUrl":"https:\/\/svetslik.si\/wp-content\/uploads\/2021\/08\/image_Woman-in-a-GardenGrndungsjahr1887-Originalgre625-cm-x-51-cm-Stilrichtung-in-der-MalereiPostimpressionismus-Originalfassungl-auf-Leinwand-Befindet-sichPrivate-sammlung_680.jpg","datePublished":"2021-09-02T15:58:00+00:00","dateModified":"2026-03-22T20:33:07+00:00","description":"Vincent van Gogh - Woman in a Garden - Riproduzioni di quadri d'arte dipinte a mano al 100% su tela. Cornici per quadri, vendita e produzione di dimensioni su ordinazione.","breadcrumb":{"@id":"https:\/\/svetslik.si\/it\/vincent-van-gogh\/woman-in-a-garden\/#breadcrumb"},"inLanguage":"it-IT","potentialAction":[{"@type":"ReadAction","target":["https:\/\/svetslik.si\/it\/vincent-van-gogh\/woman-in-a-garden\/"]}]},{"@type":"ImageObject","inLanguage":"it-IT","@id":"https:\/\/svetslik.si\/it\/vincent-van-gogh\/woman-in-a-garden\/#primaryimage","url":"https:\/\/svetslik.si\/wp-content\/uploads\/2021\/08\/image_Woman-in-a-GardenGrndungsjahr1887-Originalgre625-cm-x-51-cm-Stilrichtung-in-der-MalereiPostimpressionismus-Originalfassungl-auf-Leinwand-Befindet-sichPrivate-sammlung_680.jpg","contentUrl":"https:\/\/svetslik.si\/wp-content\/uploads\/2021\/08\/image_Woman-in-a-GardenGrndungsjahr1887-Originalgre625-cm-x-51-cm-Stilrichtung-in-der-MalereiPostimpressionismus-Originalfassungl-auf-Leinwand-Befindet-sichPrivate-sammlung_680.jpg","width":1280,"height":1010,"caption":"Vincent van Gogh - Donna in un giardino - Quadri riproduzioni, dipinti murali dipinti a mano, olio su tela, quadri ad olio, quadri d'arte, quadri moderni per parete, quadri ambientali, quadri astratti, quadri decorativi"},{"@type":"BreadcrumbList","@id":"https:\/\/svetslik.si\/it\/vincent-van-gogh\/woman-in-a-garden\/#breadcrumb","itemListElement":[{"@type":"ListItem","position":1,"name":"Fali m\u0171v\u00e9szet \u00e9s festm\u00e9nyek v\u00e1szonra","item":"https:\/\/svetslik.si\/it\/"},{"@type":"ListItem","position":2,"name":"Vendita di dipinti","item":"https:\/\/svetslik.si\/prodaja-slik\/"},{"@type":"ListItem","position":3,"name":"Vincent van Gogh &#8211; Woman in a Garden"}]},{"@type":"WebSite","@id":"https:\/\/svetslik.si\/it\/#website","url":"https:\/\/svetslik.si\/it\/","name":"SVETSLIK.SI","description":"100% riproduzioni dipinte a mano di quadri di pittori famosi e dipinti su tela.","publisher":{"@id":"https:\/\/svetslik.si\/it\/#organization"},"potentialAction":[{"@type":"SearchAction","target":{"@type":"EntryPoint","urlTemplate":"https:\/\/svetslik.si\/it\/?s={search_term_string}"},"query-input":{"@type":"PropertyValueSpecification","valueRequired":true,"valueName":"search_term_string"}}],"inLanguage":"it-IT"},{"@type":"Organization","@id":"https:\/\/svetslik.si\/it\/#organization","name":"SvetSlik.si","url":"https:\/\/svetslik.si\/it\/","logo":{"@type":"ImageObject","inLanguage":"it-IT","@id":"https:\/\/svetslik.si\/it\/#\/schema\/logo\/image\/","url":"https:\/\/svetslik.si\/wp-content\/uploads\/2020\/12\/logo-512.png","contentUrl":"https:\/\/svetslik.si\/wp-content\/uploads\/2020\/12\/logo-512.png","width":512,"height":512,"caption":"SvetSlik.si"},"image":{"@id":"https:\/\/svetslik.si\/it\/#\/schema\/logo\/image\/"},"sameAs":["https:\/\/www.facebook.com\/svetslik.si","https:\/\/x.com\/svetslik","https:\/\/www.instagram.com\/svetslik.si\/","https:\/\/www.linkedin.com\/company\/svetslik-si"]}]},"og_availability":"backorder","product_availability":"available for order","product_retailer_item_id":"327__","product_condition":"new"},"jetpack_sharing_enabled":true,"_links":{"self":[{"href":"https:\/\/svetslik.si\/it\/wp-json\/wp\/v2\/product\/39443","targetHints":{"allow":["GET"]}}],"collection":[{"href":"https:\/\/svetslik.si\/it\/wp-json\/wp\/v2\/product"}],"about":[{"href":"https:\/\/svetslik.si\/it\/wp-json\/wp\/v2\/types\/product"}],"wp:featuredmedia":[{"embeddable":true,"href":"https:\/\/svetslik.si\/it\/wp-json\/wp\/v2\/media\/34828"}],"wp:attachment":[{"href":"https:\/\/svetslik.si\/it\/wp-json\/wp\/v2\/media?parent=39443"}],"wp:term":[{"taxonomy":"product_brand","embeddable":true,"href":"https:\/\/svetslik.si\/it\/wp-json\/wp\/v2\/product_brand?post=39443"},{"taxonomy":"product_cat","embeddable":true,"href":"https:\/\/svetslik.si\/it\/wp-json\/wp\/v2\/product_cat?post=39443"},{"taxonomy":"product_tag","embeddable":true,"href":"https:\/\/svetslik.si\/it\/wp-json\/wp\/v2\/product_tag?post=39443"}],"curies":[{"name":"wp","href":"https:\/\/api.w.org\/{rel}","templated":true}]}}