{"id":39451,"date":"2021-09-02T17:58:13","date_gmt":"2021-09-02T15:58:13","guid":{"rendered":"https:\/\/svetslik.si\/senza-categoria\/spirit-of-the-dead-watching-manao-tupapau\/"},"modified":"2026-03-22T21:33:07","modified_gmt":"2026-03-22T20:33:07","slug":"spirit-of-the-dead-watching-manao-tupapau","status":"publish","type":"product","link":"https:\/\/svetslik.si\/it\/paul-gauguin\/spirit-of-the-dead-watching-manao-tupapau\/","title":{"rendered":"Paul Gauguin &#8211; Spirit of the Dead Watching (Manao tupapau)"},"content":{"rendered":"<h1>Paul Gauguin &#8211; Lo spirito dei morti che osserva (Manao tupapau)<\/h1>\n<p>\n&nbsp;<\/p>\n<table border=\"0\" cellpadding=\"0\" cellspacing=\"0\" style=\"width: 619px\" width=\"619\">\n<tr>\n<td height=\"21\" id=\"fileinfotpl_art_location\">\nAnno di creazione:<\/td>\n<td style=\"width: 439px\">\n1892<\/td>\n<\/tr>\n<tr>\n<td height=\"21\">\nDimensioni originali:<\/td>\n<td style=\"width: 439px\">\n92 cm x 72 cm<\/td>\n<\/tr>\n<tr>\n<td height=\"21\">\nStile di pittura:<\/td>\n<td style=\"width: 439px\">\nSimbolismo<\/td>\n<\/tr>\n<tr>\n<td height=\"21\">\nTecnica originale:<\/td>\n<td style=\"width: 439px\">\nOlio su tela<\/td>\n<\/tr>\n<tr>\n<td height=\"21\">\nSituato:<\/td>\n<td style=\"width: 439px\">\nAlbright-Knox Gallery of Art, Buffalo, New York<\/td>\n<\/tr>\n<\/tbody>\n<colgroup>\n<\/colgroup>\n<\/table>\n<p>\nOlio su tela Spirit of the <em>Dead Watching (Manao tupapau) <\/em>mostra una ragazza tahitiana sdraiata nuda sulla pancia. La ragazza \u00e8 spaventata dalla presenza della morte sotto forma di fantasma. Sullo sfondo del dipinto, Gauguin dipinse lo spirito della morte incarnato nella forma di un&#8217;innocua vecchia vestita di nero. Secondo la mitologia dell&#8217;isola, il titolo di questo olio su tela pu\u00f2 essere interpretato in due modi: una ragazza sta pensando a un fantasma, o un fantasma sta pensando a una ragazza. I tratti forti e vaghi del pennello e della vernice (coperta gialla sul letto, vestaglia blu, scintillii verdi fluorescenti sullo sfondo viola) sottolineano ulteriormente l&#8217;atmosfera minacciosa e il mistero di questo dipinto<\/p>\n","protected":false},"excerpt":{"rendered":"<p>Paul Gauguin &#8211; Lo spirito dei morti che osserva (Manao tupapau) &nbsp; Anno di creazione: 1892 Dimensioni originali: 92 cm x 72 cm Stile di pittura: Simbolismo Tecnica originale: Olio su tela Situato: Albright-Knox Gallery of Art, Buffalo, New York Olio su tela Spirit of the Dead Watching (Manao tupapau) [&hellip;]<\/p>\n","protected":false},"featured_media":35607,"template":"","meta":{"_acf_changed":false},"product_brand":[],"product_cat":[4186],"product_tag":[4219,4246,4245,4253],"class_list":{"0":"post-39451","1":"product","2":"type-product","3":"status-publish","4":"has-post-thumbnail","6":"product_cat-paul-gauguin","7":"product_tag-gaugin-it","8":"product_tag-riproduzione-it","9":"product_tag-riproduzione","10":"product_tag-un-pittore","11":"pa_dimenzija-100-x-80-cm","12":"pa_dimenzija-120-x-100-cm","13":"pa_dimenzija-150-x-120-cm","14":"pa_dimenzija-180-x-140-cm","15":"pa_dimenzija-60-x-50-cm","16":"pa_dimenzija-70-x-55-cm","17":"pa_dimenzija-80-x-60-cm","18":"pa_dimenzija-92-x-72-cm","19":"pa_oblika-orizzontale","20":"pa_okvir-sensa-cornice","21":"pa_podokvir-no","22":"pa_podokvir-si","24":"first","25":"onbackorder","26":"purchasable","27":"product-type-variable","28":"has-default-attributes"},"acf":[],"yoast_head":"<!-- This site is optimized with the Yoast SEO Premium plugin v26.0 (Yoast SEO v27.2) - https:\/\/yoast.com\/product\/yoast-seo-premium-wordpress\/ -->\n<title>Paul Gauguin - Spirit of the Dead Watching (Manao tupapau) - SVETSLIK.SI - Dipinti a mano al 100%<\/title>\n<meta name=\"description\" content=\"Paul Gauguin - Spirit of the Dead Watching (Manao tupapau) - Riproduzioni di quadri d&#039;arte dipinte a mano al 100% su tela. Cornici per quadri, vendita e produzione di dimensioni su ordinazione.\" \/>\n<meta name=\"robots\" content=\"index, follow, max-snippet:-1, max-image-preview:large, max-video-preview:-1\" \/>\n<link rel=\"canonical\" href=\"https:\/\/svetslik.si\/it\/paul-gauguin\/spirit-of-the-dead-watching-manao-tupapau\/\" \/>\n<meta property=\"og:locale\" content=\"it_IT\" \/>\n<meta property=\"og:type\" content=\"article\" \/>\n<meta property=\"og:title\" content=\"Paul Gauguin - Spirit of the Dead Watching (Manao tupapau)\" \/>\n<meta property=\"og:description\" content=\"100% ro\u010dno naslikane slike na platnu, reprodukcije znanih slikarjev in umetni\u0161ke slike po naro\u010dilu.\" \/>\n<meta property=\"og:url\" content=\"https:\/\/svetslik.si\/it\/paul-gauguin\/spirit-of-the-dead-watching-manao-tupapau\/\" \/>\n<meta property=\"og:site_name\" content=\"SVETSLIK.SI\" \/>\n<meta property=\"article:publisher\" content=\"https:\/\/www.facebook.com\/svetslik.si\" \/>\n<meta property=\"article:modified_time\" content=\"2026-03-22T20:33:07+00:00\" \/>\n<meta property=\"og:image\" content=\"https:\/\/svetslik.si\/wp-content\/uploads\/2021\/08\/image_Spirit-of-the-Dead-Watching-Manao-tupapau-Paul-Gauguin_680.jpg\" \/>\n\t<meta property=\"og:image:width\" content=\"800\" \/>\n\t<meta property=\"og:image:height\" content=\"600\" \/>\n\t<meta property=\"og:image:type\" content=\"image\/jpeg\" \/>\n<meta name=\"twitter:card\" content=\"summary_large_image\" \/>\n<meta name=\"twitter:site\" content=\"@svetslik\" \/>\n<meta name=\"twitter:label1\" content=\"Disponibilit\u00e0\" \/>\n\t<meta name=\"twitter:data1\" content=\"Su ordinazione\" \/>\n<script type=\"application\/ld+json\" class=\"yoast-schema-graph\">{\"@context\":\"https:\/\/schema.org\",\"@graph\":[{\"@type\":[\"WebPage\",\"ItemPage\"],\"@id\":\"https:\/\/svetslik.si\/it\/paul-gauguin\/spirit-of-the-dead-watching-manao-tupapau\/\",\"url\":\"https:\/\/svetslik.si\/it\/paul-gauguin\/spirit-of-the-dead-watching-manao-tupapau\/\",\"name\":\"Paul Gauguin - Spirit of the Dead Watching (Manao tupapau) - SVETSLIK.SI - Dipinti a mano al 100%\",\"isPartOf\":{\"@id\":\"https:\/\/svetslik.si\/it\/#website\"},\"primaryImageOfPage\":{\"@id\":\"https:\/\/svetslik.si\/it\/paul-gauguin\/spirit-of-the-dead-watching-manao-tupapau\/#primaryimage\"},\"image\":{\"@id\":\"https:\/\/svetslik.si\/it\/paul-gauguin\/spirit-of-the-dead-watching-manao-tupapau\/#primaryimage\"},\"thumbnailUrl\":\"https:\/\/svetslik.si\/wp-content\/uploads\/2021\/08\/image_Spirit-of-the-Dead-Watching-Manao-tupapau-Paul-Gauguin_680.jpg\",\"datePublished\":\"2021-09-02T15:58:13+00:00\",\"dateModified\":\"2026-03-22T20:33:07+00:00\",\"description\":\"Paul Gauguin - Spirit of the Dead Watching (Manao tupapau) - Riproduzioni di quadri d'arte dipinte a mano al 100% su tela. Cornici per quadri, vendita e produzione di dimensioni su ordinazione.\",\"breadcrumb\":{\"@id\":\"https:\/\/svetslik.si\/it\/paul-gauguin\/spirit-of-the-dead-watching-manao-tupapau\/#breadcrumb\"},\"inLanguage\":\"it-IT\",\"potentialAction\":[{\"@type\":\"ReadAction\",\"target\":[\"https:\/\/svetslik.si\/it\/paul-gauguin\/spirit-of-the-dead-watching-manao-tupapau\/\"]}]},{\"@type\":\"ImageObject\",\"inLanguage\":\"it-IT\",\"@id\":\"https:\/\/svetslik.si\/it\/paul-gauguin\/spirit-of-the-dead-watching-manao-tupapau\/#primaryimage\",\"url\":\"https:\/\/svetslik.si\/wp-content\/uploads\/2021\/08\/image_Spirit-of-the-Dead-Watching-Manao-tupapau-Paul-Gauguin_680.jpg\",\"contentUrl\":\"https:\/\/svetslik.si\/wp-content\/uploads\/2021\/08\/image_Spirit-of-the-Dead-Watching-Manao-tupapau-Paul-Gauguin_680.jpg\",\"width\":800,\"height\":600,\"caption\":\"Paul Gauguin - Spirit of the Dead Watching (Manao tupapau) - Reproduzioni dipinte a mano di famosi pittori, quadri moderni, quadri d'arte per parete\"},{\"@type\":\"BreadcrumbList\",\"@id\":\"https:\/\/svetslik.si\/it\/paul-gauguin\/spirit-of-the-dead-watching-manao-tupapau\/#breadcrumb\",\"itemListElement\":[{\"@type\":\"ListItem\",\"position\":1,\"name\":\"Fali m\u0171v\u00e9szet \u00e9s festm\u00e9nyek v\u00e1szonra\",\"item\":\"https:\/\/svetslik.si\/it\/\"},{\"@type\":\"ListItem\",\"position\":2,\"name\":\"Vendita di dipinti\",\"item\":\"https:\/\/svetslik.si\/prodaja-slik\/\"},{\"@type\":\"ListItem\",\"position\":3,\"name\":\"Paul Gauguin &#8211; Spirit of the Dead Watching (Manao tupapau)\"}]},{\"@type\":\"WebSite\",\"@id\":\"https:\/\/svetslik.si\/it\/#website\",\"url\":\"https:\/\/svetslik.si\/it\/\",\"name\":\"SVETSLIK.SI\",\"description\":\"100% riproduzioni dipinte a mano di quadri di pittori famosi e dipinti su tela.\",\"publisher\":{\"@id\":\"https:\/\/svetslik.si\/it\/#organization\"},\"potentialAction\":[{\"@type\":\"SearchAction\",\"target\":{\"@type\":\"EntryPoint\",\"urlTemplate\":\"https:\/\/svetslik.si\/it\/?s={search_term_string}\"},\"query-input\":{\"@type\":\"PropertyValueSpecification\",\"valueRequired\":true,\"valueName\":\"search_term_string\"}}],\"inLanguage\":\"it-IT\"},{\"@type\":\"Organization\",\"@id\":\"https:\/\/svetslik.si\/it\/#organization\",\"name\":\"SvetSlik.si\",\"url\":\"https:\/\/svetslik.si\/it\/\",\"logo\":{\"@type\":\"ImageObject\",\"inLanguage\":\"it-IT\",\"@id\":\"https:\/\/svetslik.si\/it\/#\/schema\/logo\/image\/\",\"url\":\"https:\/\/svetslik.si\/wp-content\/uploads\/2020\/12\/logo-512.png\",\"contentUrl\":\"https:\/\/svetslik.si\/wp-content\/uploads\/2020\/12\/logo-512.png\",\"width\":512,\"height\":512,\"caption\":\"SvetSlik.si\"},\"image\":{\"@id\":\"https:\/\/svetslik.si\/it\/#\/schema\/logo\/image\/\"},\"sameAs\":[\"https:\/\/www.facebook.com\/svetslik.si\",\"https:\/\/x.com\/svetslik\",\"https:\/\/www.instagram.com\/svetslik.si\/\",\"https:\/\/www.linkedin.com\/company\/svetslik-si\"]}]}<\/script>\n<meta property=\"og:availability\" content=\"backorder\" \/>\n<meta property=\"product:availability\" content=\"available for order\" \/>\n<meta property=\"product:retailer_item_id\" content=\"328__\" \/>\n<meta property=\"product:condition\" content=\"new\" \/>\n<!-- \/ Yoast SEO Premium plugin. -->","yoast_head_json":{"title":"Paul Gauguin - Spirit of the Dead Watching (Manao tupapau) - SVETSLIK.SI - Dipinti a mano al 100%","description":"Paul Gauguin - Spirit of the Dead Watching (Manao tupapau) - Riproduzioni di quadri d'arte dipinte a mano al 100% su tela. Cornici per quadri, vendita e produzione di dimensioni su ordinazione.","robots":{"index":"index","follow":"follow","max-snippet":"max-snippet:-1","max-image-preview":"max-image-preview:large","max-video-preview":"max-video-preview:-1"},"canonical":"https:\/\/svetslik.si\/it\/paul-gauguin\/spirit-of-the-dead-watching-manao-tupapau\/","og_locale":"it_IT","og_type":"article","og_title":"Paul Gauguin - Spirit of the Dead Watching (Manao tupapau)","og_description":"100% ro\u010dno naslikane slike na platnu, reprodukcije znanih slikarjev in umetni\u0161ke slike po naro\u010dilu.","og_url":"https:\/\/svetslik.si\/it\/paul-gauguin\/spirit-of-the-dead-watching-manao-tupapau\/","og_site_name":"SVETSLIK.SI","article_publisher":"https:\/\/www.facebook.com\/svetslik.si","article_modified_time":"2026-03-22T20:33:07+00:00","og_image":[{"width":800,"height":600,"url":"https:\/\/svetslik.si\/wp-content\/uploads\/2021\/08\/image_Spirit-of-the-Dead-Watching-Manao-tupapau-Paul-Gauguin_680.jpg","type":"image\/jpeg"}],"twitter_card":"summary_large_image","twitter_site":"@svetslik","twitter_misc":{"Disponibilit\u00e0":"Su ordinazione"},"schema":{"@context":"https:\/\/schema.org","@graph":[{"@type":["WebPage","ItemPage"],"@id":"https:\/\/svetslik.si\/it\/paul-gauguin\/spirit-of-the-dead-watching-manao-tupapau\/","url":"https:\/\/svetslik.si\/it\/paul-gauguin\/spirit-of-the-dead-watching-manao-tupapau\/","name":"Paul Gauguin - Spirit of the Dead Watching (Manao tupapau) - SVETSLIK.SI - Dipinti a mano al 100%","isPartOf":{"@id":"https:\/\/svetslik.si\/it\/#website"},"primaryImageOfPage":{"@id":"https:\/\/svetslik.si\/it\/paul-gauguin\/spirit-of-the-dead-watching-manao-tupapau\/#primaryimage"},"image":{"@id":"https:\/\/svetslik.si\/it\/paul-gauguin\/spirit-of-the-dead-watching-manao-tupapau\/#primaryimage"},"thumbnailUrl":"https:\/\/svetslik.si\/wp-content\/uploads\/2021\/08\/image_Spirit-of-the-Dead-Watching-Manao-tupapau-Paul-Gauguin_680.jpg","datePublished":"2021-09-02T15:58:13+00:00","dateModified":"2026-03-22T20:33:07+00:00","description":"Paul Gauguin - Spirit of the Dead Watching (Manao tupapau) - Riproduzioni di quadri d'arte dipinte a mano al 100% su tela. Cornici per quadri, vendita e produzione di dimensioni su ordinazione.","breadcrumb":{"@id":"https:\/\/svetslik.si\/it\/paul-gauguin\/spirit-of-the-dead-watching-manao-tupapau\/#breadcrumb"},"inLanguage":"it-IT","potentialAction":[{"@type":"ReadAction","target":["https:\/\/svetslik.si\/it\/paul-gauguin\/spirit-of-the-dead-watching-manao-tupapau\/"]}]},{"@type":"ImageObject","inLanguage":"it-IT","@id":"https:\/\/svetslik.si\/it\/paul-gauguin\/spirit-of-the-dead-watching-manao-tupapau\/#primaryimage","url":"https:\/\/svetslik.si\/wp-content\/uploads\/2021\/08\/image_Spirit-of-the-Dead-Watching-Manao-tupapau-Paul-Gauguin_680.jpg","contentUrl":"https:\/\/svetslik.si\/wp-content\/uploads\/2021\/08\/image_Spirit-of-the-Dead-Watching-Manao-tupapau-Paul-Gauguin_680.jpg","width":800,"height":600,"caption":"Paul Gauguin - Spirit of the Dead Watching (Manao tupapau) - Reproduzioni dipinte a mano di famosi pittori, quadri moderni, quadri d'arte per parete"},{"@type":"BreadcrumbList","@id":"https:\/\/svetslik.si\/it\/paul-gauguin\/spirit-of-the-dead-watching-manao-tupapau\/#breadcrumb","itemListElement":[{"@type":"ListItem","position":1,"name":"Fali m\u0171v\u00e9szet \u00e9s festm\u00e9nyek v\u00e1szonra","item":"https:\/\/svetslik.si\/it\/"},{"@type":"ListItem","position":2,"name":"Vendita di dipinti","item":"https:\/\/svetslik.si\/prodaja-slik\/"},{"@type":"ListItem","position":3,"name":"Paul Gauguin &#8211; Spirit of the Dead Watching (Manao tupapau)"}]},{"@type":"WebSite","@id":"https:\/\/svetslik.si\/it\/#website","url":"https:\/\/svetslik.si\/it\/","name":"SVETSLIK.SI","description":"100% riproduzioni dipinte a mano di quadri di pittori famosi e dipinti su tela.","publisher":{"@id":"https:\/\/svetslik.si\/it\/#organization"},"potentialAction":[{"@type":"SearchAction","target":{"@type":"EntryPoint","urlTemplate":"https:\/\/svetslik.si\/it\/?s={search_term_string}"},"query-input":{"@type":"PropertyValueSpecification","valueRequired":true,"valueName":"search_term_string"}}],"inLanguage":"it-IT"},{"@type":"Organization","@id":"https:\/\/svetslik.si\/it\/#organization","name":"SvetSlik.si","url":"https:\/\/svetslik.si\/it\/","logo":{"@type":"ImageObject","inLanguage":"it-IT","@id":"https:\/\/svetslik.si\/it\/#\/schema\/logo\/image\/","url":"https:\/\/svetslik.si\/wp-content\/uploads\/2020\/12\/logo-512.png","contentUrl":"https:\/\/svetslik.si\/wp-content\/uploads\/2020\/12\/logo-512.png","width":512,"height":512,"caption":"SvetSlik.si"},"image":{"@id":"https:\/\/svetslik.si\/it\/#\/schema\/logo\/image\/"},"sameAs":["https:\/\/www.facebook.com\/svetslik.si","https:\/\/x.com\/svetslik","https:\/\/www.instagram.com\/svetslik.si\/","https:\/\/www.linkedin.com\/company\/svetslik-si"]}]},"og_availability":"backorder","product_availability":"available for order","product_retailer_item_id":"328__","product_condition":"new"},"jetpack_sharing_enabled":true,"_links":{"self":[{"href":"https:\/\/svetslik.si\/it\/wp-json\/wp\/v2\/product\/39451","targetHints":{"allow":["GET"]}}],"collection":[{"href":"https:\/\/svetslik.si\/it\/wp-json\/wp\/v2\/product"}],"about":[{"href":"https:\/\/svetslik.si\/it\/wp-json\/wp\/v2\/types\/product"}],"wp:featuredmedia":[{"embeddable":true,"href":"https:\/\/svetslik.si\/it\/wp-json\/wp\/v2\/media\/35607"}],"wp:attachment":[{"href":"https:\/\/svetslik.si\/it\/wp-json\/wp\/v2\/media?parent=39451"}],"wp:term":[{"taxonomy":"product_brand","embeddable":true,"href":"https:\/\/svetslik.si\/it\/wp-json\/wp\/v2\/product_brand?post=39451"},{"taxonomy":"product_cat","embeddable":true,"href":"https:\/\/svetslik.si\/it\/wp-json\/wp\/v2\/product_cat?post=39451"},{"taxonomy":"product_tag","embeddable":true,"href":"https:\/\/svetslik.si\/it\/wp-json\/wp\/v2\/product_tag?post=39451"}],"curies":[{"name":"wp","href":"https:\/\/api.w.org\/{rel}","templated":true}]}}