{"id":39469,"date":"2021-09-02T17:58:26","date_gmt":"2021-09-02T15:58:26","guid":{"rendered":"https:\/\/svetslik.si\/senza-categoria\/dancers-at-the-barre\/"},"modified":"2026-03-22T21:33:43","modified_gmt":"2026-03-22T20:33:43","slug":"dancers-at-the-barre","status":"publish","type":"product","link":"https:\/\/svetslik.si\/it\/edgar-degas\/dancers-at-the-barre\/","title":{"rendered":"Edgar Degas &#8211; Dancers at the Barre"},"content":{"rendered":"<div class=\"wpb-content-wrapper\">[vc_row][vc_column][vc_column_text css=&#8221;&#8221;]\n<p data-pm-slice=\"1 1 []\"><div class=\"yt-lazy-video ratio-square\" data-id=\"YXy2kIzX4kE\"><\/div>\n[\/vc_column][\/vc_row][vc_row css=&#8221;.vc_custom_1691338085994{margin-bottom: 10px !important;}&#8221;][vc_column]\t<div class=\"et-image-211 et-image     et_image_link\">\n\t\t<div class=\"et-image-inner \">\n\t\t\t\t\t\t\t<div class=\"et-image-thumb \">\n\t\t\t\t\t<img decoding=\"async\" width=\"1000\" height=\"1179\" src=\"https:\/\/svetslik.si\/wp-content\/uploads\/2021\/09\/Edgar-Degas-\u2013-Dancers-at-the-Barre-reprodukcija-slike-3.jpg\" class=\"attachment-full\" alt=\"Edgar Degas - Ballerine classiche (Riproduzione su tela)\" title=\"Edgar Degas \u2013 Ballerine alla sbarra \u2013 Riproduzione\" srcset=\"https:\/\/svetslik.si\/wp-content\/uploads\/2021\/09\/Edgar-Degas-\u2013-Dancers-at-the-Barre-reprodukcija-slike-3.jpg 1000w, https:\/\/svetslik.si\/wp-content\/uploads\/2021\/09\/Edgar-Degas-\u2013-Dancers-at-the-Barre-reprodukcija-slike-3-600x707.jpg 600w, https:\/\/svetslik.si\/wp-content\/uploads\/2021\/09\/Edgar-Degas-\u2013-Dancers-at-the-Barre-reprodukcija-slike-3-254x300.jpg 254w, https:\/\/svetslik.si\/wp-content\/uploads\/2021\/09\/Edgar-Degas-\u2013-Dancers-at-the-Barre-reprodukcija-slike-3-869x1024.jpg 869w, https:\/\/svetslik.si\/wp-content\/uploads\/2021\/09\/Edgar-Degas-\u2013-Dancers-at-the-Barre-reprodukcija-slike-3-768x905.jpg 768w, https:\/\/svetslik.si\/wp-content\/uploads\/2021\/09\/Edgar-Degas-\u2013-Dancers-at-the-Barre-reprodukcija-slike-3-127x150.jpg 127w, https:\/\/svetslik.si\/wp-content\/uploads\/2021\/09\/Edgar-Degas-\u2013-Dancers-at-the-Barre-reprodukcija-slike-3-900x1061.jpg 900w\" sizes=\"(max-width: 1000px) 100vw, 1000px\" \/>\t\t\t\t<\/div>\n\t\t\t\t\t\t\t\t\t\t\t<\/div>\n\t<\/div>\n  [\/vc_column][\/vc_row][vc_row css=&#8221;.vc_custom_1691338085994{margin-bottom: 10px !important;}&#8221;][vc_column]\t<div class=\"et-image-850 et-image     et_image_link\">\n\t\t<div class=\"et-image-inner \">\n\t\t\t\t\t\t\t<div class=\"et-image-thumb \">\n\t\t\t\t\t<img decoding=\"async\" width=\"1000\" height=\"1454\" src=\"https:\/\/svetslik.si\/wp-content\/uploads\/2021\/09\/Edgar-Degas-\u2013-Dancers-at-the-Barre-reprodukcija-slike-1.jpg\" class=\"attachment-full\" alt=\"Arte classica - Movimenti coreografici (Riproduzione su tela)\" title=\"Edgar Degas \u2013 Ballerine alla sbarra \u2013 Riproduzione\" srcset=\"https:\/\/svetslik.si\/wp-content\/uploads\/2021\/09\/Edgar-Degas-\u2013-Dancers-at-the-Barre-reprodukcija-slike-1.jpg 1000w, https:\/\/svetslik.si\/wp-content\/uploads\/2021\/09\/Edgar-Degas-\u2013-Dancers-at-the-Barre-reprodukcija-slike-1-600x872.jpg 600w, https:\/\/svetslik.si\/wp-content\/uploads\/2021\/09\/Edgar-Degas-\u2013-Dancers-at-the-Barre-reprodukcija-slike-1-206x300.jpg 206w, https:\/\/svetslik.si\/wp-content\/uploads\/2021\/09\/Edgar-Degas-\u2013-Dancers-at-the-Barre-reprodukcija-slike-1-704x1024.jpg 704w, https:\/\/svetslik.si\/wp-content\/uploads\/2021\/09\/Edgar-Degas-\u2013-Dancers-at-the-Barre-reprodukcija-slike-1-768x1117.jpg 768w, https:\/\/svetslik.si\/wp-content\/uploads\/2021\/09\/Edgar-Degas-\u2013-Dancers-at-the-Barre-reprodukcija-slike-1-103x150.jpg 103w, https:\/\/svetslik.si\/wp-content\/uploads\/2021\/09\/Edgar-Degas-\u2013-Dancers-at-the-Barre-reprodukcija-slike-1-900x1309.jpg 900w\" sizes=\"(max-width: 1000px) 100vw, 1000px\" \/>\t\t\t\t<\/div>\n\t\t\t\t\t\t\t\t\t\t\t<\/div>\n\t<\/div>\n  [\/vc_column][\/vc_row][vc_row css=&#8221;.vc_custom_1691338085994{margin-bottom: 10px !important;}&#8221;][vc_column]\t<div class=\"et-image-321 et-image     et_image_link\">\n\t\t<div class=\"et-image-inner \">\n\t\t\t\t\t\t\t<div class=\"et-image-thumb \">\n\t\t\t\t\t<img decoding=\"async\" width=\"1000\" height=\"916\" src=\"https:\/\/svetslik.si\/wp-content\/uploads\/2021\/09\/Edgar-Degas-\u2013-Dancers-at-the-Barre-reprodukcija-slike-4.jpg\" class=\"attachment-full\" alt=\"Arte del movimento - Studio di danza (Riproduzione su tela)\" title=\"Edgar Degas \u2013 Ballerine alla sbarra \u2013 Riproduzione\" srcset=\"https:\/\/svetslik.si\/wp-content\/uploads\/2021\/09\/Edgar-Degas-\u2013-Dancers-at-the-Barre-reprodukcija-slike-4.jpg 1000w, https:\/\/svetslik.si\/wp-content\/uploads\/2021\/09\/Edgar-Degas-\u2013-Dancers-at-the-Barre-reprodukcija-slike-4-600x550.jpg 600w, https:\/\/svetslik.si\/wp-content\/uploads\/2021\/09\/Edgar-Degas-\u2013-Dancers-at-the-Barre-reprodukcija-slike-4-300x275.jpg 300w, https:\/\/svetslik.si\/wp-content\/uploads\/2021\/09\/Edgar-Degas-\u2013-Dancers-at-the-Barre-reprodukcija-slike-4-768x703.jpg 768w, https:\/\/svetslik.si\/wp-content\/uploads\/2021\/09\/Edgar-Degas-\u2013-Dancers-at-the-Barre-reprodukcija-slike-4-150x137.jpg 150w, https:\/\/svetslik.si\/wp-content\/uploads\/2021\/09\/Edgar-Degas-\u2013-Dancers-at-the-Barre-reprodukcija-slike-4-900x824.jpg 900w\" sizes=\"(max-width: 1000px) 100vw, 1000px\" \/>\t\t\t\t<\/div>\n\t\t\t\t\t\t\t\t\t\t\t<\/div>\n\t<\/div>\n  [\/vc_column][\/vc_row][vc_row css=&#8221;.vc_custom_1691338085994{margin-bottom: 10px !important;}&#8221;][vc_column]\t<div class=\"et-image-120 et-image     et_image_link\">\n\t\t<div class=\"et-image-inner \">\n\t\t\t\t\t\t\t<div class=\"et-image-thumb \">\n\t\t\t\t\t<img decoding=\"async\" width=\"1000\" height=\"563\" src=\"https:\/\/svetslik.si\/wp-content\/uploads\/2021\/09\/Edgar-Degas-\u2013-Dancers-at-the-Barre-reprodukcija-slike.jpg\" class=\"attachment-full\" alt=\"Edgar Degas - Danzatori alla sbarra (Riproduzione su tela)\" title=\"Edgar Degas \u2013 Ballerine alla sbarra \u2013 Riproduzione\" srcset=\"https:\/\/svetslik.si\/wp-content\/uploads\/2021\/09\/Edgar-Degas-\u2013-Dancers-at-the-Barre-reprodukcija-slike.jpg 1000w, https:\/\/svetslik.si\/wp-content\/uploads\/2021\/09\/Edgar-Degas-\u2013-Dancers-at-the-Barre-reprodukcija-slike-600x338.jpg 600w, https:\/\/svetslik.si\/wp-content\/uploads\/2021\/09\/Edgar-Degas-\u2013-Dancers-at-the-Barre-reprodukcija-slike-300x169.jpg 300w, https:\/\/svetslik.si\/wp-content\/uploads\/2021\/09\/Edgar-Degas-\u2013-Dancers-at-the-Barre-reprodukcija-slike-768x432.jpg 768w, https:\/\/svetslik.si\/wp-content\/uploads\/2021\/09\/Edgar-Degas-\u2013-Dancers-at-the-Barre-reprodukcija-slike-150x84.jpg 150w, https:\/\/svetslik.si\/wp-content\/uploads\/2021\/09\/Edgar-Degas-\u2013-Dancers-at-the-Barre-reprodukcija-slike-900x507.jpg 900w\" sizes=\"(max-width: 1000px) 100vw, 1000px\" \/>\t\t\t\t<\/div>\n\t\t\t\t\t\t\t\t\t\t\t<\/div>\n\t<\/div>\n  [\/vc_column][\/vc_row][vc_row css=&#8221;.vc_custom_1691338085994{margin-bottom: 10px !important;}&#8221;][vc_column]\t<div class=\"et-image-734 et-image     et_image_link\">\n\t\t<div class=\"et-image-inner \">\n\t\t\t\t\t\t\t<div class=\"et-image-thumb \">\n\t\t\t\t\t<img decoding=\"async\" width=\"1784\" height=\"2560\" src=\"https:\/\/svetslik.si\/wp-content\/uploads\/2021\/09\/Edgar-Degas-\u2013-Dancers-at-the-Barre-scaled.jpg\" class=\"attachment-full\" alt=\"Edgar Degas - Dancers at the Barre - Ballerine alla sbarra\" title=\"Edgar Degas - Dancers at the Barre - Ballerine alla sbarra\" srcset=\"https:\/\/svetslik.si\/wp-content\/uploads\/2021\/09\/Edgar-Degas-\u2013-Dancers-at-the-Barre-scaled.jpg 1784w, https:\/\/svetslik.si\/wp-content\/uploads\/2021\/09\/Edgar-Degas-\u2013-Dancers-at-the-Barre-600x861.jpg 600w, https:\/\/svetslik.si\/wp-content\/uploads\/2021\/09\/Edgar-Degas-\u2013-Dancers-at-the-Barre-scaled-1200x1722.jpg 1200w, https:\/\/svetslik.si\/wp-content\/uploads\/2021\/09\/Edgar-Degas-\u2013-Dancers-at-the-Barre-209x300.jpg 209w, https:\/\/svetslik.si\/wp-content\/uploads\/2021\/09\/Edgar-Degas-\u2013-Dancers-at-the-Barre-714x1024.jpg 714w, https:\/\/svetslik.si\/wp-content\/uploads\/2021\/09\/Edgar-Degas-\u2013-Dancers-at-the-Barre-768x1102.jpg 768w, https:\/\/svetslik.si\/wp-content\/uploads\/2021\/09\/Edgar-Degas-\u2013-Dancers-at-the-Barre-1070x1536.jpg 1070w, https:\/\/svetslik.si\/wp-content\/uploads\/2021\/09\/Edgar-Degas-\u2013-Dancers-at-the-Barre-1427x2048.jpg 1427w, https:\/\/svetslik.si\/wp-content\/uploads\/2021\/09\/Edgar-Degas-\u2013-Dancers-at-the-Barre-8x12.jpg 8w, https:\/\/svetslik.si\/wp-content\/uploads\/2021\/09\/Edgar-Degas-\u2013-Dancers-at-the-Barre-105x150.jpg 105w, https:\/\/svetslik.si\/wp-content\/uploads\/2021\/09\/Edgar-Degas-\u2013-Dancers-at-the-Barre-1320x1894.jpg 1320w, https:\/\/svetslik.si\/wp-content\/uploads\/2021\/09\/Edgar-Degas-\u2013-Dancers-at-the-Barre-900x1292.jpg 900w\" sizes=\"(max-width: 1784px) 100vw, 1784px\" \/>\t\t\t\t<\/div>\n\t\t\t\t\t\t\t\t\t\t\t<\/div>\n\t<\/div>\n  [\/vc_column][\/vc_row][vc_row css=&#8221;.vc_custom_1691338092958{margin-bottom: 10px !important;}&#8221;][vc_column]\t<div class=\"et-image-56 et-image     et_image_link\">\n\t\t<div class=\"et-image-inner \">\n\t\t\t\t\t\t\t<div class=\"et-image-thumb \">\n\t\t\t\t\t<img decoding=\"async\" width=\"2560\" height=\"1441\" src=\"https:\/\/svetslik.si\/wp-content\/uploads\/2021\/09\/20220203_105236-1-scaled.jpg\" class=\"attachment-full\" alt=\"Edgar Degas - Dancers at the Barre detail - Dettaglio\" title=\"Edgar Degas - Dancers at the Barre detail - Dettaglio\" srcset=\"https:\/\/svetslik.si\/wp-content\/uploads\/2021\/09\/20220203_105236-1-scaled.jpg 2560w, https:\/\/svetslik.si\/wp-content\/uploads\/2021\/09\/20220203_105236-1-600x338.jpg 600w, https:\/\/svetslik.si\/wp-content\/uploads\/2021\/09\/20220203_105236-1-scaled-1200x675.jpg 1200w, https:\/\/svetslik.si\/wp-content\/uploads\/2021\/09\/20220203_105236-1-300x169.jpg 300w, https:\/\/svetslik.si\/wp-content\/uploads\/2021\/09\/20220203_105236-1-1024x577.jpg 1024w, https:\/\/svetslik.si\/wp-content\/uploads\/2021\/09\/20220203_105236-1-768x432.jpg 768w, https:\/\/svetslik.si\/wp-content\/uploads\/2021\/09\/20220203_105236-1-1536x865.jpg 1536w, https:\/\/svetslik.si\/wp-content\/uploads\/2021\/09\/20220203_105236-1-2048x1153.jpg 2048w, https:\/\/svetslik.si\/wp-content\/uploads\/2021\/09\/20220203_105236-1-18x10.jpg 18w, https:\/\/svetslik.si\/wp-content\/uploads\/2021\/09\/20220203_105236-1-150x84.jpg 150w, https:\/\/svetslik.si\/wp-content\/uploads\/2021\/09\/20220203_105236-1-1320x743.jpg 1320w, https:\/\/svetslik.si\/wp-content\/uploads\/2021\/09\/20220203_105236-1-900x507.jpg 900w\" sizes=\"(max-width: 2560px) 100vw, 2560px\" \/>\t\t\t\t<\/div>\n\t\t\t\t\t\t\t\t\t\t\t<\/div>\n\t<\/div>\n  [\/vc_column][\/vc_row][vc_row][vc_column]\t<div class=\"et-image-346 et-image     et_image_link\">\n\t\t<div class=\"et-image-inner \">\n\t\t\t\t\t\t\t<div class=\"et-image-thumb \">\n\t\t\t\t\t<img decoding=\"async\" width=\"2560\" height=\"1441\" src=\"https:\/\/svetslik.si\/wp-content\/uploads\/2021\/09\/20220203_105250-1-scaled.jpg\" class=\"attachment-full\" alt=\"Edgar Degas - Dancers at the Barre detail 2 - Dettaglio 2\" title=\"Edgar Degas - Dancers at the Barre detail 2 - Dettaglio 2\" srcset=\"https:\/\/svetslik.si\/wp-content\/uploads\/2021\/09\/20220203_105250-1-scaled.jpg 2560w, https:\/\/svetslik.si\/wp-content\/uploads\/2021\/09\/20220203_105250-1-600x338.jpg 600w, https:\/\/svetslik.si\/wp-content\/uploads\/2021\/09\/20220203_105250-1-scaled-1200x675.jpg 1200w, https:\/\/svetslik.si\/wp-content\/uploads\/2021\/09\/20220203_105250-1-300x169.jpg 300w, https:\/\/svetslik.si\/wp-content\/uploads\/2021\/09\/20220203_105250-1-1024x577.jpg 1024w, https:\/\/svetslik.si\/wp-content\/uploads\/2021\/09\/20220203_105250-1-768x432.jpg 768w, https:\/\/svetslik.si\/wp-content\/uploads\/2021\/09\/20220203_105250-1-1536x865.jpg 1536w, https:\/\/svetslik.si\/wp-content\/uploads\/2021\/09\/20220203_105250-1-2048x1153.jpg 2048w, https:\/\/svetslik.si\/wp-content\/uploads\/2021\/09\/20220203_105250-1-18x10.jpg 18w, https:\/\/svetslik.si\/wp-content\/uploads\/2021\/09\/20220203_105250-1-150x84.jpg 150w, https:\/\/svetslik.si\/wp-content\/uploads\/2021\/09\/20220203_105250-1-1320x743.jpg 1320w, https:\/\/svetslik.si\/wp-content\/uploads\/2021\/09\/20220203_105250-1-900x507.jpg 900w\" sizes=\"(max-width: 2560px) 100vw, 2560px\" \/>\t\t\t\t<\/div>\n\t\t\t\t\t\t\t\t\t\t\t<\/div>\n\t<\/div>\n  [\/vc_column][\/vc_row][vc_row][vc_column][vc_column_text]\n<h1>Edgar Degas &#8211; Ballerini alla sbarra<\/h1>\n<p>&nbsp;<\/p>\n<table border=\"0\" width=\"619\" cellspacing=\"0\" cellpadding=\"0\">\n<tbody>\n<tr>\n<td height=\"21\">Anno di creazione:<\/td>\n<td style=\"width: 439px;\">1900<\/td>\n<\/tr>\n<tr>\n<td height=\"21\">Dimensione originale:<\/td>\n<td style=\"width: 439px;\">96,5 cm x 129,5 cm<\/td>\n<\/tr>\n<tr>\n<td height=\"21\">Stile colore:<\/td>\n<td style=\"width: 439px;\">Impressionismo<\/td>\n<\/tr>\n<tr>\n<td height=\"21\">Tecnica originale:<\/td>\n<td style=\"width: 439px;\">Olio su tela<\/td>\n<\/tr>\n<tr>\n<td height=\"21\">Situato:<\/td>\n<td style=\"width: 439px;\">The Phillips Collection, Washington D.C., USA<\/td>\n<\/tr>\n<\/tbody>\n<colgroup>\n<col \/> <\/colgroup>\n<\/table>\n<p>I dipinti di Degas di ballerine e ballerine sono tra le pi\u00f9 grandi opere d&#8217;arte del secolo. L&#8217;artista ha scelto di studiare e illustrare il movimento come sua missione, caratteristicamente espressa nei suoi dipinti.[\/vc_column_text][\/vc_column][\/vc_row]\n<\/div>","protected":false},"excerpt":{"rendered":"<p>[vc_row][vc_column][vc_column_text css=&#8221;&#8221;] [\/vc_column][\/vc_row][vc_row css=&#8221;.vc_custom_1691338085994{margin-bottom: 10px !important;}&#8221;][vc_column][\/vc_column][\/vc_row][vc_row css=&#8221;.vc_custom_1691338085994{margin-bottom: 10px !important;}&#8221;][vc_column][\/vc_column][\/vc_row][vc_row css=&#8221;.vc_custom_1691338085994{margin-bottom: 10px !important;}&#8221;][vc_column][\/vc_column][\/vc_row][vc_row css=&#8221;.vc_custom_1691338085994{margin-bottom: 10px !important;}&#8221;][vc_column][\/vc_column][\/vc_row][vc_row css=&#8221;.vc_custom_1691338085994{margin-bottom: 10px !important;}&#8221;][vc_column][\/vc_column][\/vc_row][vc_row css=&#8221;.vc_custom_1691338092958{margin-bottom: 10px !important;}&#8221;][vc_column][\/vc_column][\/vc_row][vc_row][vc_column][\/vc_column][\/vc_row][vc_row][vc_column][vc_column_text] Edgar Degas &#8211; Ballerini alla sbarra &nbsp; Anno di creazione: 1900 Dimensione originale: 96,5 cm x 129,5 cm Stile colore: Impressionismo Tecnica originale: Olio su tela Situato: The Phillips [&hellip;]<\/p>\n","protected":false},"featured_media":35017,"template":"","meta":{"_acf_changed":false},"product_brand":[],"product_cat":[4178],"product_tag":[4215,4246,4245,4253],"class_list":{"0":"post-39469","1":"product","2":"type-product","3":"status-publish","4":"has-post-thumbnail","6":"product_cat-edgar-degas","7":"product_tag-degas-it","8":"product_tag-riproduzione-it","9":"product_tag-riproduzione","10":"product_tag-un-pittore","11":"pa_dimenzija-110-x-150-cm","12":"pa_dimenzija-40-x-60-cm","13":"pa_dimenzija-50-x-60-cm","14":"pa_dimenzija-50-x-70-cm","15":"pa_dimenzija-60-x-80-cm","16":"pa_dimenzija-70-x-90-cm","17":"pa_dimenzija-80-x-110-cm","18":"pa_dimenzija-90-x-120-cm","19":"pa_dimenzija-97-x-130-cm","20":"pa_oblika-verticale","21":"pa_okvir-sensa-cornice","22":"pa_podokvir-no","23":"pa_podokvir-si","25":"first","26":"onbackorder","27":"purchasable","28":"product-type-variable","29":"has-default-attributes"},"acf":[],"yoast_head":"<!-- This site is optimized with the Yoast SEO Premium plugin v26.0 (Yoast SEO v27.2) - https:\/\/yoast.com\/product\/yoast-seo-premium-wordpress\/ -->\n<title>Edgar Degas - Dancers at the Barre - SVETSLIK.SI - Dipinti a mano al 100%<\/title>\n<meta name=\"description\" content=\"Edgar Degas - Dancers at the Barre - Riproduzioni di quadri d&#039;arte dipinte a mano al 100% su tela. Cornici per quadri, vendita e produzione di dimensioni su ordinazione.\" \/>\n<meta name=\"robots\" content=\"index, follow, max-snippet:-1, max-image-preview:large, max-video-preview:-1\" \/>\n<link rel=\"canonical\" href=\"https:\/\/svetslik.si\/it\/edgar-degas\/dancers-at-the-barre\/\" \/>\n<meta property=\"og:locale\" content=\"it_IT\" \/>\n<meta property=\"og:type\" content=\"article\" \/>\n<meta property=\"og:title\" content=\"Edgar Degas - Dancers at the Barre\" \/>\n<meta property=\"og:description\" content=\"100% ro\u010dno naslikane slike na platnu, reprodukcije znanih slikarjev in umetni\u0161ke slike po naro\u010dilu.\" \/>\n<meta property=\"og:url\" content=\"https:\/\/svetslik.si\/it\/edgar-degas\/dancers-at-the-barre\/\" \/>\n<meta property=\"og:site_name\" content=\"SVETSLIK.SI\" \/>\n<meta property=\"article:publisher\" content=\"https:\/\/www.facebook.com\/svetslik.si\" \/>\n<meta property=\"article:modified_time\" content=\"2026-03-22T20:33:43+00:00\" \/>\n<meta property=\"og:image\" content=\"https:\/\/svetslik.si\/wp-content\/uploads\/2021\/08\/image_Dancers-at-the-Barre_680-scaled.jpg\" \/>\n\t<meta property=\"og:image:width\" content=\"1920\" \/>\n\t<meta property=\"og:image:height\" content=\"2560\" \/>\n\t<meta property=\"og:image:type\" content=\"image\/jpeg\" \/>\n<meta name=\"twitter:card\" content=\"summary_large_image\" \/>\n<meta name=\"twitter:site\" content=\"@svetslik\" \/>\n<meta name=\"twitter:label1\" content=\"Disponibilit\u00e0\" \/>\n\t<meta name=\"twitter:data1\" content=\"Su ordinazione\" \/>\n<script type=\"application\/ld+json\" class=\"yoast-schema-graph\">{\"@context\":\"https:\/\/schema.org\",\"@graph\":[{\"@type\":[\"WebPage\",\"ItemPage\"],\"@id\":\"https:\/\/svetslik.si\/it\/edgar-degas\/dancers-at-the-barre\/\",\"url\":\"https:\/\/svetslik.si\/it\/edgar-degas\/dancers-at-the-barre\/\",\"name\":\"Edgar Degas - Dancers at the Barre - SVETSLIK.SI - Dipinti a mano al 100%\",\"isPartOf\":{\"@id\":\"https:\/\/svetslik.si\/it\/#website\"},\"primaryImageOfPage\":{\"@id\":\"https:\/\/svetslik.si\/it\/edgar-degas\/dancers-at-the-barre\/#primaryimage\"},\"image\":{\"@id\":\"https:\/\/svetslik.si\/it\/edgar-degas\/dancers-at-the-barre\/#primaryimage\"},\"thumbnailUrl\":\"https:\/\/svetslik.si\/wp-content\/uploads\/2021\/08\/image_Dancers-at-the-Barre_680-scaled.jpg\",\"datePublished\":\"2021-09-02T15:58:26+00:00\",\"dateModified\":\"2026-03-22T20:33:43+00:00\",\"description\":\"Edgar Degas - Dancers at the Barre - Riproduzioni di quadri d'arte dipinte a mano al 100% su tela. Cornici per quadri, vendita e produzione di dimensioni su ordinazione.\",\"breadcrumb\":{\"@id\":\"https:\/\/svetslik.si\/it\/edgar-degas\/dancers-at-the-barre\/#breadcrumb\"},\"inLanguage\":\"it-IT\",\"potentialAction\":[{\"@type\":\"ReadAction\",\"target\":[\"https:\/\/svetslik.si\/it\/edgar-degas\/dancers-at-the-barre\/\"]}]},{\"@type\":\"ImageObject\",\"inLanguage\":\"it-IT\",\"@id\":\"https:\/\/svetslik.si\/it\/edgar-degas\/dancers-at-the-barre\/#primaryimage\",\"url\":\"https:\/\/svetslik.si\/wp-content\/uploads\/2021\/08\/image_Dancers-at-the-Barre_680-scaled.jpg\",\"contentUrl\":\"https:\/\/svetslik.si\/wp-content\/uploads\/2021\/08\/image_Dancers-at-the-Barre_680-scaled.jpg\",\"width\":1920,\"height\":2560,\"caption\":\"Edgar Degas - Ballerine in rosa - Reproduzione - quadro riprodotto a mano, olio su tela, dipinto ad olio, quadro artistico, quadro moderno da parete, quadro ambientale, quadro astratto, quadro decorativo\"},{\"@type\":\"BreadcrumbList\",\"@id\":\"https:\/\/svetslik.si\/it\/edgar-degas\/dancers-at-the-barre\/#breadcrumb\",\"itemListElement\":[{\"@type\":\"ListItem\",\"position\":1,\"name\":\"Fali m\u0171v\u00e9szet \u00e9s festm\u00e9nyek v\u00e1szonra\",\"item\":\"https:\/\/svetslik.si\/it\/\"},{\"@type\":\"ListItem\",\"position\":2,\"name\":\"Vendita di dipinti\",\"item\":\"https:\/\/svetslik.si\/prodaja-slik\/\"},{\"@type\":\"ListItem\",\"position\":3,\"name\":\"Edgar Degas &#8211; Dancers at the Barre\"}]},{\"@type\":\"WebSite\",\"@id\":\"https:\/\/svetslik.si\/it\/#website\",\"url\":\"https:\/\/svetslik.si\/it\/\",\"name\":\"SVETSLIK.SI\",\"description\":\"100% riproduzioni dipinte a mano di quadri di pittori famosi e dipinti su tela.\",\"publisher\":{\"@id\":\"https:\/\/svetslik.si\/it\/#organization\"},\"potentialAction\":[{\"@type\":\"SearchAction\",\"target\":{\"@type\":\"EntryPoint\",\"urlTemplate\":\"https:\/\/svetslik.si\/it\/?s={search_term_string}\"},\"query-input\":{\"@type\":\"PropertyValueSpecification\",\"valueRequired\":true,\"valueName\":\"search_term_string\"}}],\"inLanguage\":\"it-IT\"},{\"@type\":\"Organization\",\"@id\":\"https:\/\/svetslik.si\/it\/#organization\",\"name\":\"SvetSlik.si\",\"url\":\"https:\/\/svetslik.si\/it\/\",\"logo\":{\"@type\":\"ImageObject\",\"inLanguage\":\"it-IT\",\"@id\":\"https:\/\/svetslik.si\/it\/#\/schema\/logo\/image\/\",\"url\":\"https:\/\/svetslik.si\/wp-content\/uploads\/2020\/12\/logo-512.png\",\"contentUrl\":\"https:\/\/svetslik.si\/wp-content\/uploads\/2020\/12\/logo-512.png\",\"width\":512,\"height\":512,\"caption\":\"SvetSlik.si\"},\"image\":{\"@id\":\"https:\/\/svetslik.si\/it\/#\/schema\/logo\/image\/\"},\"sameAs\":[\"https:\/\/www.facebook.com\/svetslik.si\",\"https:\/\/x.com\/svetslik\",\"https:\/\/www.instagram.com\/svetslik.si\/\",\"https:\/\/www.linkedin.com\/company\/svetslik-si\"]}]}<\/script>\n<meta property=\"og:availability\" content=\"backorder\" \/>\n<meta property=\"product:availability\" content=\"available for order\" \/>\n<meta property=\"product:retailer_item_id\" content=\"330__\" \/>\n<meta property=\"product:condition\" content=\"new\" \/>\n<!-- \/ Yoast SEO Premium plugin. -->","yoast_head_json":{"title":"Edgar Degas - Dancers at the Barre - SVETSLIK.SI - Dipinti a mano al 100%","description":"Edgar Degas - Dancers at the Barre - Riproduzioni di quadri d'arte dipinte a mano al 100% su tela. Cornici per quadri, vendita e produzione di dimensioni su ordinazione.","robots":{"index":"index","follow":"follow","max-snippet":"max-snippet:-1","max-image-preview":"max-image-preview:large","max-video-preview":"max-video-preview:-1"},"canonical":"https:\/\/svetslik.si\/it\/edgar-degas\/dancers-at-the-barre\/","og_locale":"it_IT","og_type":"article","og_title":"Edgar Degas - Dancers at the Barre","og_description":"100% ro\u010dno naslikane slike na platnu, reprodukcije znanih slikarjev in umetni\u0161ke slike po naro\u010dilu.","og_url":"https:\/\/svetslik.si\/it\/edgar-degas\/dancers-at-the-barre\/","og_site_name":"SVETSLIK.SI","article_publisher":"https:\/\/www.facebook.com\/svetslik.si","article_modified_time":"2026-03-22T20:33:43+00:00","og_image":[{"width":1920,"height":2560,"url":"https:\/\/svetslik.si\/wp-content\/uploads\/2021\/08\/image_Dancers-at-the-Barre_680-scaled.jpg","type":"image\/jpeg"}],"twitter_card":"summary_large_image","twitter_site":"@svetslik","twitter_misc":{"Disponibilit\u00e0":"Su ordinazione"},"schema":{"@context":"https:\/\/schema.org","@graph":[{"@type":["WebPage","ItemPage"],"@id":"https:\/\/svetslik.si\/it\/edgar-degas\/dancers-at-the-barre\/","url":"https:\/\/svetslik.si\/it\/edgar-degas\/dancers-at-the-barre\/","name":"Edgar Degas - Dancers at the Barre - SVETSLIK.SI - Dipinti a mano al 100%","isPartOf":{"@id":"https:\/\/svetslik.si\/it\/#website"},"primaryImageOfPage":{"@id":"https:\/\/svetslik.si\/it\/edgar-degas\/dancers-at-the-barre\/#primaryimage"},"image":{"@id":"https:\/\/svetslik.si\/it\/edgar-degas\/dancers-at-the-barre\/#primaryimage"},"thumbnailUrl":"https:\/\/svetslik.si\/wp-content\/uploads\/2021\/08\/image_Dancers-at-the-Barre_680-scaled.jpg","datePublished":"2021-09-02T15:58:26+00:00","dateModified":"2026-03-22T20:33:43+00:00","description":"Edgar Degas - Dancers at the Barre - Riproduzioni di quadri d'arte dipinte a mano al 100% su tela. Cornici per quadri, vendita e produzione di dimensioni su ordinazione.","breadcrumb":{"@id":"https:\/\/svetslik.si\/it\/edgar-degas\/dancers-at-the-barre\/#breadcrumb"},"inLanguage":"it-IT","potentialAction":[{"@type":"ReadAction","target":["https:\/\/svetslik.si\/it\/edgar-degas\/dancers-at-the-barre\/"]}]},{"@type":"ImageObject","inLanguage":"it-IT","@id":"https:\/\/svetslik.si\/it\/edgar-degas\/dancers-at-the-barre\/#primaryimage","url":"https:\/\/svetslik.si\/wp-content\/uploads\/2021\/08\/image_Dancers-at-the-Barre_680-scaled.jpg","contentUrl":"https:\/\/svetslik.si\/wp-content\/uploads\/2021\/08\/image_Dancers-at-the-Barre_680-scaled.jpg","width":1920,"height":2560,"caption":"Edgar Degas - Ballerine in rosa - Reproduzione - quadro riprodotto a mano, olio su tela, dipinto ad olio, quadro artistico, quadro moderno da parete, quadro ambientale, quadro astratto, quadro decorativo"},{"@type":"BreadcrumbList","@id":"https:\/\/svetslik.si\/it\/edgar-degas\/dancers-at-the-barre\/#breadcrumb","itemListElement":[{"@type":"ListItem","position":1,"name":"Fali m\u0171v\u00e9szet \u00e9s festm\u00e9nyek v\u00e1szonra","item":"https:\/\/svetslik.si\/it\/"},{"@type":"ListItem","position":2,"name":"Vendita di dipinti","item":"https:\/\/svetslik.si\/prodaja-slik\/"},{"@type":"ListItem","position":3,"name":"Edgar Degas &#8211; Dancers at the Barre"}]},{"@type":"WebSite","@id":"https:\/\/svetslik.si\/it\/#website","url":"https:\/\/svetslik.si\/it\/","name":"SVETSLIK.SI","description":"100% riproduzioni dipinte a mano di quadri di pittori famosi e dipinti su tela.","publisher":{"@id":"https:\/\/svetslik.si\/it\/#organization"},"potentialAction":[{"@type":"SearchAction","target":{"@type":"EntryPoint","urlTemplate":"https:\/\/svetslik.si\/it\/?s={search_term_string}"},"query-input":{"@type":"PropertyValueSpecification","valueRequired":true,"valueName":"search_term_string"}}],"inLanguage":"it-IT"},{"@type":"Organization","@id":"https:\/\/svetslik.si\/it\/#organization","name":"SvetSlik.si","url":"https:\/\/svetslik.si\/it\/","logo":{"@type":"ImageObject","inLanguage":"it-IT","@id":"https:\/\/svetslik.si\/it\/#\/schema\/logo\/image\/","url":"https:\/\/svetslik.si\/wp-content\/uploads\/2020\/12\/logo-512.png","contentUrl":"https:\/\/svetslik.si\/wp-content\/uploads\/2020\/12\/logo-512.png","width":512,"height":512,"caption":"SvetSlik.si"},"image":{"@id":"https:\/\/svetslik.si\/it\/#\/schema\/logo\/image\/"},"sameAs":["https:\/\/www.facebook.com\/svetslik.si","https:\/\/x.com\/svetslik","https:\/\/www.instagram.com\/svetslik.si\/","https:\/\/www.linkedin.com\/company\/svetslik-si"]}]},"og_availability":"backorder","product_availability":"available for order","product_retailer_item_id":"330__","product_condition":"new"},"jetpack_sharing_enabled":true,"_links":{"self":[{"href":"https:\/\/svetslik.si\/it\/wp-json\/wp\/v2\/product\/39469","targetHints":{"allow":["GET"]}}],"collection":[{"href":"https:\/\/svetslik.si\/it\/wp-json\/wp\/v2\/product"}],"about":[{"href":"https:\/\/svetslik.si\/it\/wp-json\/wp\/v2\/types\/product"}],"wp:featuredmedia":[{"embeddable":true,"href":"https:\/\/svetslik.si\/it\/wp-json\/wp\/v2\/media\/35017"}],"wp:attachment":[{"href":"https:\/\/svetslik.si\/it\/wp-json\/wp\/v2\/media?parent=39469"}],"wp:term":[{"taxonomy":"product_brand","embeddable":true,"href":"https:\/\/svetslik.si\/it\/wp-json\/wp\/v2\/product_brand?post=39469"},{"taxonomy":"product_cat","embeddable":true,"href":"https:\/\/svetslik.si\/it\/wp-json\/wp\/v2\/product_cat?post=39469"},{"taxonomy":"product_tag","embeddable":true,"href":"https:\/\/svetslik.si\/it\/wp-json\/wp\/v2\/product_tag?post=39469"}],"curies":[{"name":"wp","href":"https:\/\/api.w.org\/{rel}","templated":true}]}}