{"id":39721,"date":"2021-09-02T18:02:39","date_gmt":"2021-09-02T16:02:39","guid":{"rendered":"https:\/\/svetslik.si\/senza-categoria\/street-scene-in-montmarte-le-moulin-de-poivre\/"},"modified":"2026-03-22T21:39:04","modified_gmt":"2026-03-22T20:39:04","slug":"street-scene-in-montmarte-le-moulin-de-poivre","status":"publish","type":"product","link":"https:\/\/svetslik.si\/it\/vincent-van-gogh\/street-scene-in-montmarte-le-moulin-de-poivre\/","title":{"rendered":"Vincent van Gogh &#8211; Street Scene in Montmarte &#8211; Le Moulin de Poivre"},"content":{"rendered":"<h1>Vincent Van Gogh &#8211; Scena di strada a Montmartre &#8211; Le Moulin de Poivre<\/h1>\n<p>&nbsp;<\/p>\n<table border=\"0\" width=\"593\" cellspacing=\"0\" cellpadding=\"0\">\n<tr>\n<td height=\"21\">Anno di creazione:<\/td>\n<td style=\"width: 439px\">1887<\/td>\n<\/tr>\n<tr>\n<td height=\"21\">Dimensione originale:<\/td>\n<td style=\"width: 439px\">64,5 cm x 34,5 cm<\/td>\n<\/tr>\n<tr>\n<td height=\"21\">Stile colore:<\/td>\n<td style=\"width: 439px\">Post impressionismo<\/td>\n<\/tr>\n<tr>\n<td height=\"21\">Tecnica originale:<\/td>\n<td style=\"width: 439px\">Olio su tela<\/td>\n<\/tr>\n<tr>\n<td height=\"21\">Situato:<\/td>\n<td style=\"width: 439px\">\n<div>Museo Van Gogh, Paesi Bassi<\/div>\n<\/td>\n<\/tr>\n<\/tbody>\n<\/table>\n<p>Le opere di Van Gogh esprimono l&#8217;atteggiamento del pittore nei confronti dell&#8217;impressionismo: questo stile di pittura non concedeva all&#8217;artista abbastanza libert\u00e0 per esprimere le proprie emozioni. Van Gogh \u00e8 noto per la sua pesante applicazione di impasto di pittura su tele, colori scintillanti e vivaci pennellate.<\/p>\n<p>&#8220;Street Scene in Montmartre &#8211; Le Moulin de Poivre&#8221; \u00e8 un dipinto dell&#8217;artista olandese Vincent van Gogh del 1886. Il dipinto \u00e8 considerato una delle opere pi\u00f9 belle di Van Gogh, che mostra la sua abilit\u00e0 nel catturare l&#8217;essenza di una scena e l&#8217;energia di un posto. Il dipinto mostra una scena di strada nel quartiere parigino di Montmartre, con il mulino a vento Le Moulin de Poivre sullo sfondo e un gruppo di persone che camminano per strada in primo piano. Il dipinto \u00e8 ampiamente riconosciuto per le sue pennellate audaci, l&#8217;emotivit\u00e0 e il forte simbolismo.<\/p>\n<p>La composizione del dipinto \u00e8 semplice ma efficace, con il mulino a vento e la scena di strada che occupano gran parte dello spazio sulla tela. Anche l&#8217;uso del colore nel dipinto \u00e8 degno di nota, poich\u00e9 Van Gogh utilizza colori audaci e contrastanti che creano un senso di movimento ed energia. Il mulino a vento \u00e8 raffigurato nei toni del blu e del bianco, creando un senso di calma e serenit\u00e0. La scena di strada \u00e8 rappresentata in sfumature arancioni e marroni che creano una sensazione di calore ed energia. Le pennellate nel dipinto sono dense e visibili, conferendo al dipinto un senso di movimento ed energia.<\/p>\n<p>Anche il simbolismo nel dipinto \u00e8 ricco: il mulino a vento rappresenta l&#8217;idea di industria e progresso, mentre la scena di strada rappresenta l&#8217;idea della vita quotidiana e del trambusto cittadino. Si dice che il dipinto rappresenti lo stato emotivo di Van Gogh in quel momento. Il dipinto \u00e8 stato creato mentre Van Gogh viveva a Parigi, in Francia, e si ritiene che rifletta i sentimenti di desiderio dell&#8217;artista di connettersi con la citt\u00e0 e la sua gente.<\/p>\n<p>&#8220;Street Scene in Montmartre &#8211; Le Moulin de Poivre&#8221; \u00e8 considerata una delle opere pi\u00f9 iconiche e potenti di Van Gogh. Il dipinto si trova nel Van Gogh Museum di Amsterdam, Paesi Bassi. \u00c8 un&#8217;importante opera post-impressionista che \u00e8 ancora ammirata e studiata da appassionati ed esperti d&#8217;arte. Le potenti immagini, l&#8217;emotivit\u00e0 e il ricco simbolismo rendono il dipinto un must per qualsiasi amante dell&#8217;arte o chiunque sia interessato al lavoro di Vincent van Gogh.<\/p>\n","protected":false},"excerpt":{"rendered":"<p>Vincent Van Gogh &#8211; Scena di strada a Montmartre &#8211; Le Moulin de Poivre &nbsp; Anno di creazione: 1887 Dimensione originale: 64,5 cm x 34,5 cm Stile colore: Post impressionismo Tecnica originale: Olio su tela Situato: Museo Van Gogh, Paesi Bassi Le opere di Van Gogh esprimono l&#8217;atteggiamento del pittore [&hellip;]<\/p>\n","protected":false},"featured_media":35632,"template":"","meta":{"_acf_changed":false},"product_brand":[],"product_cat":[4189],"product_tag":[4245,4246,4253,4265],"class_list":{"0":"post-39721","1":"product","2":"type-product","3":"status-publish","4":"has-post-thumbnail","6":"product_cat-vincent-van-gogh","7":"product_tag-riproduzione","8":"product_tag-riproduzione-it","9":"product_tag-un-pittore","10":"product_tag-van-gogh-it","11":"pa_dimenzija-120-x-65-cm-it","12":"pa_dimenzija-150-x-80-cm-it","13":"pa_dimenzija-50-x-30-cm-it","14":"pa_dimenzija-65-x-35-cm-it","15":"pa_dimenzija-70-x-40-cm-it","16":"pa_dimenzija-80-x-45-cm-it","17":"pa_dimenzija-90-x-50-cm-it","18":"pa_oblika-orizzontale","19":"pa_okvir-sensa-cornice","20":"pa_podokvir-no","21":"pa_podokvir-si","23":"first","24":"onbackorder","25":"purchasable","26":"product-type-variable","27":"has-default-attributes"},"acf":[],"yoast_head":"<!-- This site is optimized with the Yoast SEO Premium plugin v26.0 (Yoast SEO v27.2) - https:\/\/yoast.com\/product\/yoast-seo-premium-wordpress\/ -->\n<title>Vincent van Gogh - Street Scene in Montmarte - Le Moulin de Poivre - SVETSLIK.SI - Dipinti a mano al 100%<\/title>\n<meta name=\"description\" content=\"Vincent van Gogh - Street Scene in Montmarte - Le Moulin de Poivre - Riproduzioni di quadri d&#039;arte dipinte a mano al 100% su tela. Cornici per quadri, vendita e produzione di dimensioni su ordinazione.\" \/>\n<meta name=\"robots\" content=\"index, follow, max-snippet:-1, max-image-preview:large, max-video-preview:-1\" \/>\n<link rel=\"canonical\" href=\"https:\/\/svetslik.si\/it\/vincent-van-gogh\/street-scene-in-montmarte-le-moulin-de-poivre\/\" \/>\n<meta property=\"og:locale\" content=\"it_IT\" \/>\n<meta property=\"og:type\" content=\"article\" \/>\n<meta property=\"og:title\" content=\"Vincent van Gogh - Street Scene in Montmarte - Le Moulin de Poivre\" \/>\n<meta property=\"og:description\" content=\"100% ro\u010dno naslikane slike na platnu, reprodukcije znanih slikarjev in umetni\u0161ke slike po naro\u010dilu.\" \/>\n<meta property=\"og:url\" content=\"https:\/\/svetslik.si\/it\/vincent-van-gogh\/street-scene-in-montmarte-le-moulin-de-poivre\/\" \/>\n<meta property=\"og:site_name\" content=\"SVETSLIK.SI\" \/>\n<meta property=\"article:publisher\" content=\"https:\/\/www.facebook.com\/svetslik.si\" \/>\n<meta property=\"article:modified_time\" content=\"2026-03-22T20:39:04+00:00\" \/>\n<meta property=\"og:image\" content=\"https:\/\/svetslik.si\/wp-content\/uploads\/2021\/08\/image_Street-Scene-in-Montmarte-Le-Moulin-de-Poivre_680.jpg\" \/>\n\t<meta property=\"og:image:width\" content=\"1500\" \/>\n\t<meta property=\"og:image:height\" content=\"1132\" \/>\n\t<meta property=\"og:image:type\" content=\"image\/jpeg\" \/>\n<meta name=\"twitter:card\" content=\"summary_large_image\" \/>\n<meta name=\"twitter:site\" content=\"@svetslik\" \/>\n<meta name=\"twitter:label1\" content=\"Disponibilit\u00e0\" \/>\n\t<meta name=\"twitter:data1\" content=\"Su ordinazione\" \/>\n<script type=\"application\/ld+json\" class=\"yoast-schema-graph\">{\"@context\":\"https:\/\/schema.org\",\"@graph\":[{\"@type\":[\"WebPage\",\"ItemPage\"],\"@id\":\"https:\/\/svetslik.si\/it\/vincent-van-gogh\/street-scene-in-montmarte-le-moulin-de-poivre\/\",\"url\":\"https:\/\/svetslik.si\/it\/vincent-van-gogh\/street-scene-in-montmarte-le-moulin-de-poivre\/\",\"name\":\"Vincent van Gogh - Street Scene in Montmarte - Le Moulin de Poivre - SVETSLIK.SI - Dipinti a mano al 100%\",\"isPartOf\":{\"@id\":\"https:\/\/svetslik.si\/it\/#website\"},\"primaryImageOfPage\":{\"@id\":\"https:\/\/svetslik.si\/it\/vincent-van-gogh\/street-scene-in-montmarte-le-moulin-de-poivre\/#primaryimage\"},\"image\":{\"@id\":\"https:\/\/svetslik.si\/it\/vincent-van-gogh\/street-scene-in-montmarte-le-moulin-de-poivre\/#primaryimage\"},\"thumbnailUrl\":\"https:\/\/svetslik.si\/wp-content\/uploads\/2021\/08\/image_Street-Scene-in-Montmarte-Le-Moulin-de-Poivre_680.jpg\",\"datePublished\":\"2021-09-02T16:02:39+00:00\",\"dateModified\":\"2026-03-22T20:39:04+00:00\",\"description\":\"Vincent van Gogh - Street Scene in Montmarte - Le Moulin de Poivre - Riproduzioni di quadri d'arte dipinte a mano al 100% su tela. Cornici per quadri, vendita e produzione di dimensioni su ordinazione.\",\"breadcrumb\":{\"@id\":\"https:\/\/svetslik.si\/it\/vincent-van-gogh\/street-scene-in-montmarte-le-moulin-de-poivre\/#breadcrumb\"},\"inLanguage\":\"it-IT\",\"potentialAction\":[{\"@type\":\"ReadAction\",\"target\":[\"https:\/\/svetslik.si\/it\/vincent-van-gogh\/street-scene-in-montmarte-le-moulin-de-poivre\/\"]}]},{\"@type\":\"ImageObject\",\"inLanguage\":\"it-IT\",\"@id\":\"https:\/\/svetslik.si\/it\/vincent-van-gogh\/street-scene-in-montmarte-le-moulin-de-poivre\/#primaryimage\",\"url\":\"https:\/\/svetslik.si\/wp-content\/uploads\/2021\/08\/image_Street-Scene-in-Montmarte-Le-Moulin-de-Poivre_680.jpg\",\"contentUrl\":\"https:\/\/svetslik.si\/wp-content\/uploads\/2021\/08\/image_Street-Scene-in-Montmarte-Le-Moulin-de-Poivre_680.jpg\",\"width\":1500,\"height\":1132,\"caption\":\"Vincent Van Gogh - Street Scene in Montmarte - Le Moulin de Poivre - Riproduzioni dipinte a mano di famosi pittori, quadri moderni, quadri d'arte per la parete\"},{\"@type\":\"BreadcrumbList\",\"@id\":\"https:\/\/svetslik.si\/it\/vincent-van-gogh\/street-scene-in-montmarte-le-moulin-de-poivre\/#breadcrumb\",\"itemListElement\":[{\"@type\":\"ListItem\",\"position\":1,\"name\":\"Fali m\u0171v\u00e9szet \u00e9s festm\u00e9nyek v\u00e1szonra\",\"item\":\"https:\/\/svetslik.si\/it\/\"},{\"@type\":\"ListItem\",\"position\":2,\"name\":\"Vendita di dipinti\",\"item\":\"https:\/\/svetslik.si\/prodaja-slik\/\"},{\"@type\":\"ListItem\",\"position\":3,\"name\":\"Vincent van Gogh &#8211; Street Scene in Montmarte &#8211; Le Moulin de Poivre\"}]},{\"@type\":\"WebSite\",\"@id\":\"https:\/\/svetslik.si\/it\/#website\",\"url\":\"https:\/\/svetslik.si\/it\/\",\"name\":\"SVETSLIK.SI\",\"description\":\"100% riproduzioni dipinte a mano di quadri di pittori famosi e dipinti su tela.\",\"publisher\":{\"@id\":\"https:\/\/svetslik.si\/it\/#organization\"},\"potentialAction\":[{\"@type\":\"SearchAction\",\"target\":{\"@type\":\"EntryPoint\",\"urlTemplate\":\"https:\/\/svetslik.si\/it\/?s={search_term_string}\"},\"query-input\":{\"@type\":\"PropertyValueSpecification\",\"valueRequired\":true,\"valueName\":\"search_term_string\"}}],\"inLanguage\":\"it-IT\"},{\"@type\":\"Organization\",\"@id\":\"https:\/\/svetslik.si\/it\/#organization\",\"name\":\"SvetSlik.si\",\"url\":\"https:\/\/svetslik.si\/it\/\",\"logo\":{\"@type\":\"ImageObject\",\"inLanguage\":\"it-IT\",\"@id\":\"https:\/\/svetslik.si\/it\/#\/schema\/logo\/image\/\",\"url\":\"https:\/\/svetslik.si\/wp-content\/uploads\/2020\/12\/logo-512.png\",\"contentUrl\":\"https:\/\/svetslik.si\/wp-content\/uploads\/2020\/12\/logo-512.png\",\"width\":512,\"height\":512,\"caption\":\"SvetSlik.si\"},\"image\":{\"@id\":\"https:\/\/svetslik.si\/it\/#\/schema\/logo\/image\/\"},\"sameAs\":[\"https:\/\/www.facebook.com\/svetslik.si\",\"https:\/\/x.com\/svetslik\",\"https:\/\/www.instagram.com\/svetslik.si\/\",\"https:\/\/www.linkedin.com\/company\/svetslik-si\"]}]}<\/script>\n<meta property=\"og:availability\" content=\"backorder\" \/>\n<meta property=\"product:availability\" content=\"available for order\" \/>\n<meta property=\"product:retailer_item_id\" content=\"372__\" \/>\n<meta property=\"product:condition\" content=\"new\" \/>\n<!-- \/ Yoast SEO Premium plugin. -->","yoast_head_json":{"title":"Vincent van Gogh - Street Scene in Montmarte - Le Moulin de Poivre - SVETSLIK.SI - Dipinti a mano al 100%","description":"Vincent van Gogh - Street Scene in Montmarte - Le Moulin de Poivre - Riproduzioni di quadri d'arte dipinte a mano al 100% su tela. Cornici per quadri, vendita e produzione di dimensioni su ordinazione.","robots":{"index":"index","follow":"follow","max-snippet":"max-snippet:-1","max-image-preview":"max-image-preview:large","max-video-preview":"max-video-preview:-1"},"canonical":"https:\/\/svetslik.si\/it\/vincent-van-gogh\/street-scene-in-montmarte-le-moulin-de-poivre\/","og_locale":"it_IT","og_type":"article","og_title":"Vincent van Gogh - Street Scene in Montmarte - Le Moulin de Poivre","og_description":"100% ro\u010dno naslikane slike na platnu, reprodukcije znanih slikarjev in umetni\u0161ke slike po naro\u010dilu.","og_url":"https:\/\/svetslik.si\/it\/vincent-van-gogh\/street-scene-in-montmarte-le-moulin-de-poivre\/","og_site_name":"SVETSLIK.SI","article_publisher":"https:\/\/www.facebook.com\/svetslik.si","article_modified_time":"2026-03-22T20:39:04+00:00","og_image":[{"width":1500,"height":1132,"url":"https:\/\/svetslik.si\/wp-content\/uploads\/2021\/08\/image_Street-Scene-in-Montmarte-Le-Moulin-de-Poivre_680.jpg","type":"image\/jpeg"}],"twitter_card":"summary_large_image","twitter_site":"@svetslik","twitter_misc":{"Disponibilit\u00e0":"Su ordinazione"},"schema":{"@context":"https:\/\/schema.org","@graph":[{"@type":["WebPage","ItemPage"],"@id":"https:\/\/svetslik.si\/it\/vincent-van-gogh\/street-scene-in-montmarte-le-moulin-de-poivre\/","url":"https:\/\/svetslik.si\/it\/vincent-van-gogh\/street-scene-in-montmarte-le-moulin-de-poivre\/","name":"Vincent van Gogh - Street Scene in Montmarte - Le Moulin de Poivre - SVETSLIK.SI - Dipinti a mano al 100%","isPartOf":{"@id":"https:\/\/svetslik.si\/it\/#website"},"primaryImageOfPage":{"@id":"https:\/\/svetslik.si\/it\/vincent-van-gogh\/street-scene-in-montmarte-le-moulin-de-poivre\/#primaryimage"},"image":{"@id":"https:\/\/svetslik.si\/it\/vincent-van-gogh\/street-scene-in-montmarte-le-moulin-de-poivre\/#primaryimage"},"thumbnailUrl":"https:\/\/svetslik.si\/wp-content\/uploads\/2021\/08\/image_Street-Scene-in-Montmarte-Le-Moulin-de-Poivre_680.jpg","datePublished":"2021-09-02T16:02:39+00:00","dateModified":"2026-03-22T20:39:04+00:00","description":"Vincent van Gogh - Street Scene in Montmarte - Le Moulin de Poivre - Riproduzioni di quadri d'arte dipinte a mano al 100% su tela. Cornici per quadri, vendita e produzione di dimensioni su ordinazione.","breadcrumb":{"@id":"https:\/\/svetslik.si\/it\/vincent-van-gogh\/street-scene-in-montmarte-le-moulin-de-poivre\/#breadcrumb"},"inLanguage":"it-IT","potentialAction":[{"@type":"ReadAction","target":["https:\/\/svetslik.si\/it\/vincent-van-gogh\/street-scene-in-montmarte-le-moulin-de-poivre\/"]}]},{"@type":"ImageObject","inLanguage":"it-IT","@id":"https:\/\/svetslik.si\/it\/vincent-van-gogh\/street-scene-in-montmarte-le-moulin-de-poivre\/#primaryimage","url":"https:\/\/svetslik.si\/wp-content\/uploads\/2021\/08\/image_Street-Scene-in-Montmarte-Le-Moulin-de-Poivre_680.jpg","contentUrl":"https:\/\/svetslik.si\/wp-content\/uploads\/2021\/08\/image_Street-Scene-in-Montmarte-Le-Moulin-de-Poivre_680.jpg","width":1500,"height":1132,"caption":"Vincent Van Gogh - Street Scene in Montmarte - Le Moulin de Poivre - Riproduzioni dipinte a mano di famosi pittori, quadri moderni, quadri d'arte per la parete"},{"@type":"BreadcrumbList","@id":"https:\/\/svetslik.si\/it\/vincent-van-gogh\/street-scene-in-montmarte-le-moulin-de-poivre\/#breadcrumb","itemListElement":[{"@type":"ListItem","position":1,"name":"Fali m\u0171v\u00e9szet \u00e9s festm\u00e9nyek v\u00e1szonra","item":"https:\/\/svetslik.si\/it\/"},{"@type":"ListItem","position":2,"name":"Vendita di dipinti","item":"https:\/\/svetslik.si\/prodaja-slik\/"},{"@type":"ListItem","position":3,"name":"Vincent van Gogh &#8211; Street Scene in Montmarte &#8211; Le Moulin de Poivre"}]},{"@type":"WebSite","@id":"https:\/\/svetslik.si\/it\/#website","url":"https:\/\/svetslik.si\/it\/","name":"SVETSLIK.SI","description":"100% riproduzioni dipinte a mano di quadri di pittori famosi e dipinti su tela.","publisher":{"@id":"https:\/\/svetslik.si\/it\/#organization"},"potentialAction":[{"@type":"SearchAction","target":{"@type":"EntryPoint","urlTemplate":"https:\/\/svetslik.si\/it\/?s={search_term_string}"},"query-input":{"@type":"PropertyValueSpecification","valueRequired":true,"valueName":"search_term_string"}}],"inLanguage":"it-IT"},{"@type":"Organization","@id":"https:\/\/svetslik.si\/it\/#organization","name":"SvetSlik.si","url":"https:\/\/svetslik.si\/it\/","logo":{"@type":"ImageObject","inLanguage":"it-IT","@id":"https:\/\/svetslik.si\/it\/#\/schema\/logo\/image\/","url":"https:\/\/svetslik.si\/wp-content\/uploads\/2020\/12\/logo-512.png","contentUrl":"https:\/\/svetslik.si\/wp-content\/uploads\/2020\/12\/logo-512.png","width":512,"height":512,"caption":"SvetSlik.si"},"image":{"@id":"https:\/\/svetslik.si\/it\/#\/schema\/logo\/image\/"},"sameAs":["https:\/\/www.facebook.com\/svetslik.si","https:\/\/x.com\/svetslik","https:\/\/www.instagram.com\/svetslik.si\/","https:\/\/www.linkedin.com\/company\/svetslik-si"]}]},"og_availability":"backorder","product_availability":"available for order","product_retailer_item_id":"372__","product_condition":"new"},"jetpack_sharing_enabled":true,"_links":{"self":[{"href":"https:\/\/svetslik.si\/it\/wp-json\/wp\/v2\/product\/39721","targetHints":{"allow":["GET"]}}],"collection":[{"href":"https:\/\/svetslik.si\/it\/wp-json\/wp\/v2\/product"}],"about":[{"href":"https:\/\/svetslik.si\/it\/wp-json\/wp\/v2\/types\/product"}],"wp:featuredmedia":[{"embeddable":true,"href":"https:\/\/svetslik.si\/it\/wp-json\/wp\/v2\/media\/35632"}],"wp:attachment":[{"href":"https:\/\/svetslik.si\/it\/wp-json\/wp\/v2\/media?parent=39721"}],"wp:term":[{"taxonomy":"product_brand","embeddable":true,"href":"https:\/\/svetslik.si\/it\/wp-json\/wp\/v2\/product_brand?post=39721"},{"taxonomy":"product_cat","embeddable":true,"href":"https:\/\/svetslik.si\/it\/wp-json\/wp\/v2\/product_cat?post=39721"},{"taxonomy":"product_tag","embeddable":true,"href":"https:\/\/svetslik.si\/it\/wp-json\/wp\/v2\/product_tag?post=39721"}],"curies":[{"name":"wp","href":"https:\/\/api.w.org\/{rel}","templated":true}]}}