{"id":39774,"date":"2021-09-02T18:04:07","date_gmt":"2021-09-02T16:04:07","guid":{"rendered":"https:\/\/svetslik.si\/senza-categoria\/nude-nu\/"},"modified":"2026-03-22T21:39:44","modified_gmt":"2026-03-22T20:39:44","slug":"nude-nu","status":"publish","type":"product","link":"https:\/\/svetslik.si\/it\/amedeo-modigliani\/nude-nu\/","title":{"rendered":"Amedeo Modigliani &#8211; Nudo (Nu)"},"content":{"rendered":"<div class=\"wpb-content-wrapper\">[vc_row css=&#8221;.vc_custom_1670947385503{margin-bottom: 10px !important;}&#8221;][vc_column]\t<div class=\"et-image-760 et-image     et_image_link\">\n\t\t<div class=\"et-image-inner \">\n\t\t\t\t\t\t\t<div class=\"et-image-thumb \">\n\t\t\t\t\t<img decoding=\"async\" width=\"2309\" height=\"2252\" src=\"https:\/\/svetslik.si\/wp-content\/uploads\/2021\/09\/Slike-na-platnu-Amedeo-Modigliani-\u2013-Nude-Nu.jpg\" class=\"attachment-full\" alt=\"Amedeo Modigliani - Nudo (Nu)\" title=\"Amedeo Modigliani - Nudo (Nu)\" srcset=\"https:\/\/svetslik.si\/wp-content\/uploads\/2021\/09\/Slike-na-platnu-Amedeo-Modigliani-\u2013-Nude-Nu.jpg 2309w, https:\/\/svetslik.si\/wp-content\/uploads\/2021\/09\/Slike-na-platnu-Amedeo-Modigliani-\u2013-Nude-Nu-600x585.jpg 600w, https:\/\/svetslik.si\/wp-content\/uploads\/2021\/09\/Slike-na-platnu-Amedeo-Modigliani-\u2013-Nude-Nu-1200x1170.jpg 1200w, https:\/\/svetslik.si\/wp-content\/uploads\/2021\/09\/Slike-na-platnu-Amedeo-Modigliani-\u2013-Nude-Nu-300x293.jpg 300w, https:\/\/svetslik.si\/wp-content\/uploads\/2021\/09\/Slike-na-platnu-Amedeo-Modigliani-\u2013-Nude-Nu-1024x999.jpg 1024w, https:\/\/svetslik.si\/wp-content\/uploads\/2021\/09\/Slike-na-platnu-Amedeo-Modigliani-\u2013-Nude-Nu-768x749.jpg 768w, https:\/\/svetslik.si\/wp-content\/uploads\/2021\/09\/Slike-na-platnu-Amedeo-Modigliani-\u2013-Nude-Nu-1536x1498.jpg 1536w, https:\/\/svetslik.si\/wp-content\/uploads\/2021\/09\/Slike-na-platnu-Amedeo-Modigliani-\u2013-Nude-Nu-2048x1997.jpg 2048w, https:\/\/svetslik.si\/wp-content\/uploads\/2021\/09\/Slike-na-platnu-Amedeo-Modigliani-\u2013-Nude-Nu-12x12.jpg 12w, https:\/\/svetslik.si\/wp-content\/uploads\/2021\/09\/Slike-na-platnu-Amedeo-Modigliani-\u2013-Nude-Nu-150x146.jpg 150w, https:\/\/svetslik.si\/wp-content\/uploads\/2021\/09\/Slike-na-platnu-Amedeo-Modigliani-\u2013-Nude-Nu-1320x1287.jpg 1320w\" sizes=\"(max-width: 2309px) 100vw, 2309px\" \/>\t\t\t\t<\/div>\n\t\t\t\t\t\t\t\t\t\t\t<\/div>\n\t<\/div>\n  [\/vc_column][\/vc_row][vc_row css =&#8221;.vc_custom_1670947385503{margin-bottom: 10px !important;}&#8221;][vc_column]\t<div class=\"et-image-613 et-image     et_image_link\">\n\t\t<div class=\"et-image-inner \">\n\t\t\t\t\t\t\t<div class=\"et-image-thumb \">\n\t\t\t\t\t<img decoding=\"async\" width=\"2560\" height=\"1441\" src=\"https:\/\/svetslik.si\/wp-content\/uploads\/2021\/09\/slike-na-platnu-Amedeo-Modigliani-\u2013-Nude-Nu-1-scaled.jpg\" class=\"attachment-full\" alt=\"Amedeo Modigliani - Nudo (Nu)\" title=\"Amedeo Modigliani - Nudo (Nu)\" srcset=\"https:\/\/svetslik.si\/wp-content\/uploads\/2021\/09\/slike-na-platnu-Amedeo-Modigliani-\u2013-Nude-Nu-1-scaled.jpg 2560w, https:\/\/svetslik.si\/wp-content\/uploads\/2021\/09\/slike-na-platnu-Amedeo-Modigliani-\u2013-Nude-Nu-1-scaled-600x338.jpg 600w, https:\/\/svetslik.si\/wp-content\/uploads\/2021\/09\/slike-na-platnu-Amedeo-Modigliani-\u2013-Nude-Nu-1-scaled-1200x675.jpg 1200w, https:\/\/svetslik.si\/wp-content\/uploads\/2021\/09\/slike-na-platnu-Amedeo-Modigliani-\u2013-Nude-Nu-1-300x169.jpg 300w, https:\/\/svetslik.si\/wp-content\/uploads\/2021\/09\/slike-na-platnu-Amedeo-Modigliani-\u2013-Nude-Nu-1-1024x577.jpg 1024w, https:\/\/svetslik.si\/wp-content\/uploads\/2021\/09\/slike-na-platnu-Amedeo-Modigliani-\u2013-Nude-Nu-1-768x432.jpg 768w, https:\/\/svetslik.si\/wp-content\/uploads\/2021\/09\/slike-na-platnu-Amedeo-Modigliani-\u2013-Nude-Nu-1-1536x865.jpg 1536w, https:\/\/svetslik.si\/wp-content\/uploads\/2021\/09\/slike-na-platnu-Amedeo-Modigliani-\u2013-Nude-Nu-1-2048x1153.jpg 2048w, https:\/\/svetslik.si\/wp-content\/uploads\/2021\/09\/slike-na-platnu-Amedeo-Modigliani-\u2013-Nude-Nu-1-18x10.jpg 18w, https:\/\/svetslik.si\/wp-content\/uploads\/2021\/09\/slike-na-platnu-Amedeo-Modigliani-\u2013-Nude-Nu-1-150x84.jpg 150w, https:\/\/svetslik.si\/wp-content\/uploads\/2021\/09\/slike-na-platnu-Amedeo-Modigliani-\u2013-Nude-Nu-1-1320x743.jpg 1320w\" sizes=\"(max-width: 2560px) 100vw, 2560px\" \/>\t\t\t\t<\/div>\n\t\t\t\t\t\t\t\t\t\t\t<\/div>\n\t<\/div>\n  [\/vc_column][\/vc_row][vc_row][vc_column] [vc_column_text]\n<h1>Amedeo Modigliani &#8211; Nudo (Nu)<\/h1>\n<p>&nbsp;<\/p>\n<table border=\"0\" width=\"632\" cellspacing=\"0\" cellpadding=\"0\">\n<tr>\n<td height=\"21\">Anno di creazione:<\/td>\n<td style=\"width: 452px\">1917<\/td>\n<\/tr>\n<tr>\n<td height=\"21\">Dimensione originale:<\/td>\n<td style=\"width: 452px\">116 cm x 73 cm<\/td>\n<\/tr>\n<tr>\n<td height=\"21\">Stile colore:<\/td>\n<td style=\"width: 452px\">Espressionismo<\/td>\n<\/tr>\n<tr>\n<td height=\"21\">Tecnica originale:<\/td>\n<td>Olio su tela<\/td>\n<\/tr>\n<tr>\n<td height=\"21\">Situato:<\/td>\n<td style=\"width: 452px\">Museo Guggenheim, New York<\/td>\n<\/tr>\n<\/tbody>\n<colgroup>\n<col \/>\n<col \/> <\/colgroup>\n<\/table>\n<p>Il dipinto appartiene a una serie di dipinti estremamente apprezzati con il motivo di donne nude, e in queste opere il pittore continua la tradizione di raffigurare Venere in un modo leggermente diverso &#8211; l&#8217;erotismo delle prime figure nei dipinti \u00e8 sempre coinvolto in un mitologico o contesto comico, mentre Modigliani non si occupa di questo &#8211; le sue donne sullo schermo sono direttamente franche e provocatorie. In questa serie, l&#8217;artista ha raffigurato modelli e mai amici o amanti: le figure giacciono su un copriletto scuro che accentua il tono della loro pelle; li vediamo da vicino e di solito dall&#8217;alto. I loro corpi stilizzati occupano quasi l&#8217;intera tela e le loro mani e i loro piedi sono spesso fuori dalla cornice del quadro. A volte le figure vengono mostrate mentre dormono, ma spesso sono anche rivolte verso lo spettatore.[\/vc_column_text][\/vc_column][\/vc_row]\n<\/div>","protected":false},"excerpt":{"rendered":"<p>[vc_row css=&#8221;.vc_custom_1670947385503{margin-bottom: 10px !important;}&#8221;][vc_column][\/vc_column][\/vc_row][vc_row css =&#8221;.vc_custom_1670947385503{margin-bottom: 10px !important;}&#8221;][vc_column][\/vc_column][\/vc_row][vc_row][vc_column] [vc_column_text] Amedeo Modigliani &#8211; Nudo (Nu) &nbsp; Anno di creazione: 1917 Dimensione originale: 116 cm x 73 cm Stile colore: Espressionismo Tecnica originale: Olio su tela Situato: Museo Guggenheim, New York Il dipinto appartiene a una serie di dipinti estremamente apprezzati con [&hellip;]<\/p>\n","protected":false},"featured_media":35410,"template":"","meta":{"_acf_changed":false},"product_brand":[],"product_cat":[4175],"product_tag":[4231,4245,4246,4253],"class_list":{"0":"post-39774","1":"product","2":"type-product","3":"status-publish","4":"has-post-thumbnail","6":"product_cat-amedeo-modigliani","7":"product_tag-modigliani-it","8":"product_tag-riproduzione","9":"product_tag-riproduzione-it","10":"product_tag-un-pittore","11":"pa_dimenzija-100-x-65-cm","12":"pa_dimenzija-110-x-70-cm","13":"pa_dimenzija-116-x-73-cm","14":"pa_dimenzija-150-x-100-cm","15":"pa_dimenzija-180-x-110-cm","16":"pa_dimenzija-70-x-45-cm","17":"pa_dimenzija-80-x-50-cm","18":"pa_dimenzija-90-x-60-cm","19":"pa_oblika-orizzontale","20":"pa_okvir-sensa-cornice","21":"pa_podokvir-no","22":"pa_podokvir-si","24":"first","25":"onbackorder","26":"purchasable","27":"product-type-variable","28":"has-default-attributes"},"acf":[],"yoast_head":"<!-- This site is optimized with the Yoast SEO Premium plugin v26.0 (Yoast SEO v27.2) - https:\/\/yoast.com\/product\/yoast-seo-premium-wordpress\/ -->\n<title>Amedeo Modigliani - Nudo (Nu) - SVETSLIK.SI - Dipinti a mano al 100%<\/title>\n<meta name=\"description\" content=\"Amedeo Modigliani - Nudo (Nu) - Riproduzioni di quadri d&#039;arte dipinte a mano al 100% su tela. Cornici per quadri, vendita e produzione di dimensioni su ordinazione.\" \/>\n<meta name=\"robots\" content=\"index, follow, max-snippet:-1, max-image-preview:large, max-video-preview:-1\" \/>\n<link rel=\"canonical\" href=\"https:\/\/svetslik.si\/it\/amedeo-modigliani\/nude-nu\/\" \/>\n<meta property=\"og:locale\" content=\"it_IT\" \/>\n<meta property=\"og:type\" content=\"article\" \/>\n<meta property=\"og:title\" content=\"Amedeo Modigliani - Nudo (Nu)\" \/>\n<meta property=\"og:description\" content=\"100% ro\u010dno naslikane slike na platnu, reprodukcije znanih slikarjev in umetni\u0161ke slike po naro\u010dilu.\" \/>\n<meta property=\"og:url\" content=\"https:\/\/svetslik.si\/it\/amedeo-modigliani\/nude-nu\/\" \/>\n<meta property=\"og:site_name\" content=\"SVETSLIK.SI\" \/>\n<meta property=\"article:publisher\" content=\"https:\/\/www.facebook.com\/svetslik.si\" \/>\n<meta property=\"article:modified_time\" content=\"2026-03-22T20:39:44+00:00\" \/>\n<meta property=\"og:image\" content=\"https:\/\/svetslik.si\/wp-content\/uploads\/2021\/08\/image_Nude-Nu-Modigliani_680.jpg\" \/>\n\t<meta property=\"og:image:width\" content=\"2048\" \/>\n\t<meta property=\"og:image:height\" content=\"1272\" \/>\n\t<meta property=\"og:image:type\" content=\"image\/jpeg\" \/>\n<meta name=\"twitter:card\" content=\"summary_large_image\" \/>\n<meta name=\"twitter:site\" content=\"@svetslik\" \/>\n<meta name=\"twitter:label1\" content=\"Disponibilit\u00e0\" \/>\n\t<meta name=\"twitter:data1\" content=\"Su ordinazione\" \/>\n<script type=\"application\/ld+json\" class=\"yoast-schema-graph\">{\"@context\":\"https:\/\/schema.org\",\"@graph\":[{\"@type\":[\"WebPage\",\"ItemPage\"],\"@id\":\"https:\/\/svetslik.si\/it\/amedeo-modigliani\/nude-nu\/\",\"url\":\"https:\/\/svetslik.si\/it\/amedeo-modigliani\/nude-nu\/\",\"name\":\"Amedeo Modigliani - Nudo (Nu) - SVETSLIK.SI - Dipinti a mano al 100%\",\"isPartOf\":{\"@id\":\"https:\/\/svetslik.si\/it\/#website\"},\"primaryImageOfPage\":{\"@id\":\"https:\/\/svetslik.si\/it\/amedeo-modigliani\/nude-nu\/#primaryimage\"},\"image\":{\"@id\":\"https:\/\/svetslik.si\/it\/amedeo-modigliani\/nude-nu\/#primaryimage\"},\"thumbnailUrl\":\"https:\/\/svetslik.si\/wp-content\/uploads\/2021\/08\/image_Nude-Nu-Modigliani_680.jpg\",\"datePublished\":\"2021-09-02T16:04:07+00:00\",\"dateModified\":\"2026-03-22T20:39:44+00:00\",\"description\":\"Amedeo Modigliani - Nudo (Nu) - Riproduzioni di quadri d'arte dipinte a mano al 100% su tela. Cornici per quadri, vendita e produzione di dimensioni su ordinazione.\",\"breadcrumb\":{\"@id\":\"https:\/\/svetslik.si\/it\/amedeo-modigliani\/nude-nu\/#breadcrumb\"},\"inLanguage\":\"it-IT\",\"potentialAction\":[{\"@type\":\"ReadAction\",\"target\":[\"https:\/\/svetslik.si\/it\/amedeo-modigliani\/nude-nu\/\"]}]},{\"@type\":\"ImageObject\",\"inLanguage\":\"it-IT\",\"@id\":\"https:\/\/svetslik.si\/it\/amedeo-modigliani\/nude-nu\/#primaryimage\",\"url\":\"https:\/\/svetslik.si\/wp-content\/uploads\/2021\/08\/image_Nude-Nu-Modigliani_680.jpg\",\"contentUrl\":\"https:\/\/svetslik.si\/wp-content\/uploads\/2021\/08\/image_Nude-Nu-Modigliani_680.jpg\",\"width\":2048,\"height\":1272,\"caption\":\"Quadri su tela - Amedeo Modigliani - Nudo (Nu) - Dipinti a mano, riproduzioni di pittori famosi, olio su tela, wall art moderno, wall art, ambient, astratto, decorativo wall art\"},{\"@type\":\"BreadcrumbList\",\"@id\":\"https:\/\/svetslik.si\/it\/amedeo-modigliani\/nude-nu\/#breadcrumb\",\"itemListElement\":[{\"@type\":\"ListItem\",\"position\":1,\"name\":\"Fali m\u0171v\u00e9szet \u00e9s festm\u00e9nyek v\u00e1szonra\",\"item\":\"https:\/\/svetslik.si\/it\/\"},{\"@type\":\"ListItem\",\"position\":2,\"name\":\"Vendita di dipinti\",\"item\":\"https:\/\/svetslik.si\/prodaja-slik\/\"},{\"@type\":\"ListItem\",\"position\":3,\"name\":\"Amedeo Modigliani &#8211; Nudo (Nu)\"}]},{\"@type\":\"WebSite\",\"@id\":\"https:\/\/svetslik.si\/it\/#website\",\"url\":\"https:\/\/svetslik.si\/it\/\",\"name\":\"SVETSLIK.SI\",\"description\":\"100% riproduzioni dipinte a mano di quadri di pittori famosi e dipinti su tela.\",\"publisher\":{\"@id\":\"https:\/\/svetslik.si\/it\/#organization\"},\"potentialAction\":[{\"@type\":\"SearchAction\",\"target\":{\"@type\":\"EntryPoint\",\"urlTemplate\":\"https:\/\/svetslik.si\/it\/?s={search_term_string}\"},\"query-input\":{\"@type\":\"PropertyValueSpecification\",\"valueRequired\":true,\"valueName\":\"search_term_string\"}}],\"inLanguage\":\"it-IT\"},{\"@type\":\"Organization\",\"@id\":\"https:\/\/svetslik.si\/it\/#organization\",\"name\":\"SvetSlik.si\",\"url\":\"https:\/\/svetslik.si\/it\/\",\"logo\":{\"@type\":\"ImageObject\",\"inLanguage\":\"it-IT\",\"@id\":\"https:\/\/svetslik.si\/it\/#\/schema\/logo\/image\/\",\"url\":\"https:\/\/svetslik.si\/wp-content\/uploads\/2020\/12\/logo-512.png\",\"contentUrl\":\"https:\/\/svetslik.si\/wp-content\/uploads\/2020\/12\/logo-512.png\",\"width\":512,\"height\":512,\"caption\":\"SvetSlik.si\"},\"image\":{\"@id\":\"https:\/\/svetslik.si\/it\/#\/schema\/logo\/image\/\"},\"sameAs\":[\"https:\/\/www.facebook.com\/svetslik.si\",\"https:\/\/x.com\/svetslik\",\"https:\/\/www.instagram.com\/svetslik.si\/\",\"https:\/\/www.linkedin.com\/company\/svetslik-si\"]}]}<\/script>\n<meta property=\"og:availability\" content=\"backorder\" \/>\n<meta property=\"product:availability\" content=\"available for order\" \/>\n<meta property=\"product:retailer_item_id\" content=\"385__\" \/>\n<meta property=\"product:condition\" content=\"new\" \/>\n<!-- \/ Yoast SEO Premium plugin. -->","yoast_head_json":{"title":"Amedeo Modigliani - Nudo (Nu) - SVETSLIK.SI - Dipinti a mano al 100%","description":"Amedeo Modigliani - Nudo (Nu) - Riproduzioni di quadri d'arte dipinte a mano al 100% su tela. Cornici per quadri, vendita e produzione di dimensioni su ordinazione.","robots":{"index":"index","follow":"follow","max-snippet":"max-snippet:-1","max-image-preview":"max-image-preview:large","max-video-preview":"max-video-preview:-1"},"canonical":"https:\/\/svetslik.si\/it\/amedeo-modigliani\/nude-nu\/","og_locale":"it_IT","og_type":"article","og_title":"Amedeo Modigliani - Nudo (Nu)","og_description":"100% ro\u010dno naslikane slike na platnu, reprodukcije znanih slikarjev in umetni\u0161ke slike po naro\u010dilu.","og_url":"https:\/\/svetslik.si\/it\/amedeo-modigliani\/nude-nu\/","og_site_name":"SVETSLIK.SI","article_publisher":"https:\/\/www.facebook.com\/svetslik.si","article_modified_time":"2026-03-22T20:39:44+00:00","og_image":[{"width":2048,"height":1272,"url":"https:\/\/svetslik.si\/wp-content\/uploads\/2021\/08\/image_Nude-Nu-Modigliani_680.jpg","type":"image\/jpeg"}],"twitter_card":"summary_large_image","twitter_site":"@svetslik","twitter_misc":{"Disponibilit\u00e0":"Su ordinazione"},"schema":{"@context":"https:\/\/schema.org","@graph":[{"@type":["WebPage","ItemPage"],"@id":"https:\/\/svetslik.si\/it\/amedeo-modigliani\/nude-nu\/","url":"https:\/\/svetslik.si\/it\/amedeo-modigliani\/nude-nu\/","name":"Amedeo Modigliani - Nudo (Nu) - SVETSLIK.SI - Dipinti a mano al 100%","isPartOf":{"@id":"https:\/\/svetslik.si\/it\/#website"},"primaryImageOfPage":{"@id":"https:\/\/svetslik.si\/it\/amedeo-modigliani\/nude-nu\/#primaryimage"},"image":{"@id":"https:\/\/svetslik.si\/it\/amedeo-modigliani\/nude-nu\/#primaryimage"},"thumbnailUrl":"https:\/\/svetslik.si\/wp-content\/uploads\/2021\/08\/image_Nude-Nu-Modigliani_680.jpg","datePublished":"2021-09-02T16:04:07+00:00","dateModified":"2026-03-22T20:39:44+00:00","description":"Amedeo Modigliani - Nudo (Nu) - Riproduzioni di quadri d'arte dipinte a mano al 100% su tela. Cornici per quadri, vendita e produzione di dimensioni su ordinazione.","breadcrumb":{"@id":"https:\/\/svetslik.si\/it\/amedeo-modigliani\/nude-nu\/#breadcrumb"},"inLanguage":"it-IT","potentialAction":[{"@type":"ReadAction","target":["https:\/\/svetslik.si\/it\/amedeo-modigliani\/nude-nu\/"]}]},{"@type":"ImageObject","inLanguage":"it-IT","@id":"https:\/\/svetslik.si\/it\/amedeo-modigliani\/nude-nu\/#primaryimage","url":"https:\/\/svetslik.si\/wp-content\/uploads\/2021\/08\/image_Nude-Nu-Modigliani_680.jpg","contentUrl":"https:\/\/svetslik.si\/wp-content\/uploads\/2021\/08\/image_Nude-Nu-Modigliani_680.jpg","width":2048,"height":1272,"caption":"Quadri su tela - Amedeo Modigliani - Nudo (Nu) - Dipinti a mano, riproduzioni di pittori famosi, olio su tela, wall art moderno, wall art, ambient, astratto, decorativo wall art"},{"@type":"BreadcrumbList","@id":"https:\/\/svetslik.si\/it\/amedeo-modigliani\/nude-nu\/#breadcrumb","itemListElement":[{"@type":"ListItem","position":1,"name":"Fali m\u0171v\u00e9szet \u00e9s festm\u00e9nyek v\u00e1szonra","item":"https:\/\/svetslik.si\/it\/"},{"@type":"ListItem","position":2,"name":"Vendita di dipinti","item":"https:\/\/svetslik.si\/prodaja-slik\/"},{"@type":"ListItem","position":3,"name":"Amedeo Modigliani &#8211; Nudo (Nu)"}]},{"@type":"WebSite","@id":"https:\/\/svetslik.si\/it\/#website","url":"https:\/\/svetslik.si\/it\/","name":"SVETSLIK.SI","description":"100% riproduzioni dipinte a mano di quadri di pittori famosi e dipinti su tela.","publisher":{"@id":"https:\/\/svetslik.si\/it\/#organization"},"potentialAction":[{"@type":"SearchAction","target":{"@type":"EntryPoint","urlTemplate":"https:\/\/svetslik.si\/it\/?s={search_term_string}"},"query-input":{"@type":"PropertyValueSpecification","valueRequired":true,"valueName":"search_term_string"}}],"inLanguage":"it-IT"},{"@type":"Organization","@id":"https:\/\/svetslik.si\/it\/#organization","name":"SvetSlik.si","url":"https:\/\/svetslik.si\/it\/","logo":{"@type":"ImageObject","inLanguage":"it-IT","@id":"https:\/\/svetslik.si\/it\/#\/schema\/logo\/image\/","url":"https:\/\/svetslik.si\/wp-content\/uploads\/2020\/12\/logo-512.png","contentUrl":"https:\/\/svetslik.si\/wp-content\/uploads\/2020\/12\/logo-512.png","width":512,"height":512,"caption":"SvetSlik.si"},"image":{"@id":"https:\/\/svetslik.si\/it\/#\/schema\/logo\/image\/"},"sameAs":["https:\/\/www.facebook.com\/svetslik.si","https:\/\/x.com\/svetslik","https:\/\/www.instagram.com\/svetslik.si\/","https:\/\/www.linkedin.com\/company\/svetslik-si"]}]},"og_availability":"backorder","product_availability":"available for order","product_retailer_item_id":"385__","product_condition":"new"},"jetpack_sharing_enabled":true,"_links":{"self":[{"href":"https:\/\/svetslik.si\/it\/wp-json\/wp\/v2\/product\/39774","targetHints":{"allow":["GET"]}}],"collection":[{"href":"https:\/\/svetslik.si\/it\/wp-json\/wp\/v2\/product"}],"about":[{"href":"https:\/\/svetslik.si\/it\/wp-json\/wp\/v2\/types\/product"}],"wp:featuredmedia":[{"embeddable":true,"href":"https:\/\/svetslik.si\/it\/wp-json\/wp\/v2\/media\/35410"}],"wp:attachment":[{"href":"https:\/\/svetslik.si\/it\/wp-json\/wp\/v2\/media?parent=39774"}],"wp:term":[{"taxonomy":"product_brand","embeddable":true,"href":"https:\/\/svetslik.si\/it\/wp-json\/wp\/v2\/product_brand?post=39774"},{"taxonomy":"product_cat","embeddable":true,"href":"https:\/\/svetslik.si\/it\/wp-json\/wp\/v2\/product_cat?post=39774"},{"taxonomy":"product_tag","embeddable":true,"href":"https:\/\/svetslik.si\/it\/wp-json\/wp\/v2\/product_tag?post=39774"}],"curies":[{"name":"wp","href":"https:\/\/api.w.org\/{rel}","templated":true}]}}