{"id":39889,"date":"2021-09-02T18:05:22","date_gmt":"2021-09-02T16:05:22","guid":{"rendered":"https:\/\/svetslik.si\/senza-categoria\/paul-gauguins-armchair\/"},"modified":"2026-03-22T21:42:13","modified_gmt":"2026-03-22T20:42:13","slug":"paul-gauguins-armchair","status":"publish","type":"product","link":"https:\/\/svetslik.si\/it\/vincent-van-gogh\/paul-gauguins-armchair\/","title":{"rendered":"Vincent van Gogh &#8211; Paul Gauguin&#8217;s Armchair"},"content":{"rendered":"<h1>Vincent Van Gogh &#8211; La poltrona di Paul Gauguin<\/h1>\n<p>&nbsp;<\/p>\n<table border=\"0\" width=\"366\" cellpadding=\"0\">\n<tr>\n<td Height=\"21\">Anno di creazione:<\/td>\n<td style=\"width: 212px\">1882<\/td>\n<\/tr>\n<tr>\n<td Height=\"21\">Dimensioni originali:<\/td>\n<td>91 cm x 73 cm<\/td>\n<\/tr>\n<tr>\n<td Height=\"21\">Colore stile:<\/td>\n<td style=\"width: 212px\">Post impressionismo<\/td>\n<\/tr>\n<tr>\n<td Height=\"21\">Tecnica originale:<\/td>\n<td style=\"width: 212px\">Olio su tela<\/td>\n<\/tr>\n<tr>\n<td Height=\"21\">Situazione:<\/td>\n<td style=\"width: 212px\">Museo Van Gogh, Paesi Bassi<\/td>\n<\/tr>\n<colgroup>\n<col \/>\n<col \/> <\/colgroup>\n<\/table>\n<p>&nbsp;<\/p>\n<div>Van Gogh ha dipinto due sedie, quella di Gauguin e la sua. Pochi dipinti di Van Gogh sono stati successivamente analizzati in modo cos\u00ec approfondito e completo come queste due tele per l&#8217;interpretazione del simbolismo in questi due dipinti. Lo stesso pittore cita spesso questi due quadri nelle sue lettere, ma non include mai nei suoi appunti un&#8217;interpretazione pi\u00f9 dettagliata del significato dei dipinti.<\/div>\n<div><\/div>\n<div>La sedia di Gauguin \u00e8 stata descritta da Van Gogh in una lettera al critico Aurier come una sedia fatta di <em>&#8220;&#8230; serio legno rosso-marrone con un sedile di paglia verde; al posto dell&#8217;assente, sulla seduta della sedia c&#8217;\u00e8 una candela accesa e romanzi moderni&#8221;<\/em>.<\/div>\n<div><\/div>\n<div>\n<p>&#8220;La sedia di Paul Gauguin&#8221; \u00e8 un dipinto dell&#8217;artista olandese Vincent van Gogh del 1888. Il dipinto \u00e8 un eccellente esempio della capacit\u00e0 di Van Gogh di catturare l&#8217;essenza di un oggetto in modo semplice ma potente. L&#8217;immagine mostra una semplice poltrona in legno con cuscino e coperta da uno schienale su uno sfondo neutro. Il dipinto \u00e8 ampiamente riconoscibile per le sue pennellate audaci, l&#8217;emotivit\u00e0 e il forte simbolismo.<\/p>\n<p>La composizione del dipinto \u00e8 semplice ma efficace, in quanto la poltrona occupa gran parte dello spazio sulla tela. Anche l&#8217;uso del colore nel dipinto \u00e8 degno di nota, poich\u00e9 Van Gogh crea un senso di movimento ed energia utilizzando colori decisi e contrastanti. La poltrona \u00e8 definita nei toni del marrone e del giallo, che creano una sensazione di calore e intimit\u00e0. Le pennellate nel dipinto sono dense e visibili, conferendo al dipinto un senso di movimento ed energia.<\/p>\n<p>Anche il simbolismo nel quadro \u00e8 ricco, in quanto la poltrona rappresenta l&#8217;idea di un rifugio e di un luogo di riposo. Si dice che il dipinto rappresenti lo stato emotivo di Van Gogh in quel momento. Il dipinto \u00e8 stato realizzato mentre Van Gogh viveva ad Arles, in Francia, ed \u00e8 stato influenzato dal suo amico e collega artista Paul Gauguin, il cui fratellastro \u00e8 raffigurato nel dipinto. Il dipinto riflette il desiderio dell&#8217;artista di compagnia e connessione con altri artisti.<\/p>\n<p>Il dipinto &#8220;La Poltrona di Paul Gauguin&#8221; \u00e8 considerato una delle opere pi\u00f9 iconiche e potenti di Van Gogh. Si trova nel Metropolitan Museum of Art di New York, negli Stati Uniti. \u00c8 un&#8217;importante opera postimpressionista che \u00e8 ancora ammirata e studiata da appassionati ed esperti d&#8217;arte. Le immagini potenti, l&#8217;emotivit\u00e0 e il ricco simbolismo rendono il dipinto un must per ogni amante dell&#8217;arte o chiunque sia interessato all&#8217;opera di Vincent van Gogh.<\/p>\n<\/div>\n<div><\/div>\n","protected":false},"excerpt":{"rendered":"<p>Vincent Van Gogh &#8211; La poltrona di Paul Gauguin &nbsp; Anno di creazione: 1882 Dimensioni originali: 91 cm x 73 cm Colore stile: Post impressionismo Tecnica originale: Olio su tela Situazione: Museo Van Gogh, Paesi Bassi &nbsp; Van Gogh ha dipinto due sedie, quella di Gauguin e la sua. Pochi [&hellip;]<\/p>\n","protected":false},"featured_media":35456,"template":"","meta":{"_acf_changed":false},"product_brand":[],"product_cat":[4189],"product_tag":[4246,4245,4253,4265],"class_list":{"0":"post-39889","1":"product","2":"type-product","3":"status-publish","4":"has-post-thumbnail","6":"product_cat-vincent-van-gogh","7":"product_tag-riproduzione-it","8":"product_tag-riproduzione","9":"product_tag-un-pittore","10":"product_tag-van-gogh-it","11":"pa_dimenzija-100-x-130-cm-it","12":"pa_dimenzija-120-x-150-cm-it","13":"pa_dimenzija-40-x-50-cm-it","14":"pa_dimenzija-50-x-60-cm-it","15":"pa_dimenzija-60-x-80-cm-it","16":"pa_dimenzija-73-x-92-cm-it","17":"pa_dimenzija-80-x-100-cm-it","18":"pa_oblika-verticale","19":"pa_okvir-sensa-cornice","20":"pa_podokvir-no","21":"pa_podokvir-si","23":"first","24":"onbackorder","25":"purchasable","26":"product-type-variable","27":"has-default-attributes"},"acf":[],"yoast_head":"<!-- This site is optimized with the Yoast SEO Premium plugin v26.0 (Yoast SEO v27.2) - https:\/\/yoast.com\/product\/yoast-seo-premium-wordpress\/ -->\n<title>Vincent van Gogh - Paul Gauguin&#039;s Armchair - SVETSLIK.SI - Dipinti a mano al 100%<\/title>\n<meta name=\"description\" content=\"Vincent van Gogh - Paul Gauguin&#039;s Armchair - Riproduzioni di quadri d&#039;arte dipinte a mano al 100% su tela. Cornici per quadri, vendita e produzione di dimensioni su ordinazione.\" \/>\n<meta name=\"robots\" content=\"index, follow, max-snippet:-1, max-image-preview:large, max-video-preview:-1\" \/>\n<link rel=\"canonical\" href=\"https:\/\/svetslik.si\/it\/vincent-van-gogh\/paul-gauguins-armchair\/\" \/>\n<meta property=\"og:locale\" content=\"it_IT\" \/>\n<meta property=\"og:type\" content=\"article\" \/>\n<meta property=\"og:title\" content=\"Vincent van Gogh - Paul Gauguin&#039;s Armchair\" \/>\n<meta property=\"og:description\" content=\"100% ro\u010dno naslikane slike na platnu, reprodukcije znanih slikarjev in umetni\u0161ke slike po naro\u010dilu.\" \/>\n<meta property=\"og:url\" content=\"https:\/\/svetslik.si\/it\/vincent-van-gogh\/paul-gauguins-armchair\/\" \/>\n<meta property=\"og:site_name\" content=\"SVETSLIK.SI\" \/>\n<meta property=\"article:publisher\" content=\"https:\/\/www.facebook.com\/svetslik.si\" \/>\n<meta property=\"article:modified_time\" content=\"2026-03-22T20:42:13+00:00\" \/>\n<meta property=\"og:image\" content=\"https:\/\/svetslik.si\/wp-content\/uploads\/2021\/08\/image_Paul-Gauguins-Armchair-van-Gogh_680-scaled.jpg\" \/>\n\t<meta property=\"og:image:width\" content=\"2049\" \/>\n\t<meta property=\"og:image:height\" content=\"2560\" \/>\n\t<meta property=\"og:image:type\" content=\"image\/jpeg\" \/>\n<meta name=\"twitter:card\" content=\"summary_large_image\" \/>\n<meta name=\"twitter:site\" content=\"@svetslik\" \/>\n<meta name=\"twitter:label1\" content=\"Disponibilit\u00e0\" \/>\n\t<meta name=\"twitter:data1\" content=\"Su ordinazione\" \/>\n<script type=\"application\/ld+json\" class=\"yoast-schema-graph\">{\"@context\":\"https:\/\/schema.org\",\"@graph\":[{\"@type\":[\"WebPage\",\"ItemPage\"],\"@id\":\"https:\/\/svetslik.si\/it\/vincent-van-gogh\/paul-gauguins-armchair\/\",\"url\":\"https:\/\/svetslik.si\/it\/vincent-van-gogh\/paul-gauguins-armchair\/\",\"name\":\"Vincent van Gogh - Paul Gauguin's Armchair - SVETSLIK.SI - Dipinti a mano al 100%\",\"isPartOf\":{\"@id\":\"https:\/\/svetslik.si\/it\/#website\"},\"primaryImageOfPage\":{\"@id\":\"https:\/\/svetslik.si\/it\/vincent-van-gogh\/paul-gauguins-armchair\/#primaryimage\"},\"image\":{\"@id\":\"https:\/\/svetslik.si\/it\/vincent-van-gogh\/paul-gauguins-armchair\/#primaryimage\"},\"thumbnailUrl\":\"https:\/\/svetslik.si\/wp-content\/uploads\/2021\/08\/image_Paul-Gauguins-Armchair-van-Gogh_680-scaled.jpg\",\"datePublished\":\"2021-09-02T16:05:22+00:00\",\"dateModified\":\"2026-03-22T20:42:13+00:00\",\"description\":\"Vincent van Gogh - Paul Gauguin's Armchair - Riproduzioni di quadri d'arte dipinte a mano al 100% su tela. Cornici per quadri, vendita e produzione di dimensioni su ordinazione.\",\"breadcrumb\":{\"@id\":\"https:\/\/svetslik.si\/it\/vincent-van-gogh\/paul-gauguins-armchair\/#breadcrumb\"},\"inLanguage\":\"it-IT\",\"potentialAction\":[{\"@type\":\"ReadAction\",\"target\":[\"https:\/\/svetslik.si\/it\/vincent-van-gogh\/paul-gauguins-armchair\/\"]}]},{\"@type\":\"ImageObject\",\"inLanguage\":\"it-IT\",\"@id\":\"https:\/\/svetslik.si\/it\/vincent-van-gogh\/paul-gauguins-armchair\/#primaryimage\",\"url\":\"https:\/\/svetslik.si\/wp-content\/uploads\/2021\/08\/image_Paul-Gauguins-Armchair-van-Gogh_680-scaled.jpg\",\"contentUrl\":\"https:\/\/svetslik.si\/wp-content\/uploads\/2021\/08\/image_Paul-Gauguins-Armchair-van-Gogh_680-scaled.jpg\",\"width\":2049,\"height\":2560,\"caption\":\"Vincent Van Gogh - Poltrona di Paul Gauguin - Riproduzioni dipinte a mano di pittori famosi, arte murale moderna, arte murale\"},{\"@type\":\"BreadcrumbList\",\"@id\":\"https:\/\/svetslik.si\/it\/vincent-van-gogh\/paul-gauguins-armchair\/#breadcrumb\",\"itemListElement\":[{\"@type\":\"ListItem\",\"position\":1,\"name\":\"Fali m\u0171v\u00e9szet \u00e9s festm\u00e9nyek v\u00e1szonra\",\"item\":\"https:\/\/svetslik.si\/it\/\"},{\"@type\":\"ListItem\",\"position\":2,\"name\":\"Vendita di dipinti\",\"item\":\"https:\/\/svetslik.si\/prodaja-slik\/\"},{\"@type\":\"ListItem\",\"position\":3,\"name\":\"Vincent van Gogh &#8211; Paul Gauguin&#8217;s Armchair\"}]},{\"@type\":\"WebSite\",\"@id\":\"https:\/\/svetslik.si\/it\/#website\",\"url\":\"https:\/\/svetslik.si\/it\/\",\"name\":\"SVETSLIK.SI\",\"description\":\"100% riproduzioni dipinte a mano di quadri di pittori famosi e dipinti su tela.\",\"publisher\":{\"@id\":\"https:\/\/svetslik.si\/it\/#organization\"},\"potentialAction\":[{\"@type\":\"SearchAction\",\"target\":{\"@type\":\"EntryPoint\",\"urlTemplate\":\"https:\/\/svetslik.si\/it\/?s={search_term_string}\"},\"query-input\":{\"@type\":\"PropertyValueSpecification\",\"valueRequired\":true,\"valueName\":\"search_term_string\"}}],\"inLanguage\":\"it-IT\"},{\"@type\":\"Organization\",\"@id\":\"https:\/\/svetslik.si\/it\/#organization\",\"name\":\"SvetSlik.si\",\"url\":\"https:\/\/svetslik.si\/it\/\",\"logo\":{\"@type\":\"ImageObject\",\"inLanguage\":\"it-IT\",\"@id\":\"https:\/\/svetslik.si\/it\/#\/schema\/logo\/image\/\",\"url\":\"https:\/\/svetslik.si\/wp-content\/uploads\/2020\/12\/logo-512.png\",\"contentUrl\":\"https:\/\/svetslik.si\/wp-content\/uploads\/2020\/12\/logo-512.png\",\"width\":512,\"height\":512,\"caption\":\"SvetSlik.si\"},\"image\":{\"@id\":\"https:\/\/svetslik.si\/it\/#\/schema\/logo\/image\/\"},\"sameAs\":[\"https:\/\/www.facebook.com\/svetslik.si\",\"https:\/\/x.com\/svetslik\",\"https:\/\/www.instagram.com\/svetslik.si\/\",\"https:\/\/www.linkedin.com\/company\/svetslik-si\"]}]}<\/script>\n<meta property=\"og:availability\" content=\"backorder\" \/>\n<meta property=\"product:availability\" content=\"available for order\" \/>\n<meta property=\"product:retailer_item_id\" content=\"398__\" \/>\n<meta property=\"product:condition\" content=\"new\" \/>\n<!-- \/ Yoast SEO Premium plugin. -->","yoast_head_json":{"title":"Vincent van Gogh - Paul Gauguin's Armchair - SVETSLIK.SI - Dipinti a mano al 100%","description":"Vincent van Gogh - Paul Gauguin's Armchair - Riproduzioni di quadri d'arte dipinte a mano al 100% su tela. Cornici per quadri, vendita e produzione di dimensioni su ordinazione.","robots":{"index":"index","follow":"follow","max-snippet":"max-snippet:-1","max-image-preview":"max-image-preview:large","max-video-preview":"max-video-preview:-1"},"canonical":"https:\/\/svetslik.si\/it\/vincent-van-gogh\/paul-gauguins-armchair\/","og_locale":"it_IT","og_type":"article","og_title":"Vincent van Gogh - Paul Gauguin's Armchair","og_description":"100% ro\u010dno naslikane slike na platnu, reprodukcije znanih slikarjev in umetni\u0161ke slike po naro\u010dilu.","og_url":"https:\/\/svetslik.si\/it\/vincent-van-gogh\/paul-gauguins-armchair\/","og_site_name":"SVETSLIK.SI","article_publisher":"https:\/\/www.facebook.com\/svetslik.si","article_modified_time":"2026-03-22T20:42:13+00:00","og_image":[{"width":2049,"height":2560,"url":"https:\/\/svetslik.si\/wp-content\/uploads\/2021\/08\/image_Paul-Gauguins-Armchair-van-Gogh_680-scaled.jpg","type":"image\/jpeg"}],"twitter_card":"summary_large_image","twitter_site":"@svetslik","twitter_misc":{"Disponibilit\u00e0":"Su ordinazione"},"schema":{"@context":"https:\/\/schema.org","@graph":[{"@type":["WebPage","ItemPage"],"@id":"https:\/\/svetslik.si\/it\/vincent-van-gogh\/paul-gauguins-armchair\/","url":"https:\/\/svetslik.si\/it\/vincent-van-gogh\/paul-gauguins-armchair\/","name":"Vincent van Gogh - Paul Gauguin's Armchair - SVETSLIK.SI - Dipinti a mano al 100%","isPartOf":{"@id":"https:\/\/svetslik.si\/it\/#website"},"primaryImageOfPage":{"@id":"https:\/\/svetslik.si\/it\/vincent-van-gogh\/paul-gauguins-armchair\/#primaryimage"},"image":{"@id":"https:\/\/svetslik.si\/it\/vincent-van-gogh\/paul-gauguins-armchair\/#primaryimage"},"thumbnailUrl":"https:\/\/svetslik.si\/wp-content\/uploads\/2021\/08\/image_Paul-Gauguins-Armchair-van-Gogh_680-scaled.jpg","datePublished":"2021-09-02T16:05:22+00:00","dateModified":"2026-03-22T20:42:13+00:00","description":"Vincent van Gogh - Paul Gauguin's Armchair - Riproduzioni di quadri d'arte dipinte a mano al 100% su tela. Cornici per quadri, vendita e produzione di dimensioni su ordinazione.","breadcrumb":{"@id":"https:\/\/svetslik.si\/it\/vincent-van-gogh\/paul-gauguins-armchair\/#breadcrumb"},"inLanguage":"it-IT","potentialAction":[{"@type":"ReadAction","target":["https:\/\/svetslik.si\/it\/vincent-van-gogh\/paul-gauguins-armchair\/"]}]},{"@type":"ImageObject","inLanguage":"it-IT","@id":"https:\/\/svetslik.si\/it\/vincent-van-gogh\/paul-gauguins-armchair\/#primaryimage","url":"https:\/\/svetslik.si\/wp-content\/uploads\/2021\/08\/image_Paul-Gauguins-Armchair-van-Gogh_680-scaled.jpg","contentUrl":"https:\/\/svetslik.si\/wp-content\/uploads\/2021\/08\/image_Paul-Gauguins-Armchair-van-Gogh_680-scaled.jpg","width":2049,"height":2560,"caption":"Vincent Van Gogh - Poltrona di Paul Gauguin - Riproduzioni dipinte a mano di pittori famosi, arte murale moderna, arte murale"},{"@type":"BreadcrumbList","@id":"https:\/\/svetslik.si\/it\/vincent-van-gogh\/paul-gauguins-armchair\/#breadcrumb","itemListElement":[{"@type":"ListItem","position":1,"name":"Fali m\u0171v\u00e9szet \u00e9s festm\u00e9nyek v\u00e1szonra","item":"https:\/\/svetslik.si\/it\/"},{"@type":"ListItem","position":2,"name":"Vendita di dipinti","item":"https:\/\/svetslik.si\/prodaja-slik\/"},{"@type":"ListItem","position":3,"name":"Vincent van Gogh &#8211; Paul Gauguin&#8217;s Armchair"}]},{"@type":"WebSite","@id":"https:\/\/svetslik.si\/it\/#website","url":"https:\/\/svetslik.si\/it\/","name":"SVETSLIK.SI","description":"100% riproduzioni dipinte a mano di quadri di pittori famosi e dipinti su tela.","publisher":{"@id":"https:\/\/svetslik.si\/it\/#organization"},"potentialAction":[{"@type":"SearchAction","target":{"@type":"EntryPoint","urlTemplate":"https:\/\/svetslik.si\/it\/?s={search_term_string}"},"query-input":{"@type":"PropertyValueSpecification","valueRequired":true,"valueName":"search_term_string"}}],"inLanguage":"it-IT"},{"@type":"Organization","@id":"https:\/\/svetslik.si\/it\/#organization","name":"SvetSlik.si","url":"https:\/\/svetslik.si\/it\/","logo":{"@type":"ImageObject","inLanguage":"it-IT","@id":"https:\/\/svetslik.si\/it\/#\/schema\/logo\/image\/","url":"https:\/\/svetslik.si\/wp-content\/uploads\/2020\/12\/logo-512.png","contentUrl":"https:\/\/svetslik.si\/wp-content\/uploads\/2020\/12\/logo-512.png","width":512,"height":512,"caption":"SvetSlik.si"},"image":{"@id":"https:\/\/svetslik.si\/it\/#\/schema\/logo\/image\/"},"sameAs":["https:\/\/www.facebook.com\/svetslik.si","https:\/\/x.com\/svetslik","https:\/\/www.instagram.com\/svetslik.si\/","https:\/\/www.linkedin.com\/company\/svetslik-si"]}]},"og_availability":"backorder","product_availability":"available for order","product_retailer_item_id":"398__","product_condition":"new"},"jetpack_sharing_enabled":true,"_links":{"self":[{"href":"https:\/\/svetslik.si\/it\/wp-json\/wp\/v2\/product\/39889","targetHints":{"allow":["GET"]}}],"collection":[{"href":"https:\/\/svetslik.si\/it\/wp-json\/wp\/v2\/product"}],"about":[{"href":"https:\/\/svetslik.si\/it\/wp-json\/wp\/v2\/types\/product"}],"wp:featuredmedia":[{"embeddable":true,"href":"https:\/\/svetslik.si\/it\/wp-json\/wp\/v2\/media\/35456"}],"wp:attachment":[{"href":"https:\/\/svetslik.si\/it\/wp-json\/wp\/v2\/media?parent=39889"}],"wp:term":[{"taxonomy":"product_brand","embeddable":true,"href":"https:\/\/svetslik.si\/it\/wp-json\/wp\/v2\/product_brand?post=39889"},{"taxonomy":"product_cat","embeddable":true,"href":"https:\/\/svetslik.si\/it\/wp-json\/wp\/v2\/product_cat?post=39889"},{"taxonomy":"product_tag","embeddable":true,"href":"https:\/\/svetslik.si\/it\/wp-json\/wp\/v2\/product_tag?post=39889"}],"curies":[{"name":"wp","href":"https:\/\/api.w.org\/{rel}","templated":true}]}}