{"id":39897,"date":"2021-09-02T18:05:37","date_gmt":"2021-09-02T16:05:37","guid":{"rendered":"https:\/\/svetslik.si\/senza-categoria\/still-life-with-drawing-board-pipe-onions-and-sealing-wax\/"},"modified":"2026-03-22T21:43:06","modified_gmt":"2026-03-22T20:43:06","slug":"still-life-with-drawing-board-pipe-onions-and-sealing-wax","status":"publish","type":"product","link":"https:\/\/svetslik.si\/it\/vincent-van-gogh\/still-life-with-drawing-board-pipe-onions-and-sealing-wax\/","title":{"rendered":"Vincent van Gogh &#8211; Still Life with Drawing Board, Pipe, Onions and Sealing-Wax"},"content":{"rendered":"<h1>Vincent Van Gogh &#8211; Natura morta con tavolo da disegno, pipa, cipolle e ceralacca<\/h1>\n<p>&nbsp;<\/p>\n<table border=\"0\" width=\"497\" cellspacing=\"0\" cellpadding=\"0\">\n<tr>\n<td height=\"21\">Anno di creazione:<\/td>\n<td style=\"width: 343px\">1889<\/td>\n<\/tr>\n<tr>\n<td height=\"21\">Dimensione originale:<\/td>\n<td style=\"width: 343px\">64 x 50 cm<\/td>\n<\/tr>\n<tr>\n<td height=\"21\">Stile colore:<\/td>\n<td style=\"width: 343px\">Post impressionismo<\/td>\n<\/tr>\n<tr>\n<td height=\"21\">Tecnica originale:<\/td>\n<td style=\"width: 343px\">Olio su tela<\/td>\n<\/tr>\n<tr>\n<td height=\"21\">Situato:<\/td>\n<td style=\"width: 343px\">Museo Kr\u00f6ller-M\u00fcller, Otterlo, Paesi Bassi<\/td>\n<\/tr>\n<\/tbody>\n<colgroup>\n<col \/>\n<col \/> <\/colgroup>\n<\/table>\n<p>&nbsp;<\/p>\n<div>Van Gogh dipinse questo quadro nel 1888, poco dopo essere tornato alla Casa Gialla dopo una degenza di due settimane in ospedale. Era debole per la perdita di sangue e scosso dall&#8217;incidente, che lui stesso defin\u00ec un &#8220;crollo d&#8217;artista&#8221;. Ha subito iniziato a dipingere, come se volesse dimostrare a se stesso e agli altri che poteva ripristinare la sua salute mentale e fisica attraverso il lavoro.<\/div>\n<div><\/div>\n<div>&#8220;Natura emergente con tavolo da disegno, tubo, cipolla e ceralacca&#8221; \u00e8 un dipinto dell&#8217;artista olandese Vincent van Gogh, creato nel 1884. Il dipinto \u00e8 un ottimo esempio dell&#8217;abilit\u00e0 dell&#8217;artista nel catturare la complessit\u00e0 e la bellezza di oggetti semplici . Il dipinto raffigura una natura morta di oggetti quotidiani, tra cui un tavolo da disegno, un rubinetto, una cipolla e ceralacca, disposti su un tavolo su uno sfondo neutro. Il dipinto \u00e8 ampiamente riconosciuto per le sue pennellate audaci, l&#8217;emotivit\u00e0 e il forte simbolismo.<\/div>\n<div>\n<p>La composizione del dipinto \u00e8 semplice ma efficace, con gli oggetti disposti in diagonale sulla tela, creando un senso di movimento ed energia. Anche l&#8217;uso del colore nel dipinto \u00e8 degno di nota, poich\u00e9 Van Gogh utilizza colori audaci e contrastanti che creano un senso di movimento ed energia. Gli oggetti sono raffigurati nei toni del marrone, giallo e rosso, che creano una sensazione di calore e intimit\u00e0. Le pennellate nel dipinto sono dense e visibili, conferendo al dipinto un senso di movimento ed energia.<\/p>\n<p>Anche il simbolismo nel dipinto \u00e8 ricco, poich\u00e9 gli oggetti nel dipinto rappresentano cose ordinarie e quotidiane della vita; la pipa, la cipolla e la ceralacca possono essere intese come simboli di piccoli ma importanti momenti della vita. Si dice che il dipinto rappresenti lo stato emotivo di Van Gogh in quel momento. Il dipinto \u00e8 stato creato mentre Van Gogh viveva nei Paesi Bassi e si ritiene che rifletta i sentimenti di desiderio e connessione dell&#8217;artista con la semplicit\u00e0 della vita.<\/p>\n<p>Il dipinto &#8220;Natura emergente con tavolo da disegno, pipa, cipolla e ceralacca&#8221; \u00e8 considerato una delle opere pi\u00f9 iconiche e potenti di Van Gogh. Si trova nel Museo Kr\u00f6ller-M\u00fcller a Otterl, nei Paesi Bassi. \u00c8 un&#8217;importante opera post-impressionista.<\/p>\n<\/div>\n","protected":false},"excerpt":{"rendered":"<p>Vincent Van Gogh &#8211; Natura morta con tavolo da disegno, pipa, cipolle e ceralacca &nbsp; Anno di creazione: 1889 Dimensione originale: 64 x 50 cm Stile colore: Post impressionismo Tecnica originale: Olio su tela Situato: Museo Kr\u00f6ller-M\u00fcller, Otterlo, Paesi Bassi &nbsp; Van Gogh dipinse questo quadro nel 1888, poco dopo [&hellip;]<\/p>\n","protected":false},"featured_media":35627,"template":"","meta":{"_acf_changed":false},"product_brand":[],"product_cat":[4189],"product_tag":[4245,4246,4253,4265],"class_list":{"0":"post-39897","1":"product","2":"type-product","3":"status-publish","4":"has-post-thumbnail","6":"product_cat-vincent-van-gogh","7":"product_tag-riproduzione","8":"product_tag-riproduzione-it","9":"product_tag-un-pittore","10":"product_tag-van-gogh-it","11":"pa_dimenzija-100-x-80-cm-it","12":"pa_dimenzija-120-x-90-cm-it","13":"pa_dimenzija-150-x-120-cm-it","14":"pa_dimenzija-40-x-30-cm-it","15":"pa_dimenzija-50-x-40-cm-it","16":"pa_dimenzija-64-x-50-cm-it","17":"pa_dimenzija-70-x-55-cm-it","18":"pa_dimenzija-80-x-60-cm-it","19":"pa_oblika-orizzontale","20":"pa_okvir-sensa-cornice","21":"pa_podokvir-no","22":"pa_podokvir-si","24":"first","25":"onbackorder","26":"purchasable","27":"product-type-variable","28":"has-default-attributes"},"acf":[],"yoast_head":"<!-- This site is optimized with the Yoast SEO Premium plugin v26.0 (Yoast SEO v27.2) - https:\/\/yoast.com\/product\/yoast-seo-premium-wordpress\/ -->\n<title>Vincent van Gogh - Still Life with Drawing Board, Pipe, Onions and Sealing-Wax - SVETSLIK.SI - Dipinti a mano al 100%<\/title>\n<meta name=\"description\" content=\"Vincent van Gogh - Still Life with Drawing Board, Pipe, Onions and Sealing-Wax - Riproduzioni di quadri d&#039;arte dipinte a mano al 100% su tela. Cornici per quadri, vendita e produzione di dimensioni su ordinazione.\" \/>\n<meta name=\"robots\" content=\"index, follow, max-snippet:-1, max-image-preview:large, max-video-preview:-1\" \/>\n<link rel=\"canonical\" href=\"https:\/\/svetslik.si\/it\/vincent-van-gogh\/still-life-with-drawing-board-pipe-onions-and-sealing-wax\/\" \/>\n<meta property=\"og:locale\" content=\"it_IT\" \/>\n<meta property=\"og:type\" content=\"article\" \/>\n<meta property=\"og:title\" content=\"Vincent van Gogh - Still Life with Drawing Board, Pipe, Onions and Sealing-Wax\" \/>\n<meta property=\"og:description\" content=\"100% ro\u010dno naslikane slike na platnu, reprodukcije znanih slikarjev in umetni\u0161ke slike po naro\u010dilu.\" \/>\n<meta property=\"og:url\" content=\"https:\/\/svetslik.si\/it\/vincent-van-gogh\/still-life-with-drawing-board-pipe-onions-and-sealing-wax\/\" \/>\n<meta property=\"og:site_name\" content=\"SVETSLIK.SI\" \/>\n<meta property=\"article:publisher\" content=\"https:\/\/www.facebook.com\/svetslik.si\" \/>\n<meta property=\"article:modified_time\" content=\"2026-03-22T20:43:06+00:00\" \/>\n<meta property=\"og:image\" content=\"https:\/\/svetslik.si\/wp-content\/uploads\/2021\/08\/image_Still-Life-with-Drawing-Board-Pipe-Onions-and-Sealing-Wax-van-gogh_680-scaled.jpg\" \/>\n\t<meta property=\"og:image:width\" content=\"2560\" \/>\n\t<meta property=\"og:image:height\" content=\"2004\" \/>\n\t<meta property=\"og:image:type\" content=\"image\/jpeg\" \/>\n<meta name=\"twitter:card\" content=\"summary_large_image\" \/>\n<meta name=\"twitter:site\" content=\"@svetslik\" \/>\n<meta name=\"twitter:label1\" content=\"Disponibilit\u00e0\" \/>\n\t<meta name=\"twitter:data1\" content=\"Su ordinazione\" \/>\n<script type=\"application\/ld+json\" class=\"yoast-schema-graph\">{\"@context\":\"https:\/\/schema.org\",\"@graph\":[{\"@type\":[\"WebPage\",\"ItemPage\"],\"@id\":\"https:\/\/svetslik.si\/it\/vincent-van-gogh\/still-life-with-drawing-board-pipe-onions-and-sealing-wax\/\",\"url\":\"https:\/\/svetslik.si\/it\/vincent-van-gogh\/still-life-with-drawing-board-pipe-onions-and-sealing-wax\/\",\"name\":\"Vincent van Gogh - Still Life with Drawing Board, Pipe, Onions and Sealing-Wax - SVETSLIK.SI - Dipinti a mano al 100%\",\"isPartOf\":{\"@id\":\"https:\/\/svetslik.si\/it\/#website\"},\"primaryImageOfPage\":{\"@id\":\"https:\/\/svetslik.si\/it\/vincent-van-gogh\/still-life-with-drawing-board-pipe-onions-and-sealing-wax\/#primaryimage\"},\"image\":{\"@id\":\"https:\/\/svetslik.si\/it\/vincent-van-gogh\/still-life-with-drawing-board-pipe-onions-and-sealing-wax\/#primaryimage\"},\"thumbnailUrl\":\"https:\/\/svetslik.si\/wp-content\/uploads\/2021\/08\/image_Still-Life-with-Drawing-Board-Pipe-Onions-and-Sealing-Wax-van-gogh_680-scaled.jpg\",\"datePublished\":\"2021-09-02T16:05:37+00:00\",\"dateModified\":\"2026-03-22T20:43:06+00:00\",\"description\":\"Vincent van Gogh - Still Life with Drawing Board, Pipe, Onions and Sealing-Wax - Riproduzioni di quadri d'arte dipinte a mano al 100% su tela. Cornici per quadri, vendita e produzione di dimensioni su ordinazione.\",\"breadcrumb\":{\"@id\":\"https:\/\/svetslik.si\/it\/vincent-van-gogh\/still-life-with-drawing-board-pipe-onions-and-sealing-wax\/#breadcrumb\"},\"inLanguage\":\"it-IT\",\"potentialAction\":[{\"@type\":\"ReadAction\",\"target\":[\"https:\/\/svetslik.si\/it\/vincent-van-gogh\/still-life-with-drawing-board-pipe-onions-and-sealing-wax\/\"]}]},{\"@type\":\"ImageObject\",\"inLanguage\":\"it-IT\",\"@id\":\"https:\/\/svetslik.si\/it\/vincent-van-gogh\/still-life-with-drawing-board-pipe-onions-and-sealing-wax\/#primaryimage\",\"url\":\"https:\/\/svetslik.si\/wp-content\/uploads\/2021\/08\/image_Still-Life-with-Drawing-Board-Pipe-Onions-and-Sealing-Wax-van-gogh_680-scaled.jpg\",\"contentUrl\":\"https:\/\/svetslik.si\/wp-content\/uploads\/2021\/08\/image_Still-Life-with-Drawing-Board-Pipe-Onions-and-Sealing-Wax-van-gogh_680-scaled.jpg\",\"width\":2560,\"height\":2004,\"caption\":\"Vincent Van Gogh - Still Life with Drawing Board, Pipe, Onions and Sealing-Wax - Riproduzioni dipinte a mano di famosi pittori, quadri moderni, quadri d'arte per la parete\"},{\"@type\":\"BreadcrumbList\",\"@id\":\"https:\/\/svetslik.si\/it\/vincent-van-gogh\/still-life-with-drawing-board-pipe-onions-and-sealing-wax\/#breadcrumb\",\"itemListElement\":[{\"@type\":\"ListItem\",\"position\":1,\"name\":\"Fali m\u0171v\u00e9szet \u00e9s festm\u00e9nyek v\u00e1szonra\",\"item\":\"https:\/\/svetslik.si\/it\/\"},{\"@type\":\"ListItem\",\"position\":2,\"name\":\"Vendita di dipinti\",\"item\":\"https:\/\/svetslik.si\/prodaja-slik\/\"},{\"@type\":\"ListItem\",\"position\":3,\"name\":\"Vincent van Gogh &#8211; Still Life with Drawing Board, Pipe, Onions and Sealing-Wax\"}]},{\"@type\":\"WebSite\",\"@id\":\"https:\/\/svetslik.si\/it\/#website\",\"url\":\"https:\/\/svetslik.si\/it\/\",\"name\":\"SVETSLIK.SI\",\"description\":\"100% riproduzioni dipinte a mano di quadri di pittori famosi e dipinti su tela.\",\"publisher\":{\"@id\":\"https:\/\/svetslik.si\/it\/#organization\"},\"potentialAction\":[{\"@type\":\"SearchAction\",\"target\":{\"@type\":\"EntryPoint\",\"urlTemplate\":\"https:\/\/svetslik.si\/it\/?s={search_term_string}\"},\"query-input\":{\"@type\":\"PropertyValueSpecification\",\"valueRequired\":true,\"valueName\":\"search_term_string\"}}],\"inLanguage\":\"it-IT\"},{\"@type\":\"Organization\",\"@id\":\"https:\/\/svetslik.si\/it\/#organization\",\"name\":\"SvetSlik.si\",\"url\":\"https:\/\/svetslik.si\/it\/\",\"logo\":{\"@type\":\"ImageObject\",\"inLanguage\":\"it-IT\",\"@id\":\"https:\/\/svetslik.si\/it\/#\/schema\/logo\/image\/\",\"url\":\"https:\/\/svetslik.si\/wp-content\/uploads\/2020\/12\/logo-512.png\",\"contentUrl\":\"https:\/\/svetslik.si\/wp-content\/uploads\/2020\/12\/logo-512.png\",\"width\":512,\"height\":512,\"caption\":\"SvetSlik.si\"},\"image\":{\"@id\":\"https:\/\/svetslik.si\/it\/#\/schema\/logo\/image\/\"},\"sameAs\":[\"https:\/\/www.facebook.com\/svetslik.si\",\"https:\/\/x.com\/svetslik\",\"https:\/\/www.instagram.com\/svetslik.si\/\",\"https:\/\/www.linkedin.com\/company\/svetslik-si\"]}]}<\/script>\n<meta property=\"og:availability\" content=\"backorder\" \/>\n<meta property=\"product:availability\" content=\"available for order\" \/>\n<meta property=\"product:retailer_item_id\" content=\"399__\" \/>\n<meta property=\"product:condition\" content=\"new\" \/>\n<!-- \/ Yoast SEO Premium plugin. -->","yoast_head_json":{"title":"Vincent van Gogh - Still Life with Drawing Board, Pipe, Onions and Sealing-Wax - SVETSLIK.SI - Dipinti a mano al 100%","description":"Vincent van Gogh - Still Life with Drawing Board, Pipe, Onions and Sealing-Wax - Riproduzioni di quadri d'arte dipinte a mano al 100% su tela. Cornici per quadri, vendita e produzione di dimensioni su ordinazione.","robots":{"index":"index","follow":"follow","max-snippet":"max-snippet:-1","max-image-preview":"max-image-preview:large","max-video-preview":"max-video-preview:-1"},"canonical":"https:\/\/svetslik.si\/it\/vincent-van-gogh\/still-life-with-drawing-board-pipe-onions-and-sealing-wax\/","og_locale":"it_IT","og_type":"article","og_title":"Vincent van Gogh - Still Life with Drawing Board, Pipe, Onions and Sealing-Wax","og_description":"100% ro\u010dno naslikane slike na platnu, reprodukcije znanih slikarjev in umetni\u0161ke slike po naro\u010dilu.","og_url":"https:\/\/svetslik.si\/it\/vincent-van-gogh\/still-life-with-drawing-board-pipe-onions-and-sealing-wax\/","og_site_name":"SVETSLIK.SI","article_publisher":"https:\/\/www.facebook.com\/svetslik.si","article_modified_time":"2026-03-22T20:43:06+00:00","og_image":[{"width":2560,"height":2004,"url":"https:\/\/svetslik.si\/wp-content\/uploads\/2021\/08\/image_Still-Life-with-Drawing-Board-Pipe-Onions-and-Sealing-Wax-van-gogh_680-scaled.jpg","type":"image\/jpeg"}],"twitter_card":"summary_large_image","twitter_site":"@svetslik","twitter_misc":{"Disponibilit\u00e0":"Su ordinazione"},"schema":{"@context":"https:\/\/schema.org","@graph":[{"@type":["WebPage","ItemPage"],"@id":"https:\/\/svetslik.si\/it\/vincent-van-gogh\/still-life-with-drawing-board-pipe-onions-and-sealing-wax\/","url":"https:\/\/svetslik.si\/it\/vincent-van-gogh\/still-life-with-drawing-board-pipe-onions-and-sealing-wax\/","name":"Vincent van Gogh - Still Life with Drawing Board, Pipe, Onions and Sealing-Wax - SVETSLIK.SI - Dipinti a mano al 100%","isPartOf":{"@id":"https:\/\/svetslik.si\/it\/#website"},"primaryImageOfPage":{"@id":"https:\/\/svetslik.si\/it\/vincent-van-gogh\/still-life-with-drawing-board-pipe-onions-and-sealing-wax\/#primaryimage"},"image":{"@id":"https:\/\/svetslik.si\/it\/vincent-van-gogh\/still-life-with-drawing-board-pipe-onions-and-sealing-wax\/#primaryimage"},"thumbnailUrl":"https:\/\/svetslik.si\/wp-content\/uploads\/2021\/08\/image_Still-Life-with-Drawing-Board-Pipe-Onions-and-Sealing-Wax-van-gogh_680-scaled.jpg","datePublished":"2021-09-02T16:05:37+00:00","dateModified":"2026-03-22T20:43:06+00:00","description":"Vincent van Gogh - Still Life with Drawing Board, Pipe, Onions and Sealing-Wax - Riproduzioni di quadri d'arte dipinte a mano al 100% su tela. Cornici per quadri, vendita e produzione di dimensioni su ordinazione.","breadcrumb":{"@id":"https:\/\/svetslik.si\/it\/vincent-van-gogh\/still-life-with-drawing-board-pipe-onions-and-sealing-wax\/#breadcrumb"},"inLanguage":"it-IT","potentialAction":[{"@type":"ReadAction","target":["https:\/\/svetslik.si\/it\/vincent-van-gogh\/still-life-with-drawing-board-pipe-onions-and-sealing-wax\/"]}]},{"@type":"ImageObject","inLanguage":"it-IT","@id":"https:\/\/svetslik.si\/it\/vincent-van-gogh\/still-life-with-drawing-board-pipe-onions-and-sealing-wax\/#primaryimage","url":"https:\/\/svetslik.si\/wp-content\/uploads\/2021\/08\/image_Still-Life-with-Drawing-Board-Pipe-Onions-and-Sealing-Wax-van-gogh_680-scaled.jpg","contentUrl":"https:\/\/svetslik.si\/wp-content\/uploads\/2021\/08\/image_Still-Life-with-Drawing-Board-Pipe-Onions-and-Sealing-Wax-van-gogh_680-scaled.jpg","width":2560,"height":2004,"caption":"Vincent Van Gogh - Still Life with Drawing Board, Pipe, Onions and Sealing-Wax - Riproduzioni dipinte a mano di famosi pittori, quadri moderni, quadri d'arte per la parete"},{"@type":"BreadcrumbList","@id":"https:\/\/svetslik.si\/it\/vincent-van-gogh\/still-life-with-drawing-board-pipe-onions-and-sealing-wax\/#breadcrumb","itemListElement":[{"@type":"ListItem","position":1,"name":"Fali m\u0171v\u00e9szet \u00e9s festm\u00e9nyek v\u00e1szonra","item":"https:\/\/svetslik.si\/it\/"},{"@type":"ListItem","position":2,"name":"Vendita di dipinti","item":"https:\/\/svetslik.si\/prodaja-slik\/"},{"@type":"ListItem","position":3,"name":"Vincent van Gogh &#8211; Still Life with Drawing Board, Pipe, Onions and Sealing-Wax"}]},{"@type":"WebSite","@id":"https:\/\/svetslik.si\/it\/#website","url":"https:\/\/svetslik.si\/it\/","name":"SVETSLIK.SI","description":"100% riproduzioni dipinte a mano di quadri di pittori famosi e dipinti su tela.","publisher":{"@id":"https:\/\/svetslik.si\/it\/#organization"},"potentialAction":[{"@type":"SearchAction","target":{"@type":"EntryPoint","urlTemplate":"https:\/\/svetslik.si\/it\/?s={search_term_string}"},"query-input":{"@type":"PropertyValueSpecification","valueRequired":true,"valueName":"search_term_string"}}],"inLanguage":"it-IT"},{"@type":"Organization","@id":"https:\/\/svetslik.si\/it\/#organization","name":"SvetSlik.si","url":"https:\/\/svetslik.si\/it\/","logo":{"@type":"ImageObject","inLanguage":"it-IT","@id":"https:\/\/svetslik.si\/it\/#\/schema\/logo\/image\/","url":"https:\/\/svetslik.si\/wp-content\/uploads\/2020\/12\/logo-512.png","contentUrl":"https:\/\/svetslik.si\/wp-content\/uploads\/2020\/12\/logo-512.png","width":512,"height":512,"caption":"SvetSlik.si"},"image":{"@id":"https:\/\/svetslik.si\/it\/#\/schema\/logo\/image\/"},"sameAs":["https:\/\/www.facebook.com\/svetslik.si","https:\/\/x.com\/svetslik","https:\/\/www.instagram.com\/svetslik.si\/","https:\/\/www.linkedin.com\/company\/svetslik-si"]}]},"og_availability":"backorder","product_availability":"available for order","product_retailer_item_id":"399__","product_condition":"new"},"jetpack_sharing_enabled":true,"_links":{"self":[{"href":"https:\/\/svetslik.si\/it\/wp-json\/wp\/v2\/product\/39897","targetHints":{"allow":["GET"]}}],"collection":[{"href":"https:\/\/svetslik.si\/it\/wp-json\/wp\/v2\/product"}],"about":[{"href":"https:\/\/svetslik.si\/it\/wp-json\/wp\/v2\/types\/product"}],"wp:featuredmedia":[{"embeddable":true,"href":"https:\/\/svetslik.si\/it\/wp-json\/wp\/v2\/media\/35627"}],"wp:attachment":[{"href":"https:\/\/svetslik.si\/it\/wp-json\/wp\/v2\/media?parent=39897"}],"wp:term":[{"taxonomy":"product_brand","embeddable":true,"href":"https:\/\/svetslik.si\/it\/wp-json\/wp\/v2\/product_brand?post=39897"},{"taxonomy":"product_cat","embeddable":true,"href":"https:\/\/svetslik.si\/it\/wp-json\/wp\/v2\/product_cat?post=39897"},{"taxonomy":"product_tag","embeddable":true,"href":"https:\/\/svetslik.si\/it\/wp-json\/wp\/v2\/product_tag?post=39897"}],"curies":[{"name":"wp","href":"https:\/\/api.w.org\/{rel}","templated":true}]}}