{"id":39906,"date":"2021-09-02T18:05:37","date_gmt":"2021-09-02T16:05:37","guid":{"rendered":"https:\/\/svetslik.si\/senza-categoria\/la-parisienne\/"},"modified":"2026-03-22T21:43:06","modified_gmt":"2026-03-22T20:43:06","slug":"la-parisienne","status":"publish","type":"product","link":"https:\/\/svetslik.si\/it\/pierre-a-renoir\/la-parisienne\/","title":{"rendered":"Pierre A. Renoir &#8211; La Parisienne"},"content":{"rendered":"<h1>Pierre A. Renoir &#8211; La Parisienne<\/h1>\n<p>\n&nbsp;<\/p>\n<table border=\"0\" cellpadding=\"0\" cellspacing=\"0\" style=\"width: 673px\" width=\"673\">\n<tr>\n<td height=\"21\">\nAnno di creazione:<\/td>\n<td style=\"width: 493px\">\n1874<\/td>\n<\/tr>\n<tr>\n<td height=\"21\">\nDimensioni originali:<\/td>\n<td style=\"width: 493px\">\n108,3 cm x 163,5 cm<\/td>\n<\/tr>\n<tr>\n<td height=\"21\">\nStile di pittura:<\/td>\n<td style=\"width: 493px\">\nImpressionismo<\/td>\n<\/tr>\n<tr>\n<td height=\"21\">\nTecnica originale:<\/td>\n<td>\nOlio su tela<\/td>\n<\/tr>\n<tr>\n<td height=\"21\">\nSituato:<\/td>\n<td>\nMuseo Nazionale Cardiff, Regno Unito<\/td>\n<\/tr>\n<\/tbody>\n<colgroup>\n<\/colgroup>\n<\/table>\n<p>\nNel dipinto, Renoir ha raffigurato Madame Henriette Henriot, un&#8217;attrice. Ha chiamato l&#8217;immagine Donna parigina, perch\u00e9 raffigurava il tipo di figura femminile di quel tempo a Parigi, cio\u00e8 la nuova donna urbana, e non un individuo specifico. Anche l&#8217;abito del ritratto e la sua espressione sono interessanti: Renoir ha dipinto l&#8217;abito in modo estremamente accurato e in un colore azzurro cielo che si discosta notevolmente dalle accettabili sfumature di nero e grigio del periodo. Henrietta fissa lo spettatore con determinazione e sicurezza di s\u00e9.<\/p>\n<p>\n&nbsp;<\/p>\n","protected":false},"excerpt":{"rendered":"<p>Pierre A. Renoir &#8211; La Parisienne &nbsp; Anno di creazione: 1874 Dimensioni originali: 108,3 cm x 163,5 cm Stile di pittura: Impressionismo Tecnica originale: Olio su tela Situato: Museo Nazionale Cardiff, Regno Unito Nel dipinto, Renoir ha raffigurato Madame Henriette Henriot, un&#8217;attrice. Ha chiamato l&#8217;immagine Donna parigina, perch\u00e9 raffigurava il [&hellip;]<\/p>\n","protected":false},"featured_media":35271,"template":"","meta":{"_acf_changed":false},"product_brand":[],"product_cat":[4187],"product_tag":[4244,4245,4246,4253],"class_list":{"0":"post-39906","1":"product","2":"type-product","3":"status-publish","4":"has-post-thumbnail","6":"product_cat-pierre-a-renoir","7":"product_tag-renoir-it","8":"product_tag-riproduzione","9":"product_tag-riproduzione-it","10":"product_tag-un-pittore","11":"pa_dimenzija-100-x-150-cm-it","12":"pa_dimenzija-108-x-164-cm-it","13":"pa_dimenzija-40-x-60-cm-it","14":"pa_dimenzija-50-x-75-cm-it","15":"pa_dimenzija-60-x-90-cm-it","16":"pa_dimenzija-70-x-110-cm-it","17":"pa_dimenzija-80-x-120-cm-it","18":"pa_dimenzija-90-x-140-cm-it","19":"pa_oblika-verticale","20":"pa_okvir-sensa-cornice","21":"pa_podokvir-no","22":"pa_podokvir-si","24":"first","25":"onbackorder","26":"purchasable","27":"product-type-variable","28":"has-default-attributes"},"acf":[],"yoast_head":"<!-- This site is optimized with the Yoast SEO Premium plugin v26.0 (Yoast SEO v27.2) - https:\/\/yoast.com\/product\/yoast-seo-premium-wordpress\/ -->\n<title>Pierre A. Renoir - La Parisienne - SVETSLIK.SI - Dipinti a mano al 100%<\/title>\n<meta name=\"description\" content=\"Pierre A. Renoir - La Parisienne - Riproduzioni di quadri d&#039;arte dipinte a mano al 100% su tela. Cornici per quadri, vendita e produzione di dimensioni su ordinazione.\" \/>\n<meta name=\"robots\" content=\"index, follow, max-snippet:-1, max-image-preview:large, max-video-preview:-1\" \/>\n<link rel=\"canonical\" href=\"https:\/\/svetslik.si\/it\/pierre-a-renoir\/la-parisienne\/\" \/>\n<meta property=\"og:locale\" content=\"it_IT\" \/>\n<meta property=\"og:type\" content=\"article\" \/>\n<meta property=\"og:title\" content=\"Pierre A. Renoir - La Parisienne\" \/>\n<meta property=\"og:description\" content=\"100% ro\u010dno naslikane slike na platnu, reprodukcije znanih slikarjev in umetni\u0161ke slike po naro\u010dilu.\" \/>\n<meta property=\"og:url\" content=\"https:\/\/svetslik.si\/it\/pierre-a-renoir\/la-parisienne\/\" \/>\n<meta property=\"og:site_name\" content=\"SVETSLIK.SI\" \/>\n<meta property=\"article:publisher\" content=\"https:\/\/www.facebook.com\/svetslik.si\" \/>\n<meta property=\"article:modified_time\" content=\"2026-03-22T20:43:06+00:00\" \/>\n<meta property=\"og:image\" content=\"https:\/\/svetslik.si\/wp-content\/uploads\/2021\/08\/image_La-Parisienne-Renoir_680-scaled.jpg\" \/>\n\t<meta property=\"og:image:width\" content=\"1718\" \/>\n\t<meta property=\"og:image:height\" content=\"2560\" \/>\n\t<meta property=\"og:image:type\" content=\"image\/jpeg\" \/>\n<meta name=\"twitter:card\" content=\"summary_large_image\" \/>\n<meta name=\"twitter:site\" content=\"@svetslik\" \/>\n<meta name=\"twitter:label1\" content=\"Disponibilit\u00e0\" \/>\n\t<meta name=\"twitter:data1\" content=\"Su ordinazione\" \/>\n<script type=\"application\/ld+json\" class=\"yoast-schema-graph\">{\"@context\":\"https:\/\/schema.org\",\"@graph\":[{\"@type\":[\"WebPage\",\"ItemPage\"],\"@id\":\"https:\/\/svetslik.si\/it\/pierre-a-renoir\/la-parisienne\/\",\"url\":\"https:\/\/svetslik.si\/it\/pierre-a-renoir\/la-parisienne\/\",\"name\":\"Pierre A. Renoir - La Parisienne - SVETSLIK.SI - Dipinti a mano al 100%\",\"isPartOf\":{\"@id\":\"https:\/\/svetslik.si\/it\/#website\"},\"primaryImageOfPage\":{\"@id\":\"https:\/\/svetslik.si\/it\/pierre-a-renoir\/la-parisienne\/#primaryimage\"},\"image\":{\"@id\":\"https:\/\/svetslik.si\/it\/pierre-a-renoir\/la-parisienne\/#primaryimage\"},\"thumbnailUrl\":\"https:\/\/svetslik.si\/wp-content\/uploads\/2021\/08\/image_La-Parisienne-Renoir_680-scaled.jpg\",\"datePublished\":\"2021-09-02T16:05:37+00:00\",\"dateModified\":\"2026-03-22T20:43:06+00:00\",\"description\":\"Pierre A. Renoir - La Parisienne - Riproduzioni di quadri d'arte dipinte a mano al 100% su tela. Cornici per quadri, vendita e produzione di dimensioni su ordinazione.\",\"breadcrumb\":{\"@id\":\"https:\/\/svetslik.si\/it\/pierre-a-renoir\/la-parisienne\/#breadcrumb\"},\"inLanguage\":\"it-IT\",\"potentialAction\":[{\"@type\":\"ReadAction\",\"target\":[\"https:\/\/svetslik.si\/it\/pierre-a-renoir\/la-parisienne\/\"]}]},{\"@type\":\"ImageObject\",\"inLanguage\":\"it-IT\",\"@id\":\"https:\/\/svetslik.si\/it\/pierre-a-renoir\/la-parisienne\/#primaryimage\",\"url\":\"https:\/\/svetslik.si\/wp-content\/uploads\/2021\/08\/image_La-Parisienne-Renoir_680-scaled.jpg\",\"contentUrl\":\"https:\/\/svetslik.si\/wp-content\/uploads\/2021\/08\/image_La-Parisienne-Renoir_680-scaled.jpg\",\"width\":1718,\"height\":2560,\"caption\":\"Quadri riproduzioni - Pierre A. Renoir - La Parisienne - Dipinti a mano, riproduzioni di famosi pittori, olio su tela, quadri ad olio, quadri moderni, quadri artistici per pareti, ambientali, astratti, decorativi quadri per pareti\"},{\"@type\":\"BreadcrumbList\",\"@id\":\"https:\/\/svetslik.si\/it\/pierre-a-renoir\/la-parisienne\/#breadcrumb\",\"itemListElement\":[{\"@type\":\"ListItem\",\"position\":1,\"name\":\"Fali m\u0171v\u00e9szet \u00e9s festm\u00e9nyek v\u00e1szonra\",\"item\":\"https:\/\/svetslik.si\/it\/\"},{\"@type\":\"ListItem\",\"position\":2,\"name\":\"Vendita di dipinti\",\"item\":\"https:\/\/svetslik.si\/prodaja-slik\/\"},{\"@type\":\"ListItem\",\"position\":3,\"name\":\"Pierre A. Renoir &#8211; La Parisienne\"}]},{\"@type\":\"WebSite\",\"@id\":\"https:\/\/svetslik.si\/it\/#website\",\"url\":\"https:\/\/svetslik.si\/it\/\",\"name\":\"SVETSLIK.SI\",\"description\":\"100% riproduzioni dipinte a mano di quadri di pittori famosi e dipinti su tela.\",\"publisher\":{\"@id\":\"https:\/\/svetslik.si\/it\/#organization\"},\"potentialAction\":[{\"@type\":\"SearchAction\",\"target\":{\"@type\":\"EntryPoint\",\"urlTemplate\":\"https:\/\/svetslik.si\/it\/?s={search_term_string}\"},\"query-input\":{\"@type\":\"PropertyValueSpecification\",\"valueRequired\":true,\"valueName\":\"search_term_string\"}}],\"inLanguage\":\"it-IT\"},{\"@type\":\"Organization\",\"@id\":\"https:\/\/svetslik.si\/it\/#organization\",\"name\":\"SvetSlik.si\",\"url\":\"https:\/\/svetslik.si\/it\/\",\"logo\":{\"@type\":\"ImageObject\",\"inLanguage\":\"it-IT\",\"@id\":\"https:\/\/svetslik.si\/it\/#\/schema\/logo\/image\/\",\"url\":\"https:\/\/svetslik.si\/wp-content\/uploads\/2020\/12\/logo-512.png\",\"contentUrl\":\"https:\/\/svetslik.si\/wp-content\/uploads\/2020\/12\/logo-512.png\",\"width\":512,\"height\":512,\"caption\":\"SvetSlik.si\"},\"image\":{\"@id\":\"https:\/\/svetslik.si\/it\/#\/schema\/logo\/image\/\"},\"sameAs\":[\"https:\/\/www.facebook.com\/svetslik.si\",\"https:\/\/x.com\/svetslik\",\"https:\/\/www.instagram.com\/svetslik.si\/\",\"https:\/\/www.linkedin.com\/company\/svetslik-si\"]}]}<\/script>\n<meta property=\"og:availability\" content=\"backorder\" \/>\n<meta property=\"product:availability\" content=\"available for order\" \/>\n<meta property=\"product:retailer_item_id\" content=\"400__\" \/>\n<meta property=\"product:condition\" content=\"new\" \/>\n<!-- \/ Yoast SEO Premium plugin. -->","yoast_head_json":{"title":"Pierre A. Renoir - La Parisienne - SVETSLIK.SI - Dipinti a mano al 100%","description":"Pierre A. Renoir - La Parisienne - Riproduzioni di quadri d'arte dipinte a mano al 100% su tela. Cornici per quadri, vendita e produzione di dimensioni su ordinazione.","robots":{"index":"index","follow":"follow","max-snippet":"max-snippet:-1","max-image-preview":"max-image-preview:large","max-video-preview":"max-video-preview:-1"},"canonical":"https:\/\/svetslik.si\/it\/pierre-a-renoir\/la-parisienne\/","og_locale":"it_IT","og_type":"article","og_title":"Pierre A. Renoir - La Parisienne","og_description":"100% ro\u010dno naslikane slike na platnu, reprodukcije znanih slikarjev in umetni\u0161ke slike po naro\u010dilu.","og_url":"https:\/\/svetslik.si\/it\/pierre-a-renoir\/la-parisienne\/","og_site_name":"SVETSLIK.SI","article_publisher":"https:\/\/www.facebook.com\/svetslik.si","article_modified_time":"2026-03-22T20:43:06+00:00","og_image":[{"width":1718,"height":2560,"url":"https:\/\/svetslik.si\/wp-content\/uploads\/2021\/08\/image_La-Parisienne-Renoir_680-scaled.jpg","type":"image\/jpeg"}],"twitter_card":"summary_large_image","twitter_site":"@svetslik","twitter_misc":{"Disponibilit\u00e0":"Su ordinazione"},"schema":{"@context":"https:\/\/schema.org","@graph":[{"@type":["WebPage","ItemPage"],"@id":"https:\/\/svetslik.si\/it\/pierre-a-renoir\/la-parisienne\/","url":"https:\/\/svetslik.si\/it\/pierre-a-renoir\/la-parisienne\/","name":"Pierre A. Renoir - La Parisienne - SVETSLIK.SI - Dipinti a mano al 100%","isPartOf":{"@id":"https:\/\/svetslik.si\/it\/#website"},"primaryImageOfPage":{"@id":"https:\/\/svetslik.si\/it\/pierre-a-renoir\/la-parisienne\/#primaryimage"},"image":{"@id":"https:\/\/svetslik.si\/it\/pierre-a-renoir\/la-parisienne\/#primaryimage"},"thumbnailUrl":"https:\/\/svetslik.si\/wp-content\/uploads\/2021\/08\/image_La-Parisienne-Renoir_680-scaled.jpg","datePublished":"2021-09-02T16:05:37+00:00","dateModified":"2026-03-22T20:43:06+00:00","description":"Pierre A. Renoir - La Parisienne - Riproduzioni di quadri d'arte dipinte a mano al 100% su tela. Cornici per quadri, vendita e produzione di dimensioni su ordinazione.","breadcrumb":{"@id":"https:\/\/svetslik.si\/it\/pierre-a-renoir\/la-parisienne\/#breadcrumb"},"inLanguage":"it-IT","potentialAction":[{"@type":"ReadAction","target":["https:\/\/svetslik.si\/it\/pierre-a-renoir\/la-parisienne\/"]}]},{"@type":"ImageObject","inLanguage":"it-IT","@id":"https:\/\/svetslik.si\/it\/pierre-a-renoir\/la-parisienne\/#primaryimage","url":"https:\/\/svetslik.si\/wp-content\/uploads\/2021\/08\/image_La-Parisienne-Renoir_680-scaled.jpg","contentUrl":"https:\/\/svetslik.si\/wp-content\/uploads\/2021\/08\/image_La-Parisienne-Renoir_680-scaled.jpg","width":1718,"height":2560,"caption":"Quadri riproduzioni - Pierre A. Renoir - La Parisienne - Dipinti a mano, riproduzioni di famosi pittori, olio su tela, quadri ad olio, quadri moderni, quadri artistici per pareti, ambientali, astratti, decorativi quadri per pareti"},{"@type":"BreadcrumbList","@id":"https:\/\/svetslik.si\/it\/pierre-a-renoir\/la-parisienne\/#breadcrumb","itemListElement":[{"@type":"ListItem","position":1,"name":"Fali m\u0171v\u00e9szet \u00e9s festm\u00e9nyek v\u00e1szonra","item":"https:\/\/svetslik.si\/it\/"},{"@type":"ListItem","position":2,"name":"Vendita di dipinti","item":"https:\/\/svetslik.si\/prodaja-slik\/"},{"@type":"ListItem","position":3,"name":"Pierre A. Renoir &#8211; La Parisienne"}]},{"@type":"WebSite","@id":"https:\/\/svetslik.si\/it\/#website","url":"https:\/\/svetslik.si\/it\/","name":"SVETSLIK.SI","description":"100% riproduzioni dipinte a mano di quadri di pittori famosi e dipinti su tela.","publisher":{"@id":"https:\/\/svetslik.si\/it\/#organization"},"potentialAction":[{"@type":"SearchAction","target":{"@type":"EntryPoint","urlTemplate":"https:\/\/svetslik.si\/it\/?s={search_term_string}"},"query-input":{"@type":"PropertyValueSpecification","valueRequired":true,"valueName":"search_term_string"}}],"inLanguage":"it-IT"},{"@type":"Organization","@id":"https:\/\/svetslik.si\/it\/#organization","name":"SvetSlik.si","url":"https:\/\/svetslik.si\/it\/","logo":{"@type":"ImageObject","inLanguage":"it-IT","@id":"https:\/\/svetslik.si\/it\/#\/schema\/logo\/image\/","url":"https:\/\/svetslik.si\/wp-content\/uploads\/2020\/12\/logo-512.png","contentUrl":"https:\/\/svetslik.si\/wp-content\/uploads\/2020\/12\/logo-512.png","width":512,"height":512,"caption":"SvetSlik.si"},"image":{"@id":"https:\/\/svetslik.si\/it\/#\/schema\/logo\/image\/"},"sameAs":["https:\/\/www.facebook.com\/svetslik.si","https:\/\/x.com\/svetslik","https:\/\/www.instagram.com\/svetslik.si\/","https:\/\/www.linkedin.com\/company\/svetslik-si"]}]},"og_availability":"backorder","product_availability":"available for order","product_retailer_item_id":"400__","product_condition":"new"},"jetpack_sharing_enabled":true,"_links":{"self":[{"href":"https:\/\/svetslik.si\/it\/wp-json\/wp\/v2\/product\/39906","targetHints":{"allow":["GET"]}}],"collection":[{"href":"https:\/\/svetslik.si\/it\/wp-json\/wp\/v2\/product"}],"about":[{"href":"https:\/\/svetslik.si\/it\/wp-json\/wp\/v2\/types\/product"}],"wp:featuredmedia":[{"embeddable":true,"href":"https:\/\/svetslik.si\/it\/wp-json\/wp\/v2\/media\/35271"}],"wp:attachment":[{"href":"https:\/\/svetslik.si\/it\/wp-json\/wp\/v2\/media?parent=39906"}],"wp:term":[{"taxonomy":"product_brand","embeddable":true,"href":"https:\/\/svetslik.si\/it\/wp-json\/wp\/v2\/product_brand?post=39906"},{"taxonomy":"product_cat","embeddable":true,"href":"https:\/\/svetslik.si\/it\/wp-json\/wp\/v2\/product_cat?post=39906"},{"taxonomy":"product_tag","embeddable":true,"href":"https:\/\/svetslik.si\/it\/wp-json\/wp\/v2\/product_tag?post=39906"}],"curies":[{"name":"wp","href":"https:\/\/api.w.org\/{rel}","templated":true}]}}