{"id":39942,"date":"2021-09-02T18:06:07","date_gmt":"2021-09-02T16:06:07","guid":{"rendered":"https:\/\/svetslik.si\/senza-categoria\/the-potato-eaters\/"},"modified":"2026-03-22T21:43:45","modified_gmt":"2026-03-22T20:43:45","slug":"the-potato-eaters","status":"publish","type":"product","link":"https:\/\/svetslik.si\/it\/vincent-van-gogh\/the-potato-eaters\/","title":{"rendered":"Vincent van Gogh &#8211; The Potato Eaters"},"content":{"rendered":"<div class=\"wpb-content-wrapper\">[vc_row][vc_column][vc_column_text]\n<h1>Vincent Van Gogh &#8211; I mangiatori di patate<\/h1>\n<p>&nbsp;<\/p>\n<table border=\"0\" width=\"497\" cellspacing=\"0\" cellpadding=\"0\">\n<tr>\n<td height=\"21\">Anno di creazione:<\/td>\n<td style=\"width: 343px\">1885<\/td>\n<\/tr>\n<tr>\n<td height=\"21\">Dimensione originale:<\/td>\n<td style=\"width: 343px\">114 cm x 82 cm<\/td>\n<\/tr>\n<tr>\n<td height=\"21\">Stile colore:<\/td>\n<td style=\"width: 343px\">Post impressionismo<\/td>\n<\/tr>\n<tr>\n<td height=\"21\">Tecnica originale:<\/td>\n<td style=\"width: 343px\">Olio su tela<\/td>\n<\/tr>\n<tr>\n<td height=\"21\">Situato:<\/td>\n<td style=\"width: 343px\">Museo Van Gogh, Paesi Bassi<\/td>\n<\/tr>\n<\/tbody>\n<colgroup>\n<col \/>\n<col \/> <\/colgroup>\n<\/table>\n<p>&nbsp;<\/p>\n<div>Il dipinto su tela <em>I mangiatori di patate<\/em> \u00e8 considerato da molti la prima vera opera d&#8217;arte di Van Gogh. Al momento della creazione del dipinto artistico, il pittore era appena all&#8217;inizio del suo percorso artistico e non aveva ancora padroneggiato le tecniche che lo avrebbero poi reso famoso. Questo \u00e8 anche ci\u00f2 che rende questa opera d&#8217;arte estremamente interessante.<\/div>\n<div>Van Gogh voleva creare il suo primo capolavoro, che avrebbe rafforzato la sua reputazione; l&#8217;intenzione del pittore era quella di dipingere figure umane il cui aspetto non fosse goffo, ma naturale. Ha preparato l&#8217;opera d&#8217;arte per la sua prima mostra a Parigi.<\/div>\n<div><\/div>\n[\/vc_column_text][\/vc_column][\/vc_row][vc_row css=&#8221;.vc_custom_1640018901259{margin-bottom: 30px !important;}&#8221;][vc_column]\t<div class=\"et-image-626 et-image  full   et_image_link\">\n\t\t<div class=\"et-image-inner \">\n\t\t\t\t\t\t\t<a  class=\"mfp-image et-lightbox\" data-mfp-type=\"image\" data-mfp-src=\"https:\/\/svetslik.si\/wp-content\/uploads\/2021\/09\/vincent-van-gogh-starry-night-zvezdnata-noc-slika-na-platnu-potato-earters-scaled-e1702592118536.jpg\"  title=\"Vincent van Gogh &#8211; Mangiatori di patate &#8211; esempio di riproduzione dipinta a mano\">\n\t\t\t\t\t\t\t<div class=\"et-image-thumb \">\n\t\t\t\t\t<img decoding=\"async\" width=\"1843\" height=\"1440\" src=\"https:\/\/svetslik.si\/wp-content\/uploads\/2021\/09\/vincent-van-gogh-starry-night-zvezdnata-noc-slika-na-platnu-potato-earters-scaled-e1702592118536.jpg\" class=\"attachment-full\" alt=\"Vincent van Gogh - Mangiatori di patate - esempio di riproduzione dipinta a mano\" title=\"Vincent van Gogh - Mangiatori di patate - esempio di riproduzione dipinta a mano\" srcset=\"https:\/\/svetslik.si\/wp-content\/uploads\/2021\/09\/vincent-van-gogh-starry-night-zvezdnata-noc-slika-na-platnu-potato-earters-scaled-e1702592118536.jpg 1843w, https:\/\/svetslik.si\/wp-content\/uploads\/2021\/09\/vincent-van-gogh-starry-night-zvezdnata-noc-slika-na-platnu-potato-earters-scaled-e1702592118536-600x469.jpg 600w, https:\/\/svetslik.si\/wp-content\/uploads\/2021\/09\/vincent-van-gogh-starry-night-zvezdnata-noc-slika-na-platnu-potato-earters-scaled-e1702592118536-1200x938.jpg 1200w\" sizes=\"(max-width: 1843px) 100vw, 1843px\" \/>\t\t\t\t<\/div>\n\t\t\t\t\t\t\t<\/a>\n\t\t\t\t\t\t\t\t\t\t<div class=\"wp-caption-text\">Vincent van Gogh - Mangiatori di patate - esempio di riproduzione dipinta a mano<\/div>\n\t\t\t\t\t\t\t\t<\/div>\n\t<\/div>\n  [\/vc_column][\/vc_row][vc_row css=&#8221;.vc_custom_1674217797940{margin-bottom: 10px !important;}&#8221;][vc_column]\t<div class=\"et-image-212 et-image  full   et_image_link\">\n\t\t<div class=\"et-image-inner \">\n\t\t\t\t\t\t\t<a  class=\"mfp-image et-lightbox\" data-mfp-type=\"image\" data-mfp-src=\"https:\/\/svetslik.si\/wp-content\/uploads\/2021\/09\/vincent-van-gogh-slika-na-platnu-potato-earters-scaled.jpg\"  title=\"Vincent van Gogh &#8211; Mangiatori di patate &#8211; esempio di riproduzione dipinta a mano\">\n\t\t\t\t\t\t\t<div class=\"et-image-thumb \">\n\t\t\t\t\t<img decoding=\"async\" width=\"2560\" height=\"1920\" src=\"https:\/\/svetslik.si\/wp-content\/uploads\/2021\/09\/vincent-van-gogh-slika-na-platnu-potato-earters-scaled.jpg\" class=\"attachment-full\" alt=\"Vincent van Gogh - Mangiatori di patate - esempio di riproduzione dipinta a mano\" title=\"Vincent van Gogh - Mangiatori di patate - esempio di riproduzione dipinta a mano\" srcset=\"https:\/\/svetslik.si\/wp-content\/uploads\/2021\/09\/vincent-van-gogh-slika-na-platnu-potato-earters-scaled.jpg 2560w, https:\/\/svetslik.si\/wp-content\/uploads\/2021\/09\/vincent-van-gogh-slika-na-platnu-potato-earters-600x450.jpg 600w, https:\/\/svetslik.si\/wp-content\/uploads\/2021\/09\/vincent-van-gogh-slika-na-platnu-potato-earters-scaled-1200x900.jpg 1200w, https:\/\/svetslik.si\/wp-content\/uploads\/2021\/09\/vincent-van-gogh-slika-na-platnu-potato-earters-300x225.jpg 300w, https:\/\/svetslik.si\/wp-content\/uploads\/2021\/09\/vincent-van-gogh-slika-na-platnu-potato-earters-1024x768.jpg 1024w, https:\/\/svetslik.si\/wp-content\/uploads\/2021\/09\/vincent-van-gogh-slika-na-platnu-potato-earters-768x576.jpg 768w, https:\/\/svetslik.si\/wp-content\/uploads\/2021\/09\/vincent-van-gogh-slika-na-platnu-potato-earters-1536x1152.jpg 1536w, https:\/\/svetslik.si\/wp-content\/uploads\/2021\/09\/vincent-van-gogh-slika-na-platnu-potato-earters-2048x1536.jpg 2048w, https:\/\/svetslik.si\/wp-content\/uploads\/2021\/09\/vincent-van-gogh-slika-na-platnu-potato-earters-150x113.jpg 150w, https:\/\/svetslik.si\/wp-content\/uploads\/2021\/09\/vincent-van-gogh-slika-na-platnu-potato-earters-1320x990.jpg 1320w, https:\/\/svetslik.si\/wp-content\/uploads\/2021\/09\/vincent-van-gogh-slika-na-platnu-potato-earters-900x675.jpg 900w\" sizes=\"(max-width: 2560px) 100vw, 2560px\" \/>\t\t\t\t<\/div>\n\t\t\t\t\t\t\t<\/a>\n\t\t\t\t\t\t\t\t\t\t<div class=\"wp-caption-text\">Vincent van Gogh - Mangiatori di patate - esempio di riproduzione dipinta a mano<\/div>\n\t\t\t\t\t\t\t\t<\/div>\n\t<\/div>\n  [\/vc_column][\/vc_row][vc_row][vc_column][vc_column_text]Immagine &#8220;Mangiatori di patate&#8221; Fu creato da Vincent van Gogh nel 1885 ed \u00e8 considerato uno dei primi lavori pi\u00f9 importanti dell&#8217;artista. Il dipinto mostra una famiglia di contadini seduti davanti a un semplice pasto a base di patate e raffigura la vita quotidiana e la lotta della classe operaia nei Paesi Bassi. Il dipinto si distingue per l&#8217;uso di colori scuri e cupi e per l&#8217;enfasi sulle superfici ruvide e ruvide delle figure e degli oggetti nel dipinto.<\/p>\n<p>L&#8217;immagine mostra una famiglia di cinque persone seduta a un tavolo che consuma un pasto a base di patate. Le figure sono rese con superfici ruvide e ruvide e i loro volti sono fortemente sfocati, dando loro un senso di et\u00e0 e stanchezza. I colori nella quadro sono scuri e cupi, prevalgono le sfumature di marrone, grigio e nero. I colori scuri e le superfici ruvide conferiscono all&#8217;immagine un senso di realismo e crudelt\u00e0 della vita di classe contadina.<\/p>\n<p>Si nota anche la composizione dell&#8217;immagine, poich\u00e9 le linee diagonali del tavolo e delle figure creano un senso di movimento e dinamica. Le figure nella quadro sono rappresentate in modo semplificato, quasi astratto, sono sfocate e distorte, il che crea una sensazione di movimento ed energia. Ci\u00f2 conferisce all&#8217;immagine un senso di immediatezza e cattura lo stato d&#8217;animo e l&#8217;atmosfera della scena.<\/p>\n<p>Si ritiene che il dipinto Mangiatori di patate rappresenti le convinzioni sociali e politiche di van Gogh. Era profondamente preoccupato per la difficile situazione della classe operaia e voleva aumentare la consapevolezza delle loro lotte attraverso la sua arte. Il dipinto \u00e8 considerato un riflesso del suo desiderio di catturare la realt\u00e0 della vita della classe operaia e rivelare la bellezza e la dignit\u00e0 delle loro lotte quotidiane.<\/p>\n<p>Nella tecnica, il dipinto \u00e8 riconoscibile dall&#8217;uso di colori scuri e cupi, superfici ruvide e strutturate e pennellate dense e visibili. L&#8217;uso del colore da parte di Van Gogh nel dipinto \u00e8 particolarmente sorprendente. I colori scuri conferiscono all&#8217;immagine un senso di realismo e la crudelt\u00e0 della vita di classe contadina. Le superfici ruvide e ruvide aggiungono profondit\u00e0 e dimensione all&#8217;immagine, rendendola un vero capolavoro di realismo.<\/p>\n<p>Il dipinto &#8220;Mangiatori di patate&#8221; \u00e8 considerato un simbolo delle convinzioni artistiche e sociali di van Gogh ed \u00e8 considerato uno dei suoi primi lavori pi\u00f9 importanti. Il dipinto \u00e8 esposto in diversi musei di tutto il mondo, tra cui il Van Gogh Museum di Amsterdam, il Metropolitan Museum of Art di New York e la National Gallery di Londra. Il dipinto continua a ispirare e influenzare gli artisti oggi e la sua popolarit\u00e0 duratura testimonia l&#8217;eredit\u00e0 duratura di van Gogh come una delle figure pi\u00f9 importanti nella storia dell&#8217;arte.<\/p>\n<p>In sintesi, il dipinto &#8220;I mangiatori di patate&#8221; \u00e8 un dipinto realizzato da Vincent van Gogh nel 1885 ed \u00e8 considerato uno dei primi lavori pi\u00f9 importanti dell&#8217;artista. Il dipinto raffigura una famiglia di contadini seduti davanti a un semplice pasto a base di patate, riassumendo la vita quotidiana e la lotta della classe operaia nei Paesi Bassi. Il dipinto \u00e8 caratterizzato dall&#8217;uso di colori scuri e cupi, superfici ruvide e strutturate e un&#8217;enfasi sulle superfici ruvide e strutturate delle figure e degli oggetti nel dipinto. Il dipinto \u00e8 considerato un riflesso delle convinzioni sociali e politiche di van Gogh e un riflesso del suo desiderio di catturare la realt\u00e0 della vita della classe operaia e rivelare la bellezza e la dignit\u00e0 delle loro lotte quotidiane. Amanti dell&#8217;arte e p\u00c8 ancora celebrato e ammirato dai fabbri di tutto il mondo, ed \u00e8 anche considerato una vera rappresentazione delle convinzioni artistiche e sociali di van Gogh.[\/vc_column_text][\/vc_column][\/vc_row]\n<\/div>","protected":false},"excerpt":{"rendered":"<p>[vc_row][vc_column][vc_column_text] Vincent Van Gogh &#8211; I mangiatori di patate &nbsp; Anno di creazione: 1885 Dimensione originale: 114 cm x 82 cm Stile colore: Post impressionismo Tecnica originale: Olio su tela Situato: Museo Van Gogh, Paesi Bassi &nbsp; Il dipinto su tela I mangiatori di patate \u00e8 considerato da molti la [&hellip;]<\/p>\n","protected":false},"featured_media":35744,"template":"","meta":{"_acf_changed":false},"product_brand":[],"product_cat":[4189],"product_tag":[4245,4246,4253,4265],"class_list":{"0":"post-39942","1":"product","2":"type-product","3":"status-publish","4":"has-post-thumbnail","6":"product_cat-vincent-van-gogh","7":"product_tag-riproduzione","8":"product_tag-riproduzione-it","9":"product_tag-un-pittore","10":"product_tag-van-gogh-it","11":"pa_dimenzija-114-x-82-cm-it","12":"pa_dimenzija-120-x-90-cm-it","13":"pa_dimenzija-140-x-100-cm-it","14":"pa_dimenzija-170-x-120-cm-it","15":"pa_dimenzija-200-x-150-cm-it","16":"pa_dimenzija-250-x-180-cm-it","17":"pa_dimenzija-70-x-50-cm-it","18":"pa_dimenzija-90-x-65-cm-it","19":"pa_oblika-orizzontale","20":"pa_okvir-sensa-cornice","21":"pa_podokvir-no","22":"pa_podokvir-si","24":"first","25":"onbackorder","26":"purchasable","27":"product-type-variable","28":"has-default-attributes"},"acf":[],"yoast_head":"<!-- This site is optimized with the Yoast SEO Premium plugin v26.0 (Yoast SEO v27.2) - https:\/\/yoast.com\/product\/yoast-seo-premium-wordpress\/ -->\n<title>Vincent van Gogh - The Potato Eaters - SVETSLIK.SI - Dipinti a mano al 100%<\/title>\n<meta name=\"description\" content=\"Vincent van Gogh - The Potato Eaters - Riproduzioni di quadri d&#039;arte dipinte a mano al 100% su tela. Cornici per quadri, vendita e produzione di dimensioni su ordinazione.\" \/>\n<meta name=\"robots\" content=\"index, follow, max-snippet:-1, max-image-preview:large, max-video-preview:-1\" \/>\n<link rel=\"canonical\" href=\"https:\/\/svetslik.si\/it\/vincent-van-gogh\/the-potato-eaters\/\" \/>\n<meta property=\"og:locale\" content=\"it_IT\" \/>\n<meta property=\"og:type\" content=\"article\" \/>\n<meta property=\"og:title\" content=\"Vincent van Gogh - The Potato Eaters\" \/>\n<meta property=\"og:description\" content=\"100% ro\u010dno naslikane slike na platnu, reprodukcije znanih slikarjev in umetni\u0161ke slike po naro\u010dilu.\" \/>\n<meta property=\"og:url\" content=\"https:\/\/svetslik.si\/it\/vincent-van-gogh\/the-potato-eaters\/\" \/>\n<meta property=\"og:site_name\" content=\"SVETSLIK.SI\" \/>\n<meta property=\"article:publisher\" content=\"https:\/\/www.facebook.com\/svetslik.si\" \/>\n<meta property=\"article:modified_time\" content=\"2026-03-22T20:43:45+00:00\" \/>\n<meta property=\"og:image\" content=\"https:\/\/svetslik.si\/wp-content\/uploads\/2021\/08\/image_The-Potato-Eaters-Van-Gogh_680-scaled.jpg\" \/>\n\t<meta property=\"og:image:width\" content=\"2560\" \/>\n\t<meta property=\"og:image:height\" content=\"1819\" \/>\n\t<meta property=\"og:image:type\" content=\"image\/jpeg\" \/>\n<meta name=\"twitter:card\" content=\"summary_large_image\" \/>\n<meta name=\"twitter:site\" content=\"@svetslik\" \/>\n<meta name=\"twitter:label1\" content=\"Disponibilit\u00e0\" \/>\n\t<meta name=\"twitter:data1\" content=\"Su ordinazione\" \/>\n<script type=\"application\/ld+json\" class=\"yoast-schema-graph\">{\"@context\":\"https:\/\/schema.org\",\"@graph\":[{\"@type\":[\"WebPage\",\"ItemPage\"],\"@id\":\"https:\/\/svetslik.si\/it\/vincent-van-gogh\/the-potato-eaters\/\",\"url\":\"https:\/\/svetslik.si\/it\/vincent-van-gogh\/the-potato-eaters\/\",\"name\":\"Vincent van Gogh - The Potato Eaters - SVETSLIK.SI - Dipinti a mano al 100%\",\"isPartOf\":{\"@id\":\"https:\/\/svetslik.si\/it\/#website\"},\"primaryImageOfPage\":{\"@id\":\"https:\/\/svetslik.si\/it\/vincent-van-gogh\/the-potato-eaters\/#primaryimage\"},\"image\":{\"@id\":\"https:\/\/svetslik.si\/it\/vincent-van-gogh\/the-potato-eaters\/#primaryimage\"},\"thumbnailUrl\":\"https:\/\/svetslik.si\/wp-content\/uploads\/2021\/08\/image_The-Potato-Eaters-Van-Gogh_680-scaled.jpg\",\"datePublished\":\"2021-09-02T16:06:07+00:00\",\"dateModified\":\"2026-03-22T20:43:45+00:00\",\"description\":\"Vincent van Gogh - The Potato Eaters - Riproduzioni di quadri d'arte dipinte a mano al 100% su tela. Cornici per quadri, vendita e produzione di dimensioni su ordinazione.\",\"breadcrumb\":{\"@id\":\"https:\/\/svetslik.si\/it\/vincent-van-gogh\/the-potato-eaters\/#breadcrumb\"},\"inLanguage\":\"it-IT\",\"potentialAction\":[{\"@type\":\"ReadAction\",\"target\":[\"https:\/\/svetslik.si\/it\/vincent-van-gogh\/the-potato-eaters\/\"]}]},{\"@type\":\"ImageObject\",\"inLanguage\":\"it-IT\",\"@id\":\"https:\/\/svetslik.si\/it\/vincent-van-gogh\/the-potato-eaters\/#primaryimage\",\"url\":\"https:\/\/svetslik.si\/wp-content\/uploads\/2021\/08\/image_The-Potato-Eaters-Van-Gogh_680-scaled.jpg\",\"contentUrl\":\"https:\/\/svetslik.si\/wp-content\/uploads\/2021\/08\/image_The-Potato-Eaters-Van-Gogh_680-scaled.jpg\",\"width\":2560,\"height\":1819,\"caption\":\"Vincent Van Gogh - I mangiatori di patate (The Potato Eaters). Riproduzioni dipinte a mano di famosi pittori, quadri moderni da parete, quadri artistici per la parete\"},{\"@type\":\"BreadcrumbList\",\"@id\":\"https:\/\/svetslik.si\/it\/vincent-van-gogh\/the-potato-eaters\/#breadcrumb\",\"itemListElement\":[{\"@type\":\"ListItem\",\"position\":1,\"name\":\"Fali m\u0171v\u00e9szet \u00e9s festm\u00e9nyek v\u00e1szonra\",\"item\":\"https:\/\/svetslik.si\/it\/\"},{\"@type\":\"ListItem\",\"position\":2,\"name\":\"Vendita di dipinti\",\"item\":\"https:\/\/svetslik.si\/prodaja-slik\/\"},{\"@type\":\"ListItem\",\"position\":3,\"name\":\"Vincent van Gogh &#8211; The Potato Eaters\"}]},{\"@type\":\"WebSite\",\"@id\":\"https:\/\/svetslik.si\/it\/#website\",\"url\":\"https:\/\/svetslik.si\/it\/\",\"name\":\"SVETSLIK.SI\",\"description\":\"100% riproduzioni dipinte a mano di quadri di pittori famosi e dipinti su tela.\",\"publisher\":{\"@id\":\"https:\/\/svetslik.si\/it\/#organization\"},\"potentialAction\":[{\"@type\":\"SearchAction\",\"target\":{\"@type\":\"EntryPoint\",\"urlTemplate\":\"https:\/\/svetslik.si\/it\/?s={search_term_string}\"},\"query-input\":{\"@type\":\"PropertyValueSpecification\",\"valueRequired\":true,\"valueName\":\"search_term_string\"}}],\"inLanguage\":\"it-IT\"},{\"@type\":\"Organization\",\"@id\":\"https:\/\/svetslik.si\/it\/#organization\",\"name\":\"SvetSlik.si\",\"url\":\"https:\/\/svetslik.si\/it\/\",\"logo\":{\"@type\":\"ImageObject\",\"inLanguage\":\"it-IT\",\"@id\":\"https:\/\/svetslik.si\/it\/#\/schema\/logo\/image\/\",\"url\":\"https:\/\/svetslik.si\/wp-content\/uploads\/2020\/12\/logo-512.png\",\"contentUrl\":\"https:\/\/svetslik.si\/wp-content\/uploads\/2020\/12\/logo-512.png\",\"width\":512,\"height\":512,\"caption\":\"SvetSlik.si\"},\"image\":{\"@id\":\"https:\/\/svetslik.si\/it\/#\/schema\/logo\/image\/\"},\"sameAs\":[\"https:\/\/www.facebook.com\/svetslik.si\",\"https:\/\/x.com\/svetslik\",\"https:\/\/www.instagram.com\/svetslik.si\/\",\"https:\/\/www.linkedin.com\/company\/svetslik-si\"]}]}<\/script>\n<meta property=\"og:availability\" content=\"backorder\" \/>\n<meta property=\"product:availability\" content=\"available for order\" \/>\n<meta property=\"product:retailer_item_id\" content=\"405__\" \/>\n<meta property=\"product:condition\" content=\"new\" \/>\n<!-- \/ Yoast SEO Premium plugin. -->","yoast_head_json":{"title":"Vincent van Gogh - The Potato Eaters - SVETSLIK.SI - Dipinti a mano al 100%","description":"Vincent van Gogh - The Potato Eaters - Riproduzioni di quadri d'arte dipinte a mano al 100% su tela. Cornici per quadri, vendita e produzione di dimensioni su ordinazione.","robots":{"index":"index","follow":"follow","max-snippet":"max-snippet:-1","max-image-preview":"max-image-preview:large","max-video-preview":"max-video-preview:-1"},"canonical":"https:\/\/svetslik.si\/it\/vincent-van-gogh\/the-potato-eaters\/","og_locale":"it_IT","og_type":"article","og_title":"Vincent van Gogh - The Potato Eaters","og_description":"100% ro\u010dno naslikane slike na platnu, reprodukcije znanih slikarjev in umetni\u0161ke slike po naro\u010dilu.","og_url":"https:\/\/svetslik.si\/it\/vincent-van-gogh\/the-potato-eaters\/","og_site_name":"SVETSLIK.SI","article_publisher":"https:\/\/www.facebook.com\/svetslik.si","article_modified_time":"2026-03-22T20:43:45+00:00","og_image":[{"width":2560,"height":1819,"url":"https:\/\/svetslik.si\/wp-content\/uploads\/2021\/08\/image_The-Potato-Eaters-Van-Gogh_680-scaled.jpg","type":"image\/jpeg"}],"twitter_card":"summary_large_image","twitter_site":"@svetslik","twitter_misc":{"Disponibilit\u00e0":"Su ordinazione"},"schema":{"@context":"https:\/\/schema.org","@graph":[{"@type":["WebPage","ItemPage"],"@id":"https:\/\/svetslik.si\/it\/vincent-van-gogh\/the-potato-eaters\/","url":"https:\/\/svetslik.si\/it\/vincent-van-gogh\/the-potato-eaters\/","name":"Vincent van Gogh - The Potato Eaters - SVETSLIK.SI - Dipinti a mano al 100%","isPartOf":{"@id":"https:\/\/svetslik.si\/it\/#website"},"primaryImageOfPage":{"@id":"https:\/\/svetslik.si\/it\/vincent-van-gogh\/the-potato-eaters\/#primaryimage"},"image":{"@id":"https:\/\/svetslik.si\/it\/vincent-van-gogh\/the-potato-eaters\/#primaryimage"},"thumbnailUrl":"https:\/\/svetslik.si\/wp-content\/uploads\/2021\/08\/image_The-Potato-Eaters-Van-Gogh_680-scaled.jpg","datePublished":"2021-09-02T16:06:07+00:00","dateModified":"2026-03-22T20:43:45+00:00","description":"Vincent van Gogh - The Potato Eaters - Riproduzioni di quadri d'arte dipinte a mano al 100% su tela. Cornici per quadri, vendita e produzione di dimensioni su ordinazione.","breadcrumb":{"@id":"https:\/\/svetslik.si\/it\/vincent-van-gogh\/the-potato-eaters\/#breadcrumb"},"inLanguage":"it-IT","potentialAction":[{"@type":"ReadAction","target":["https:\/\/svetslik.si\/it\/vincent-van-gogh\/the-potato-eaters\/"]}]},{"@type":"ImageObject","inLanguage":"it-IT","@id":"https:\/\/svetslik.si\/it\/vincent-van-gogh\/the-potato-eaters\/#primaryimage","url":"https:\/\/svetslik.si\/wp-content\/uploads\/2021\/08\/image_The-Potato-Eaters-Van-Gogh_680-scaled.jpg","contentUrl":"https:\/\/svetslik.si\/wp-content\/uploads\/2021\/08\/image_The-Potato-Eaters-Van-Gogh_680-scaled.jpg","width":2560,"height":1819,"caption":"Vincent Van Gogh - I mangiatori di patate (The Potato Eaters). Riproduzioni dipinte a mano di famosi pittori, quadri moderni da parete, quadri artistici per la parete"},{"@type":"BreadcrumbList","@id":"https:\/\/svetslik.si\/it\/vincent-van-gogh\/the-potato-eaters\/#breadcrumb","itemListElement":[{"@type":"ListItem","position":1,"name":"Fali m\u0171v\u00e9szet \u00e9s festm\u00e9nyek v\u00e1szonra","item":"https:\/\/svetslik.si\/it\/"},{"@type":"ListItem","position":2,"name":"Vendita di dipinti","item":"https:\/\/svetslik.si\/prodaja-slik\/"},{"@type":"ListItem","position":3,"name":"Vincent van Gogh &#8211; The Potato Eaters"}]},{"@type":"WebSite","@id":"https:\/\/svetslik.si\/it\/#website","url":"https:\/\/svetslik.si\/it\/","name":"SVETSLIK.SI","description":"100% riproduzioni dipinte a mano di quadri di pittori famosi e dipinti su tela.","publisher":{"@id":"https:\/\/svetslik.si\/it\/#organization"},"potentialAction":[{"@type":"SearchAction","target":{"@type":"EntryPoint","urlTemplate":"https:\/\/svetslik.si\/it\/?s={search_term_string}"},"query-input":{"@type":"PropertyValueSpecification","valueRequired":true,"valueName":"search_term_string"}}],"inLanguage":"it-IT"},{"@type":"Organization","@id":"https:\/\/svetslik.si\/it\/#organization","name":"SvetSlik.si","url":"https:\/\/svetslik.si\/it\/","logo":{"@type":"ImageObject","inLanguage":"it-IT","@id":"https:\/\/svetslik.si\/it\/#\/schema\/logo\/image\/","url":"https:\/\/svetslik.si\/wp-content\/uploads\/2020\/12\/logo-512.png","contentUrl":"https:\/\/svetslik.si\/wp-content\/uploads\/2020\/12\/logo-512.png","width":512,"height":512,"caption":"SvetSlik.si"},"image":{"@id":"https:\/\/svetslik.si\/it\/#\/schema\/logo\/image\/"},"sameAs":["https:\/\/www.facebook.com\/svetslik.si","https:\/\/x.com\/svetslik","https:\/\/www.instagram.com\/svetslik.si\/","https:\/\/www.linkedin.com\/company\/svetslik-si"]}]},"og_availability":"backorder","product_availability":"available for order","product_retailer_item_id":"405__","product_condition":"new"},"jetpack_sharing_enabled":true,"_links":{"self":[{"href":"https:\/\/svetslik.si\/it\/wp-json\/wp\/v2\/product\/39942","targetHints":{"allow":["GET"]}}],"collection":[{"href":"https:\/\/svetslik.si\/it\/wp-json\/wp\/v2\/product"}],"about":[{"href":"https:\/\/svetslik.si\/it\/wp-json\/wp\/v2\/types\/product"}],"wp:featuredmedia":[{"embeddable":true,"href":"https:\/\/svetslik.si\/it\/wp-json\/wp\/v2\/media\/35744"}],"wp:attachment":[{"href":"https:\/\/svetslik.si\/it\/wp-json\/wp\/v2\/media?parent=39942"}],"wp:term":[{"taxonomy":"product_brand","embeddable":true,"href":"https:\/\/svetslik.si\/it\/wp-json\/wp\/v2\/product_brand?post=39942"},{"taxonomy":"product_cat","embeddable":true,"href":"https:\/\/svetslik.si\/it\/wp-json\/wp\/v2\/product_cat?post=39942"},{"taxonomy":"product_tag","embeddable":true,"href":"https:\/\/svetslik.si\/it\/wp-json\/wp\/v2\/product_tag?post=39942"}],"curies":[{"name":"wp","href":"https:\/\/api.w.org\/{rel}","templated":true}]}}