{"id":39960,"date":"2021-09-02T18:06:22","date_gmt":"2021-09-02T16:06:22","guid":{"rendered":"https:\/\/svetslik.si\/senza-categoria\/the-night-cafe\/"},"modified":"2026-03-22T21:43:45","modified_gmt":"2026-03-22T20:43:45","slug":"the-night-cafe","status":"publish","type":"product","link":"https:\/\/svetslik.si\/it\/vincent-van-gogh\/the-night-cafe\/","title":{"rendered":"Vincent van Gogh &#8211; The Night Caf\u00e9"},"content":{"rendered":"<h1>Vincent Van Gogh &#8211; Il caff\u00e8 notturno<\/h1>\n<p>&nbsp;<\/p>\n<table border=\"0\" width=\"497\" cellspacing=\"0\" cellpadding=\"0\">\n<tr>\n<td height=\"21\">Anno di creazione:<\/td>\n<td style=\"width: 343px\">1888<\/td>\n<\/tr>\n<tr>\n<td height=\"21\">Dimensione originale:<\/td>\n<td style=\"width: 343px\">92,1 cm x 72,4 cm<\/td>\n<\/tr>\n<tr>\n<td height=\"21\">Stile colore:<\/td>\n<td style=\"width: 343px\">Post impressionismo<\/td>\n<\/tr>\n<tr>\n<td height=\"21\">Tecnica originale:<\/td>\n<td style=\"width: 343px\">Olio su tela<\/td>\n<\/tr>\n<tr>\n<td height=\"21\">Situato:<\/td>\n<td style=\"width: 343px\">Yale University Art Gallery, New Haven, Stati Uniti<\/td>\n<\/tr>\n<\/tbody>\n<colgroup>\n<col \/>\n<col \/> <\/colgroup>\n<\/table>\n<p>&nbsp;<\/p>\n<div>L&#8217;immagine di <em>The Night Caf\u00e9<\/em> mostra l&#8217;interno di un caff\u00e8 ad Arles, con una porta semischermata sullo sfondo dell&#8217;immagine, che presumibilmente conduce ad alloggi privati. Cinque clienti siedono ai tavoli lungo le pareti a sinistra e a destra, e l&#8217;immagine include anche un cameriere in abito luminoso, che fissa l&#8217;osservatore.<\/div>\n<div>Nel dipinto, Van Gogh ha utilizzato colori forti contrastanti; dipinse il soffitto nei toni del verde, la parte superiore delle pareti rossa e le lampade e il pavimento per lo pi\u00f9 gialli. Questo dipinto \u00e8 caratterizzato da una densa applicazione di vernice, con molte linee nella stanza che conducono alla porta sullo sfondo. La prospettiva dell&#8217;immagine \u00e8 leggermente inclinata verso il basso.<\/div>\n<div><\/div>\n<div>\n<p>Il &#8220;Night Cafe&#8221; di Vincent van Gogh \u00e8 stato creato nel 1888 ed \u00e8 considerato una delle opere pi\u00f9 iconiche della carriera dell&#8217;artista. Il dipinto mostra un caff\u00e8 nella citt\u00e0 di Arles, nel sud della Francia, dove van Gogh visse per un po&#8217; e cre\u00f2 alcune delle sue opere pi\u00f9 famose. Il caff\u00e8 notturno \u00e8 una magistrale rappresentazione di luci e colori, che cattura l&#8217;atmosfera e l&#8217;atmosfera di un caff\u00e8 notturno.<\/p>\n<p>Night Cafe \u00e8 un dipinto caratterizzato da un uso intenso ed emozionale del colore. Van Gogh utilizza una sorprendente tavolozza di rossi, gialli e verdi per creare un senso di calore ed energia nel caff\u00e8. Le pareti rosse e il tavolo da biliardo verde sono particolarmente importanti e danno all&#8217;immagine un senso di movimento ed energia. La luce gialla che risplende dal soffitto crea un senso di illuminazione e mette in risalto l&#8217;attivit\u00e0 che si svolge nel caff\u00e8.<\/p>\n<p>Si nota anche la composizione dell&#8217;immagine, poich\u00e9 le linee diagonali dei tavoli e dei tavoli da biliardo creano un senso di movimento e dinamismo. Le figure nella quadro sono rappresentate in modo semplificato, quasi astratto, sono sfocate e distorte, il che crea una sensazione di movimento ed energia. Ci\u00f2 conferisce all&#8217;immagine un senso di immediatezza e cattura lo stato d&#8217;animo e l&#8217;atmosfera del caff\u00e8 notturno.<\/p>\n<p>Night Cafe \u00e8 un dipinto che \u00e8 considerato rappresentare lo stato emotivo di van Gogh in quel momento. Era noto per la sua intensit\u00e0 emotiva e le lotte con la salute mentale, e il dipinto \u00e8 considerato un riflesso della sua confusione emotiva, ricerca della bellezza e del significato nel mondo e desiderio di connessione e comprensione.<\/p>\n<p>Nella tecnica, il dipinto \u00e8 riconoscibile dall&#8217;uso di colori vivaci e contrastanti e pennellate dense e visibili. L&#8217;uso del colore da parte di Van Gogh nel dipinto \u00e8 particolarmente sorprendente. I colori rosso, giallo e verde contrastano tra loro, creando una sensazione di movimento ed energia. Pennellate dense aggiungono consistenza e profondit\u00e0 al dipinto, rendendo il dipinto un vero capolavoro del post-impressionismo.<\/p>\n<p>&#8220;Night Caf\u00e9 \u00e8 considerato un simbolo dell&#8217;eredit\u00e0 artistica di van Gogh ed \u00e8 considerato una delle sue opere pi\u00f9 iconiche. \u00c8 esposto in diversi musei in tutto il mondo, tra cui il Van Gogh Museum di Amsterdam, il Metropolitan Museum of Art di New York e la National Gallery di Londra continua a ispirare e influenzare gli artisti di oggi e la sua popolarit\u00e0 duratura testimonia l&#8217;eredit\u00e0 duratura di van Gogh come una delle figure pi\u00f9 importanti nella storia dell&#8217;arte.<\/p>\n<p>Infine, lasciatemi dire che il dipinto &#8220;Night Cafe&#8221; creato da Vincent van Gogh nel 1888 era considerato una delle opere pi\u00f9 iconiche della carriera dell&#8217;artista. Il dipinto raffigura un caff\u00e8 nella citt\u00e0 di Arles ed \u00e8 una magistrale rappresentazione di luci e colori, catturando l&#8217;atmosfera e l&#8217;atmosfera di un caff\u00e8 di notte. A causa dell&#8217;uso intenso dei colori e della composizione dinamica, nonch\u00e9 delle pennellate emotive, questo \u00e8 un vero capolavoro del post-impressionismo. Il dipinto \u00e8 anche considerato un riflesso dello stato emotivo di van Gogh in quel momento, della sua lotta con la salute mentale e della sua ricerca della bellezza e del significato nel mondo. Il dipinto &#8220;The Night Cafe&#8221; \u00e8 ancora celebrato e ammirato dagli amanti dell&#8217;arte e dagli esperti di tutto il mondo, ed \u00e8 considerato una vera rappresentazione della duratura eredit\u00e0 artistica di van Gogh. Pu\u00f2 essere trovato in diversi musei in tutto il mondo ed \u00e8 una tappa obbligata per chiunque sia interessato all&#8217;arte di Vincent Van Gogh e al post-impressionismo.<\/p>\n<\/div>\n<div><\/div>\n","protected":false},"excerpt":{"rendered":"<p>Vincent Van Gogh &#8211; Il caff\u00e8 notturno &nbsp; Anno di creazione: 1888 Dimensione originale: 92,1 cm x 72,4 cm Stile colore: Post impressionismo Tecnica originale: Olio su tela Situato: Yale University Art Gallery, New Haven, Stati Uniti &nbsp; L&#8217;immagine di The Night Caf\u00e9 mostra l&#8217;interno di un caff\u00e8 ad Arles, [&hellip;]<\/p>\n","protected":false},"featured_media":35740,"template":"","meta":{"_acf_changed":false},"product_brand":[],"product_cat":[4189],"product_tag":[4245,4246,4253,4265],"class_list":{"0":"post-39960","1":"product","2":"type-product","3":"status-publish","4":"has-post-thumbnail","6":"product_cat-vincent-van-gogh","7":"product_tag-riproduzione","8":"product_tag-riproduzione-it","9":"product_tag-un-pittore","10":"product_tag-van-gogh-it","11":"pa_dimenzija-100-x-80-cm","12":"pa_dimenzija-120-x-100-cm","13":"pa_dimenzija-150-x-120-cm","14":"pa_dimenzija-50-x-40-cm","15":"pa_dimenzija-60-x-50-cm","16":"pa_dimenzija-70-x-55-cm","17":"pa_dimenzija-80-x-60-cm","18":"pa_dimenzija-92-x-72-cm","19":"pa_oblika-orizzontale","20":"pa_okvir-sensa-cornice","21":"pa_podokvir-no","22":"pa_podokvir-si","24":"first","25":"onbackorder","26":"purchasable","27":"product-type-variable","28":"has-default-attributes"},"acf":[],"yoast_head":"<!-- This site is optimized with the Yoast SEO Premium plugin v26.0 (Yoast SEO v27.2) - https:\/\/yoast.com\/product\/yoast-seo-premium-wordpress\/ -->\n<title>Vincent van Gogh - The Night Caf\u00e9 - SVETSLIK.SI - Dipinti a mano al 100%<\/title>\n<meta name=\"description\" content=\"Vincent van Gogh - The Night Caf\u00e9 - Riproduzioni di quadri d&#039;arte dipinte a mano al 100% su tela. Cornici per quadri, vendita e produzione di dimensioni su ordinazione.\" \/>\n<meta name=\"robots\" content=\"index, follow, max-snippet:-1, max-image-preview:large, max-video-preview:-1\" \/>\n<link rel=\"canonical\" href=\"https:\/\/svetslik.si\/it\/vincent-van-gogh\/the-night-cafe\/\" \/>\n<meta property=\"og:locale\" content=\"it_IT\" \/>\n<meta property=\"og:type\" content=\"article\" \/>\n<meta property=\"og:title\" content=\"Vincent van Gogh - The Night Caf\u00e9\" \/>\n<meta property=\"og:description\" content=\"100% ro\u010dno naslikane slike na platnu, reprodukcije znanih slikarjev in umetni\u0161ke slike po naro\u010dilu.\" \/>\n<meta property=\"og:url\" content=\"https:\/\/svetslik.si\/it\/vincent-van-gogh\/the-night-cafe\/\" \/>\n<meta property=\"og:site_name\" content=\"SVETSLIK.SI\" \/>\n<meta property=\"article:publisher\" content=\"https:\/\/www.facebook.com\/svetslik.si\" \/>\n<meta property=\"article:modified_time\" content=\"2026-03-22T20:43:45+00:00\" \/>\n<meta property=\"og:image\" content=\"https:\/\/svetslik.si\/wp-content\/uploads\/2021\/08\/image_The-Night-Cafe-Van-Gogh_680.jpg\" \/>\n\t<meta property=\"og:image:width\" content=\"1800\" \/>\n\t<meta property=\"og:image:height\" content=\"1424\" \/>\n\t<meta property=\"og:image:type\" content=\"image\/jpeg\" \/>\n<meta name=\"twitter:card\" content=\"summary_large_image\" \/>\n<meta name=\"twitter:site\" content=\"@svetslik\" \/>\n<meta name=\"twitter:label1\" content=\"Disponibilit\u00e0\" \/>\n\t<meta name=\"twitter:data1\" content=\"Su ordinazione\" \/>\n<script type=\"application\/ld+json\" class=\"yoast-schema-graph\">{\"@context\":\"https:\/\/schema.org\",\"@graph\":[{\"@type\":[\"WebPage\",\"ItemPage\"],\"@id\":\"https:\/\/svetslik.si\/it\/vincent-van-gogh\/the-night-cafe\/\",\"url\":\"https:\/\/svetslik.si\/it\/vincent-van-gogh\/the-night-cafe\/\",\"name\":\"Vincent van Gogh - The Night Caf\u00e9 - SVETSLIK.SI - Dipinti a mano al 100%\",\"isPartOf\":{\"@id\":\"https:\/\/svetslik.si\/it\/#website\"},\"primaryImageOfPage\":{\"@id\":\"https:\/\/svetslik.si\/it\/vincent-van-gogh\/the-night-cafe\/#primaryimage\"},\"image\":{\"@id\":\"https:\/\/svetslik.si\/it\/vincent-van-gogh\/the-night-cafe\/#primaryimage\"},\"thumbnailUrl\":\"https:\/\/svetslik.si\/wp-content\/uploads\/2021\/08\/image_The-Night-Cafe-Van-Gogh_680.jpg\",\"datePublished\":\"2021-09-02T16:06:22+00:00\",\"dateModified\":\"2026-03-22T20:43:45+00:00\",\"description\":\"Vincent van Gogh - The Night Caf\u00e9 - Riproduzioni di quadri d'arte dipinte a mano al 100% su tela. Cornici per quadri, vendita e produzione di dimensioni su ordinazione.\",\"breadcrumb\":{\"@id\":\"https:\/\/svetslik.si\/it\/vincent-van-gogh\/the-night-cafe\/#breadcrumb\"},\"inLanguage\":\"it-IT\",\"potentialAction\":[{\"@type\":\"ReadAction\",\"target\":[\"https:\/\/svetslik.si\/it\/vincent-van-gogh\/the-night-cafe\/\"]}]},{\"@type\":\"ImageObject\",\"inLanguage\":\"it-IT\",\"@id\":\"https:\/\/svetslik.si\/it\/vincent-van-gogh\/the-night-cafe\/#primaryimage\",\"url\":\"https:\/\/svetslik.si\/wp-content\/uploads\/2021\/08\/image_The-Night-Cafe-Van-Gogh_680.jpg\",\"contentUrl\":\"https:\/\/svetslik.si\/wp-content\/uploads\/2021\/08\/image_The-Night-Cafe-Van-Gogh_680.jpg\",\"width\":1800,\"height\":1424,\"caption\":\"Vincent Van Gogh - Il caff\u00e8 di notte (The Night Caf\u00e9). Riproduzioni dipinte a mano di famosi pittori, quadri moderni da parete, quadri artistici per la parete\"},{\"@type\":\"BreadcrumbList\",\"@id\":\"https:\/\/svetslik.si\/it\/vincent-van-gogh\/the-night-cafe\/#breadcrumb\",\"itemListElement\":[{\"@type\":\"ListItem\",\"position\":1,\"name\":\"Fali m\u0171v\u00e9szet \u00e9s festm\u00e9nyek v\u00e1szonra\",\"item\":\"https:\/\/svetslik.si\/it\/\"},{\"@type\":\"ListItem\",\"position\":2,\"name\":\"Vendita di dipinti\",\"item\":\"https:\/\/svetslik.si\/prodaja-slik\/\"},{\"@type\":\"ListItem\",\"position\":3,\"name\":\"Vincent van Gogh &#8211; The Night Caf\u00e9\"}]},{\"@type\":\"WebSite\",\"@id\":\"https:\/\/svetslik.si\/it\/#website\",\"url\":\"https:\/\/svetslik.si\/it\/\",\"name\":\"SVETSLIK.SI\",\"description\":\"100% riproduzioni dipinte a mano di quadri di pittori famosi e dipinti su tela.\",\"publisher\":{\"@id\":\"https:\/\/svetslik.si\/it\/#organization\"},\"potentialAction\":[{\"@type\":\"SearchAction\",\"target\":{\"@type\":\"EntryPoint\",\"urlTemplate\":\"https:\/\/svetslik.si\/it\/?s={search_term_string}\"},\"query-input\":{\"@type\":\"PropertyValueSpecification\",\"valueRequired\":true,\"valueName\":\"search_term_string\"}}],\"inLanguage\":\"it-IT\"},{\"@type\":\"Organization\",\"@id\":\"https:\/\/svetslik.si\/it\/#organization\",\"name\":\"SvetSlik.si\",\"url\":\"https:\/\/svetslik.si\/it\/\",\"logo\":{\"@type\":\"ImageObject\",\"inLanguage\":\"it-IT\",\"@id\":\"https:\/\/svetslik.si\/it\/#\/schema\/logo\/image\/\",\"url\":\"https:\/\/svetslik.si\/wp-content\/uploads\/2020\/12\/logo-512.png\",\"contentUrl\":\"https:\/\/svetslik.si\/wp-content\/uploads\/2020\/12\/logo-512.png\",\"width\":512,\"height\":512,\"caption\":\"SvetSlik.si\"},\"image\":{\"@id\":\"https:\/\/svetslik.si\/it\/#\/schema\/logo\/image\/\"},\"sameAs\":[\"https:\/\/www.facebook.com\/svetslik.si\",\"https:\/\/x.com\/svetslik\",\"https:\/\/www.instagram.com\/svetslik.si\/\",\"https:\/\/www.linkedin.com\/company\/svetslik-si\"]}]}<\/script>\n<meta property=\"og:availability\" content=\"backorder\" \/>\n<meta property=\"product:availability\" content=\"available for order\" \/>\n<meta property=\"product:retailer_item_id\" content=\"407__\" \/>\n<meta property=\"product:condition\" content=\"new\" \/>\n<!-- \/ Yoast SEO Premium plugin. -->","yoast_head_json":{"title":"Vincent van Gogh - The Night Caf\u00e9 - SVETSLIK.SI - Dipinti a mano al 100%","description":"Vincent van Gogh - The Night Caf\u00e9 - Riproduzioni di quadri d'arte dipinte a mano al 100% su tela. Cornici per quadri, vendita e produzione di dimensioni su ordinazione.","robots":{"index":"index","follow":"follow","max-snippet":"max-snippet:-1","max-image-preview":"max-image-preview:large","max-video-preview":"max-video-preview:-1"},"canonical":"https:\/\/svetslik.si\/it\/vincent-van-gogh\/the-night-cafe\/","og_locale":"it_IT","og_type":"article","og_title":"Vincent van Gogh - The Night Caf\u00e9","og_description":"100% ro\u010dno naslikane slike na platnu, reprodukcije znanih slikarjev in umetni\u0161ke slike po naro\u010dilu.","og_url":"https:\/\/svetslik.si\/it\/vincent-van-gogh\/the-night-cafe\/","og_site_name":"SVETSLIK.SI","article_publisher":"https:\/\/www.facebook.com\/svetslik.si","article_modified_time":"2026-03-22T20:43:45+00:00","og_image":[{"width":1800,"height":1424,"url":"https:\/\/svetslik.si\/wp-content\/uploads\/2021\/08\/image_The-Night-Cafe-Van-Gogh_680.jpg","type":"image\/jpeg"}],"twitter_card":"summary_large_image","twitter_site":"@svetslik","twitter_misc":{"Disponibilit\u00e0":"Su ordinazione"},"schema":{"@context":"https:\/\/schema.org","@graph":[{"@type":["WebPage","ItemPage"],"@id":"https:\/\/svetslik.si\/it\/vincent-van-gogh\/the-night-cafe\/","url":"https:\/\/svetslik.si\/it\/vincent-van-gogh\/the-night-cafe\/","name":"Vincent van Gogh - The Night Caf\u00e9 - SVETSLIK.SI - Dipinti a mano al 100%","isPartOf":{"@id":"https:\/\/svetslik.si\/it\/#website"},"primaryImageOfPage":{"@id":"https:\/\/svetslik.si\/it\/vincent-van-gogh\/the-night-cafe\/#primaryimage"},"image":{"@id":"https:\/\/svetslik.si\/it\/vincent-van-gogh\/the-night-cafe\/#primaryimage"},"thumbnailUrl":"https:\/\/svetslik.si\/wp-content\/uploads\/2021\/08\/image_The-Night-Cafe-Van-Gogh_680.jpg","datePublished":"2021-09-02T16:06:22+00:00","dateModified":"2026-03-22T20:43:45+00:00","description":"Vincent van Gogh - The Night Caf\u00e9 - Riproduzioni di quadri d'arte dipinte a mano al 100% su tela. Cornici per quadri, vendita e produzione di dimensioni su ordinazione.","breadcrumb":{"@id":"https:\/\/svetslik.si\/it\/vincent-van-gogh\/the-night-cafe\/#breadcrumb"},"inLanguage":"it-IT","potentialAction":[{"@type":"ReadAction","target":["https:\/\/svetslik.si\/it\/vincent-van-gogh\/the-night-cafe\/"]}]},{"@type":"ImageObject","inLanguage":"it-IT","@id":"https:\/\/svetslik.si\/it\/vincent-van-gogh\/the-night-cafe\/#primaryimage","url":"https:\/\/svetslik.si\/wp-content\/uploads\/2021\/08\/image_The-Night-Cafe-Van-Gogh_680.jpg","contentUrl":"https:\/\/svetslik.si\/wp-content\/uploads\/2021\/08\/image_The-Night-Cafe-Van-Gogh_680.jpg","width":1800,"height":1424,"caption":"Vincent Van Gogh - Il caff\u00e8 di notte (The Night Caf\u00e9). Riproduzioni dipinte a mano di famosi pittori, quadri moderni da parete, quadri artistici per la parete"},{"@type":"BreadcrumbList","@id":"https:\/\/svetslik.si\/it\/vincent-van-gogh\/the-night-cafe\/#breadcrumb","itemListElement":[{"@type":"ListItem","position":1,"name":"Fali m\u0171v\u00e9szet \u00e9s festm\u00e9nyek v\u00e1szonra","item":"https:\/\/svetslik.si\/it\/"},{"@type":"ListItem","position":2,"name":"Vendita di dipinti","item":"https:\/\/svetslik.si\/prodaja-slik\/"},{"@type":"ListItem","position":3,"name":"Vincent van Gogh &#8211; The Night Caf\u00e9"}]},{"@type":"WebSite","@id":"https:\/\/svetslik.si\/it\/#website","url":"https:\/\/svetslik.si\/it\/","name":"SVETSLIK.SI","description":"100% riproduzioni dipinte a mano di quadri di pittori famosi e dipinti su tela.","publisher":{"@id":"https:\/\/svetslik.si\/it\/#organization"},"potentialAction":[{"@type":"SearchAction","target":{"@type":"EntryPoint","urlTemplate":"https:\/\/svetslik.si\/it\/?s={search_term_string}"},"query-input":{"@type":"PropertyValueSpecification","valueRequired":true,"valueName":"search_term_string"}}],"inLanguage":"it-IT"},{"@type":"Organization","@id":"https:\/\/svetslik.si\/it\/#organization","name":"SvetSlik.si","url":"https:\/\/svetslik.si\/it\/","logo":{"@type":"ImageObject","inLanguage":"it-IT","@id":"https:\/\/svetslik.si\/it\/#\/schema\/logo\/image\/","url":"https:\/\/svetslik.si\/wp-content\/uploads\/2020\/12\/logo-512.png","contentUrl":"https:\/\/svetslik.si\/wp-content\/uploads\/2020\/12\/logo-512.png","width":512,"height":512,"caption":"SvetSlik.si"},"image":{"@id":"https:\/\/svetslik.si\/it\/#\/schema\/logo\/image\/"},"sameAs":["https:\/\/www.facebook.com\/svetslik.si","https:\/\/x.com\/svetslik","https:\/\/www.instagram.com\/svetslik.si\/","https:\/\/www.linkedin.com\/company\/svetslik-si"]}]},"og_availability":"backorder","product_availability":"available for order","product_retailer_item_id":"407__","product_condition":"new"},"jetpack_sharing_enabled":true,"_links":{"self":[{"href":"https:\/\/svetslik.si\/it\/wp-json\/wp\/v2\/product\/39960","targetHints":{"allow":["GET"]}}],"collection":[{"href":"https:\/\/svetslik.si\/it\/wp-json\/wp\/v2\/product"}],"about":[{"href":"https:\/\/svetslik.si\/it\/wp-json\/wp\/v2\/types\/product"}],"wp:featuredmedia":[{"embeddable":true,"href":"https:\/\/svetslik.si\/it\/wp-json\/wp\/v2\/media\/35740"}],"wp:attachment":[{"href":"https:\/\/svetslik.si\/it\/wp-json\/wp\/v2\/media?parent=39960"}],"wp:term":[{"taxonomy":"product_brand","embeddable":true,"href":"https:\/\/svetslik.si\/it\/wp-json\/wp\/v2\/product_brand?post=39960"},{"taxonomy":"product_cat","embeddable":true,"href":"https:\/\/svetslik.si\/it\/wp-json\/wp\/v2\/product_cat?post=39960"},{"taxonomy":"product_tag","embeddable":true,"href":"https:\/\/svetslik.si\/it\/wp-json\/wp\/v2\/product_tag?post=39960"}],"curies":[{"name":"wp","href":"https:\/\/api.w.org\/{rel}","templated":true}]}}