{"id":40005,"date":"2021-09-02T18:06:53","date_gmt":"2021-09-02T16:06:53","guid":{"rendered":"https:\/\/svetslik.si\/senza-categoria\/bridges-across-the-seine-at-asnieres\/"},"modified":"2026-03-22T21:45:11","modified_gmt":"2026-03-22T20:45:11","slug":"bridges-across-the-seine-at-asnieres","status":"publish","type":"product","link":"https:\/\/svetslik.si\/it\/vincent-van-gogh\/bridges-across-the-seine-at-asnieres\/","title":{"rendered":"Vincent van Gogh &#8211; Bridges across the Seine at Asnieres"},"content":{"rendered":"<h1>Vincent Van Gogh &#8211; Ponti sulla Senna ad Asni\u00e8res<\/h1>\n<p>&nbsp;<\/p>\n<table border=\"0\" width=\"497\" cellspacing=\"0\" cellpadding=\"0\">\n<tr>\n<td height=\"21\">Anno di creazione:<\/td>\n<td style=\"width: 343px\">1887<\/td>\n<\/tr>\n<tr>\n<td height=\"21\">Dimensione originale:<\/td>\n<td style=\"width: 343px\">65 cm x 52,5 cm<\/td>\n<\/tr>\n<tr>\n<td height=\"21\">Stile colore:<\/td>\n<td style=\"width: 343px\">Post impressionismo<\/td>\n<\/tr>\n<tr>\n<td height=\"21\">Tecnica originale:<\/td>\n<td style=\"width: 343px\">Olio su tela<\/td>\n<\/tr>\n<tr>\n<td height=\"21\">Situato:<\/td>\n<td style=\"width: 343px\">Collezione della Fondazione E. G. B\u00fchrle, Zurigo<\/td>\n<\/tr>\n<\/tbody>\n<colgroup>\n<col \/>\n<col \/> <\/colgroup>\n<\/table>\n<p>&nbsp;<\/p>\n<div>Asni\u00e8res era una zona di Parigi che molti artisti impressionisti visitarono e dipinsero. Ponti sulla Senna, barche da pesca lungo le rive del fiume e viali alberati e caff\u00e8 lungo di esso erano soggetti ideali per gli impressionisti.<\/div>\n<div>Van Gogh dipinse anche diversi quadri in questa zona di Parigi. Nel dipinto <em>Ponti sulla Senna ad Asnieres<\/em>, ha raffigurato una delle vedute pi\u00f9 famose del fiume: il punto da cui si possono vedere diversi ponti costruiti sulla Senna.<\/div>\n<div><\/div>\n<div>\n<p>&#8220;Ponti sulla Senna ad Asnieres&#8221;, dipinto nel 1887 dall&#8217;artista olandese Vincent van Gogh, \u00e8 un dipinto accattivante ed emozionante che raffigura la passione dell&#8217;artista per i paesaggi urbani e la condizione umana. L&#8217;immagine mostra diversi ponti sulla Senna nella citt\u00e0 di Asni\u00e8res, con alti edifici industriali che si ergono sullo sfondo e sopra di essi un vivido cielo blu. Il dipinto \u00e8 ampiamente riconosciuto per le sue pennellate audaci, l&#8217;emotivit\u00e0 e il forte simbolismo.<\/p>\n<p>&#8220;Ponti sulla Senna ad Asnieres&#8221; \u00e8 un eccellente esempio dello stile post-impressionista di Van Gogh, caratterizzato da pennellate spesse e visibili, colori vivaci e contrasti audaci. Pennellate audaci e colori vivaci nel dipinto creano un senso di movimento ed energia, mentre il cielo blu crea un senso di pace e tranquillit\u00e0. Ponti ed edifici alti creano un senso di mistero e intrigo.<\/p>\n<p>Una delle caratteristiche pi\u00f9 sorprendenti del dipinto &#8220;Ponti sulla Senna ad Asnieres&#8221; \u00e8 l&#8217;uso del colore. L&#8217;uso di Van Gogh di colori audaci e contrastanti crea un senso di movimento ed energia nel dipinto, e il cielo blu \u00e8 raffigurato in una moltitudine di blu, creando un senso di profondit\u00e0 e dimensione. Edifici e ponti sono raffigurati nei toni del blu e del grigio, creando un senso di radicamento e stabilit\u00e0. Notevoli anche le pennellate, con tratti spessi e visibili che danno al dipinto un senso di movimento ed energia.<\/p>\n<p>Anche il simbolismo del dipinto \u00e8 ricco. Ponti ed edifici alti simboleggiano l&#8217;idea di connessione e la lotta della vita cittadina. Si ritiene inoltre che il dipinto mostri lo stato emotivo di Van Gogh in quel momento. Creato mentre Van Gogh viveva a Parigi, in Francia, si ritiene che il dipinto rifletta i sentimenti di desiderio e legame dell&#8217;artista con la citt\u00e0.<\/p>\n<p>&#8220;Ponti sulla Senna ad Asnieres&#8221; \u00e8 considerata una delle opere pi\u00f9 iconiche e potenti di Van Gogh. Il dipinto si trova nel Van Gogh Museum di Amsterdam, Paesi Bassi. \u00c8 un&#8217;importante opera post-impressionista che \u00e8 ancora ammirata e studiata da appassionati ed esperti d&#8217;arte. Le potenti immagini, l&#8217;emotivit\u00e0 e il ricco simbolismo rendono il dipinto un must per qualsiasi amante dell&#8217;arte o chiunque sia interessato al lavoro di Vincent van Gogh.<\/p>\n<p>Oltre al suo valore artistico, il dipinto &#8220;Ponti sulla Senna ad Asnieres&#8221; ha anche un importante valore storico, in quanto \u00e8 stato uno dei primi dipinti di van Gogh in cui ha raffigurato il paesaggio urbano e la vita dei cittadini. L&#8217;ambiente industriale e in rapida evoluzione di Parigi lo ha fortemente ispirato, il che \u00e8 evidente nelle forti immagini ed emotivit\u00e0 del dipinto.<\/p>\n<p>Inoltre, il dipinto riflette anche il desiderio di Van Gogh di entrare in contatto con la comunit\u00e0 locale e diventare parte della sua vita quotidiana. Era determinato a creare arte che riflettesse la vita dei cittadini e il dipinto \u00e8 una testimonianza dei suoi sforzi.<\/p>\n<p>In conclusione, possiamo dire che &#8220;Ponti sulla Senna ad Asnieres&#8221; \u00e8 un dipinto affascinante ed emozionante che mostra le pennellate audaci, l&#8217;emotivit\u00e0 e il forte simbolismo caratteristici dello stile post-impressionista di Vincent van Gogh. L&#8217;uso di colori e pennellate nel dipinto crea un senso di movimento ed energia, mentre i ponti e gli edifici alti simboleggiano l&#8217;idea di connessione e la lotta della vita cittadina. Il dipinto \u00e8 considerato una delle opere pi\u00f9 iconiche e potenti di Van Gogh. Si trova nel Van Gogh Museum di Amsterdam, nei Paesi Bassi. \u00c8 ancora ammirato e studiato da appassionati ed esperti d&#8217;arte. Le potenti immagini, l&#8217;emotivit\u00e0 e il ricco simbolismo rendono il dipinto un must per qualsiasi amante dell&#8217;arte o chiunque sia interessato al lavoro di Vincent van Gogh.<\/p>\n<\/div>\n<div><\/div>\n","protected":false},"excerpt":{"rendered":"<p>Vincent Van Gogh &#8211; Ponti sulla Senna ad Asni\u00e8res &nbsp; Anno di creazione: 1887 Dimensione originale: 65 cm x 52,5 cm Stile colore: Post impressionismo Tecnica originale: Olio su tela Situato: Collezione della Fondazione E. G. B\u00fchrle, Zurigo &nbsp; Asni\u00e8res era una zona di Parigi che molti artisti impressionisti visitarono [&hellip;]<\/p>\n","protected":false},"featured_media":34968,"template":"","meta":{"_acf_changed":false},"product_brand":[],"product_cat":[4189],"product_tag":[4245,4246,4253,4265],"class_list":{"0":"post-40005","1":"product","2":"type-product","3":"status-publish","4":"has-post-thumbnail","6":"product_cat-vincent-van-gogh","7":"product_tag-riproduzione","8":"product_tag-riproduzione-it","9":"product_tag-un-pittore","10":"product_tag-van-gogh-it","11":"pa_dimenzija-100-x-80-cm-it","12":"pa_dimenzija-120-x-100-cm-it","13":"pa_dimenzija-150-x-120-cm-it","14":"pa_dimenzija-40-x-30-cm-it","15":"pa_dimenzija-50-x-40-cm-it","16":"pa_dimenzija-65-x-53-cm-it","17":"pa_dimenzija-80-x-65-cm-it","18":"pa_dimenzija-90-x-70-cm-it","19":"pa_oblika-orizzontale","20":"pa_okvir-sensa-cornice","21":"pa_podokvir-no","22":"pa_podokvir-si","24":"first","25":"onbackorder","26":"purchasable","27":"product-type-variable","28":"has-default-attributes"},"acf":[],"yoast_head":"<!-- This site is optimized with the Yoast SEO Premium plugin v26.0 (Yoast SEO v27.2) - https:\/\/yoast.com\/product\/yoast-seo-premium-wordpress\/ -->\n<title>Vincent van Gogh - Bridges across the Seine at Asnieres - SVETSLIK.SI - Dipinti a mano al 100%<\/title>\n<meta name=\"description\" content=\"Vincent van Gogh - Bridges across the Seine at Asnieres - Riproduzioni di quadri d&#039;arte dipinte a mano al 100% su tela. Cornici per quadri, vendita e produzione di dimensioni su ordinazione.\" \/>\n<meta name=\"robots\" content=\"index, follow, max-snippet:-1, max-image-preview:large, max-video-preview:-1\" \/>\n<link rel=\"canonical\" href=\"https:\/\/svetslik.si\/it\/vincent-van-gogh\/bridges-across-the-seine-at-asnieres\/\" \/>\n<meta property=\"og:locale\" content=\"it_IT\" \/>\n<meta property=\"og:type\" content=\"article\" \/>\n<meta property=\"og:title\" content=\"Vincent van Gogh - Bridges across the Seine at Asnieres\" \/>\n<meta property=\"og:description\" content=\"100% ro\u010dno naslikane slike na platnu, reprodukcije znanih slikarjev in umetni\u0161ke slike po naro\u010dilu.\" \/>\n<meta property=\"og:url\" content=\"https:\/\/svetslik.si\/it\/vincent-van-gogh\/bridges-across-the-seine-at-asnieres\/\" \/>\n<meta property=\"og:site_name\" content=\"SVETSLIK.SI\" \/>\n<meta property=\"article:publisher\" content=\"https:\/\/www.facebook.com\/svetslik.si\" \/>\n<meta property=\"article:modified_time\" content=\"2026-03-22T20:45:11+00:00\" \/>\n<meta property=\"og:image\" content=\"https:\/\/svetslik.si\/wp-content\/uploads\/2021\/08\/image_Bridges-across-the-Seine-at-Asnieres-van-Gogh_680.jpg\" \/>\n\t<meta property=\"og:image:width\" content=\"2296\" \/>\n\t<meta property=\"og:image:height\" content=\"1800\" \/>\n\t<meta property=\"og:image:type\" content=\"image\/jpeg\" \/>\n<meta name=\"twitter:card\" content=\"summary_large_image\" \/>\n<meta name=\"twitter:site\" content=\"@svetslik\" \/>\n<meta name=\"twitter:label1\" content=\"Disponibilit\u00e0\" \/>\n\t<meta name=\"twitter:data1\" content=\"Su ordinazione\" \/>\n<script type=\"application\/ld+json\" class=\"yoast-schema-graph\">{\"@context\":\"https:\/\/schema.org\",\"@graph\":[{\"@type\":[\"WebPage\",\"ItemPage\"],\"@id\":\"https:\/\/svetslik.si\/it\/vincent-van-gogh\/bridges-across-the-seine-at-asnieres\/\",\"url\":\"https:\/\/svetslik.si\/it\/vincent-van-gogh\/bridges-across-the-seine-at-asnieres\/\",\"name\":\"Vincent van Gogh - Bridges across the Seine at Asnieres - SVETSLIK.SI - Dipinti a mano al 100%\",\"isPartOf\":{\"@id\":\"https:\/\/svetslik.si\/it\/#website\"},\"primaryImageOfPage\":{\"@id\":\"https:\/\/svetslik.si\/it\/vincent-van-gogh\/bridges-across-the-seine-at-asnieres\/#primaryimage\"},\"image\":{\"@id\":\"https:\/\/svetslik.si\/it\/vincent-van-gogh\/bridges-across-the-seine-at-asnieres\/#primaryimage\"},\"thumbnailUrl\":\"https:\/\/svetslik.si\/wp-content\/uploads\/2021\/08\/image_Bridges-across-the-Seine-at-Asnieres-van-Gogh_680.jpg\",\"datePublished\":\"2021-09-02T16:06:53+00:00\",\"dateModified\":\"2026-03-22T20:45:11+00:00\",\"description\":\"Vincent van Gogh - Bridges across the Seine at Asnieres - Riproduzioni di quadri d'arte dipinte a mano al 100% su tela. Cornici per quadri, vendita e produzione di dimensioni su ordinazione.\",\"breadcrumb\":{\"@id\":\"https:\/\/svetslik.si\/it\/vincent-van-gogh\/bridges-across-the-seine-at-asnieres\/#breadcrumb\"},\"inLanguage\":\"it-IT\",\"potentialAction\":[{\"@type\":\"ReadAction\",\"target\":[\"https:\/\/svetslik.si\/it\/vincent-van-gogh\/bridges-across-the-seine-at-asnieres\/\"]}]},{\"@type\":\"ImageObject\",\"inLanguage\":\"it-IT\",\"@id\":\"https:\/\/svetslik.si\/it\/vincent-van-gogh\/bridges-across-the-seine-at-asnieres\/#primaryimage\",\"url\":\"https:\/\/svetslik.si\/wp-content\/uploads\/2021\/08\/image_Bridges-across-the-Seine-at-Asnieres-van-Gogh_680.jpg\",\"contentUrl\":\"https:\/\/svetslik.si\/wp-content\/uploads\/2021\/08\/image_Bridges-across-the-Seine-at-Asnieres-van-Gogh_680.jpg\",\"width\":2296,\"height\":1800,\"caption\":\"Vincent Van Gogh - Ponti sulla Senna ad Asni\u00e8res - Quadro dipinto a mano\"},{\"@type\":\"BreadcrumbList\",\"@id\":\"https:\/\/svetslik.si\/it\/vincent-van-gogh\/bridges-across-the-seine-at-asnieres\/#breadcrumb\",\"itemListElement\":[{\"@type\":\"ListItem\",\"position\":1,\"name\":\"Fali m\u0171v\u00e9szet \u00e9s festm\u00e9nyek v\u00e1szonra\",\"item\":\"https:\/\/svetslik.si\/it\/\"},{\"@type\":\"ListItem\",\"position\":2,\"name\":\"Vendita di dipinti\",\"item\":\"https:\/\/svetslik.si\/prodaja-slik\/\"},{\"@type\":\"ListItem\",\"position\":3,\"name\":\"Vincent van Gogh &#8211; Bridges across the Seine at Asnieres\"}]},{\"@type\":\"WebSite\",\"@id\":\"https:\/\/svetslik.si\/it\/#website\",\"url\":\"https:\/\/svetslik.si\/it\/\",\"name\":\"SVETSLIK.SI\",\"description\":\"100% riproduzioni dipinte a mano di quadri di pittori famosi e dipinti su tela.\",\"publisher\":{\"@id\":\"https:\/\/svetslik.si\/it\/#organization\"},\"potentialAction\":[{\"@type\":\"SearchAction\",\"target\":{\"@type\":\"EntryPoint\",\"urlTemplate\":\"https:\/\/svetslik.si\/it\/?s={search_term_string}\"},\"query-input\":{\"@type\":\"PropertyValueSpecification\",\"valueRequired\":true,\"valueName\":\"search_term_string\"}}],\"inLanguage\":\"it-IT\"},{\"@type\":\"Organization\",\"@id\":\"https:\/\/svetslik.si\/it\/#organization\",\"name\":\"SvetSlik.si\",\"url\":\"https:\/\/svetslik.si\/it\/\",\"logo\":{\"@type\":\"ImageObject\",\"inLanguage\":\"it-IT\",\"@id\":\"https:\/\/svetslik.si\/it\/#\/schema\/logo\/image\/\",\"url\":\"https:\/\/svetslik.si\/wp-content\/uploads\/2020\/12\/logo-512.png\",\"contentUrl\":\"https:\/\/svetslik.si\/wp-content\/uploads\/2020\/12\/logo-512.png\",\"width\":512,\"height\":512,\"caption\":\"SvetSlik.si\"},\"image\":{\"@id\":\"https:\/\/svetslik.si\/it\/#\/schema\/logo\/image\/\"},\"sameAs\":[\"https:\/\/www.facebook.com\/svetslik.si\",\"https:\/\/x.com\/svetslik\",\"https:\/\/www.instagram.com\/svetslik.si\/\",\"https:\/\/www.linkedin.com\/company\/svetslik-si\"]}]}<\/script>\n<meta property=\"og:availability\" content=\"backorder\" \/>\n<meta property=\"product:availability\" content=\"available for order\" \/>\n<meta property=\"product:retailer_item_id\" content=\"414__\" \/>\n<meta property=\"product:condition\" content=\"new\" \/>\n<!-- \/ Yoast SEO Premium plugin. -->","yoast_head_json":{"title":"Vincent van Gogh - Bridges across the Seine at Asnieres - SVETSLIK.SI - Dipinti a mano al 100%","description":"Vincent van Gogh - Bridges across the Seine at Asnieres - Riproduzioni di quadri d'arte dipinte a mano al 100% su tela. Cornici per quadri, vendita e produzione di dimensioni su ordinazione.","robots":{"index":"index","follow":"follow","max-snippet":"max-snippet:-1","max-image-preview":"max-image-preview:large","max-video-preview":"max-video-preview:-1"},"canonical":"https:\/\/svetslik.si\/it\/vincent-van-gogh\/bridges-across-the-seine-at-asnieres\/","og_locale":"it_IT","og_type":"article","og_title":"Vincent van Gogh - Bridges across the Seine at Asnieres","og_description":"100% ro\u010dno naslikane slike na platnu, reprodukcije znanih slikarjev in umetni\u0161ke slike po naro\u010dilu.","og_url":"https:\/\/svetslik.si\/it\/vincent-van-gogh\/bridges-across-the-seine-at-asnieres\/","og_site_name":"SVETSLIK.SI","article_publisher":"https:\/\/www.facebook.com\/svetslik.si","article_modified_time":"2026-03-22T20:45:11+00:00","og_image":[{"width":2296,"height":1800,"url":"https:\/\/svetslik.si\/wp-content\/uploads\/2021\/08\/image_Bridges-across-the-Seine-at-Asnieres-van-Gogh_680.jpg","type":"image\/jpeg"}],"twitter_card":"summary_large_image","twitter_site":"@svetslik","twitter_misc":{"Disponibilit\u00e0":"Su ordinazione"},"schema":{"@context":"https:\/\/schema.org","@graph":[{"@type":["WebPage","ItemPage"],"@id":"https:\/\/svetslik.si\/it\/vincent-van-gogh\/bridges-across-the-seine-at-asnieres\/","url":"https:\/\/svetslik.si\/it\/vincent-van-gogh\/bridges-across-the-seine-at-asnieres\/","name":"Vincent van Gogh - Bridges across the Seine at Asnieres - SVETSLIK.SI - Dipinti a mano al 100%","isPartOf":{"@id":"https:\/\/svetslik.si\/it\/#website"},"primaryImageOfPage":{"@id":"https:\/\/svetslik.si\/it\/vincent-van-gogh\/bridges-across-the-seine-at-asnieres\/#primaryimage"},"image":{"@id":"https:\/\/svetslik.si\/it\/vincent-van-gogh\/bridges-across-the-seine-at-asnieres\/#primaryimage"},"thumbnailUrl":"https:\/\/svetslik.si\/wp-content\/uploads\/2021\/08\/image_Bridges-across-the-Seine-at-Asnieres-van-Gogh_680.jpg","datePublished":"2021-09-02T16:06:53+00:00","dateModified":"2026-03-22T20:45:11+00:00","description":"Vincent van Gogh - Bridges across the Seine at Asnieres - Riproduzioni di quadri d'arte dipinte a mano al 100% su tela. Cornici per quadri, vendita e produzione di dimensioni su ordinazione.","breadcrumb":{"@id":"https:\/\/svetslik.si\/it\/vincent-van-gogh\/bridges-across-the-seine-at-asnieres\/#breadcrumb"},"inLanguage":"it-IT","potentialAction":[{"@type":"ReadAction","target":["https:\/\/svetslik.si\/it\/vincent-van-gogh\/bridges-across-the-seine-at-asnieres\/"]}]},{"@type":"ImageObject","inLanguage":"it-IT","@id":"https:\/\/svetslik.si\/it\/vincent-van-gogh\/bridges-across-the-seine-at-asnieres\/#primaryimage","url":"https:\/\/svetslik.si\/wp-content\/uploads\/2021\/08\/image_Bridges-across-the-Seine-at-Asnieres-van-Gogh_680.jpg","contentUrl":"https:\/\/svetslik.si\/wp-content\/uploads\/2021\/08\/image_Bridges-across-the-Seine-at-Asnieres-van-Gogh_680.jpg","width":2296,"height":1800,"caption":"Vincent Van Gogh - Ponti sulla Senna ad Asni\u00e8res - Quadro dipinto a mano"},{"@type":"BreadcrumbList","@id":"https:\/\/svetslik.si\/it\/vincent-van-gogh\/bridges-across-the-seine-at-asnieres\/#breadcrumb","itemListElement":[{"@type":"ListItem","position":1,"name":"Fali m\u0171v\u00e9szet \u00e9s festm\u00e9nyek v\u00e1szonra","item":"https:\/\/svetslik.si\/it\/"},{"@type":"ListItem","position":2,"name":"Vendita di dipinti","item":"https:\/\/svetslik.si\/prodaja-slik\/"},{"@type":"ListItem","position":3,"name":"Vincent van Gogh &#8211; Bridges across the Seine at Asnieres"}]},{"@type":"WebSite","@id":"https:\/\/svetslik.si\/it\/#website","url":"https:\/\/svetslik.si\/it\/","name":"SVETSLIK.SI","description":"100% riproduzioni dipinte a mano di quadri di pittori famosi e dipinti su tela.","publisher":{"@id":"https:\/\/svetslik.si\/it\/#organization"},"potentialAction":[{"@type":"SearchAction","target":{"@type":"EntryPoint","urlTemplate":"https:\/\/svetslik.si\/it\/?s={search_term_string}"},"query-input":{"@type":"PropertyValueSpecification","valueRequired":true,"valueName":"search_term_string"}}],"inLanguage":"it-IT"},{"@type":"Organization","@id":"https:\/\/svetslik.si\/it\/#organization","name":"SvetSlik.si","url":"https:\/\/svetslik.si\/it\/","logo":{"@type":"ImageObject","inLanguage":"it-IT","@id":"https:\/\/svetslik.si\/it\/#\/schema\/logo\/image\/","url":"https:\/\/svetslik.si\/wp-content\/uploads\/2020\/12\/logo-512.png","contentUrl":"https:\/\/svetslik.si\/wp-content\/uploads\/2020\/12\/logo-512.png","width":512,"height":512,"caption":"SvetSlik.si"},"image":{"@id":"https:\/\/svetslik.si\/it\/#\/schema\/logo\/image\/"},"sameAs":["https:\/\/www.facebook.com\/svetslik.si","https:\/\/x.com\/svetslik","https:\/\/www.instagram.com\/svetslik.si\/","https:\/\/www.linkedin.com\/company\/svetslik-si"]}]},"og_availability":"backorder","product_availability":"available for order","product_retailer_item_id":"414__","product_condition":"new"},"jetpack_sharing_enabled":true,"_links":{"self":[{"href":"https:\/\/svetslik.si\/it\/wp-json\/wp\/v2\/product\/40005","targetHints":{"allow":["GET"]}}],"collection":[{"href":"https:\/\/svetslik.si\/it\/wp-json\/wp\/v2\/product"}],"about":[{"href":"https:\/\/svetslik.si\/it\/wp-json\/wp\/v2\/types\/product"}],"wp:featuredmedia":[{"embeddable":true,"href":"https:\/\/svetslik.si\/it\/wp-json\/wp\/v2\/media\/34968"}],"wp:attachment":[{"href":"https:\/\/svetslik.si\/it\/wp-json\/wp\/v2\/media?parent=40005"}],"wp:term":[{"taxonomy":"product_brand","embeddable":true,"href":"https:\/\/svetslik.si\/it\/wp-json\/wp\/v2\/product_brand?post=40005"},{"taxonomy":"product_cat","embeddable":true,"href":"https:\/\/svetslik.si\/it\/wp-json\/wp\/v2\/product_cat?post=40005"},{"taxonomy":"product_tag","embeddable":true,"href":"https:\/\/svetslik.si\/it\/wp-json\/wp\/v2\/product_tag?post=40005"}],"curies":[{"name":"wp","href":"https:\/\/api.w.org\/{rel}","templated":true}]}}