{"id":40014,"date":"2021-09-02T18:07:09","date_gmt":"2021-09-02T16:07:09","guid":{"rendered":"https:\/\/svetslik.si\/senza-categoria\/fishing-boats-on-the-beach-at-les-saintes-maries-de-la-mer\/"},"modified":"2026-03-22T21:45:11","modified_gmt":"2026-03-22T20:45:11","slug":"fishing-boats-on-the-beach-at-les-saintes-maries-de-la-mer","status":"publish","type":"product","link":"https:\/\/svetslik.si\/it\/vincent-van-gogh\/fishing-boats-on-the-beach-at-les-saintes-maries-de-la-mer\/","title":{"rendered":"Vincent van Gogh &#8211; Fishing Boats on the Beach at Les Saintes-Maries-de-la-Mer"},"content":{"rendered":"<h1>Vincent Van Gogh &#8211; Barche da pesca sulla spiaggia di Les Saintes-Maries-de-la-Mer<\/h1>\n<p>&nbsp;<\/p>\n<table border=\"0\" width=\"497\" cellspacing=\"0\" cellpadding=\"0\">\n<tr>\n<td height=\"21\">Anno di creazione:<\/td>\n<td style=\"width: 343px\">1888<\/td>\n<\/tr>\n<tr>\n<td height=\"21\">Dimensione originale:<\/td>\n<td style=\"width: 343px\">81,5 cm x 65 cm<\/td>\n<\/tr>\n<tr>\n<td height=\"21\">Stile colore:<\/td>\n<td style=\"width: 343px\">Post impressionismo<\/td>\n<\/tr>\n<tr>\n<td height=\"21\">Tecnica originale:<\/td>\n<td style=\"width: 343px\">Olio su tela<\/td>\n<\/tr>\n<tr>\n<td height=\"21\">Situato:<\/td>\n<td style=\"width: 343px\">Museo Van Gogh, Paesi Bassi<\/td>\n<\/tr>\n<\/tbody>\n<colgroup>\n<col \/>\n<col \/> <\/colgroup>\n<\/table>\n<p>Alla fine di maggio 1888, Van Gogh lasci\u00f2 Arles e visit\u00f2 per una settimana la localit\u00e0 balneare di Les Saintes-Maries-de-la-Mer. Era affascinato dai colori del Mar Mediterraneo e dalle piccole navi verdi, rosse e blu che sembravano fiori per le loro forme e colori.<\/p>\n<p>Il dipinto &#8220;Barche da pesca sulla spiaggia di Les Saintes-Maries-de-la-Mer&#8221;, dipinto nel 1888 dall&#8217;artista olandese Vincent van Gogh, \u00e8 un dipinto affascinante ed emozionante che mostra la passione dell&#8217;artista per la natura e il mare. Il dipinto mostra diverse barche da pesca portate sulla riva di una spiaggia, con alte scogliere scure che si ergono dietro di loro e un vivido cielo blu sopra di loro. Il dipinto \u00e8 ampiamente riconosciuto per le sue pennellate audaci, l&#8217;emotivit\u00e0 e il forte simbolismo.<\/p>\n<p>Barche da pesca sulla spiaggia a Les Saintes-Maries-de-la-Mer \u00e8 un eccellente esempio dello stile post-impressionista di Van Gogh, caratterizzato da pennellate dense e visibili, colori accesi e contrasti audaci. Pennellate audaci e colori vivaci nel dipinto creano un senso di movimento ed energia, mentre il cielo blu crea un senso di pace e tranquillit\u00e0. Barche da pesca e scogliere creano un senso di mistero e intrigo.<\/p>\n<p>Una delle caratteristiche pi\u00f9 sorprendenti del libro illustrato &#8220;Barche da pesca sulla spiaggia di Les Saintes-Maries-de-la-Mer&#8221; \u00e8 l&#8217;uso del colore. L&#8217;uso di Van Gogh di colori audaci e contrastanti crea un senso di movimento ed energia nel dipinto, e il cielo blu \u00e8 raffigurato in una moltitudine di blu, creando un senso di profondit\u00e0 e dimensione. Barche e scogliere sono raffigurate nei toni del blu e del grigio, creando un senso di radicamento e stabilit\u00e0. Notevoli anche le pennellate, con tratti spessi e visibili che danno al dipinto un senso di movimento ed energia.<\/p>\n<p>Anche il simbolismo del dipinto \u00e8 ricco. Barche e scogliere simboleggiano l&#8217;idea del duro lavoro e della lotta contro la natura. Si ritiene inoltre che il dipinto mostri lo stato emotivo di Van Gogh in quel momento. Creato mentre Van Gogh viveva ad Arles, in Francia, si ritiene che il dipinto rifletta i sentimenti di desiderio e legame dell&#8217;artista con il mare.<\/p>\n<p>&#8220;Barche da pesca sulla spiaggia di Les Saintes-Maries-de-la-Mer&#8221; \u00e8 considerata una delle opere pi\u00f9 iconiche e potenti di Van Gogh. Il dipinto si trova nel Van Gogh Museum di Amsterdam, Paesi Bassi. \u00c8 un&#8217;importante opera post-impressionista che \u00e8 ancora ammirata e studiata da dilettanti ed esperti. Le potenti immagini, l&#8217;emotivit\u00e0 e il ricco simbolismo rendono il dipinto un must per qualsiasi amante dell&#8217;arte o chiunque sia interessato al lavoro di Vincent van Gogh.<\/p>\n<p>Oltre al suo valore artistico, il dipinto &#8220;Barche da pesca sulla spiaggia di Les Saintes-Maries-de-la-Mer&#8221; ha anche un importante valore storico, in quanto \u00e8 stato uno dei primi dipinti di van Gogh in cui ha raffigurato il mare e la vita dei pescatori. \u00c8 stato fortemente ispirato dall&#8217;ambiente costiero e dalle persone laboriose della regione, che \u00e8 evidente nelle forti immagini ed emotivit\u00e0 del dipinto.<\/p>\n<p>Inoltre, il dipinto riflette anche il desiderio di Van Gogh di connettersi con la comunit\u00e0 locale e far parte della loro vita quotidiana. Era determinato a creare arte che riflettesse la vita dei pescatori e del mare, e il dipinto \u00e8 una testimonianza dei suoi sforzi.<\/p>\n<p>Possiamo concludere che il dipinto &#8220;Barche da pesca sulla spiaggia di Les Saintes-Maries-de-la-Mer&#8221; \u00e8 un dipinto affascinante ed emozionante che mostra le pennellate audaci, l&#8217;emotivit\u00e0 e il forte simbolismo caratteristici dello stile post-impressionista di Vincent van Gogh. L&#8217;uso di colori e pennellate nel dipinto crea un senso di movimento ed energia, mentre le barche da pesca e le scogliere simboleggiano l&#8217;idea del duro lavoro e della lotta con la natura. Il dipinto \u00e8 considerato una delle opere pi\u00f9 iconiche e potenti di Van Gogh. Si trova nel Van Gogh Museum di Amsterdam, nei Paesi Bassi. \u00c8 ancora ammirato e studiato da appassionati ed esperti d&#8217;arte. Le potenti immagini, l&#8217;emotivit\u00e0 e il ricco simbolismo rendono il dipinto un must per qualsiasi amante dell&#8217;arte o chiunque sia interessato al lavoro di Vincent van Gogh.<\/p>\n","protected":false},"excerpt":{"rendered":"<p>Vincent Van Gogh &#8211; Barche da pesca sulla spiaggia di Les Saintes-Maries-de-la-Mer &nbsp; Anno di creazione: 1888 Dimensione originale: 81,5 cm x 65 cm Stile colore: Post impressionismo Tecnica originale: Olio su tela Situato: Museo Van Gogh, Paesi Bassi Alla fine di maggio 1888, Van Gogh lasci\u00f2 Arles e visit\u00f2 [&hellip;]<\/p>\n","protected":false},"featured_media":35164,"template":"","meta":{"_acf_changed":false},"product_brand":[],"product_cat":[4189],"product_tag":[4245,4246,4253,4265],"class_list":{"0":"post-40014","1":"product","2":"type-product","3":"status-publish","4":"has-post-thumbnail","6":"product_cat-vincent-van-gogh","7":"product_tag-riproduzione","8":"product_tag-riproduzione-it","9":"product_tag-un-pittore","10":"product_tag-van-gogh-it","11":"pa_dimenzija-100-x-80-cm","12":"pa_dimenzija-120-x-100-cm","13":"pa_dimenzija-150-x-120-cm","14":"pa_dimenzija-50-x-40-cm","15":"pa_dimenzija-60-x-50-cm","16":"pa_dimenzija-70-x-60-cm","17":"pa_dimenzija-82-x-65-cm","18":"pa_dimenzija-90-x-70-cm","19":"pa_oblika-orizzontale","20":"pa_okvir-sensa-cornice","21":"pa_podokvir-no","22":"pa_podokvir-si","24":"first","25":"onbackorder","26":"purchasable","27":"product-type-variable","28":"has-default-attributes"},"acf":[],"yoast_head":"<!-- This site is optimized with the Yoast SEO Premium plugin v26.0 (Yoast SEO v27.2) - https:\/\/yoast.com\/product\/yoast-seo-premium-wordpress\/ -->\n<title>Vincent van Gogh - Fishing Boats on the Beach at Les Saintes-Maries-de-la-Mer - SVETSLIK.SI - Dipinti a mano al 100%<\/title>\n<meta name=\"description\" content=\"Vincent van Gogh - Fishing Boats on the Beach at Les Saintes-Maries-de-la-Mer - Riproduzioni di quadri d&#039;arte dipinte a mano al 100% su tela. Cornici per quadri, vendita e produzione di dimensioni su ordinazione.\" \/>\n<meta name=\"robots\" content=\"index, follow, max-snippet:-1, max-image-preview:large, max-video-preview:-1\" \/>\n<link rel=\"canonical\" href=\"https:\/\/svetslik.si\/it\/vincent-van-gogh\/fishing-boats-on-the-beach-at-les-saintes-maries-de-la-mer\/\" \/>\n<meta property=\"og:locale\" content=\"it_IT\" \/>\n<meta property=\"og:type\" content=\"article\" \/>\n<meta property=\"og:title\" content=\"Vincent van Gogh - Fishing Boats on the Beach at Les Saintes-Maries-de-la-Mer\" \/>\n<meta property=\"og:description\" content=\"100% ro\u010dno naslikane slike na platnu, reprodukcije znanih slikarjev in umetni\u0161ke slike po naro\u010dilu.\" \/>\n<meta property=\"og:url\" content=\"https:\/\/svetslik.si\/it\/vincent-van-gogh\/fishing-boats-on-the-beach-at-les-saintes-maries-de-la-mer\/\" \/>\n<meta property=\"og:site_name\" content=\"SVETSLIK.SI\" \/>\n<meta property=\"article:publisher\" content=\"https:\/\/www.facebook.com\/svetslik.si\" \/>\n<meta property=\"article:modified_time\" content=\"2026-03-22T20:45:11+00:00\" \/>\n<meta property=\"og:image\" content=\"https:\/\/svetslik.si\/wp-content\/uploads\/2021\/08\/image_Fishing-Boats-on-the-Beach-at-Les-Saintes-Maries-de-la-Mer-Van-Gogh_680.jpg\" \/>\n\t<meta property=\"og:image:width\" content=\"1280\" \/>\n\t<meta property=\"og:image:height\" content=\"1029\" \/>\n\t<meta property=\"og:image:type\" content=\"image\/jpeg\" \/>\n<meta name=\"twitter:card\" content=\"summary_large_image\" \/>\n<meta name=\"twitter:site\" content=\"@svetslik\" \/>\n<meta name=\"twitter:label1\" content=\"Disponibilit\u00e0\" \/>\n\t<meta name=\"twitter:data1\" content=\"Su ordinazione\" \/>\n<script type=\"application\/ld+json\" class=\"yoast-schema-graph\">{\"@context\":\"https:\/\/schema.org\",\"@graph\":[{\"@type\":[\"WebPage\",\"ItemPage\"],\"@id\":\"https:\/\/svetslik.si\/it\/vincent-van-gogh\/fishing-boats-on-the-beach-at-les-saintes-maries-de-la-mer\/\",\"url\":\"https:\/\/svetslik.si\/it\/vincent-van-gogh\/fishing-boats-on-the-beach-at-les-saintes-maries-de-la-mer\/\",\"name\":\"Vincent van Gogh - Fishing Boats on the Beach at Les Saintes-Maries-de-la-Mer - SVETSLIK.SI - Dipinti a mano al 100%\",\"isPartOf\":{\"@id\":\"https:\/\/svetslik.si\/it\/#website\"},\"primaryImageOfPage\":{\"@id\":\"https:\/\/svetslik.si\/it\/vincent-van-gogh\/fishing-boats-on-the-beach-at-les-saintes-maries-de-la-mer\/#primaryimage\"},\"image\":{\"@id\":\"https:\/\/svetslik.si\/it\/vincent-van-gogh\/fishing-boats-on-the-beach-at-les-saintes-maries-de-la-mer\/#primaryimage\"},\"thumbnailUrl\":\"https:\/\/svetslik.si\/wp-content\/uploads\/2021\/08\/image_Fishing-Boats-on-the-Beach-at-Les-Saintes-Maries-de-la-Mer-Van-Gogh_680.jpg\",\"datePublished\":\"2021-09-02T16:07:09+00:00\",\"dateModified\":\"2026-03-22T20:45:11+00:00\",\"description\":\"Vincent van Gogh - Fishing Boats on the Beach at Les Saintes-Maries-de-la-Mer - Riproduzioni di quadri d'arte dipinte a mano al 100% su tela. Cornici per quadri, vendita e produzione di dimensioni su ordinazione.\",\"breadcrumb\":{\"@id\":\"https:\/\/svetslik.si\/it\/vincent-van-gogh\/fishing-boats-on-the-beach-at-les-saintes-maries-de-la-mer\/#breadcrumb\"},\"inLanguage\":\"it-IT\",\"potentialAction\":[{\"@type\":\"ReadAction\",\"target\":[\"https:\/\/svetslik.si\/it\/vincent-van-gogh\/fishing-boats-on-the-beach-at-les-saintes-maries-de-la-mer\/\"]}]},{\"@type\":\"ImageObject\",\"inLanguage\":\"it-IT\",\"@id\":\"https:\/\/svetslik.si\/it\/vincent-van-gogh\/fishing-boats-on-the-beach-at-les-saintes-maries-de-la-mer\/#primaryimage\",\"url\":\"https:\/\/svetslik.si\/wp-content\/uploads\/2021\/08\/image_Fishing-Boats-on-the-Beach-at-Les-Saintes-Maries-de-la-Mer-Van-Gogh_680.jpg\",\"contentUrl\":\"https:\/\/svetslik.si\/wp-content\/uploads\/2021\/08\/image_Fishing-Boats-on-the-Beach-at-Les-Saintes-Maries-de-la-Mer-Van-Gogh_680.jpg\",\"width\":1280,\"height\":1029,\"caption\":\"Riproduzioni di dipinti - Vincent Van Gogh - Barche da pesca sulla spiaggia a Les Saintes-Maries-de-la-Mer - Dipinti a mano per pareti, olio su tela, dipinti ad olio, quadri moderni, quadri d'arte per pareti, ambientali, astratti, quadri decorativi per pareti\"},{\"@type\":\"BreadcrumbList\",\"@id\":\"https:\/\/svetslik.si\/it\/vincent-van-gogh\/fishing-boats-on-the-beach-at-les-saintes-maries-de-la-mer\/#breadcrumb\",\"itemListElement\":[{\"@type\":\"ListItem\",\"position\":1,\"name\":\"Fali m\u0171v\u00e9szet \u00e9s festm\u00e9nyek v\u00e1szonra\",\"item\":\"https:\/\/svetslik.si\/it\/\"},{\"@type\":\"ListItem\",\"position\":2,\"name\":\"Vendita di dipinti\",\"item\":\"https:\/\/svetslik.si\/prodaja-slik\/\"},{\"@type\":\"ListItem\",\"position\":3,\"name\":\"Vincent van Gogh &#8211; Fishing Boats on the Beach at Les Saintes-Maries-de-la-Mer\"}]},{\"@type\":\"WebSite\",\"@id\":\"https:\/\/svetslik.si\/it\/#website\",\"url\":\"https:\/\/svetslik.si\/it\/\",\"name\":\"SVETSLIK.SI\",\"description\":\"100% riproduzioni dipinte a mano di quadri di pittori famosi e dipinti su tela.\",\"publisher\":{\"@id\":\"https:\/\/svetslik.si\/it\/#organization\"},\"potentialAction\":[{\"@type\":\"SearchAction\",\"target\":{\"@type\":\"EntryPoint\",\"urlTemplate\":\"https:\/\/svetslik.si\/it\/?s={search_term_string}\"},\"query-input\":{\"@type\":\"PropertyValueSpecification\",\"valueRequired\":true,\"valueName\":\"search_term_string\"}}],\"inLanguage\":\"it-IT\"},{\"@type\":\"Organization\",\"@id\":\"https:\/\/svetslik.si\/it\/#organization\",\"name\":\"SvetSlik.si\",\"url\":\"https:\/\/svetslik.si\/it\/\",\"logo\":{\"@type\":\"ImageObject\",\"inLanguage\":\"it-IT\",\"@id\":\"https:\/\/svetslik.si\/it\/#\/schema\/logo\/image\/\",\"url\":\"https:\/\/svetslik.si\/wp-content\/uploads\/2020\/12\/logo-512.png\",\"contentUrl\":\"https:\/\/svetslik.si\/wp-content\/uploads\/2020\/12\/logo-512.png\",\"width\":512,\"height\":512,\"caption\":\"SvetSlik.si\"},\"image\":{\"@id\":\"https:\/\/svetslik.si\/it\/#\/schema\/logo\/image\/\"},\"sameAs\":[\"https:\/\/www.facebook.com\/svetslik.si\",\"https:\/\/x.com\/svetslik\",\"https:\/\/www.instagram.com\/svetslik.si\/\",\"https:\/\/www.linkedin.com\/company\/svetslik-si\"]}]}<\/script>\n<meta property=\"og:availability\" content=\"backorder\" \/>\n<meta property=\"product:availability\" content=\"available for order\" \/>\n<meta property=\"product:retailer_item_id\" content=\"415__\" \/>\n<meta property=\"product:condition\" content=\"new\" \/>\n<!-- \/ Yoast SEO Premium plugin. -->","yoast_head_json":{"title":"Vincent van Gogh - Fishing Boats on the Beach at Les Saintes-Maries-de-la-Mer - SVETSLIK.SI - Dipinti a mano al 100%","description":"Vincent van Gogh - Fishing Boats on the Beach at Les Saintes-Maries-de-la-Mer - Riproduzioni di quadri d'arte dipinte a mano al 100% su tela. Cornici per quadri, vendita e produzione di dimensioni su ordinazione.","robots":{"index":"index","follow":"follow","max-snippet":"max-snippet:-1","max-image-preview":"max-image-preview:large","max-video-preview":"max-video-preview:-1"},"canonical":"https:\/\/svetslik.si\/it\/vincent-van-gogh\/fishing-boats-on-the-beach-at-les-saintes-maries-de-la-mer\/","og_locale":"it_IT","og_type":"article","og_title":"Vincent van Gogh - Fishing Boats on the Beach at Les Saintes-Maries-de-la-Mer","og_description":"100% ro\u010dno naslikane slike na platnu, reprodukcije znanih slikarjev in umetni\u0161ke slike po naro\u010dilu.","og_url":"https:\/\/svetslik.si\/it\/vincent-van-gogh\/fishing-boats-on-the-beach-at-les-saintes-maries-de-la-mer\/","og_site_name":"SVETSLIK.SI","article_publisher":"https:\/\/www.facebook.com\/svetslik.si","article_modified_time":"2026-03-22T20:45:11+00:00","og_image":[{"width":1280,"height":1029,"url":"https:\/\/svetslik.si\/wp-content\/uploads\/2021\/08\/image_Fishing-Boats-on-the-Beach-at-Les-Saintes-Maries-de-la-Mer-Van-Gogh_680.jpg","type":"image\/jpeg"}],"twitter_card":"summary_large_image","twitter_site":"@svetslik","twitter_misc":{"Disponibilit\u00e0":"Su ordinazione"},"schema":{"@context":"https:\/\/schema.org","@graph":[{"@type":["WebPage","ItemPage"],"@id":"https:\/\/svetslik.si\/it\/vincent-van-gogh\/fishing-boats-on-the-beach-at-les-saintes-maries-de-la-mer\/","url":"https:\/\/svetslik.si\/it\/vincent-van-gogh\/fishing-boats-on-the-beach-at-les-saintes-maries-de-la-mer\/","name":"Vincent van Gogh - Fishing Boats on the Beach at Les Saintes-Maries-de-la-Mer - SVETSLIK.SI - Dipinti a mano al 100%","isPartOf":{"@id":"https:\/\/svetslik.si\/it\/#website"},"primaryImageOfPage":{"@id":"https:\/\/svetslik.si\/it\/vincent-van-gogh\/fishing-boats-on-the-beach-at-les-saintes-maries-de-la-mer\/#primaryimage"},"image":{"@id":"https:\/\/svetslik.si\/it\/vincent-van-gogh\/fishing-boats-on-the-beach-at-les-saintes-maries-de-la-mer\/#primaryimage"},"thumbnailUrl":"https:\/\/svetslik.si\/wp-content\/uploads\/2021\/08\/image_Fishing-Boats-on-the-Beach-at-Les-Saintes-Maries-de-la-Mer-Van-Gogh_680.jpg","datePublished":"2021-09-02T16:07:09+00:00","dateModified":"2026-03-22T20:45:11+00:00","description":"Vincent van Gogh - Fishing Boats on the Beach at Les Saintes-Maries-de-la-Mer - Riproduzioni di quadri d'arte dipinte a mano al 100% su tela. Cornici per quadri, vendita e produzione di dimensioni su ordinazione.","breadcrumb":{"@id":"https:\/\/svetslik.si\/it\/vincent-van-gogh\/fishing-boats-on-the-beach-at-les-saintes-maries-de-la-mer\/#breadcrumb"},"inLanguage":"it-IT","potentialAction":[{"@type":"ReadAction","target":["https:\/\/svetslik.si\/it\/vincent-van-gogh\/fishing-boats-on-the-beach-at-les-saintes-maries-de-la-mer\/"]}]},{"@type":"ImageObject","inLanguage":"it-IT","@id":"https:\/\/svetslik.si\/it\/vincent-van-gogh\/fishing-boats-on-the-beach-at-les-saintes-maries-de-la-mer\/#primaryimage","url":"https:\/\/svetslik.si\/wp-content\/uploads\/2021\/08\/image_Fishing-Boats-on-the-Beach-at-Les-Saintes-Maries-de-la-Mer-Van-Gogh_680.jpg","contentUrl":"https:\/\/svetslik.si\/wp-content\/uploads\/2021\/08\/image_Fishing-Boats-on-the-Beach-at-Les-Saintes-Maries-de-la-Mer-Van-Gogh_680.jpg","width":1280,"height":1029,"caption":"Riproduzioni di dipinti - Vincent Van Gogh - Barche da pesca sulla spiaggia a Les Saintes-Maries-de-la-Mer - Dipinti a mano per pareti, olio su tela, dipinti ad olio, quadri moderni, quadri d'arte per pareti, ambientali, astratti, quadri decorativi per pareti"},{"@type":"BreadcrumbList","@id":"https:\/\/svetslik.si\/it\/vincent-van-gogh\/fishing-boats-on-the-beach-at-les-saintes-maries-de-la-mer\/#breadcrumb","itemListElement":[{"@type":"ListItem","position":1,"name":"Fali m\u0171v\u00e9szet \u00e9s festm\u00e9nyek v\u00e1szonra","item":"https:\/\/svetslik.si\/it\/"},{"@type":"ListItem","position":2,"name":"Vendita di dipinti","item":"https:\/\/svetslik.si\/prodaja-slik\/"},{"@type":"ListItem","position":3,"name":"Vincent van Gogh &#8211; Fishing Boats on the Beach at Les Saintes-Maries-de-la-Mer"}]},{"@type":"WebSite","@id":"https:\/\/svetslik.si\/it\/#website","url":"https:\/\/svetslik.si\/it\/","name":"SVETSLIK.SI","description":"100% riproduzioni dipinte a mano di quadri di pittori famosi e dipinti su tela.","publisher":{"@id":"https:\/\/svetslik.si\/it\/#organization"},"potentialAction":[{"@type":"SearchAction","target":{"@type":"EntryPoint","urlTemplate":"https:\/\/svetslik.si\/it\/?s={search_term_string}"},"query-input":{"@type":"PropertyValueSpecification","valueRequired":true,"valueName":"search_term_string"}}],"inLanguage":"it-IT"},{"@type":"Organization","@id":"https:\/\/svetslik.si\/it\/#organization","name":"SvetSlik.si","url":"https:\/\/svetslik.si\/it\/","logo":{"@type":"ImageObject","inLanguage":"it-IT","@id":"https:\/\/svetslik.si\/it\/#\/schema\/logo\/image\/","url":"https:\/\/svetslik.si\/wp-content\/uploads\/2020\/12\/logo-512.png","contentUrl":"https:\/\/svetslik.si\/wp-content\/uploads\/2020\/12\/logo-512.png","width":512,"height":512,"caption":"SvetSlik.si"},"image":{"@id":"https:\/\/svetslik.si\/it\/#\/schema\/logo\/image\/"},"sameAs":["https:\/\/www.facebook.com\/svetslik.si","https:\/\/x.com\/svetslik","https:\/\/www.instagram.com\/svetslik.si\/","https:\/\/www.linkedin.com\/company\/svetslik-si"]}]},"og_availability":"backorder","product_availability":"available for order","product_retailer_item_id":"415__","product_condition":"new"},"jetpack_sharing_enabled":true,"_links":{"self":[{"href":"https:\/\/svetslik.si\/it\/wp-json\/wp\/v2\/product\/40014","targetHints":{"allow":["GET"]}}],"collection":[{"href":"https:\/\/svetslik.si\/it\/wp-json\/wp\/v2\/product"}],"about":[{"href":"https:\/\/svetslik.si\/it\/wp-json\/wp\/v2\/types\/product"}],"wp:featuredmedia":[{"embeddable":true,"href":"https:\/\/svetslik.si\/it\/wp-json\/wp\/v2\/media\/35164"}],"wp:attachment":[{"href":"https:\/\/svetslik.si\/it\/wp-json\/wp\/v2\/media?parent=40014"}],"wp:term":[{"taxonomy":"product_brand","embeddable":true,"href":"https:\/\/svetslik.si\/it\/wp-json\/wp\/v2\/product_brand?post=40014"},{"taxonomy":"product_cat","embeddable":true,"href":"https:\/\/svetslik.si\/it\/wp-json\/wp\/v2\/product_cat?post=40014"},{"taxonomy":"product_tag","embeddable":true,"href":"https:\/\/svetslik.si\/it\/wp-json\/wp\/v2\/product_tag?post=40014"}],"curies":[{"name":"wp","href":"https:\/\/api.w.org\/{rel}","templated":true}]}}