{"id":40050,"date":"2021-09-02T18:07:25","date_gmt":"2021-09-02T16:07:25","guid":{"rendered":"https:\/\/svetslik.si\/senza-categoria\/a-path-at-saint-remy\/"},"modified":"2026-03-22T21:46:02","modified_gmt":"2026-03-22T20:46:02","slug":"a-path-at-saint-remy","status":"publish","type":"product","link":"https:\/\/svetslik.si\/it\/vincent-van-gogh\/a-path-at-saint-remy\/","title":{"rendered":"Vincent van Gogh &#8211; A Path at Saint-R\u00e9my"},"content":{"rendered":"<h1>Vincent Van Gogh &#8211; Un sentiero a Saint-R\u00e9my<\/h1>\n<p>&nbsp;<\/p>\n<table border=\"0\" width=\"497\" cellspacing=\"0\" cellpadding=\"0\">\n<tr>\n<td height=\"21\">Anno di creazione:<\/td>\n<td style=\"width: 343px\">1889<\/td>\n<\/tr>\n<tr>\n<td height=\"21\">Dimensione originale:<\/td>\n<td style=\"width: 343px\">40,5 cm x 32,5 cm<\/td>\n<\/tr>\n<tr>\n<td height=\"21\">Stile colore:<\/td>\n<td style=\"width: 343px\">Post impressionismo<\/td>\n<\/tr>\n<tr>\n<td height=\"21\">Tecnica originale:<\/td>\n<td style=\"width: 343px\">Olio su tela<\/td>\n<\/tr>\n<tr>\n<td height=\"21\">Situato:<\/td>\n<td style=\"width: 343px\">Museo d&#8217;arte Kasama Nichido, Giappone<\/td>\n<\/tr>\n<\/tbody>\n<colgroup>\n<col \/>\n<col \/> <\/colgroup>\n<\/table>\n<p>Quando Van Gogh ebbe un esaurimento nervoso, si ricover\u00f2 volontariamente in un ospedale psichiatrico a Saint Remy. L&#8217;esaurimento nervoso di Van Gogh \u00e8 principalmente attribuito al consumo eccessivo di alcol e tabacco, a cui non rinunci\u00f2 fino alla morte. Aveva la sua stanza e il suo studio in ospedale. Il pittore probabilmente soffriva di depressione maniacale. Il dipinto <em>Un sentiero a Saint-R\u00e9my<\/em> \u00e8 stato realizzato durante la permanenza del pittore in ospedale.<\/p>\n<p>&#8220;The Path at Saint-R\u00e9my&#8221;, dipinto nel 1889 dall&#8217;artista olandese Vincent van Gogh, \u00e8 un dipinto bellissimo ed emozionante che mostra la passione dell&#8217;artista per la natura e la vita umana. L&#8217;immagine mostra un sentiero tortuoso attraverso un paesaggio lussureggiante a Saint-R\u00e9my-de-Provence, in Francia, con alti cipressi e cieli azzurri. Il dipinto \u00e8 ampiamente riconosciuto per le sue pennellate audaci, l&#8217;emotivit\u00e0 e il forte simbolismo.<\/p>\n<p>Il Sentiero di Saint-R\u00e9my \u00e8 un eccellente esempio dello stile post-impressionista di Van Gogh, caratterizzato da pennellate dense e visibili, colori vivaci e contrasti audaci. Pennellate audaci e colori vivaci nel dipinto creano un senso di movimento ed energia, mentre il cielo blu crea un senso di pace e tranquillit\u00e0. Il sentiero tortuoso e i cipressi creano un senso di mistero e intrigo.<\/p>\n<p>Una delle caratteristiche pi\u00f9 sorprendenti del libro illustrato &#8220;Il sentiero di Saint-R\u00e9my&#8221; \u00e8 l&#8217;uso del colore. L&#8217;uso di Van Gogh di colori audaci e contrastanti crea un senso di movimento ed energia nel dipinto, e il cielo blu \u00e8 raffigurato in una moltitudine di blu, creando un senso di profondit\u00e0 e dimensione. I cipressi sono raffigurati nei toni del verde e del marrone, creando un senso di radicamento e stabilit\u00e0. Notevoli anche le pennellate, con tratti spessi e visibili che danno al dipinto un senso di movimento ed energia.<\/p>\n<p>Anche il simbolismo del dipinto \u00e8 ricco. Un sentiero tortuoso potrebbe simboleggiare un viaggio attraverso la vita, e i cipressi sono spesso considerati simboli di longevit\u00e0 e immortalit\u00e0. Si dice che il dipinto rappresenti lo stato emotivo di Van Gogh in quel momento. \u00c8 stato creato mentre Van Gogh era nel manicomio di Saint-Paul-de-Mausole e si ritiene che il dipinto rifletta il desiderio di libert\u00e0 e fuga dell&#8217;artista.<\/p>\n<p>&#8220;Il sentiero di Saint-R\u00e9my&#8221; \u00e8 considerato una delle opere pi\u00f9 iconiche e potenti di Van Gogh. Il dipinto si trova nel Van Gogh Museum di Amsterdam, Paesi Bassi. \u00c8 un&#8217;importante opera di post-impressionismo che \u00e8 ancora ammirata e studiata sia da dilettanti che da esperti. Le potenti immagini, l&#8217;emotivit\u00e0 e il ricco simbolismo rendono il dipinto un must per qualsiasi amante dell&#8217;arte o chiunque sia interessato al lavoro di Vincent van Gogh.<\/p>\n<p>In sintesi, &#8220;The Road at Saint-R\u00e9my&#8221; \u00e8 un dipinto bellissimo ed emozionante che mostra le pennellate audaci, l&#8217;emotivit\u00e0 e il forte simbolismo caratteristici dello stile post-impressionista di Vincent van Gogh. L&#8217;uso di colori e pennellate nel dipinto crea un senso di movimento ed energia, mentre il sentiero tortuoso e i cipressi simboleggiano il viaggio attraverso la vita e l&#8217;idea di longevit\u00e0 e immortalit\u00e0. Il dipinto \u00e8 considerato una delle opere pi\u00f9 iconiche e potenti di Van Gogh. Si trova nel Van Gogh Museum di Amsterdam, nei Paesi Bassi. \u00c8 ancora ammirato e studiato da appassionati ed esperti d&#8217;arte. Le potenti immagini, l&#8217;emotivit\u00e0 e il ricco simbolismo rendono il dipinto un must per qualsiasi amante dell&#8217;arte o chiunque sia interessato al lavoro di Vincent van Gogh. Inoltre, il contesto storico del dipinto, creato durante il soggiorno di van Gogh al manicomio di Saint-Paul-de-Mausole, aggiunge ulteriore profondit\u00e0 e significato all&#8217;opera, riflettendo i sentimenti di reclusione e il desiderio di libert\u00e0 dell&#8217;artista. The Path at Saint-R\u00e9my non \u00e8 solo un capolavoro visivo, ma anche una finestra sui pensieri e le emozioni pi\u00f9 intime di Van Gogh. Questo dipinto \u00e8 un ottimo esempio di come l&#8217;arte possa trascendere il tempo e lo spazio e continui ad affascinare e ispirare il pubblico di oggi.<\/p>\n<p>&nbsp;<\/p>\n<p>&nbsp;<\/p>\n","protected":false},"excerpt":{"rendered":"<p>Vincent Van Gogh &#8211; Un sentiero a Saint-R\u00e9my &nbsp; Anno di creazione: 1889 Dimensione originale: 40,5 cm x 32,5 cm Stile colore: Post impressionismo Tecnica originale: Olio su tela Situato: Museo d&#8217;arte Kasama Nichido, Giappone Quando Van Gogh ebbe un esaurimento nervoso, si ricover\u00f2 volontariamente in un ospedale psichiatrico a [&hellip;]<\/p>\n","protected":false},"featured_media":34915,"template":"","meta":{"_acf_changed":false},"product_brand":[],"product_cat":[4189],"product_tag":[4246,4245,4253,4265],"class_list":{"0":"post-40050","1":"product","2":"type-product","3":"status-publish","4":"has-post-thumbnail","6":"product_cat-vincent-van-gogh","7":"product_tag-riproduzione-it","8":"product_tag-riproduzione","9":"product_tag-un-pittore","10":"product_tag-van-gogh-it","11":"pa_dimenzija-100-x-80-cm-it","12":"pa_dimenzija-120-x-100-cm-it","13":"pa_dimenzija-150-x-120-cm-it","14":"pa_dimenzija-41-x-33-cm-it","15":"pa_dimenzija-50-x-40-cm-it","16":"pa_dimenzija-60-x-50-cm-it","17":"pa_dimenzija-70-x-60-cm-it","18":"pa_dimenzija-80-x-65-cm-it","19":"pa_oblika-orizzontale","20":"pa_okvir-sensa-cornice","21":"pa_podokvir-no","22":"pa_podokvir-si","24":"first","25":"onbackorder","26":"purchasable","27":"product-type-variable","28":"has-default-attributes"},"acf":[],"yoast_head":"<!-- This site is optimized with the Yoast SEO Premium plugin v26.0 (Yoast SEO v27.2) - https:\/\/yoast.com\/product\/yoast-seo-premium-wordpress\/ -->\n<title>Vincent van Gogh - A Path at Saint-R\u00e9my - SVETSLIK.SI - Dipinti a mano al 100%<\/title>\n<meta name=\"description\" content=\"Vincent van Gogh - A Path at Saint-R\u00e9my - Riproduzioni di quadri d&#039;arte dipinte a mano al 100% su tela. Cornici per quadri, vendita e produzione di dimensioni su ordinazione.\" \/>\n<meta name=\"robots\" content=\"index, follow, max-snippet:-1, max-image-preview:large, max-video-preview:-1\" \/>\n<link rel=\"canonical\" href=\"https:\/\/svetslik.si\/it\/vincent-van-gogh\/a-path-at-saint-remy\/\" \/>\n<meta property=\"og:locale\" content=\"it_IT\" \/>\n<meta property=\"og:type\" content=\"article\" \/>\n<meta property=\"og:title\" content=\"Vincent van Gogh - A Path at Saint-R\u00e9my\" \/>\n<meta property=\"og:description\" content=\"100% ro\u010dno naslikane slike na platnu, reprodukcije znanih slikarjev in umetni\u0161ke slike po naro\u010dilu.\" \/>\n<meta property=\"og:url\" content=\"https:\/\/svetslik.si\/it\/vincent-van-gogh\/a-path-at-saint-remy\/\" \/>\n<meta property=\"og:site_name\" content=\"SVETSLIK.SI\" \/>\n<meta property=\"article:publisher\" content=\"https:\/\/www.facebook.com\/svetslik.si\" \/>\n<meta property=\"article:modified_time\" content=\"2026-03-22T20:46:02+00:00\" \/>\n<meta property=\"og:image\" content=\"https:\/\/svetslik.si\/wp-content\/uploads\/2021\/08\/image_A-Path-at-Saint-Remy-Van-Gogh_680.jpg\" \/>\n\t<meta property=\"og:image:width\" content=\"2526\" \/>\n\t<meta property=\"og:image:height\" content=\"1926\" \/>\n\t<meta property=\"og:image:type\" content=\"image\/jpeg\" \/>\n<meta name=\"twitter:card\" content=\"summary_large_image\" \/>\n<meta name=\"twitter:site\" content=\"@svetslik\" \/>\n<meta name=\"twitter:label1\" content=\"Disponibilit\u00e0\" \/>\n\t<meta name=\"twitter:data1\" content=\"Su ordinazione\" \/>\n<script type=\"application\/ld+json\" class=\"yoast-schema-graph\">{\"@context\":\"https:\/\/schema.org\",\"@graph\":[{\"@type\":[\"WebPage\",\"ItemPage\"],\"@id\":\"https:\/\/svetslik.si\/it\/vincent-van-gogh\/a-path-at-saint-remy\/\",\"url\":\"https:\/\/svetslik.si\/it\/vincent-van-gogh\/a-path-at-saint-remy\/\",\"name\":\"Vincent van Gogh - A Path at Saint-R\u00e9my - SVETSLIK.SI - Dipinti a mano al 100%\",\"isPartOf\":{\"@id\":\"https:\/\/svetslik.si\/it\/#website\"},\"primaryImageOfPage\":{\"@id\":\"https:\/\/svetslik.si\/it\/vincent-van-gogh\/a-path-at-saint-remy\/#primaryimage\"},\"image\":{\"@id\":\"https:\/\/svetslik.si\/it\/vincent-van-gogh\/a-path-at-saint-remy\/#primaryimage\"},\"thumbnailUrl\":\"https:\/\/svetslik.si\/wp-content\/uploads\/2021\/08\/image_A-Path-at-Saint-Remy-Van-Gogh_680.jpg\",\"datePublished\":\"2021-09-02T16:07:25+00:00\",\"dateModified\":\"2026-03-22T20:46:02+00:00\",\"description\":\"Vincent van Gogh - A Path at Saint-R\u00e9my - Riproduzioni di quadri d'arte dipinte a mano al 100% su tela. Cornici per quadri, vendita e produzione di dimensioni su ordinazione.\",\"breadcrumb\":{\"@id\":\"https:\/\/svetslik.si\/it\/vincent-van-gogh\/a-path-at-saint-remy\/#breadcrumb\"},\"inLanguage\":\"it-IT\",\"potentialAction\":[{\"@type\":\"ReadAction\",\"target\":[\"https:\/\/svetslik.si\/it\/vincent-van-gogh\/a-path-at-saint-remy\/\"]}]},{\"@type\":\"ImageObject\",\"inLanguage\":\"it-IT\",\"@id\":\"https:\/\/svetslik.si\/it\/vincent-van-gogh\/a-path-at-saint-remy\/#primaryimage\",\"url\":\"https:\/\/svetslik.si\/wp-content\/uploads\/2021\/08\/image_A-Path-at-Saint-Remy-Van-Gogh_680.jpg\",\"contentUrl\":\"https:\/\/svetslik.si\/wp-content\/uploads\/2021\/08\/image_A-Path-at-Saint-Remy-Van-Gogh_680.jpg\",\"width\":2526,\"height\":1926,\"caption\":\"Vincent Van Gogh - A Path at Saint-R\u00e9my - Riproduzioni di dipinti, quadri dipinti a mano, dipinti murali ad olio su tela, quadri ad olio, quadri d'arte, quadri moderni per parete, quadri ambientali, quadri astratti, quadri decorativi\"},{\"@type\":\"BreadcrumbList\",\"@id\":\"https:\/\/svetslik.si\/it\/vincent-van-gogh\/a-path-at-saint-remy\/#breadcrumb\",\"itemListElement\":[{\"@type\":\"ListItem\",\"position\":1,\"name\":\"Fali m\u0171v\u00e9szet \u00e9s festm\u00e9nyek v\u00e1szonra\",\"item\":\"https:\/\/svetslik.si\/it\/\"},{\"@type\":\"ListItem\",\"position\":2,\"name\":\"Vendita di dipinti\",\"item\":\"https:\/\/svetslik.si\/prodaja-slik\/\"},{\"@type\":\"ListItem\",\"position\":3,\"name\":\"Vincent van Gogh &#8211; A Path at Saint-R\u00e9my\"}]},{\"@type\":\"WebSite\",\"@id\":\"https:\/\/svetslik.si\/it\/#website\",\"url\":\"https:\/\/svetslik.si\/it\/\",\"name\":\"SVETSLIK.SI\",\"description\":\"100% riproduzioni dipinte a mano di quadri di pittori famosi e dipinti su tela.\",\"publisher\":{\"@id\":\"https:\/\/svetslik.si\/it\/#organization\"},\"potentialAction\":[{\"@type\":\"SearchAction\",\"target\":{\"@type\":\"EntryPoint\",\"urlTemplate\":\"https:\/\/svetslik.si\/it\/?s={search_term_string}\"},\"query-input\":{\"@type\":\"PropertyValueSpecification\",\"valueRequired\":true,\"valueName\":\"search_term_string\"}}],\"inLanguage\":\"it-IT\"},{\"@type\":\"Organization\",\"@id\":\"https:\/\/svetslik.si\/it\/#organization\",\"name\":\"SvetSlik.si\",\"url\":\"https:\/\/svetslik.si\/it\/\",\"logo\":{\"@type\":\"ImageObject\",\"inLanguage\":\"it-IT\",\"@id\":\"https:\/\/svetslik.si\/it\/#\/schema\/logo\/image\/\",\"url\":\"https:\/\/svetslik.si\/wp-content\/uploads\/2020\/12\/logo-512.png\",\"contentUrl\":\"https:\/\/svetslik.si\/wp-content\/uploads\/2020\/12\/logo-512.png\",\"width\":512,\"height\":512,\"caption\":\"SvetSlik.si\"},\"image\":{\"@id\":\"https:\/\/svetslik.si\/it\/#\/schema\/logo\/image\/\"},\"sameAs\":[\"https:\/\/www.facebook.com\/svetslik.si\",\"https:\/\/x.com\/svetslik\",\"https:\/\/www.instagram.com\/svetslik.si\/\",\"https:\/\/www.linkedin.com\/company\/svetslik-si\"]}]}<\/script>\n<meta property=\"og:availability\" content=\"backorder\" \/>\n<meta property=\"product:availability\" content=\"available for order\" \/>\n<meta property=\"product:retailer_item_id\" content=\"419__\" \/>\n<meta property=\"product:condition\" content=\"new\" \/>\n<!-- \/ Yoast SEO Premium plugin. -->","yoast_head_json":{"title":"Vincent van Gogh - A Path at Saint-R\u00e9my - SVETSLIK.SI - Dipinti a mano al 100%","description":"Vincent van Gogh - A Path at Saint-R\u00e9my - Riproduzioni di quadri d'arte dipinte a mano al 100% su tela. Cornici per quadri, vendita e produzione di dimensioni su ordinazione.","robots":{"index":"index","follow":"follow","max-snippet":"max-snippet:-1","max-image-preview":"max-image-preview:large","max-video-preview":"max-video-preview:-1"},"canonical":"https:\/\/svetslik.si\/it\/vincent-van-gogh\/a-path-at-saint-remy\/","og_locale":"it_IT","og_type":"article","og_title":"Vincent van Gogh - A Path at Saint-R\u00e9my","og_description":"100% ro\u010dno naslikane slike na platnu, reprodukcije znanih slikarjev in umetni\u0161ke slike po naro\u010dilu.","og_url":"https:\/\/svetslik.si\/it\/vincent-van-gogh\/a-path-at-saint-remy\/","og_site_name":"SVETSLIK.SI","article_publisher":"https:\/\/www.facebook.com\/svetslik.si","article_modified_time":"2026-03-22T20:46:02+00:00","og_image":[{"width":2526,"height":1926,"url":"https:\/\/svetslik.si\/wp-content\/uploads\/2021\/08\/image_A-Path-at-Saint-Remy-Van-Gogh_680.jpg","type":"image\/jpeg"}],"twitter_card":"summary_large_image","twitter_site":"@svetslik","twitter_misc":{"Disponibilit\u00e0":"Su ordinazione"},"schema":{"@context":"https:\/\/schema.org","@graph":[{"@type":["WebPage","ItemPage"],"@id":"https:\/\/svetslik.si\/it\/vincent-van-gogh\/a-path-at-saint-remy\/","url":"https:\/\/svetslik.si\/it\/vincent-van-gogh\/a-path-at-saint-remy\/","name":"Vincent van Gogh - A Path at Saint-R\u00e9my - SVETSLIK.SI - Dipinti a mano al 100%","isPartOf":{"@id":"https:\/\/svetslik.si\/it\/#website"},"primaryImageOfPage":{"@id":"https:\/\/svetslik.si\/it\/vincent-van-gogh\/a-path-at-saint-remy\/#primaryimage"},"image":{"@id":"https:\/\/svetslik.si\/it\/vincent-van-gogh\/a-path-at-saint-remy\/#primaryimage"},"thumbnailUrl":"https:\/\/svetslik.si\/wp-content\/uploads\/2021\/08\/image_A-Path-at-Saint-Remy-Van-Gogh_680.jpg","datePublished":"2021-09-02T16:07:25+00:00","dateModified":"2026-03-22T20:46:02+00:00","description":"Vincent van Gogh - A Path at Saint-R\u00e9my - Riproduzioni di quadri d'arte dipinte a mano al 100% su tela. Cornici per quadri, vendita e produzione di dimensioni su ordinazione.","breadcrumb":{"@id":"https:\/\/svetslik.si\/it\/vincent-van-gogh\/a-path-at-saint-remy\/#breadcrumb"},"inLanguage":"it-IT","potentialAction":[{"@type":"ReadAction","target":["https:\/\/svetslik.si\/it\/vincent-van-gogh\/a-path-at-saint-remy\/"]}]},{"@type":"ImageObject","inLanguage":"it-IT","@id":"https:\/\/svetslik.si\/it\/vincent-van-gogh\/a-path-at-saint-remy\/#primaryimage","url":"https:\/\/svetslik.si\/wp-content\/uploads\/2021\/08\/image_A-Path-at-Saint-Remy-Van-Gogh_680.jpg","contentUrl":"https:\/\/svetslik.si\/wp-content\/uploads\/2021\/08\/image_A-Path-at-Saint-Remy-Van-Gogh_680.jpg","width":2526,"height":1926,"caption":"Vincent Van Gogh - A Path at Saint-R\u00e9my - Riproduzioni di dipinti, quadri dipinti a mano, dipinti murali ad olio su tela, quadri ad olio, quadri d'arte, quadri moderni per parete, quadri ambientali, quadri astratti, quadri decorativi"},{"@type":"BreadcrumbList","@id":"https:\/\/svetslik.si\/it\/vincent-van-gogh\/a-path-at-saint-remy\/#breadcrumb","itemListElement":[{"@type":"ListItem","position":1,"name":"Fali m\u0171v\u00e9szet \u00e9s festm\u00e9nyek v\u00e1szonra","item":"https:\/\/svetslik.si\/it\/"},{"@type":"ListItem","position":2,"name":"Vendita di dipinti","item":"https:\/\/svetslik.si\/prodaja-slik\/"},{"@type":"ListItem","position":3,"name":"Vincent van Gogh &#8211; A Path at Saint-R\u00e9my"}]},{"@type":"WebSite","@id":"https:\/\/svetslik.si\/it\/#website","url":"https:\/\/svetslik.si\/it\/","name":"SVETSLIK.SI","description":"100% riproduzioni dipinte a mano di quadri di pittori famosi e dipinti su tela.","publisher":{"@id":"https:\/\/svetslik.si\/it\/#organization"},"potentialAction":[{"@type":"SearchAction","target":{"@type":"EntryPoint","urlTemplate":"https:\/\/svetslik.si\/it\/?s={search_term_string}"},"query-input":{"@type":"PropertyValueSpecification","valueRequired":true,"valueName":"search_term_string"}}],"inLanguage":"it-IT"},{"@type":"Organization","@id":"https:\/\/svetslik.si\/it\/#organization","name":"SvetSlik.si","url":"https:\/\/svetslik.si\/it\/","logo":{"@type":"ImageObject","inLanguage":"it-IT","@id":"https:\/\/svetslik.si\/it\/#\/schema\/logo\/image\/","url":"https:\/\/svetslik.si\/wp-content\/uploads\/2020\/12\/logo-512.png","contentUrl":"https:\/\/svetslik.si\/wp-content\/uploads\/2020\/12\/logo-512.png","width":512,"height":512,"caption":"SvetSlik.si"},"image":{"@id":"https:\/\/svetslik.si\/it\/#\/schema\/logo\/image\/"},"sameAs":["https:\/\/www.facebook.com\/svetslik.si","https:\/\/x.com\/svetslik","https:\/\/www.instagram.com\/svetslik.si\/","https:\/\/www.linkedin.com\/company\/svetslik-si"]}]},"og_availability":"backorder","product_availability":"available for order","product_retailer_item_id":"419__","product_condition":"new"},"jetpack_sharing_enabled":true,"_links":{"self":[{"href":"https:\/\/svetslik.si\/it\/wp-json\/wp\/v2\/product\/40050","targetHints":{"allow":["GET"]}}],"collection":[{"href":"https:\/\/svetslik.si\/it\/wp-json\/wp\/v2\/product"}],"about":[{"href":"https:\/\/svetslik.si\/it\/wp-json\/wp\/v2\/types\/product"}],"wp:featuredmedia":[{"embeddable":true,"href":"https:\/\/svetslik.si\/it\/wp-json\/wp\/v2\/media\/34915"}],"wp:attachment":[{"href":"https:\/\/svetslik.si\/it\/wp-json\/wp\/v2\/media?parent=40050"}],"wp:term":[{"taxonomy":"product_brand","embeddable":true,"href":"https:\/\/svetslik.si\/it\/wp-json\/wp\/v2\/product_brand?post=40050"},{"taxonomy":"product_cat","embeddable":true,"href":"https:\/\/svetslik.si\/it\/wp-json\/wp\/v2\/product_cat?post=40050"},{"taxonomy":"product_tag","embeddable":true,"href":"https:\/\/svetslik.si\/it\/wp-json\/wp\/v2\/product_tag?post=40050"}],"curies":[{"name":"wp","href":"https:\/\/api.w.org\/{rel}","templated":true}]}}