{"id":40059,"date":"2021-09-02T18:07:41","date_gmt":"2021-09-02T16:07:41","guid":{"rendered":"https:\/\/svetslik.si\/senza-categoria\/landscape-at-auvers-in-the-rain\/"},"modified":"2026-03-22T21:46:02","modified_gmt":"2026-03-22T20:46:02","slug":"landscape-at-auvers-in-the-rain","status":"publish","type":"product","link":"https:\/\/svetslik.si\/it\/vincent-van-gogh\/landscape-at-auvers-in-the-rain\/","title":{"rendered":"Vincent van Gogh &#8211; Landscape at Auvers in the Rain"},"content":{"rendered":"<h1>Vincent Van Gogh &#8211; Paesaggio ad Auvers sotto la pioggia<\/h1>\n<p>&nbsp;<\/p>\n<table border=\"0\" width=\"497\" cellspacing=\"0\" cellpadding=\"0\">\n<tr>\n<td height=\"21\">Anno di creazione:<\/td>\n<td style=\"width: 343px\">1890<\/td>\n<\/tr>\n<tr>\n<td height=\"21\">Dimensione originale:<\/td>\n<td style=\"width: 343px\">100,2 cm x 50,3 cm<\/td>\n<\/tr>\n<tr>\n<td height=\"21\">Stile colore:<\/td>\n<td style=\"width: 343px\">Post impressionismo<\/td>\n<\/tr>\n<tr>\n<td height=\"21\">Tecnica originale:<\/td>\n<td style=\"width: 343px\">Olio su tela<\/td>\n<\/tr>\n<tr>\n<td height=\"21\">Situato:<\/td>\n<td style=\"width: 343px\">Museo Nazionale del Galles, Cardiff, Regno Unito<\/td>\n<\/tr>\n<\/tbody>\n<colgroup>\n<col \/>\n<col \/> <\/colgroup>\n<\/table>\n<p>Nel dipinto <em>Paesaggio ad Auvers sotto la pioggia<\/em>, Van Gogh ha utilizzato una vasta gamma di colori, che ha applicato alla tela con spesse pennellate. Il pittore ha dipinto la pioggia sotto forma di colonne blu che si estendono su tutto il paesaggio di Auvers. In questo dipinto, Van Gogh ha usato l&#8217;olio e anche i colori pastello. Van Gogh ha anche evidenziato nel dipinto i tetti delle case nascoste nella valle di Auvers. Nella quadro, alberi ad alto fusto salgono verso il cielo.<\/p>\n<p>&#8220;Paesaggio ad Auvers sotto la pioggia&#8221;, dipinto nel 1890 dall&#8217;artista olandese Vincent van Gogh, \u00e8 un dipinto bellissimo ed emozionante che mostra la passione dell&#8217;artista per la natura e la condizione umana. Il dipinto mostra il paesaggio del piccolo villaggio di Auvers in Francia in una giornata piovosa, con un cielo cupo e lunatico e una piccola strada che si snoda attraverso il villaggio. Il dipinto \u00e8 ampiamente riconosciuto per le sue pennellate audaci, l&#8217;emotivit\u00e0 e il forte simbolismo.<\/p>\n<p>The Rainy Landscape at Auvers \u00e8 un eccellente esempio dello stile post-impressionista di Van Gogh, caratterizzato da pennellate dense e visibili, colori vivaci e contrasti audaci. Pennellate audaci e colori vibranti creano un senso di movimento ed energia nel dipinto, mentre il cielo scuro e lunatico crea un senso di malinconia e introspezione. La piccola strada che si snoda attraverso il villaggio crea un senso di isolamento e solitudine.<\/p>\n<p>Una delle caratteristiche pi\u00f9 sorprendenti del dipinto &#8220;Paesaggio ad Auvers sotto la pioggia&#8221; \u00e8 l&#8217;uso del colore. L&#8217;uso di Van Gogh di colori audaci e contrastanti crea un senso di movimento ed energia nel dipinto, e il cielo scuro e lunatico \u00e8 reso in sfumature di grigio, creando un senso di profondit\u00e0 e dimensione. Notevoli anche le pennellate, con tratti spessi e visibili che danno al dipinto un senso di movimento ed energia.<\/p>\n<p>Anche il simbolismo del dipinto \u00e8 ricco. Il tempo piovoso e i cieli cupi e lunatici sono spesso visti come simboli di malinconia e introspezione. Una piccola strada che si snoda attraverso un villaggio potrebbe simboleggiare un viaggio attraverso la vita, e un piccolo villaggio potrebbe rappresentare l&#8217;idea di comunit\u00e0 e unione. Si dice che il dipinto rappresenti lo stato emotivo di Van Gogh in quel momento. Si ritiene che il dipinto sia stato creato in un momento in cui Van Gogh era molto irrequieto ed emotivamente disturbato, e si dice che il dipinto sia un riflesso del suo tumulto interiore.<\/p>\n<p>Il dipinto &#8220;Paesaggio ad Auvers sotto la pioggia&#8221; \u00e8 considerato una delle opere pi\u00f9 iconiche e potenti di Van Gogh. Si trova nel Van Gogh Museum di Amsterdam, nei Paesi Bassi. \u00c8 un&#8217;importante opera post-impressionista che \u00e8 ancora ammirata e studiata da appassionati ed esperti d&#8217;arte. Le potenti immagini, l&#8217;emotivit\u00e0 e il ricco simbolismo rendono il dipinto un must per qualsiasi amante dell&#8217;arte o chiunque sia interessato al lavoro di Vincent van Gogh.<\/p>\n<p>Il dipinto \u00e8 importante anche per il suo contesto storico. Van Gogh lo cre\u00f2 poco prima della sua morte nel 1890 ed \u00e8 considerato uno dei suoi ultimi lavori. Si dice che sia un riflesso del suo stato emotivo in quel momento e delle difficolt\u00e0 che ha dovuto affrontare negli ultimi mesi della sua vita.<\/p>\n<p>Landscape at Auvers in the Rain \u00e8 un dipinto bellissimo ed emozionante che mostra le pennellate audaci, l&#8217;emotivit\u00e0 e il forte simbolismo che caratterizzano lo stile post-impressionista di Vincent van Gogh. L&#8217;uso del colore e delle pennellate nel dipinto crea un senso di movimento ed energia, mentre il cielo scuro e lunatico e la piccola strada simboleggiano malinconia e introspezione. Il dipinto \u00e8 considerato una delle opere pi\u00f9 iconiche e potenti di Van Gogh. Si trova nel Van Gogh Museum di Amsterdam, nei Paesi Bassi. \u00c8 ancora ammirato e studiato da appassionati ed esperti d&#8217;arte. Le potenti immagini, l&#8217;emotivit\u00e0 e il ricco simbolismo rendono il dipinto un must per qualsiasi amante dell&#8217;arte o chiunque sia interessato al lavoro di Vincent van Gogh.<\/p>\n","protected":false},"excerpt":{"rendered":"<p>Vincent Van Gogh &#8211; Paesaggio ad Auvers sotto la pioggia &nbsp; Anno di creazione: 1890 Dimensione originale: 100,2 cm x 50,3 cm Stile colore: Post impressionismo Tecnica originale: Olio su tela Situato: Museo Nazionale del Galles, Cardiff, Regno Unito Nel dipinto Paesaggio ad Auvers sotto la pioggia, Van Gogh ha [&hellip;]<\/p>\n","protected":false},"featured_media":35265,"template":"","meta":{"_acf_changed":false},"product_brand":[],"product_cat":[4189],"product_tag":[4245,4246,4253,4265],"class_list":{"0":"post-40059","1":"product","2":"type-product","3":"status-publish","4":"has-post-thumbnail","6":"product_cat-vincent-van-gogh","7":"product_tag-riproduzione","8":"product_tag-riproduzione-it","9":"product_tag-un-pittore","10":"product_tag-van-gogh-it","11":"pa_dimenzija-100-x-50-cm-it","12":"pa_dimenzija-120-x-60-cm-it","13":"pa_dimenzija-150-x-75-cm-it","14":"pa_dimenzija-180-x-90-cm-it","15":"pa_dimenzija-60-x-30-cm-it","16":"pa_dimenzija-70-x-35-cm-it","17":"pa_dimenzija-80-x-40-cm-it","18":"pa_dimenzija-90-x-45-cm-it","19":"pa_oblika-orizzontale","20":"pa_okvir-sensa-cornice","21":"pa_podokvir-no","22":"pa_podokvir-si","24":"first","25":"onbackorder","26":"purchasable","27":"product-type-variable","28":"has-default-attributes"},"acf":[],"yoast_head":"<!-- This site is optimized with the Yoast SEO Premium plugin v26.0 (Yoast SEO v27.2) - https:\/\/yoast.com\/product\/yoast-seo-premium-wordpress\/ -->\n<title>Vincent van Gogh - Landscape at Auvers in the Rain - SVETSLIK.SI - Dipinti a mano al 100%<\/title>\n<meta name=\"description\" content=\"Vincent van Gogh - Landscape at Auvers in the Rain - Riproduzioni di quadri d&#039;arte dipinte a mano al 100% su tela. Cornici per quadri, vendita e produzione di dimensioni su ordinazione.\" \/>\n<meta name=\"robots\" content=\"index, follow, max-snippet:-1, max-image-preview:large, max-video-preview:-1\" \/>\n<link rel=\"canonical\" href=\"https:\/\/svetslik.si\/it\/vincent-van-gogh\/landscape-at-auvers-in-the-rain\/\" \/>\n<meta property=\"og:locale\" content=\"it_IT\" \/>\n<meta property=\"og:type\" content=\"article\" \/>\n<meta property=\"og:title\" content=\"Vincent van Gogh - Landscape at Auvers in the Rain\" \/>\n<meta property=\"og:description\" content=\"100% ro\u010dno naslikane slike na platnu, reprodukcije znanih slikarjev in umetni\u0161ke slike po naro\u010dilu.\" \/>\n<meta property=\"og:url\" content=\"https:\/\/svetslik.si\/it\/vincent-van-gogh\/landscape-at-auvers-in-the-rain\/\" \/>\n<meta property=\"og:site_name\" content=\"SVETSLIK.SI\" \/>\n<meta property=\"article:publisher\" content=\"https:\/\/www.facebook.com\/svetslik.si\" \/>\n<meta property=\"article:modified_time\" content=\"2026-03-22T20:46:02+00:00\" \/>\n<meta property=\"og:image\" content=\"https:\/\/svetslik.si\/wp-content\/uploads\/2021\/08\/image_Landscape-at-Auvers-in-the-Rain-van-Gogh_680.jpg\" \/>\n\t<meta property=\"og:image:width\" content=\"1920\" \/>\n\t<meta property=\"og:image:height\" content=\"1080\" \/>\n\t<meta property=\"og:image:type\" content=\"image\/jpeg\" \/>\n<meta name=\"twitter:card\" content=\"summary_large_image\" \/>\n<meta name=\"twitter:site\" content=\"@svetslik\" \/>\n<meta name=\"twitter:label1\" content=\"Disponibilit\u00e0\" \/>\n\t<meta name=\"twitter:data1\" content=\"Su ordinazione\" \/>\n<script type=\"application\/ld+json\" class=\"yoast-schema-graph\">{\"@context\":\"https:\/\/schema.org\",\"@graph\":[{\"@type\":[\"WebPage\",\"ItemPage\"],\"@id\":\"https:\/\/svetslik.si\/it\/vincent-van-gogh\/landscape-at-auvers-in-the-rain\/\",\"url\":\"https:\/\/svetslik.si\/it\/vincent-van-gogh\/landscape-at-auvers-in-the-rain\/\",\"name\":\"Vincent van Gogh - Landscape at Auvers in the Rain - SVETSLIK.SI - Dipinti a mano al 100%\",\"isPartOf\":{\"@id\":\"https:\/\/svetslik.si\/it\/#website\"},\"primaryImageOfPage\":{\"@id\":\"https:\/\/svetslik.si\/it\/vincent-van-gogh\/landscape-at-auvers-in-the-rain\/#primaryimage\"},\"image\":{\"@id\":\"https:\/\/svetslik.si\/it\/vincent-van-gogh\/landscape-at-auvers-in-the-rain\/#primaryimage\"},\"thumbnailUrl\":\"https:\/\/svetslik.si\/wp-content\/uploads\/2021\/08\/image_Landscape-at-Auvers-in-the-Rain-van-Gogh_680.jpg\",\"datePublished\":\"2021-09-02T16:07:41+00:00\",\"dateModified\":\"2026-03-22T20:46:02+00:00\",\"description\":\"Vincent van Gogh - Landscape at Auvers in the Rain - Riproduzioni di quadri d'arte dipinte a mano al 100% su tela. Cornici per quadri, vendita e produzione di dimensioni su ordinazione.\",\"breadcrumb\":{\"@id\":\"https:\/\/svetslik.si\/it\/vincent-van-gogh\/landscape-at-auvers-in-the-rain\/#breadcrumb\"},\"inLanguage\":\"it-IT\",\"potentialAction\":[{\"@type\":\"ReadAction\",\"target\":[\"https:\/\/svetslik.si\/it\/vincent-van-gogh\/landscape-at-auvers-in-the-rain\/\"]}]},{\"@type\":\"ImageObject\",\"inLanguage\":\"it-IT\",\"@id\":\"https:\/\/svetslik.si\/it\/vincent-van-gogh\/landscape-at-auvers-in-the-rain\/#primaryimage\",\"url\":\"https:\/\/svetslik.si\/wp-content\/uploads\/2021\/08\/image_Landscape-at-Auvers-in-the-Rain-van-Gogh_680.jpg\",\"contentUrl\":\"https:\/\/svetslik.si\/wp-content\/uploads\/2021\/08\/image_Landscape-at-Auvers-in-the-Rain-van-Gogh_680.jpg\",\"width\":1920,\"height\":1080,\"caption\":\"Quadri riproduzioni - Vincent Van Gogh - Landscape at Auvers in the Rain - Dipinti a mano, riproduzioni di famosi pittori, olio su tela, quadri ad olio, quadri moderni, quadri artistici per pareti, ambientali, astratti, decorativi quadri per pareti\"},{\"@type\":\"BreadcrumbList\",\"@id\":\"https:\/\/svetslik.si\/it\/vincent-van-gogh\/landscape-at-auvers-in-the-rain\/#breadcrumb\",\"itemListElement\":[{\"@type\":\"ListItem\",\"position\":1,\"name\":\"Fali m\u0171v\u00e9szet \u00e9s festm\u00e9nyek v\u00e1szonra\",\"item\":\"https:\/\/svetslik.si\/it\/\"},{\"@type\":\"ListItem\",\"position\":2,\"name\":\"Vendita di dipinti\",\"item\":\"https:\/\/svetslik.si\/prodaja-slik\/\"},{\"@type\":\"ListItem\",\"position\":3,\"name\":\"Vincent van Gogh &#8211; Landscape at Auvers in the Rain\"}]},{\"@type\":\"WebSite\",\"@id\":\"https:\/\/svetslik.si\/it\/#website\",\"url\":\"https:\/\/svetslik.si\/it\/\",\"name\":\"SVETSLIK.SI\",\"description\":\"100% riproduzioni dipinte a mano di quadri di pittori famosi e dipinti su tela.\",\"publisher\":{\"@id\":\"https:\/\/svetslik.si\/it\/#organization\"},\"potentialAction\":[{\"@type\":\"SearchAction\",\"target\":{\"@type\":\"EntryPoint\",\"urlTemplate\":\"https:\/\/svetslik.si\/it\/?s={search_term_string}\"},\"query-input\":{\"@type\":\"PropertyValueSpecification\",\"valueRequired\":true,\"valueName\":\"search_term_string\"}}],\"inLanguage\":\"it-IT\"},{\"@type\":\"Organization\",\"@id\":\"https:\/\/svetslik.si\/it\/#organization\",\"name\":\"SvetSlik.si\",\"url\":\"https:\/\/svetslik.si\/it\/\",\"logo\":{\"@type\":\"ImageObject\",\"inLanguage\":\"it-IT\",\"@id\":\"https:\/\/svetslik.si\/it\/#\/schema\/logo\/image\/\",\"url\":\"https:\/\/svetslik.si\/wp-content\/uploads\/2020\/12\/logo-512.png\",\"contentUrl\":\"https:\/\/svetslik.si\/wp-content\/uploads\/2020\/12\/logo-512.png\",\"width\":512,\"height\":512,\"caption\":\"SvetSlik.si\"},\"image\":{\"@id\":\"https:\/\/svetslik.si\/it\/#\/schema\/logo\/image\/\"},\"sameAs\":[\"https:\/\/www.facebook.com\/svetslik.si\",\"https:\/\/x.com\/svetslik\",\"https:\/\/www.instagram.com\/svetslik.si\/\",\"https:\/\/www.linkedin.com\/company\/svetslik-si\"]}]}<\/script>\n<meta property=\"og:availability\" content=\"backorder\" \/>\n<meta property=\"product:availability\" content=\"available for order\" \/>\n<meta property=\"product:retailer_item_id\" content=\"420__\" \/>\n<meta property=\"product:condition\" content=\"new\" \/>\n<!-- \/ Yoast SEO Premium plugin. -->","yoast_head_json":{"title":"Vincent van Gogh - Landscape at Auvers in the Rain - SVETSLIK.SI - Dipinti a mano al 100%","description":"Vincent van Gogh - Landscape at Auvers in the Rain - Riproduzioni di quadri d'arte dipinte a mano al 100% su tela. Cornici per quadri, vendita e produzione di dimensioni su ordinazione.","robots":{"index":"index","follow":"follow","max-snippet":"max-snippet:-1","max-image-preview":"max-image-preview:large","max-video-preview":"max-video-preview:-1"},"canonical":"https:\/\/svetslik.si\/it\/vincent-van-gogh\/landscape-at-auvers-in-the-rain\/","og_locale":"it_IT","og_type":"article","og_title":"Vincent van Gogh - Landscape at Auvers in the Rain","og_description":"100% ro\u010dno naslikane slike na platnu, reprodukcije znanih slikarjev in umetni\u0161ke slike po naro\u010dilu.","og_url":"https:\/\/svetslik.si\/it\/vincent-van-gogh\/landscape-at-auvers-in-the-rain\/","og_site_name":"SVETSLIK.SI","article_publisher":"https:\/\/www.facebook.com\/svetslik.si","article_modified_time":"2026-03-22T20:46:02+00:00","og_image":[{"width":1920,"height":1080,"url":"https:\/\/svetslik.si\/wp-content\/uploads\/2021\/08\/image_Landscape-at-Auvers-in-the-Rain-van-Gogh_680.jpg","type":"image\/jpeg"}],"twitter_card":"summary_large_image","twitter_site":"@svetslik","twitter_misc":{"Disponibilit\u00e0":"Su ordinazione"},"schema":{"@context":"https:\/\/schema.org","@graph":[{"@type":["WebPage","ItemPage"],"@id":"https:\/\/svetslik.si\/it\/vincent-van-gogh\/landscape-at-auvers-in-the-rain\/","url":"https:\/\/svetslik.si\/it\/vincent-van-gogh\/landscape-at-auvers-in-the-rain\/","name":"Vincent van Gogh - Landscape at Auvers in the Rain - SVETSLIK.SI - Dipinti a mano al 100%","isPartOf":{"@id":"https:\/\/svetslik.si\/it\/#website"},"primaryImageOfPage":{"@id":"https:\/\/svetslik.si\/it\/vincent-van-gogh\/landscape-at-auvers-in-the-rain\/#primaryimage"},"image":{"@id":"https:\/\/svetslik.si\/it\/vincent-van-gogh\/landscape-at-auvers-in-the-rain\/#primaryimage"},"thumbnailUrl":"https:\/\/svetslik.si\/wp-content\/uploads\/2021\/08\/image_Landscape-at-Auvers-in-the-Rain-van-Gogh_680.jpg","datePublished":"2021-09-02T16:07:41+00:00","dateModified":"2026-03-22T20:46:02+00:00","description":"Vincent van Gogh - Landscape at Auvers in the Rain - Riproduzioni di quadri d'arte dipinte a mano al 100% su tela. Cornici per quadri, vendita e produzione di dimensioni su ordinazione.","breadcrumb":{"@id":"https:\/\/svetslik.si\/it\/vincent-van-gogh\/landscape-at-auvers-in-the-rain\/#breadcrumb"},"inLanguage":"it-IT","potentialAction":[{"@type":"ReadAction","target":["https:\/\/svetslik.si\/it\/vincent-van-gogh\/landscape-at-auvers-in-the-rain\/"]}]},{"@type":"ImageObject","inLanguage":"it-IT","@id":"https:\/\/svetslik.si\/it\/vincent-van-gogh\/landscape-at-auvers-in-the-rain\/#primaryimage","url":"https:\/\/svetslik.si\/wp-content\/uploads\/2021\/08\/image_Landscape-at-Auvers-in-the-Rain-van-Gogh_680.jpg","contentUrl":"https:\/\/svetslik.si\/wp-content\/uploads\/2021\/08\/image_Landscape-at-Auvers-in-the-Rain-van-Gogh_680.jpg","width":1920,"height":1080,"caption":"Quadri riproduzioni - Vincent Van Gogh - Landscape at Auvers in the Rain - Dipinti a mano, riproduzioni di famosi pittori, olio su tela, quadri ad olio, quadri moderni, quadri artistici per pareti, ambientali, astratti, decorativi quadri per pareti"},{"@type":"BreadcrumbList","@id":"https:\/\/svetslik.si\/it\/vincent-van-gogh\/landscape-at-auvers-in-the-rain\/#breadcrumb","itemListElement":[{"@type":"ListItem","position":1,"name":"Fali m\u0171v\u00e9szet \u00e9s festm\u00e9nyek v\u00e1szonra","item":"https:\/\/svetslik.si\/it\/"},{"@type":"ListItem","position":2,"name":"Vendita di dipinti","item":"https:\/\/svetslik.si\/prodaja-slik\/"},{"@type":"ListItem","position":3,"name":"Vincent van Gogh &#8211; Landscape at Auvers in the Rain"}]},{"@type":"WebSite","@id":"https:\/\/svetslik.si\/it\/#website","url":"https:\/\/svetslik.si\/it\/","name":"SVETSLIK.SI","description":"100% riproduzioni dipinte a mano di quadri di pittori famosi e dipinti su tela.","publisher":{"@id":"https:\/\/svetslik.si\/it\/#organization"},"potentialAction":[{"@type":"SearchAction","target":{"@type":"EntryPoint","urlTemplate":"https:\/\/svetslik.si\/it\/?s={search_term_string}"},"query-input":{"@type":"PropertyValueSpecification","valueRequired":true,"valueName":"search_term_string"}}],"inLanguage":"it-IT"},{"@type":"Organization","@id":"https:\/\/svetslik.si\/it\/#organization","name":"SvetSlik.si","url":"https:\/\/svetslik.si\/it\/","logo":{"@type":"ImageObject","inLanguage":"it-IT","@id":"https:\/\/svetslik.si\/it\/#\/schema\/logo\/image\/","url":"https:\/\/svetslik.si\/wp-content\/uploads\/2020\/12\/logo-512.png","contentUrl":"https:\/\/svetslik.si\/wp-content\/uploads\/2020\/12\/logo-512.png","width":512,"height":512,"caption":"SvetSlik.si"},"image":{"@id":"https:\/\/svetslik.si\/it\/#\/schema\/logo\/image\/"},"sameAs":["https:\/\/www.facebook.com\/svetslik.si","https:\/\/x.com\/svetslik","https:\/\/www.instagram.com\/svetslik.si\/","https:\/\/www.linkedin.com\/company\/svetslik-si"]}]},"og_availability":"backorder","product_availability":"available for order","product_retailer_item_id":"420__","product_condition":"new"},"jetpack_sharing_enabled":true,"_links":{"self":[{"href":"https:\/\/svetslik.si\/it\/wp-json\/wp\/v2\/product\/40059","targetHints":{"allow":["GET"]}}],"collection":[{"href":"https:\/\/svetslik.si\/it\/wp-json\/wp\/v2\/product"}],"about":[{"href":"https:\/\/svetslik.si\/it\/wp-json\/wp\/v2\/types\/product"}],"wp:featuredmedia":[{"embeddable":true,"href":"https:\/\/svetslik.si\/it\/wp-json\/wp\/v2\/media\/35265"}],"wp:attachment":[{"href":"https:\/\/svetslik.si\/it\/wp-json\/wp\/v2\/media?parent=40059"}],"wp:term":[{"taxonomy":"product_brand","embeddable":true,"href":"https:\/\/svetslik.si\/it\/wp-json\/wp\/v2\/product_brand?post=40059"},{"taxonomy":"product_cat","embeddable":true,"href":"https:\/\/svetslik.si\/it\/wp-json\/wp\/v2\/product_cat?post=40059"},{"taxonomy":"product_tag","embeddable":true,"href":"https:\/\/svetslik.si\/it\/wp-json\/wp\/v2\/product_tag?post=40059"}],"curies":[{"name":"wp","href":"https:\/\/api.w.org\/{rel}","templated":true}]}}