{"id":40077,"date":"2021-09-02T18:07:57","date_gmt":"2021-09-02T16:07:57","guid":{"rendered":"https:\/\/svetslik.si\/senza-categoria\/sheaves-of-wheat\/"},"modified":"2026-03-22T21:46:44","modified_gmt":"2026-03-22T20:46:44","slug":"sheaves-of-wheat","status":"publish","type":"product","link":"https:\/\/svetslik.si\/it\/vincent-van-gogh\/sheaves-of-wheat\/","title":{"rendered":"Vincent van Gogh &#8211; Sheaves of Wheat"},"content":{"rendered":"<h1>Vincent Van Gogh &#8211; Covoni di grano<\/h1>\n<p>&nbsp;<\/p>\n<table border=\"0\" width=\"497\" cellspacing=\"0\" cellpadding=\"0\">\n<tr>\n<td height=\"21\">Anno di creazione:<\/td>\n<td style=\"width: 343px\">1890<\/td>\n<\/tr>\n<tr>\n<td height=\"21\">Dimensione originale:<\/td>\n<td style=\"width: 343px\">101 cm x 50,5 cm<\/td>\n<\/tr>\n<tr>\n<td height=\"21\">Stile colore:<\/td>\n<td style=\"width: 343px\">Post impressionismo<\/td>\n<\/tr>\n<tr>\n<td height=\"21\">Tecnica originale:<\/td>\n<td style=\"width: 343px\">Olio su tela<\/td>\n<\/tr>\n<tr>\n<td height=\"21\">Situato:<\/td>\n<td style=\"width: 343px\">Dallas Museum of Art, USA<\/td>\n<\/tr>\n<\/tbody>\n<colgroup>\n<col \/>\n<col \/> <\/colgroup>\n<\/table>\n<p>Van Gogh vedeva il grano come una metafora centrale nel cerchio della vita e nel processo creativo. In quanto tale, il grano \u00e8 apparso frequentemente e costantemente nei dipinti del pittore per tutta la vita.<\/p>\n<p>&#8220;Covoni di grano&#8221;, dipinto nel 1888 dall&#8217;artista olandese Vincent van Gogh, \u00e8 un dipinto bellissimo e sorprendente che mostra la passione dell&#8217;artista per la natura e la condizione umana. Il dipinto mostra un campo di grano dove i covoni di grano sono alti e dorati contro un vivido cielo blu. Il dipinto \u00e8 ampiamente riconosciuto per le sue pennellate audaci, l&#8217;emotivit\u00e0 e il forte simbolismo.<\/p>\n<p>Covoni di grano \u00e8 un eccellente esempio dello stile post-impressionista di Van Gogh, caratterizzato da pennellate dense e visibili, colori vivaci e contrasti audaci. Pennellate audaci e colori vivaci nel dipinto creano un senso di movimento ed energia, mentre il cielo blu crea un senso di pace e tranquillit\u00e0. I covoni di grano, raffigurati in sfumature dorate, si stagliano dal cielo vibrante e creano un contrasto sorprendente.<\/p>\n<p>Una delle caratteristiche pi\u00f9 sorprendenti del dipinto &#8220;Covoni di grano&#8221; \u00e8 l&#8217;uso del colore. L&#8217;uso di Van Gogh di colori audaci e contrastanti crea un senso di movimento ed energia nel dipinto, e il cielo blu \u00e8 raffigurato in una moltitudine di blu, creando un senso di profondit\u00e0 e dimensione. Notevoli anche le pennellate, con tratti spessi e visibili che danno al dipinto un senso di movimento ed energia.<\/p>\n<p>Anche il simbolismo del dipinto \u00e8 ricco. I covoni di grano sono spesso considerati simbolo di abbondanza e fertilit\u00e0, rappresentano il ciclo della vita e la possibilit\u00e0 di crescita e rinnovamento. Il cielo blu pu\u00f2 essere inteso come un simbolo delle infinite possibilit\u00e0 del futuro. Si dice che il dipinto rappresenti lo stato emotivo di Van Gogh in quel momento. Si ritiene che il dipinto sia stato creato in un momento in cui Van Gogh era molto irrequieto ed emotivamente disturbato, e si dice che il dipinto sia un riflesso del suo tumulto interiore.<\/p>\n<p>I covoni di grano sono considerati una delle opere pi\u00f9 iconiche e popolari di Van Gogh. Il dipinto si trova nel Van Gogh Museum di Amsterdam, Paesi Bassi. \u00c8 un&#8217;importante opera post-impressionista che \u00e8 ancora ammirata e studiata da dilettanti ed esperti. Il dipinto \u00e8 una delle opere pi\u00f9 riconoscibili e popolari del post-impressionismo grazie al suo forte immaginario ed emotivit\u00e0, ed \u00e8 una tappa obbligata per qualsiasi amante dell&#8217;arte o chiunque sia interessato all&#8217;opera di Vincent van Gogh. Il forte simbolismo, le pennellate audaci e i colori vivaci rendono il dipinto un capolavoro duraturo che delizier\u00e0 gli spettatori per molti anni a venire.<\/p>\n<p>Covoni di grano \u00e8 un dipinto magistrale che mostra le pennellate audaci, l&#8217;emotivit\u00e0 e il forte simbolismo caratteristici dello stile post-impressionista di Vincent van Gogh. L&#8217;uso di colori e pennellate nel dipinto crea un senso di movimento ed energia, mentre i covoni di grano simboleggiano abbondanza e fertilit\u00e0. Il dipinto \u00e8 considerato una delle opere pi\u00f9 iconiche e popolari di Van Gogh ed \u00e8 ospitato nel Van Gogh Museum di Amsterdam, Paesi Bassi. \u00c8 ancora ammirato e studiato da dilettanti ed esperti. \u00c8 assolutamente da vedere per ogni amante dell&#8217;arte grazie alle sue potenti immagini ed emozioni, ed \u00e8 anche un&#8217;ottima rappresentazione dello stile post-impressionista di Van Gogh.<\/p>\n","protected":false},"excerpt":{"rendered":"<p>Vincent Van Gogh &#8211; Covoni di grano &nbsp; Anno di creazione: 1890 Dimensione originale: 101 cm x 50,5 cm Stile colore: Post impressionismo Tecnica originale: Olio su tela Situato: Dallas Museum of Art, USA Van Gogh vedeva il grano come una metafora centrale nel cerchio della vita e nel processo [&hellip;]<\/p>\n","protected":false},"featured_media":35557,"template":"","meta":{"_acf_changed":false},"product_brand":[],"product_cat":[4189],"product_tag":[4246,4245,4253,4265],"class_list":{"0":"post-40077","1":"product","2":"type-product","3":"status-publish","4":"has-post-thumbnail","6":"product_cat-vincent-van-gogh","7":"product_tag-riproduzione-it","8":"product_tag-riproduzione","9":"product_tag-un-pittore","10":"product_tag-van-gogh-it","11":"pa_dimenzija-100-x-50-cm","12":"pa_dimenzija-120-x-60-cm","13":"pa_dimenzija-150-x-75-cm","14":"pa_dimenzija-180-x-90-cm","15":"pa_dimenzija-60-x-30-cm","16":"pa_dimenzija-70-x-35-cm","17":"pa_dimenzija-80-x-40-cm","18":"pa_dimenzija-90-x-45-cm","19":"pa_oblika-orizzontale","20":"pa_okvir-sensa-cornice","21":"pa_podokvir-no","22":"pa_podokvir-si","24":"first","25":"onbackorder","26":"purchasable","27":"product-type-variable","28":"has-default-attributes"},"acf":[],"yoast_head":"<!-- This site is optimized with the Yoast SEO Premium plugin v26.0 (Yoast SEO v27.2) - https:\/\/yoast.com\/product\/yoast-seo-premium-wordpress\/ -->\n<title>Vincent van Gogh - Sheaves of Wheat - SVETSLIK.SI - Dipinti a mano al 100%<\/title>\n<meta name=\"description\" content=\"Vincent van Gogh - Sheaves of Wheat - Riproduzioni di quadri d&#039;arte dipinte a mano al 100% su tela. Cornici per quadri, vendita e produzione di dimensioni su ordinazione.\" \/>\n<meta name=\"robots\" content=\"index, follow, max-snippet:-1, max-image-preview:large, max-video-preview:-1\" \/>\n<link rel=\"canonical\" href=\"https:\/\/svetslik.si\/it\/vincent-van-gogh\/sheaves-of-wheat\/\" \/>\n<meta property=\"og:locale\" content=\"it_IT\" \/>\n<meta property=\"og:type\" content=\"article\" \/>\n<meta property=\"og:title\" content=\"Vincent van Gogh - Sheaves of Wheat\" \/>\n<meta property=\"og:description\" content=\"100% ro\u010dno naslikane slike na platnu, reprodukcije znanih slikarjev in umetni\u0161ke slike po naro\u010dilu.\" \/>\n<meta property=\"og:url\" content=\"https:\/\/svetslik.si\/it\/vincent-van-gogh\/sheaves-of-wheat\/\" \/>\n<meta property=\"og:site_name\" content=\"SVETSLIK.SI\" \/>\n<meta property=\"article:publisher\" content=\"https:\/\/www.facebook.com\/svetslik.si\" \/>\n<meta property=\"article:modified_time\" content=\"2026-03-22T20:46:44+00:00\" \/>\n<meta property=\"og:image\" content=\"https:\/\/svetslik.si\/wp-content\/uploads\/2021\/08\/image_Sheaves-of-Wheat-van-Gogh_680.jpg\" \/>\n\t<meta property=\"og:image:width\" content=\"1536\" \/>\n\t<meta property=\"og:image:height\" content=\"752\" \/>\n\t<meta property=\"og:image:type\" content=\"image\/jpeg\" \/>\n<meta name=\"twitter:card\" content=\"summary_large_image\" \/>\n<meta name=\"twitter:site\" content=\"@svetslik\" \/>\n<meta name=\"twitter:label1\" content=\"Disponibilit\u00e0\" \/>\n\t<meta name=\"twitter:data1\" content=\"Su ordinazione\" \/>\n<script type=\"application\/ld+json\" class=\"yoast-schema-graph\">{\"@context\":\"https:\/\/schema.org\",\"@graph\":[{\"@type\":[\"WebPage\",\"ItemPage\"],\"@id\":\"https:\/\/svetslik.si\/it\/vincent-van-gogh\/sheaves-of-wheat\/\",\"url\":\"https:\/\/svetslik.si\/it\/vincent-van-gogh\/sheaves-of-wheat\/\",\"name\":\"Vincent van Gogh - Sheaves of Wheat - SVETSLIK.SI - Dipinti a mano al 100%\",\"isPartOf\":{\"@id\":\"https:\/\/svetslik.si\/it\/#website\"},\"primaryImageOfPage\":{\"@id\":\"https:\/\/svetslik.si\/it\/vincent-van-gogh\/sheaves-of-wheat\/#primaryimage\"},\"image\":{\"@id\":\"https:\/\/svetslik.si\/it\/vincent-van-gogh\/sheaves-of-wheat\/#primaryimage\"},\"thumbnailUrl\":\"https:\/\/svetslik.si\/wp-content\/uploads\/2021\/08\/image_Sheaves-of-Wheat-van-Gogh_680.jpg\",\"datePublished\":\"2021-09-02T16:07:57+00:00\",\"dateModified\":\"2026-03-22T20:46:44+00:00\",\"description\":\"Vincent van Gogh - Sheaves of Wheat - Riproduzioni di quadri d'arte dipinte a mano al 100% su tela. Cornici per quadri, vendita e produzione di dimensioni su ordinazione.\",\"breadcrumb\":{\"@id\":\"https:\/\/svetslik.si\/it\/vincent-van-gogh\/sheaves-of-wheat\/#breadcrumb\"},\"inLanguage\":\"it-IT\",\"potentialAction\":[{\"@type\":\"ReadAction\",\"target\":[\"https:\/\/svetslik.si\/it\/vincent-van-gogh\/sheaves-of-wheat\/\"]}]},{\"@type\":\"ImageObject\",\"inLanguage\":\"it-IT\",\"@id\":\"https:\/\/svetslik.si\/it\/vincent-van-gogh\/sheaves-of-wheat\/#primaryimage\",\"url\":\"https:\/\/svetslik.si\/wp-content\/uploads\/2021\/08\/image_Sheaves-of-Wheat-van-Gogh_680.jpg\",\"contentUrl\":\"https:\/\/svetslik.si\/wp-content\/uploads\/2021\/08\/image_Sheaves-of-Wheat-van-Gogh_680.jpg\",\"width\":1536,\"height\":752,\"caption\":\"Vincent Van Gogh - Sheaves of Wheat - Reproduzioni dipinte a mano di famosi pittori, quadri moderni per pareti, quadri artistici per parete\"},{\"@type\":\"BreadcrumbList\",\"@id\":\"https:\/\/svetslik.si\/it\/vincent-van-gogh\/sheaves-of-wheat\/#breadcrumb\",\"itemListElement\":[{\"@type\":\"ListItem\",\"position\":1,\"name\":\"Fali m\u0171v\u00e9szet \u00e9s festm\u00e9nyek v\u00e1szonra\",\"item\":\"https:\/\/svetslik.si\/it\/\"},{\"@type\":\"ListItem\",\"position\":2,\"name\":\"Vendita di dipinti\",\"item\":\"https:\/\/svetslik.si\/prodaja-slik\/\"},{\"@type\":\"ListItem\",\"position\":3,\"name\":\"Vincent van Gogh &#8211; Sheaves of Wheat\"}]},{\"@type\":\"WebSite\",\"@id\":\"https:\/\/svetslik.si\/it\/#website\",\"url\":\"https:\/\/svetslik.si\/it\/\",\"name\":\"SVETSLIK.SI\",\"description\":\"100% riproduzioni dipinte a mano di quadri di pittori famosi e dipinti su tela.\",\"publisher\":{\"@id\":\"https:\/\/svetslik.si\/it\/#organization\"},\"potentialAction\":[{\"@type\":\"SearchAction\",\"target\":{\"@type\":\"EntryPoint\",\"urlTemplate\":\"https:\/\/svetslik.si\/it\/?s={search_term_string}\"},\"query-input\":{\"@type\":\"PropertyValueSpecification\",\"valueRequired\":true,\"valueName\":\"search_term_string\"}}],\"inLanguage\":\"it-IT\"},{\"@type\":\"Organization\",\"@id\":\"https:\/\/svetslik.si\/it\/#organization\",\"name\":\"SvetSlik.si\",\"url\":\"https:\/\/svetslik.si\/it\/\",\"logo\":{\"@type\":\"ImageObject\",\"inLanguage\":\"it-IT\",\"@id\":\"https:\/\/svetslik.si\/it\/#\/schema\/logo\/image\/\",\"url\":\"https:\/\/svetslik.si\/wp-content\/uploads\/2020\/12\/logo-512.png\",\"contentUrl\":\"https:\/\/svetslik.si\/wp-content\/uploads\/2020\/12\/logo-512.png\",\"width\":512,\"height\":512,\"caption\":\"SvetSlik.si\"},\"image\":{\"@id\":\"https:\/\/svetslik.si\/it\/#\/schema\/logo\/image\/\"},\"sameAs\":[\"https:\/\/www.facebook.com\/svetslik.si\",\"https:\/\/x.com\/svetslik\",\"https:\/\/www.instagram.com\/svetslik.si\/\",\"https:\/\/www.linkedin.com\/company\/svetslik-si\"]}]}<\/script>\n<meta property=\"og:availability\" content=\"backorder\" \/>\n<meta property=\"product:availability\" content=\"available for order\" \/>\n<meta property=\"product:retailer_item_id\" content=\"422__\" \/>\n<meta property=\"product:condition\" content=\"new\" \/>\n<!-- \/ Yoast SEO Premium plugin. -->","yoast_head_json":{"title":"Vincent van Gogh - Sheaves of Wheat - SVETSLIK.SI - Dipinti a mano al 100%","description":"Vincent van Gogh - Sheaves of Wheat - Riproduzioni di quadri d'arte dipinte a mano al 100% su tela. Cornici per quadri, vendita e produzione di dimensioni su ordinazione.","robots":{"index":"index","follow":"follow","max-snippet":"max-snippet:-1","max-image-preview":"max-image-preview:large","max-video-preview":"max-video-preview:-1"},"canonical":"https:\/\/svetslik.si\/it\/vincent-van-gogh\/sheaves-of-wheat\/","og_locale":"it_IT","og_type":"article","og_title":"Vincent van Gogh - Sheaves of Wheat","og_description":"100% ro\u010dno naslikane slike na platnu, reprodukcije znanih slikarjev in umetni\u0161ke slike po naro\u010dilu.","og_url":"https:\/\/svetslik.si\/it\/vincent-van-gogh\/sheaves-of-wheat\/","og_site_name":"SVETSLIK.SI","article_publisher":"https:\/\/www.facebook.com\/svetslik.si","article_modified_time":"2026-03-22T20:46:44+00:00","og_image":[{"width":1536,"height":752,"url":"https:\/\/svetslik.si\/wp-content\/uploads\/2021\/08\/image_Sheaves-of-Wheat-van-Gogh_680.jpg","type":"image\/jpeg"}],"twitter_card":"summary_large_image","twitter_site":"@svetslik","twitter_misc":{"Disponibilit\u00e0":"Su ordinazione"},"schema":{"@context":"https:\/\/schema.org","@graph":[{"@type":["WebPage","ItemPage"],"@id":"https:\/\/svetslik.si\/it\/vincent-van-gogh\/sheaves-of-wheat\/","url":"https:\/\/svetslik.si\/it\/vincent-van-gogh\/sheaves-of-wheat\/","name":"Vincent van Gogh - Sheaves of Wheat - SVETSLIK.SI - Dipinti a mano al 100%","isPartOf":{"@id":"https:\/\/svetslik.si\/it\/#website"},"primaryImageOfPage":{"@id":"https:\/\/svetslik.si\/it\/vincent-van-gogh\/sheaves-of-wheat\/#primaryimage"},"image":{"@id":"https:\/\/svetslik.si\/it\/vincent-van-gogh\/sheaves-of-wheat\/#primaryimage"},"thumbnailUrl":"https:\/\/svetslik.si\/wp-content\/uploads\/2021\/08\/image_Sheaves-of-Wheat-van-Gogh_680.jpg","datePublished":"2021-09-02T16:07:57+00:00","dateModified":"2026-03-22T20:46:44+00:00","description":"Vincent van Gogh - Sheaves of Wheat - Riproduzioni di quadri d'arte dipinte a mano al 100% su tela. Cornici per quadri, vendita e produzione di dimensioni su ordinazione.","breadcrumb":{"@id":"https:\/\/svetslik.si\/it\/vincent-van-gogh\/sheaves-of-wheat\/#breadcrumb"},"inLanguage":"it-IT","potentialAction":[{"@type":"ReadAction","target":["https:\/\/svetslik.si\/it\/vincent-van-gogh\/sheaves-of-wheat\/"]}]},{"@type":"ImageObject","inLanguage":"it-IT","@id":"https:\/\/svetslik.si\/it\/vincent-van-gogh\/sheaves-of-wheat\/#primaryimage","url":"https:\/\/svetslik.si\/wp-content\/uploads\/2021\/08\/image_Sheaves-of-Wheat-van-Gogh_680.jpg","contentUrl":"https:\/\/svetslik.si\/wp-content\/uploads\/2021\/08\/image_Sheaves-of-Wheat-van-Gogh_680.jpg","width":1536,"height":752,"caption":"Vincent Van Gogh - Sheaves of Wheat - Reproduzioni dipinte a mano di famosi pittori, quadri moderni per pareti, quadri artistici per parete"},{"@type":"BreadcrumbList","@id":"https:\/\/svetslik.si\/it\/vincent-van-gogh\/sheaves-of-wheat\/#breadcrumb","itemListElement":[{"@type":"ListItem","position":1,"name":"Fali m\u0171v\u00e9szet \u00e9s festm\u00e9nyek v\u00e1szonra","item":"https:\/\/svetslik.si\/it\/"},{"@type":"ListItem","position":2,"name":"Vendita di dipinti","item":"https:\/\/svetslik.si\/prodaja-slik\/"},{"@type":"ListItem","position":3,"name":"Vincent van Gogh &#8211; Sheaves of Wheat"}]},{"@type":"WebSite","@id":"https:\/\/svetslik.si\/it\/#website","url":"https:\/\/svetslik.si\/it\/","name":"SVETSLIK.SI","description":"100% riproduzioni dipinte a mano di quadri di pittori famosi e dipinti su tela.","publisher":{"@id":"https:\/\/svetslik.si\/it\/#organization"},"potentialAction":[{"@type":"SearchAction","target":{"@type":"EntryPoint","urlTemplate":"https:\/\/svetslik.si\/it\/?s={search_term_string}"},"query-input":{"@type":"PropertyValueSpecification","valueRequired":true,"valueName":"search_term_string"}}],"inLanguage":"it-IT"},{"@type":"Organization","@id":"https:\/\/svetslik.si\/it\/#organization","name":"SvetSlik.si","url":"https:\/\/svetslik.si\/it\/","logo":{"@type":"ImageObject","inLanguage":"it-IT","@id":"https:\/\/svetslik.si\/it\/#\/schema\/logo\/image\/","url":"https:\/\/svetslik.si\/wp-content\/uploads\/2020\/12\/logo-512.png","contentUrl":"https:\/\/svetslik.si\/wp-content\/uploads\/2020\/12\/logo-512.png","width":512,"height":512,"caption":"SvetSlik.si"},"image":{"@id":"https:\/\/svetslik.si\/it\/#\/schema\/logo\/image\/"},"sameAs":["https:\/\/www.facebook.com\/svetslik.si","https:\/\/x.com\/svetslik","https:\/\/www.instagram.com\/svetslik.si\/","https:\/\/www.linkedin.com\/company\/svetslik-si"]}]},"og_availability":"backorder","product_availability":"available for order","product_retailer_item_id":"422__","product_condition":"new"},"jetpack_sharing_enabled":true,"_links":{"self":[{"href":"https:\/\/svetslik.si\/it\/wp-json\/wp\/v2\/product\/40077","targetHints":{"allow":["GET"]}}],"collection":[{"href":"https:\/\/svetslik.si\/it\/wp-json\/wp\/v2\/product"}],"about":[{"href":"https:\/\/svetslik.si\/it\/wp-json\/wp\/v2\/types\/product"}],"wp:featuredmedia":[{"embeddable":true,"href":"https:\/\/svetslik.si\/it\/wp-json\/wp\/v2\/media\/35557"}],"wp:attachment":[{"href":"https:\/\/svetslik.si\/it\/wp-json\/wp\/v2\/media?parent=40077"}],"wp:term":[{"taxonomy":"product_brand","embeddable":true,"href":"https:\/\/svetslik.si\/it\/wp-json\/wp\/v2\/product_brand?post=40077"},{"taxonomy":"product_cat","embeddable":true,"href":"https:\/\/svetslik.si\/it\/wp-json\/wp\/v2\/product_cat?post=40077"},{"taxonomy":"product_tag","embeddable":true,"href":"https:\/\/svetslik.si\/it\/wp-json\/wp\/v2\/product_tag?post=40077"}],"curies":[{"name":"wp","href":"https:\/\/api.w.org\/{rel}","templated":true}]}}