{"id":40240,"date":"2021-09-02T18:12:25","date_gmt":"2021-09-02T16:12:25","guid":{"rendered":"https:\/\/svetslik.si\/senza-categoria\/bather\/"},"modified":"2026-03-22T21:49:18","modified_gmt":"2026-03-22T20:49:18","slug":"bather","status":"publish","type":"product","link":"https:\/\/svetslik.si\/it\/paul-cezanne\/bather\/","title":{"rendered":"Paul Cezanne &#8211; Bather"},"content":{"rendered":"<h1>Paul Cezanne &#8211; Bagnante<\/h1>\n<p>\n&nbsp;<\/p>\n<table border=\"0\" cellpadding=\"0\" cellspacing=\"0\" style=\"width: 593px\" width=\"593\">\n<tr>\n<td height=\"20\">\nAnno di creazione:<\/td>\n<td style=\"width: 439px\">\n1885-1887<\/td>\n<\/tr>\n<tr>\n<td height=\"20\">\nDimensioni originali:<\/td>\n<td style=\"width: 439px\">\n127 x 97 cm<\/td>\n<\/tr>\n<tr>\n<td height=\"20\">\nStile di pittura:<\/td>\n<td style=\"width: 439px\">\nPost-impressionismo<\/td>\n<\/tr>\n<tr>\n<td height=\"20\">\nTecnica originale:<\/td>\n<td style=\"width: 439px\">\nOlio su tela<\/td>\n<\/tr>\n<tr>\n<td height=\"20\">\nSituato:<\/td>\n<td style=\"width: 439px\">\nMuseo di Arte Moderna, New York<\/p>\n<div>\n&nbsp;<\/div>\n<\/td>\n<\/tr>\n<\/tbody>\n<colgroup>\n<\/colgroup>\n<\/table>\n<p>\nL&#8217;olio su tela <em>La bagnante<\/em> \u00e8 uno dei dipinti di figure pi\u00f9 suggestivi di C\u00e9zanne, anche se il corpo e le braccia fragili non appartengono a nessun eroe e la resa \u00e8 goffa e imprecisa nel senso tradizionale del XIX secolo. Queste incongruenze possono essere classificate come moderne; sottolineano il fatto che, nonostante il rispetto dell&#8217;arte tradizionale, C\u00e9zanne ha raffigurato l&#8217;uomo nudo in un modo che si discosta dalla rappresentazione classica del Rinascimento. Ha lottato per un&#8217;arte che seguisse il ritmo del tempo e resistesse alle tradizioni del passato.<\/p>\n","protected":false},"excerpt":{"rendered":"<p>Paul Cezanne &#8211; Bagnante &nbsp; Anno di creazione: 1885-1887 Dimensioni originali: 127 x 97 cm Stile di pittura: Post-impressionismo Tecnica originale: Olio su tela Situato: Museo di Arte Moderna, New York &nbsp; L&#8217;olio su tela La bagnante \u00e8 uno dei dipinti di figure pi\u00f9 suggestivi di C\u00e9zanne, anche se il [&hellip;]<\/p>\n","protected":false},"featured_media":34933,"template":"","meta":{"_acf_changed":false},"product_brand":[],"product_cat":[4185],"product_tag":[4212,4245,4246,4253],"class_list":{"0":"post-40240","1":"product","2":"type-product","3":"status-publish","4":"has-post-thumbnail","6":"product_cat-paul-cezanne","7":"product_tag-cezanne-it","8":"product_tag-riproduzione","9":"product_tag-riproduzione-it","10":"product_tag-un-pittore","11":"pa_dimenzija-120-x-160-cm-it","12":"pa_dimenzija-40-x-50-cm-it","13":"pa_dimenzija-50-x-65-cm-it","14":"pa_dimenzija-60-x-80-cm-it","15":"pa_dimenzija-70-x-90-cm-it","16":"pa_dimenzija-80-x-100-cm-it","17":"pa_dimenzija-90-x-120-cm-it","18":"pa_dimenzija-97-x-127-cm-it","19":"pa_oblika-verticale","20":"pa_okvir-sensa-cornice","21":"pa_podokvir-no","22":"pa_podokvir-si","24":"first","25":"onbackorder","26":"purchasable","27":"product-type-variable","28":"has-default-attributes"},"acf":[],"yoast_head":"<!-- This site is optimized with the Yoast SEO Premium plugin v26.0 (Yoast SEO v27.2) - https:\/\/yoast.com\/product\/yoast-seo-premium-wordpress\/ -->\n<title>Paul Cezanne - Bather - SVETSLIK.SI - Dipinti a mano al 100%<\/title>\n<meta name=\"description\" content=\"Paul Cezanne - Bather - Riproduzioni di quadri d&#039;arte dipinte a mano al 100% su tela. Cornici per quadri, vendita e produzione di dimensioni su ordinazione.\" \/>\n<meta name=\"robots\" content=\"index, follow, max-snippet:-1, max-image-preview:large, max-video-preview:-1\" \/>\n<link rel=\"canonical\" href=\"https:\/\/svetslik.si\/it\/paul-cezanne\/bather\/\" \/>\n<meta property=\"og:locale\" content=\"it_IT\" \/>\n<meta property=\"og:type\" content=\"article\" \/>\n<meta property=\"og:title\" content=\"Paul Cezanne - Bather\" \/>\n<meta property=\"og:description\" content=\"100% ro\u010dno naslikane slike na platnu, reprodukcije znanih slikarjev in umetni\u0161ke slike po naro\u010dilu.\" \/>\n<meta property=\"og:url\" content=\"https:\/\/svetslik.si\/it\/paul-cezanne\/bather\/\" \/>\n<meta property=\"og:site_name\" content=\"SVETSLIK.SI\" \/>\n<meta property=\"article:publisher\" content=\"https:\/\/www.facebook.com\/svetslik.si\" \/>\n<meta property=\"article:modified_time\" content=\"2026-03-22T20:49:18+00:00\" \/>\n<meta property=\"og:image\" content=\"https:\/\/svetslik.si\/wp-content\/uploads\/2021\/08\/image_Bather-Paul-Czanne_680-scaled.jpg\" \/>\n\t<meta property=\"og:image:width\" content=\"1941\" \/>\n\t<meta property=\"og:image:height\" content=\"2560\" \/>\n\t<meta property=\"og:image:type\" content=\"image\/jpeg\" \/>\n<meta name=\"twitter:card\" content=\"summary_large_image\" \/>\n<meta name=\"twitter:site\" content=\"@svetslik\" \/>\n<meta name=\"twitter:label1\" content=\"Disponibilit\u00e0\" \/>\n\t<meta name=\"twitter:data1\" content=\"Su ordinazione\" \/>\n<script type=\"application\/ld+json\" class=\"yoast-schema-graph\">{\"@context\":\"https:\/\/schema.org\",\"@graph\":[{\"@type\":[\"WebPage\",\"ItemPage\"],\"@id\":\"https:\/\/svetslik.si\/it\/paul-cezanne\/bather\/\",\"url\":\"https:\/\/svetslik.si\/it\/paul-cezanne\/bather\/\",\"name\":\"Paul Cezanne - Bather - SVETSLIK.SI - Dipinti a mano al 100%\",\"isPartOf\":{\"@id\":\"https:\/\/svetslik.si\/it\/#website\"},\"primaryImageOfPage\":{\"@id\":\"https:\/\/svetslik.si\/it\/paul-cezanne\/bather\/#primaryimage\"},\"image\":{\"@id\":\"https:\/\/svetslik.si\/it\/paul-cezanne\/bather\/#primaryimage\"},\"thumbnailUrl\":\"https:\/\/svetslik.si\/wp-content\/uploads\/2021\/08\/image_Bather-Paul-Czanne_680-scaled.jpg\",\"datePublished\":\"2021-09-02T16:12:25+00:00\",\"dateModified\":\"2026-03-22T20:49:18+00:00\",\"description\":\"Paul Cezanne - Bather - Riproduzioni di quadri d'arte dipinte a mano al 100% su tela. Cornici per quadri, vendita e produzione di dimensioni su ordinazione.\",\"breadcrumb\":{\"@id\":\"https:\/\/svetslik.si\/it\/paul-cezanne\/bather\/#breadcrumb\"},\"inLanguage\":\"it-IT\",\"potentialAction\":[{\"@type\":\"ReadAction\",\"target\":[\"https:\/\/svetslik.si\/it\/paul-cezanne\/bather\/\"]}]},{\"@type\":\"ImageObject\",\"inLanguage\":\"it-IT\",\"@id\":\"https:\/\/svetslik.si\/it\/paul-cezanne\/bather\/#primaryimage\",\"url\":\"https:\/\/svetslik.si\/wp-content\/uploads\/2021\/08\/image_Bather-Paul-Czanne_680-scaled.jpg\",\"contentUrl\":\"https:\/\/svetslik.si\/wp-content\/uploads\/2021\/08\/image_Bather-Paul-Czanne_680-scaled.jpg\",\"width\":1941,\"height\":2560,\"caption\":\"Quadri murali dipinti a mano, quadri per pareti, quadri d'arte, quadri moderni, quadri ambientali, quadri astratti, quadri decorativi murali, acquisto e vendita di quadri - Colori del futuro - quadro d'arte multiplo\"},{\"@type\":\"BreadcrumbList\",\"@id\":\"https:\/\/svetslik.si\/it\/paul-cezanne\/bather\/#breadcrumb\",\"itemListElement\":[{\"@type\":\"ListItem\",\"position\":1,\"name\":\"Fali m\u0171v\u00e9szet \u00e9s festm\u00e9nyek v\u00e1szonra\",\"item\":\"https:\/\/svetslik.si\/it\/\"},{\"@type\":\"ListItem\",\"position\":2,\"name\":\"Vendita di dipinti\",\"item\":\"https:\/\/svetslik.si\/prodaja-slik\/\"},{\"@type\":\"ListItem\",\"position\":3,\"name\":\"Paul Cezanne &#8211; Bather\"}]},{\"@type\":\"WebSite\",\"@id\":\"https:\/\/svetslik.si\/it\/#website\",\"url\":\"https:\/\/svetslik.si\/it\/\",\"name\":\"SVETSLIK.SI\",\"description\":\"100% riproduzioni dipinte a mano di quadri di pittori famosi e dipinti su tela.\",\"publisher\":{\"@id\":\"https:\/\/svetslik.si\/it\/#organization\"},\"potentialAction\":[{\"@type\":\"SearchAction\",\"target\":{\"@type\":\"EntryPoint\",\"urlTemplate\":\"https:\/\/svetslik.si\/it\/?s={search_term_string}\"},\"query-input\":{\"@type\":\"PropertyValueSpecification\",\"valueRequired\":true,\"valueName\":\"search_term_string\"}}],\"inLanguage\":\"it-IT\"},{\"@type\":\"Organization\",\"@id\":\"https:\/\/svetslik.si\/it\/#organization\",\"name\":\"SvetSlik.si\",\"url\":\"https:\/\/svetslik.si\/it\/\",\"logo\":{\"@type\":\"ImageObject\",\"inLanguage\":\"it-IT\",\"@id\":\"https:\/\/svetslik.si\/it\/#\/schema\/logo\/image\/\",\"url\":\"https:\/\/svetslik.si\/wp-content\/uploads\/2020\/12\/logo-512.png\",\"contentUrl\":\"https:\/\/svetslik.si\/wp-content\/uploads\/2020\/12\/logo-512.png\",\"width\":512,\"height\":512,\"caption\":\"SvetSlik.si\"},\"image\":{\"@id\":\"https:\/\/svetslik.si\/it\/#\/schema\/logo\/image\/\"},\"sameAs\":[\"https:\/\/www.facebook.com\/svetslik.si\",\"https:\/\/x.com\/svetslik\",\"https:\/\/www.instagram.com\/svetslik.si\/\",\"https:\/\/www.linkedin.com\/company\/svetslik-si\"]}]}<\/script>\n<meta property=\"og:availability\" content=\"backorder\" \/>\n<meta property=\"product:availability\" content=\"available for order\" \/>\n<meta property=\"product:retailer_item_id\" content=\"464__\" \/>\n<meta property=\"product:condition\" content=\"new\" \/>\n<!-- \/ Yoast SEO Premium plugin. -->","yoast_head_json":{"title":"Paul Cezanne - Bather - SVETSLIK.SI - Dipinti a mano al 100%","description":"Paul Cezanne - Bather - Riproduzioni di quadri d'arte dipinte a mano al 100% su tela. Cornici per quadri, vendita e produzione di dimensioni su ordinazione.","robots":{"index":"index","follow":"follow","max-snippet":"max-snippet:-1","max-image-preview":"max-image-preview:large","max-video-preview":"max-video-preview:-1"},"canonical":"https:\/\/svetslik.si\/it\/paul-cezanne\/bather\/","og_locale":"it_IT","og_type":"article","og_title":"Paul Cezanne - Bather","og_description":"100% ro\u010dno naslikane slike na platnu, reprodukcije znanih slikarjev in umetni\u0161ke slike po naro\u010dilu.","og_url":"https:\/\/svetslik.si\/it\/paul-cezanne\/bather\/","og_site_name":"SVETSLIK.SI","article_publisher":"https:\/\/www.facebook.com\/svetslik.si","article_modified_time":"2026-03-22T20:49:18+00:00","og_image":[{"width":1941,"height":2560,"url":"https:\/\/svetslik.si\/wp-content\/uploads\/2021\/08\/image_Bather-Paul-Czanne_680-scaled.jpg","type":"image\/jpeg"}],"twitter_card":"summary_large_image","twitter_site":"@svetslik","twitter_misc":{"Disponibilit\u00e0":"Su ordinazione"},"schema":{"@context":"https:\/\/schema.org","@graph":[{"@type":["WebPage","ItemPage"],"@id":"https:\/\/svetslik.si\/it\/paul-cezanne\/bather\/","url":"https:\/\/svetslik.si\/it\/paul-cezanne\/bather\/","name":"Paul Cezanne - Bather - SVETSLIK.SI - Dipinti a mano al 100%","isPartOf":{"@id":"https:\/\/svetslik.si\/it\/#website"},"primaryImageOfPage":{"@id":"https:\/\/svetslik.si\/it\/paul-cezanne\/bather\/#primaryimage"},"image":{"@id":"https:\/\/svetslik.si\/it\/paul-cezanne\/bather\/#primaryimage"},"thumbnailUrl":"https:\/\/svetslik.si\/wp-content\/uploads\/2021\/08\/image_Bather-Paul-Czanne_680-scaled.jpg","datePublished":"2021-09-02T16:12:25+00:00","dateModified":"2026-03-22T20:49:18+00:00","description":"Paul Cezanne - Bather - Riproduzioni di quadri d'arte dipinte a mano al 100% su tela. Cornici per quadri, vendita e produzione di dimensioni su ordinazione.","breadcrumb":{"@id":"https:\/\/svetslik.si\/it\/paul-cezanne\/bather\/#breadcrumb"},"inLanguage":"it-IT","potentialAction":[{"@type":"ReadAction","target":["https:\/\/svetslik.si\/it\/paul-cezanne\/bather\/"]}]},{"@type":"ImageObject","inLanguage":"it-IT","@id":"https:\/\/svetslik.si\/it\/paul-cezanne\/bather\/#primaryimage","url":"https:\/\/svetslik.si\/wp-content\/uploads\/2021\/08\/image_Bather-Paul-Czanne_680-scaled.jpg","contentUrl":"https:\/\/svetslik.si\/wp-content\/uploads\/2021\/08\/image_Bather-Paul-Czanne_680-scaled.jpg","width":1941,"height":2560,"caption":"Quadri murali dipinti a mano, quadri per pareti, quadri d'arte, quadri moderni, quadri ambientali, quadri astratti, quadri decorativi murali, acquisto e vendita di quadri - Colori del futuro - quadro d'arte multiplo"},{"@type":"BreadcrumbList","@id":"https:\/\/svetslik.si\/it\/paul-cezanne\/bather\/#breadcrumb","itemListElement":[{"@type":"ListItem","position":1,"name":"Fali m\u0171v\u00e9szet \u00e9s festm\u00e9nyek v\u00e1szonra","item":"https:\/\/svetslik.si\/it\/"},{"@type":"ListItem","position":2,"name":"Vendita di dipinti","item":"https:\/\/svetslik.si\/prodaja-slik\/"},{"@type":"ListItem","position":3,"name":"Paul Cezanne &#8211; Bather"}]},{"@type":"WebSite","@id":"https:\/\/svetslik.si\/it\/#website","url":"https:\/\/svetslik.si\/it\/","name":"SVETSLIK.SI","description":"100% riproduzioni dipinte a mano di quadri di pittori famosi e dipinti su tela.","publisher":{"@id":"https:\/\/svetslik.si\/it\/#organization"},"potentialAction":[{"@type":"SearchAction","target":{"@type":"EntryPoint","urlTemplate":"https:\/\/svetslik.si\/it\/?s={search_term_string}"},"query-input":{"@type":"PropertyValueSpecification","valueRequired":true,"valueName":"search_term_string"}}],"inLanguage":"it-IT"},{"@type":"Organization","@id":"https:\/\/svetslik.si\/it\/#organization","name":"SvetSlik.si","url":"https:\/\/svetslik.si\/it\/","logo":{"@type":"ImageObject","inLanguage":"it-IT","@id":"https:\/\/svetslik.si\/it\/#\/schema\/logo\/image\/","url":"https:\/\/svetslik.si\/wp-content\/uploads\/2020\/12\/logo-512.png","contentUrl":"https:\/\/svetslik.si\/wp-content\/uploads\/2020\/12\/logo-512.png","width":512,"height":512,"caption":"SvetSlik.si"},"image":{"@id":"https:\/\/svetslik.si\/it\/#\/schema\/logo\/image\/"},"sameAs":["https:\/\/www.facebook.com\/svetslik.si","https:\/\/x.com\/svetslik","https:\/\/www.instagram.com\/svetslik.si\/","https:\/\/www.linkedin.com\/company\/svetslik-si"]}]},"og_availability":"backorder","product_availability":"available for order","product_retailer_item_id":"464__","product_condition":"new"},"jetpack_sharing_enabled":true,"_links":{"self":[{"href":"https:\/\/svetslik.si\/it\/wp-json\/wp\/v2\/product\/40240","targetHints":{"allow":["GET"]}}],"collection":[{"href":"https:\/\/svetslik.si\/it\/wp-json\/wp\/v2\/product"}],"about":[{"href":"https:\/\/svetslik.si\/it\/wp-json\/wp\/v2\/types\/product"}],"wp:featuredmedia":[{"embeddable":true,"href":"https:\/\/svetslik.si\/it\/wp-json\/wp\/v2\/media\/34933"}],"wp:attachment":[{"href":"https:\/\/svetslik.si\/it\/wp-json\/wp\/v2\/media?parent=40240"}],"wp:term":[{"taxonomy":"product_brand","embeddable":true,"href":"https:\/\/svetslik.si\/it\/wp-json\/wp\/v2\/product_brand?post=40240"},{"taxonomy":"product_cat","embeddable":true,"href":"https:\/\/svetslik.si\/it\/wp-json\/wp\/v2\/product_cat?post=40240"},{"taxonomy":"product_tag","embeddable":true,"href":"https:\/\/svetslik.si\/it\/wp-json\/wp\/v2\/product_tag?post=40240"}],"curies":[{"name":"wp","href":"https:\/\/api.w.org\/{rel}","templated":true}]}}