{"id":40375,"date":"2021-09-02T18:14:27","date_gmt":"2021-09-02T16:14:27","guid":{"rendered":"https:\/\/svetslik.si\/senza-categoria\/skull-with-burning-cigarette\/"},"modified":"2026-04-19T08:47:57","modified_gmt":"2026-04-19T06:47:57","slug":"skull-with-burning-cigarette","status":"publish","type":"product","link":"https:\/\/svetslik.si\/it\/vincent-van-gogh\/skull-with-burning-cigarette\/","title":{"rendered":"Vincent van Gogh &#8211; Skull with Burning Cigarette"},"content":{"rendered":"<h1>Vincent Van Gogh &#8211; Teschio con sigaretta accesa<\/h1>\n<p>&nbsp;<\/p>\n<table border=\"0\" width=\"497\" cellspacing=\"0\" cellpadding=\"0\">\n<tr>\n<td height=\"21\">Anno di creazione:<\/td>\n<td style=\"width: 343px\">1886<\/td>\n<\/tr>\n<tr>\n<td height=\"21\">Dimensione originale:<\/td>\n<td style=\"width: 343px\">24,5 cm x 32 cm<\/td>\n<\/tr>\n<tr>\n<td height=\"21\">Stile colore:<\/td>\n<td style=\"width: 343px\">Post impressionismo<\/td>\n<\/tr>\n<tr>\n<td height=\"21\">Tecnica originale:<\/td>\n<td style=\"width: 343px\">Olio su tela<\/td>\n<\/tr>\n<tr>\n<td height=\"21\">Situato:<\/td>\n<td style=\"width: 343px\">Museo Van Gogh, Paesi Bassi<\/td>\n<\/tr>\n<\/tbody>\n<colgroup>\n<col \/>\n<col \/> <\/colgroup>\n<\/table>\n<p>&nbsp;<\/p>\n<div>Questa immagine insolita e un po&#8217; oscura non \u00e8 datata. Van Gogh lo dipinse probabilmente nell&#8217;inverno 1885-89 durante il suo soggiorno ad Anversa, dove frequent\u00f2 l&#8217;Accademia delle Arti. Gli studenti di pittura spesso copiavano versioni stampate di opere d&#8217;arte e imparavano l&#8217;anatomia del corpo umano dipingendo scheletri.<\/div>\n<div>Il dipinto <em>Teschio con sigaretta accesa<\/em> era molto probabilmente inteso come uno scherzo, ma probabilmente anche come commento alla pratica accademica conservatrice ai tempi di Van Gogh.<\/div>\n<div><\/div>\n<div>\n<p>&#8220;Teschio con sigaretta accesa&#8221; dipinto dall&#8217;artista olandese Vincent van Gogh nel 1885-1886 \u00e8 un dipinto sorprendente e unico che mostra la sperimentazione dell&#8217;artista con tecniche e temi diversi. L&#8217;immagine mostra un teschio con una sigaretta accesa tra i denti su uno sfondo scuro. Il dipinto \u00e8 noto per il suo motivo oscuro e inquietante e per l&#8217;uso di pennellate spesse e prominenti e contrasti audaci.<\/p>\n<p>Teschio con sigaretta accesa \u00e8 un eccellente esempio dei primi lavori di Van Gogh ed \u00e8 considerato un precursore delle sue opere successive e pi\u00f9 famose. Il dipinto ha un tema oscuro e inquietante che differisce dai paesaggi pastorali e dai ritratti che caratterizzavano i primi lavori dell&#8217;artista. Pennellate dense e visibili e contrasti audaci creano un senso di movimento ed energia nel dipinto, mentre lo sfondo scuro crea un senso di drammaticit\u00e0 e tensione.<\/p>\n<p>Una delle caratteristiche pi\u00f9 sorprendenti del dipinto &#8220;Teschio con sigaretta accesa&#8221; \u00e8 l&#8217;uso del colore. L&#8217;uso di Van Gogh di colori scuri e tenui crea un senso di mistero e intrigo, e il teschio \u00e8 raffigurato nei toni del bianco e del grigio, creando un forte contrasto con lo sfondo scuro. Notevoli anche le pennellate, con tratti spessi e visibili che danno al dipinto un senso di movimento ed energia.<\/p>\n<p>Anche il simbolismo del dipinto \u00e8 ricco. Il teschio \u00e8 spesso considerato un simbolo di morte e la caducit\u00e0 della vita. Una sigaretta accesa potrebbe simboleggiare l&#8217;idea di una vita piena o l&#8217;idea della morte come compagna costante. Si dice che il dipinto rappresenti lo stato emotivo di Van Gogh in quel momento. Si ritiene che il dipinto sia stato creato in un momento in cui Van Gogh era molto irrequieto ed emotivamente disturbato, e si dice che il dipinto sia un riflesso del suo tumulto interiore.<\/p>\n<p>Il dipinto &#8220;Teschio con sigaretta accesa&#8221; \u00e8 considerato un&#8217;opera meno conosciuta di Van Gogh e non viene esposto cos\u00ec spesso come le altre sue opere. Tuttavia, \u00e8 ancora considerato un&#8217;opera importante dei suoi primi lavori e un&#8217;importante dimostrazione della sua sperimentazione con tecniche e temi diversi.<\/p>\n<p>In conclusione, &#8220;Teschio con sigaretta accesa&#8221; \u00e8 un dipinto sorprendente e unico che mostra la sperimentazione di Vincent van Gogh con tecniche e temi diversi. L&#8217;uso di colori scuri e calmi nell&#8217;immagine crea un senso di mistero e intrigo, e il teschio \u00e8 raffigurato nei toni del bianco e del grigio, creando un forte contrasto con lo sfondo scuro. Notevoli anche le pennellate con tratti densi e visibili che danno al dipinto un senso di movimento ed energia. Ricco anche il simbolismo del dipinto, che pu\u00f2 essere interpretato come un riflesso dello stato emotivo di Van Gogh in quel momento. Sebbene il dipinto non sia cos\u00ec noto come le altre sue opere, \u00e8 comunque considerato una parte importante dei suoi primi lavori e un&#8217;importante dimostrazione della sua sperimentazione con tecniche e temi diversi.<\/p>\n<\/div>\n<div><\/div>\n","protected":false},"excerpt":{"rendered":"<p>Vincent Van Gogh &#8211; Teschio con sigaretta accesa &nbsp; Anno di creazione: 1886 Dimensione originale: 24,5 cm x 32 cm Stile colore: Post impressionismo Tecnica originale: Olio su tela Situato: Museo Van Gogh, Paesi Bassi &nbsp; Questa immagine insolita e un po&#8217; oscura non \u00e8 datata. Van Gogh lo dipinse [&hellip;]<\/p>\n","protected":false},"featured_media":35560,"template":"","meta":{"_acf_changed":false},"product_brand":[],"product_cat":[4189],"product_tag":[4245,4246,4253,4265],"class_list":{"0":"post-40375","1":"product","2":"type-product","3":"status-publish","4":"has-post-thumbnail","6":"product_cat-vincent-van-gogh","7":"product_tag-riproduzione","8":"product_tag-riproduzione-it","9":"product_tag-un-pittore","10":"product_tag-van-gogh-it","11":"pa_dimenzija-100-x-130-cm-it","12":"pa_dimenzija-120-x-160-cm-it","13":"pa_dimenzija-25-x-32-cm-it","14":"pa_dimenzija-30-x-40-cm-it","15":"pa_dimenzija-40-x-50-cm-it","16":"pa_dimenzija-50-x-65-cm-it","17":"pa_dimenzija-60-x-80-cm-it","18":"pa_dimenzija-80-x-100-cm-it","19":"pa_oblika-verticale","20":"pa_okvir-sensa-cornice","22":"pa_podokvir-no","23":"pa_podokvir-si","25":"first","26":"onbackorder","27":"purchasable","28":"product-type-variable","29":"has-default-attributes"},"acf":[],"yoast_head":"<!-- This site is optimized with the Yoast SEO Premium plugin v26.0 (Yoast SEO v27.2) - https:\/\/yoast.com\/product\/yoast-seo-premium-wordpress\/ -->\n<title>Vincent van Gogh - Skull with Burning Cigarette - SVETSLIK.SI - Dipinti a mano al 100%<\/title>\n<meta name=\"description\" content=\"Vincent van Gogh - Skull with Burning Cigarette - Riproduzioni di quadri d&#039;arte dipinte a mano al 100% su tela. Cornici per quadri, vendita e produzione di dimensioni su ordinazione.\" \/>\n<meta name=\"robots\" content=\"index, follow, max-snippet:-1, max-image-preview:large, max-video-preview:-1\" \/>\n<link rel=\"canonical\" href=\"https:\/\/svetslik.si\/it\/vincent-van-gogh\/skull-with-burning-cigarette\/\" \/>\n<meta property=\"og:locale\" content=\"it_IT\" \/>\n<meta property=\"og:type\" content=\"article\" \/>\n<meta property=\"og:title\" content=\"Vincent van Gogh - Skull with Burning Cigarette\" \/>\n<meta property=\"og:description\" content=\"100% ro\u010dno naslikane slike na platnu, reprodukcije znanih slikarjev in umetni\u0161ke slike po naro\u010dilu.\" \/>\n<meta property=\"og:url\" content=\"https:\/\/svetslik.si\/it\/vincent-van-gogh\/skull-with-burning-cigarette\/\" \/>\n<meta property=\"og:site_name\" content=\"SVETSLIK.SI\" \/>\n<meta property=\"article:publisher\" content=\"https:\/\/www.facebook.com\/svetslik.si\" \/>\n<meta property=\"article:modified_time\" content=\"2026-04-19T06:47:57+00:00\" \/>\n<meta property=\"og:image\" content=\"https:\/\/svetslik.si\/wp-content\/uploads\/2021\/08\/image_Skull-with-Burning-cigarette-van-Gogh_680-scaled.jpg\" \/>\n\t<meta property=\"og:image:width\" content=\"1902\" \/>\n\t<meta property=\"og:image:height\" content=\"2560\" \/>\n\t<meta property=\"og:image:type\" content=\"image\/jpeg\" \/>\n<meta name=\"twitter:card\" content=\"summary_large_image\" \/>\n<meta name=\"twitter:site\" content=\"@svetslik\" \/>\n<meta name=\"twitter:label1\" content=\"Disponibilit\u00e0\" \/>\n\t<meta name=\"twitter:data1\" content=\"Su ordinazione\" \/>\n<script type=\"application\/ld+json\" class=\"yoast-schema-graph\">{\"@context\":\"https:\/\/schema.org\",\"@graph\":[{\"@type\":[\"WebPage\",\"ItemPage\"],\"@id\":\"https:\/\/svetslik.si\/it\/vincent-van-gogh\/skull-with-burning-cigarette\/\",\"url\":\"https:\/\/svetslik.si\/it\/vincent-van-gogh\/skull-with-burning-cigarette\/\",\"name\":\"Vincent van Gogh - Skull with Burning Cigarette - SVETSLIK.SI - Dipinti a mano al 100%\",\"isPartOf\":{\"@id\":\"https:\/\/svetslik.si\/it\/#website\"},\"primaryImageOfPage\":{\"@id\":\"https:\/\/svetslik.si\/it\/vincent-van-gogh\/skull-with-burning-cigarette\/#primaryimage\"},\"image\":{\"@id\":\"https:\/\/svetslik.si\/it\/vincent-van-gogh\/skull-with-burning-cigarette\/#primaryimage\"},\"thumbnailUrl\":\"https:\/\/svetslik.si\/wp-content\/uploads\/2021\/08\/image_Skull-with-Burning-cigarette-van-Gogh_680-scaled.jpg\",\"datePublished\":\"2021-09-02T16:14:27+00:00\",\"dateModified\":\"2026-04-19T06:47:57+00:00\",\"description\":\"Vincent van Gogh - Skull with Burning Cigarette - Riproduzioni di quadri d'arte dipinte a mano al 100% su tela. Cornici per quadri, vendita e produzione di dimensioni su ordinazione.\",\"breadcrumb\":{\"@id\":\"https:\/\/svetslik.si\/it\/vincent-van-gogh\/skull-with-burning-cigarette\/#breadcrumb\"},\"inLanguage\":\"it-IT\",\"potentialAction\":[{\"@type\":\"ReadAction\",\"target\":[\"https:\/\/svetslik.si\/it\/vincent-van-gogh\/skull-with-burning-cigarette\/\"]}]},{\"@type\":\"ImageObject\",\"inLanguage\":\"it-IT\",\"@id\":\"https:\/\/svetslik.si\/it\/vincent-van-gogh\/skull-with-burning-cigarette\/#primaryimage\",\"url\":\"https:\/\/svetslik.si\/wp-content\/uploads\/2021\/08\/image_Skull-with-Burning-cigarette-van-Gogh_680-scaled.jpg\",\"contentUrl\":\"https:\/\/svetslik.si\/wp-content\/uploads\/2021\/08\/image_Skull-with-Burning-cigarette-van-Gogh_680-scaled.jpg\",\"width\":1902,\"height\":2560,\"caption\":\"Vincent Van Gogh - Teschio con sigaretta accesa - Riproduzioni di pittori famosi, arte moderna della parete, arte della parete\"},{\"@type\":\"BreadcrumbList\",\"@id\":\"https:\/\/svetslik.si\/it\/vincent-van-gogh\/skull-with-burning-cigarette\/#breadcrumb\",\"itemListElement\":[{\"@type\":\"ListItem\",\"position\":1,\"name\":\"Fali m\u0171v\u00e9szet \u00e9s festm\u00e9nyek v\u00e1szonra\",\"item\":\"https:\/\/svetslik.si\/it\/\"},{\"@type\":\"ListItem\",\"position\":2,\"name\":\"Vendita di dipinti\",\"item\":\"https:\/\/svetslik.si\/prodaja-slik\/\"},{\"@type\":\"ListItem\",\"position\":3,\"name\":\"Vincent van Gogh &#8211; Skull with Burning Cigarette\"}]},{\"@type\":\"WebSite\",\"@id\":\"https:\/\/svetslik.si\/it\/#website\",\"url\":\"https:\/\/svetslik.si\/it\/\",\"name\":\"SVETSLIK.SI\",\"description\":\"100% riproduzioni dipinte a mano di quadri di pittori famosi e dipinti su tela.\",\"publisher\":{\"@id\":\"https:\/\/svetslik.si\/it\/#organization\"},\"potentialAction\":[{\"@type\":\"SearchAction\",\"target\":{\"@type\":\"EntryPoint\",\"urlTemplate\":\"https:\/\/svetslik.si\/it\/?s={search_term_string}\"},\"query-input\":{\"@type\":\"PropertyValueSpecification\",\"valueRequired\":true,\"valueName\":\"search_term_string\"}}],\"inLanguage\":\"it-IT\"},{\"@type\":\"Organization\",\"@id\":\"https:\/\/svetslik.si\/it\/#organization\",\"name\":\"SvetSlik.si\",\"url\":\"https:\/\/svetslik.si\/it\/\",\"logo\":{\"@type\":\"ImageObject\",\"inLanguage\":\"it-IT\",\"@id\":\"https:\/\/svetslik.si\/it\/#\/schema\/logo\/image\/\",\"url\":\"https:\/\/svetslik.si\/wp-content\/uploads\/2020\/12\/logo-512.png\",\"contentUrl\":\"https:\/\/svetslik.si\/wp-content\/uploads\/2020\/12\/logo-512.png\",\"width\":512,\"height\":512,\"caption\":\"SvetSlik.si\"},\"image\":{\"@id\":\"https:\/\/svetslik.si\/it\/#\/schema\/logo\/image\/\"},\"sameAs\":[\"https:\/\/www.facebook.com\/svetslik.si\",\"https:\/\/x.com\/svetslik\",\"https:\/\/www.instagram.com\/svetslik.si\/\",\"https:\/\/www.linkedin.com\/company\/svetslik-si\"]}]}<\/script>\n<meta property=\"og:availability\" content=\"backorder\" \/>\n<meta property=\"product:availability\" content=\"available for order\" \/>\n<meta property=\"product:retailer_item_id\" content=\"484__\" \/>\n<meta property=\"product:condition\" content=\"new\" \/>\n<!-- \/ Yoast SEO Premium plugin. -->","yoast_head_json":{"title":"Vincent van Gogh - Skull with Burning Cigarette - SVETSLIK.SI - Dipinti a mano al 100%","description":"Vincent van Gogh - Skull with Burning Cigarette - Riproduzioni di quadri d'arte dipinte a mano al 100% su tela. Cornici per quadri, vendita e produzione di dimensioni su ordinazione.","robots":{"index":"index","follow":"follow","max-snippet":"max-snippet:-1","max-image-preview":"max-image-preview:large","max-video-preview":"max-video-preview:-1"},"canonical":"https:\/\/svetslik.si\/it\/vincent-van-gogh\/skull-with-burning-cigarette\/","og_locale":"it_IT","og_type":"article","og_title":"Vincent van Gogh - Skull with Burning Cigarette","og_description":"100% ro\u010dno naslikane slike na platnu, reprodukcije znanih slikarjev in umetni\u0161ke slike po naro\u010dilu.","og_url":"https:\/\/svetslik.si\/it\/vincent-van-gogh\/skull-with-burning-cigarette\/","og_site_name":"SVETSLIK.SI","article_publisher":"https:\/\/www.facebook.com\/svetslik.si","article_modified_time":"2026-04-19T06:47:57+00:00","og_image":[{"width":1902,"height":2560,"url":"https:\/\/svetslik.si\/wp-content\/uploads\/2021\/08\/image_Skull-with-Burning-cigarette-van-Gogh_680-scaled.jpg","type":"image\/jpeg"}],"twitter_card":"summary_large_image","twitter_site":"@svetslik","twitter_misc":{"Disponibilit\u00e0":"Su ordinazione"},"schema":{"@context":"https:\/\/schema.org","@graph":[{"@type":["WebPage","ItemPage"],"@id":"https:\/\/svetslik.si\/it\/vincent-van-gogh\/skull-with-burning-cigarette\/","url":"https:\/\/svetslik.si\/it\/vincent-van-gogh\/skull-with-burning-cigarette\/","name":"Vincent van Gogh - Skull with Burning Cigarette - SVETSLIK.SI - Dipinti a mano al 100%","isPartOf":{"@id":"https:\/\/svetslik.si\/it\/#website"},"primaryImageOfPage":{"@id":"https:\/\/svetslik.si\/it\/vincent-van-gogh\/skull-with-burning-cigarette\/#primaryimage"},"image":{"@id":"https:\/\/svetslik.si\/it\/vincent-van-gogh\/skull-with-burning-cigarette\/#primaryimage"},"thumbnailUrl":"https:\/\/svetslik.si\/wp-content\/uploads\/2021\/08\/image_Skull-with-Burning-cigarette-van-Gogh_680-scaled.jpg","datePublished":"2021-09-02T16:14:27+00:00","dateModified":"2026-04-19T06:47:57+00:00","description":"Vincent van Gogh - Skull with Burning Cigarette - Riproduzioni di quadri d'arte dipinte a mano al 100% su tela. Cornici per quadri, vendita e produzione di dimensioni su ordinazione.","breadcrumb":{"@id":"https:\/\/svetslik.si\/it\/vincent-van-gogh\/skull-with-burning-cigarette\/#breadcrumb"},"inLanguage":"it-IT","potentialAction":[{"@type":"ReadAction","target":["https:\/\/svetslik.si\/it\/vincent-van-gogh\/skull-with-burning-cigarette\/"]}]},{"@type":"ImageObject","inLanguage":"it-IT","@id":"https:\/\/svetslik.si\/it\/vincent-van-gogh\/skull-with-burning-cigarette\/#primaryimage","url":"https:\/\/svetslik.si\/wp-content\/uploads\/2021\/08\/image_Skull-with-Burning-cigarette-van-Gogh_680-scaled.jpg","contentUrl":"https:\/\/svetslik.si\/wp-content\/uploads\/2021\/08\/image_Skull-with-Burning-cigarette-van-Gogh_680-scaled.jpg","width":1902,"height":2560,"caption":"Vincent Van Gogh - Teschio con sigaretta accesa - Riproduzioni di pittori famosi, arte moderna della parete, arte della parete"},{"@type":"BreadcrumbList","@id":"https:\/\/svetslik.si\/it\/vincent-van-gogh\/skull-with-burning-cigarette\/#breadcrumb","itemListElement":[{"@type":"ListItem","position":1,"name":"Fali m\u0171v\u00e9szet \u00e9s festm\u00e9nyek v\u00e1szonra","item":"https:\/\/svetslik.si\/it\/"},{"@type":"ListItem","position":2,"name":"Vendita di dipinti","item":"https:\/\/svetslik.si\/prodaja-slik\/"},{"@type":"ListItem","position":3,"name":"Vincent van Gogh &#8211; Skull with Burning Cigarette"}]},{"@type":"WebSite","@id":"https:\/\/svetslik.si\/it\/#website","url":"https:\/\/svetslik.si\/it\/","name":"SVETSLIK.SI","description":"100% riproduzioni dipinte a mano di quadri di pittori famosi e dipinti su tela.","publisher":{"@id":"https:\/\/svetslik.si\/it\/#organization"},"potentialAction":[{"@type":"SearchAction","target":{"@type":"EntryPoint","urlTemplate":"https:\/\/svetslik.si\/it\/?s={search_term_string}"},"query-input":{"@type":"PropertyValueSpecification","valueRequired":true,"valueName":"search_term_string"}}],"inLanguage":"it-IT"},{"@type":"Organization","@id":"https:\/\/svetslik.si\/it\/#organization","name":"SvetSlik.si","url":"https:\/\/svetslik.si\/it\/","logo":{"@type":"ImageObject","inLanguage":"it-IT","@id":"https:\/\/svetslik.si\/it\/#\/schema\/logo\/image\/","url":"https:\/\/svetslik.si\/wp-content\/uploads\/2020\/12\/logo-512.png","contentUrl":"https:\/\/svetslik.si\/wp-content\/uploads\/2020\/12\/logo-512.png","width":512,"height":512,"caption":"SvetSlik.si"},"image":{"@id":"https:\/\/svetslik.si\/it\/#\/schema\/logo\/image\/"},"sameAs":["https:\/\/www.facebook.com\/svetslik.si","https:\/\/x.com\/svetslik","https:\/\/www.instagram.com\/svetslik.si\/","https:\/\/www.linkedin.com\/company\/svetslik-si"]}]},"og_availability":"backorder","product_availability":"available for order","product_retailer_item_id":"484__","product_condition":"new"},"jetpack_sharing_enabled":true,"_links":{"self":[{"href":"https:\/\/svetslik.si\/it\/wp-json\/wp\/v2\/product\/40375","targetHints":{"allow":["GET"]}}],"collection":[{"href":"https:\/\/svetslik.si\/it\/wp-json\/wp\/v2\/product"}],"about":[{"href":"https:\/\/svetslik.si\/it\/wp-json\/wp\/v2\/types\/product"}],"wp:featuredmedia":[{"embeddable":true,"href":"https:\/\/svetslik.si\/it\/wp-json\/wp\/v2\/media\/35560"}],"wp:attachment":[{"href":"https:\/\/svetslik.si\/it\/wp-json\/wp\/v2\/media?parent=40375"}],"wp:term":[{"taxonomy":"product_brand","embeddable":true,"href":"https:\/\/svetslik.si\/it\/wp-json\/wp\/v2\/product_brand?post=40375"},{"taxonomy":"product_cat","embeddable":true,"href":"https:\/\/svetslik.si\/it\/wp-json\/wp\/v2\/product_cat?post=40375"},{"taxonomy":"product_tag","embeddable":true,"href":"https:\/\/svetslik.si\/it\/wp-json\/wp\/v2\/product_tag?post=40375"}],"curies":[{"name":"wp","href":"https:\/\/api.w.org\/{rel}","templated":true}]}}