{"id":40384,"date":"2021-09-02T18:14:44","date_gmt":"2021-09-02T16:14:44","guid":{"rendered":"https:\/\/svetslik.si\/senza-categoria\/the-cardplayers\/"},"modified":"2026-03-22T21:51:55","modified_gmt":"2026-03-22T20:51:55","slug":"the-cardplayers","status":"publish","type":"product","link":"https:\/\/svetslik.si\/it\/paul-cezanne\/the-cardplayers\/","title":{"rendered":"Paul Cezanne &#8211; The Cardplayers"},"content":{"rendered":"<h1>Paul Cezanne &#8211; I giocatori di carte<\/h1>\n<p>&nbsp;<\/p>\n<table border=\"0\" width=\"619\" cellspacing=\"0\" cellpadding=\"0\">\n<tr>\n<td height=\"21\">Anno di creazione:<\/td>\n<td style=\"width: 439px\">1890-1892<\/td>\n<\/tr>\n<tr>\n<td height=\"21\">Dimensione originale:<\/td>\n<td style=\"width: 439px\">44,4 cm x 56,3 cm<\/td>\n<\/tr>\n<tr>\n<td height=\"21\">Stile colore:<\/td>\n<td style=\"width: 439px\">Post impressionismo<\/td>\n<\/tr>\n<tr>\n<td height=\"21\">Tecnica originale:<\/td>\n<td style=\"width: 439px\">Olio su tela<\/td>\n<\/tr>\n<tr>\n<td height=\"21\">Situato:<\/td>\n<td style=\"width: 439px\">Muzey Orsey, Parigi<\/td>\n<\/tr>\n<\/tbody>\n<colgroup>\n<col \/>\n<col \/> <\/colgroup>\n<\/table>\n<p>L&#8217;olio su tela <em>I giocatori di carte<\/em> \u00e8 solo uno dei numerosi dipinti di C\u00e9zanne con il motivo di giocatori di carte maschili in un caff\u00e8. In questo dipinto la bottiglia sul tavolo divide la composizione in due parti, richiamando l&#8217;attenzione sui toni chiari e scuri degli abiti delle due figure. L&#8217;olio su tela di C\u00e9zanne <em>The Cardplayers<\/em> non \u00e8 tanto un ritratto di due uomini quanto un&#8217;esplorazione del potenziale delle sfumature di colore.<\/p>\n<p>Il dipinto ha battuto il record per l&#8217;opera d&#8217;arte pi\u00f9 costosa del mondo. Nel febbraio 2012, la famiglia reale del Qatar ha acquistato <strong>I giocatori di carte<\/strong> di C\u00e9zanne per oltre 250 milioni di dollari, superando il record di 142,7 milioni di dollari stabilito nel 2006 per &#8220;No. 5 1948&#8221; di Jackson Pollock e diventando il pi\u00f9 caro immagine. I Giocatori di Carte \u00e8 una delle opere rappresentative pi\u00f9 importanti del pittore, il dipinto raffigura due contadini che giocano a carte, ritrae fedelmente le espressioni facciali e le spalle curve dei contadini che meditano attentamente mentre giocano a carte, e raffigura vividamente il mondo interiore e i tratti della personalit\u00e0 di i personaggi. Nel sistemare il rapporto tra la collocazione dei personaggi e degli oggetti di scena e l&#8217;ambiente, il pittore ha deliberatamente rafforzato la parte in ombra del contorno e, con vari triangoli e cambi di angolo retto, ha enfatizzato il contrasto tra i toni rosso-bruno e il blu, che non solo ha enfatizzato il personaggio principale, ma ha anche ottenuto un effetto stabile delle strutture di connessione delle linee.<\/p>\n<p>C\u00e9zanne ha dipinto un totale di 5 &#8220;cartars&#8221;, ciascuno con un&#8217;immagine leggermente diversa, per studiare l&#8217;effetto in ambienti diversi. Gli altri quattro dipinti della serie Card Players sono tutti nelle collezioni dei principali musei di tutto il mondo, tra cui il Mus\u00e9e d&#8217;Orsay di Parigi, il Metropolitan Museum of Art di New York, il Courtold Institute di Londra e il Barnes Art Museum a Filadelfia. L&#8217;unico nella collezione di un collezionista privato, The Card Players, considerato il &#8220;pi\u00f9 oscuro&#8221; della serie, fu creato intorno al 1895. L&#8217;opera era una volta nella collezione privata del re delle spedizioni greche George Amy Biliks, che raramente prestava l&#8217;opera. Nel 2011 c&#8217;\u00e8 stata una mostra speciale per la serie &#8220;Card Player&#8221; al Metropolitan Museum of Art di New York, dove erano &#8220;presenti&#8221; tutti e quattro i dipinti della collezione dei musei di tutto il mondo, ma mancava solo la sua mano . Dalla morte del re armatore greco, i pi\u00f9 grandi mercanti d&#8217;arte del mondo speravano di acquistare &#8220;Il giocatore di carte&#8221; di C\u00e9zanne. Alla fine, la famiglia reale del Qatar ha offerto 250 milioni di dollari per il lavoro. Questo prezzo di transazione ha anche battuto il record per una singola transazione artistica.<\/p>\n","protected":false},"excerpt":{"rendered":"<p>Paul Cezanne &#8211; I giocatori di carte &nbsp; Anno di creazione: 1890-1892 Dimensione originale: 44,4 cm x 56,3 cm Stile colore: Post impressionismo Tecnica originale: Olio su tela Situato: Muzey Orsey, Parigi L&#8217;olio su tela I giocatori di carte \u00e8 solo uno dei numerosi dipinti di C\u00e9zanne con il motivo [&hellip;]<\/p>\n","protected":false},"featured_media":35694,"template":"","meta":{"_acf_changed":false},"product_brand":[],"product_cat":[4185],"product_tag":[4212,4245,4246,4253],"class_list":{"0":"post-40384","1":"product","2":"type-product","3":"status-publish","4":"has-post-thumbnail","6":"product_cat-paul-cezanne","7":"product_tag-cezanne-it","8":"product_tag-riproduzione","9":"product_tag-riproduzione-it","10":"product_tag-un-pittore","11":"pa_dimenzija-100-x-80-cm-it","12":"pa_dimenzija-120-x-100-cm-it","13":"pa_dimenzija-150-x-120-cm-it","14":"pa_dimenzija-50-x-40-cm-it","15":"pa_dimenzija-56-x-44-cm-it","16":"pa_dimenzija-70-x-55-cm-it","17":"pa_dimenzija-80-x-60-cm-it","18":"pa_dimenzija-90-x-70-cm-it","19":"pa_oblika-orizzontale","20":"pa_okvir-sensa-cornice","21":"pa_podokvir-no","22":"pa_podokvir-si","24":"first","25":"onbackorder","26":"purchasable","27":"product-type-variable","28":"has-default-attributes"},"acf":[],"yoast_head":"<!-- This site is optimized with the Yoast SEO Premium plugin v26.0 (Yoast SEO v27.2) - https:\/\/yoast.com\/product\/yoast-seo-premium-wordpress\/ -->\n<title>Paul Cezanne - The Cardplayers - SVETSLIK.SI - Dipinti a mano al 100%<\/title>\n<meta name=\"description\" content=\"Paul Cezanne - The Cardplayers - Riproduzioni di quadri d&#039;arte dipinte a mano al 100% su tela. Cornici per quadri, vendita e produzione di dimensioni su ordinazione.\" \/>\n<meta name=\"robots\" content=\"index, follow, max-snippet:-1, max-image-preview:large, max-video-preview:-1\" \/>\n<link rel=\"canonical\" href=\"https:\/\/svetslik.si\/it\/paul-cezanne\/the-cardplayers\/\" \/>\n<meta property=\"og:locale\" content=\"it_IT\" \/>\n<meta property=\"og:type\" content=\"article\" \/>\n<meta property=\"og:title\" content=\"Paul Cezanne - The Cardplayers\" \/>\n<meta property=\"og:description\" content=\"100% ro\u010dno naslikane slike na platnu, reprodukcije znanih slikarjev in umetni\u0161ke slike po naro\u010dilu.\" \/>\n<meta property=\"og:url\" content=\"https:\/\/svetslik.si\/it\/paul-cezanne\/the-cardplayers\/\" \/>\n<meta property=\"og:site_name\" content=\"SVETSLIK.SI\" \/>\n<meta property=\"article:publisher\" content=\"https:\/\/www.facebook.com\/svetslik.si\" \/>\n<meta property=\"article:modified_time\" content=\"2026-03-22T20:51:55+00:00\" \/>\n<meta property=\"og:image\" content=\"https:\/\/svetslik.si\/wp-content\/uploads\/2021\/08\/image_The-Cardplayers-Paul-Czanne_680.jpg\" \/>\n\t<meta property=\"og:image:width\" content=\"2048\" \/>\n\t<meta property=\"og:image:height\" content=\"1705\" \/>\n\t<meta property=\"og:image:type\" content=\"image\/jpeg\" \/>\n<meta name=\"twitter:card\" content=\"summary_large_image\" \/>\n<meta name=\"twitter:site\" content=\"@svetslik\" \/>\n<meta name=\"twitter:label1\" content=\"Disponibilit\u00e0\" \/>\n\t<meta name=\"twitter:data1\" content=\"Su ordinazione\" \/>\n<script type=\"application\/ld+json\" class=\"yoast-schema-graph\">{\"@context\":\"https:\/\/schema.org\",\"@graph\":[{\"@type\":[\"WebPage\",\"ItemPage\"],\"@id\":\"https:\/\/svetslik.si\/it\/paul-cezanne\/the-cardplayers\/\",\"url\":\"https:\/\/svetslik.si\/it\/paul-cezanne\/the-cardplayers\/\",\"name\":\"Paul Cezanne - The Cardplayers - SVETSLIK.SI - Dipinti a mano al 100%\",\"isPartOf\":{\"@id\":\"https:\/\/svetslik.si\/it\/#website\"},\"primaryImageOfPage\":{\"@id\":\"https:\/\/svetslik.si\/it\/paul-cezanne\/the-cardplayers\/#primaryimage\"},\"image\":{\"@id\":\"https:\/\/svetslik.si\/it\/paul-cezanne\/the-cardplayers\/#primaryimage\"},\"thumbnailUrl\":\"https:\/\/svetslik.si\/wp-content\/uploads\/2021\/08\/image_The-Cardplayers-Paul-Czanne_680.jpg\",\"datePublished\":\"2021-09-02T16:14:44+00:00\",\"dateModified\":\"2026-03-22T20:51:55+00:00\",\"description\":\"Paul Cezanne - The Cardplayers - Riproduzioni di quadri d'arte dipinte a mano al 100% su tela. Cornici per quadri, vendita e produzione di dimensioni su ordinazione.\",\"breadcrumb\":{\"@id\":\"https:\/\/svetslik.si\/it\/paul-cezanne\/the-cardplayers\/#breadcrumb\"},\"inLanguage\":\"it-IT\",\"potentialAction\":[{\"@type\":\"ReadAction\",\"target\":[\"https:\/\/svetslik.si\/it\/paul-cezanne\/the-cardplayers\/\"]}]},{\"@type\":\"ImageObject\",\"inLanguage\":\"it-IT\",\"@id\":\"https:\/\/svetslik.si\/it\/paul-cezanne\/the-cardplayers\/#primaryimage\",\"url\":\"https:\/\/svetslik.si\/wp-content\/uploads\/2021\/08\/image_The-Cardplayers-Paul-Czanne_680.jpg\",\"contentUrl\":\"https:\/\/svetslik.si\/wp-content\/uploads\/2021\/08\/image_The-Cardplayers-Paul-Czanne_680.jpg\",\"width\":2048,\"height\":1705,\"caption\":\"Paul Cezanne - I Giocatori di Carte - Riproduzioni dipinte a mano di famosi pittori, quadri moderni, quadri d'arte per parete\"},{\"@type\":\"BreadcrumbList\",\"@id\":\"https:\/\/svetslik.si\/it\/paul-cezanne\/the-cardplayers\/#breadcrumb\",\"itemListElement\":[{\"@type\":\"ListItem\",\"position\":1,\"name\":\"Fali m\u0171v\u00e9szet \u00e9s festm\u00e9nyek v\u00e1szonra\",\"item\":\"https:\/\/svetslik.si\/it\/\"},{\"@type\":\"ListItem\",\"position\":2,\"name\":\"Vendita di dipinti\",\"item\":\"https:\/\/svetslik.si\/prodaja-slik\/\"},{\"@type\":\"ListItem\",\"position\":3,\"name\":\"Paul Cezanne &#8211; The Cardplayers\"}]},{\"@type\":\"WebSite\",\"@id\":\"https:\/\/svetslik.si\/it\/#website\",\"url\":\"https:\/\/svetslik.si\/it\/\",\"name\":\"SVETSLIK.SI\",\"description\":\"100% riproduzioni dipinte a mano di quadri di pittori famosi e dipinti su tela.\",\"publisher\":{\"@id\":\"https:\/\/svetslik.si\/it\/#organization\"},\"potentialAction\":[{\"@type\":\"SearchAction\",\"target\":{\"@type\":\"EntryPoint\",\"urlTemplate\":\"https:\/\/svetslik.si\/it\/?s={search_term_string}\"},\"query-input\":{\"@type\":\"PropertyValueSpecification\",\"valueRequired\":true,\"valueName\":\"search_term_string\"}}],\"inLanguage\":\"it-IT\"},{\"@type\":\"Organization\",\"@id\":\"https:\/\/svetslik.si\/it\/#organization\",\"name\":\"SvetSlik.si\",\"url\":\"https:\/\/svetslik.si\/it\/\",\"logo\":{\"@type\":\"ImageObject\",\"inLanguage\":\"it-IT\",\"@id\":\"https:\/\/svetslik.si\/it\/#\/schema\/logo\/image\/\",\"url\":\"https:\/\/svetslik.si\/wp-content\/uploads\/2020\/12\/logo-512.png\",\"contentUrl\":\"https:\/\/svetslik.si\/wp-content\/uploads\/2020\/12\/logo-512.png\",\"width\":512,\"height\":512,\"caption\":\"SvetSlik.si\"},\"image\":{\"@id\":\"https:\/\/svetslik.si\/it\/#\/schema\/logo\/image\/\"},\"sameAs\":[\"https:\/\/www.facebook.com\/svetslik.si\",\"https:\/\/x.com\/svetslik\",\"https:\/\/www.instagram.com\/svetslik.si\/\",\"https:\/\/www.linkedin.com\/company\/svetslik-si\"]}]}<\/script>\n<meta property=\"og:availability\" content=\"backorder\" \/>\n<meta property=\"product:availability\" content=\"available for order\" \/>\n<meta property=\"product:retailer_item_id\" content=\"485__\" \/>\n<meta property=\"product:condition\" content=\"new\" \/>\n<!-- \/ Yoast SEO Premium plugin. -->","yoast_head_json":{"title":"Paul Cezanne - The Cardplayers - SVETSLIK.SI - Dipinti a mano al 100%","description":"Paul Cezanne - The Cardplayers - Riproduzioni di quadri d'arte dipinte a mano al 100% su tela. Cornici per quadri, vendita e produzione di dimensioni su ordinazione.","robots":{"index":"index","follow":"follow","max-snippet":"max-snippet:-1","max-image-preview":"max-image-preview:large","max-video-preview":"max-video-preview:-1"},"canonical":"https:\/\/svetslik.si\/it\/paul-cezanne\/the-cardplayers\/","og_locale":"it_IT","og_type":"article","og_title":"Paul Cezanne - The Cardplayers","og_description":"100% ro\u010dno naslikane slike na platnu, reprodukcije znanih slikarjev in umetni\u0161ke slike po naro\u010dilu.","og_url":"https:\/\/svetslik.si\/it\/paul-cezanne\/the-cardplayers\/","og_site_name":"SVETSLIK.SI","article_publisher":"https:\/\/www.facebook.com\/svetslik.si","article_modified_time":"2026-03-22T20:51:55+00:00","og_image":[{"width":2048,"height":1705,"url":"https:\/\/svetslik.si\/wp-content\/uploads\/2021\/08\/image_The-Cardplayers-Paul-Czanne_680.jpg","type":"image\/jpeg"}],"twitter_card":"summary_large_image","twitter_site":"@svetslik","twitter_misc":{"Disponibilit\u00e0":"Su ordinazione"},"schema":{"@context":"https:\/\/schema.org","@graph":[{"@type":["WebPage","ItemPage"],"@id":"https:\/\/svetslik.si\/it\/paul-cezanne\/the-cardplayers\/","url":"https:\/\/svetslik.si\/it\/paul-cezanne\/the-cardplayers\/","name":"Paul Cezanne - The Cardplayers - SVETSLIK.SI - Dipinti a mano al 100%","isPartOf":{"@id":"https:\/\/svetslik.si\/it\/#website"},"primaryImageOfPage":{"@id":"https:\/\/svetslik.si\/it\/paul-cezanne\/the-cardplayers\/#primaryimage"},"image":{"@id":"https:\/\/svetslik.si\/it\/paul-cezanne\/the-cardplayers\/#primaryimage"},"thumbnailUrl":"https:\/\/svetslik.si\/wp-content\/uploads\/2021\/08\/image_The-Cardplayers-Paul-Czanne_680.jpg","datePublished":"2021-09-02T16:14:44+00:00","dateModified":"2026-03-22T20:51:55+00:00","description":"Paul Cezanne - The Cardplayers - Riproduzioni di quadri d'arte dipinte a mano al 100% su tela. Cornici per quadri, vendita e produzione di dimensioni su ordinazione.","breadcrumb":{"@id":"https:\/\/svetslik.si\/it\/paul-cezanne\/the-cardplayers\/#breadcrumb"},"inLanguage":"it-IT","potentialAction":[{"@type":"ReadAction","target":["https:\/\/svetslik.si\/it\/paul-cezanne\/the-cardplayers\/"]}]},{"@type":"ImageObject","inLanguage":"it-IT","@id":"https:\/\/svetslik.si\/it\/paul-cezanne\/the-cardplayers\/#primaryimage","url":"https:\/\/svetslik.si\/wp-content\/uploads\/2021\/08\/image_The-Cardplayers-Paul-Czanne_680.jpg","contentUrl":"https:\/\/svetslik.si\/wp-content\/uploads\/2021\/08\/image_The-Cardplayers-Paul-Czanne_680.jpg","width":2048,"height":1705,"caption":"Paul Cezanne - I Giocatori di Carte - Riproduzioni dipinte a mano di famosi pittori, quadri moderni, quadri d'arte per parete"},{"@type":"BreadcrumbList","@id":"https:\/\/svetslik.si\/it\/paul-cezanne\/the-cardplayers\/#breadcrumb","itemListElement":[{"@type":"ListItem","position":1,"name":"Fali m\u0171v\u00e9szet \u00e9s festm\u00e9nyek v\u00e1szonra","item":"https:\/\/svetslik.si\/it\/"},{"@type":"ListItem","position":2,"name":"Vendita di dipinti","item":"https:\/\/svetslik.si\/prodaja-slik\/"},{"@type":"ListItem","position":3,"name":"Paul Cezanne &#8211; The Cardplayers"}]},{"@type":"WebSite","@id":"https:\/\/svetslik.si\/it\/#website","url":"https:\/\/svetslik.si\/it\/","name":"SVETSLIK.SI","description":"100% riproduzioni dipinte a mano di quadri di pittori famosi e dipinti su tela.","publisher":{"@id":"https:\/\/svetslik.si\/it\/#organization"},"potentialAction":[{"@type":"SearchAction","target":{"@type":"EntryPoint","urlTemplate":"https:\/\/svetslik.si\/it\/?s={search_term_string}"},"query-input":{"@type":"PropertyValueSpecification","valueRequired":true,"valueName":"search_term_string"}}],"inLanguage":"it-IT"},{"@type":"Organization","@id":"https:\/\/svetslik.si\/it\/#organization","name":"SvetSlik.si","url":"https:\/\/svetslik.si\/it\/","logo":{"@type":"ImageObject","inLanguage":"it-IT","@id":"https:\/\/svetslik.si\/it\/#\/schema\/logo\/image\/","url":"https:\/\/svetslik.si\/wp-content\/uploads\/2020\/12\/logo-512.png","contentUrl":"https:\/\/svetslik.si\/wp-content\/uploads\/2020\/12\/logo-512.png","width":512,"height":512,"caption":"SvetSlik.si"},"image":{"@id":"https:\/\/svetslik.si\/it\/#\/schema\/logo\/image\/"},"sameAs":["https:\/\/www.facebook.com\/svetslik.si","https:\/\/x.com\/svetslik","https:\/\/www.instagram.com\/svetslik.si\/","https:\/\/www.linkedin.com\/company\/svetslik-si"]}]},"og_availability":"backorder","product_availability":"available for order","product_retailer_item_id":"485__","product_condition":"new"},"jetpack_sharing_enabled":true,"_links":{"self":[{"href":"https:\/\/svetslik.si\/it\/wp-json\/wp\/v2\/product\/40384","targetHints":{"allow":["GET"]}}],"collection":[{"href":"https:\/\/svetslik.si\/it\/wp-json\/wp\/v2\/product"}],"about":[{"href":"https:\/\/svetslik.si\/it\/wp-json\/wp\/v2\/types\/product"}],"wp:featuredmedia":[{"embeddable":true,"href":"https:\/\/svetslik.si\/it\/wp-json\/wp\/v2\/media\/35694"}],"wp:attachment":[{"href":"https:\/\/svetslik.si\/it\/wp-json\/wp\/v2\/media?parent=40384"}],"wp:term":[{"taxonomy":"product_brand","embeddable":true,"href":"https:\/\/svetslik.si\/it\/wp-json\/wp\/v2\/product_brand?post=40384"},{"taxonomy":"product_cat","embeddable":true,"href":"https:\/\/svetslik.si\/it\/wp-json\/wp\/v2\/product_cat?post=40384"},{"taxonomy":"product_tag","embeddable":true,"href":"https:\/\/svetslik.si\/it\/wp-json\/wp\/v2\/product_tag?post=40384"}],"curies":[{"name":"wp","href":"https:\/\/api.w.org\/{rel}","templated":true}]}}