{"id":40402,"date":"2021-09-02T18:15:03","date_gmt":"2021-09-02T16:15:03","guid":{"rendered":"https:\/\/svetslik.si\/senza-categoria\/jas-de-bouffan-the-pond\/"},"modified":"2026-03-22T21:52:33","modified_gmt":"2026-03-22T20:52:33","slug":"jas-de-bouffan-the-pond","status":"publish","type":"product","link":"https:\/\/svetslik.si\/it\/paul-cezanne\/jas-de-bouffan-the-pond\/","title":{"rendered":"Paul Cezanne &#8211; Jas de Bouffan, The Pond"},"content":{"rendered":"<div class=\"wpb-content-wrapper\">[vc_row css=&#8221;.vc_custom_1719470309446{margin-bottom: 15px !important;}&#8221;][vc_column]\t<div class=\"et-image-391 et-image     et_image_link\">\n\t\t<div class=\"et-image-inner \">\n\t\t\t\t\t\t\t<div class=\"et-image-thumb \">\n\t\t\t\t\t<img decoding=\"async\" width=\"1000\" height=\"890\" src=\"https:\/\/svetslik.si\/wp-content\/uploads\/2021\/09\/Paul-Cezanne-\u2013-Jas-de-Bouffan-The-Pond-reprodukcija-slike-2.jpg\" class=\"attachment-full\" alt=\"Paul Cezanne \u2013 Jas de Bouffan, The Pond - reprodukcija slike\" title=\"Paul Cezanne - Jas de Bouffan, The Pond\" srcset=\"https:\/\/svetslik.si\/wp-content\/uploads\/2021\/09\/Paul-Cezanne-\u2013-Jas-de-Bouffan-The-Pond-reprodukcija-slike-2.jpg 1000w, https:\/\/svetslik.si\/wp-content\/uploads\/2021\/09\/Paul-Cezanne-\u2013-Jas-de-Bouffan-The-Pond-reprodukcija-slike-2-600x534.jpg 600w, https:\/\/svetslik.si\/wp-content\/uploads\/2021\/09\/Paul-Cezanne-\u2013-Jas-de-Bouffan-The-Pond-reprodukcija-slike-2-300x267.jpg 300w, https:\/\/svetslik.si\/wp-content\/uploads\/2021\/09\/Paul-Cezanne-\u2013-Jas-de-Bouffan-The-Pond-reprodukcija-slike-2-768x684.jpg 768w, https:\/\/svetslik.si\/wp-content\/uploads\/2021\/09\/Paul-Cezanne-\u2013-Jas-de-Bouffan-The-Pond-reprodukcija-slike-2-150x134.jpg 150w, https:\/\/svetslik.si\/wp-content\/uploads\/2021\/09\/Paul-Cezanne-\u2013-Jas-de-Bouffan-The-Pond-reprodukcija-slike-2-900x801.jpg 900w\" sizes=\"(max-width: 1000px) 100vw, 1000px\" \/>\t\t\t\t<\/div>\n\t\t\t\t\t\t\t\t\t\t\t<\/div>\n\t<\/div>\n  [\/vc_column][\/vc_row][vc_row css=&#8221;.vc_custom_1719470309446{margin-bottom: 15px !important;}&#8221;][vc_column]\t<div class=\"et-image-772 et-image     et_image_link\">\n\t\t<div class=\"et-image-inner \">\n\t\t\t\t\t\t\t<div class=\"et-image-thumb \">\n\t\t\t\t\t<img decoding=\"async\" width=\"1000\" height=\"996\" src=\"https:\/\/svetslik.si\/wp-content\/uploads\/2021\/09\/Paul-Cezanne-\u2013-Jas-de-Bouffan-The-Pond-reprodukcija-slike-3.jpg\" class=\"attachment-full\" alt=\"Paul Cezanne \u2013 Jas de Bouffan, The Pond - reprodukcija slike\" title=\"Paul Cezanne - Jas de Bouffan, The Pond\" srcset=\"https:\/\/svetslik.si\/wp-content\/uploads\/2021\/09\/Paul-Cezanne-\u2013-Jas-de-Bouffan-The-Pond-reprodukcija-slike-3.jpg 1000w, https:\/\/svetslik.si\/wp-content\/uploads\/2021\/09\/Paul-Cezanne-\u2013-Jas-de-Bouffan-The-Pond-reprodukcija-slike-3-600x598.jpg 600w, https:\/\/svetslik.si\/wp-content\/uploads\/2021\/09\/Paul-Cezanne-\u2013-Jas-de-Bouffan-The-Pond-reprodukcija-slike-3-100x100.jpg 100w, https:\/\/svetslik.si\/wp-content\/uploads\/2021\/09\/Paul-Cezanne-\u2013-Jas-de-Bouffan-The-Pond-reprodukcija-slike-3-300x300.jpg 300w, https:\/\/svetslik.si\/wp-content\/uploads\/2021\/09\/Paul-Cezanne-\u2013-Jas-de-Bouffan-The-Pond-reprodukcija-slike-3-150x150.jpg 150w, https:\/\/svetslik.si\/wp-content\/uploads\/2021\/09\/Paul-Cezanne-\u2013-Jas-de-Bouffan-The-Pond-reprodukcija-slike-3-768x765.jpg 768w, https:\/\/svetslik.si\/wp-content\/uploads\/2021\/09\/Paul-Cezanne-\u2013-Jas-de-Bouffan-The-Pond-reprodukcija-slike-3-900x896.jpg 900w\" sizes=\"(max-width: 1000px) 100vw, 1000px\" \/>\t\t\t\t<\/div>\n\t\t\t\t\t\t\t\t\t\t\t<\/div>\n\t<\/div>\n  [\/vc_column][\/vc_row][vc_row css=&#8221;.vc_custom_1719470309446{margin-bottom: 15px !important;}&#8221;][vc_column]\t<div class=\"et-image-32 et-image     et_image_link\">\n\t\t<div class=\"et-image-inner \">\n\t\t\t\t\t\t\t<div class=\"et-image-thumb \">\n\t\t\t\t\t<img decoding=\"async\" width=\"1000\" height=\"903\" src=\"https:\/\/svetslik.si\/wp-content\/uploads\/2021\/09\/Paul-Cezanne-\u2013-Jas-de-Bouffan-The-Pond-reprodukcija-slike.jpg\" class=\"attachment-full\" alt=\"Paul Cezanne \u2013 Jas de Bouffan, The Pond - reprodukcija slike\" title=\"Paul Cezanne - Jas de Bouffan, The Pond\" srcset=\"https:\/\/svetslik.si\/wp-content\/uploads\/2021\/09\/Paul-Cezanne-\u2013-Jas-de-Bouffan-The-Pond-reprodukcija-slike.jpg 1000w, https:\/\/svetslik.si\/wp-content\/uploads\/2021\/09\/Paul-Cezanne-\u2013-Jas-de-Bouffan-The-Pond-reprodukcija-slike-600x542.jpg 600w, https:\/\/svetslik.si\/wp-content\/uploads\/2021\/09\/Paul-Cezanne-\u2013-Jas-de-Bouffan-The-Pond-reprodukcija-slike-300x271.jpg 300w, https:\/\/svetslik.si\/wp-content\/uploads\/2021\/09\/Paul-Cezanne-\u2013-Jas-de-Bouffan-The-Pond-reprodukcija-slike-768x694.jpg 768w, https:\/\/svetslik.si\/wp-content\/uploads\/2021\/09\/Paul-Cezanne-\u2013-Jas-de-Bouffan-The-Pond-reprodukcija-slike-150x135.jpg 150w, https:\/\/svetslik.si\/wp-content\/uploads\/2021\/09\/Paul-Cezanne-\u2013-Jas-de-Bouffan-The-Pond-reprodukcija-slike-900x813.jpg 900w\" sizes=\"(max-width: 1000px) 100vw, 1000px\" \/>\t\t\t\t<\/div>\n\t\t\t\t\t\t\t\t\t\t\t<\/div>\n\t<\/div>\n  [\/vc_column][\/vc_row][vc_row css=&#8221;.vc_custom_1719470309446{margin-bottom: 15px !important;}&#8221;][vc_column]\t<div class=\"et-image-778 et-image     et_image_link\">\n\t\t<div class=\"et-image-inner \">\n\t\t\t\t\t\t\t<div class=\"et-image-thumb \">\n\t\t\t\t\t<img decoding=\"async\" width=\"1000\" height=\"563\" src=\"https:\/\/svetslik.si\/wp-content\/uploads\/2021\/09\/Paul-Cezanne-\u2013-Jas-de-Bouffan-The-Pond-reprodukcija-slike-4.jpg\" class=\"attachment-full\" alt=\"Paul Cezanne \u2013 Jas de Bouffan, The Pond - reprodukcija slike\" title=\"Paul Cezanne - Jas de Bouffan, The Pond\" srcset=\"https:\/\/svetslik.si\/wp-content\/uploads\/2021\/09\/Paul-Cezanne-\u2013-Jas-de-Bouffan-The-Pond-reprodukcija-slike-4.jpg 1000w, https:\/\/svetslik.si\/wp-content\/uploads\/2021\/09\/Paul-Cezanne-\u2013-Jas-de-Bouffan-The-Pond-reprodukcija-slike-4-600x338.jpg 600w, https:\/\/svetslik.si\/wp-content\/uploads\/2021\/09\/Paul-Cezanne-\u2013-Jas-de-Bouffan-The-Pond-reprodukcija-slike-4-300x169.jpg 300w, https:\/\/svetslik.si\/wp-content\/uploads\/2021\/09\/Paul-Cezanne-\u2013-Jas-de-Bouffan-The-Pond-reprodukcija-slike-4-768x432.jpg 768w, https:\/\/svetslik.si\/wp-content\/uploads\/2021\/09\/Paul-Cezanne-\u2013-Jas-de-Bouffan-The-Pond-reprodukcija-slike-4-150x84.jpg 150w, https:\/\/svetslik.si\/wp-content\/uploads\/2021\/09\/Paul-Cezanne-\u2013-Jas-de-Bouffan-The-Pond-reprodukcija-slike-4-900x507.jpg 900w\" sizes=\"(max-width: 1000px) 100vw, 1000px\" \/>\t\t\t\t<\/div>\n\t\t\t\t\t\t\t\t\t\t\t<\/div>\n\t<\/div>\n  [\/vc_column][\/vc_row][vc_row][vc_column][vc_column_text]\n<h1>Paul Cezanne &#8211; Jas de Bouffan, Lo stagno<\/h1>\n<p>&nbsp;<\/p>\n<table style=\"width: 619px;\" border=\"0\" width=\"619\" cellspacing=\"0\" cellpadding=\"0\">\n<tbody>\n<tr>\n<td height=\"21\">Anno di creazione:<\/td>\n<td style=\"width: 439px;\">OK 1876<\/td>\n<\/tr>\n<tr>\n<td height=\"21\">Dimensioni originali:<\/td>\n<td style=\"width: 439px;\">56,3 cm x 46,1 cm<\/td>\n<\/tr>\n<tr>\n<td height=\"21\">Stile di pittura:<\/td>\n<td style=\"width: 439px;\">Post-impressionismo<\/td>\n<\/tr>\n<tr>\n<td height=\"21\">Tecnica originale:<\/td>\n<td style=\"width: 439px;\">Olio su tela<\/td>\n<\/tr>\n<tr>\n<td height=\"21\">Situato:<\/td>\n<td style=\"width: 439px;\">Museo dell&#8217;Ermitage, S. Pietroburgo<\/td>\n<\/tr>\n<\/tbody>\n<colgroup> <\/colgroup>\n<\/table>\n<p>Jas de Bouffan era una residenza acquistata dal padre di C\u00e9zanne. C\u00e9zanne ha raffigurato la casa e la piscina accanto ad essa in diversi oli su tela. In questa quadro la piscina \u00e8 mostrata nella sua immagine pi\u00f9 bella, perch\u00e9 oltre al verde sull&#8217;acqua, anche la decorazione architettonica della piscina \u00e8 perfettamente dipinta: una statua gialla di un leone, un delfino, un ingresso e un vecchio edificio. Nonostante la rappresentazione piuttosto impressionistica dell&#8217;acqua nella piscina, questo olio su tela non pu\u00f2 essere classificato come un&#8217;opera impressionista: le ampie pennellate pianificate non si adattano allo stile impressionista. L&#8217;armonia dei colori nell&#8217;immagine testimonia il magistrale controllo dei colori da parte dell&#8217;artista.<\/p>\n<\/div>","protected":false},"excerpt":{"rendered":"<p>[vc_row css=&#8221;.vc_custom_1719470309446{margin-bottom: 15px !important;}&#8221;][vc_column][\/vc_column][\/vc_row][vc_row css=&#8221;.vc_custom_1719470309446{margin-bottom: 15px !important;}&#8221;][vc_column][\/vc_column][\/vc_row][vc_row css=&#8221;.vc_custom_1719470309446{margin-bottom: 15px !important;}&#8221;][vc_column][\/vc_column][\/vc_row][vc_row css=&#8221;.vc_custom_1719470309446{margin-bottom: 15px !important;}&#8221;][vc_column][\/vc_column][\/vc_row][vc_row][vc_column][vc_column_text] Paul Cezanne &#8211; Jas de Bouffan, Lo stagno &nbsp; Anno di creazione: OK 1876 Dimensioni originali: 56,3 cm x 46,1 cm Stile di pittura: Post-impressionismo Tecnica originale: Olio su tela Situato: Museo dell&#8217;Ermitage, S. Pietroburgo Jas de [&hellip;]<\/p>\n","protected":false},"featured_media":35231,"template":"","meta":{"_acf_changed":false},"product_brand":[],"product_cat":[4185],"product_tag":[4212,4246,4245,4253],"class_list":{"0":"post-40402","1":"product","2":"type-product","3":"status-publish","4":"has-post-thumbnail","6":"product_cat-paul-cezanne","7":"product_tag-cezanne-it","8":"product_tag-riproduzione-it","9":"product_tag-riproduzione","10":"product_tag-un-pittore","11":"pa_dimenzija-100-x-80-cm","12":"pa_dimenzija-120-x-100-cm","13":"pa_dimenzija-150-x-120-cm","14":"pa_dimenzija-180-x-150-cm","15":"pa_dimenzija-56-x-46-cm","16":"pa_dimenzija-70-x-60-cm","17":"pa_dimenzija-80-x-70-cm","18":"pa_dimenzija-90-x-75-cm","19":"pa_oblika-orizzontale","20":"pa_okvir-sensa-cornice","21":"pa_podokvir-no","22":"pa_podokvir-si","24":"first","25":"onbackorder","26":"purchasable","27":"product-type-variable","28":"has-default-attributes"},"acf":[],"yoast_head":"<!-- This site is optimized with the Yoast SEO Premium plugin v26.0 (Yoast SEO v27.2) - https:\/\/yoast.com\/product\/yoast-seo-premium-wordpress\/ -->\n<title>Paul Cezanne - Jas de Bouffan, The Pond - SVETSLIK.SI - Dipinti a mano al 100%<\/title>\n<meta name=\"description\" content=\"Paul Cezanne - Jas de Bouffan, The Pond - Riproduzioni di quadri d&#039;arte dipinte a mano al 100% su tela. Cornici per quadri, vendita e produzione di dimensioni su ordinazione.\" \/>\n<meta name=\"robots\" content=\"index, follow, max-snippet:-1, max-image-preview:large, max-video-preview:-1\" \/>\n<link rel=\"canonical\" href=\"https:\/\/svetslik.si\/it\/paul-cezanne\/jas-de-bouffan-the-pond\/\" \/>\n<meta property=\"og:locale\" content=\"it_IT\" \/>\n<meta property=\"og:type\" content=\"article\" \/>\n<meta property=\"og:title\" content=\"Paul Cezanne - Jas de Bouffan, The Pond\" \/>\n<meta property=\"og:description\" content=\"100% ro\u010dno naslikane slike na platnu, reprodukcije znanih slikarjev in umetni\u0161ke slike po naro\u010dilu.\" \/>\n<meta property=\"og:url\" content=\"https:\/\/svetslik.si\/it\/paul-cezanne\/jas-de-bouffan-the-pond\/\" \/>\n<meta property=\"og:site_name\" content=\"SVETSLIK.SI\" \/>\n<meta property=\"article:publisher\" content=\"https:\/\/www.facebook.com\/svetslik.si\" \/>\n<meta property=\"article:modified_time\" content=\"2026-03-22T20:52:33+00:00\" \/>\n<meta property=\"og:image\" content=\"https:\/\/svetslik.si\/wp-content\/uploads\/2021\/08\/image_Jas-de-Bouffan-The-Pond-Paul-Cezanne_680.jpg\" \/>\n\t<meta property=\"og:image:width\" content=\"1476\" \/>\n\t<meta property=\"og:image:height\" content=\"1208\" \/>\n\t<meta property=\"og:image:type\" content=\"image\/jpeg\" \/>\n<meta name=\"twitter:card\" content=\"summary_large_image\" \/>\n<meta name=\"twitter:site\" content=\"@svetslik\" \/>\n<meta name=\"twitter:label1\" content=\"Disponibilit\u00e0\" \/>\n\t<meta name=\"twitter:data1\" content=\"Su ordinazione\" \/>\n<script type=\"application\/ld+json\" class=\"yoast-schema-graph\">{\"@context\":\"https:\/\/schema.org\",\"@graph\":[{\"@type\":[\"WebPage\",\"ItemPage\"],\"@id\":\"https:\/\/svetslik.si\/it\/paul-cezanne\/jas-de-bouffan-the-pond\/\",\"url\":\"https:\/\/svetslik.si\/it\/paul-cezanne\/jas-de-bouffan-the-pond\/\",\"name\":\"Paul Cezanne - Jas de Bouffan, The Pond - SVETSLIK.SI - Dipinti a mano al 100%\",\"isPartOf\":{\"@id\":\"https:\/\/svetslik.si\/it\/#website\"},\"primaryImageOfPage\":{\"@id\":\"https:\/\/svetslik.si\/it\/paul-cezanne\/jas-de-bouffan-the-pond\/#primaryimage\"},\"image\":{\"@id\":\"https:\/\/svetslik.si\/it\/paul-cezanne\/jas-de-bouffan-the-pond\/#primaryimage\"},\"thumbnailUrl\":\"https:\/\/svetslik.si\/wp-content\/uploads\/2021\/08\/image_Jas-de-Bouffan-The-Pond-Paul-Cezanne_680.jpg\",\"datePublished\":\"2021-09-02T16:15:03+00:00\",\"dateModified\":\"2026-03-22T20:52:33+00:00\",\"description\":\"Paul Cezanne - Jas de Bouffan, The Pond - Riproduzioni di quadri d'arte dipinte a mano al 100% su tela. Cornici per quadri, vendita e produzione di dimensioni su ordinazione.\",\"breadcrumb\":{\"@id\":\"https:\/\/svetslik.si\/it\/paul-cezanne\/jas-de-bouffan-the-pond\/#breadcrumb\"},\"inLanguage\":\"it-IT\",\"potentialAction\":[{\"@type\":\"ReadAction\",\"target\":[\"https:\/\/svetslik.si\/it\/paul-cezanne\/jas-de-bouffan-the-pond\/\"]}]},{\"@type\":\"ImageObject\",\"inLanguage\":\"it-IT\",\"@id\":\"https:\/\/svetslik.si\/it\/paul-cezanne\/jas-de-bouffan-the-pond\/#primaryimage\",\"url\":\"https:\/\/svetslik.si\/wp-content\/uploads\/2021\/08\/image_Jas-de-Bouffan-The-Pond-Paul-Cezanne_680.jpg\",\"contentUrl\":\"https:\/\/svetslik.si\/wp-content\/uploads\/2021\/08\/image_Jas-de-Bouffan-The-Pond-Paul-Cezanne_680.jpg\",\"width\":1476,\"height\":1208,\"caption\":\"Quadri riproduzioni - Kvadrati 2 - Dipinto artistico - quadri moderni, quadri ambientali per pareti, quadri astratti, quadri decorativi per pareti, acquisto e vendita di quadri.\"},{\"@type\":\"BreadcrumbList\",\"@id\":\"https:\/\/svetslik.si\/it\/paul-cezanne\/jas-de-bouffan-the-pond\/#breadcrumb\",\"itemListElement\":[{\"@type\":\"ListItem\",\"position\":1,\"name\":\"Fali m\u0171v\u00e9szet \u00e9s festm\u00e9nyek v\u00e1szonra\",\"item\":\"https:\/\/svetslik.si\/it\/\"},{\"@type\":\"ListItem\",\"position\":2,\"name\":\"Vendita di dipinti\",\"item\":\"https:\/\/svetslik.si\/prodaja-slik\/\"},{\"@type\":\"ListItem\",\"position\":3,\"name\":\"Paul Cezanne &#8211; Jas de Bouffan, The Pond\"}]},{\"@type\":\"WebSite\",\"@id\":\"https:\/\/svetslik.si\/it\/#website\",\"url\":\"https:\/\/svetslik.si\/it\/\",\"name\":\"SVETSLIK.SI\",\"description\":\"100% riproduzioni dipinte a mano di quadri di pittori famosi e dipinti su tela.\",\"publisher\":{\"@id\":\"https:\/\/svetslik.si\/it\/#organization\"},\"potentialAction\":[{\"@type\":\"SearchAction\",\"target\":{\"@type\":\"EntryPoint\",\"urlTemplate\":\"https:\/\/svetslik.si\/it\/?s={search_term_string}\"},\"query-input\":{\"@type\":\"PropertyValueSpecification\",\"valueRequired\":true,\"valueName\":\"search_term_string\"}}],\"inLanguage\":\"it-IT\"},{\"@type\":\"Organization\",\"@id\":\"https:\/\/svetslik.si\/it\/#organization\",\"name\":\"SvetSlik.si\",\"url\":\"https:\/\/svetslik.si\/it\/\",\"logo\":{\"@type\":\"ImageObject\",\"inLanguage\":\"it-IT\",\"@id\":\"https:\/\/svetslik.si\/it\/#\/schema\/logo\/image\/\",\"url\":\"https:\/\/svetslik.si\/wp-content\/uploads\/2020\/12\/logo-512.png\",\"contentUrl\":\"https:\/\/svetslik.si\/wp-content\/uploads\/2020\/12\/logo-512.png\",\"width\":512,\"height\":512,\"caption\":\"SvetSlik.si\"},\"image\":{\"@id\":\"https:\/\/svetslik.si\/it\/#\/schema\/logo\/image\/\"},\"sameAs\":[\"https:\/\/www.facebook.com\/svetslik.si\",\"https:\/\/x.com\/svetslik\",\"https:\/\/www.instagram.com\/svetslik.si\/\",\"https:\/\/www.linkedin.com\/company\/svetslik-si\"]}]}<\/script>\n<meta property=\"og:availability\" content=\"backorder\" \/>\n<meta property=\"product:availability\" content=\"available for order\" \/>\n<meta property=\"product:retailer_item_id\" content=\"488__\" \/>\n<meta property=\"product:condition\" content=\"new\" \/>\n<!-- \/ Yoast SEO Premium plugin. -->","yoast_head_json":{"title":"Paul Cezanne - Jas de Bouffan, The Pond - SVETSLIK.SI - Dipinti a mano al 100%","description":"Paul Cezanne - Jas de Bouffan, The Pond - Riproduzioni di quadri d'arte dipinte a mano al 100% su tela. Cornici per quadri, vendita e produzione di dimensioni su ordinazione.","robots":{"index":"index","follow":"follow","max-snippet":"max-snippet:-1","max-image-preview":"max-image-preview:large","max-video-preview":"max-video-preview:-1"},"canonical":"https:\/\/svetslik.si\/it\/paul-cezanne\/jas-de-bouffan-the-pond\/","og_locale":"it_IT","og_type":"article","og_title":"Paul Cezanne - Jas de Bouffan, The Pond","og_description":"100% ro\u010dno naslikane slike na platnu, reprodukcije znanih slikarjev in umetni\u0161ke slike po naro\u010dilu.","og_url":"https:\/\/svetslik.si\/it\/paul-cezanne\/jas-de-bouffan-the-pond\/","og_site_name":"SVETSLIK.SI","article_publisher":"https:\/\/www.facebook.com\/svetslik.si","article_modified_time":"2026-03-22T20:52:33+00:00","og_image":[{"width":1476,"height":1208,"url":"https:\/\/svetslik.si\/wp-content\/uploads\/2021\/08\/image_Jas-de-Bouffan-The-Pond-Paul-Cezanne_680.jpg","type":"image\/jpeg"}],"twitter_card":"summary_large_image","twitter_site":"@svetslik","twitter_misc":{"Disponibilit\u00e0":"Su ordinazione"},"schema":{"@context":"https:\/\/schema.org","@graph":[{"@type":["WebPage","ItemPage"],"@id":"https:\/\/svetslik.si\/it\/paul-cezanne\/jas-de-bouffan-the-pond\/","url":"https:\/\/svetslik.si\/it\/paul-cezanne\/jas-de-bouffan-the-pond\/","name":"Paul Cezanne - Jas de Bouffan, The Pond - SVETSLIK.SI - Dipinti a mano al 100%","isPartOf":{"@id":"https:\/\/svetslik.si\/it\/#website"},"primaryImageOfPage":{"@id":"https:\/\/svetslik.si\/it\/paul-cezanne\/jas-de-bouffan-the-pond\/#primaryimage"},"image":{"@id":"https:\/\/svetslik.si\/it\/paul-cezanne\/jas-de-bouffan-the-pond\/#primaryimage"},"thumbnailUrl":"https:\/\/svetslik.si\/wp-content\/uploads\/2021\/08\/image_Jas-de-Bouffan-The-Pond-Paul-Cezanne_680.jpg","datePublished":"2021-09-02T16:15:03+00:00","dateModified":"2026-03-22T20:52:33+00:00","description":"Paul Cezanne - Jas de Bouffan, The Pond - Riproduzioni di quadri d'arte dipinte a mano al 100% su tela. Cornici per quadri, vendita e produzione di dimensioni su ordinazione.","breadcrumb":{"@id":"https:\/\/svetslik.si\/it\/paul-cezanne\/jas-de-bouffan-the-pond\/#breadcrumb"},"inLanguage":"it-IT","potentialAction":[{"@type":"ReadAction","target":["https:\/\/svetslik.si\/it\/paul-cezanne\/jas-de-bouffan-the-pond\/"]}]},{"@type":"ImageObject","inLanguage":"it-IT","@id":"https:\/\/svetslik.si\/it\/paul-cezanne\/jas-de-bouffan-the-pond\/#primaryimage","url":"https:\/\/svetslik.si\/wp-content\/uploads\/2021\/08\/image_Jas-de-Bouffan-The-Pond-Paul-Cezanne_680.jpg","contentUrl":"https:\/\/svetslik.si\/wp-content\/uploads\/2021\/08\/image_Jas-de-Bouffan-The-Pond-Paul-Cezanne_680.jpg","width":1476,"height":1208,"caption":"Quadri riproduzioni - Kvadrati 2 - Dipinto artistico - quadri moderni, quadri ambientali per pareti, quadri astratti, quadri decorativi per pareti, acquisto e vendita di quadri."},{"@type":"BreadcrumbList","@id":"https:\/\/svetslik.si\/it\/paul-cezanne\/jas-de-bouffan-the-pond\/#breadcrumb","itemListElement":[{"@type":"ListItem","position":1,"name":"Fali m\u0171v\u00e9szet \u00e9s festm\u00e9nyek v\u00e1szonra","item":"https:\/\/svetslik.si\/it\/"},{"@type":"ListItem","position":2,"name":"Vendita di dipinti","item":"https:\/\/svetslik.si\/prodaja-slik\/"},{"@type":"ListItem","position":3,"name":"Paul Cezanne &#8211; Jas de Bouffan, The Pond"}]},{"@type":"WebSite","@id":"https:\/\/svetslik.si\/it\/#website","url":"https:\/\/svetslik.si\/it\/","name":"SVETSLIK.SI","description":"100% riproduzioni dipinte a mano di quadri di pittori famosi e dipinti su tela.","publisher":{"@id":"https:\/\/svetslik.si\/it\/#organization"},"potentialAction":[{"@type":"SearchAction","target":{"@type":"EntryPoint","urlTemplate":"https:\/\/svetslik.si\/it\/?s={search_term_string}"},"query-input":{"@type":"PropertyValueSpecification","valueRequired":true,"valueName":"search_term_string"}}],"inLanguage":"it-IT"},{"@type":"Organization","@id":"https:\/\/svetslik.si\/it\/#organization","name":"SvetSlik.si","url":"https:\/\/svetslik.si\/it\/","logo":{"@type":"ImageObject","inLanguage":"it-IT","@id":"https:\/\/svetslik.si\/it\/#\/schema\/logo\/image\/","url":"https:\/\/svetslik.si\/wp-content\/uploads\/2020\/12\/logo-512.png","contentUrl":"https:\/\/svetslik.si\/wp-content\/uploads\/2020\/12\/logo-512.png","width":512,"height":512,"caption":"SvetSlik.si"},"image":{"@id":"https:\/\/svetslik.si\/it\/#\/schema\/logo\/image\/"},"sameAs":["https:\/\/www.facebook.com\/svetslik.si","https:\/\/x.com\/svetslik","https:\/\/www.instagram.com\/svetslik.si\/","https:\/\/www.linkedin.com\/company\/svetslik-si"]}]},"og_availability":"backorder","product_availability":"available for order","product_retailer_item_id":"488__","product_condition":"new"},"jetpack_sharing_enabled":true,"_links":{"self":[{"href":"https:\/\/svetslik.si\/it\/wp-json\/wp\/v2\/product\/40402","targetHints":{"allow":["GET"]}}],"collection":[{"href":"https:\/\/svetslik.si\/it\/wp-json\/wp\/v2\/product"}],"about":[{"href":"https:\/\/svetslik.si\/it\/wp-json\/wp\/v2\/types\/product"}],"wp:featuredmedia":[{"embeddable":true,"href":"https:\/\/svetslik.si\/it\/wp-json\/wp\/v2\/media\/35231"}],"wp:attachment":[{"href":"https:\/\/svetslik.si\/it\/wp-json\/wp\/v2\/media?parent=40402"}],"wp:term":[{"taxonomy":"product_brand","embeddable":true,"href":"https:\/\/svetslik.si\/it\/wp-json\/wp\/v2\/product_brand?post=40402"},{"taxonomy":"product_cat","embeddable":true,"href":"https:\/\/svetslik.si\/it\/wp-json\/wp\/v2\/product_cat?post=40402"},{"taxonomy":"product_tag","embeddable":true,"href":"https:\/\/svetslik.si\/it\/wp-json\/wp\/v2\/product_tag?post=40402"}],"curies":[{"name":"wp","href":"https:\/\/api.w.org\/{rel}","templated":true}]}}