{"id":40447,"date":"2021-09-02T18:15:40","date_gmt":"2021-09-02T16:15:40","guid":{"rendered":"https:\/\/svetslik.si\/senza-categoria\/the-great-pine\/"},"modified":"2026-03-22T21:53:16","modified_gmt":"2026-03-22T20:53:16","slug":"the-great-pine","status":"publish","type":"product","link":"https:\/\/svetslik.si\/it\/paul-cezanne\/the-great-pine\/","title":{"rendered":"Paul Cezanne &#8211; The Great Pine"},"content":{"rendered":"<div class=\"wpb-content-wrapper\">[vc_row][vc_column][vc_column_text css=&#8221;&#8221;]\n<p data-pm-slice=\"1 1 []\"><div class=\"yt-lazy-video ratio-square\" data-id=\"u7gT3_mOkho\"><\/div>\n[\/vc_column][\/vc_row][vc_row css=&#8221;.vc_custom_1691340584384{margin-bottom: 10px !important;}&#8221;][vc_column]\t<div class=\"et-image-719 et-image     et_image_link\">\n\t\t<div class=\"et-image-inner \">\n\t\t\t\t\t\t\t<div class=\"et-image-thumb \">\n\t\t\t\t\t<img decoding=\"async\" width=\"1000\" height=\"1030\" src=\"https:\/\/svetslik.si\/wp-content\/uploads\/2021\/09\/Paul-Cezanne-\u2013-The-Great-Pine-reprodukcija-slike-1.jpg\" class=\"attachment-full\" alt=\"Paul Cezanne - The Great Pine\" title=\"Paul Cezanne - The Great Pine\" srcset=\"https:\/\/svetslik.si\/wp-content\/uploads\/2021\/09\/Paul-Cezanne-\u2013-The-Great-Pine-reprodukcija-slike-1.jpg 1000w, https:\/\/svetslik.si\/wp-content\/uploads\/2021\/09\/Paul-Cezanne-\u2013-The-Great-Pine-reprodukcija-slike-1-600x618.jpg 600w, https:\/\/svetslik.si\/wp-content\/uploads\/2021\/09\/Paul-Cezanne-\u2013-The-Great-Pine-reprodukcija-slike-1-291x300.jpg 291w, https:\/\/svetslik.si\/wp-content\/uploads\/2021\/09\/Paul-Cezanne-\u2013-The-Great-Pine-reprodukcija-slike-1-994x1024.jpg 994w, https:\/\/svetslik.si\/wp-content\/uploads\/2021\/09\/Paul-Cezanne-\u2013-The-Great-Pine-reprodukcija-slike-1-768x791.jpg 768w, https:\/\/svetslik.si\/wp-content\/uploads\/2021\/09\/Paul-Cezanne-\u2013-The-Great-Pine-reprodukcija-slike-1-146x150.jpg 146w, https:\/\/svetslik.si\/wp-content\/uploads\/2021\/09\/Paul-Cezanne-\u2013-The-Great-Pine-reprodukcija-slike-1-900x927.jpg 900w\" sizes=\"(max-width: 1000px) 100vw, 1000px\" \/>\t\t\t\t<\/div>\n\t\t\t\t\t\t\t\t\t\t\t<\/div>\n\t<\/div>\n  [\/vc_column][\/vc_row][vc_row css=&#8221;.vc_custom_1691340584384{margin-bottom: 10px !important;}&#8221;][vc_column]\t<div class=\"et-image-925 et-image     et_image_link\">\n\t\t<div class=\"et-image-inner \">\n\t\t\t\t\t\t\t<div class=\"et-image-thumb \">\n\t\t\t\t\t<img decoding=\"async\" width=\"1000\" height=\"1055\" src=\"https:\/\/svetslik.si\/wp-content\/uploads\/2021\/09\/Paul-Cezanne-\u2013-The-Great-Pine-reprodukcija-slike-3.jpg\" class=\"attachment-full\" alt=\"Paul Cezanne - The Great Pine\" title=\"Paul Cezanne - The Great Pine\" srcset=\"https:\/\/svetslik.si\/wp-content\/uploads\/2021\/09\/Paul-Cezanne-\u2013-The-Great-Pine-reprodukcija-slike-3.jpg 1000w, https:\/\/svetslik.si\/wp-content\/uploads\/2021\/09\/Paul-Cezanne-\u2013-The-Great-Pine-reprodukcija-slike-3-600x633.jpg 600w, https:\/\/svetslik.si\/wp-content\/uploads\/2021\/09\/Paul-Cezanne-\u2013-The-Great-Pine-reprodukcija-slike-3-284x300.jpg 284w, https:\/\/svetslik.si\/wp-content\/uploads\/2021\/09\/Paul-Cezanne-\u2013-The-Great-Pine-reprodukcija-slike-3-971x1024.jpg 971w, https:\/\/svetslik.si\/wp-content\/uploads\/2021\/09\/Paul-Cezanne-\u2013-The-Great-Pine-reprodukcija-slike-3-768x810.jpg 768w, https:\/\/svetslik.si\/wp-content\/uploads\/2021\/09\/Paul-Cezanne-\u2013-The-Great-Pine-reprodukcija-slike-3-142x150.jpg 142w, https:\/\/svetslik.si\/wp-content\/uploads\/2021\/09\/Paul-Cezanne-\u2013-The-Great-Pine-reprodukcija-slike-3-900x950.jpg 900w\" sizes=\"(max-width: 1000px) 100vw, 1000px\" \/>\t\t\t\t<\/div>\n\t\t\t\t\t\t\t\t\t\t\t<\/div>\n\t<\/div>\n  [\/vc_column][\/vc_row][vc_row css=&#8221;.vc_custom_1691340584384{margin-bottom: 10px !important;}&#8221;][vc_column]\t<div class=\"et-image-174 et-image     et_image_link\">\n\t\t<div class=\"et-image-inner \">\n\t\t\t\t\t\t\t<div class=\"et-image-thumb \">\n\t\t\t\t\t<img decoding=\"async\" width=\"1000\" height=\"781\" src=\"https:\/\/svetslik.si\/wp-content\/uploads\/2021\/09\/Paul-Cezanne-\u2013-The-Great-Pine-reprodukcija-slike-2.jpg\" class=\"attachment-full\" alt=\"Paul Cezanne - The Great Pine\" title=\"Paul Cezanne - The Great Pine\" srcset=\"https:\/\/svetslik.si\/wp-content\/uploads\/2021\/09\/Paul-Cezanne-\u2013-The-Great-Pine-reprodukcija-slike-2.jpg 1000w, https:\/\/svetslik.si\/wp-content\/uploads\/2021\/09\/Paul-Cezanne-\u2013-The-Great-Pine-reprodukcija-slike-2-600x469.jpg 600w, https:\/\/svetslik.si\/wp-content\/uploads\/2021\/09\/Paul-Cezanne-\u2013-The-Great-Pine-reprodukcija-slike-2-300x234.jpg 300w, https:\/\/svetslik.si\/wp-content\/uploads\/2021\/09\/Paul-Cezanne-\u2013-The-Great-Pine-reprodukcija-slike-2-768x600.jpg 768w, https:\/\/svetslik.si\/wp-content\/uploads\/2021\/09\/Paul-Cezanne-\u2013-The-Great-Pine-reprodukcija-slike-2-150x117.jpg 150w, https:\/\/svetslik.si\/wp-content\/uploads\/2021\/09\/Paul-Cezanne-\u2013-The-Great-Pine-reprodukcija-slike-2-900x703.jpg 900w\" sizes=\"(max-width: 1000px) 100vw, 1000px\" \/>\t\t\t\t<\/div>\n\t\t\t\t\t\t\t\t\t\t\t<\/div>\n\t<\/div>\n  [\/vc_column][\/vc_row][vc_row][vc_column][vc_column_text]\n[\/vc_column][\/vc_row][vc_row css=&#8221;.vc_custom_1691340584384{margin-bottom: 10px !important;}&#8221;][vc_column]\t<div class=\"et-image-283 et-image     et_image_link\">\n\t\t<div class=\"et-image-inner \">\n\t\t\t\t\t\t\t<div class=\"et-image-thumb \">\n\t\t\t\t\t<img decoding=\"async\" width=\"1000\" height=\"1030\" src=\"https:\/\/svetslik.si\/wp-content\/uploads\/2021\/09\/Paul-Cezanne-\u2013-The-Great-Pine-reprodukcija-slike-1.jpg\" class=\"attachment-full\" alt=\"Paul Cezanne - The Great Pine\" title=\"Paul Cezanne - The Great Pine\" srcset=\"https:\/\/svetslik.si\/wp-content\/uploads\/2021\/09\/Paul-Cezanne-\u2013-The-Great-Pine-reprodukcija-slike-1.jpg 1000w, https:\/\/svetslik.si\/wp-content\/uploads\/2021\/09\/Paul-Cezanne-\u2013-The-Great-Pine-reprodukcija-slike-1-600x618.jpg 600w, https:\/\/svetslik.si\/wp-content\/uploads\/2021\/09\/Paul-Cezanne-\u2013-The-Great-Pine-reprodukcija-slike-1-291x300.jpg 291w, https:\/\/svetslik.si\/wp-content\/uploads\/2021\/09\/Paul-Cezanne-\u2013-The-Great-Pine-reprodukcija-slike-1-994x1024.jpg 994w, https:\/\/svetslik.si\/wp-content\/uploads\/2021\/09\/Paul-Cezanne-\u2013-The-Great-Pine-reprodukcija-slike-1-768x791.jpg 768w, https:\/\/svetslik.si\/wp-content\/uploads\/2021\/09\/Paul-Cezanne-\u2013-The-Great-Pine-reprodukcija-slike-1-146x150.jpg 146w, https:\/\/svetslik.si\/wp-content\/uploads\/2021\/09\/Paul-Cezanne-\u2013-The-Great-Pine-reprodukcija-slike-1-900x927.jpg 900w\" sizes=\"(max-width: 1000px) 100vw, 1000px\" \/>\t\t\t\t<\/div>\n\t\t\t\t\t\t\t\t\t\t\t<\/div>\n\t<\/div>\n  [\/vc_column][\/vc_row][vc_row css=&#8221;.vc_custom_1691340584384{margin-bottom: 10px !important;}&#8221;][vc_column]\t<div class=\"et-image-833 et-image     et_image_link\">\n\t\t<div class=\"et-image-inner \">\n\t\t\t\t\t\t\t<div class=\"et-image-thumb \">\n\t\t\t\t\t<img decoding=\"async\" width=\"1000\" height=\"1055\" src=\"https:\/\/svetslik.si\/wp-content\/uploads\/2021\/09\/Paul-Cezanne-\u2013-The-Great-Pine-reprodukcija-slike-3.jpg\" class=\"attachment-full\" alt=\"Paul Cezanne - The Great Pine\" title=\"Paul Cezanne - The Great Pine\" srcset=\"https:\/\/svetslik.si\/wp-content\/uploads\/2021\/09\/Paul-Cezanne-\u2013-The-Great-Pine-reprodukcija-slike-3.jpg 1000w, https:\/\/svetslik.si\/wp-content\/uploads\/2021\/09\/Paul-Cezanne-\u2013-The-Great-Pine-reprodukcija-slike-3-600x633.jpg 600w, https:\/\/svetslik.si\/wp-content\/uploads\/2021\/09\/Paul-Cezanne-\u2013-The-Great-Pine-reprodukcija-slike-3-284x300.jpg 284w, https:\/\/svetslik.si\/wp-content\/uploads\/2021\/09\/Paul-Cezanne-\u2013-The-Great-Pine-reprodukcija-slike-3-971x1024.jpg 971w, https:\/\/svetslik.si\/wp-content\/uploads\/2021\/09\/Paul-Cezanne-\u2013-The-Great-Pine-reprodukcija-slike-3-768x810.jpg 768w, https:\/\/svetslik.si\/wp-content\/uploads\/2021\/09\/Paul-Cezanne-\u2013-The-Great-Pine-reprodukcija-slike-3-142x150.jpg 142w, https:\/\/svetslik.si\/wp-content\/uploads\/2021\/09\/Paul-Cezanne-\u2013-The-Great-Pine-reprodukcija-slike-3-900x950.jpg 900w\" sizes=\"(max-width: 1000px) 100vw, 1000px\" \/>\t\t\t\t<\/div>\n\t\t\t\t\t\t\t\t\t\t\t<\/div>\n\t<\/div>\n  [\/vc_column][\/vc_row][vc_row css=&#8221;.vc_custom_1691340584384{margin-bottom: 10px !important;}&#8221;][vc_column]\t<div class=\"et-image-320 et-image     et_image_link\">\n\t\t<div class=\"et-image-inner \">\n\t\t\t\t\t\t\t<div class=\"et-image-thumb \">\n\t\t\t\t\t<img decoding=\"async\" width=\"1000\" height=\"781\" src=\"https:\/\/svetslik.si\/wp-content\/uploads\/2021\/09\/Paul-Cezanne-\u2013-The-Great-Pine-reprodukcija-slike-2.jpg\" class=\"attachment-full\" alt=\"Paul Cezanne - The Great Pine\" title=\"Paul Cezanne - The Great Pine\" srcset=\"https:\/\/svetslik.si\/wp-content\/uploads\/2021\/09\/Paul-Cezanne-\u2013-The-Great-Pine-reprodukcija-slike-2.jpg 1000w, https:\/\/svetslik.si\/wp-content\/uploads\/2021\/09\/Paul-Cezanne-\u2013-The-Great-Pine-reprodukcija-slike-2-600x469.jpg 600w, https:\/\/svetslik.si\/wp-content\/uploads\/2021\/09\/Paul-Cezanne-\u2013-The-Great-Pine-reprodukcija-slike-2-300x234.jpg 300w, https:\/\/svetslik.si\/wp-content\/uploads\/2021\/09\/Paul-Cezanne-\u2013-The-Great-Pine-reprodukcija-slike-2-768x600.jpg 768w, https:\/\/svetslik.si\/wp-content\/uploads\/2021\/09\/Paul-Cezanne-\u2013-The-Great-Pine-reprodukcija-slike-2-150x117.jpg 150w, https:\/\/svetslik.si\/wp-content\/uploads\/2021\/09\/Paul-Cezanne-\u2013-The-Great-Pine-reprodukcija-slike-2-900x703.jpg 900w\" sizes=\"(max-width: 1000px) 100vw, 1000px\" \/>\t\t\t\t<\/div>\n\t\t\t\t\t\t\t\t\t\t\t<\/div>\n\t<\/div>\n  [\/vc_column][\/vc_row][vc_row][vc_column][vc_column_text]\n<h1>Paul Cezanne &#8211; Il grande pino<\/h1>\n<p>&nbsp;<\/p>\n<table style=\"width: 619px;\" border=\"0\" width=\"619\" cellspacing=\"0\" cellpadding=\"0\">\n<tbody>\n<tr>\n<td height=\"21\">Anno di creazione:<\/td>\n<td style=\"width: 439px;\">1892-1896<\/td>\n<\/tr>\n<tr>\n<td height=\"21\">Dimensioni originali:<\/td>\n<td style=\"width: 439px;\">91 cm x 84 cm<\/td>\n<\/tr>\n<tr>\n<td height=\"21\">Stile di pittura:<\/td>\n<td style=\"width: 439px;\">Post-impressionismo<\/td>\n<\/tr>\n<tr>\n<td height=\"21\">Tecnica originale:<\/td>\n<td style=\"width: 439px;\">Olio su tela<\/td>\n<\/tr>\n<tr>\n<td height=\"21\">Situato:<\/td>\n<td style=\"width: 439px;\">Museo d&#8217;Arte, San Paolo, Brasile<\/td>\n<\/tr>\n<\/tbody>\n<colgroup> <\/colgroup>\n<\/table>\n<p>&nbsp;<\/p>\n<div>L&#8217;olio su tela <em>The Great Pine<\/em> \u00e8 una bella armonia di sfumature blu e verdi, occasionalmente interrotte da toni caldi nei rami dell&#8217;albero e nel verde vicino alla strada, che il pittore ha raffigurato con un forte ocra ombra. Il dipinto \u00e8 semplice ed esprime forte vitalit\u00e0 e movimento nelle pennellate. C\u00e9zanne ha creato un senso di spazio, movimento e vento con pochi tratti in direzioni opposte.<\/div>\n<div><\/div>\n<\/div>","protected":false},"excerpt":{"rendered":"<p>[vc_row][vc_column][vc_column_text css=&#8221;&#8221;] [\/vc_column][\/vc_row][vc_row css=&#8221;.vc_custom_1691340584384{margin-bottom: 10px !important;}&#8221;][vc_column][\/vc_column][\/vc_row][vc_row css=&#8221;.vc_custom_1691340584384{margin-bottom: 10px !important;}&#8221;][vc_column][\/vc_column][\/vc_row][vc_row css=&#8221;.vc_custom_1691340584384{margin-bottom: 10px !important;}&#8221;][vc_column][\/vc_column][\/vc_row][vc_row][vc_column][vc_column_text] [\/vc_column][\/vc_row][vc_row css=&#8221;.vc_custom_1691340584384{margin-bottom: 10px !important;}&#8221;][vc_column][\/vc_column][\/vc_row][vc_row css=&#8221;.vc_custom_1691340584384{margin-bottom: 10px !important;}&#8221;][vc_column][\/vc_column][\/vc_row][vc_row css=&#8221;.vc_custom_1691340584384{margin-bottom: 10px !important;}&#8221;][vc_column][\/vc_column][\/vc_row][vc_row][vc_column][vc_column_text] Paul Cezanne &#8211; Il grande pino &nbsp; Anno di creazione: 1892-1896 Dimensioni originali: 91 cm x 84 cm Stile di pittura: Post-impressionismo Tecnica originale: Olio su tela Situato: [&hellip;]<\/p>\n","protected":false},"featured_media":107004,"template":"","meta":{"_acf_changed":false},"product_brand":[],"product_cat":[4185],"product_tag":[4212,4245,4246,4253],"class_list":{"0":"post-40447","1":"product","2":"type-product","3":"status-publish","4":"has-post-thumbnail","6":"product_cat-paul-cezanne","7":"product_tag-cezanne-it","8":"product_tag-riproduzione","9":"product_tag-riproduzione-it","10":"product_tag-un-pittore","11":"pa_dimenzija-100-x-90-cm","12":"pa_dimenzija-120-x-110-cm","13":"pa_dimenzija-150-x-140-cm","14":"pa_dimenzija-180-x-170-cm","15":"pa_dimenzija-60-x-55-cm","16":"pa_dimenzija-70-x-65-cm","17":"pa_dimenzija-80-x-75-cm","18":"pa_dimenzija-91-x-84-cm","19":"pa_oblika-orizzontale","20":"pa_okvir-sensa-cornice","21":"pa_podokvir-no","22":"pa_podokvir-si","24":"first","25":"onbackorder","26":"purchasable","27":"product-type-variable","28":"has-default-attributes"},"acf":[],"yoast_head":"<!-- This site is optimized with the Yoast SEO Premium plugin v26.0 (Yoast SEO v27.2) - https:\/\/yoast.com\/product\/yoast-seo-premium-wordpress\/ -->\n<title>Paul Cezanne - The Great Pine - SVETSLIK.SI - Dipinti a mano al 100%<\/title>\n<meta name=\"description\" content=\"Paul Cezanne - The Great Pine - Riproduzioni di quadri d&#039;arte dipinte a mano al 100% su tela. Cornici per quadri, vendita e produzione di dimensioni su ordinazione.\" \/>\n<meta name=\"robots\" content=\"index, follow, max-snippet:-1, max-image-preview:large, max-video-preview:-1\" \/>\n<link rel=\"canonical\" href=\"https:\/\/svetslik.si\/it\/paul-cezanne\/the-great-pine\/\" \/>\n<meta property=\"og:locale\" content=\"it_IT\" \/>\n<meta property=\"og:type\" content=\"article\" \/>\n<meta property=\"og:title\" content=\"Paul Cezanne - The Great Pine\" \/>\n<meta property=\"og:description\" content=\"100% ro\u010dno naslikane slike na platnu, reprodukcije znanih slikarjev in umetni\u0161ke slike po naro\u010dilu.\" \/>\n<meta property=\"og:url\" content=\"https:\/\/svetslik.si\/it\/paul-cezanne\/the-great-pine\/\" \/>\n<meta property=\"og:site_name\" content=\"SVETSLIK.SI\" \/>\n<meta property=\"article:publisher\" content=\"https:\/\/www.facebook.com\/svetslik.si\" \/>\n<meta property=\"article:modified_time\" content=\"2026-03-22T20:53:16+00:00\" \/>\n<meta property=\"og:image\" content=\"https:\/\/svetslik.si\/wp-content\/uploads\/2021\/09\/Paul-Cezanne-\u2013-The-Great-Pine-reprodukcija-slike.jpg\" \/>\n\t<meta property=\"og:image:width\" content=\"1000\" \/>\n\t<meta property=\"og:image:height\" content=\"922\" \/>\n\t<meta property=\"og:image:type\" content=\"image\/jpeg\" \/>\n<meta name=\"twitter:card\" content=\"summary_large_image\" \/>\n<meta name=\"twitter:site\" content=\"@svetslik\" \/>\n<meta name=\"twitter:label1\" content=\"Disponibilit\u00e0\" \/>\n\t<meta name=\"twitter:data1\" content=\"Su ordinazione\" \/>\n<script type=\"application\/ld+json\" class=\"yoast-schema-graph\">{\"@context\":\"https:\/\/schema.org\",\"@graph\":[{\"@type\":[\"WebPage\",\"ItemPage\"],\"@id\":\"https:\/\/svetslik.si\/it\/paul-cezanne\/the-great-pine\/\",\"url\":\"https:\/\/svetslik.si\/it\/paul-cezanne\/the-great-pine\/\",\"name\":\"Paul Cezanne - The Great Pine - SVETSLIK.SI - Dipinti a mano al 100%\",\"isPartOf\":{\"@id\":\"https:\/\/svetslik.si\/it\/#website\"},\"primaryImageOfPage\":{\"@id\":\"https:\/\/svetslik.si\/it\/paul-cezanne\/the-great-pine\/#primaryimage\"},\"image\":{\"@id\":\"https:\/\/svetslik.si\/it\/paul-cezanne\/the-great-pine\/#primaryimage\"},\"thumbnailUrl\":\"https:\/\/svetslik.si\/wp-content\/uploads\/2021\/09\/Paul-Cezanne-\u2013-The-Great-Pine-reprodukcija-slike.jpg\",\"datePublished\":\"2021-09-02T16:15:40+00:00\",\"dateModified\":\"2026-03-22T20:53:16+00:00\",\"description\":\"Paul Cezanne - The Great Pine - Riproduzioni di quadri d'arte dipinte a mano al 100% su tela. Cornici per quadri, vendita e produzione di dimensioni su ordinazione.\",\"breadcrumb\":{\"@id\":\"https:\/\/svetslik.si\/it\/paul-cezanne\/the-great-pine\/#breadcrumb\"},\"inLanguage\":\"it-IT\",\"potentialAction\":[{\"@type\":\"ReadAction\",\"target\":[\"https:\/\/svetslik.si\/it\/paul-cezanne\/the-great-pine\/\"]}]},{\"@type\":\"ImageObject\",\"inLanguage\":\"it-IT\",\"@id\":\"https:\/\/svetslik.si\/it\/paul-cezanne\/the-great-pine\/#primaryimage\",\"url\":\"https:\/\/svetslik.si\/wp-content\/uploads\/2021\/09\/Paul-Cezanne-\u2013-The-Great-Pine-reprodukcija-slike.jpg\",\"contentUrl\":\"https:\/\/svetslik.si\/wp-content\/uploads\/2021\/09\/Paul-Cezanne-\u2013-The-Great-Pine-reprodukcija-slike.jpg\",\"width\":1000,\"height\":922,\"caption\":\"Paul Cezanne - The Great Pine\"},{\"@type\":\"BreadcrumbList\",\"@id\":\"https:\/\/svetslik.si\/it\/paul-cezanne\/the-great-pine\/#breadcrumb\",\"itemListElement\":[{\"@type\":\"ListItem\",\"position\":1,\"name\":\"Fali m\u0171v\u00e9szet \u00e9s festm\u00e9nyek v\u00e1szonra\",\"item\":\"https:\/\/svetslik.si\/it\/\"},{\"@type\":\"ListItem\",\"position\":2,\"name\":\"Vendita di dipinti\",\"item\":\"https:\/\/svetslik.si\/prodaja-slik\/\"},{\"@type\":\"ListItem\",\"position\":3,\"name\":\"Paul Cezanne &#8211; The Great Pine\"}]},{\"@type\":\"WebSite\",\"@id\":\"https:\/\/svetslik.si\/it\/#website\",\"url\":\"https:\/\/svetslik.si\/it\/\",\"name\":\"SVETSLIK.SI\",\"description\":\"100% riproduzioni dipinte a mano di quadri di pittori famosi e dipinti su tela.\",\"publisher\":{\"@id\":\"https:\/\/svetslik.si\/it\/#organization\"},\"potentialAction\":[{\"@type\":\"SearchAction\",\"target\":{\"@type\":\"EntryPoint\",\"urlTemplate\":\"https:\/\/svetslik.si\/it\/?s={search_term_string}\"},\"query-input\":{\"@type\":\"PropertyValueSpecification\",\"valueRequired\":true,\"valueName\":\"search_term_string\"}}],\"inLanguage\":\"it-IT\"},{\"@type\":\"Organization\",\"@id\":\"https:\/\/svetslik.si\/it\/#organization\",\"name\":\"SvetSlik.si\",\"url\":\"https:\/\/svetslik.si\/it\/\",\"logo\":{\"@type\":\"ImageObject\",\"inLanguage\":\"it-IT\",\"@id\":\"https:\/\/svetslik.si\/it\/#\/schema\/logo\/image\/\",\"url\":\"https:\/\/svetslik.si\/wp-content\/uploads\/2020\/12\/logo-512.png\",\"contentUrl\":\"https:\/\/svetslik.si\/wp-content\/uploads\/2020\/12\/logo-512.png\",\"width\":512,\"height\":512,\"caption\":\"SvetSlik.si\"},\"image\":{\"@id\":\"https:\/\/svetslik.si\/it\/#\/schema\/logo\/image\/\"},\"sameAs\":[\"https:\/\/www.facebook.com\/svetslik.si\",\"https:\/\/x.com\/svetslik\",\"https:\/\/www.instagram.com\/svetslik.si\/\",\"https:\/\/www.linkedin.com\/company\/svetslik-si\"]}]}<\/script>\n<meta property=\"og:availability\" content=\"backorder\" \/>\n<meta property=\"product:availability\" content=\"available for order\" \/>\n<meta property=\"product:retailer_item_id\" content=\"494__\" \/>\n<meta property=\"product:condition\" content=\"new\" \/>\n<!-- \/ Yoast SEO Premium plugin. -->","yoast_head_json":{"title":"Paul Cezanne - The Great Pine - SVETSLIK.SI - Dipinti a mano al 100%","description":"Paul Cezanne - The Great Pine - Riproduzioni di quadri d'arte dipinte a mano al 100% su tela. Cornici per quadri, vendita e produzione di dimensioni su ordinazione.","robots":{"index":"index","follow":"follow","max-snippet":"max-snippet:-1","max-image-preview":"max-image-preview:large","max-video-preview":"max-video-preview:-1"},"canonical":"https:\/\/svetslik.si\/it\/paul-cezanne\/the-great-pine\/","og_locale":"it_IT","og_type":"article","og_title":"Paul Cezanne - The Great Pine","og_description":"100% ro\u010dno naslikane slike na platnu, reprodukcije znanih slikarjev in umetni\u0161ke slike po naro\u010dilu.","og_url":"https:\/\/svetslik.si\/it\/paul-cezanne\/the-great-pine\/","og_site_name":"SVETSLIK.SI","article_publisher":"https:\/\/www.facebook.com\/svetslik.si","article_modified_time":"2026-03-22T20:53:16+00:00","og_image":[{"width":1000,"height":922,"url":"https:\/\/svetslik.si\/wp-content\/uploads\/2021\/09\/Paul-Cezanne-\u2013-The-Great-Pine-reprodukcija-slike.jpg","type":"image\/jpeg"}],"twitter_card":"summary_large_image","twitter_site":"@svetslik","twitter_misc":{"Disponibilit\u00e0":"Su ordinazione"},"schema":{"@context":"https:\/\/schema.org","@graph":[{"@type":["WebPage","ItemPage"],"@id":"https:\/\/svetslik.si\/it\/paul-cezanne\/the-great-pine\/","url":"https:\/\/svetslik.si\/it\/paul-cezanne\/the-great-pine\/","name":"Paul Cezanne - The Great Pine - SVETSLIK.SI - Dipinti a mano al 100%","isPartOf":{"@id":"https:\/\/svetslik.si\/it\/#website"},"primaryImageOfPage":{"@id":"https:\/\/svetslik.si\/it\/paul-cezanne\/the-great-pine\/#primaryimage"},"image":{"@id":"https:\/\/svetslik.si\/it\/paul-cezanne\/the-great-pine\/#primaryimage"},"thumbnailUrl":"https:\/\/svetslik.si\/wp-content\/uploads\/2021\/09\/Paul-Cezanne-\u2013-The-Great-Pine-reprodukcija-slike.jpg","datePublished":"2021-09-02T16:15:40+00:00","dateModified":"2026-03-22T20:53:16+00:00","description":"Paul Cezanne - The Great Pine - Riproduzioni di quadri d'arte dipinte a mano al 100% su tela. Cornici per quadri, vendita e produzione di dimensioni su ordinazione.","breadcrumb":{"@id":"https:\/\/svetslik.si\/it\/paul-cezanne\/the-great-pine\/#breadcrumb"},"inLanguage":"it-IT","potentialAction":[{"@type":"ReadAction","target":["https:\/\/svetslik.si\/it\/paul-cezanne\/the-great-pine\/"]}]},{"@type":"ImageObject","inLanguage":"it-IT","@id":"https:\/\/svetslik.si\/it\/paul-cezanne\/the-great-pine\/#primaryimage","url":"https:\/\/svetslik.si\/wp-content\/uploads\/2021\/09\/Paul-Cezanne-\u2013-The-Great-Pine-reprodukcija-slike.jpg","contentUrl":"https:\/\/svetslik.si\/wp-content\/uploads\/2021\/09\/Paul-Cezanne-\u2013-The-Great-Pine-reprodukcija-slike.jpg","width":1000,"height":922,"caption":"Paul Cezanne - The Great Pine"},{"@type":"BreadcrumbList","@id":"https:\/\/svetslik.si\/it\/paul-cezanne\/the-great-pine\/#breadcrumb","itemListElement":[{"@type":"ListItem","position":1,"name":"Fali m\u0171v\u00e9szet \u00e9s festm\u00e9nyek v\u00e1szonra","item":"https:\/\/svetslik.si\/it\/"},{"@type":"ListItem","position":2,"name":"Vendita di dipinti","item":"https:\/\/svetslik.si\/prodaja-slik\/"},{"@type":"ListItem","position":3,"name":"Paul Cezanne &#8211; The Great Pine"}]},{"@type":"WebSite","@id":"https:\/\/svetslik.si\/it\/#website","url":"https:\/\/svetslik.si\/it\/","name":"SVETSLIK.SI","description":"100% riproduzioni dipinte a mano di quadri di pittori famosi e dipinti su tela.","publisher":{"@id":"https:\/\/svetslik.si\/it\/#organization"},"potentialAction":[{"@type":"SearchAction","target":{"@type":"EntryPoint","urlTemplate":"https:\/\/svetslik.si\/it\/?s={search_term_string}"},"query-input":{"@type":"PropertyValueSpecification","valueRequired":true,"valueName":"search_term_string"}}],"inLanguage":"it-IT"},{"@type":"Organization","@id":"https:\/\/svetslik.si\/it\/#organization","name":"SvetSlik.si","url":"https:\/\/svetslik.si\/it\/","logo":{"@type":"ImageObject","inLanguage":"it-IT","@id":"https:\/\/svetslik.si\/it\/#\/schema\/logo\/image\/","url":"https:\/\/svetslik.si\/wp-content\/uploads\/2020\/12\/logo-512.png","contentUrl":"https:\/\/svetslik.si\/wp-content\/uploads\/2020\/12\/logo-512.png","width":512,"height":512,"caption":"SvetSlik.si"},"image":{"@id":"https:\/\/svetslik.si\/it\/#\/schema\/logo\/image\/"},"sameAs":["https:\/\/www.facebook.com\/svetslik.si","https:\/\/x.com\/svetslik","https:\/\/www.instagram.com\/svetslik.si\/","https:\/\/www.linkedin.com\/company\/svetslik-si"]}]},"og_availability":"backorder","product_availability":"available for order","product_retailer_item_id":"494__","product_condition":"new"},"jetpack_sharing_enabled":true,"_links":{"self":[{"href":"https:\/\/svetslik.si\/it\/wp-json\/wp\/v2\/product\/40447","targetHints":{"allow":["GET"]}}],"collection":[{"href":"https:\/\/svetslik.si\/it\/wp-json\/wp\/v2\/product"}],"about":[{"href":"https:\/\/svetslik.si\/it\/wp-json\/wp\/v2\/types\/product"}],"wp:featuredmedia":[{"embeddable":true,"href":"https:\/\/svetslik.si\/it\/wp-json\/wp\/v2\/media\/107004"}],"wp:attachment":[{"href":"https:\/\/svetslik.si\/it\/wp-json\/wp\/v2\/media?parent=40447"}],"wp:term":[{"taxonomy":"product_brand","embeddable":true,"href":"https:\/\/svetslik.si\/it\/wp-json\/wp\/v2\/product_brand?post=40447"},{"taxonomy":"product_cat","embeddable":true,"href":"https:\/\/svetslik.si\/it\/wp-json\/wp\/v2\/product_cat?post=40447"},{"taxonomy":"product_tag","embeddable":true,"href":"https:\/\/svetslik.si\/it\/wp-json\/wp\/v2\/product_tag?post=40447"}],"curies":[{"name":"wp","href":"https:\/\/api.w.org\/{rel}","templated":true}]}}