{"id":40473,"date":"2021-09-02T18:16:16","date_gmt":"2021-09-02T16:16:16","guid":{"rendered":"https:\/\/svetslik.si\/senza-categoria\/afternoon-in-naples\/"},"modified":"2026-03-22T21:54:01","modified_gmt":"2026-03-22T20:54:01","slug":"afternoon-in-naples","status":"publish","type":"product","link":"https:\/\/svetslik.si\/it\/paul-cezanne\/afternoon-in-naples\/","title":{"rendered":"Paul Cezanne &#8211; Afternoon in Naples"},"content":{"rendered":"<div class=\"wpb-content-wrapper\">[vc_row][vc_column][vc_column_text]\n<h1>Paul Cezanne &#8211; Pomeriggio a Napoli<\/h1>\n<p>&nbsp;<\/p>\n<table border=\"0\" width=\"619\" cellspacing=\"0\" cellpadding=\"0\">\n<tbody>\n<tr>\n<td height=\"21\">Anno di creazione:<\/td>\n<td style=\"width: 439px;\">1872-1875<\/td>\n<\/tr>\n<tr>\n<td height=\"21\">Dimensione originale:<\/td>\n<td style=\"width: 439px;\">45 cm x 37 cm<\/td>\n<\/tr>\n<tr>\n<td height=\"21\">Stile colore:<\/td>\n<td style=\"width: 439px;\">Post impressionismo<\/td>\n<\/tr>\n<tr>\n<td height=\"21\">Tecnica originale:<\/td>\n<td style=\"width: 439px;\">Olio su tela<\/td>\n<\/tr>\n<tr>\n<td height=\"21\">Situato:<\/td>\n<td style=\"width: 439px;\">Galleria Nazionale dell&#8217;Australia, Canberra<\/td>\n<\/tr>\n<\/tbody>\n<colgroup>\n<col \/>\n<col \/> <\/colgroup>\n<\/table>\n<p>Il motivo di questo olio su tela apparve gi\u00e0 nel primo periodo di C\u00e9zanne, ma entrambe le opere che voleva esporre nella galleria del Salon nel 1867 furono respinte. Il pittore torn\u00f2 su questo tema anche tra la fine degli anni &#8217;60 e l&#8217;inizio degli anni &#8217;70 dell&#8217;Ottocento. La versione finale dell&#8217;olio su tela <em> Pomeriggio a Napoli <\/em> differisce dai suoi predecessori principalmente per il suo stile espressivo, l&#8217;interpretazione di C\u00e9zanne della tecnica impressionista, che svilupp\u00f2 durante la sua collaborazione con il pittore Pissarro tra il 1872 e il 1874.[\/vc_column_text][\/vc_column][\/vc_row][vc_row][vc_column]\t<div class=\"et-image-855 et-image  full   et_image_link\">\n\t\t<div class=\"et-image-inner \">\n\t\t\t\t\t\t\t<div class=\"et-image-thumb \">\n\t\t\t\t\t<img decoding=\"async\" width=\"2268\" height=\"2388\" src=\"https:\/\/svetslik.si\/wp-content\/uploads\/2021\/09\/Paul-Cezanne-Afternoon-in-Naples.jpg\" class=\"attachment-full\" alt=\"Paul C\u00e9zanne - Pomeriggio a Napoli - Riproduzioni a mano di dipinti famosi, quadri moderni, quadri artistici per pareti.\" title=\"Paul C\u00e9zanne - Pomeriggio a Napoli - Riproduzioni a mano di dipinti famosi, quadri moderni, quadri artistici per pareti.\" srcset=\"https:\/\/svetslik.si\/wp-content\/uploads\/2021\/09\/Paul-Cezanne-Afternoon-in-Naples.jpg 2268w, https:\/\/svetslik.si\/wp-content\/uploads\/2021\/09\/Paul-Cezanne-Afternoon-in-Naples-600x632.jpg 600w, https:\/\/svetslik.si\/wp-content\/uploads\/2021\/09\/Paul-Cezanne-Afternoon-in-Naples-1200x1263.jpg 1200w, https:\/\/svetslik.si\/wp-content\/uploads\/2021\/09\/Paul-Cezanne-Afternoon-in-Naples-285x300.jpg 285w, https:\/\/svetslik.si\/wp-content\/uploads\/2021\/09\/Paul-Cezanne-Afternoon-in-Naples-973x1024.jpg 973w, https:\/\/svetslik.si\/wp-content\/uploads\/2021\/09\/Paul-Cezanne-Afternoon-in-Naples-768x809.jpg 768w, https:\/\/svetslik.si\/wp-content\/uploads\/2021\/09\/Paul-Cezanne-Afternoon-in-Naples-1459x1536.jpg 1459w, https:\/\/svetslik.si\/wp-content\/uploads\/2021\/09\/Paul-Cezanne-Afternoon-in-Naples-1945x2048.jpg 1945w, https:\/\/svetslik.si\/wp-content\/uploads\/2021\/09\/Paul-Cezanne-Afternoon-in-Naples-142x150.jpg 142w, https:\/\/svetslik.si\/wp-content\/uploads\/2021\/09\/Paul-Cezanne-Afternoon-in-Naples-1320x1390.jpg 1320w, https:\/\/svetslik.si\/wp-content\/uploads\/2021\/09\/Paul-Cezanne-Afternoon-in-Naples-900x948.jpg 900w\" sizes=\"(max-width: 2268px) 100vw, 2268px\" \/>\t\t\t\t<\/div>\n\t\t\t\t\t\t\t\t\t\t\t<\/div>\n\t<\/div>\n  [\/vc_column][\/vc_row]\n<\/div>","protected":false},"excerpt":{"rendered":"<p>[vc_row][vc_column][vc_column_text] Paul Cezanne &#8211; Pomeriggio a Napoli &nbsp; Anno di creazione: 1872-1875 Dimensione originale: 45 cm x 37 cm Stile colore: Post impressionismo Tecnica originale: Olio su tela Situato: Galleria Nazionale dell&#8217;Australia, Canberra Il motivo di questo olio su tela apparve gi\u00e0 nel primo periodo di C\u00e9zanne, ma entrambe le [&hellip;]<\/p>\n","protected":false},"featured_media":34874,"template":"","meta":{"_acf_changed":false},"product_brand":[],"product_cat":[4185],"product_tag":[4212,4246,4245,4253],"class_list":{"0":"post-40473","1":"product","2":"type-product","3":"status-publish","4":"has-post-thumbnail","6":"product_cat-paul-cezanne","7":"product_tag-cezanne-it","8":"product_tag-riproduzione-it","9":"product_tag-riproduzione","10":"product_tag-un-pittore","11":"pa_dimenzija-100-x-80-cm-it","12":"pa_dimenzija-120-x-100-cm-it","13":"pa_dimenzija-150-x-120-cm-it","14":"pa_dimenzija-180-x-150-cm-it","15":"pa_dimenzija-45-x-37-cm-it","16":"pa_dimenzija-60-x-50-cm-it","17":"pa_dimenzija-70-x-60-cm-it","18":"pa_dimenzija-80-x-65-cm-it","19":"pa_oblika-orizzontale","20":"pa_okvir-sensa-cornice","21":"pa_podokvir-no","22":"pa_podokvir-si","24":"first","25":"onbackorder","26":"purchasable","27":"product-type-variable","28":"has-default-attributes"},"acf":[],"yoast_head":"<!-- This site is optimized with the Yoast SEO Premium plugin v26.0 (Yoast SEO v27.2) - https:\/\/yoast.com\/product\/yoast-seo-premium-wordpress\/ -->\n<title>Paul Cezanne - Afternoon in Naples - SVETSLIK.SI - Dipinti a mano al 100%<\/title>\n<meta name=\"description\" content=\"Paul Cezanne - Afternoon in Naples - Riproduzioni di quadri d&#039;arte dipinte a mano al 100% su tela. Cornici per quadri, vendita e produzione di dimensioni su ordinazione.\" \/>\n<meta name=\"robots\" content=\"index, follow, max-snippet:-1, max-image-preview:large, max-video-preview:-1\" \/>\n<link rel=\"canonical\" href=\"https:\/\/svetslik.si\/it\/paul-cezanne\/afternoon-in-naples\/\" \/>\n<meta property=\"og:locale\" content=\"it_IT\" \/>\n<meta property=\"og:type\" content=\"article\" \/>\n<meta property=\"og:title\" content=\"Paul Cezanne - Afternoon in Naples\" \/>\n<meta property=\"og:description\" content=\"100% ro\u010dno naslikane slike na platnu, reprodukcije znanih slikarjev in umetni\u0161ke slike po naro\u010dilu.\" \/>\n<meta property=\"og:url\" content=\"https:\/\/svetslik.si\/it\/paul-cezanne\/afternoon-in-naples\/\" \/>\n<meta property=\"og:site_name\" content=\"SVETSLIK.SI\" \/>\n<meta property=\"article:publisher\" content=\"https:\/\/www.facebook.com\/svetslik.si\" \/>\n<meta property=\"article:modified_time\" content=\"2026-03-22T20:54:01+00:00\" \/>\n<meta property=\"og:image\" content=\"https:\/\/svetslik.si\/wp-content\/uploads\/2021\/08\/image_Afternoon-in-Naples-Paul-Czanne_680.jpg\" \/>\n\t<meta property=\"og:image:width\" content=\"2524\" \/>\n\t<meta property=\"og:image:height\" content=\"2048\" \/>\n\t<meta property=\"og:image:type\" content=\"image\/jpeg\" \/>\n<meta name=\"twitter:card\" content=\"summary_large_image\" \/>\n<meta name=\"twitter:site\" content=\"@svetslik\" \/>\n<meta name=\"twitter:label1\" content=\"Disponibilit\u00e0\" \/>\n\t<meta name=\"twitter:data1\" content=\"Su ordinazione\" \/>\n<script type=\"application\/ld+json\" class=\"yoast-schema-graph\">{\"@context\":\"https:\/\/schema.org\",\"@graph\":[{\"@type\":[\"WebPage\",\"ItemPage\"],\"@id\":\"https:\/\/svetslik.si\/it\/paul-cezanne\/afternoon-in-naples\/\",\"url\":\"https:\/\/svetslik.si\/it\/paul-cezanne\/afternoon-in-naples\/\",\"name\":\"Paul Cezanne - Afternoon in Naples - SVETSLIK.SI - Dipinti a mano al 100%\",\"isPartOf\":{\"@id\":\"https:\/\/svetslik.si\/it\/#website\"},\"primaryImageOfPage\":{\"@id\":\"https:\/\/svetslik.si\/it\/paul-cezanne\/afternoon-in-naples\/#primaryimage\"},\"image\":{\"@id\":\"https:\/\/svetslik.si\/it\/paul-cezanne\/afternoon-in-naples\/#primaryimage\"},\"thumbnailUrl\":\"https:\/\/svetslik.si\/wp-content\/uploads\/2021\/08\/image_Afternoon-in-Naples-Paul-Czanne_680.jpg\",\"datePublished\":\"2021-09-02T16:16:16+00:00\",\"dateModified\":\"2026-03-22T20:54:01+00:00\",\"description\":\"Paul Cezanne - Afternoon in Naples - Riproduzioni di quadri d'arte dipinte a mano al 100% su tela. Cornici per quadri, vendita e produzione di dimensioni su ordinazione.\",\"breadcrumb\":{\"@id\":\"https:\/\/svetslik.si\/it\/paul-cezanne\/afternoon-in-naples\/#breadcrumb\"},\"inLanguage\":\"it-IT\",\"potentialAction\":[{\"@type\":\"ReadAction\",\"target\":[\"https:\/\/svetslik.si\/it\/paul-cezanne\/afternoon-in-naples\/\"]}]},{\"@type\":\"ImageObject\",\"inLanguage\":\"it-IT\",\"@id\":\"https:\/\/svetslik.si\/it\/paul-cezanne\/afternoon-in-naples\/#primaryimage\",\"url\":\"https:\/\/svetslik.si\/wp-content\/uploads\/2021\/08\/image_Afternoon-in-Naples-Paul-Czanne_680.jpg\",\"contentUrl\":\"https:\/\/svetslik.si\/wp-content\/uploads\/2021\/08\/image_Afternoon-in-Naples-Paul-Czanne_680.jpg\",\"width\":2524,\"height\":2048,\"caption\":\"Paul Cezanne - Pomeriggio a Napoli - Quadri riproduzioni, dipinti murali dipinti a mano, olio su tela, quadri a olio, quadri artistici, quadri moderni per pareti, quadri ambientali, quadri astratti, quadri decorativi\"},{\"@type\":\"BreadcrumbList\",\"@id\":\"https:\/\/svetslik.si\/it\/paul-cezanne\/afternoon-in-naples\/#breadcrumb\",\"itemListElement\":[{\"@type\":\"ListItem\",\"position\":1,\"name\":\"Fali m\u0171v\u00e9szet \u00e9s festm\u00e9nyek v\u00e1szonra\",\"item\":\"https:\/\/svetslik.si\/it\/\"},{\"@type\":\"ListItem\",\"position\":2,\"name\":\"Vendita di dipinti\",\"item\":\"https:\/\/svetslik.si\/prodaja-slik\/\"},{\"@type\":\"ListItem\",\"position\":3,\"name\":\"Paul Cezanne &#8211; Afternoon in Naples\"}]},{\"@type\":\"WebSite\",\"@id\":\"https:\/\/svetslik.si\/it\/#website\",\"url\":\"https:\/\/svetslik.si\/it\/\",\"name\":\"SVETSLIK.SI\",\"description\":\"100% riproduzioni dipinte a mano di quadri di pittori famosi e dipinti su tela.\",\"publisher\":{\"@id\":\"https:\/\/svetslik.si\/it\/#organization\"},\"potentialAction\":[{\"@type\":\"SearchAction\",\"target\":{\"@type\":\"EntryPoint\",\"urlTemplate\":\"https:\/\/svetslik.si\/it\/?s={search_term_string}\"},\"query-input\":{\"@type\":\"PropertyValueSpecification\",\"valueRequired\":true,\"valueName\":\"search_term_string\"}}],\"inLanguage\":\"it-IT\"},{\"@type\":\"Organization\",\"@id\":\"https:\/\/svetslik.si\/it\/#organization\",\"name\":\"SvetSlik.si\",\"url\":\"https:\/\/svetslik.si\/it\/\",\"logo\":{\"@type\":\"ImageObject\",\"inLanguage\":\"it-IT\",\"@id\":\"https:\/\/svetslik.si\/it\/#\/schema\/logo\/image\/\",\"url\":\"https:\/\/svetslik.si\/wp-content\/uploads\/2020\/12\/logo-512.png\",\"contentUrl\":\"https:\/\/svetslik.si\/wp-content\/uploads\/2020\/12\/logo-512.png\",\"width\":512,\"height\":512,\"caption\":\"SvetSlik.si\"},\"image\":{\"@id\":\"https:\/\/svetslik.si\/it\/#\/schema\/logo\/image\/\"},\"sameAs\":[\"https:\/\/www.facebook.com\/svetslik.si\",\"https:\/\/x.com\/svetslik\",\"https:\/\/www.instagram.com\/svetslik.si\/\",\"https:\/\/www.linkedin.com\/company\/svetslik-si\"]}]}<\/script>\n<meta property=\"og:availability\" content=\"backorder\" \/>\n<meta property=\"product:availability\" content=\"available for order\" \/>\n<meta property=\"product:retailer_item_id\" content=\"497__\" \/>\n<meta property=\"product:condition\" content=\"new\" \/>\n<!-- \/ Yoast SEO Premium plugin. -->","yoast_head_json":{"title":"Paul Cezanne - Afternoon in Naples - SVETSLIK.SI - Dipinti a mano al 100%","description":"Paul Cezanne - Afternoon in Naples - Riproduzioni di quadri d'arte dipinte a mano al 100% su tela. Cornici per quadri, vendita e produzione di dimensioni su ordinazione.","robots":{"index":"index","follow":"follow","max-snippet":"max-snippet:-1","max-image-preview":"max-image-preview:large","max-video-preview":"max-video-preview:-1"},"canonical":"https:\/\/svetslik.si\/it\/paul-cezanne\/afternoon-in-naples\/","og_locale":"it_IT","og_type":"article","og_title":"Paul Cezanne - Afternoon in Naples","og_description":"100% ro\u010dno naslikane slike na platnu, reprodukcije znanih slikarjev in umetni\u0161ke slike po naro\u010dilu.","og_url":"https:\/\/svetslik.si\/it\/paul-cezanne\/afternoon-in-naples\/","og_site_name":"SVETSLIK.SI","article_publisher":"https:\/\/www.facebook.com\/svetslik.si","article_modified_time":"2026-03-22T20:54:01+00:00","og_image":[{"width":2524,"height":2048,"url":"https:\/\/svetslik.si\/wp-content\/uploads\/2021\/08\/image_Afternoon-in-Naples-Paul-Czanne_680.jpg","type":"image\/jpeg"}],"twitter_card":"summary_large_image","twitter_site":"@svetslik","twitter_misc":{"Disponibilit\u00e0":"Su ordinazione"},"schema":{"@context":"https:\/\/schema.org","@graph":[{"@type":["WebPage","ItemPage"],"@id":"https:\/\/svetslik.si\/it\/paul-cezanne\/afternoon-in-naples\/","url":"https:\/\/svetslik.si\/it\/paul-cezanne\/afternoon-in-naples\/","name":"Paul Cezanne - Afternoon in Naples - SVETSLIK.SI - Dipinti a mano al 100%","isPartOf":{"@id":"https:\/\/svetslik.si\/it\/#website"},"primaryImageOfPage":{"@id":"https:\/\/svetslik.si\/it\/paul-cezanne\/afternoon-in-naples\/#primaryimage"},"image":{"@id":"https:\/\/svetslik.si\/it\/paul-cezanne\/afternoon-in-naples\/#primaryimage"},"thumbnailUrl":"https:\/\/svetslik.si\/wp-content\/uploads\/2021\/08\/image_Afternoon-in-Naples-Paul-Czanne_680.jpg","datePublished":"2021-09-02T16:16:16+00:00","dateModified":"2026-03-22T20:54:01+00:00","description":"Paul Cezanne - Afternoon in Naples - Riproduzioni di quadri d'arte dipinte a mano al 100% su tela. Cornici per quadri, vendita e produzione di dimensioni su ordinazione.","breadcrumb":{"@id":"https:\/\/svetslik.si\/it\/paul-cezanne\/afternoon-in-naples\/#breadcrumb"},"inLanguage":"it-IT","potentialAction":[{"@type":"ReadAction","target":["https:\/\/svetslik.si\/it\/paul-cezanne\/afternoon-in-naples\/"]}]},{"@type":"ImageObject","inLanguage":"it-IT","@id":"https:\/\/svetslik.si\/it\/paul-cezanne\/afternoon-in-naples\/#primaryimage","url":"https:\/\/svetslik.si\/wp-content\/uploads\/2021\/08\/image_Afternoon-in-Naples-Paul-Czanne_680.jpg","contentUrl":"https:\/\/svetslik.si\/wp-content\/uploads\/2021\/08\/image_Afternoon-in-Naples-Paul-Czanne_680.jpg","width":2524,"height":2048,"caption":"Paul Cezanne - Pomeriggio a Napoli - Quadri riproduzioni, dipinti murali dipinti a mano, olio su tela, quadri a olio, quadri artistici, quadri moderni per pareti, quadri ambientali, quadri astratti, quadri decorativi"},{"@type":"BreadcrumbList","@id":"https:\/\/svetslik.si\/it\/paul-cezanne\/afternoon-in-naples\/#breadcrumb","itemListElement":[{"@type":"ListItem","position":1,"name":"Fali m\u0171v\u00e9szet \u00e9s festm\u00e9nyek v\u00e1szonra","item":"https:\/\/svetslik.si\/it\/"},{"@type":"ListItem","position":2,"name":"Vendita di dipinti","item":"https:\/\/svetslik.si\/prodaja-slik\/"},{"@type":"ListItem","position":3,"name":"Paul Cezanne &#8211; Afternoon in Naples"}]},{"@type":"WebSite","@id":"https:\/\/svetslik.si\/it\/#website","url":"https:\/\/svetslik.si\/it\/","name":"SVETSLIK.SI","description":"100% riproduzioni dipinte a mano di quadri di pittori famosi e dipinti su tela.","publisher":{"@id":"https:\/\/svetslik.si\/it\/#organization"},"potentialAction":[{"@type":"SearchAction","target":{"@type":"EntryPoint","urlTemplate":"https:\/\/svetslik.si\/it\/?s={search_term_string}"},"query-input":{"@type":"PropertyValueSpecification","valueRequired":true,"valueName":"search_term_string"}}],"inLanguage":"it-IT"},{"@type":"Organization","@id":"https:\/\/svetslik.si\/it\/#organization","name":"SvetSlik.si","url":"https:\/\/svetslik.si\/it\/","logo":{"@type":"ImageObject","inLanguage":"it-IT","@id":"https:\/\/svetslik.si\/it\/#\/schema\/logo\/image\/","url":"https:\/\/svetslik.si\/wp-content\/uploads\/2020\/12\/logo-512.png","contentUrl":"https:\/\/svetslik.si\/wp-content\/uploads\/2020\/12\/logo-512.png","width":512,"height":512,"caption":"SvetSlik.si"},"image":{"@id":"https:\/\/svetslik.si\/it\/#\/schema\/logo\/image\/"},"sameAs":["https:\/\/www.facebook.com\/svetslik.si","https:\/\/x.com\/svetslik","https:\/\/www.instagram.com\/svetslik.si\/","https:\/\/www.linkedin.com\/company\/svetslik-si"]}]},"og_availability":"backorder","product_availability":"available for order","product_retailer_item_id":"497__","product_condition":"new"},"jetpack_sharing_enabled":true,"_links":{"self":[{"href":"https:\/\/svetslik.si\/it\/wp-json\/wp\/v2\/product\/40473","targetHints":{"allow":["GET"]}}],"collection":[{"href":"https:\/\/svetslik.si\/it\/wp-json\/wp\/v2\/product"}],"about":[{"href":"https:\/\/svetslik.si\/it\/wp-json\/wp\/v2\/types\/product"}],"wp:featuredmedia":[{"embeddable":true,"href":"https:\/\/svetslik.si\/it\/wp-json\/wp\/v2\/media\/34874"}],"wp:attachment":[{"href":"https:\/\/svetslik.si\/it\/wp-json\/wp\/v2\/media?parent=40473"}],"wp:term":[{"taxonomy":"product_brand","embeddable":true,"href":"https:\/\/svetslik.si\/it\/wp-json\/wp\/v2\/product_brand?post=40473"},{"taxonomy":"product_cat","embeddable":true,"href":"https:\/\/svetslik.si\/it\/wp-json\/wp\/v2\/product_cat?post=40473"},{"taxonomy":"product_tag","embeddable":true,"href":"https:\/\/svetslik.si\/it\/wp-json\/wp\/v2\/product_tag?post=40473"}],"curies":[{"name":"wp","href":"https:\/\/api.w.org\/{rel}","templated":true}]}}