{"id":40500,"date":"2021-09-02T18:16:35","date_gmt":"2021-09-02T16:16:35","guid":{"rendered":"https:\/\/svetslik.si\/senza-categoria\/road-at-chantilly\/"},"modified":"2026-03-22T21:54:01","modified_gmt":"2026-03-22T20:54:01","slug":"road-at-chantilly","status":"publish","type":"product","link":"https:\/\/svetslik.si\/it\/paul-cezanne\/road-at-chantilly\/","title":{"rendered":"Paul Cezanne &#8211; Road at Chantilly"},"content":{"rendered":"<div class=\"wpb-content-wrapper\">[vc_row][vc_column][vc_column_text]\n<h1>Paul Cezanne &#8211; Strada di Chantilly<\/h1>\n<p>&nbsp;<\/p>\n<table border=\"0\" width=\"619\" cellspacing=\"0\" cellpadding=\"0\">\n<tbody>\n<tr>\n<td height=\"21\">Anno di creazione:<\/td>\n<td style=\"width: 439px;\">1888<\/td>\n<\/tr>\n<tr>\n<td height=\"21\">Dimensione originale:<\/td>\n<td style=\"width: 439px;\">65 cm x 81 cm<\/td>\n<\/tr>\n<tr>\n<td height=\"21\">Stile colore:<\/td>\n<td style=\"width: 439px;\">Post impressionismo<\/td>\n<\/tr>\n<tr>\n<td height=\"21\">Tecnica originale:<\/td>\n<td style=\"width: 439px;\">Olio su tela<\/td>\n<\/tr>\n<tr>\n<td height=\"21\">Situato:<\/td>\n<td style=\"width: 439px;\">Collezione privata Burden, New York<\/td>\n<\/tr>\n<\/tbody>\n<colgroup>\n<col \/>\n<col \/> <\/colgroup>\n<\/table>\n<p>L&#8217;olio su tela <em>Road at Chantilly<\/em> \u00e8 un meraviglioso esempio del senso del colore di C\u00e9zanne e delle sue pennellate, che sono vivaci, espressive, sicure e sempre in movimento. L&#8217;immagine mostra magnificamente il gioco delle sfumature verdi con giallo, viola e blu. Le macchie verdi sembrano senza forma rispetto alle linee geometriche degli edifici, ma contengono una loro armonia formale.[\/vc_column_text][\/vc_column][\/vc_row][vc_row][vc_column]\t<div class=\"et-image-959 et-image  full   et_image_link\">\n\t\t<div class=\"et-image-inner \">\n\t\t\t\t\t\t\t<div class=\"et-image-thumb \">\n\t\t\t\t\t<img decoding=\"async\" width=\"2160\" height=\"2560\" src=\"https:\/\/svetslik.si\/wp-content\/uploads\/2021\/09\/Paul-Cezanne-Road-at-Chantilly-scaled.jpg\" class=\"attachment-full\" alt=\"Paul C\u00e9zanne - Strada a Chantilly - Riproduzione su tela a mano di dipinti artistici.\" title=\"Paul C\u00e9zanne - Strada a Chantilly - Riproduzione su tela a mano di dipinti artistici.\" srcset=\"https:\/\/svetslik.si\/wp-content\/uploads\/2021\/09\/Paul-Cezanne-Road-at-Chantilly-scaled.jpg 2160w, https:\/\/svetslik.si\/wp-content\/uploads\/2021\/09\/Paul-Cezanne-Road-at-Chantilly-600x711.jpg 600w, https:\/\/svetslik.si\/wp-content\/uploads\/2021\/09\/Paul-Cezanne-Road-at-Chantilly-scaled-1200x1422.jpg 1200w, https:\/\/svetslik.si\/wp-content\/uploads\/2021\/09\/Paul-Cezanne-Road-at-Chantilly-253x300.jpg 253w, https:\/\/svetslik.si\/wp-content\/uploads\/2021\/09\/Paul-Cezanne-Road-at-Chantilly-864x1024.jpg 864w, https:\/\/svetslik.si\/wp-content\/uploads\/2021\/09\/Paul-Cezanne-Road-at-Chantilly-768x910.jpg 768w, https:\/\/svetslik.si\/wp-content\/uploads\/2021\/09\/Paul-Cezanne-Road-at-Chantilly-1296x1536.jpg 1296w, https:\/\/svetslik.si\/wp-content\/uploads\/2021\/09\/Paul-Cezanne-Road-at-Chantilly-1728x2048.jpg 1728w, https:\/\/svetslik.si\/wp-content\/uploads\/2021\/09\/Paul-Cezanne-Road-at-Chantilly-127x150.jpg 127w, https:\/\/svetslik.si\/wp-content\/uploads\/2021\/09\/Paul-Cezanne-Road-at-Chantilly-1320x1564.jpg 1320w, https:\/\/svetslik.si\/wp-content\/uploads\/2021\/09\/Paul-Cezanne-Road-at-Chantilly-900x1067.jpg 900w\" sizes=\"(max-width: 2160px) 100vw, 2160px\" \/>\t\t\t\t<\/div>\n\t\t\t\t\t\t\t\t\t\t\t<\/div>\n\t<\/div>\n  [\/vc_column][\/vc_row]\n<\/div>","protected":false},"excerpt":{"rendered":"<p>[vc_row][vc_column][vc_column_text] Paul Cezanne &#8211; Strada di Chantilly &nbsp; Anno di creazione: 1888 Dimensione originale: 65 cm x 81 cm Stile colore: Post impressionismo Tecnica originale: Olio su tela Situato: Collezione privata Burden, New York L&#8217;olio su tela Road at Chantilly \u00e8 un meraviglioso esempio del senso del colore di C\u00e9zanne [&hellip;]<\/p>\n","protected":false},"featured_media":35525,"template":"","meta":{"_acf_changed":false},"product_brand":[],"product_cat":[4185],"product_tag":[4212,4245,4246,4253],"class_list":{"0":"post-40500","1":"product","2":"type-product","3":"status-publish","4":"has-post-thumbnail","6":"product_cat-paul-cezanne","7":"product_tag-cezanne-it","8":"product_tag-riproduzione","9":"product_tag-riproduzione-it","10":"product_tag-un-pittore","11":"pa_dimenzija-100-x-130-cm-it","12":"pa_dimenzija-120-x-150-cm-it","13":"pa_dimenzija-150-x-190-cm-it","14":"pa_dimenzija-50-x-60-cm-it","15":"pa_dimenzija-65-x-81-cm-it","16":"pa_dimenzija-70-x-90-cm-it","17":"pa_dimenzija-80-x-100-cm-it","18":"pa_dimenzija-90-x-110-cm-it","19":"pa_oblika-verticale","20":"pa_okvir-sensa-cornice","21":"pa_podokvir-no","22":"pa_podokvir-si","24":"first","25":"onbackorder","26":"purchasable","27":"product-type-variable","28":"has-default-attributes"},"acf":[],"yoast_head":"<!-- This site is optimized with the Yoast SEO Premium plugin v26.0 (Yoast SEO v27.2) - https:\/\/yoast.com\/product\/yoast-seo-premium-wordpress\/ -->\n<title>Paul Cezanne - Road at Chantilly - SVETSLIK.SI - Dipinti a mano al 100%<\/title>\n<meta name=\"description\" content=\"Paul Cezanne - Road at Chantilly - Riproduzioni di quadri d&#039;arte dipinte a mano al 100% su tela. Cornici per quadri, vendita e produzione di dimensioni su ordinazione.\" \/>\n<meta name=\"robots\" content=\"index, follow, max-snippet:-1, max-image-preview:large, max-video-preview:-1\" \/>\n<link rel=\"canonical\" href=\"https:\/\/svetslik.si\/it\/paul-cezanne\/road-at-chantilly\/\" \/>\n<meta property=\"og:locale\" content=\"it_IT\" \/>\n<meta property=\"og:type\" content=\"article\" \/>\n<meta property=\"og:title\" content=\"Paul Cezanne - Road at Chantilly\" \/>\n<meta property=\"og:description\" content=\"100% ro\u010dno naslikane slike na platnu, reprodukcije znanih slikarjev in umetni\u0161ke slike po naro\u010dilu.\" \/>\n<meta property=\"og:url\" content=\"https:\/\/svetslik.si\/it\/paul-cezanne\/road-at-chantilly\/\" \/>\n<meta property=\"og:site_name\" content=\"SVETSLIK.SI\" \/>\n<meta property=\"article:publisher\" content=\"https:\/\/www.facebook.com\/svetslik.si\" \/>\n<meta property=\"article:modified_time\" content=\"2026-03-22T20:54:01+00:00\" \/>\n<meta property=\"og:image\" content=\"https:\/\/svetslik.si\/wp-content\/uploads\/2021\/08\/image_Road-at-Chantilly-Paul-Cezanne_680.jpg\" \/>\n\t<meta property=\"og:image:width\" content=\"903\" \/>\n\t<meta property=\"og:image:height\" content=\"1193\" \/>\n\t<meta property=\"og:image:type\" content=\"image\/jpeg\" \/>\n<meta name=\"twitter:card\" content=\"summary_large_image\" \/>\n<meta name=\"twitter:site\" content=\"@svetslik\" \/>\n<meta name=\"twitter:label1\" content=\"Disponibilit\u00e0\" \/>\n\t<meta name=\"twitter:data1\" content=\"Su ordinazione\" \/>\n<script type=\"application\/ld+json\" class=\"yoast-schema-graph\">{\"@context\":\"https:\/\/schema.org\",\"@graph\":[{\"@type\":[\"WebPage\",\"ItemPage\"],\"@id\":\"https:\/\/svetslik.si\/it\/paul-cezanne\/road-at-chantilly\/\",\"url\":\"https:\/\/svetslik.si\/it\/paul-cezanne\/road-at-chantilly\/\",\"name\":\"Paul Cezanne - Road at Chantilly - SVETSLIK.SI - Dipinti a mano al 100%\",\"isPartOf\":{\"@id\":\"https:\/\/svetslik.si\/it\/#website\"},\"primaryImageOfPage\":{\"@id\":\"https:\/\/svetslik.si\/it\/paul-cezanne\/road-at-chantilly\/#primaryimage\"},\"image\":{\"@id\":\"https:\/\/svetslik.si\/it\/paul-cezanne\/road-at-chantilly\/#primaryimage\"},\"thumbnailUrl\":\"https:\/\/svetslik.si\/wp-content\/uploads\/2021\/08\/image_Road-at-Chantilly-Paul-Cezanne_680.jpg\",\"datePublished\":\"2021-09-02T16:16:35+00:00\",\"dateModified\":\"2026-03-22T20:54:01+00:00\",\"description\":\"Paul Cezanne - Road at Chantilly - Riproduzioni di quadri d'arte dipinte a mano al 100% su tela. Cornici per quadri, vendita e produzione di dimensioni su ordinazione.\",\"breadcrumb\":{\"@id\":\"https:\/\/svetslik.si\/it\/paul-cezanne\/road-at-chantilly\/#breadcrumb\"},\"inLanguage\":\"it-IT\",\"potentialAction\":[{\"@type\":\"ReadAction\",\"target\":[\"https:\/\/svetslik.si\/it\/paul-cezanne\/road-at-chantilly\/\"]}]},{\"@type\":\"ImageObject\",\"inLanguage\":\"it-IT\",\"@id\":\"https:\/\/svetslik.si\/it\/paul-cezanne\/road-at-chantilly\/#primaryimage\",\"url\":\"https:\/\/svetslik.si\/wp-content\/uploads\/2021\/08\/image_Road-at-Chantilly-Paul-Cezanne_680.jpg\",\"contentUrl\":\"https:\/\/svetslik.si\/wp-content\/uploads\/2021\/08\/image_Road-at-Chantilly-Paul-Cezanne_680.jpg\",\"width\":903,\"height\":1193,\"caption\":\"Paul Cezanne - Road at Chantilly - Riproduzioni dipinte a mano di pittori famosi, arte moderna da parete, arte da parete\"},{\"@type\":\"BreadcrumbList\",\"@id\":\"https:\/\/svetslik.si\/it\/paul-cezanne\/road-at-chantilly\/#breadcrumb\",\"itemListElement\":[{\"@type\":\"ListItem\",\"position\":1,\"name\":\"Fali m\u0171v\u00e9szet \u00e9s festm\u00e9nyek v\u00e1szonra\",\"item\":\"https:\/\/svetslik.si\/it\/\"},{\"@type\":\"ListItem\",\"position\":2,\"name\":\"Vendita di dipinti\",\"item\":\"https:\/\/svetslik.si\/prodaja-slik\/\"},{\"@type\":\"ListItem\",\"position\":3,\"name\":\"Paul Cezanne &#8211; Road at Chantilly\"}]},{\"@type\":\"WebSite\",\"@id\":\"https:\/\/svetslik.si\/it\/#website\",\"url\":\"https:\/\/svetslik.si\/it\/\",\"name\":\"SVETSLIK.SI\",\"description\":\"100% riproduzioni dipinte a mano di quadri di pittori famosi e dipinti su tela.\",\"publisher\":{\"@id\":\"https:\/\/svetslik.si\/it\/#organization\"},\"potentialAction\":[{\"@type\":\"SearchAction\",\"target\":{\"@type\":\"EntryPoint\",\"urlTemplate\":\"https:\/\/svetslik.si\/it\/?s={search_term_string}\"},\"query-input\":{\"@type\":\"PropertyValueSpecification\",\"valueRequired\":true,\"valueName\":\"search_term_string\"}}],\"inLanguage\":\"it-IT\"},{\"@type\":\"Organization\",\"@id\":\"https:\/\/svetslik.si\/it\/#organization\",\"name\":\"SvetSlik.si\",\"url\":\"https:\/\/svetslik.si\/it\/\",\"logo\":{\"@type\":\"ImageObject\",\"inLanguage\":\"it-IT\",\"@id\":\"https:\/\/svetslik.si\/it\/#\/schema\/logo\/image\/\",\"url\":\"https:\/\/svetslik.si\/wp-content\/uploads\/2020\/12\/logo-512.png\",\"contentUrl\":\"https:\/\/svetslik.si\/wp-content\/uploads\/2020\/12\/logo-512.png\",\"width\":512,\"height\":512,\"caption\":\"SvetSlik.si\"},\"image\":{\"@id\":\"https:\/\/svetslik.si\/it\/#\/schema\/logo\/image\/\"},\"sameAs\":[\"https:\/\/www.facebook.com\/svetslik.si\",\"https:\/\/x.com\/svetslik\",\"https:\/\/www.instagram.com\/svetslik.si\/\",\"https:\/\/www.linkedin.com\/company\/svetslik-si\"]}]}<\/script>\n<meta property=\"og:availability\" content=\"backorder\" \/>\n<meta property=\"product:availability\" content=\"available for order\" \/>\n<meta property=\"product:retailer_item_id\" content=\"500__\" \/>\n<meta property=\"product:condition\" content=\"new\" \/>\n<!-- \/ Yoast SEO Premium plugin. -->","yoast_head_json":{"title":"Paul Cezanne - Road at Chantilly - SVETSLIK.SI - Dipinti a mano al 100%","description":"Paul Cezanne - Road at Chantilly - Riproduzioni di quadri d'arte dipinte a mano al 100% su tela. Cornici per quadri, vendita e produzione di dimensioni su ordinazione.","robots":{"index":"index","follow":"follow","max-snippet":"max-snippet:-1","max-image-preview":"max-image-preview:large","max-video-preview":"max-video-preview:-1"},"canonical":"https:\/\/svetslik.si\/it\/paul-cezanne\/road-at-chantilly\/","og_locale":"it_IT","og_type":"article","og_title":"Paul Cezanne - Road at Chantilly","og_description":"100% ro\u010dno naslikane slike na platnu, reprodukcije znanih slikarjev in umetni\u0161ke slike po naro\u010dilu.","og_url":"https:\/\/svetslik.si\/it\/paul-cezanne\/road-at-chantilly\/","og_site_name":"SVETSLIK.SI","article_publisher":"https:\/\/www.facebook.com\/svetslik.si","article_modified_time":"2026-03-22T20:54:01+00:00","og_image":[{"width":903,"height":1193,"url":"https:\/\/svetslik.si\/wp-content\/uploads\/2021\/08\/image_Road-at-Chantilly-Paul-Cezanne_680.jpg","type":"image\/jpeg"}],"twitter_card":"summary_large_image","twitter_site":"@svetslik","twitter_misc":{"Disponibilit\u00e0":"Su ordinazione"},"schema":{"@context":"https:\/\/schema.org","@graph":[{"@type":["WebPage","ItemPage"],"@id":"https:\/\/svetslik.si\/it\/paul-cezanne\/road-at-chantilly\/","url":"https:\/\/svetslik.si\/it\/paul-cezanne\/road-at-chantilly\/","name":"Paul Cezanne - Road at Chantilly - SVETSLIK.SI - Dipinti a mano al 100%","isPartOf":{"@id":"https:\/\/svetslik.si\/it\/#website"},"primaryImageOfPage":{"@id":"https:\/\/svetslik.si\/it\/paul-cezanne\/road-at-chantilly\/#primaryimage"},"image":{"@id":"https:\/\/svetslik.si\/it\/paul-cezanne\/road-at-chantilly\/#primaryimage"},"thumbnailUrl":"https:\/\/svetslik.si\/wp-content\/uploads\/2021\/08\/image_Road-at-Chantilly-Paul-Cezanne_680.jpg","datePublished":"2021-09-02T16:16:35+00:00","dateModified":"2026-03-22T20:54:01+00:00","description":"Paul Cezanne - Road at Chantilly - Riproduzioni di quadri d'arte dipinte a mano al 100% su tela. Cornici per quadri, vendita e produzione di dimensioni su ordinazione.","breadcrumb":{"@id":"https:\/\/svetslik.si\/it\/paul-cezanne\/road-at-chantilly\/#breadcrumb"},"inLanguage":"it-IT","potentialAction":[{"@type":"ReadAction","target":["https:\/\/svetslik.si\/it\/paul-cezanne\/road-at-chantilly\/"]}]},{"@type":"ImageObject","inLanguage":"it-IT","@id":"https:\/\/svetslik.si\/it\/paul-cezanne\/road-at-chantilly\/#primaryimage","url":"https:\/\/svetslik.si\/wp-content\/uploads\/2021\/08\/image_Road-at-Chantilly-Paul-Cezanne_680.jpg","contentUrl":"https:\/\/svetslik.si\/wp-content\/uploads\/2021\/08\/image_Road-at-Chantilly-Paul-Cezanne_680.jpg","width":903,"height":1193,"caption":"Paul Cezanne - Road at Chantilly - Riproduzioni dipinte a mano di pittori famosi, arte moderna da parete, arte da parete"},{"@type":"BreadcrumbList","@id":"https:\/\/svetslik.si\/it\/paul-cezanne\/road-at-chantilly\/#breadcrumb","itemListElement":[{"@type":"ListItem","position":1,"name":"Fali m\u0171v\u00e9szet \u00e9s festm\u00e9nyek v\u00e1szonra","item":"https:\/\/svetslik.si\/it\/"},{"@type":"ListItem","position":2,"name":"Vendita di dipinti","item":"https:\/\/svetslik.si\/prodaja-slik\/"},{"@type":"ListItem","position":3,"name":"Paul Cezanne &#8211; Road at Chantilly"}]},{"@type":"WebSite","@id":"https:\/\/svetslik.si\/it\/#website","url":"https:\/\/svetslik.si\/it\/","name":"SVETSLIK.SI","description":"100% riproduzioni dipinte a mano di quadri di pittori famosi e dipinti su tela.","publisher":{"@id":"https:\/\/svetslik.si\/it\/#organization"},"potentialAction":[{"@type":"SearchAction","target":{"@type":"EntryPoint","urlTemplate":"https:\/\/svetslik.si\/it\/?s={search_term_string}"},"query-input":{"@type":"PropertyValueSpecification","valueRequired":true,"valueName":"search_term_string"}}],"inLanguage":"it-IT"},{"@type":"Organization","@id":"https:\/\/svetslik.si\/it\/#organization","name":"SvetSlik.si","url":"https:\/\/svetslik.si\/it\/","logo":{"@type":"ImageObject","inLanguage":"it-IT","@id":"https:\/\/svetslik.si\/it\/#\/schema\/logo\/image\/","url":"https:\/\/svetslik.si\/wp-content\/uploads\/2020\/12\/logo-512.png","contentUrl":"https:\/\/svetslik.si\/wp-content\/uploads\/2020\/12\/logo-512.png","width":512,"height":512,"caption":"SvetSlik.si"},"image":{"@id":"https:\/\/svetslik.si\/it\/#\/schema\/logo\/image\/"},"sameAs":["https:\/\/www.facebook.com\/svetslik.si","https:\/\/x.com\/svetslik","https:\/\/www.instagram.com\/svetslik.si\/","https:\/\/www.linkedin.com\/company\/svetslik-si"]}]},"og_availability":"backorder","product_availability":"available for order","product_retailer_item_id":"500__","product_condition":"new"},"jetpack_sharing_enabled":true,"_links":{"self":[{"href":"https:\/\/svetslik.si\/it\/wp-json\/wp\/v2\/product\/40500","targetHints":{"allow":["GET"]}}],"collection":[{"href":"https:\/\/svetslik.si\/it\/wp-json\/wp\/v2\/product"}],"about":[{"href":"https:\/\/svetslik.si\/it\/wp-json\/wp\/v2\/types\/product"}],"wp:featuredmedia":[{"embeddable":true,"href":"https:\/\/svetslik.si\/it\/wp-json\/wp\/v2\/media\/35525"}],"wp:attachment":[{"href":"https:\/\/svetslik.si\/it\/wp-json\/wp\/v2\/media?parent=40500"}],"wp:term":[{"taxonomy":"product_brand","embeddable":true,"href":"https:\/\/svetslik.si\/it\/wp-json\/wp\/v2\/product_brand?post=40500"},{"taxonomy":"product_cat","embeddable":true,"href":"https:\/\/svetslik.si\/it\/wp-json\/wp\/v2\/product_cat?post=40500"},{"taxonomy":"product_tag","embeddable":true,"href":"https:\/\/svetslik.si\/it\/wp-json\/wp\/v2\/product_tag?post=40500"}],"curies":[{"name":"wp","href":"https:\/\/api.w.org\/{rel}","templated":true}]}}