{"id":40590,"date":"2021-09-02T18:17:52","date_gmt":"2021-09-02T16:17:52","guid":{"rendered":"https:\/\/svetslik.si\/senza-categoria\/bouquet-of-flowers\/"},"modified":"2026-03-22T21:56:17","modified_gmt":"2026-03-22T20:56:17","slug":"bouquet-of-flowers","status":"publish","type":"product","link":"https:\/\/svetslik.si\/it\/henri-rousseau\/bouquet-of-flowers\/","title":{"rendered":"Henri Rousseau &#8211; Bouquet of Flowers"},"content":{"rendered":"<div class=\"wpb-content-wrapper\">[vc_row][vc_column][vc_column_text]\n<h1>Henri Rousseau &#8211; Mazzo di fiori<\/h1>\n<p>&nbsp;<\/p>\n<table border=\"0\" width=\"673\" cellspacing=\"0\" cellpadding=\"0\">\n<tbody>\n<tr>\n<td height=\"21\">Anno di creazione:<\/td>\n<td style=\"width: 493px;\">1910<\/td>\n<\/tr>\n<tr>\n<td height=\"21\">Dimensione originale:<\/td>\n<td style=\"width: 493px;\">49,5 cm x 61 cm<\/td>\n<\/tr>\n<tr>\n<td height=\"21\">Stile colore:<\/td>\n<td style=\"width: 493px;\">Post impressionismo<\/td>\n<\/tr>\n<tr>\n<td height=\"21\">Tecnica originale:<\/td>\n<td>Olio su tela<\/td>\n<\/tr>\n<tr>\n<td height=\"21\">Situato:<\/td>\n<td>Tate Gallery, Londra<\/td>\n<\/tr>\n<\/tbody>\n<colgroup>\n<col \/> <\/colgroup>\n<\/table>\n<p>Rousseau era un pittore postimpressionista che dipingeva nello stile dell&#8217;ingenuo o del primitivismo. In questo dipinto, ha raffigurato un mazzo di fiori in un vaso nel suo stile caratteristico. L&#8217;immagine \u00e8 adatta come regalo per ogni occasione.<\/p>\n<p>Il &#8220;Bouquet di fiori&#8221; di Henri Rousseau: un capolavoro del postimpressionismo<\/p>\n<p>Henri Rousseau era un pittore post-impressionista francese vissuto tra il 1844 e il 1910. Era noto per il suo stile unico che combinava elementi di arte popolare e ingenuit\u00e0 con tecniche moderne. Una delle sue opere pi\u00f9 famose \u00e8 &#8220;Bouquet of Flowers&#8221;, un&#8217;opera vivace e attraente che mostra la padronanza del colore e della forma di Rousseau.<\/p>\n<p>L&#8217;immagine mostra un lussureggiante bouquet di fiori in un vaso sullo sfondo di una giungla tropicale. I fiori sono raffigurati in vivaci tonalit\u00e0 di rosso, giallo e blu, e la giungla in un verde lussureggiante con alberi ad alto fusto e piante esotiche sullo sfondo. L&#8217;effetto complessivo \u00e8 vivido e vivace, riflettendo l&#8217;essenza del lussureggiante paesaggio tropicale che ha ispirato Rousseau.<\/p>\n<p>Nonostante la sua apparente semplicit\u00e0, &#8220;Bouquet of Flowers&#8221; \u00e8 in realt\u00e0 un&#8217;opera d&#8217;arte magistrale con molti dettagli che rivelano l&#8217;abilit\u00e0 e l&#8217;attenzione ai dettagli dell&#8217;artista. I fiori, ad esempio, sono resi con estrema precisione, dai delicati petali alle intricate venature delle foglie. Lo sfondo della giungla \u00e8 altrettanto ricco, dando vita alla scena con i suoi intricati dettagli.<\/p>\n<p>Tuttavia, &#8220;Bouquet of Flowers&#8221; \u00e8 davvero speciale per il modo in cui Rousseau combina realismo e astrazione. Il dipinto \u00e8 sia realistico che fantastico, poich\u00e9 cattura l&#8217;essenza del mondo naturale e allo stesso tempo crea un paesaggio immaginario e onirico. Questa combinazione di elementi reali e immaginari rende &#8220;Bouquet of Flowers&#8221; un vero capolavoro dell&#8217;arte post-impressionista.<\/p>\n<p>Se vuoi saperne di pi\u00f9 sul lavoro di Henri Rousseau o sul movimento post-impressionista, &#8220;Bouquet of Flowers&#8221; \u00e8 un ottimo punto di partenza. Con i suoi colori vivaci, i dettagli intricati e il magistrale intreccio di realismo e astrazione, questo dipinto sicuramente affasciner\u00e0 e ispirer\u00e0. Allora perch\u00e9 non prenderti un momento per apprezzare questo capolavoro dell&#8217;arte post-impressionista oggi?<\/p>\n[\/vc_column_text][\/vc_column][\/vc_row][vc_row css=&#8221;.vc_custom_1675011465606{margin-bottom: 10px !important;}&#8221;][vc_column]\t<div class=\"et-image-599 et-image     et_image_link\">\n\t\t<div class=\"et-image-inner \">\n\t\t\t\t\t\t\t<div class=\"et-image-thumb \">\n\t\t\t\t\t<img decoding=\"async\" width=\"1904\" height=\"2252\" src=\"https:\/\/svetslik.si\/wp-content\/uploads\/2021\/09\/Henri-Rousseau-\u2013-Bouquet-of-Flowers-5.jpg\" class=\"attachment-full\" alt=\"Henri Rousseau - Bouquet of Flowers - Henri Rousseau - Bouquet di fiori\" title=\"Henri Rousseau - Bouquet of Flowers - Henri Rousseau - Bouquet di fiori\" srcset=\"https:\/\/svetslik.si\/wp-content\/uploads\/2021\/09\/Henri-Rousseau-\u2013-Bouquet-of-Flowers-5.jpg 1904w, https:\/\/svetslik.si\/wp-content\/uploads\/2021\/09\/Henri-Rousseau-\u2013-Bouquet-of-Flowers-5-600x710.jpg 600w, https:\/\/svetslik.si\/wp-content\/uploads\/2021\/09\/Henri-Rousseau-\u2013-Bouquet-of-Flowers-5-1200x1419.jpg 1200w, https:\/\/svetslik.si\/wp-content\/uploads\/2021\/09\/Henri-Rousseau-\u2013-Bouquet-of-Flowers-5-254x300.jpg 254w, https:\/\/svetslik.si\/wp-content\/uploads\/2021\/09\/Henri-Rousseau-\u2013-Bouquet-of-Flowers-5-866x1024.jpg 866w, https:\/\/svetslik.si\/wp-content\/uploads\/2021\/09\/Henri-Rousseau-\u2013-Bouquet-of-Flowers-5-768x908.jpg 768w, https:\/\/svetslik.si\/wp-content\/uploads\/2021\/09\/Henri-Rousseau-\u2013-Bouquet-of-Flowers-5-1299x1536.jpg 1299w, https:\/\/svetslik.si\/wp-content\/uploads\/2021\/09\/Henri-Rousseau-\u2013-Bouquet-of-Flowers-5-1732x2048.jpg 1732w, https:\/\/svetslik.si\/wp-content\/uploads\/2021\/09\/Henri-Rousseau-\u2013-Bouquet-of-Flowers-5-10x12.jpg 10w, https:\/\/svetslik.si\/wp-content\/uploads\/2021\/09\/Henri-Rousseau-\u2013-Bouquet-of-Flowers-5-127x150.jpg 127w, https:\/\/svetslik.si\/wp-content\/uploads\/2021\/09\/Henri-Rousseau-\u2013-Bouquet-of-Flowers-5-1320x1561.jpg 1320w\" sizes=\"(max-width: 1904px) 100vw, 1904px\" \/>\t\t\t\t<\/div>\n\t\t\t\t\t\t\t\t\t\t\t<\/div>\n\t<\/div>\n  [\/vc_column][\/vc_row][vc_row css=&#8221;.vc_custom_1675011465606{margin-bottom: 10px !important;}&#8221;][vc_column]\t<div class=\"et-image-497 et-image     et_image_link\">\n\t\t<div class=\"et-image-inner \">\n\t\t\t\t\t\t\t<div class=\"et-image-thumb \">\n\t\t\t\t\t<img decoding=\"async\" width=\"1680\" height=\"2252\" src=\"https:\/\/svetslik.si\/wp-content\/uploads\/2021\/09\/Henri-Rousseau-\u2013-Bouquet-of-Flowers-3.jpg\" class=\"attachment-full\" alt=\"Henri Rousseau - Bouquet of Flowers - Henri Rousseau - Bouquet di fiori\" title=\"Henri Rousseau - Bouquet of Flowers - Henri Rousseau - Bouquet di fiori\" srcset=\"https:\/\/svetslik.si\/wp-content\/uploads\/2021\/09\/Henri-Rousseau-\u2013-Bouquet-of-Flowers-3.jpg 1680w, https:\/\/svetslik.si\/wp-content\/uploads\/2021\/09\/Henri-Rousseau-\u2013-Bouquet-of-Flowers-3-600x804.jpg 600w, https:\/\/svetslik.si\/wp-content\/uploads\/2021\/09\/Henri-Rousseau-\u2013-Bouquet-of-Flowers-3-1200x1609.jpg 1200w, https:\/\/svetslik.si\/wp-content\/uploads\/2021\/09\/Henri-Rousseau-\u2013-Bouquet-of-Flowers-3-224x300.jpg 224w, https:\/\/svetslik.si\/wp-content\/uploads\/2021\/09\/Henri-Rousseau-\u2013-Bouquet-of-Flowers-3-764x1024.jpg 764w, https:\/\/svetslik.si\/wp-content\/uploads\/2021\/09\/Henri-Rousseau-\u2013-Bouquet-of-Flowers-3-768x1029.jpg 768w, https:\/\/svetslik.si\/wp-content\/uploads\/2021\/09\/Henri-Rousseau-\u2013-Bouquet-of-Flowers-3-1146x1536.jpg 1146w, https:\/\/svetslik.si\/wp-content\/uploads\/2021\/09\/Henri-Rousseau-\u2013-Bouquet-of-Flowers-3-1528x2048.jpg 1528w, https:\/\/svetslik.si\/wp-content\/uploads\/2021\/09\/Henri-Rousseau-\u2013-Bouquet-of-Flowers-3-9x12.jpg 9w, https:\/\/svetslik.si\/wp-content\/uploads\/2021\/09\/Henri-Rousseau-\u2013-Bouquet-of-Flowers-3-112x150.jpg 112w, https:\/\/svetslik.si\/wp-content\/uploads\/2021\/09\/Henri-Rousseau-\u2013-Bouquet-of-Flowers-3-1320x1769.jpg 1320w\" sizes=\"(max-width: 1680px) 100vw, 1680px\" \/>\t\t\t\t<\/div>\n\t\t\t\t\t\t\t\t\t\t\t<\/div>\n\t<\/div>\n  [\/vc_column][\/vc_row][vc_row css=&#8221;.vc_custom_1675011465606{margin-bottom: 10px !important;}&#8221;][vc_column]\t<div class=\"et-image-730 et-image     et_image_link\">\n\t\t<div class=\"et-image-inner \">\n\t\t\t\t\t\t\t<div class=\"et-image-thumb \">\n\t\t\t\t\t<img decoding=\"async\" width=\"1592\" height=\"2252\" src=\"https:\/\/svetslik.si\/wp-content\/uploads\/2021\/09\/Henri-Rousseau-\u2013-Bouquet-of-Flowers-1.jpg\" class=\"attachment-full\" alt=\"Henri Rousseau - Bouquet of Flowers - Henri Rousseau - Bouquet di fiori\" title=\"Henri Rousseau - Bouquet of Flowers - Henri Rousseau - Bouquet di fiori\" srcset=\"https:\/\/svetslik.si\/wp-content\/uploads\/2021\/09\/Henri-Rousseau-\u2013-Bouquet-of-Flowers-1.jpg 1592w, https:\/\/svetslik.si\/wp-content\/uploads\/2021\/09\/Henri-Rousseau-\u2013-Bouquet-of-Flowers-1-600x849.jpg 600w, https:\/\/svetslik.si\/wp-content\/uploads\/2021\/09\/Henri-Rousseau-\u2013-Bouquet-of-Flowers-1-1200x1697.jpg 1200w, https:\/\/svetslik.si\/wp-content\/uploads\/2021\/09\/Henri-Rousseau-\u2013-Bouquet-of-Flowers-1-212x300.jpg 212w, https:\/\/svetslik.si\/wp-content\/uploads\/2021\/09\/Henri-Rousseau-\u2013-Bouquet-of-Flowers-1-724x1024.jpg 724w, https:\/\/svetslik.si\/wp-content\/uploads\/2021\/09\/Henri-Rousseau-\u2013-Bouquet-of-Flowers-1-768x1086.jpg 768w, https:\/\/svetslik.si\/wp-content\/uploads\/2021\/09\/Henri-Rousseau-\u2013-Bouquet-of-Flowers-1-1086x1536.jpg 1086w, https:\/\/svetslik.si\/wp-content\/uploads\/2021\/09\/Henri-Rousseau-\u2013-Bouquet-of-Flowers-1-1448x2048.jpg 1448w, https:\/\/svetslik.si\/wp-content\/uploads\/2021\/09\/Henri-Rousseau-\u2013-Bouquet-of-Flowers-1-8x12.jpg 8w, https:\/\/svetslik.si\/wp-content\/uploads\/2021\/09\/Henri-Rousseau-\u2013-Bouquet-of-Flowers-1-106x150.jpg 106w, https:\/\/svetslik.si\/wp-content\/uploads\/2021\/09\/Henri-Rousseau-\u2013-Bouquet-of-Flowers-1-1320x1867.jpg 1320w\" sizes=\"(max-width: 1592px) 100vw, 1592px\" \/>\t\t\t\t<\/div>\n\t\t\t\t\t\t\t\t\t\t\t<\/div>\n\t<\/div>\n  [\/vc_column][\/vc_row][vc_row css=&#8221;.vc_custom_1675011465606{margin-bottom: 10px !important;}&#8221;][vc_column]\t<div class=\"et-image-870 et-image     et_image_link\">\n\t\t<div class=\"et-image-inner \">\n\t\t\t\t\t\t\t<div class=\"et-image-thumb \">\n\t\t\t\t\t<img decoding=\"async\" width=\"2560\" height=\"1441\" src=\"https:\/\/svetslik.si\/wp-content\/uploads\/2021\/09\/Henri-Rousseau-\u2013-Bouquet-of-Flowers-scaled.jpg\" class=\"attachment-full\" alt=\"Henri Rousseau - Bouquet of Flowers - Henri Rousseau - Bouquet di fiori\" title=\"Henri Rousseau - Bouquet of Flowers - Henri Rousseau - Bouquet di fiori\" srcset=\"https:\/\/svetslik.si\/wp-content\/uploads\/2021\/09\/Henri-Rousseau-\u2013-Bouquet-of-Flowers-scaled.jpg 2560w, https:\/\/svetslik.si\/wp-content\/uploads\/2021\/09\/Henri-Rousseau-\u2013-Bouquet-of-Flowers-scaled-600x338.jpg 600w, https:\/\/svetslik.si\/wp-content\/uploads\/2021\/09\/Henri-Rousseau-\u2013-Bouquet-of-Flowers-scaled-1200x675.jpg 1200w, https:\/\/svetslik.si\/wp-content\/uploads\/2021\/09\/Henri-Rousseau-\u2013-Bouquet-of-Flowers-300x169.jpg 300w, https:\/\/svetslik.si\/wp-content\/uploads\/2021\/09\/Henri-Rousseau-\u2013-Bouquet-of-Flowers-1024x577.jpg 1024w, https:\/\/svetslik.si\/wp-content\/uploads\/2021\/09\/Henri-Rousseau-\u2013-Bouquet-of-Flowers-768x432.jpg 768w, https:\/\/svetslik.si\/wp-content\/uploads\/2021\/09\/Henri-Rousseau-\u2013-Bouquet-of-Flowers-1536x865.jpg 1536w, https:\/\/svetslik.si\/wp-content\/uploads\/2021\/09\/Henri-Rousseau-\u2013-Bouquet-of-Flowers-2048x1153.jpg 2048w, https:\/\/svetslik.si\/wp-content\/uploads\/2021\/09\/Henri-Rousseau-\u2013-Bouquet-of-Flowers-18x10.jpg 18w, https:\/\/svetslik.si\/wp-content\/uploads\/2021\/09\/Henri-Rousseau-\u2013-Bouquet-of-Flowers-150x84.jpg 150w, https:\/\/svetslik.si\/wp-content\/uploads\/2021\/09\/Henri-Rousseau-\u2013-Bouquet-of-Flowers-1320x743.jpg 1320w\" sizes=\"(max-width: 2560px) 100vw, 2560px\" \/>\t\t\t\t<\/div>\n\t\t\t\t\t\t\t\t\t\t\t<\/div>\n\t<\/div>\n  [\/vc_column][\/vc_row]\n<\/div>","protected":false},"excerpt":{"rendered":"<p>[vc_row][vc_column][vc_column_text] Henri Rousseau &#8211; Mazzo di fiori &nbsp; Anno di creazione: 1910 Dimensione originale: 49,5 cm x 61 cm Stile colore: Post impressionismo Tecnica originale: Olio su tela Situato: Tate Gallery, Londra Rousseau era un pittore postimpressionista che dipingeva nello stile dell&#8217;ingenuo o del primitivismo. In questo dipinto, ha raffigurato [&hellip;]<\/p>\n","protected":false},"featured_media":34956,"template":"","meta":{"_acf_changed":false},"product_brand":[],"product_cat":[4183],"product_tag":[4245,4246,4249,4253],"class_list":{"0":"post-40590","1":"product","2":"type-product","3":"status-publish","4":"has-post-thumbnail","6":"product_cat-henri-rousseau","7":"product_tag-riproduzione","8":"product_tag-riproduzione-it","9":"product_tag-rousseau-it","10":"product_tag-un-pittore","11":"pa_dimenzija-110-x-140-cm","12":"pa_dimenzija-130-x-160-cm","13":"pa_dimenzija-150-x-180-cm","14":"pa_dimenzija-50-x-61-cm","15":"pa_dimenzija-60-x-75-cm","16":"pa_dimenzija-70-x-90-cm","17":"pa_dimenzija-80-x-100-cm","18":"pa_dimenzija-90-x-110-cm","19":"pa_oblika-verticale","20":"pa_okvir-sensa-cornice","21":"pa_podokvir-no","22":"pa_podokvir-si","24":"first","25":"onbackorder","26":"purchasable","27":"product-type-variable","28":"has-default-attributes"},"acf":[],"yoast_head":"<!-- This site is optimized with the Yoast SEO Premium plugin v26.0 (Yoast SEO v27.2) - https:\/\/yoast.com\/product\/yoast-seo-premium-wordpress\/ -->\n<title>Henri Rousseau - Bouquet of Flowers - SVETSLIK.SI - Dipinti a mano al 100%<\/title>\n<meta name=\"description\" content=\"Henri Rousseau - Bouquet of Flowers - Riproduzioni di quadri d&#039;arte dipinte a mano al 100% su tela. Cornici per quadri, vendita e produzione di dimensioni su ordinazione.\" \/>\n<meta name=\"robots\" content=\"index, follow, max-snippet:-1, max-image-preview:large, max-video-preview:-1\" \/>\n<link rel=\"canonical\" href=\"https:\/\/svetslik.si\/it\/henri-rousseau\/bouquet-of-flowers\/\" \/>\n<meta property=\"og:locale\" content=\"it_IT\" \/>\n<meta property=\"og:type\" content=\"article\" \/>\n<meta property=\"og:title\" content=\"Henri Rousseau - Bouquet of Flowers\" \/>\n<meta property=\"og:description\" content=\"100% ro\u010dno naslikane slike na platnu, reprodukcije znanih slikarjev in umetni\u0161ke slike po naro\u010dilu.\" \/>\n<meta property=\"og:url\" content=\"https:\/\/svetslik.si\/it\/henri-rousseau\/bouquet-of-flowers\/\" \/>\n<meta property=\"og:site_name\" content=\"SVETSLIK.SI\" \/>\n<meta property=\"article:publisher\" content=\"https:\/\/www.facebook.com\/svetslik.si\" \/>\n<meta property=\"article:modified_time\" content=\"2026-03-22T20:56:17+00:00\" \/>\n<meta property=\"og:image\" content=\"https:\/\/svetslik.si\/wp-content\/uploads\/2021\/08\/image_Bouquet-of-Flowers-Henri-Rousseau_680.jpg\" \/>\n\t<meta property=\"og:image:width\" content=\"1280\" \/>\n\t<meta property=\"og:image:height\" content=\"1730\" \/>\n\t<meta property=\"og:image:type\" content=\"image\/jpeg\" \/>\n<meta name=\"twitter:card\" content=\"summary_large_image\" \/>\n<meta name=\"twitter:site\" content=\"@svetslik\" \/>\n<meta name=\"twitter:label1\" content=\"Disponibilit\u00e0\" \/>\n\t<meta name=\"twitter:data1\" content=\"Su ordinazione\" \/>\n<script type=\"application\/ld+json\" class=\"yoast-schema-graph\">{\"@context\":\"https:\/\/schema.org\",\"@graph\":[{\"@type\":[\"WebPage\",\"ItemPage\"],\"@id\":\"https:\/\/svetslik.si\/it\/henri-rousseau\/bouquet-of-flowers\/\",\"url\":\"https:\/\/svetslik.si\/it\/henri-rousseau\/bouquet-of-flowers\/\",\"name\":\"Henri Rousseau - Bouquet of Flowers - SVETSLIK.SI - Dipinti a mano al 100%\",\"isPartOf\":{\"@id\":\"https:\/\/svetslik.si\/it\/#website\"},\"primaryImageOfPage\":{\"@id\":\"https:\/\/svetslik.si\/it\/henri-rousseau\/bouquet-of-flowers\/#primaryimage\"},\"image\":{\"@id\":\"https:\/\/svetslik.si\/it\/henri-rousseau\/bouquet-of-flowers\/#primaryimage\"},\"thumbnailUrl\":\"https:\/\/svetslik.si\/wp-content\/uploads\/2021\/08\/image_Bouquet-of-Flowers-Henri-Rousseau_680.jpg\",\"datePublished\":\"2021-09-02T16:17:52+00:00\",\"dateModified\":\"2026-03-22T20:56:17+00:00\",\"description\":\"Henri Rousseau - Bouquet of Flowers - Riproduzioni di quadri d'arte dipinte a mano al 100% su tela. Cornici per quadri, vendita e produzione di dimensioni su ordinazione.\",\"breadcrumb\":{\"@id\":\"https:\/\/svetslik.si\/it\/henri-rousseau\/bouquet-of-flowers\/#breadcrumb\"},\"inLanguage\":\"it-IT\",\"potentialAction\":[{\"@type\":\"ReadAction\",\"target\":[\"https:\/\/svetslik.si\/it\/henri-rousseau\/bouquet-of-flowers\/\"]}]},{\"@type\":\"ImageObject\",\"inLanguage\":\"it-IT\",\"@id\":\"https:\/\/svetslik.si\/it\/henri-rousseau\/bouquet-of-flowers\/#primaryimage\",\"url\":\"https:\/\/svetslik.si\/wp-content\/uploads\/2021\/08\/image_Bouquet-of-Flowers-Henri-Rousseau_680.jpg\",\"contentUrl\":\"https:\/\/svetslik.si\/wp-content\/uploads\/2021\/08\/image_Bouquet-of-Flowers-Henri-Rousseau_680.jpg\",\"width\":1280,\"height\":1730,\"caption\":\"Henri Rousseau - Bouquet di fiori - Riproduzioni di pittori, quadro dipinto a mano\"},{\"@type\":\"BreadcrumbList\",\"@id\":\"https:\/\/svetslik.si\/it\/henri-rousseau\/bouquet-of-flowers\/#breadcrumb\",\"itemListElement\":[{\"@type\":\"ListItem\",\"position\":1,\"name\":\"Fali m\u0171v\u00e9szet \u00e9s festm\u00e9nyek v\u00e1szonra\",\"item\":\"https:\/\/svetslik.si\/it\/\"},{\"@type\":\"ListItem\",\"position\":2,\"name\":\"Vendita di dipinti\",\"item\":\"https:\/\/svetslik.si\/prodaja-slik\/\"},{\"@type\":\"ListItem\",\"position\":3,\"name\":\"Henri Rousseau &#8211; Bouquet of Flowers\"}]},{\"@type\":\"WebSite\",\"@id\":\"https:\/\/svetslik.si\/it\/#website\",\"url\":\"https:\/\/svetslik.si\/it\/\",\"name\":\"SVETSLIK.SI\",\"description\":\"100% riproduzioni dipinte a mano di quadri di pittori famosi e dipinti su tela.\",\"publisher\":{\"@id\":\"https:\/\/svetslik.si\/it\/#organization\"},\"potentialAction\":[{\"@type\":\"SearchAction\",\"target\":{\"@type\":\"EntryPoint\",\"urlTemplate\":\"https:\/\/svetslik.si\/it\/?s={search_term_string}\"},\"query-input\":{\"@type\":\"PropertyValueSpecification\",\"valueRequired\":true,\"valueName\":\"search_term_string\"}}],\"inLanguage\":\"it-IT\"},{\"@type\":\"Organization\",\"@id\":\"https:\/\/svetslik.si\/it\/#organization\",\"name\":\"SvetSlik.si\",\"url\":\"https:\/\/svetslik.si\/it\/\",\"logo\":{\"@type\":\"ImageObject\",\"inLanguage\":\"it-IT\",\"@id\":\"https:\/\/svetslik.si\/it\/#\/schema\/logo\/image\/\",\"url\":\"https:\/\/svetslik.si\/wp-content\/uploads\/2020\/12\/logo-512.png\",\"contentUrl\":\"https:\/\/svetslik.si\/wp-content\/uploads\/2020\/12\/logo-512.png\",\"width\":512,\"height\":512,\"caption\":\"SvetSlik.si\"},\"image\":{\"@id\":\"https:\/\/svetslik.si\/it\/#\/schema\/logo\/image\/\"},\"sameAs\":[\"https:\/\/www.facebook.com\/svetslik.si\",\"https:\/\/x.com\/svetslik\",\"https:\/\/www.instagram.com\/svetslik.si\/\",\"https:\/\/www.linkedin.com\/company\/svetslik-si\"]}]}<\/script>\n<meta property=\"og:availability\" content=\"backorder\" \/>\n<meta property=\"product:availability\" content=\"available for order\" \/>\n<meta property=\"product:retailer_item_id\" content=\"511__\" \/>\n<meta property=\"product:condition\" content=\"new\" \/>\n<!-- \/ Yoast SEO Premium plugin. -->","yoast_head_json":{"title":"Henri Rousseau - Bouquet of Flowers - SVETSLIK.SI - Dipinti a mano al 100%","description":"Henri Rousseau - Bouquet of Flowers - Riproduzioni di quadri d'arte dipinte a mano al 100% su tela. Cornici per quadri, vendita e produzione di dimensioni su ordinazione.","robots":{"index":"index","follow":"follow","max-snippet":"max-snippet:-1","max-image-preview":"max-image-preview:large","max-video-preview":"max-video-preview:-1"},"canonical":"https:\/\/svetslik.si\/it\/henri-rousseau\/bouquet-of-flowers\/","og_locale":"it_IT","og_type":"article","og_title":"Henri Rousseau - Bouquet of Flowers","og_description":"100% ro\u010dno naslikane slike na platnu, reprodukcije znanih slikarjev in umetni\u0161ke slike po naro\u010dilu.","og_url":"https:\/\/svetslik.si\/it\/henri-rousseau\/bouquet-of-flowers\/","og_site_name":"SVETSLIK.SI","article_publisher":"https:\/\/www.facebook.com\/svetslik.si","article_modified_time":"2026-03-22T20:56:17+00:00","og_image":[{"width":1280,"height":1730,"url":"https:\/\/svetslik.si\/wp-content\/uploads\/2021\/08\/image_Bouquet-of-Flowers-Henri-Rousseau_680.jpg","type":"image\/jpeg"}],"twitter_card":"summary_large_image","twitter_site":"@svetslik","twitter_misc":{"Disponibilit\u00e0":"Su ordinazione"},"schema":{"@context":"https:\/\/schema.org","@graph":[{"@type":["WebPage","ItemPage"],"@id":"https:\/\/svetslik.si\/it\/henri-rousseau\/bouquet-of-flowers\/","url":"https:\/\/svetslik.si\/it\/henri-rousseau\/bouquet-of-flowers\/","name":"Henri Rousseau - Bouquet of Flowers - SVETSLIK.SI - Dipinti a mano al 100%","isPartOf":{"@id":"https:\/\/svetslik.si\/it\/#website"},"primaryImageOfPage":{"@id":"https:\/\/svetslik.si\/it\/henri-rousseau\/bouquet-of-flowers\/#primaryimage"},"image":{"@id":"https:\/\/svetslik.si\/it\/henri-rousseau\/bouquet-of-flowers\/#primaryimage"},"thumbnailUrl":"https:\/\/svetslik.si\/wp-content\/uploads\/2021\/08\/image_Bouquet-of-Flowers-Henri-Rousseau_680.jpg","datePublished":"2021-09-02T16:17:52+00:00","dateModified":"2026-03-22T20:56:17+00:00","description":"Henri Rousseau - Bouquet of Flowers - Riproduzioni di quadri d'arte dipinte a mano al 100% su tela. Cornici per quadri, vendita e produzione di dimensioni su ordinazione.","breadcrumb":{"@id":"https:\/\/svetslik.si\/it\/henri-rousseau\/bouquet-of-flowers\/#breadcrumb"},"inLanguage":"it-IT","potentialAction":[{"@type":"ReadAction","target":["https:\/\/svetslik.si\/it\/henri-rousseau\/bouquet-of-flowers\/"]}]},{"@type":"ImageObject","inLanguage":"it-IT","@id":"https:\/\/svetslik.si\/it\/henri-rousseau\/bouquet-of-flowers\/#primaryimage","url":"https:\/\/svetslik.si\/wp-content\/uploads\/2021\/08\/image_Bouquet-of-Flowers-Henri-Rousseau_680.jpg","contentUrl":"https:\/\/svetslik.si\/wp-content\/uploads\/2021\/08\/image_Bouquet-of-Flowers-Henri-Rousseau_680.jpg","width":1280,"height":1730,"caption":"Henri Rousseau - Bouquet di fiori - Riproduzioni di pittori, quadro dipinto a mano"},{"@type":"BreadcrumbList","@id":"https:\/\/svetslik.si\/it\/henri-rousseau\/bouquet-of-flowers\/#breadcrumb","itemListElement":[{"@type":"ListItem","position":1,"name":"Fali m\u0171v\u00e9szet \u00e9s festm\u00e9nyek v\u00e1szonra","item":"https:\/\/svetslik.si\/it\/"},{"@type":"ListItem","position":2,"name":"Vendita di dipinti","item":"https:\/\/svetslik.si\/prodaja-slik\/"},{"@type":"ListItem","position":3,"name":"Henri Rousseau &#8211; Bouquet of Flowers"}]},{"@type":"WebSite","@id":"https:\/\/svetslik.si\/it\/#website","url":"https:\/\/svetslik.si\/it\/","name":"SVETSLIK.SI","description":"100% riproduzioni dipinte a mano di quadri di pittori famosi e dipinti su tela.","publisher":{"@id":"https:\/\/svetslik.si\/it\/#organization"},"potentialAction":[{"@type":"SearchAction","target":{"@type":"EntryPoint","urlTemplate":"https:\/\/svetslik.si\/it\/?s={search_term_string}"},"query-input":{"@type":"PropertyValueSpecification","valueRequired":true,"valueName":"search_term_string"}}],"inLanguage":"it-IT"},{"@type":"Organization","@id":"https:\/\/svetslik.si\/it\/#organization","name":"SvetSlik.si","url":"https:\/\/svetslik.si\/it\/","logo":{"@type":"ImageObject","inLanguage":"it-IT","@id":"https:\/\/svetslik.si\/it\/#\/schema\/logo\/image\/","url":"https:\/\/svetslik.si\/wp-content\/uploads\/2020\/12\/logo-512.png","contentUrl":"https:\/\/svetslik.si\/wp-content\/uploads\/2020\/12\/logo-512.png","width":512,"height":512,"caption":"SvetSlik.si"},"image":{"@id":"https:\/\/svetslik.si\/it\/#\/schema\/logo\/image\/"},"sameAs":["https:\/\/www.facebook.com\/svetslik.si","https:\/\/x.com\/svetslik","https:\/\/www.instagram.com\/svetslik.si\/","https:\/\/www.linkedin.com\/company\/svetslik-si"]}]},"og_availability":"backorder","product_availability":"available for order","product_retailer_item_id":"511__","product_condition":"new"},"jetpack_sharing_enabled":true,"_links":{"self":[{"href":"https:\/\/svetslik.si\/it\/wp-json\/wp\/v2\/product\/40590","targetHints":{"allow":["GET"]}}],"collection":[{"href":"https:\/\/svetslik.si\/it\/wp-json\/wp\/v2\/product"}],"about":[{"href":"https:\/\/svetslik.si\/it\/wp-json\/wp\/v2\/types\/product"}],"wp:featuredmedia":[{"embeddable":true,"href":"https:\/\/svetslik.si\/it\/wp-json\/wp\/v2\/media\/34956"}],"wp:attachment":[{"href":"https:\/\/svetslik.si\/it\/wp-json\/wp\/v2\/media?parent=40590"}],"wp:term":[{"taxonomy":"product_brand","embeddable":true,"href":"https:\/\/svetslik.si\/it\/wp-json\/wp\/v2\/product_brand?post=40590"},{"taxonomy":"product_cat","embeddable":true,"href":"https:\/\/svetslik.si\/it\/wp-json\/wp\/v2\/product_cat?post=40590"},{"taxonomy":"product_tag","embeddable":true,"href":"https:\/\/svetslik.si\/it\/wp-json\/wp\/v2\/product_tag?post=40590"}],"curies":[{"name":"wp","href":"https:\/\/api.w.org\/{rel}","templated":true}]}}