{"id":40662,"date":"2021-09-02T18:19:06","date_gmt":"2021-09-02T16:19:06","guid":{"rendered":"https:\/\/svetslik.si\/senza-categoria\/beach-scene\/"},"modified":"2026-03-22T21:57:49","modified_gmt":"2026-03-22T20:57:49","slug":"beach-scene","status":"publish","type":"product","link":"https:\/\/svetslik.si\/it\/edgar-degas\/beach-scene\/","title":{"rendered":"Edgar Degas &#8211; Beach Scene"},"content":{"rendered":"<div class=\"wpb-content-wrapper\">[vc_row css=&#8221;.vc_custom_1735998023385{margin-bottom: 10px !important;}&#8221;][vc_column]\t<div class=\"et-image-170 et-image     et_image_link\">\n\t\t<div class=\"et-image-inner \">\n\t\t\t\t\t\t\t<div class=\"et-image-thumb \">\n\t\t\t\t\t<img decoding=\"async\" width=\"1000\" height=\"653\" src=\"https:\/\/svetslik.si\/wp-content\/uploads\/2021\/09\/Edgar-Degas-\u2013-Beach-Scene-reprodukcija-slike-na-platnu-5.jpg\" class=\"attachment-full\" alt=\"Edgar Degas - Beach Scene\" title=\"Edgar Degas - Beach Scene\" srcset=\"https:\/\/svetslik.si\/wp-content\/uploads\/2021\/09\/Edgar-Degas-\u2013-Beach-Scene-reprodukcija-slike-na-platnu-5.jpg 1000w, https:\/\/svetslik.si\/wp-content\/uploads\/2021\/09\/Edgar-Degas-\u2013-Beach-Scene-reprodukcija-slike-na-platnu-5-600x392.jpg 600w, https:\/\/svetslik.si\/wp-content\/uploads\/2021\/09\/Edgar-Degas-\u2013-Beach-Scene-reprodukcija-slike-na-platnu-5-300x196.jpg 300w, https:\/\/svetslik.si\/wp-content\/uploads\/2021\/09\/Edgar-Degas-\u2013-Beach-Scene-reprodukcija-slike-na-platnu-5-768x502.jpg 768w, https:\/\/svetslik.si\/wp-content\/uploads\/2021\/09\/Edgar-Degas-\u2013-Beach-Scene-reprodukcija-slike-na-platnu-5-150x98.jpg 150w, https:\/\/svetslik.si\/wp-content\/uploads\/2021\/09\/Edgar-Degas-\u2013-Beach-Scene-reprodukcija-slike-na-platnu-5-900x588.jpg 900w\" sizes=\"(max-width: 1000px) 100vw, 1000px\" \/>\t\t\t\t<\/div>\n\t\t\t\t\t\t\t\t\t\t\t<\/div>\n\t<\/div>\n  [\/vc_column][\/vc_row][vc_row css=&#8221;.vc_custom_1735998023385{margin-bottom: 10px !important;}&#8221;][vc_column]\t<div class=\"et-image-635 et-image     et_image_link\">\n\t\t<div class=\"et-image-inner \">\n\t\t\t\t\t\t\t<div class=\"et-image-thumb \">\n\t\t\t\t\t<img decoding=\"async\" width=\"1000\" height=\"883\" src=\"https:\/\/svetslik.si\/wp-content\/uploads\/2021\/09\/Edgar-Degas-\u2013-Beach-Scene-reprodukcija-slike-na-platnu-2.jpg\" class=\"attachment-full\" alt=\"Edgar Degas - Beach Scene\" title=\"Edgar Degas - Beach Scene\" srcset=\"https:\/\/svetslik.si\/wp-content\/uploads\/2021\/09\/Edgar-Degas-\u2013-Beach-Scene-reprodukcija-slike-na-platnu-2.jpg 1000w, https:\/\/svetslik.si\/wp-content\/uploads\/2021\/09\/Edgar-Degas-\u2013-Beach-Scene-reprodukcija-slike-na-platnu-2-600x530.jpg 600w, https:\/\/svetslik.si\/wp-content\/uploads\/2021\/09\/Edgar-Degas-\u2013-Beach-Scene-reprodukcija-slike-na-platnu-2-300x265.jpg 300w, https:\/\/svetslik.si\/wp-content\/uploads\/2021\/09\/Edgar-Degas-\u2013-Beach-Scene-reprodukcija-slike-na-platnu-2-768x678.jpg 768w, https:\/\/svetslik.si\/wp-content\/uploads\/2021\/09\/Edgar-Degas-\u2013-Beach-Scene-reprodukcija-slike-na-platnu-2-150x132.jpg 150w, https:\/\/svetslik.si\/wp-content\/uploads\/2021\/09\/Edgar-Degas-\u2013-Beach-Scene-reprodukcija-slike-na-platnu-2-900x795.jpg 900w\" sizes=\"(max-width: 1000px) 100vw, 1000px\" \/>\t\t\t\t<\/div>\n\t\t\t\t\t\t\t\t\t\t\t<\/div>\n\t<\/div>\n  [\/vc_column][\/vc_row][vc_row css=&#8221;.vc_custom_1735998023385{margin-bottom: 10px !important;}&#8221;][vc_column]\t<div class=\"et-image-368 et-image     et_image_link\">\n\t\t<div class=\"et-image-inner \">\n\t\t\t\t\t\t\t<div class=\"et-image-thumb \">\n\t\t\t\t\t<img decoding=\"async\" width=\"1000\" height=\"834\" src=\"https:\/\/svetslik.si\/wp-content\/uploads\/2021\/09\/Edgar-Degas-\u2013-Beach-Scene-reprodukcija-slike-na-platnu.jpg\" class=\"attachment-full\" alt=\"Edgar Degas - Beach Scene\" title=\"Edgar Degas - Beach Scene\" srcset=\"https:\/\/svetslik.si\/wp-content\/uploads\/2021\/09\/Edgar-Degas-\u2013-Beach-Scene-reprodukcija-slike-na-platnu.jpg 1000w, https:\/\/svetslik.si\/wp-content\/uploads\/2021\/09\/Edgar-Degas-\u2013-Beach-Scene-reprodukcija-slike-na-platnu-600x500.jpg 600w, https:\/\/svetslik.si\/wp-content\/uploads\/2021\/09\/Edgar-Degas-\u2013-Beach-Scene-reprodukcija-slike-na-platnu-300x250.jpg 300w, https:\/\/svetslik.si\/wp-content\/uploads\/2021\/09\/Edgar-Degas-\u2013-Beach-Scene-reprodukcija-slike-na-platnu-768x641.jpg 768w, https:\/\/svetslik.si\/wp-content\/uploads\/2021\/09\/Edgar-Degas-\u2013-Beach-Scene-reprodukcija-slike-na-platnu-150x125.jpg 150w, https:\/\/svetslik.si\/wp-content\/uploads\/2021\/09\/Edgar-Degas-\u2013-Beach-Scene-reprodukcija-slike-na-platnu-900x751.jpg 900w\" sizes=\"(max-width: 1000px) 100vw, 1000px\" \/>\t\t\t\t<\/div>\n\t\t\t\t\t\t\t\t\t\t\t<\/div>\n\t<\/div>\n  [\/vc_column][\/vc_row][vc_row css=&#8221;.vc_custom_1735998023385{margin-bottom: 10px !important;}&#8221;][vc_column]\t<div class=\"et-image-855 et-image     et_image_link\">\n\t\t<div class=\"et-image-inner \">\n\t\t\t\t\t\t\t<div class=\"et-image-thumb \">\n\t\t\t\t\t<img decoding=\"async\" width=\"1000\" height=\"628\" src=\"https:\/\/svetslik.si\/wp-content\/uploads\/2021\/09\/Edgar-Degas-\u2013-Beach-Scene-reprodukcija-slike-na-platnu-3.jpg\" class=\"attachment-full\" alt=\"Edgar Degas - Beach Scene\" title=\"Edgar Degas - Beach Scene\" srcset=\"https:\/\/svetslik.si\/wp-content\/uploads\/2021\/09\/Edgar-Degas-\u2013-Beach-Scene-reprodukcija-slike-na-platnu-3.jpg 1000w, https:\/\/svetslik.si\/wp-content\/uploads\/2021\/09\/Edgar-Degas-\u2013-Beach-Scene-reprodukcija-slike-na-platnu-3-600x377.jpg 600w, https:\/\/svetslik.si\/wp-content\/uploads\/2021\/09\/Edgar-Degas-\u2013-Beach-Scene-reprodukcija-slike-na-platnu-3-300x188.jpg 300w, https:\/\/svetslik.si\/wp-content\/uploads\/2021\/09\/Edgar-Degas-\u2013-Beach-Scene-reprodukcija-slike-na-platnu-3-768x482.jpg 768w, https:\/\/svetslik.si\/wp-content\/uploads\/2021\/09\/Edgar-Degas-\u2013-Beach-Scene-reprodukcija-slike-na-platnu-3-150x94.jpg 150w, https:\/\/svetslik.si\/wp-content\/uploads\/2021\/09\/Edgar-Degas-\u2013-Beach-Scene-reprodukcija-slike-na-platnu-3-900x565.jpg 900w\" sizes=\"(max-width: 1000px) 100vw, 1000px\" \/>\t\t\t\t<\/div>\n\t\t\t\t\t\t\t\t\t\t\t<\/div>\n\t<\/div>\n  [\/vc_column][\/vc_row][vc_row][vc_column][vc_column_text]\n<h1>Edgar Degas &#8211; Scena da spiaggia<\/h1>\n<p>&nbsp;<\/p>\n<table style=\"width: 619px;\" border=\"0\" width=\"619\" cellspacing=\"0\" cellpadding=\"0\">\n<tbody>\n<tr>\n<td height=\"21\">Anno di creazione:<\/td>\n<td style=\"width: 439px;\">1876<\/td>\n<\/tr>\n<tr>\n<td height=\"21\">Dimensioni originali:<\/td>\n<td style=\"width: 439px;\">81 cm x 46 cm<\/td>\n<\/tr>\n<tr>\n<td height=\"21\">Stile di pittura:<\/td>\n<td style=\"width: 439px;\">Impressionismo<\/td>\n<\/tr>\n<tr>\n<td height=\"21\">Tecnica originale:<\/td>\n<td style=\"width: 439px;\">Olio su tela<\/td>\n<\/tr>\n<tr>\n<td height=\"21\">Situato:<\/td>\n<td style=\"width: 439px;\">La National Gallery, Londra<\/td>\n<\/tr>\n<\/tbody>\n<colgroup> <\/colgroup>\n<\/table>\n<p>\u00c8 molto probabile che la ragazza e la ragazza in <em>Beach Scene<\/em>\u00a0 siano state dipinte in uno studio, poich\u00e9 la produzione del dipinto \u00e8 molto diversa dalle tele a olio sulla spiaggia che Monet e Boudin hanno creato all&#8217;aperto e all&#8217;aperto.<\/p>\n<p>&nbsp;<\/p>\n<\/div>","protected":false},"excerpt":{"rendered":"<p>[vc_row css=&#8221;.vc_custom_1735998023385{margin-bottom: 10px !important;}&#8221;][vc_column][\/vc_column][\/vc_row][vc_row css=&#8221;.vc_custom_1735998023385{margin-bottom: 10px !important;}&#8221;][vc_column][\/vc_column][\/vc_row][vc_row css=&#8221;.vc_custom_1735998023385{margin-bottom: 10px !important;}&#8221;][vc_column][\/vc_column][\/vc_row][vc_row css=&#8221;.vc_custom_1735998023385{margin-bottom: 10px !important;}&#8221;][vc_column][\/vc_column][\/vc_row][vc_row][vc_column][vc_column_text] Edgar Degas &#8211; Scena da spiaggia &nbsp; Anno di creazione: 1876 Dimensioni originali: 81 cm x 46 cm Stile di pittura: Impressionismo Tecnica originale: Olio su tela Situato: La National Gallery, Londra \u00c8 molto probabile che la [&hellip;]<\/p>\n","protected":false},"featured_media":34938,"template":"","meta":{"_acf_changed":false},"product_brand":[],"product_cat":[4178],"product_tag":[4215,4245,4246,4253],"class_list":{"0":"post-40662","1":"product","2":"type-product","3":"status-publish","4":"has-post-thumbnail","6":"product_cat-edgar-degas","7":"product_tag-degas-it","8":"product_tag-riproduzione","9":"product_tag-riproduzione-it","10":"product_tag-un-pittore","11":"pa_dimenzija-100-x-60-cm","12":"pa_dimenzija-110-x-60-cm","13":"pa_dimenzija-120-x-70-cm","14":"pa_dimenzija-150-x-85-cm","15":"pa_dimenzija-180-x-100-cm","16":"pa_dimenzija-70-x-40-cm","17":"pa_dimenzija-81-x-46-cm","18":"pa_dimenzija-90-x-50-cm","19":"pa_oblika-orizzontale","20":"pa_okvir-sensa-cornice","21":"pa_podokvir-no","22":"pa_podokvir-si","24":"first","25":"onbackorder","26":"purchasable","27":"product-type-variable","28":"has-default-attributes"},"acf":[],"yoast_head":"<!-- This site is optimized with the Yoast SEO Premium plugin v26.0 (Yoast SEO v27.2) - https:\/\/yoast.com\/product\/yoast-seo-premium-wordpress\/ -->\n<title>Edgar Degas - Beach Scene - SVETSLIK.SI - Dipinti a mano al 100%<\/title>\n<meta name=\"description\" content=\"Edgar Degas - Beach Scene - Riproduzioni di quadri d&#039;arte dipinte a mano al 100% su tela. Cornici per quadri, vendita e produzione di dimensioni su ordinazione.\" \/>\n<meta name=\"robots\" content=\"index, follow, max-snippet:-1, max-image-preview:large, max-video-preview:-1\" \/>\n<link rel=\"canonical\" href=\"https:\/\/svetslik.si\/it\/edgar-degas\/beach-scene\/\" \/>\n<meta property=\"og:locale\" content=\"it_IT\" \/>\n<meta property=\"og:type\" content=\"article\" \/>\n<meta property=\"og:title\" content=\"Edgar Degas - Beach Scene\" \/>\n<meta property=\"og:description\" content=\"100% ro\u010dno naslikane slike na platnu, reprodukcije znanih slikarjev in umetni\u0161ke slike po naro\u010dilu.\" \/>\n<meta property=\"og:url\" content=\"https:\/\/svetslik.si\/it\/edgar-degas\/beach-scene\/\" \/>\n<meta property=\"og:site_name\" content=\"SVETSLIK.SI\" \/>\n<meta property=\"article:publisher\" content=\"https:\/\/www.facebook.com\/svetslik.si\" \/>\n<meta property=\"article:modified_time\" content=\"2026-03-22T20:57:49+00:00\" \/>\n<meta property=\"og:image\" content=\"https:\/\/svetslik.si\/wp-content\/uploads\/2021\/08\/image_Beach-Scene_680.jpg\" \/>\n\t<meta property=\"og:image:width\" content=\"1200\" \/>\n\t<meta property=\"og:image:height\" content=\"681\" \/>\n\t<meta property=\"og:image:type\" content=\"image\/jpeg\" \/>\n<meta name=\"twitter:card\" content=\"summary_large_image\" \/>\n<meta name=\"twitter:site\" content=\"@svetslik\" \/>\n<meta name=\"twitter:label1\" content=\"Disponibilit\u00e0\" \/>\n\t<meta name=\"twitter:data1\" content=\"Su ordinazione\" \/>\n<script type=\"application\/ld+json\" class=\"yoast-schema-graph\">{\"@context\":\"https:\/\/schema.org\",\"@graph\":[{\"@type\":[\"WebPage\",\"ItemPage\"],\"@id\":\"https:\/\/svetslik.si\/it\/edgar-degas\/beach-scene\/\",\"url\":\"https:\/\/svetslik.si\/it\/edgar-degas\/beach-scene\/\",\"name\":\"Edgar Degas - Beach Scene - SVETSLIK.SI - Dipinti a mano al 100%\",\"isPartOf\":{\"@id\":\"https:\/\/svetslik.si\/it\/#website\"},\"primaryImageOfPage\":{\"@id\":\"https:\/\/svetslik.si\/it\/edgar-degas\/beach-scene\/#primaryimage\"},\"image\":{\"@id\":\"https:\/\/svetslik.si\/it\/edgar-degas\/beach-scene\/#primaryimage\"},\"thumbnailUrl\":\"https:\/\/svetslik.si\/wp-content\/uploads\/2021\/08\/image_Beach-Scene_680.jpg\",\"datePublished\":\"2021-09-02T16:19:06+00:00\",\"dateModified\":\"2026-03-22T20:57:49+00:00\",\"description\":\"Edgar Degas - Beach Scene - Riproduzioni di quadri d'arte dipinte a mano al 100% su tela. Cornici per quadri, vendita e produzione di dimensioni su ordinazione.\",\"breadcrumb\":{\"@id\":\"https:\/\/svetslik.si\/it\/edgar-degas\/beach-scene\/#breadcrumb\"},\"inLanguage\":\"it-IT\",\"potentialAction\":[{\"@type\":\"ReadAction\",\"target\":[\"https:\/\/svetslik.si\/it\/edgar-degas\/beach-scene\/\"]}]},{\"@type\":\"ImageObject\",\"inLanguage\":\"it-IT\",\"@id\":\"https:\/\/svetslik.si\/it\/edgar-degas\/beach-scene\/#primaryimage\",\"url\":\"https:\/\/svetslik.si\/wp-content\/uploads\/2021\/08\/image_Beach-Scene_680.jpg\",\"contentUrl\":\"https:\/\/svetslik.si\/wp-content\/uploads\/2021\/08\/image_Beach-Scene_680.jpg\",\"width\":1200,\"height\":681,\"caption\":\"Henri Matisse - Bagnanti con una tartaruga - Riproduzioni di dipinti, quadri murali dipinti a mano, olio su tela, dipinti ad olio, quadri d'arte, quadri moderni per pareti, quadri ambientali, quadri astratti, quadri decorativi\"},{\"@type\":\"BreadcrumbList\",\"@id\":\"https:\/\/svetslik.si\/it\/edgar-degas\/beach-scene\/#breadcrumb\",\"itemListElement\":[{\"@type\":\"ListItem\",\"position\":1,\"name\":\"Fali m\u0171v\u00e9szet \u00e9s festm\u00e9nyek v\u00e1szonra\",\"item\":\"https:\/\/svetslik.si\/it\/\"},{\"@type\":\"ListItem\",\"position\":2,\"name\":\"Vendita di dipinti\",\"item\":\"https:\/\/svetslik.si\/prodaja-slik\/\"},{\"@type\":\"ListItem\",\"position\":3,\"name\":\"Edgar Degas &#8211; Beach Scene\"}]},{\"@type\":\"WebSite\",\"@id\":\"https:\/\/svetslik.si\/it\/#website\",\"url\":\"https:\/\/svetslik.si\/it\/\",\"name\":\"SVETSLIK.SI\",\"description\":\"100% riproduzioni dipinte a mano di quadri di pittori famosi e dipinti su tela.\",\"publisher\":{\"@id\":\"https:\/\/svetslik.si\/it\/#organization\"},\"potentialAction\":[{\"@type\":\"SearchAction\",\"target\":{\"@type\":\"EntryPoint\",\"urlTemplate\":\"https:\/\/svetslik.si\/it\/?s={search_term_string}\"},\"query-input\":{\"@type\":\"PropertyValueSpecification\",\"valueRequired\":true,\"valueName\":\"search_term_string\"}}],\"inLanguage\":\"it-IT\"},{\"@type\":\"Organization\",\"@id\":\"https:\/\/svetslik.si\/it\/#organization\",\"name\":\"SvetSlik.si\",\"url\":\"https:\/\/svetslik.si\/it\/\",\"logo\":{\"@type\":\"ImageObject\",\"inLanguage\":\"it-IT\",\"@id\":\"https:\/\/svetslik.si\/it\/#\/schema\/logo\/image\/\",\"url\":\"https:\/\/svetslik.si\/wp-content\/uploads\/2020\/12\/logo-512.png\",\"contentUrl\":\"https:\/\/svetslik.si\/wp-content\/uploads\/2020\/12\/logo-512.png\",\"width\":512,\"height\":512,\"caption\":\"SvetSlik.si\"},\"image\":{\"@id\":\"https:\/\/svetslik.si\/it\/#\/schema\/logo\/image\/\"},\"sameAs\":[\"https:\/\/www.facebook.com\/svetslik.si\",\"https:\/\/x.com\/svetslik\",\"https:\/\/www.instagram.com\/svetslik.si\/\",\"https:\/\/www.linkedin.com\/company\/svetslik-si\"]}]}<\/script>\n<meta property=\"og:availability\" content=\"backorder\" \/>\n<meta property=\"product:availability\" content=\"available for order\" \/>\n<meta property=\"product:retailer_item_id\" content=\"519__\" \/>\n<meta property=\"product:condition\" content=\"new\" \/>\n<!-- \/ Yoast SEO Premium plugin. -->","yoast_head_json":{"title":"Edgar Degas - Beach Scene - SVETSLIK.SI - Dipinti a mano al 100%","description":"Edgar Degas - Beach Scene - Riproduzioni di quadri d'arte dipinte a mano al 100% su tela. Cornici per quadri, vendita e produzione di dimensioni su ordinazione.","robots":{"index":"index","follow":"follow","max-snippet":"max-snippet:-1","max-image-preview":"max-image-preview:large","max-video-preview":"max-video-preview:-1"},"canonical":"https:\/\/svetslik.si\/it\/edgar-degas\/beach-scene\/","og_locale":"it_IT","og_type":"article","og_title":"Edgar Degas - Beach Scene","og_description":"100% ro\u010dno naslikane slike na platnu, reprodukcije znanih slikarjev in umetni\u0161ke slike po naro\u010dilu.","og_url":"https:\/\/svetslik.si\/it\/edgar-degas\/beach-scene\/","og_site_name":"SVETSLIK.SI","article_publisher":"https:\/\/www.facebook.com\/svetslik.si","article_modified_time":"2026-03-22T20:57:49+00:00","og_image":[{"width":1200,"height":681,"url":"https:\/\/svetslik.si\/wp-content\/uploads\/2021\/08\/image_Beach-Scene_680.jpg","type":"image\/jpeg"}],"twitter_card":"summary_large_image","twitter_site":"@svetslik","twitter_misc":{"Disponibilit\u00e0":"Su ordinazione"},"schema":{"@context":"https:\/\/schema.org","@graph":[{"@type":["WebPage","ItemPage"],"@id":"https:\/\/svetslik.si\/it\/edgar-degas\/beach-scene\/","url":"https:\/\/svetslik.si\/it\/edgar-degas\/beach-scene\/","name":"Edgar Degas - Beach Scene - SVETSLIK.SI - Dipinti a mano al 100%","isPartOf":{"@id":"https:\/\/svetslik.si\/it\/#website"},"primaryImageOfPage":{"@id":"https:\/\/svetslik.si\/it\/edgar-degas\/beach-scene\/#primaryimage"},"image":{"@id":"https:\/\/svetslik.si\/it\/edgar-degas\/beach-scene\/#primaryimage"},"thumbnailUrl":"https:\/\/svetslik.si\/wp-content\/uploads\/2021\/08\/image_Beach-Scene_680.jpg","datePublished":"2021-09-02T16:19:06+00:00","dateModified":"2026-03-22T20:57:49+00:00","description":"Edgar Degas - Beach Scene - Riproduzioni di quadri d'arte dipinte a mano al 100% su tela. Cornici per quadri, vendita e produzione di dimensioni su ordinazione.","breadcrumb":{"@id":"https:\/\/svetslik.si\/it\/edgar-degas\/beach-scene\/#breadcrumb"},"inLanguage":"it-IT","potentialAction":[{"@type":"ReadAction","target":["https:\/\/svetslik.si\/it\/edgar-degas\/beach-scene\/"]}]},{"@type":"ImageObject","inLanguage":"it-IT","@id":"https:\/\/svetslik.si\/it\/edgar-degas\/beach-scene\/#primaryimage","url":"https:\/\/svetslik.si\/wp-content\/uploads\/2021\/08\/image_Beach-Scene_680.jpg","contentUrl":"https:\/\/svetslik.si\/wp-content\/uploads\/2021\/08\/image_Beach-Scene_680.jpg","width":1200,"height":681,"caption":"Henri Matisse - Bagnanti con una tartaruga - Riproduzioni di dipinti, quadri murali dipinti a mano, olio su tela, dipinti ad olio, quadri d'arte, quadri moderni per pareti, quadri ambientali, quadri astratti, quadri decorativi"},{"@type":"BreadcrumbList","@id":"https:\/\/svetslik.si\/it\/edgar-degas\/beach-scene\/#breadcrumb","itemListElement":[{"@type":"ListItem","position":1,"name":"Fali m\u0171v\u00e9szet \u00e9s festm\u00e9nyek v\u00e1szonra","item":"https:\/\/svetslik.si\/it\/"},{"@type":"ListItem","position":2,"name":"Vendita di dipinti","item":"https:\/\/svetslik.si\/prodaja-slik\/"},{"@type":"ListItem","position":3,"name":"Edgar Degas &#8211; Beach Scene"}]},{"@type":"WebSite","@id":"https:\/\/svetslik.si\/it\/#website","url":"https:\/\/svetslik.si\/it\/","name":"SVETSLIK.SI","description":"100% riproduzioni dipinte a mano di quadri di pittori famosi e dipinti su tela.","publisher":{"@id":"https:\/\/svetslik.si\/it\/#organization"},"potentialAction":[{"@type":"SearchAction","target":{"@type":"EntryPoint","urlTemplate":"https:\/\/svetslik.si\/it\/?s={search_term_string}"},"query-input":{"@type":"PropertyValueSpecification","valueRequired":true,"valueName":"search_term_string"}}],"inLanguage":"it-IT"},{"@type":"Organization","@id":"https:\/\/svetslik.si\/it\/#organization","name":"SvetSlik.si","url":"https:\/\/svetslik.si\/it\/","logo":{"@type":"ImageObject","inLanguage":"it-IT","@id":"https:\/\/svetslik.si\/it\/#\/schema\/logo\/image\/","url":"https:\/\/svetslik.si\/wp-content\/uploads\/2020\/12\/logo-512.png","contentUrl":"https:\/\/svetslik.si\/wp-content\/uploads\/2020\/12\/logo-512.png","width":512,"height":512,"caption":"SvetSlik.si"},"image":{"@id":"https:\/\/svetslik.si\/it\/#\/schema\/logo\/image\/"},"sameAs":["https:\/\/www.facebook.com\/svetslik.si","https:\/\/x.com\/svetslik","https:\/\/www.instagram.com\/svetslik.si\/","https:\/\/www.linkedin.com\/company\/svetslik-si"]}]},"og_availability":"backorder","product_availability":"available for order","product_retailer_item_id":"519__","product_condition":"new"},"jetpack_sharing_enabled":true,"_links":{"self":[{"href":"https:\/\/svetslik.si\/it\/wp-json\/wp\/v2\/product\/40662","targetHints":{"allow":["GET"]}}],"collection":[{"href":"https:\/\/svetslik.si\/it\/wp-json\/wp\/v2\/product"}],"about":[{"href":"https:\/\/svetslik.si\/it\/wp-json\/wp\/v2\/types\/product"}],"wp:featuredmedia":[{"embeddable":true,"href":"https:\/\/svetslik.si\/it\/wp-json\/wp\/v2\/media\/34938"}],"wp:attachment":[{"href":"https:\/\/svetslik.si\/it\/wp-json\/wp\/v2\/media?parent=40662"}],"wp:term":[{"taxonomy":"product_brand","embeddable":true,"href":"https:\/\/svetslik.si\/it\/wp-json\/wp\/v2\/product_brand?post=40662"},{"taxonomy":"product_cat","embeddable":true,"href":"https:\/\/svetslik.si\/it\/wp-json\/wp\/v2\/product_cat?post=40662"},{"taxonomy":"product_tag","embeddable":true,"href":"https:\/\/svetslik.si\/it\/wp-json\/wp\/v2\/product_tag?post=40662"}],"curies":[{"name":"wp","href":"https:\/\/api.w.org\/{rel}","templated":true}]}}