{"id":40782,"date":"2021-09-02T18:23:19","date_gmt":"2021-09-02T16:23:19","guid":{"rendered":"https:\/\/svetslik.si\/senza-categoria\/portrait-of-eugenia-primavesi\/"},"modified":"2026-03-22T21:59:53","modified_gmt":"2026-03-22T20:59:53","slug":"portrait-of-eugenia-primavesi","status":"publish","type":"product","link":"https:\/\/svetslik.si\/it\/gustav-klimt\/portrait-of-eugenia-primavesi\/","title":{"rendered":"Gustav Klimt &#8211; Portrait of Eugenia Primavesi"},"content":{"rendered":"<h1>Gustav Klimt &#8211; Ritratto di Eugenia Primavesi<\/h1>\n<p>&nbsp;<\/p>\n<table border=\"0\" width=\"593\" cellspacing=\"0\" cellpadding=\"0\">\n<tr>\n<td height=\"21\">Anno di creazione:<\/td>\n<td style=\"width: 439px\">1913-1914<\/td>\n<\/tr>\n<tr>\n<td height=\"21\">Dimensione originale:<\/td>\n<td style=\"width: 439px\">84 cm x 140 cm<\/td>\n<\/tr>\n<tr>\n<td height=\"21\">Stile colore:<\/td>\n<td style=\"width: 439px\">Secessione<\/td>\n<\/tr>\n<tr>\n<td height=\"21\">Tecnica originale:<\/td>\n<td style=\"width: 439px\">Olio su tela<\/td>\n<\/tr>\n<tr>\n<td height=\"21\">Situato:<\/td>\n<td style=\"width: 439px\">Collezione privata, USA<\/td>\n<\/tr>\n<\/tbody>\n<colgroup>\n<col \/>\n<col \/> <\/colgroup>\n<\/table>\n<p>Otto ed Eugenia Primavesi furono i pi\u00f9 importanti mecenati di Klimt nell&#8217;ultimo periodo del pittore. Olio su tela <em>Ritratto di Eugenia Primavesi<\/em> mostra l&#8217;immagine di una madre di quattro figli in un abito pieno di ornamenti. Tuttavia, a differenza degli altri dipinti di Klimt, in cui i dettagli ornamentali oscurano quasi completamente i ritratti, in questo olio su tela Klimt enfatizza l&#8217;immagine sicura di s\u00e9 della madre.<\/p>\n<p>Il dipinto &#8220;Ritratto di Eugenia Primavesi&#8221; di Gustav Klimt \u00e8 un capolavoro del movimento Art Nouveau e una delle opere pi\u00f9 famose e riconoscibili del pittore austriaco. Il dipinto rappresenta la bellezza e l&#8217;eleganza della figura femminile e l&#8217;armonia dell&#8217;universo.<\/p>\n<p>&#8220;Ritratto di Eugenija Primavesi&#8221; \u00e8 un dipinto ad olio su tela che misura circa 100 cm x 100 cm. Raffigura una giovane donna, Eugenia Primavesi, seduta su una sedia e con indosso un elegante abito bianco. Il dipinto \u00e8 caratterizzato da un uso audace del colore e da un senso unico di movimento ed emozione. La donna \u00e8 dipinta nei toni del bianco, dell&#8217;oro e dell&#8217;argento, mentre lo sfondo \u00e8 nei toni del blu e del viola, conferendo al dipinto un senso di profondit\u00e0 e movimento. Il dipinto si distingue anche per l&#8217;uso della foglia d&#8217;oro, una tecnica che Klimt utilizz\u00f2 in molte delle sue opere.<\/p>\n<p>Il dipinto rappresenta la bellezza e l&#8217;eleganza della figura femminile ed \u00e8 considerato simbolo di femminilit\u00e0 e bellezza. L&#8217;elegante abito bianco e l&#8217;uso della foglia d&#8217;oro sono simboli di ricchezza e prosperit\u00e0. La carta da parati, con i suoi intricati motivi geometrici, rappresenta l&#8217;armonia e l&#8217;ordine nell&#8217;universo. Il dipinto evoca i sentimenti di bellezza, eleganza e prosperit\u00e0 caratteristici dell&#8217;arte di Klimt.<\/p>\n<p>Il dipinto di Klimt &#8220;Ritratto di Eugenia Primavesi&#8221; \u00e8 un capolavoro del movimento Art Nouveau ed \u00e8 considerato una delle opere pi\u00f9 iconiche dell&#8217;artista. Rappresenta la bellezza e l&#8217;eleganza della figura femminile, la femminilit\u00e0 e la bellezza, l&#8217;armonia e l&#8217;ordine nell&#8217;universo. Il dipinto \u00e8 un must per gli amanti dell&#8217;arte e una grande aggiunta a qualsiasi collezione d&#8217;arte.<\/p>\n<p>Insomma, il dipinto &#8220;Ritratto di Eugenia Primavesi&#8221; di Gustav Klimt \u00e8 un capolavoro del movimento Art Nouveau e una delle opere pi\u00f9 famose e riconoscibili del pittore austriaco. Raffigura la bellezza e l&#8217;eleganza delle curve di una donna, la femminilit\u00e0, la bellezza, l&#8217;armonia e l&#8217;ordine nell&#8217;universo. Il dipinto \u00e8 un must per gli amanti dell&#8217;arte e una grande aggiunta a qualsiasi collezione d&#8217;arte. L&#8217;uso della foglia d&#8217;oro e gli intricati motivi geometrici sullo sfondo aggiungono un elemento unico e sorprendente all&#8217;immagine, facendola risaltare davvero. \u00c8 un ottimo modo per aggiungere un tocco di eleganza e femminilit\u00e0 a qualsiasi stanza. Il dipinto \u00e8 anche una rappresentazione di bellezza, eleganza e prosperit\u00e0, rendendolo il pezzo perfetto per chi vuole incorporare un tocco di lusso nell&#8217;arredamento della propria casa. Il dipinto \u00e8 una delle opere pi\u00f9 famose e iconiche di Klimt e continua ad affascinare il pubblico con la sua straordinaria bellezza e i suoi intricati dettagli.<\/p>\n","protected":false},"excerpt":{"rendered":"<p>Gustav Klimt &#8211; Ritratto di Eugenia Primavesi &nbsp; Anno di creazione: 1913-1914 Dimensione originale: 84 cm x 140 cm Stile colore: Secessione Tecnica originale: Olio su tela Situato: Collezione privata, USA Otto ed Eugenia Primavesi furono i pi\u00f9 importanti mecenati di Klimt nell&#8217;ultimo periodo del pittore. Olio su tela Ritratto [&hellip;]<\/p>\n","protected":false},"featured_media":35487,"template":"","meta":{"_acf_changed":false},"product_brand":[],"product_cat":[4182],"product_tag":[4220,4224,4245,4246,4253],"class_list":{"0":"post-40782","1":"product","2":"type-product","3":"status-publish","4":"has-post-thumbnail","6":"product_cat-gustav-klimt","7":"product_tag-gustav-klimt-it","8":"product_tag-klimt-it","9":"product_tag-riproduzione","10":"product_tag-riproduzione-it","11":"product_tag-un-pittore","12":"pa_dimenzija-100-x-170-cm-it","13":"pa_dimenzija-120-x-200-cm-it","14":"pa_dimenzija-50-x-80-cm-it","15":"pa_dimenzija-60-x-100-cm-it","16":"pa_dimenzija-70-x-120-cm-it","17":"pa_dimenzija-80-x-130-cm-it","18":"pa_dimenzija-84-x-140-cm-it","19":"pa_dimenzija-90-x-150-cm-it","20":"pa_oblika-verticale","21":"pa_okvir-sensa-cornice","22":"pa_podokvir-no","23":"pa_podokvir-si","25":"first","26":"onbackorder","27":"purchasable","28":"product-type-variable","29":"has-default-attributes"},"acf":[],"yoast_head":"<!-- This site is optimized with the Yoast SEO Premium plugin v26.0 (Yoast SEO v27.2) - https:\/\/yoast.com\/product\/yoast-seo-premium-wordpress\/ -->\n<title>Gustav Klimt - Portrait of Eugenia Primavesi - SVETSLIK.SI - Dipinti a mano al 100%<\/title>\n<meta name=\"description\" content=\"Gustav Klimt - Portrait of Eugenia Primavesi - Riproduzioni di quadri d&#039;arte dipinte a mano al 100% su tela. Cornici per quadri, vendita e produzione di dimensioni su ordinazione.\" \/>\n<meta name=\"robots\" content=\"index, follow, max-snippet:-1, max-image-preview:large, max-video-preview:-1\" \/>\n<link rel=\"canonical\" href=\"https:\/\/svetslik.si\/it\/gustav-klimt\/portrait-of-eugenia-primavesi\/\" \/>\n<meta property=\"og:locale\" content=\"it_IT\" \/>\n<meta property=\"og:type\" content=\"article\" \/>\n<meta property=\"og:title\" content=\"Gustav Klimt - Portrait of Eugenia Primavesi\" \/>\n<meta property=\"og:description\" content=\"100% ro\u010dno naslikane slike na platnu, reprodukcije znanih slikarjev in umetni\u0161ke slike po naro\u010dilu.\" \/>\n<meta property=\"og:url\" content=\"https:\/\/svetslik.si\/it\/gustav-klimt\/portrait-of-eugenia-primavesi\/\" \/>\n<meta property=\"og:site_name\" content=\"SVETSLIK.SI\" \/>\n<meta property=\"article:publisher\" content=\"https:\/\/www.facebook.com\/svetslik.si\" \/>\n<meta property=\"article:modified_time\" content=\"2026-03-22T20:59:53+00:00\" \/>\n<meta property=\"og:image\" content=\"https:\/\/svetslik.si\/wp-content\/uploads\/2021\/08\/image_Portrait-of-Eugenia-Primavesi-Gustav-Klimt_680.jpg\" \/>\n\t<meta property=\"og:image:width\" content=\"393\" \/>\n\t<meta property=\"og:image:height\" content=\"680\" \/>\n\t<meta property=\"og:image:type\" content=\"image\/jpeg\" \/>\n<meta name=\"twitter:card\" content=\"summary_large_image\" \/>\n<meta name=\"twitter:site\" content=\"@svetslik\" \/>\n<meta name=\"twitter:label1\" content=\"Disponibilit\u00e0\" \/>\n\t<meta name=\"twitter:data1\" content=\"Su ordinazione\" \/>\n<script type=\"application\/ld+json\" class=\"yoast-schema-graph\">{\"@context\":\"https:\/\/schema.org\",\"@graph\":[{\"@type\":[\"WebPage\",\"ItemPage\"],\"@id\":\"https:\/\/svetslik.si\/it\/gustav-klimt\/portrait-of-eugenia-primavesi\/\",\"url\":\"https:\/\/svetslik.si\/it\/gustav-klimt\/portrait-of-eugenia-primavesi\/\",\"name\":\"Gustav Klimt - Portrait of Eugenia Primavesi - SVETSLIK.SI - Dipinti a mano al 100%\",\"isPartOf\":{\"@id\":\"https:\/\/svetslik.si\/it\/#website\"},\"primaryImageOfPage\":{\"@id\":\"https:\/\/svetslik.si\/it\/gustav-klimt\/portrait-of-eugenia-primavesi\/#primaryimage\"},\"image\":{\"@id\":\"https:\/\/svetslik.si\/it\/gustav-klimt\/portrait-of-eugenia-primavesi\/#primaryimage\"},\"thumbnailUrl\":\"https:\/\/svetslik.si\/wp-content\/uploads\/2021\/08\/image_Portrait-of-Eugenia-Primavesi-Gustav-Klimt_680.jpg\",\"datePublished\":\"2021-09-02T16:23:19+00:00\",\"dateModified\":\"2026-03-22T20:59:53+00:00\",\"description\":\"Gustav Klimt - Portrait of Eugenia Primavesi - Riproduzioni di quadri d'arte dipinte a mano al 100% su tela. Cornici per quadri, vendita e produzione di dimensioni su ordinazione.\",\"breadcrumb\":{\"@id\":\"https:\/\/svetslik.si\/it\/gustav-klimt\/portrait-of-eugenia-primavesi\/#breadcrumb\"},\"inLanguage\":\"it-IT\",\"potentialAction\":[{\"@type\":\"ReadAction\",\"target\":[\"https:\/\/svetslik.si\/it\/gustav-klimt\/portrait-of-eugenia-primavesi\/\"]}]},{\"@type\":\"ImageObject\",\"inLanguage\":\"it-IT\",\"@id\":\"https:\/\/svetslik.si\/it\/gustav-klimt\/portrait-of-eugenia-primavesi\/#primaryimage\",\"url\":\"https:\/\/svetslik.si\/wp-content\/uploads\/2021\/08\/image_Portrait-of-Eugenia-Primavesi-Gustav-Klimt_680.jpg\",\"contentUrl\":\"https:\/\/svetslik.si\/wp-content\/uploads\/2021\/08\/image_Portrait-of-Eugenia-Primavesi-Gustav-Klimt_680.jpg\",\"width\":393,\"height\":680,\"caption\":\"Gustav Klimt - Ritratto di Eugenia Primavesi - Riproduzioni dipinte a mano di pittori famosi, arte moderna della parete, arte della parete\"},{\"@type\":\"BreadcrumbList\",\"@id\":\"https:\/\/svetslik.si\/it\/gustav-klimt\/portrait-of-eugenia-primavesi\/#breadcrumb\",\"itemListElement\":[{\"@type\":\"ListItem\",\"position\":1,\"name\":\"Fali m\u0171v\u00e9szet \u00e9s festm\u00e9nyek v\u00e1szonra\",\"item\":\"https:\/\/svetslik.si\/it\/\"},{\"@type\":\"ListItem\",\"position\":2,\"name\":\"Vendita di dipinti\",\"item\":\"https:\/\/svetslik.si\/prodaja-slik\/\"},{\"@type\":\"ListItem\",\"position\":3,\"name\":\"Gustav Klimt &#8211; Portrait of Eugenia Primavesi\"}]},{\"@type\":\"WebSite\",\"@id\":\"https:\/\/svetslik.si\/it\/#website\",\"url\":\"https:\/\/svetslik.si\/it\/\",\"name\":\"SVETSLIK.SI\",\"description\":\"100% riproduzioni dipinte a mano di quadri di pittori famosi e dipinti su tela.\",\"publisher\":{\"@id\":\"https:\/\/svetslik.si\/it\/#organization\"},\"potentialAction\":[{\"@type\":\"SearchAction\",\"target\":{\"@type\":\"EntryPoint\",\"urlTemplate\":\"https:\/\/svetslik.si\/it\/?s={search_term_string}\"},\"query-input\":{\"@type\":\"PropertyValueSpecification\",\"valueRequired\":true,\"valueName\":\"search_term_string\"}}],\"inLanguage\":\"it-IT\"},{\"@type\":\"Organization\",\"@id\":\"https:\/\/svetslik.si\/it\/#organization\",\"name\":\"SvetSlik.si\",\"url\":\"https:\/\/svetslik.si\/it\/\",\"logo\":{\"@type\":\"ImageObject\",\"inLanguage\":\"it-IT\",\"@id\":\"https:\/\/svetslik.si\/it\/#\/schema\/logo\/image\/\",\"url\":\"https:\/\/svetslik.si\/wp-content\/uploads\/2020\/12\/logo-512.png\",\"contentUrl\":\"https:\/\/svetslik.si\/wp-content\/uploads\/2020\/12\/logo-512.png\",\"width\":512,\"height\":512,\"caption\":\"SvetSlik.si\"},\"image\":{\"@id\":\"https:\/\/svetslik.si\/it\/#\/schema\/logo\/image\/\"},\"sameAs\":[\"https:\/\/www.facebook.com\/svetslik.si\",\"https:\/\/x.com\/svetslik\",\"https:\/\/www.instagram.com\/svetslik.si\/\",\"https:\/\/www.linkedin.com\/company\/svetslik-si\"]}]}<\/script>\n<meta property=\"og:availability\" content=\"backorder\" \/>\n<meta property=\"product:availability\" content=\"available for order\" \/>\n<meta property=\"product:retailer_item_id\" content=\"555__\" \/>\n<meta property=\"product:condition\" content=\"new\" \/>\n<!-- \/ Yoast SEO Premium plugin. -->","yoast_head_json":{"title":"Gustav Klimt - Portrait of Eugenia Primavesi - SVETSLIK.SI - Dipinti a mano al 100%","description":"Gustav Klimt - Portrait of Eugenia Primavesi - Riproduzioni di quadri d'arte dipinte a mano al 100% su tela. Cornici per quadri, vendita e produzione di dimensioni su ordinazione.","robots":{"index":"index","follow":"follow","max-snippet":"max-snippet:-1","max-image-preview":"max-image-preview:large","max-video-preview":"max-video-preview:-1"},"canonical":"https:\/\/svetslik.si\/it\/gustav-klimt\/portrait-of-eugenia-primavesi\/","og_locale":"it_IT","og_type":"article","og_title":"Gustav Klimt - Portrait of Eugenia Primavesi","og_description":"100% ro\u010dno naslikane slike na platnu, reprodukcije znanih slikarjev in umetni\u0161ke slike po naro\u010dilu.","og_url":"https:\/\/svetslik.si\/it\/gustav-klimt\/portrait-of-eugenia-primavesi\/","og_site_name":"SVETSLIK.SI","article_publisher":"https:\/\/www.facebook.com\/svetslik.si","article_modified_time":"2026-03-22T20:59:53+00:00","og_image":[{"width":393,"height":680,"url":"https:\/\/svetslik.si\/wp-content\/uploads\/2021\/08\/image_Portrait-of-Eugenia-Primavesi-Gustav-Klimt_680.jpg","type":"image\/jpeg"}],"twitter_card":"summary_large_image","twitter_site":"@svetslik","twitter_misc":{"Disponibilit\u00e0":"Su ordinazione"},"schema":{"@context":"https:\/\/schema.org","@graph":[{"@type":["WebPage","ItemPage"],"@id":"https:\/\/svetslik.si\/it\/gustav-klimt\/portrait-of-eugenia-primavesi\/","url":"https:\/\/svetslik.si\/it\/gustav-klimt\/portrait-of-eugenia-primavesi\/","name":"Gustav Klimt - Portrait of Eugenia Primavesi - SVETSLIK.SI - Dipinti a mano al 100%","isPartOf":{"@id":"https:\/\/svetslik.si\/it\/#website"},"primaryImageOfPage":{"@id":"https:\/\/svetslik.si\/it\/gustav-klimt\/portrait-of-eugenia-primavesi\/#primaryimage"},"image":{"@id":"https:\/\/svetslik.si\/it\/gustav-klimt\/portrait-of-eugenia-primavesi\/#primaryimage"},"thumbnailUrl":"https:\/\/svetslik.si\/wp-content\/uploads\/2021\/08\/image_Portrait-of-Eugenia-Primavesi-Gustav-Klimt_680.jpg","datePublished":"2021-09-02T16:23:19+00:00","dateModified":"2026-03-22T20:59:53+00:00","description":"Gustav Klimt - Portrait of Eugenia Primavesi - Riproduzioni di quadri d'arte dipinte a mano al 100% su tela. Cornici per quadri, vendita e produzione di dimensioni su ordinazione.","breadcrumb":{"@id":"https:\/\/svetslik.si\/it\/gustav-klimt\/portrait-of-eugenia-primavesi\/#breadcrumb"},"inLanguage":"it-IT","potentialAction":[{"@type":"ReadAction","target":["https:\/\/svetslik.si\/it\/gustav-klimt\/portrait-of-eugenia-primavesi\/"]}]},{"@type":"ImageObject","inLanguage":"it-IT","@id":"https:\/\/svetslik.si\/it\/gustav-klimt\/portrait-of-eugenia-primavesi\/#primaryimage","url":"https:\/\/svetslik.si\/wp-content\/uploads\/2021\/08\/image_Portrait-of-Eugenia-Primavesi-Gustav-Klimt_680.jpg","contentUrl":"https:\/\/svetslik.si\/wp-content\/uploads\/2021\/08\/image_Portrait-of-Eugenia-Primavesi-Gustav-Klimt_680.jpg","width":393,"height":680,"caption":"Gustav Klimt - Ritratto di Eugenia Primavesi - Riproduzioni dipinte a mano di pittori famosi, arte moderna della parete, arte della parete"},{"@type":"BreadcrumbList","@id":"https:\/\/svetslik.si\/it\/gustav-klimt\/portrait-of-eugenia-primavesi\/#breadcrumb","itemListElement":[{"@type":"ListItem","position":1,"name":"Fali m\u0171v\u00e9szet \u00e9s festm\u00e9nyek v\u00e1szonra","item":"https:\/\/svetslik.si\/it\/"},{"@type":"ListItem","position":2,"name":"Vendita di dipinti","item":"https:\/\/svetslik.si\/prodaja-slik\/"},{"@type":"ListItem","position":3,"name":"Gustav Klimt &#8211; Portrait of Eugenia Primavesi"}]},{"@type":"WebSite","@id":"https:\/\/svetslik.si\/it\/#website","url":"https:\/\/svetslik.si\/it\/","name":"SVETSLIK.SI","description":"100% riproduzioni dipinte a mano di quadri di pittori famosi e dipinti su tela.","publisher":{"@id":"https:\/\/svetslik.si\/it\/#organization"},"potentialAction":[{"@type":"SearchAction","target":{"@type":"EntryPoint","urlTemplate":"https:\/\/svetslik.si\/it\/?s={search_term_string}"},"query-input":{"@type":"PropertyValueSpecification","valueRequired":true,"valueName":"search_term_string"}}],"inLanguage":"it-IT"},{"@type":"Organization","@id":"https:\/\/svetslik.si\/it\/#organization","name":"SvetSlik.si","url":"https:\/\/svetslik.si\/it\/","logo":{"@type":"ImageObject","inLanguage":"it-IT","@id":"https:\/\/svetslik.si\/it\/#\/schema\/logo\/image\/","url":"https:\/\/svetslik.si\/wp-content\/uploads\/2020\/12\/logo-512.png","contentUrl":"https:\/\/svetslik.si\/wp-content\/uploads\/2020\/12\/logo-512.png","width":512,"height":512,"caption":"SvetSlik.si"},"image":{"@id":"https:\/\/svetslik.si\/it\/#\/schema\/logo\/image\/"},"sameAs":["https:\/\/www.facebook.com\/svetslik.si","https:\/\/x.com\/svetslik","https:\/\/www.instagram.com\/svetslik.si\/","https:\/\/www.linkedin.com\/company\/svetslik-si"]}]},"og_availability":"backorder","product_availability":"available for order","product_retailer_item_id":"555__","product_condition":"new"},"jetpack_sharing_enabled":true,"_links":{"self":[{"href":"https:\/\/svetslik.si\/it\/wp-json\/wp\/v2\/product\/40782","targetHints":{"allow":["GET"]}}],"collection":[{"href":"https:\/\/svetslik.si\/it\/wp-json\/wp\/v2\/product"}],"about":[{"href":"https:\/\/svetslik.si\/it\/wp-json\/wp\/v2\/types\/product"}],"wp:featuredmedia":[{"embeddable":true,"href":"https:\/\/svetslik.si\/it\/wp-json\/wp\/v2\/media\/35487"}],"wp:attachment":[{"href":"https:\/\/svetslik.si\/it\/wp-json\/wp\/v2\/media?parent=40782"}],"wp:term":[{"taxonomy":"product_brand","embeddable":true,"href":"https:\/\/svetslik.si\/it\/wp-json\/wp\/v2\/product_brand?post=40782"},{"taxonomy":"product_cat","embeddable":true,"href":"https:\/\/svetslik.si\/it\/wp-json\/wp\/v2\/product_cat?post=40782"},{"taxonomy":"product_tag","embeddable":true,"href":"https:\/\/svetslik.si\/it\/wp-json\/wp\/v2\/product_tag?post=40782"}],"curies":[{"name":"wp","href":"https:\/\/api.w.org\/{rel}","templated":true}]}}