{"id":40791,"date":"2021-09-02T18:23:39","date_gmt":"2021-09-02T16:23:39","guid":{"rendered":"https:\/\/svetslik.si\/senza-categoria\/girlfriends\/"},"modified":"2026-03-22T21:59:53","modified_gmt":"2026-03-22T20:59:53","slug":"girlfriends","status":"publish","type":"product","link":"https:\/\/svetslik.si\/it\/gustav-klimt\/girlfriends\/","title":{"rendered":"Gustav Klimt &#8211; Girlfriends"},"content":{"rendered":"<h1>Gustav Klimt &#8211; Fidanzate<\/h1>\n<p>&nbsp;<\/p>\n<table border=\"0\" width=\"497\" cellspacing=\"0\" cellpadding=\"0\">\n<tr>\n<td height=\"21\">Anno di creazione:<\/td>\n<td style=\"width: 343px\">1916-1917<\/td>\n<\/tr>\n<tr>\n<td height=\"21\">Dimensione originale:<\/td>\n<td style=\"width: 343px\">99 cm x 99 cm<\/td>\n<\/tr>\n<tr>\n<td height=\"21\">Stile colore:<\/td>\n<td style=\"width: 343px\">Secessione<\/td>\n<\/tr>\n<tr>\n<td height=\"21\">Tecnica originale:<\/td>\n<td style=\"width: 343px\">Olio su tela<\/td>\n<\/tr>\n<tr>\n<td height=\"21\">Situato:<\/td>\n<td style=\"width: 343px\">L&#8217;originale fu distrutto nel 1945<\/td>\n<\/tr>\n<\/tbody>\n<colgroup>\n<col \/>\n<col \/> <\/colgroup>\n<\/table>\n<p>Olio su tela raffigura due donne, una vestita di rosso, l&#8217;altra nuda. Klimt amava l&#8217;arte giapponese, in cui la tensione erotica nasce dal rapporto tra ci\u00f2 che \u00e8 mostrato e ci\u00f2 che \u00e8 nascosto. Nell&#8217;olio su tela <em>Fidanzate<\/em> vediamo la mano di una donna nuda e parte della mano di una donna vestita. Klimt, invece, copr\u00ec le altre due mani; sono combinati, si intrecciano? Nessuno lo sa per certo, il che \u00e8 sia eccitante che interessante. Come altri dipinti di Klimt, questo olio su tela \u00e8 pieno di ironia. In questo caso, il significato dell&#8217;immagine \u00e8 nascosto nei dettagli oscurati.<\/p>\n<p>Il dipinto di Gustav Klimt &#8220;Girlfriends&#8221; \u00e8 una delle opere meno conosciute del pittore austriaco, ma \u00e8 pur sempre un capolavoro del movimento Art Nouveau. L&#8217;immagine mostra la bellezza e la connessione delle amicizie femminili.<\/p>\n<p>&#8220;Girlfriends&#8221; \u00e8 un dipinto ad olio su tela che misura circa 100cm x 100cm. Mostra due giovani donne sedute insieme, vestite con abiti eleganti, circondate da vari fiori e piante. Il dipinto \u00e8 caratterizzato da un uso audace del colore e da un senso unico di movimento ed emozione. Le donne sono dipinte nei toni del rosa, bianco e oro, i fiori nei toni del rosa, giallo e viola, e lo sfondo nei toni del verde, dando al dipinto un senso di profondit\u00e0 e movimento.<\/p>\n<p>Il dipinto rappresenta la bellezza e la connessione delle amicizie femminili, in quanto mostra due donne sedute insieme in un ambiente rilassato e intimo. I fiori e le piante che li circondano sono simboli di crescita, bellezza e legame tra loro. Gli abiti eleganti delle donne e gli intricati motivi sullo sfondo rappresentano l&#8217;armonia e l&#8217;ordine nell&#8217;universo. Il dipinto evoca i sentimenti di bellezza, serenit\u00e0 e connessione che sono caratteristici dell&#8217;arte di Klimt.<\/p>\n<p>Il dipinto di Klimt &#8220;Amici&#8221;, nonostante sia meno noto, \u00e8 ancora un capolavoro del movimento Art Nouveau e rappresenta la bellezza e il legame delle amicizie femminili. Il dipinto rappresenta la bellezza e la connessione delle amicizie femminili e l&#8217;armonia e l&#8217;ordine nell&#8217;universo. Il dipinto \u00e8 una grande aggiunta a qualsiasi collezione d&#8217;arte ed \u00e8 una rappresentazione unica e bellissima del legame tra donne.<\/p>\n<p>Insomma, il dipinto &#8220;Amici&#8221; di Gustav Klimt \u00e8 meno conosciuto, ma pur sempre un capolavoro del movimento Art Nouveau. Rappresenta la bellezza e la connessione delle amicizie femminili e l&#8217;armonia e l&#8217;ordine nell&#8217;universo. Il dipinto evoca sentimenti di bellezza, pace e connessione, quindi \u00e8 una grande aggiunta a qualsiasi spazio che necessiti di un tocco di bellezza e amicizia. Il dipinto \u00e8 una rappresentazione unica e bellissima del legame tra donne e un ottimo modo per celebrare e onorare le amicizie nelle nostre vite.<\/p>\n<p>&nbsp;<\/p>\n","protected":false},"excerpt":{"rendered":"<p>Gustav Klimt &#8211; Fidanzate &nbsp; Anno di creazione: 1916-1917 Dimensione originale: 99 cm x 99 cm Stile colore: Secessione Tecnica originale: Olio su tela Situato: L&#8217;originale fu distrutto nel 1945 Olio su tela raffigura due donne, una vestita di rosso, l&#8217;altra nuda. Klimt amava l&#8217;arte giapponese, in cui la tensione [&hellip;]<\/p>\n","protected":false},"featured_media":35181,"template":"","meta":{"_acf_changed":false},"product_brand":[],"product_cat":[4182],"product_tag":[4220,4224,4246,4245,4253],"class_list":{"0":"post-40791","1":"product","2":"type-product","3":"status-publish","4":"has-post-thumbnail","6":"product_cat-gustav-klimt","7":"product_tag-gustav-klimt-it","8":"product_tag-klimt-it","9":"product_tag-riproduzione-it","10":"product_tag-riproduzione","11":"product_tag-un-pittore","12":"pa_dimenzija-120-x-120-cm-it","13":"pa_dimenzija-150-x-150-cm-it","14":"pa_dimenzija-50-x-50-cm-it","15":"pa_dimenzija-60-x-60-cm-it","16":"pa_dimenzija-70-x-70-cm-it","17":"pa_dimenzija-80-x-80-cm-it","18":"pa_dimenzija-90-x-90-cm-it","19":"pa_dimenzija-99-x-99-cm-it","20":"pa_oblika-quadrata","21":"pa_okvir-sensa-cornice","22":"pa_podokvir-no","23":"pa_podokvir-si","25":"first","26":"onbackorder","27":"purchasable","28":"product-type-variable","29":"has-default-attributes"},"acf":[],"yoast_head":"<!-- This site is optimized with the Yoast SEO Premium plugin v26.0 (Yoast SEO v27.2) - https:\/\/yoast.com\/product\/yoast-seo-premium-wordpress\/ -->\n<title>Gustav Klimt - Girlfriends - SVETSLIK.SI - Dipinti a mano al 100%<\/title>\n<meta name=\"description\" content=\"Gustav Klimt - Girlfriends - Riproduzioni di quadri d&#039;arte dipinte a mano al 100% su tela. Cornici per quadri, vendita e produzione di dimensioni su ordinazione.\" \/>\n<meta name=\"robots\" content=\"index, follow, max-snippet:-1, max-image-preview:large, max-video-preview:-1\" \/>\n<link rel=\"canonical\" href=\"https:\/\/svetslik.si\/it\/gustav-klimt\/girlfriends\/\" \/>\n<meta property=\"og:locale\" content=\"it_IT\" \/>\n<meta property=\"og:type\" content=\"article\" \/>\n<meta property=\"og:title\" content=\"Gustav Klimt - Girlfriends\" \/>\n<meta property=\"og:description\" content=\"100% ro\u010dno naslikane slike na platnu, reprodukcije znanih slikarjev in umetni\u0161ke slike po naro\u010dilu.\" \/>\n<meta property=\"og:url\" content=\"https:\/\/svetslik.si\/it\/gustav-klimt\/girlfriends\/\" \/>\n<meta property=\"og:site_name\" content=\"SVETSLIK.SI\" \/>\n<meta property=\"article:publisher\" content=\"https:\/\/www.facebook.com\/svetslik.si\" \/>\n<meta property=\"article:modified_time\" content=\"2026-03-22T20:59:53+00:00\" \/>\n<meta property=\"og:image\" content=\"https:\/\/svetslik.si\/wp-content\/uploads\/2021\/08\/image_Girlfriends-Gustav-Klimt_680.jpg\" \/>\n\t<meta property=\"og:image:width\" content=\"2024\" \/>\n\t<meta property=\"og:image:height\" content=\"2049\" \/>\n\t<meta property=\"og:image:type\" content=\"image\/jpeg\" \/>\n<meta name=\"twitter:card\" content=\"summary_large_image\" \/>\n<meta name=\"twitter:site\" content=\"@svetslik\" \/>\n<meta name=\"twitter:label1\" content=\"Disponibilit\u00e0\" \/>\n\t<meta name=\"twitter:data1\" content=\"Su ordinazione\" \/>\n<script type=\"application\/ld+json\" class=\"yoast-schema-graph\">{\"@context\":\"https:\/\/schema.org\",\"@graph\":[{\"@type\":[\"WebPage\",\"ItemPage\"],\"@id\":\"https:\/\/svetslik.si\/it\/gustav-klimt\/girlfriends\/\",\"url\":\"https:\/\/svetslik.si\/it\/gustav-klimt\/girlfriends\/\",\"name\":\"Gustav Klimt - Girlfriends - SVETSLIK.SI - Dipinti a mano al 100%\",\"isPartOf\":{\"@id\":\"https:\/\/svetslik.si\/it\/#website\"},\"primaryImageOfPage\":{\"@id\":\"https:\/\/svetslik.si\/it\/gustav-klimt\/girlfriends\/#primaryimage\"},\"image\":{\"@id\":\"https:\/\/svetslik.si\/it\/gustav-klimt\/girlfriends\/#primaryimage\"},\"thumbnailUrl\":\"https:\/\/svetslik.si\/wp-content\/uploads\/2021\/08\/image_Girlfriends-Gustav-Klimt_680.jpg\",\"datePublished\":\"2021-09-02T16:23:39+00:00\",\"dateModified\":\"2026-03-22T20:59:53+00:00\",\"description\":\"Gustav Klimt - Girlfriends - Riproduzioni di quadri d'arte dipinte a mano al 100% su tela. Cornici per quadri, vendita e produzione di dimensioni su ordinazione.\",\"breadcrumb\":{\"@id\":\"https:\/\/svetslik.si\/it\/gustav-klimt\/girlfriends\/#breadcrumb\"},\"inLanguage\":\"it-IT\",\"potentialAction\":[{\"@type\":\"ReadAction\",\"target\":[\"https:\/\/svetslik.si\/it\/gustav-klimt\/girlfriends\/\"]}]},{\"@type\":\"ImageObject\",\"inLanguage\":\"it-IT\",\"@id\":\"https:\/\/svetslik.si\/it\/gustav-klimt\/girlfriends\/#primaryimage\",\"url\":\"https:\/\/svetslik.si\/wp-content\/uploads\/2021\/08\/image_Girlfriends-Gustav-Klimt_680.jpg\",\"contentUrl\":\"https:\/\/svetslik.si\/wp-content\/uploads\/2021\/08\/image_Girlfriends-Gustav-Klimt_680.jpg\",\"width\":2024,\"height\":2049,\"caption\":\"Quadri riproduzioni - Gustav Klimt - Girlfriends - Dipinti a mano, riproduzioni di dipinti di artisti famosi, olio su tela, quadri ad olio, quadri moderni, quadri artistici da appendere, quadri ambientali, astratti, decorativi\"},{\"@type\":\"BreadcrumbList\",\"@id\":\"https:\/\/svetslik.si\/it\/gustav-klimt\/girlfriends\/#breadcrumb\",\"itemListElement\":[{\"@type\":\"ListItem\",\"position\":1,\"name\":\"Fali m\u0171v\u00e9szet \u00e9s festm\u00e9nyek v\u00e1szonra\",\"item\":\"https:\/\/svetslik.si\/it\/\"},{\"@type\":\"ListItem\",\"position\":2,\"name\":\"Vendita di dipinti\",\"item\":\"https:\/\/svetslik.si\/prodaja-slik\/\"},{\"@type\":\"ListItem\",\"position\":3,\"name\":\"Gustav Klimt &#8211; Girlfriends\"}]},{\"@type\":\"WebSite\",\"@id\":\"https:\/\/svetslik.si\/it\/#website\",\"url\":\"https:\/\/svetslik.si\/it\/\",\"name\":\"SVETSLIK.SI\",\"description\":\"100% riproduzioni dipinte a mano di quadri di pittori famosi e dipinti su tela.\",\"publisher\":{\"@id\":\"https:\/\/svetslik.si\/it\/#organization\"},\"potentialAction\":[{\"@type\":\"SearchAction\",\"target\":{\"@type\":\"EntryPoint\",\"urlTemplate\":\"https:\/\/svetslik.si\/it\/?s={search_term_string}\"},\"query-input\":{\"@type\":\"PropertyValueSpecification\",\"valueRequired\":true,\"valueName\":\"search_term_string\"}}],\"inLanguage\":\"it-IT\"},{\"@type\":\"Organization\",\"@id\":\"https:\/\/svetslik.si\/it\/#organization\",\"name\":\"SvetSlik.si\",\"url\":\"https:\/\/svetslik.si\/it\/\",\"logo\":{\"@type\":\"ImageObject\",\"inLanguage\":\"it-IT\",\"@id\":\"https:\/\/svetslik.si\/it\/#\/schema\/logo\/image\/\",\"url\":\"https:\/\/svetslik.si\/wp-content\/uploads\/2020\/12\/logo-512.png\",\"contentUrl\":\"https:\/\/svetslik.si\/wp-content\/uploads\/2020\/12\/logo-512.png\",\"width\":512,\"height\":512,\"caption\":\"SvetSlik.si\"},\"image\":{\"@id\":\"https:\/\/svetslik.si\/it\/#\/schema\/logo\/image\/\"},\"sameAs\":[\"https:\/\/www.facebook.com\/svetslik.si\",\"https:\/\/x.com\/svetslik\",\"https:\/\/www.instagram.com\/svetslik.si\/\",\"https:\/\/www.linkedin.com\/company\/svetslik-si\"]}]}<\/script>\n<meta property=\"og:availability\" content=\"backorder\" \/>\n<meta property=\"product:availability\" content=\"available for order\" \/>\n<meta property=\"product:retailer_item_id\" content=\"557__\" \/>\n<meta property=\"product:condition\" content=\"new\" \/>\n<!-- \/ Yoast SEO Premium plugin. -->","yoast_head_json":{"title":"Gustav Klimt - Girlfriends - SVETSLIK.SI - Dipinti a mano al 100%","description":"Gustav Klimt - Girlfriends - Riproduzioni di quadri d'arte dipinte a mano al 100% su tela. Cornici per quadri, vendita e produzione di dimensioni su ordinazione.","robots":{"index":"index","follow":"follow","max-snippet":"max-snippet:-1","max-image-preview":"max-image-preview:large","max-video-preview":"max-video-preview:-1"},"canonical":"https:\/\/svetslik.si\/it\/gustav-klimt\/girlfriends\/","og_locale":"it_IT","og_type":"article","og_title":"Gustav Klimt - Girlfriends","og_description":"100% ro\u010dno naslikane slike na platnu, reprodukcije znanih slikarjev in umetni\u0161ke slike po naro\u010dilu.","og_url":"https:\/\/svetslik.si\/it\/gustav-klimt\/girlfriends\/","og_site_name":"SVETSLIK.SI","article_publisher":"https:\/\/www.facebook.com\/svetslik.si","article_modified_time":"2026-03-22T20:59:53+00:00","og_image":[{"width":2024,"height":2049,"url":"https:\/\/svetslik.si\/wp-content\/uploads\/2021\/08\/image_Girlfriends-Gustav-Klimt_680.jpg","type":"image\/jpeg"}],"twitter_card":"summary_large_image","twitter_site":"@svetslik","twitter_misc":{"Disponibilit\u00e0":"Su ordinazione"},"schema":{"@context":"https:\/\/schema.org","@graph":[{"@type":["WebPage","ItemPage"],"@id":"https:\/\/svetslik.si\/it\/gustav-klimt\/girlfriends\/","url":"https:\/\/svetslik.si\/it\/gustav-klimt\/girlfriends\/","name":"Gustav Klimt - Girlfriends - SVETSLIK.SI - Dipinti a mano al 100%","isPartOf":{"@id":"https:\/\/svetslik.si\/it\/#website"},"primaryImageOfPage":{"@id":"https:\/\/svetslik.si\/it\/gustav-klimt\/girlfriends\/#primaryimage"},"image":{"@id":"https:\/\/svetslik.si\/it\/gustav-klimt\/girlfriends\/#primaryimage"},"thumbnailUrl":"https:\/\/svetslik.si\/wp-content\/uploads\/2021\/08\/image_Girlfriends-Gustav-Klimt_680.jpg","datePublished":"2021-09-02T16:23:39+00:00","dateModified":"2026-03-22T20:59:53+00:00","description":"Gustav Klimt - Girlfriends - Riproduzioni di quadri d'arte dipinte a mano al 100% su tela. Cornici per quadri, vendita e produzione di dimensioni su ordinazione.","breadcrumb":{"@id":"https:\/\/svetslik.si\/it\/gustav-klimt\/girlfriends\/#breadcrumb"},"inLanguage":"it-IT","potentialAction":[{"@type":"ReadAction","target":["https:\/\/svetslik.si\/it\/gustav-klimt\/girlfriends\/"]}]},{"@type":"ImageObject","inLanguage":"it-IT","@id":"https:\/\/svetslik.si\/it\/gustav-klimt\/girlfriends\/#primaryimage","url":"https:\/\/svetslik.si\/wp-content\/uploads\/2021\/08\/image_Girlfriends-Gustav-Klimt_680.jpg","contentUrl":"https:\/\/svetslik.si\/wp-content\/uploads\/2021\/08\/image_Girlfriends-Gustav-Klimt_680.jpg","width":2024,"height":2049,"caption":"Quadri riproduzioni - Gustav Klimt - Girlfriends - Dipinti a mano, riproduzioni di dipinti di artisti famosi, olio su tela, quadri ad olio, quadri moderni, quadri artistici da appendere, quadri ambientali, astratti, decorativi"},{"@type":"BreadcrumbList","@id":"https:\/\/svetslik.si\/it\/gustav-klimt\/girlfriends\/#breadcrumb","itemListElement":[{"@type":"ListItem","position":1,"name":"Fali m\u0171v\u00e9szet \u00e9s festm\u00e9nyek v\u00e1szonra","item":"https:\/\/svetslik.si\/it\/"},{"@type":"ListItem","position":2,"name":"Vendita di dipinti","item":"https:\/\/svetslik.si\/prodaja-slik\/"},{"@type":"ListItem","position":3,"name":"Gustav Klimt &#8211; Girlfriends"}]},{"@type":"WebSite","@id":"https:\/\/svetslik.si\/it\/#website","url":"https:\/\/svetslik.si\/it\/","name":"SVETSLIK.SI","description":"100% riproduzioni dipinte a mano di quadri di pittori famosi e dipinti su tela.","publisher":{"@id":"https:\/\/svetslik.si\/it\/#organization"},"potentialAction":[{"@type":"SearchAction","target":{"@type":"EntryPoint","urlTemplate":"https:\/\/svetslik.si\/it\/?s={search_term_string}"},"query-input":{"@type":"PropertyValueSpecification","valueRequired":true,"valueName":"search_term_string"}}],"inLanguage":"it-IT"},{"@type":"Organization","@id":"https:\/\/svetslik.si\/it\/#organization","name":"SvetSlik.si","url":"https:\/\/svetslik.si\/it\/","logo":{"@type":"ImageObject","inLanguage":"it-IT","@id":"https:\/\/svetslik.si\/it\/#\/schema\/logo\/image\/","url":"https:\/\/svetslik.si\/wp-content\/uploads\/2020\/12\/logo-512.png","contentUrl":"https:\/\/svetslik.si\/wp-content\/uploads\/2020\/12\/logo-512.png","width":512,"height":512,"caption":"SvetSlik.si"},"image":{"@id":"https:\/\/svetslik.si\/it\/#\/schema\/logo\/image\/"},"sameAs":["https:\/\/www.facebook.com\/svetslik.si","https:\/\/x.com\/svetslik","https:\/\/www.instagram.com\/svetslik.si\/","https:\/\/www.linkedin.com\/company\/svetslik-si"]}]},"og_availability":"backorder","product_availability":"available for order","product_retailer_item_id":"557__","product_condition":"new"},"jetpack_sharing_enabled":true,"_links":{"self":[{"href":"https:\/\/svetslik.si\/it\/wp-json\/wp\/v2\/product\/40791","targetHints":{"allow":["GET"]}}],"collection":[{"href":"https:\/\/svetslik.si\/it\/wp-json\/wp\/v2\/product"}],"about":[{"href":"https:\/\/svetslik.si\/it\/wp-json\/wp\/v2\/types\/product"}],"wp:featuredmedia":[{"embeddable":true,"href":"https:\/\/svetslik.si\/it\/wp-json\/wp\/v2\/media\/35181"}],"wp:attachment":[{"href":"https:\/\/svetslik.si\/it\/wp-json\/wp\/v2\/media?parent=40791"}],"wp:term":[{"taxonomy":"product_brand","embeddable":true,"href":"https:\/\/svetslik.si\/it\/wp-json\/wp\/v2\/product_brand?post=40791"},{"taxonomy":"product_cat","embeddable":true,"href":"https:\/\/svetslik.si\/it\/wp-json\/wp\/v2\/product_cat?post=40791"},{"taxonomy":"product_tag","embeddable":true,"href":"https:\/\/svetslik.si\/it\/wp-json\/wp\/v2\/product_tag?post=40791"}],"curies":[{"name":"wp","href":"https:\/\/api.w.org\/{rel}","templated":true}]}}