{"id":40800,"date":"2021-09-02T18:23:39","date_gmt":"2021-09-02T16:23:39","guid":{"rendered":"https:\/\/svetslik.si\/senza-categoria\/goldfish\/"},"modified":"2026-03-22T21:59:53","modified_gmt":"2026-03-22T20:59:53","slug":"goldfish","status":"publish","type":"product","link":"https:\/\/svetslik.si\/it\/gustav-klimt\/goldfish\/","title":{"rendered":"Gustav Klimt &#8211; Goldfish"},"content":{"rendered":"<div class=\"wpb-content-wrapper\">[vc_row][vc_column][vc_column_text]\n<h1>Gustav Klimt &#8211; Pesce rosso<\/h1>\n<p>&nbsp;<\/p>\n<table border=\"0\" width=\"593\" cellpadding=\"0\">\n<tr>\n<td>Anno di creazione:<\/td>\n<td style=\"width: 439px\">1901 &#8211; 1902<\/td>\n<\/tr>\n<tr>\n<td>Dimensione originale:<\/td>\n<td>66,5 cm x 181 cm<\/td>\n<\/tr>\n<tr>\n<td>Stile di pittura:<\/td>\n<td style=\"width: 439px\">Secessione<\/td>\n<\/tr>\n<tr>\n<td>Tecnica originale:<\/td>\n<td style=\"width: 439px\">Olio su tela<\/td>\n<\/tr>\n<tr>\n<td>Situato:<\/td>\n<td style=\"width: 439px\">Fondazione Dubi-Muller, Kunstmuseum, Soletta, Svizzera<\/td>\n<\/tr>\n<col \/> <\/colgroup>\n<p>Figure d&#8217;acqua su olio su tela <em>Pesci rossi <\/em> invitano lo spettatore in un mondo di sensualit\u00e0 e associazioni, paragonabile al mondo dei simboli di Freud. Similmente alla serie di dipinti Serpenti d&#8217;acqua, Klimt si avventura ancora una volta nel regno dell&#8217;acqua, dove alghe scure e chiare si intrecciano con membra femminili che seguono le onde della marea.<\/p>\n<p>Questo olio su tela \u00e8 la risposta di Klimt alle dure critiche rivolte ai dipinti da lui realizzati per l&#8217;Universit\u00e0 di Vienna.<\/p>\n<p>Il dipinto &#8220;Pesce rosso&#8221; di Gustav Klimt \u00e8 un capolavoro del movimento Art Nouveau e una delle opere pi\u00f9 famose e riconoscibili del pittore austriaco. Il dipinto rappresenta la bellezza e il movimento della vita acquatica e l&#8217;armonia dell&#8217;universo.<\/p>\n<p>&#8220;Goldfish&#8221; \u00e8 un dipinto ad olio su tela che misura circa 100 cm x 100 cm. Raffigura una vasca con pesci rossi al centro del dipinto, circondata da varie piante acquatiche e uno sfondo con un intricato motivo geometrico. Il dipinto \u00e8 caratterizzato da un uso audace del colore e da un senso unico di movimento ed emozione. I pesci rossi sono dipinti nei toni dell&#8217;arancio e del giallo, le piante nei toni del verde e lo sfondo nei toni del blu e dell&#8217;oro, conferendo all&#8217;immagine un senso di profondit\u00e0 e movimento.<\/p>\n<p>Il pesce rosso \u00e8 sempre stato un simbolo di felicit\u00e0 e prosperit\u00e0 e il dipinto di Klimt non fa eccezione. Il dipinto rappresenta la bellezza e il movimento della vita acquatica e l&#8217;armonia dell&#8217;universo. Il pesce rosso \u00e8 circondato da varie piante acquatiche che rappresentano l&#8217;interconnessione di tutti gli esseri viventi e l&#8217;equilibrio della natura. Lo sfondo geometrico rappresenta l&#8217;armonia e l&#8217;ordine nell&#8217;universo. Il dipinto evoca sentimenti di bellezza, pace e benessere caratteristici dell&#8217;arte di Klimt.<\/p>\n<p>Il dipinto di Klimt &#8220;Il pesce rosso&#8221; \u00e8 un capolavoro del movimento Art Nouveau ed \u00e8 considerata una delle opere pi\u00f9 iconiche dell&#8217;artista. Rappresenta la bellezza e il movimento della vita acquatica, l&#8217;armonia dell&#8217;universo e l&#8217;equilibrio della natura. Il dipinto \u00e8 un must per gli amanti dell&#8217;arte e una grande aggiunta a qualsiasi collezione d&#8217;arte.<\/p>\n<p>In breve, il dipinto &#8220;Pesce rosso&#8221; di Gustav Klimt \u00e8 un capolavoro del movimento Art Nouveau e una delle opere pi\u00f9 famose e riconoscibili del pittore austriaco. Rappresenta la bellezza e il movimento della vita acquatica, l&#8217;armonia dell&#8217;universo e l&#8217;equilibrio della natura. Il dipinto \u00e8 un must per gli amanti dell&#8217;arte e una grande aggiunta a qualsiasi collezione d&#8217;arte. Con esso potrai aggiungere un tocco di bellezza, tranquillit\u00e0 e benessere a qualsiasi stanza. Il dipinto \u00e8 unico nella sua capacit\u00e0 di evocare sentimenti di bellezza, serenit\u00e0 e benessere, rendendolo una grande aggiunta a qualsiasi spazio che necessita di un tocco di natura e felicit\u00e0.[\/vc_column_text][\/vc_column][\/vc_row]<\/ p><\/p>\n<\/div>","protected":false},"excerpt":{"rendered":"<p>[vc_row][vc_column][vc_column_text] Gustav Klimt &#8211; Pesce rosso &nbsp; Anno di creazione: 1901 &#8211; 1902 Dimensione originale: 66,5 cm x 181 cm Stile di pittura: Secessione Tecnica originale: Olio su tela Situato: Fondazione Dubi-Muller, Kunstmuseum, Soletta, Svizzera Figure d&#8217;acqua su olio su tela Pesci rossi invitano lo spettatore in un mondo di [&hellip;]<\/p>\n","protected":false},"featured_media":35187,"template":"","meta":{"_acf_changed":false},"product_brand":[],"product_cat":[4182],"product_tag":[4220,4224,4246,4245,4253],"class_list":{"0":"post-40800","1":"product","2":"type-product","3":"status-publish","4":"has-post-thumbnail","6":"product_cat-gustav-klimt","7":"product_tag-gustav-klimt-it","8":"product_tag-klimt-it","9":"product_tag-riproduzione-it","10":"product_tag-riproduzione","11":"product_tag-un-pittore","12":"pa_dimenzija-100-x-270-cm","13":"pa_dimenzija-30-x-80-cm","14":"pa_dimenzija-40-x-110-cm","15":"pa_dimenzija-50-x-140-cm","16":"pa_dimenzija-60-x-165-cm","17":"pa_dimenzija-66-x-181-cm","18":"pa_dimenzija-80-x-220-cm","19":"pa_dimenzija-90-x-250-cm","20":"pa_oblika-verticale","21":"pa_okvir-sensa-cornice","22":"pa_podokvir-no","23":"pa_podokvir-si","25":"first","26":"onbackorder","27":"purchasable","28":"product-type-variable","29":"has-default-attributes"},"acf":[],"yoast_head":"<!-- This site is optimized with the Yoast SEO Premium plugin v26.0 (Yoast SEO v27.2) - https:\/\/yoast.com\/product\/yoast-seo-premium-wordpress\/ -->\n<title>Gustav Klimt - Goldfish - SVETSLIK.SI - Dipinti a mano al 100%<\/title>\n<meta name=\"description\" content=\"Gustav Klimt - Goldfish - Riproduzioni di quadri d&#039;arte dipinte a mano al 100% su tela. Cornici per quadri, vendita e produzione di dimensioni su ordinazione.\" \/>\n<meta name=\"robots\" content=\"index, follow, max-snippet:-1, max-image-preview:large, max-video-preview:-1\" \/>\n<link rel=\"canonical\" href=\"https:\/\/svetslik.si\/it\/gustav-klimt\/goldfish\/\" \/>\n<meta property=\"og:locale\" content=\"it_IT\" \/>\n<meta property=\"og:type\" content=\"article\" \/>\n<meta property=\"og:title\" content=\"Gustav Klimt - Goldfish\" \/>\n<meta property=\"og:description\" content=\"100% ro\u010dno naslikane slike na platnu, reprodukcije znanih slikarjev in umetni\u0161ke slike po naro\u010dilu.\" \/>\n<meta property=\"og:url\" content=\"https:\/\/svetslik.si\/it\/gustav-klimt\/goldfish\/\" \/>\n<meta property=\"og:site_name\" content=\"SVETSLIK.SI\" \/>\n<meta property=\"article:publisher\" content=\"https:\/\/www.facebook.com\/svetslik.si\" \/>\n<meta property=\"article:modified_time\" content=\"2026-03-22T20:59:53+00:00\" \/>\n<meta property=\"og:image\" content=\"https:\/\/svetslik.si\/wp-content\/uploads\/2021\/08\/image_Goldfish_680-scaled.jpg\" \/>\n\t<meta property=\"og:image:width\" content=\"937\" \/>\n\t<meta property=\"og:image:height\" content=\"2560\" \/>\n\t<meta property=\"og:image:type\" content=\"image\/jpeg\" \/>\n<meta name=\"twitter:card\" content=\"summary_large_image\" \/>\n<meta name=\"twitter:site\" content=\"@svetslik\" \/>\n<meta name=\"twitter:label1\" content=\"Disponibilit\u00e0\" \/>\n\t<meta name=\"twitter:data1\" content=\"Su ordinazione\" \/>\n<script type=\"application\/ld+json\" class=\"yoast-schema-graph\">{\"@context\":\"https:\/\/schema.org\",\"@graph\":[{\"@type\":[\"WebPage\",\"ItemPage\"],\"@id\":\"https:\/\/svetslik.si\/it\/gustav-klimt\/goldfish\/\",\"url\":\"https:\/\/svetslik.si\/it\/gustav-klimt\/goldfish\/\",\"name\":\"Gustav Klimt - Goldfish - SVETSLIK.SI - Dipinti a mano al 100%\",\"isPartOf\":{\"@id\":\"https:\/\/svetslik.si\/it\/#website\"},\"primaryImageOfPage\":{\"@id\":\"https:\/\/svetslik.si\/it\/gustav-klimt\/goldfish\/#primaryimage\"},\"image\":{\"@id\":\"https:\/\/svetslik.si\/it\/gustav-klimt\/goldfish\/#primaryimage\"},\"thumbnailUrl\":\"https:\/\/svetslik.si\/wp-content\/uploads\/2021\/08\/image_Goldfish_680-scaled.jpg\",\"datePublished\":\"2021-09-02T16:23:39+00:00\",\"dateModified\":\"2026-03-22T20:59:53+00:00\",\"description\":\"Gustav Klimt - Goldfish - Riproduzioni di quadri d'arte dipinte a mano al 100% su tela. Cornici per quadri, vendita e produzione di dimensioni su ordinazione.\",\"breadcrumb\":{\"@id\":\"https:\/\/svetslik.si\/it\/gustav-klimt\/goldfish\/#breadcrumb\"},\"inLanguage\":\"it-IT\",\"potentialAction\":[{\"@type\":\"ReadAction\",\"target\":[\"https:\/\/svetslik.si\/it\/gustav-klimt\/goldfish\/\"]}]},{\"@type\":\"ImageObject\",\"inLanguage\":\"it-IT\",\"@id\":\"https:\/\/svetslik.si\/it\/gustav-klimt\/goldfish\/#primaryimage\",\"url\":\"https:\/\/svetslik.si\/wp-content\/uploads\/2021\/08\/image_Goldfish_680-scaled.jpg\",\"contentUrl\":\"https:\/\/svetslik.si\/wp-content\/uploads\/2021\/08\/image_Goldfish_680-scaled.jpg\",\"width\":937,\"height\":2560,\"caption\":\"Quadri riproduzioni - Gustav Klimt - Goldfish - Dipinti a mano, riproduzioni di dipinti di artisti famosi, olio su tela, quadri ad olio, quadri moderni, quadri artistici da appendere, quadri ambientali, astratti, decorativi\"},{\"@type\":\"BreadcrumbList\",\"@id\":\"https:\/\/svetslik.si\/it\/gustav-klimt\/goldfish\/#breadcrumb\",\"itemListElement\":[{\"@type\":\"ListItem\",\"position\":1,\"name\":\"Fali m\u0171v\u00e9szet \u00e9s festm\u00e9nyek v\u00e1szonra\",\"item\":\"https:\/\/svetslik.si\/it\/\"},{\"@type\":\"ListItem\",\"position\":2,\"name\":\"Vendita di dipinti\",\"item\":\"https:\/\/svetslik.si\/prodaja-slik\/\"},{\"@type\":\"ListItem\",\"position\":3,\"name\":\"Gustav Klimt &#8211; Goldfish\"}]},{\"@type\":\"WebSite\",\"@id\":\"https:\/\/svetslik.si\/it\/#website\",\"url\":\"https:\/\/svetslik.si\/it\/\",\"name\":\"SVETSLIK.SI\",\"description\":\"100% riproduzioni dipinte a mano di quadri di pittori famosi e dipinti su tela.\",\"publisher\":{\"@id\":\"https:\/\/svetslik.si\/it\/#organization\"},\"potentialAction\":[{\"@type\":\"SearchAction\",\"target\":{\"@type\":\"EntryPoint\",\"urlTemplate\":\"https:\/\/svetslik.si\/it\/?s={search_term_string}\"},\"query-input\":{\"@type\":\"PropertyValueSpecification\",\"valueRequired\":true,\"valueName\":\"search_term_string\"}}],\"inLanguage\":\"it-IT\"},{\"@type\":\"Organization\",\"@id\":\"https:\/\/svetslik.si\/it\/#organization\",\"name\":\"SvetSlik.si\",\"url\":\"https:\/\/svetslik.si\/it\/\",\"logo\":{\"@type\":\"ImageObject\",\"inLanguage\":\"it-IT\",\"@id\":\"https:\/\/svetslik.si\/it\/#\/schema\/logo\/image\/\",\"url\":\"https:\/\/svetslik.si\/wp-content\/uploads\/2020\/12\/logo-512.png\",\"contentUrl\":\"https:\/\/svetslik.si\/wp-content\/uploads\/2020\/12\/logo-512.png\",\"width\":512,\"height\":512,\"caption\":\"SvetSlik.si\"},\"image\":{\"@id\":\"https:\/\/svetslik.si\/it\/#\/schema\/logo\/image\/\"},\"sameAs\":[\"https:\/\/www.facebook.com\/svetslik.si\",\"https:\/\/x.com\/svetslik\",\"https:\/\/www.instagram.com\/svetslik.si\/\",\"https:\/\/www.linkedin.com\/company\/svetslik-si\"]}]}<\/script>\n<meta property=\"og:availability\" content=\"backorder\" \/>\n<meta property=\"product:availability\" content=\"available for order\" \/>\n<meta property=\"product:retailer_item_id\" content=\"558__\" \/>\n<meta property=\"product:condition\" content=\"new\" \/>\n<!-- \/ Yoast SEO Premium plugin. -->","yoast_head_json":{"title":"Gustav Klimt - Goldfish - SVETSLIK.SI - Dipinti a mano al 100%","description":"Gustav Klimt - Goldfish - Riproduzioni di quadri d'arte dipinte a mano al 100% su tela. Cornici per quadri, vendita e produzione di dimensioni su ordinazione.","robots":{"index":"index","follow":"follow","max-snippet":"max-snippet:-1","max-image-preview":"max-image-preview:large","max-video-preview":"max-video-preview:-1"},"canonical":"https:\/\/svetslik.si\/it\/gustav-klimt\/goldfish\/","og_locale":"it_IT","og_type":"article","og_title":"Gustav Klimt - Goldfish","og_description":"100% ro\u010dno naslikane slike na platnu, reprodukcije znanih slikarjev in umetni\u0161ke slike po naro\u010dilu.","og_url":"https:\/\/svetslik.si\/it\/gustav-klimt\/goldfish\/","og_site_name":"SVETSLIK.SI","article_publisher":"https:\/\/www.facebook.com\/svetslik.si","article_modified_time":"2026-03-22T20:59:53+00:00","og_image":[{"width":937,"height":2560,"url":"https:\/\/svetslik.si\/wp-content\/uploads\/2021\/08\/image_Goldfish_680-scaled.jpg","type":"image\/jpeg"}],"twitter_card":"summary_large_image","twitter_site":"@svetslik","twitter_misc":{"Disponibilit\u00e0":"Su ordinazione"},"schema":{"@context":"https:\/\/schema.org","@graph":[{"@type":["WebPage","ItemPage"],"@id":"https:\/\/svetslik.si\/it\/gustav-klimt\/goldfish\/","url":"https:\/\/svetslik.si\/it\/gustav-klimt\/goldfish\/","name":"Gustav Klimt - Goldfish - SVETSLIK.SI - Dipinti a mano al 100%","isPartOf":{"@id":"https:\/\/svetslik.si\/it\/#website"},"primaryImageOfPage":{"@id":"https:\/\/svetslik.si\/it\/gustav-klimt\/goldfish\/#primaryimage"},"image":{"@id":"https:\/\/svetslik.si\/it\/gustav-klimt\/goldfish\/#primaryimage"},"thumbnailUrl":"https:\/\/svetslik.si\/wp-content\/uploads\/2021\/08\/image_Goldfish_680-scaled.jpg","datePublished":"2021-09-02T16:23:39+00:00","dateModified":"2026-03-22T20:59:53+00:00","description":"Gustav Klimt - Goldfish - Riproduzioni di quadri d'arte dipinte a mano al 100% su tela. Cornici per quadri, vendita e produzione di dimensioni su ordinazione.","breadcrumb":{"@id":"https:\/\/svetslik.si\/it\/gustav-klimt\/goldfish\/#breadcrumb"},"inLanguage":"it-IT","potentialAction":[{"@type":"ReadAction","target":["https:\/\/svetslik.si\/it\/gustav-klimt\/goldfish\/"]}]},{"@type":"ImageObject","inLanguage":"it-IT","@id":"https:\/\/svetslik.si\/it\/gustav-klimt\/goldfish\/#primaryimage","url":"https:\/\/svetslik.si\/wp-content\/uploads\/2021\/08\/image_Goldfish_680-scaled.jpg","contentUrl":"https:\/\/svetslik.si\/wp-content\/uploads\/2021\/08\/image_Goldfish_680-scaled.jpg","width":937,"height":2560,"caption":"Quadri riproduzioni - Gustav Klimt - Goldfish - Dipinti a mano, riproduzioni di dipinti di artisti famosi, olio su tela, quadri ad olio, quadri moderni, quadri artistici da appendere, quadri ambientali, astratti, decorativi"},{"@type":"BreadcrumbList","@id":"https:\/\/svetslik.si\/it\/gustav-klimt\/goldfish\/#breadcrumb","itemListElement":[{"@type":"ListItem","position":1,"name":"Fali m\u0171v\u00e9szet \u00e9s festm\u00e9nyek v\u00e1szonra","item":"https:\/\/svetslik.si\/it\/"},{"@type":"ListItem","position":2,"name":"Vendita di dipinti","item":"https:\/\/svetslik.si\/prodaja-slik\/"},{"@type":"ListItem","position":3,"name":"Gustav Klimt &#8211; Goldfish"}]},{"@type":"WebSite","@id":"https:\/\/svetslik.si\/it\/#website","url":"https:\/\/svetslik.si\/it\/","name":"SVETSLIK.SI","description":"100% riproduzioni dipinte a mano di quadri di pittori famosi e dipinti su tela.","publisher":{"@id":"https:\/\/svetslik.si\/it\/#organization"},"potentialAction":[{"@type":"SearchAction","target":{"@type":"EntryPoint","urlTemplate":"https:\/\/svetslik.si\/it\/?s={search_term_string}"},"query-input":{"@type":"PropertyValueSpecification","valueRequired":true,"valueName":"search_term_string"}}],"inLanguage":"it-IT"},{"@type":"Organization","@id":"https:\/\/svetslik.si\/it\/#organization","name":"SvetSlik.si","url":"https:\/\/svetslik.si\/it\/","logo":{"@type":"ImageObject","inLanguage":"it-IT","@id":"https:\/\/svetslik.si\/it\/#\/schema\/logo\/image\/","url":"https:\/\/svetslik.si\/wp-content\/uploads\/2020\/12\/logo-512.png","contentUrl":"https:\/\/svetslik.si\/wp-content\/uploads\/2020\/12\/logo-512.png","width":512,"height":512,"caption":"SvetSlik.si"},"image":{"@id":"https:\/\/svetslik.si\/it\/#\/schema\/logo\/image\/"},"sameAs":["https:\/\/www.facebook.com\/svetslik.si","https:\/\/x.com\/svetslik","https:\/\/www.instagram.com\/svetslik.si\/","https:\/\/www.linkedin.com\/company\/svetslik-si"]}]},"og_availability":"backorder","product_availability":"available for order","product_retailer_item_id":"558__","product_condition":"new"},"jetpack_sharing_enabled":true,"_links":{"self":[{"href":"https:\/\/svetslik.si\/it\/wp-json\/wp\/v2\/product\/40800","targetHints":{"allow":["GET"]}}],"collection":[{"href":"https:\/\/svetslik.si\/it\/wp-json\/wp\/v2\/product"}],"about":[{"href":"https:\/\/svetslik.si\/it\/wp-json\/wp\/v2\/types\/product"}],"wp:featuredmedia":[{"embeddable":true,"href":"https:\/\/svetslik.si\/it\/wp-json\/wp\/v2\/media\/35187"}],"wp:attachment":[{"href":"https:\/\/svetslik.si\/it\/wp-json\/wp\/v2\/media?parent=40800"}],"wp:term":[{"taxonomy":"product_brand","embeddable":true,"href":"https:\/\/svetslik.si\/it\/wp-json\/wp\/v2\/product_brand?post=40800"},{"taxonomy":"product_cat","embeddable":true,"href":"https:\/\/svetslik.si\/it\/wp-json\/wp\/v2\/product_cat?post=40800"},{"taxonomy":"product_tag","embeddable":true,"href":"https:\/\/svetslik.si\/it\/wp-json\/wp\/v2\/product_tag?post=40800"}],"curies":[{"name":"wp","href":"https:\/\/api.w.org\/{rel}","templated":true}]}}