{"id":40836,"date":"2021-09-02T18:24:18","date_gmt":"2021-09-02T16:24:18","guid":{"rendered":"https:\/\/svetslik.si\/senza-categoria\/sunflower\/"},"modified":"2026-03-22T22:00:32","modified_gmt":"2026-03-22T21:00:32","slug":"sunflower","status":"publish","type":"product","link":"https:\/\/svetslik.si\/it\/gustav-klimt\/sunflower\/","title":{"rendered":"Gustav Klimt &#8211; Sunflower"},"content":{"rendered":"<div class=\"wpb-content-wrapper\">[vc_row][vc_column][vc_column_text]\n<h1>Gustav Klimt &#8211; Girasole<\/h1>\n<p>&nbsp;<\/p>\n<table border=\"0\" width=\"593\" cellpadding=\"0\">\n<tr>\n<td>Anno di creazione:<\/td>\n<td style=\"width: 439px\">1907<\/td>\n<\/tr>\n<tr>\n<td>Dimensione originale:<\/td>\n<td>110 cm x 110 cm<\/td>\n<\/tr>\n<tr>\n<td>Stile di pittura:<\/td>\n<td style=\"width: 439px\">Secessione<\/td>\n<\/tr>\n<tr>\n<td>Tecnica originale:<\/td>\n<td style=\"width: 439px\">Olio su tela<\/td>\n<\/tr>\n<tr>\n<td>Situato:<\/td>\n<td style=\"width: 439px\">Collezione privata<\/td>\n<\/tr>\n<col \/> <\/colgroup>\n<p>&nbsp;<\/p>\n<p>Il dipinto &#8220;Girasole&#8221; di Gustav Klimt \u00e8 un capolavoro del movimento Art Nouveau e una delle opere pi\u00f9 famose e riconoscibili del pittore austriaco. Il dipinto rappresenta la bellezza della natura e l&#8217;armonia dell&#8217;universo.<\/p>\n<p>Klimt inizi\u00f2 a creare la serie &#8220;Girasoli&#8221; nel 1907, periodo di grandi cambiamenti per l&#8217;artista. Aveva appena ultimato il controverso \u201cFregio di Beethoven\u201d, allontanandosi dalle forme artistiche pi\u00f9 tradizionali del passato. I dipinti &#8220;Girasole&#8221; riflettevano questi cambiamenti, poich\u00e9 erano caratterizzati da nuovi usi di colori e forme e si allontanavano dalle forme d&#8217;arte pi\u00f9 tradizionali del passato.<\/p>\n<p>Il dipinto &#8220;Girasole&#8221; \u00e8 un dipinto ad olio su tela che misura circa 100 cm x 100 cm. Al centro dell&#8217;immagine c&#8217;\u00e8 un grande girasole circondato da girasoli pi\u00f9 piccoli e altri fiori. Il dipinto \u00e8 caratterizzato da un uso audace dei colori, poich\u00e9 il girasole al centro \u00e8 dipinto nei toni del giallo, dell&#8217;arancio e dell&#8217;oro. Lo sfondo \u00e8 dipinto nei toni del blu e del verde, il che conferisce all&#8217;immagine un senso di profondit\u00e0 e movimento.<\/p>\n<p>Il girasole \u00e8 sempre stato un simbolo di felicit\u00e0 e calore e il dipinto di Klimt non fa eccezione. Il dipinto rappresenta la bellezza della natura e l&#8217;armonia dell&#8217;universo. Il girasole \u00e8 un simbolo del sole, la forza vitale che nutre tutti gli esseri viventi. Il dipinto evoca sentimenti di calore, gioia e vitalit\u00e0, che sono le caratteristiche dell&#8217;arte di Klimt.<\/p>\n<p>Il dipinto di Klimt &#8220;Girasole&#8221; \u00e8 un capolavoro del movimento Art Nouveau ed \u00e8 considerata una delle opere pi\u00f9 iconiche dell&#8217;artista. Rappresenta la bellezza della natura, l&#8217;armonia dell&#8217;universo e la forza vitale che nutre tutti gli esseri viventi. Il dipinto \u00e8 un must per gli amanti dell&#8217;arte e una grande aggiunta a qualsiasi collezione d&#8217;arte.<\/p>\n<p>In breve, il dipinto &#8220;Girasole&#8221; di Gustav Klimt \u00e8 un capolavoro del movimento Art Nouveau e una delle opere pi\u00f9 famose e riconoscibili del pittore austriaco. Rappresenta la bellezza della natura, l&#8217;armonia dell&#8217;universo e la forza vitale che nutre tutti gli esseri viventi. Il dipinto \u00e8 un must per gli amanti dell&#8217;arte e una grande aggiunta a qualsiasi collezione d&#8217;arte. \u00c8 un ottimo modo per aggiungere un tocco di bellezza ed eleganza a qualsiasi stanza.[\/vc_column_text][\/vc_column][\/vc_row]\n<\/div>","protected":false},"excerpt":{"rendered":"<p>[vc_row][vc_column][vc_column_text] Gustav Klimt &#8211; Girasole &nbsp; Anno di creazione: 1907 Dimensione originale: 110 cm x 110 cm Stile di pittura: Secessione Tecnica originale: Olio su tela Situato: Collezione privata &nbsp; Il dipinto &#8220;Girasole&#8221; di Gustav Klimt \u00e8 un capolavoro del movimento Art Nouveau e una delle opere pi\u00f9 famose e [&hellip;]<\/p>\n","protected":false},"featured_media":94371,"template":"","meta":{"_acf_changed":false},"product_brand":[],"product_cat":[4182],"product_tag":[4258,4220,4224,4245,4246,4253],"class_list":{"0":"post-40836","1":"product","2":"type-product","3":"status-publish","4":"has-post-thumbnail","6":"product_cat-gustav-klimt","7":"product_tag-girasoli","8":"product_tag-gustav-klimt-it","9":"product_tag-klimt-it","10":"product_tag-riproduzione","11":"product_tag-riproduzione-it","12":"product_tag-un-pittore","13":"pa_dimenzija-100-x-100-cm-it","14":"pa_dimenzija-110-x-110-cm-it","15":"pa_dimenzija-120-x-120-cm-it","16":"pa_dimenzija-150-x-150-cm-it","17":"pa_dimenzija-60-x-60-cm-it","18":"pa_dimenzija-70-x-70-cm-it","19":"pa_dimenzija-80-x-80-cm-it","20":"pa_dimenzija-90-x-90-cm-it","21":"pa_oblika-quadrata","22":"pa_okvir-sensa-cornice","23":"pa_podokvir-no","24":"pa_podokvir-si","26":"first","27":"onbackorder","28":"purchasable","29":"product-type-variable","30":"has-default-attributes"},"acf":[],"yoast_head":"<!-- This site is optimized with the Yoast SEO Premium plugin v26.0 (Yoast SEO v27.2) - https:\/\/yoast.com\/product\/yoast-seo-premium-wordpress\/ -->\n<title>Gustav Klimt - Sunflower - SVETSLIK.SI - Dipinti a mano al 100%<\/title>\n<meta name=\"description\" content=\"Gustav Klimt - Sunflower - Riproduzioni di quadri d&#039;arte dipinte a mano al 100% su tela. Cornici per quadri, vendita e produzione di dimensioni su ordinazione.\" \/>\n<meta name=\"robots\" content=\"index, follow, max-snippet:-1, max-image-preview:large, max-video-preview:-1\" \/>\n<link rel=\"canonical\" href=\"https:\/\/svetslik.si\/it\/gustav-klimt\/sunflower\/\" \/>\n<meta property=\"og:locale\" content=\"it_IT\" \/>\n<meta property=\"og:type\" content=\"article\" \/>\n<meta property=\"og:title\" content=\"Gustav Klimt - Sunflower\" \/>\n<meta property=\"og:description\" content=\"100% ro\u010dno naslikane slike na platnu, reprodukcije znanih slikarjev in umetni\u0161ke slike po naro\u010dilu.\" \/>\n<meta property=\"og:url\" content=\"https:\/\/svetslik.si\/it\/gustav-klimt\/sunflower\/\" \/>\n<meta property=\"og:site_name\" content=\"SVETSLIK.SI\" \/>\n<meta property=\"article:publisher\" content=\"https:\/\/www.facebook.com\/svetslik.si\" \/>\n<meta property=\"article:modified_time\" content=\"2026-03-22T21:00:32+00:00\" \/>\n<meta property=\"og:image\" content=\"https:\/\/svetslik.si\/wp-content\/uploads\/2021\/09\/The-Sunflower-Vintage-Painting-Gustav-Klimt-Reprodukcija.jpg\" \/>\n\t<meta property=\"og:image:width\" content=\"875\" \/>\n\t<meta property=\"og:image:height\" content=\"900\" \/>\n\t<meta property=\"og:image:type\" content=\"image\/jpeg\" \/>\n<meta name=\"twitter:card\" content=\"summary_large_image\" \/>\n<meta name=\"twitter:site\" content=\"@svetslik\" \/>\n<meta name=\"twitter:label1\" content=\"Disponibilit\u00e0\" \/>\n\t<meta name=\"twitter:data1\" content=\"Su ordinazione\" \/>\n<script type=\"application\/ld+json\" class=\"yoast-schema-graph\">{\"@context\":\"https:\/\/schema.org\",\"@graph\":[{\"@type\":[\"WebPage\",\"ItemPage\"],\"@id\":\"https:\/\/svetslik.si\/it\/gustav-klimt\/sunflower\/\",\"url\":\"https:\/\/svetslik.si\/it\/gustav-klimt\/sunflower\/\",\"name\":\"Gustav Klimt - Sunflower - SVETSLIK.SI - Dipinti a mano al 100%\",\"isPartOf\":{\"@id\":\"https:\/\/svetslik.si\/it\/#website\"},\"primaryImageOfPage\":{\"@id\":\"https:\/\/svetslik.si\/it\/gustav-klimt\/sunflower\/#primaryimage\"},\"image\":{\"@id\":\"https:\/\/svetslik.si\/it\/gustav-klimt\/sunflower\/#primaryimage\"},\"thumbnailUrl\":\"https:\/\/svetslik.si\/wp-content\/uploads\/2021\/09\/The-Sunflower-Vintage-Painting-Gustav-Klimt-Reprodukcija.jpg\",\"datePublished\":\"2021-09-02T16:24:18+00:00\",\"dateModified\":\"2026-03-22T21:00:32+00:00\",\"description\":\"Gustav Klimt - Sunflower - Riproduzioni di quadri d'arte dipinte a mano al 100% su tela. Cornici per quadri, vendita e produzione di dimensioni su ordinazione.\",\"breadcrumb\":{\"@id\":\"https:\/\/svetslik.si\/it\/gustav-klimt\/sunflower\/#breadcrumb\"},\"inLanguage\":\"it-IT\",\"potentialAction\":[{\"@type\":\"ReadAction\",\"target\":[\"https:\/\/svetslik.si\/it\/gustav-klimt\/sunflower\/\"]}]},{\"@type\":\"ImageObject\",\"inLanguage\":\"it-IT\",\"@id\":\"https:\/\/svetslik.si\/it\/gustav-klimt\/sunflower\/#primaryimage\",\"url\":\"https:\/\/svetslik.si\/wp-content\/uploads\/2021\/09\/The-Sunflower-Vintage-Painting-Gustav-Klimt-Reprodukcija.jpg\",\"contentUrl\":\"https:\/\/svetslik.si\/wp-content\/uploads\/2021\/09\/The-Sunflower-Vintage-Painting-Gustav-Klimt-Reprodukcija.jpg\",\"width\":875,\"height\":900,\"caption\":\"The Sunflower (Vintage Painting) - Gustav Klimt | Reprodukcija\"},{\"@type\":\"BreadcrumbList\",\"@id\":\"https:\/\/svetslik.si\/it\/gustav-klimt\/sunflower\/#breadcrumb\",\"itemListElement\":[{\"@type\":\"ListItem\",\"position\":1,\"name\":\"Fali m\u0171v\u00e9szet \u00e9s festm\u00e9nyek v\u00e1szonra\",\"item\":\"https:\/\/svetslik.si\/it\/\"},{\"@type\":\"ListItem\",\"position\":2,\"name\":\"Vendita di dipinti\",\"item\":\"https:\/\/svetslik.si\/prodaja-slik\/\"},{\"@type\":\"ListItem\",\"position\":3,\"name\":\"Gustav Klimt &#8211; Sunflower\"}]},{\"@type\":\"WebSite\",\"@id\":\"https:\/\/svetslik.si\/it\/#website\",\"url\":\"https:\/\/svetslik.si\/it\/\",\"name\":\"SVETSLIK.SI\",\"description\":\"100% riproduzioni dipinte a mano di quadri di pittori famosi e dipinti su tela.\",\"publisher\":{\"@id\":\"https:\/\/svetslik.si\/it\/#organization\"},\"potentialAction\":[{\"@type\":\"SearchAction\",\"target\":{\"@type\":\"EntryPoint\",\"urlTemplate\":\"https:\/\/svetslik.si\/it\/?s={search_term_string}\"},\"query-input\":{\"@type\":\"PropertyValueSpecification\",\"valueRequired\":true,\"valueName\":\"search_term_string\"}}],\"inLanguage\":\"it-IT\"},{\"@type\":\"Organization\",\"@id\":\"https:\/\/svetslik.si\/it\/#organization\",\"name\":\"SvetSlik.si\",\"url\":\"https:\/\/svetslik.si\/it\/\",\"logo\":{\"@type\":\"ImageObject\",\"inLanguage\":\"it-IT\",\"@id\":\"https:\/\/svetslik.si\/it\/#\/schema\/logo\/image\/\",\"url\":\"https:\/\/svetslik.si\/wp-content\/uploads\/2020\/12\/logo-512.png\",\"contentUrl\":\"https:\/\/svetslik.si\/wp-content\/uploads\/2020\/12\/logo-512.png\",\"width\":512,\"height\":512,\"caption\":\"SvetSlik.si\"},\"image\":{\"@id\":\"https:\/\/svetslik.si\/it\/#\/schema\/logo\/image\/\"},\"sameAs\":[\"https:\/\/www.facebook.com\/svetslik.si\",\"https:\/\/x.com\/svetslik\",\"https:\/\/www.instagram.com\/svetslik.si\/\",\"https:\/\/www.linkedin.com\/company\/svetslik-si\"]}]}<\/script>\n<meta property=\"og:availability\" content=\"backorder\" \/>\n<meta property=\"product:availability\" content=\"available for order\" \/>\n<meta property=\"product:retailer_item_id\" content=\"562__\" \/>\n<meta property=\"product:condition\" content=\"new\" \/>\n<!-- \/ Yoast SEO Premium plugin. -->","yoast_head_json":{"title":"Gustav Klimt - Sunflower - SVETSLIK.SI - Dipinti a mano al 100%","description":"Gustav Klimt - Sunflower - Riproduzioni di quadri d'arte dipinte a mano al 100% su tela. Cornici per quadri, vendita e produzione di dimensioni su ordinazione.","robots":{"index":"index","follow":"follow","max-snippet":"max-snippet:-1","max-image-preview":"max-image-preview:large","max-video-preview":"max-video-preview:-1"},"canonical":"https:\/\/svetslik.si\/it\/gustav-klimt\/sunflower\/","og_locale":"it_IT","og_type":"article","og_title":"Gustav Klimt - Sunflower","og_description":"100% ro\u010dno naslikane slike na platnu, reprodukcije znanih slikarjev in umetni\u0161ke slike po naro\u010dilu.","og_url":"https:\/\/svetslik.si\/it\/gustav-klimt\/sunflower\/","og_site_name":"SVETSLIK.SI","article_publisher":"https:\/\/www.facebook.com\/svetslik.si","article_modified_time":"2026-03-22T21:00:32+00:00","og_image":[{"width":875,"height":900,"url":"https:\/\/svetslik.si\/wp-content\/uploads\/2021\/09\/The-Sunflower-Vintage-Painting-Gustav-Klimt-Reprodukcija.jpg","type":"image\/jpeg"}],"twitter_card":"summary_large_image","twitter_site":"@svetslik","twitter_misc":{"Disponibilit\u00e0":"Su ordinazione"},"schema":{"@context":"https:\/\/schema.org","@graph":[{"@type":["WebPage","ItemPage"],"@id":"https:\/\/svetslik.si\/it\/gustav-klimt\/sunflower\/","url":"https:\/\/svetslik.si\/it\/gustav-klimt\/sunflower\/","name":"Gustav Klimt - Sunflower - SVETSLIK.SI - Dipinti a mano al 100%","isPartOf":{"@id":"https:\/\/svetslik.si\/it\/#website"},"primaryImageOfPage":{"@id":"https:\/\/svetslik.si\/it\/gustav-klimt\/sunflower\/#primaryimage"},"image":{"@id":"https:\/\/svetslik.si\/it\/gustav-klimt\/sunflower\/#primaryimage"},"thumbnailUrl":"https:\/\/svetslik.si\/wp-content\/uploads\/2021\/09\/The-Sunflower-Vintage-Painting-Gustav-Klimt-Reprodukcija.jpg","datePublished":"2021-09-02T16:24:18+00:00","dateModified":"2026-03-22T21:00:32+00:00","description":"Gustav Klimt - Sunflower - Riproduzioni di quadri d'arte dipinte a mano al 100% su tela. Cornici per quadri, vendita e produzione di dimensioni su ordinazione.","breadcrumb":{"@id":"https:\/\/svetslik.si\/it\/gustav-klimt\/sunflower\/#breadcrumb"},"inLanguage":"it-IT","potentialAction":[{"@type":"ReadAction","target":["https:\/\/svetslik.si\/it\/gustav-klimt\/sunflower\/"]}]},{"@type":"ImageObject","inLanguage":"it-IT","@id":"https:\/\/svetslik.si\/it\/gustav-klimt\/sunflower\/#primaryimage","url":"https:\/\/svetslik.si\/wp-content\/uploads\/2021\/09\/The-Sunflower-Vintage-Painting-Gustav-Klimt-Reprodukcija.jpg","contentUrl":"https:\/\/svetslik.si\/wp-content\/uploads\/2021\/09\/The-Sunflower-Vintage-Painting-Gustav-Klimt-Reprodukcija.jpg","width":875,"height":900,"caption":"The Sunflower (Vintage Painting) - Gustav Klimt | Reprodukcija"},{"@type":"BreadcrumbList","@id":"https:\/\/svetslik.si\/it\/gustav-klimt\/sunflower\/#breadcrumb","itemListElement":[{"@type":"ListItem","position":1,"name":"Fali m\u0171v\u00e9szet \u00e9s festm\u00e9nyek v\u00e1szonra","item":"https:\/\/svetslik.si\/it\/"},{"@type":"ListItem","position":2,"name":"Vendita di dipinti","item":"https:\/\/svetslik.si\/prodaja-slik\/"},{"@type":"ListItem","position":3,"name":"Gustav Klimt &#8211; Sunflower"}]},{"@type":"WebSite","@id":"https:\/\/svetslik.si\/it\/#website","url":"https:\/\/svetslik.si\/it\/","name":"SVETSLIK.SI","description":"100% riproduzioni dipinte a mano di quadri di pittori famosi e dipinti su tela.","publisher":{"@id":"https:\/\/svetslik.si\/it\/#organization"},"potentialAction":[{"@type":"SearchAction","target":{"@type":"EntryPoint","urlTemplate":"https:\/\/svetslik.si\/it\/?s={search_term_string}"},"query-input":{"@type":"PropertyValueSpecification","valueRequired":true,"valueName":"search_term_string"}}],"inLanguage":"it-IT"},{"@type":"Organization","@id":"https:\/\/svetslik.si\/it\/#organization","name":"SvetSlik.si","url":"https:\/\/svetslik.si\/it\/","logo":{"@type":"ImageObject","inLanguage":"it-IT","@id":"https:\/\/svetslik.si\/it\/#\/schema\/logo\/image\/","url":"https:\/\/svetslik.si\/wp-content\/uploads\/2020\/12\/logo-512.png","contentUrl":"https:\/\/svetslik.si\/wp-content\/uploads\/2020\/12\/logo-512.png","width":512,"height":512,"caption":"SvetSlik.si"},"image":{"@id":"https:\/\/svetslik.si\/it\/#\/schema\/logo\/image\/"},"sameAs":["https:\/\/www.facebook.com\/svetslik.si","https:\/\/x.com\/svetslik","https:\/\/www.instagram.com\/svetslik.si\/","https:\/\/www.linkedin.com\/company\/svetslik-si"]}]},"og_availability":"backorder","product_availability":"available for order","product_retailer_item_id":"562__","product_condition":"new"},"jetpack_sharing_enabled":true,"_links":{"self":[{"href":"https:\/\/svetslik.si\/it\/wp-json\/wp\/v2\/product\/40836","targetHints":{"allow":["GET"]}}],"collection":[{"href":"https:\/\/svetslik.si\/it\/wp-json\/wp\/v2\/product"}],"about":[{"href":"https:\/\/svetslik.si\/it\/wp-json\/wp\/v2\/types\/product"}],"wp:featuredmedia":[{"embeddable":true,"href":"https:\/\/svetslik.si\/it\/wp-json\/wp\/v2\/media\/94371"}],"wp:attachment":[{"href":"https:\/\/svetslik.si\/it\/wp-json\/wp\/v2\/media?parent=40836"}],"wp:term":[{"taxonomy":"product_brand","embeddable":true,"href":"https:\/\/svetslik.si\/it\/wp-json\/wp\/v2\/product_brand?post=40836"},{"taxonomy":"product_cat","embeddable":true,"href":"https:\/\/svetslik.si\/it\/wp-json\/wp\/v2\/product_cat?post=40836"},{"taxonomy":"product_tag","embeddable":true,"href":"https:\/\/svetslik.si\/it\/wp-json\/wp\/v2\/product_tag?post=40836"}],"curies":[{"name":"wp","href":"https:\/\/api.w.org\/{rel}","templated":true}]}}